{"id":12090,"date":"2019-07-17T19:32:20","date_gmt":"2019-07-17T18:32:20","guid":{"rendered":"https:\/\/www.meprolim.es\/vermietung\/"},"modified":"2020-03-04T11:35:25","modified_gmt":"2020-03-04T11:35:25","slug":"vermietung","status":"publish","type":"page","link":"https:\/\/meprolim.es\/de\/vermietung\/","title":{"rendered":"Vermietung"},"content":{"rendered":"<div class=\"wpb-content-wrapper\"><p>[vc_row][vc_column width=&#8221;4\/6&#8243;][vc_custom_heading text=&#8221;Vermietung von Maschinen, Slam Machinery Hire&#8221; use_theme_fonts=&#8221;yes&#8221;][vc_column_text css=&#8221;.vc_custom_1568368202834{padding-right: 30px !important;}&#8221;]<\/p>\n<p style=\"text-align: justify;\"><strong>Slam<\/strong>, bietet Ihnen alle Reinigungsmaschinen an, die Sie ben\u00f6tigen um s\u00e4mtliche S\u00e4uberungsarbeiten in k\u00fcrzester Zeit zu l\u00f6sen und durchzuf\u00fchren. Wir verf\u00fcgen zum S\u00e4ubern \u00fcber alle notwendigen Materialien (Chemikalien, T\u00fccher, Scheuermittel\u2026).<\/p>\n<p style=\"text-align: justify;\">Wenn Sie eines unserer Produkte mieten m\u00f6chten, fordern Sie \u00fcber das Formular Auskunft an. Wir werden uns so schnell wie m\u00f6glich mit Ihnen in Verbindung setzen um alle Ihre Fragen zu beantworten und Ihnen die besten L\u00f6sungen anzubieten.<\/p>\n<p>&nbsp;<\/p>\n<p>[\/vc_column_text][vc_single_image image=&#8221;10582&#8243; img_size=&#8221;500&#215;320&#8243; css=&#8221;.vc_custom_1568574707863{margin-top: 30px !important;margin-bottom: 20px !important;}&#8221;][\/vc_column][vc_column width=&#8221;2\/6&#8243;]\n<div class=\"wpcf7 no-js\" id=\"wpcf7-f20579-o1\" lang=\"es-ES\" dir=\"ltr\" data-wpcf7-id=\"20579\">\n<div class=\"screen-reader-response\"><p role=\"status\" aria-live=\"polite\" aria-atomic=\"true\"><\/p> <ul><\/ul><\/div>\n<form action=\"\/de\/wp-json\/wp\/v2\/pages\/12090#wpcf7-f20579-o1\" method=\"post\" class=\"wpcf7-form init\" aria-label=\"Formulario de contacto\" novalidate=\"novalidate\" data-status=\"init\">\n<fieldset class=\"hidden-fields-container\"><input type=\"hidden\" name=\"_wpcf7\" value=\"20579\" \/><input type=\"hidden\" name=\"_wpcf7_version\" value=\"6.1.5\" \/><input type=\"hidden\" name=\"_wpcf7_locale\" value=\"es_ES\" \/><input type=\"hidden\" name=\"_wpcf7_unit_tag\" value=\"wpcf7-f20579-o1\" \/><input type=\"hidden\" name=\"_wpcf7_container_post\" value=\"0\" \/><input type=\"hidden\" name=\"_wpcf7_posted_data_hash\" value=\"\" \/><input type=\"hidden\" name=\"_wpcf7_recaptcha_response\" value=\"\" \/>\n<\/fieldset>\n<p><label> Name (erforderlich)<br \/>\n<span class=\"wpcf7-form-control-wrap\" data-name=\"your-name\"><input size=\"40\" maxlength=\"400\" class=\"wpcf7-form-control wpcf7-text wpcf7-validates-as-required\" aria-required=\"true\" aria-invalid=\"false\" value=\"\" type=\"text\" name=\"your-name\" \/><\/span> <\/label>\n<\/p>\n<p><label> Telefonnummer (erforderlich)<br \/>\n<span class=\"wpcf7-form-control-wrap\" data-name=\"telefono\"><input size=\"40\" maxlength=\"400\" class=\"wpcf7-form-control wpcf7-text wpcf7-validates-as-required\" aria-required=\"true\" aria-invalid=\"false\" value=\"\" type=\"text\" name=\"telefono\" \/><\/span> <\/label>\n<\/p>\n<p><label> E-Mail (erforderlich)<br \/>\n<span class=\"wpcf7-form-control-wrap\" data-name=\"your-email\"><input size=\"40\" maxlength=\"400\" class=\"wpcf7-form-control wpcf7-email wpcf7-validates-as-required wpcf7-text wpcf7-validates-as-email\" aria-required=\"true\" aria-invalid=\"false\" value=\"\" type=\"email\" name=\"your-email\" \/><\/span> <\/label>\n<\/p>\n<p><label> Angelegenheit<br \/>\n<span class=\"wpcf7-form-control-wrap\" data-name=\"your-subject\"><input size=\"40\" maxlength=\"400\" class=\"wpcf7-form-control wpcf7-text\" aria-invalid=\"false\" value=\"\" type=\"text\" name=\"your-subject\" \/><\/span> <\/label>\n<\/p>\n<p><label> Nachricht<br \/>\n<span class=\"wpcf7-form-control-wrap\" data-name=\"your-message\"><textarea cols=\"40\" rows=\"10\" maxlength=\"2000\" class=\"wpcf7-form-control wpcf7-textarea\" aria-invalid=\"false\" name=\"your-message\"><\/textarea><\/span> <\/label>\n<\/p>\n<p><label> <span class=\"wpcf7-form-control-wrap\" data-name=\"pol-priv\"><span class=\"wpcf7-form-control wpcf7-acceptance\"><span class=\"wpcf7-list-item\"><label><input type=\"checkbox\" name=\"pol-priv\" value=\"1\" aria-invalid=\"false\" \/><span class=\"wpcf7-list-item-label\">Ich habe die <a rel=\"nofollow\" href=\"https:\/\/meprolim.es\/de\/datenschutzerklaerung\/\">Datenschutzbestimmungen<\/a> gelesen und akzeptiere sie.<\/span><\/label><\/span><\/span><\/span> <\/label>\n<\/p>\n<p><input class=\"wpcf7-form-control wpcf7-submit has-spinner\" type=\"submit\" value=\"Senden\" \/>\n<\/p><div class=\"wpcf7-response-output\" aria-hidden=\"true\"><\/div>\n<\/form>\n<\/div>\n[\/vc_column][\/vc_row][vc_row css=&#8221;.vc_custom_1568370261502{margin-top: 40px !important;}&#8221;][vc_column][vc_text_separator title=&#8221;EQUIPOS EN ALQUILER&#8221; i_type=&#8221;linecons&#8221; i_icon_linecons=&#8221;vc_li vc_li-star&#8221; css_animation=&#8221;slideInDown&#8221; add_icon=&#8221;true&#8221; css=&#8221;.vc_custom_1568370702493{margin-top: 40px !important;}&#8221;][vc_row_inner css=&#8221;.vc_custom_1568370330999{margin-top: 40px !important;margin-bottom: 30px !important;}&#8221;][vc_column_inner width=&#8221;1\/4&#8243;][vc_hoverbox image=&#8221;5504&#8243; primary_title=&#8221;&#8221; hover_title=&#8221;Kehrmaschinen&#8221; css=&#8221;.vc_custom_1568378152424{margin-top: 10px !important;padding-bottom: 10px !important;}&#8221;]Mit Mann zu Fu\u00df oder im Sitzen, mit Batterien oder Kraftstoff und mit einer Arbeitskapazit\u00e4t von 500 bis 30.000 m2.<\/p>\n<p>[\/vc_hoverbox][\/vc_column_inner][vc_column_inner width=&#8221;1\/4&#8243;][vc_hoverbox image=&#8221;5478&#8243; primary_title=&#8221;&#8221; hover_title=&#8221;Staubsauger&#8221; css=&#8221;.vc_custom_1568378168624{margin-top: 10px !important;margin-bottom: 10px !important;}&#8221;]Leistungsstarke VAKUUMREINIGER zur Reinigung (Industrie, Haushalt, Staub, Wasserstaub, &#8230;) mit verschiedenen Zubeh\u00f6rteilen und B\u00fcrsten.<\/p>\n<p>[\/vc_hoverbox][\/vc_column_inner][vc_column_inner width=&#8221;1\/4&#8243;][vc_hoverbox image=&#8221;5441&#8243; primary_title=&#8221;&#8221; hover_title=&#8221;Hochdruckreiniger&#8221; css=&#8221;.vc_custom_1568378182543{margin-top: 10px !important;margin-bottom: 10px !important;}&#8221;]Mit kaltem oder hei\u00dfem Druckwasser, autonom oder elektrisch, einphasig oder dreiphasig, mit einem Druck von 120 bis 220 bar, um die Dosierung des Waschmittels zu erm\u00f6glichen.<\/p>\n<p>[\/vc_hoverbox][\/vc_column_inner][vc_column_inner width=&#8221;1\/4&#8243;][vc_hoverbox image=&#8221;5669&#8243; primary_title=&#8221;&#8221; hover_title=&#8221;Dampferzeuger&#8221; css=&#8221;.vc_custom_1568378192094{margin-top: 10px !important;margin-bottom: 10px !important;}&#8221;]Bis zu 160 \u00b0 C Temperatur und automatische Wasseraufladung.<\/p>\n<p>[\/vc_hoverbox][\/vc_column_inner][\/vc_row_inner][vc_row_inner][vc_column_inner width=&#8221;1\/4&#8243;][vc_hoverbox image=&#8221;5377&#8243; primary_title=&#8221;&#8221; hover_title=&#8221;W\u00e4scher &#8211; Trockner&#8221; css=&#8221;.vc_custom_1568378200986{margin-top: 10px !important;margin-bottom: 10px !important;}&#8221;]Mit Mann zu Fu\u00df oder im Sitzen (10 verschiedene Modelle). Autonom (Batterien) oder elektrisch. Kapazit\u00e4t von 600 bis 30.000 m2.<\/p>\n<p>[\/vc_hoverbox][\/vc_column_inner][vc_column_inner width=&#8221;1\/4&#8243;][vc_hoverbox image=&#8221;5743&#8243; primary_title=&#8221;&#8221; hover_title=&#8221;Kristallisatoren&#8221; css=&#8221;.vc_custom_1568378210800{margin-top: 10px !important;margin-bottom: 10px !important;}&#8221;]Zum Kristallisieren, Polieren, Abziehen und Schrubben aller Arten von Oberfl\u00e4chen. 43 bis 51 cm Arbeitsbreite und mit einem Gewicht von 50 kg.<\/p>\n<p>[\/vc_hoverbox][\/vc_column_inner][vc_column_inner width=&#8221;1\/4&#8243;][vc_hoverbox image=&#8221;5707&#8243; primary_title=&#8221;&#8221; hover_title=&#8221;Polierer&#8221; css=&#8221;.vc_custom_1568378221926{margin-top: 10px !important;margin-bottom: 10px !important;}&#8221;]Zum Polieren von Terrazzo, Marmor, Granit oder Zement. Harze entfernen und dem Zement Farbe verleihen. Mit Diamantensystemen und Buschhammer wert.<\/p>\n<p>[\/vc_hoverbox][\/vc_column_inner][vc_column_inner width=&#8221;1\/4&#8243;][vc_hoverbox image=&#8221;5570&#8243; primary_title=&#8221;&#8221; hover_title=&#8221;Geschirrsp\u00fcler&#8221; css=&#8221;.vc_custom_1568378230188{margin-top: 10px !important;padding-bottom: 10px !important;}&#8221;]Injektionsextraktion und trockener Schaum mit rotierender B\u00fcrste. Boden- und Polsterd\u00fcsen. Teppichventilator, der die Trocknungszeit um 60% reduziert.<\/p>\n<p>[\/vc_hoverbox][\/vc_column_inner][\/vc_row_inner][\/vc_column][\/vc_row][vc_row css=&#8221;.vc_custom_1568370716159{margin-top: 40px !important;}&#8221;][vc_column][vc_text_separator title=&#8221;SERVICIOS&#8221; i_type=&#8221;linecons&#8221; i_icon_linecons=&#8221;vc_li vc_li-like&#8221; css_animation=&#8221;slideInDown&#8221; add_icon=&#8221;true&#8221; css=&#8221;.vc_custom_1568370782000{margin-top: 40px !important;}&#8221;][\/vc_column][\/vc_row][vc_row][vc_column width=&#8221;1\/6&#8243;][vc_icon type=&#8221;linecons&#8221; icon_linecons=&#8221;vc_li vc_li-paperplane&#8221; align=&#8221;center&#8221;][\/vc_column][vc_column width=&#8221;5\/6&#8243;][vc_column_text]<\/p>\n<ul>\n<li style=\"text-align: justify;\"><strong>HAUSLIEFERUNG UND ABHOLUNG<br \/>\n<\/strong>Aufgrund der gro\u03b2en Dimensionen einiger Maschinen und, um Ihnen die Arbeit zu erleichtern, bieten wir Ihnen die M\u00f6glichkeit die Maschinen bis zu Ihrem Wohnsitz zu bringen und wieder abzuholen.<\/li>\n<\/ul>\n<div>\n<p style=\"text-align: justify;\">\n<\/div>\n<p>&nbsp;<\/p>\n<p>[\/vc_column_text][\/vc_column][\/vc_row][vc_row][vc_column width=&#8221;1\/6&#8243;][vc_icon type=&#8221;linecons&#8221; icon_linecons=&#8221;vc_li vc_li-diamond&#8221; align=&#8221;center&#8221;][\/vc_column][vc_column width=&#8221;5\/6&#8243;][vc_column_text]<\/p>\n<ul>\n<li style=\"text-align: justify;\"><strong>GARANTIE<br \/>\n<\/strong>Wir garantieren, da\u03b2 die Reinigungsmaschinen vollst\u00e4ndig gepr\u00fcft und in einem einwandfreien Zustand sind.<\/li>\n<\/ul>\n<div>\n<p style=\"text-align: justify;\">\n<\/div>\n<p>&nbsp;<\/p>\n<p>[\/vc_column_text][\/vc_column][\/vc_row][vc_row][vc_column width=&#8221;1\/6&#8243;][vc_icon type=&#8221;linecons&#8221; align=&#8221;center&#8221;][\/vc_column][vc_column width=&#8221;5\/6&#8243;][vc_column_text]<\/p>\n<ul>\n<li style=\"text-align: justify;\"><strong>BERATUNG<br \/>\n<\/strong>Dank unserer langj\u00e4hrigen Erfahrung in diesem Bereich, k\u00f6nnen wir Sie bei der Auswahl der f\u00fcr Ihre Arbeit am besten geeigneten Maschinen beraten.<\/li>\n<\/ul>\n<p>&nbsp;<\/p>\n<p>[\/vc_column_text][\/vc_column][\/vc_row][vc_row][vc_column css=&#8221;.vc_custom_1568378341345{margin-top: 10px !important;}&#8221;][vc_column_text]<\/p>\n<p style=\"text-align: justify;\"><span style=\"text-align: justify;\">Unser Mietservice f\u00fcr Reinigungsmaschinen verf\u00fcgt \u00fcber die von Fachleuten am h\u00e4ufigsten verwendeten Werkzeuge, mit denen Sie Ihre Arbeit bequemer und effektiver ausf\u00fchren k\u00f6nnen.<\/span><\/p>\n<p>&nbsp;<\/p>\n<p>[\/vc_column_text][\/vc_column][\/vc_row]<\/p>\n<\/div>","protected":false},"excerpt":{"rendered":"<p>[vc_row][vc_column width=&#8221;4\/6&#8243;][vc_custom_heading text=&#8221;Vermietung von Maschinen, Slam Machinery Hire&#8221; use_theme_fonts=&#8221;yes&#8221;][vc_column_text css=&#8221;.vc_custom_1568368202834{padding-right: 30px !important;}&#8221;] Slam, bietet Ihnen alle Reinigungsmaschinen an, die Sie ben\u00f6tigen um s\u00e4mtliche S\u00e4uberungsarbeiten in k\u00fcrzester Zeit zu l\u00f6sen und<\/p>\n","protected":false},"author":6,"featured_media":0,"parent":0,"menu_order":3,"comment_status":"closed","ping_status":"closed","template":"","meta":{"footnotes":""},"class_list":["post-12090","page","type-page","status-publish","hentry"],"yoast_head":"<!-- This site is optimized with the Yoast SEO plugin v27.3 - https:\/\/yoast.com\/product\/yoast-seo-wordpress\/ -->\n<title>Vermietung - Meprolim<\/title>\n<meta name=\"robots\" content=\"index, follow, max-snippet:-1, max-image-preview:large, max-video-preview:-1\" \/>\n<link rel=\"canonical\" href=\"https:\/\/meprolim.es\/de\/vermietung\/\" \/>\n<meta property=\"og:locale\" content=\"de_DE\" \/>\n<meta property=\"og:type\" content=\"article\" \/>\n<meta property=\"og:title\" content=\"Vermietung - Meprolim\" \/>\n<meta property=\"og:description\" content=\"[vc_row][vc_column width=&#8221;4\/6&#8243;][vc_custom_heading text=&#8221;Vermietung von Maschinen, Slam Machinery Hire&#8221; use_theme_fonts=&#8221;yes&#8221;][vc_column_text css=&#8221;.vc_custom_1568368202834{padding-right: 30px !important;}&#8221;] Slam, bietet Ihnen alle Reinigungsmaschinen an, die Sie ben\u00f6tigen um s\u00e4mtliche S\u00e4uberungsarbeiten in k\u00fcrzester Zeit zu l\u00f6sen und\" \/>\n<meta property=\"og:url\" content=\"https:\/\/meprolim.es\/de\/vermietung\/\" \/>\n<meta property=\"og:site_name\" content=\"Meprolim\" \/>\n<meta property=\"article:modified_time\" content=\"2020-03-04T11:35:25+00:00\" \/>\n<meta name=\"twitter:card\" content=\"summary_large_image\" \/>\n<meta name=\"twitter:label1\" content=\"Gesch\u00e4tzte Lesezeit\" \/>\n\t<meta name=\"twitter:data1\" content=\"4\u00a0Minuten\" \/>\n<script type=\"application\/ld+json\" class=\"yoast-schema-graph\">{\"@context\":\"https:\\\/\\\/schema.org\",\"@graph\":[{\"@type\":\"WebPage\",\"@id\":\"https:\\\/\\\/meprolim.es\\\/de\\\/vermietung\\\/\",\"url\":\"https:\\\/\\\/meprolim.es\\\/de\\\/vermietung\\\/\",\"name\":\"Vermietung - Meprolim\",\"isPartOf\":{\"@id\":\"https:\\\/\\\/meprolim.es\\\/fr\\\/#website\"},\"datePublished\":\"2019-07-17T18:32:20+00:00\",\"dateModified\":\"2020-03-04T11:35:25+00:00\",\"breadcrumb\":{\"@id\":\"https:\\\/\\\/meprolim.es\\\/de\\\/vermietung\\\/#breadcrumb\"},\"inLanguage\":\"de\",\"potentialAction\":[{\"@type\":\"ReadAction\",\"target\":[\"https:\\\/\\\/meprolim.es\\\/de\\\/vermietung\\\/\"]}]},{\"@type\":\"BreadcrumbList\",\"@id\":\"https:\\\/\\\/meprolim.es\\\/de\\\/vermietung\\\/#breadcrumb\",\"itemListElement\":[{\"@type\":\"ListItem\",\"position\":1,\"name\":\"Portada\",\"item\":\"https:\\\/\\\/meprolim.es\\\/de\\\/\"},{\"@type\":\"ListItem\",\"position\":2,\"name\":\"Vermietung\"}]},{\"@type\":\"WebSite\",\"@id\":\"https:\\\/\\\/meprolim.es\\\/fr\\\/#website\",\"url\":\"https:\\\/\\\/meprolim.es\\\/fr\\\/\",\"name\":\"Meprolim\",\"description\":\"Cavas Catalanas S.L.\",\"publisher\":{\"@id\":\"https:\\\/\\\/meprolim.es\\\/fr\\\/#organization\"},\"potentialAction\":[{\"@type\":\"SearchAction\",\"target\":{\"@type\":\"EntryPoint\",\"urlTemplate\":\"https:\\\/\\\/meprolim.es\\\/fr\\\/?s={search_term_string}\"},\"query-input\":{\"@type\":\"PropertyValueSpecification\",\"valueRequired\":true,\"valueName\":\"search_term_string\"}}],\"inLanguage\":\"de\"},{\"@type\":\"Organization\",\"@id\":\"https:\\\/\\\/meprolim.es\\\/fr\\\/#organization\",\"name\":\"Meprolim\",\"url\":\"https:\\\/\\\/meprolim.es\\\/fr\\\/\",\"logo\":{\"@type\":\"ImageObject\",\"inLanguage\":\"de\",\"@id\":\"https:\\\/\\\/meprolim.es\\\/fr\\\/#\\\/schema\\\/logo\\\/image\\\/\",\"url\":\"https:\\\/\\\/meprolim.es\\\/wp-content\\\/uploads\\\/2019\\\/07\\\/cropped-logo2.png\",\"contentUrl\":\"https:\\\/\\\/meprolim.es\\\/wp-content\\\/uploads\\\/2019\\\/07\\\/cropped-logo2.png\",\"width\":401,\"height\":162,\"caption\":\"Meprolim\"},\"image\":{\"@id\":\"https:\\\/\\\/meprolim.es\\\/fr\\\/#\\\/schema\\\/logo\\\/image\\\/\"}}]}<\/script>\n<!-- \/ Yoast SEO plugin. -->","yoast_head_json":{"title":"Vermietung - Meprolim","robots":{"index":"index","follow":"follow","max-snippet":"max-snippet:-1","max-image-preview":"max-image-preview:large","max-video-preview":"max-video-preview:-1"},"canonical":"https:\/\/meprolim.es\/de\/vermietung\/","og_locale":"de_DE","og_type":"article","og_title":"Vermietung - Meprolim","og_description":"[vc_row][vc_column width=&#8221;4\/6&#8243;][vc_custom_heading text=&#8221;Vermietung von Maschinen, Slam Machinery Hire&#8221; use_theme_fonts=&#8221;yes&#8221;][vc_column_text css=&#8221;.vc_custom_1568368202834{padding-right: 30px !important;}&#8221;] Slam, bietet Ihnen alle Reinigungsmaschinen an, die Sie ben\u00f6tigen um s\u00e4mtliche S\u00e4uberungsarbeiten in k\u00fcrzester Zeit zu l\u00f6sen und","og_url":"https:\/\/meprolim.es\/de\/vermietung\/","og_site_name":"Meprolim","article_modified_time":"2020-03-04T11:35:25+00:00","twitter_card":"summary_large_image","twitter_misc":{"Gesch\u00e4tzte Lesezeit":"4\u00a0Minuten"},"schema":{"@context":"https:\/\/schema.org","@graph":[{"@type":"WebPage","@id":"https:\/\/meprolim.es\/de\/vermietung\/","url":"https:\/\/meprolim.es\/de\/vermietung\/","name":"Vermietung - Meprolim","isPartOf":{"@id":"https:\/\/meprolim.es\/fr\/#website"},"datePublished":"2019-07-17T18:32:20+00:00","dateModified":"2020-03-04T11:35:25+00:00","breadcrumb":{"@id":"https:\/\/meprolim.es\/de\/vermietung\/#breadcrumb"},"inLanguage":"de","potentialAction":[{"@type":"ReadAction","target":["https:\/\/meprolim.es\/de\/vermietung\/"]}]},{"@type":"BreadcrumbList","@id":"https:\/\/meprolim.es\/de\/vermietung\/#breadcrumb","itemListElement":[{"@type":"ListItem","position":1,"name":"Portada","item":"https:\/\/meprolim.es\/de\/"},{"@type":"ListItem","position":2,"name":"Vermietung"}]},{"@type":"WebSite","@id":"https:\/\/meprolim.es\/fr\/#website","url":"https:\/\/meprolim.es\/fr\/","name":"Meprolim","description":"Cavas Catalanas S.L.","publisher":{"@id":"https:\/\/meprolim.es\/fr\/#organization"},"potentialAction":[{"@type":"SearchAction","target":{"@type":"EntryPoint","urlTemplate":"https:\/\/meprolim.es\/fr\/?s={search_term_string}"},"query-input":{"@type":"PropertyValueSpecification","valueRequired":true,"valueName":"search_term_string"}}],"inLanguage":"de"},{"@type":"Organization","@id":"https:\/\/meprolim.es\/fr\/#organization","name":"Meprolim","url":"https:\/\/meprolim.es\/fr\/","logo":{"@type":"ImageObject","inLanguage":"de","@id":"https:\/\/meprolim.es\/fr\/#\/schema\/logo\/image\/","url":"https:\/\/meprolim.es\/wp-content\/uploads\/2019\/07\/cropped-logo2.png","contentUrl":"https:\/\/meprolim.es\/wp-content\/uploads\/2019\/07\/cropped-logo2.png","width":401,"height":162,"caption":"Meprolim"},"image":{"@id":"https:\/\/meprolim.es\/fr\/#\/schema\/logo\/image\/"}}]}},"_links":{"self":[{"href":"https:\/\/meprolim.es\/de\/wp-json\/wp\/v2\/pages\/12090","targetHints":{"allow":["GET"]}}],"collection":[{"href":"https:\/\/meprolim.es\/de\/wp-json\/wp\/v2\/pages"}],"about":[{"href":"https:\/\/meprolim.es\/de\/wp-json\/wp\/v2\/types\/page"}],"author":[{"embeddable":true,"href":"https:\/\/meprolim.es\/de\/wp-json\/wp\/v2\/users\/6"}],"replies":[{"embeddable":true,"href":"https:\/\/meprolim.es\/de\/wp-json\/wp\/v2\/comments?post=12090"}],"version-history":[{"count":4,"href":"https:\/\/meprolim.es\/de\/wp-json\/wp\/v2\/pages\/12090\/revisions"}],"predecessor-version":[{"id":20718,"href":"https:\/\/meprolim.es\/de\/wp-json\/wp\/v2\/pages\/12090\/revisions\/20718"}],"wp:attachment":[{"href":"https:\/\/meprolim.es\/de\/wp-json\/wp\/v2\/media?parent=12090"}],"curies":[{"name":"wp","href":"https:\/\/api.w.org\/{rel}","templated":true}]}}