{"id":12101,"date":"2016-03-09T06:02:55","date_gmt":"2016-03-09T06:02:55","guid":{"rendered":"https:\/\/www.meprolim.es\/kontact\/"},"modified":"2020-03-04T11:51:53","modified_gmt":"2020-03-04T11:51:53","slug":"kontakt","status":"publish","type":"page","link":"https:\/\/meprolim.es\/de\/kontakt\/","title":{"rendered":"Kontakt"},"content":{"rendered":"<div class=\"wpb-content-wrapper\"><p>[vc_row][vc_column width=&#8221;3\/4&#8243; el_class=&#8221;contact-form&#8221;][vc_column_text css=&#8221;.vc_custom_1570608683578{margin-bottom: 60px !important;}&#8221;]<\/p>\n<h2 class=\"contact-page-title\">Hinterlassen Sie eine Nachricht!<\/h2>\n<p style=\"text-align: justify;\">Haben Sie eine Frage zu unseren Produkten? Ben\u00f6tigen Sie Hilfe zu einer Bestellung oder m\u00f6chten Sie ein Angebot anfordern? Z\u00f6gern Sie nicht, wenden Sie sich an uns. Wir stehen Ihnen gerne zur Verf\u00fcgung um alle Ihre Fragen so schnell wie m\u00f6glich zu beantworten.<\/p>\n<p style=\"text-align: justify;\">Denken Sie daran, Meprolim ist Ihre Firma f\u00fcr <strong>integrale Reinigungsl\u00f6sungen<\/strong>.<\/p>\n<p>&nbsp;<\/p>\n<p><span style=\"text-decoration: underline;\">F\u00dcR DAS PUBLIKUM VON MONTAG BIS FREITAG VON 7:00 BIS 15:00 UHR GE\u00d6FFNET.<\/span><\/p>\n<p>&nbsp;<\/p>\n<p>&nbsp;<\/p>\n<p>[\/vc_column_text]\n<div class=\"wpcf7 no-js\" id=\"wpcf7-f12100-o1\" lang=\"es-ES\" dir=\"ltr\" data-wpcf7-id=\"12100\">\n<div class=\"screen-reader-response\"><p role=\"status\" aria-live=\"polite\" aria-atomic=\"true\"><\/p> <ul><\/ul><\/div>\n<form action=\"\/de\/wp-json\/wp\/v2\/pages\/12101#wpcf7-f12100-o1\" method=\"post\" class=\"wpcf7-form init\" aria-label=\"Formulario de contacto\" novalidate=\"novalidate\" data-status=\"init\">\n<fieldset class=\"hidden-fields-container\"><input type=\"hidden\" name=\"_wpcf7\" value=\"12100\" \/><input type=\"hidden\" name=\"_wpcf7_version\" value=\"6.1.5\" \/><input type=\"hidden\" name=\"_wpcf7_locale\" value=\"es_ES\" \/><input type=\"hidden\" name=\"_wpcf7_unit_tag\" value=\"wpcf7-f12100-o1\" \/><input type=\"hidden\" name=\"_wpcf7_container_post\" value=\"0\" \/><input type=\"hidden\" name=\"_wpcf7_posted_data_hash\" value=\"\" \/><input type=\"hidden\" name=\"_wpcf7_recaptcha_response\" value=\"\" \/>\n<\/fieldset>\n<p><label> Name und Nachname (erforderlich)<br \/>\n<span class=\"wpcf7-form-control-wrap\" data-name=\"nombre\"><input size=\"40\" maxlength=\"400\" class=\"wpcf7-form-control wpcf7-text wpcf7-validates-as-required\" aria-required=\"true\" aria-invalid=\"false\" value=\"\" type=\"text\" name=\"nombre\" \/><\/span> <\/label>\n<\/p>\n<p><label> Telefonnummer (erforderlich)<br \/>\n<span class=\"wpcf7-form-control-wrap\" data-name=\"telefono\"><input size=\"40\" maxlength=\"400\" class=\"wpcf7-form-control wpcf7-text wpcf7-validates-as-required\" aria-required=\"true\" aria-invalid=\"false\" value=\"\" type=\"text\" name=\"telefono\" \/><\/span> <\/label>\n<\/p>\n<p><label> Unternehmen (erforderlich)<br \/>\n<span class=\"wpcf7-form-control-wrap\" data-name=\"empresa\"><input size=\"40\" maxlength=\"400\" class=\"wpcf7-form-control wpcf7-text wpcf7-validates-as-required\" aria-required=\"true\" aria-invalid=\"false\" value=\"\" type=\"text\" name=\"empresa\" \/><\/span> <\/label>\n<\/p>\n<p><label> Email (erforderlich)<br \/>\n<span class=\"wpcf7-form-control-wrap\" data-name=\"correo\"><input size=\"40\" maxlength=\"400\" class=\"wpcf7-form-control wpcf7-email wpcf7-validates-as-required wpcf7-text wpcf7-validates-as-email\" aria-required=\"true\" aria-invalid=\"false\" value=\"\" type=\"email\" name=\"correo\" \/><\/span> <\/label>\n<\/p>\n<p><label> Insel (erforderlich)<br \/>\n<span class=\"wpcf7-form-control-wrap\" data-name=\"your-recipient\"><select class=\"wpcf7-form-control wpcf7-select wpcf7-validates-as-required input-text\" aria-required=\"true\" aria-invalid=\"false\" name=\"your-recipient\"><option value=\"Gran Canaria\">Gran Canaria<\/option><option value=\"Fuertevenura\">Fuertevenura<\/option><option value=\"Lanzarote\">Lanzarote<\/option><option value=\"Tenerife\">Tenerife<\/option><option value=\"La Palma\">La Palma<\/option><option value=\"La Gomera\">La Gomera<\/option><option value=\"El Hierro\">El Hierro<\/option><\/select><\/span><\/label>\n<\/p>\n<p><label> Postleitzahl (erforderlich)<br \/>\n<span class=\"wpcf7-form-control-wrap\" data-name=\"codigo\"><input size=\"40\" maxlength=\"400\" class=\"wpcf7-form-control wpcf7-text wpcf7-validates-as-required\" aria-required=\"true\" aria-invalid=\"false\" value=\"\" type=\"text\" name=\"codigo\" \/><\/span> <\/label>\n<\/p>\n<p><label> Nachricht<br \/>\n<span class=\"wpcf7-form-control-wrap\" data-name=\"comentarios\"><textarea cols=\"40\" rows=\"10\" maxlength=\"2000\" class=\"wpcf7-form-control wpcf7-textarea\" aria-invalid=\"false\" name=\"comentarios\"><\/textarea><\/span> <\/label>\n<\/p>\n<p><label> <span class=\"wpcf7-form-control-wrap\" data-name=\"pol-priv\"><span class=\"wpcf7-form-control wpcf7-acceptance\"><span class=\"wpcf7-list-item\"><label><input type=\"checkbox\" name=\"pol-priv\" value=\"1\" aria-invalid=\"false\" \/><span class=\"wpcf7-list-item-label\">Ich habe die <a rel=\"nofollow\" href=\"https:\/\/meprolim.es\/de\/datenschutzerklaerung\/\">Datenschutzbestimmungen<\/a> gelesen und akzeptiere sie.<\/span><\/label><\/span><\/span><\/span> <\/label><br \/>\n<input class=\"wpcf7-form-control wpcf7-hidden\" value=\"\" type=\"hidden\" name=\"prod\" \/><br \/>\n<input class=\"wpcf7-form-control wpcf7-hidden\" value=\"\" type=\"hidden\" name=\"url\" \/><br \/>\n<input class=\"wpcf7-form-control wpcf7-submit has-spinner\" type=\"submit\" value=\"Senden\" \/>\n<\/p><div class=\"wpcf7-response-output\" aria-hidden=\"true\"><\/div>\n<\/form>\n<\/div>\n[\/vc_column][vc_column width=&#8221;1\/4&#8243; el_class=&#8221;store-info&#8221;][vc_column_text]<\/p>\n<h2 class=\"contact-page-title\">Unsere Zentren<\/h2>\n<address><strong>LOGISTIC CENTER<\/strong><br \/>\nStrasse Santiago Betancor Brito, Phase 1, Nave 4<br \/>\nUrb. Ind. El Goro &#8211; 35219 Telde<br \/>\nGran Canaria<br \/>\nTelefonnummer: (34) 928 700 854<br \/>\nFax: (34) 928 701 017<\/address>\n<address><strong>GRAN CANARIA<\/strong><br \/>\nStrasse Italia, 54<br \/>\n35006 Las Palmas de Gran Canaria.<br \/>\nTelefonnummer: (34) 928 297 181<br \/>\nFax: (34) 928 297 959<\/address>\n<address><strong>TENERIFE<\/strong><br \/>\nUrbanization El Mayorazgo<br \/>\nStrasse Principal, 29 &#8211; First sector, Ships 5 and 6<br \/>\n38108 Santa Cruz de Tenerife<br \/>\nTelefonnummer:\u00a0 (34) 922 207 801<br \/>\nFax: (34) 922 207 938<\/address>\n<address><strong>LANZAROTE<\/strong><br \/>\nStrasse Los Corralitos, Ships 2 and 3<br \/>\nPlaya Honda Industrial Zone<br \/>\n35509 San Bartolom\u00e9 de Lanzarote<br \/>\nTelefonnummer: (34) 928 822 990<br \/>\nFax: (34) 928 822 997<\/address>\n<address><strong>FUERTEVENTURA<\/strong><br \/>\nStrasse Juan Rej\u00f3n, 118<br \/>\n35600 Puerto del Rosario<br \/>\nTelefonnummer: (34) 928 859 590<br \/>\nFax: (34) 928 859 930<\/address>\n<p>[\/vc_column_text][\/vc_column][\/vc_row][vc_row][vc_column][vc_row_inner][vc_column_inner width=&#8221;1\/2&#8243;][vc_gmaps link=&#8221;#E-8_JTNDaWZyYW1lJTIwc3JjJTNEJTIyaHR0cHMlM0ElMkYlMkZ3d3cuZ29vZ2xlLmNvbSUyRm1hcHMlMkZlbWJlZCUzRnBiJTNEJTIxMW0xOCUyMTFtMTIlMjExbTMlMjExZDM1MTguNTA2NjM5NTAwMzQ2JTIxMmQtMTUuNDM2MzcwNzg1NjA1MTQlMjEzZDI4LjEzMTA2MTAxMzM1MTY4NyUyMTJtMyUyMTFmMCUyMTJmMCUyMTNmMCUyMTNtMiUyMTFpMTAyNCUyMTJpNzY4JTIxNGYxMy4xJTIxM20zJTIxMW0yJTIxMXMweGM0MDk1MTNiYjAyM2Y2ZCUyNTNBMHhlOTRkYmRiYThjN2ZhMTc4JTIxMnNDYWxsZSUyNTIwSXRhbGlhJTI1MkMlMjUyMDU0JTI1MkMlMjUyMDM1MDA2JTI1MjBMYXMlMjUyMFBhbG1hcyUyNTIwZGUlMjUyMEdyYW4lMjUyMENhbmFyaWElMjUyQyUyNTIwTGFzJTI1MjBQYWxtYXMlMjE1ZTAlMjEzbTIlMjExc2VzJTIxMnNlcyUyMTR2MTU2ODYyMDgxODExMiUyMTVtMiUyMTFzZXMlMjEyc2VzJTIyJTIwd2lkdGglM0QlMjI2MDAlMjIlMjBoZWlnaHQlM0QlMjI0NTAlMjIlMjBmcmFtZWJvcmRlciUzRCUyMjAlMjIlMjBzdHlsZSUzRCUyMmJvcmRlciUzQTAlM0IlMjIlMjBhbGxvd2Z1bGxzY3JlZW4lM0QlMjIlMjIlM0UlM0MlMkZpZnJhbWUlM0U=&#8221; css=&#8221;.vc_custom_1568623674029{margin-top: 10px !important;margin-bottom: 10px !important;padding-top: 0px !important;padding-right: 0px !important;padding-bottom: 0px !important;padding-left: 0px !important;}&#8221; title=&#8221;Gran Canaria&#8221;][vc_gmaps link=&#8221;#E-8_JTNDaWZyYW1lJTIwc3JjJTNEJTIyaHR0cHMlM0ElMkYlMkZ3d3cuZ29vZ2xlLmNvbSUyRm1hcHMlMkZlbWJlZCUzRnBiJTNEJTIxMW0xOCUyMTFtMTIlMjExbTMlMjExZDM1MDYuMTQ5NzMxNTg0NjQ0NSUyMTJkLTEzLjg0ODYxNjg4NTU5NTkzNiUyMTNkMjguNTA1MTQyNDk2NTg3NDE4JTIxMm0zJTIxMWYwJTIxMmYwJTIxM2YwJTIxM20yJTIxMWkxMDI0JTIxMmk3NjglMjE0ZjEzLjElMjEzbTMlMjExbTIlMjExczB4YzQ3YzYzZDI2YzZiMTliJTI1M0EweDVkY2JhNjVkMmQyNDczZWElMjEyc01lcHJvbGltJTIxNWUwJTIxM20yJTIxMXNlcyUyMTJzZXMlMjE0djE1Njg2MjA5NjY4NzglMjE1bTIlMjExc2VzJTIxMnNlcyUyMiUyMHdpZHRoJTNEJTIyNjAwJTIyJTIwaGVpZ2h0JTNEJTIyNDUwJTIyJTIwZnJhbWVib3JkZXIlM0QlMjIwJTIyJTIwc3R5bGUlM0QlMjJib3JkZXIlM0EwJTNCJTIyJTIwYWxsb3dmdWxsc2NyZWVuJTNEJTIyJTIyJTNFJTNDJTJGaWZyYW1lJTNF&#8221; css=&#8221;.vc_custom_1568623682380{margin-top: 10px !important;margin-bottom: 10px !important;padding-top: 0px !important;padding-right: 0px !important;padding-bottom: 0px !important;padding-left: 0px !important;}&#8221; title=&#8221;Fuerteventura&#8221;][\/vc_column_inner][vc_column_inner width=&#8221;1\/2&#8243;][vc_gmaps link=&#8221;#E-8_JTNDaWZyYW1lJTIwc3JjJTNEJTIyaHR0cHMlM0ElMkYlMkZ3d3cuZ29vZ2xlLmNvbSUyRm1hcHMlMkZlbWJlZCUzRnBiJTNEJTIxMW0xOCUyMTFtMTIlMjExbTMlMjExZDM1MDguMTI1MDAxNzM4MTE1OCUyMTJkLTE2LjI4ODY5NjU4NTU5NzQwNyUyMTNkMjguNDQ1NjQ3OTk5MjY2NzUlMjEybTMlMjExZjAlMjEyZjAlMjEzZjAlMjEzbTIlMjExaTEwMjQlMjEyaTc2OCUyMTRmMTMuMSUyMTNtMyUyMTFtMiUyMTFzMHhjNDFjY2MyYzEzOWJmY2QlMjUzQTB4ZjQ0YjRkN2Q5MTliNzhmZCUyMTJzTWVwcm9saW0lMjE1ZTAlMjEzbTIlMjExc2VzJTIxMnNlcyUyMTR2MTU2ODYyMDg5NDkxMSUyMTVtMiUyMTFzZXMlMjEyc2VzJTIyJTIwd2lkdGglM0QlMjI2MDAlMjIlMjBoZWlnaHQlM0QlMjI0NTAlMjIlMjBmcmFtZWJvcmRlciUzRCUyMjAlMjIlMjBzdHlsZSUzRCUyMmJvcmRlciUzQTAlM0IlMjIlMjBhbGxvd2Z1bGxzY3JlZW4lM0QlMjIlMjIlM0UlM0MlMkZpZnJhbWUlM0U=&#8221; css=&#8221;.vc_custom_1568623691500{margin-top: 10px !important;margin-bottom: 10px !important;padding-top: 0px !important;padding-right: 0px !important;padding-bottom: 0px !important;padding-left: 0px !important;}&#8221; title=&#8221;Tenerife&#8221;][vc_gmaps link=&#8221;#E-8_JTNDaWZyYW1lJTIwc3JjJTNEJTIyaHR0cHMlM0ElMkYlMkZ3d3cuZ29vZ2xlLmNvbSUyRm1hcHMlMkZlbWJlZCUzRnBiJTNEJTIxMW0xOCUyMTFtMTIlMjExbTMlMjExZDQ0Nzc3Ni45MTg1MDg4OTk1JTIxMmQtMTMuOTk3ODc2NTgxMjA1NDczJTIxM2QyOC43NDE3Mzc1ODM0MjQ5OSUyMTJtMyUyMTFmMCUyMTJmMCUyMTNmMCUyMTNtMiUyMTFpMTAyNCUyMTJpNzY4JTIxNGYxMy4xJTIxM20zJTIxMW0yJTIxMXMweGM0NjI2ZmVjYjU5YjEzNSUyNTNBMHhhNWJlNzUxOTYwNjg1MGY0JTIxMnNNZXByb2xpbSUyMTVlMCUyMTNtMiUyMTFzZXMlMjEyc2VzJTIxNHYxNTY4NjIxMDE5MTE2JTIxNW0yJTIxMXNlcyUyMTJzZXMlMjIlMjB3aWR0aCUzRCUyMjYwMCUyMiUyMGhlaWdodCUzRCUyMjQ1MCUyMiUyMGZyYW1lYm9yZGVyJTNEJTIyMCUyMiUyMHN0eWxlJTNEJTIyYm9yZGVyJTNBMCUzQiUyMiUyMGFsbG93ZnVsbHNjcmVlbiUzRCUyMiUyMiUzRSUzQyUyRmlmcmFtZSUzRQ==&#8221; css=&#8221;.vc_custom_1568623699005{margin-top: 10px !important;margin-bottom: 10px !important;padding-top: 0px !important;padding-right: 0px !important;padding-bottom: 0px !important;padding-left: 0px !important;}&#8221; title=&#8221;Lanzarote&#8221;][\/vc_column_inner][\/vc_row_inner][vc_gmaps link=&#8221;#E-8_JTNDaWZyYW1lJTIwc3JjJTNEJTIyaHR0cHMlM0ElMkYlMkZ3d3cuZ29vZ2xlLmNvbSUyRm1hcHMlMkZlbWJlZCUzRnBiJTNEJTIxMW0xOCUyMTFtMTIlMjExbTMlMjExZDM1MjMuOTg2NzUzNTM0MjkxNCUyMTJkLTE1LjM5OTUxODQ4NTYwOTE5JTIxM2QyNy45NjM2OTE5MjA3ODc5OCUyMTJtMyUyMTFmMCUyMTJmMCUyMTNmMCUyMTNtMiUyMTFpMTAyNCUyMTJpNzY4JTIxNGYxMy4xJTIxM20zJTIxMW0yJTIxMXMweGM0MGEyOTg5YWFhYWFhYiUyNTNBMHhlZGJlNGFmMGNiYmNkMmIlMjEyc01lcHJvbGltJTIxNWUwJTIxM20yJTIxMXNlcyUyMTJzZXMlMjE0djE1Njg2MjA3NTEyMjElMjE1bTIlMjExc2VzJTIxMnNlcyUyMiUyMHdpZHRoJTNEJTIyNjAwJTIyJTIwaGVpZ2h0JTNEJTIyNDUwJTIyJTIwZnJhbWVib3JkZXIlM0QlMjIwJTIyJTIwc3R5bGUlM0QlMjJib3JkZXIlM0EwJTNCJTIyJTIwYWxsb3dmdWxsc2NyZWVuJTNEJTIyJTIyJTNFJTNDJTJGaWZyYW1lJTNF&#8221; css=&#8221;.vc_custom_1568623706028{margin-top: 10px !important;padding-top: 0px !important;padding-right: 0px !important;padding-bottom: 0px !important;padding-left: 0px !important;}&#8221; title=&#8221;Centro Log\u00edstico&#8221;][\/vc_column][\/vc_row]<\/p>\n<\/div>","protected":false},"excerpt":{"rendered":"<p>[vc_row][vc_column width=&#8221;3\/4&#8243; el_class=&#8221;contact-form&#8221;][vc_column_text css=&#8221;.vc_custom_1570608683578{margin-bottom: 60px !important;}&#8221;] Hinterlassen Sie eine Nachricht! Haben Sie eine Frage zu unseren Produkten? Ben\u00f6tigen Sie Hilfe zu einer Bestellung oder m\u00f6chten Sie ein Angebot anfordern? Z\u00f6gern<\/p>\n","protected":false},"author":6,"featured_media":0,"parent":0,"menu_order":5,"comment_status":"closed","ping_status":"closed","template":"","meta":{"footnotes":""},"class_list":["post-12101","page","type-page","status-publish","hentry"],"yoast_head":"<!-- This site is optimized with the Yoast SEO plugin v27.4 - https:\/\/yoast.com\/product\/yoast-seo-wordpress\/ -->\n<title>Kontakt - Meprolim<\/title>\n<meta name=\"robots\" content=\"index, follow, max-snippet:-1, max-image-preview:large, max-video-preview:-1\" \/>\n<link rel=\"canonical\" href=\"https:\/\/meprolim.es\/de\/kontakt\/\" \/>\n<meta property=\"og:locale\" content=\"de_DE\" \/>\n<meta property=\"og:type\" content=\"article\" \/>\n<meta property=\"og:title\" content=\"Kontakt - Meprolim\" \/>\n<meta property=\"og:description\" content=\"[vc_row][vc_column width=&#8221;3\/4&#8243; el_class=&#8221;contact-form&#8221;][vc_column_text css=&#8221;.vc_custom_1570608683578{margin-bottom: 60px !important;}&#8221;] Hinterlassen Sie eine Nachricht! Haben Sie eine Frage zu unseren Produkten? Ben\u00f6tigen Sie Hilfe zu einer Bestellung oder m\u00f6chten Sie ein Angebot anfordern? Z\u00f6gern\" \/>\n<meta property=\"og:url\" content=\"https:\/\/meprolim.es\/de\/kontakt\/\" \/>\n<meta property=\"og:site_name\" content=\"Meprolim\" \/>\n<meta property=\"article:modified_time\" content=\"2020-03-04T11:51:53+00:00\" \/>\n<meta name=\"twitter:card\" content=\"summary_large_image\" \/>\n<meta name=\"twitter:label1\" content=\"Gesch\u00e4tzte Lesezeit\" \/>\n\t<meta name=\"twitter:data1\" content=\"3\u00a0Minuten\" \/>\n<script type=\"application\/ld+json\" class=\"yoast-schema-graph\">{\"@context\":\"https:\\\/\\\/schema.org\",\"@graph\":[{\"@type\":\"WebPage\",\"@id\":\"https:\\\/\\\/meprolim.es\\\/de\\\/kontakt\\\/\",\"url\":\"https:\\\/\\\/meprolim.es\\\/de\\\/kontakt\\\/\",\"name\":\"Kontakt - Meprolim\",\"isPartOf\":{\"@id\":\"https:\\\/\\\/meprolim.es\\\/fr\\\/#website\"},\"datePublished\":\"2016-03-09T06:02:55+00:00\",\"dateModified\":\"2020-03-04T11:51:53+00:00\",\"breadcrumb\":{\"@id\":\"https:\\\/\\\/meprolim.es\\\/de\\\/kontakt\\\/#breadcrumb\"},\"inLanguage\":\"de\",\"potentialAction\":[{\"@type\":\"ReadAction\",\"target\":[\"https:\\\/\\\/meprolim.es\\\/de\\\/kontakt\\\/\"]}]},{\"@type\":\"BreadcrumbList\",\"@id\":\"https:\\\/\\\/meprolim.es\\\/de\\\/kontakt\\\/#breadcrumb\",\"itemListElement\":[{\"@type\":\"ListItem\",\"position\":1,\"name\":\"Portada\",\"item\":\"https:\\\/\\\/meprolim.es\\\/de\\\/\"},{\"@type\":\"ListItem\",\"position\":2,\"name\":\"Kontakt\"}]},{\"@type\":\"WebSite\",\"@id\":\"https:\\\/\\\/meprolim.es\\\/fr\\\/#website\",\"url\":\"https:\\\/\\\/meprolim.es\\\/fr\\\/\",\"name\":\"Meprolim\",\"description\":\"Cavas Catalanas S.L.\",\"publisher\":{\"@id\":\"https:\\\/\\\/meprolim.es\\\/fr\\\/#organization\"},\"potentialAction\":[{\"@type\":\"SearchAction\",\"target\":{\"@type\":\"EntryPoint\",\"urlTemplate\":\"https:\\\/\\\/meprolim.es\\\/fr\\\/?s={search_term_string}\"},\"query-input\":{\"@type\":\"PropertyValueSpecification\",\"valueRequired\":true,\"valueName\":\"search_term_string\"}}],\"inLanguage\":\"de\"},{\"@type\":\"Organization\",\"@id\":\"https:\\\/\\\/meprolim.es\\\/fr\\\/#organization\",\"name\":\"Meprolim\",\"url\":\"https:\\\/\\\/meprolim.es\\\/fr\\\/\",\"logo\":{\"@type\":\"ImageObject\",\"inLanguage\":\"de\",\"@id\":\"https:\\\/\\\/meprolim.es\\\/fr\\\/#\\\/schema\\\/logo\\\/image\\\/\",\"url\":\"https:\\\/\\\/meprolim.es\\\/wp-content\\\/uploads\\\/2019\\\/07\\\/cropped-logo2.png\",\"contentUrl\":\"https:\\\/\\\/meprolim.es\\\/wp-content\\\/uploads\\\/2019\\\/07\\\/cropped-logo2.png\",\"width\":401,\"height\":162,\"caption\":\"Meprolim\"},\"image\":{\"@id\":\"https:\\\/\\\/meprolim.es\\\/fr\\\/#\\\/schema\\\/logo\\\/image\\\/\"}}]}<\/script>\n<!-- \/ Yoast SEO plugin. -->","yoast_head_json":{"title":"Kontakt - Meprolim","robots":{"index":"index","follow":"follow","max-snippet":"max-snippet:-1","max-image-preview":"max-image-preview:large","max-video-preview":"max-video-preview:-1"},"canonical":"https:\/\/meprolim.es\/de\/kontakt\/","og_locale":"de_DE","og_type":"article","og_title":"Kontakt - Meprolim","og_description":"[vc_row][vc_column width=&#8221;3\/4&#8243; el_class=&#8221;contact-form&#8221;][vc_column_text css=&#8221;.vc_custom_1570608683578{margin-bottom: 60px !important;}&#8221;] Hinterlassen Sie eine Nachricht! Haben Sie eine Frage zu unseren Produkten? Ben\u00f6tigen Sie Hilfe zu einer Bestellung oder m\u00f6chten Sie ein Angebot anfordern? Z\u00f6gern","og_url":"https:\/\/meprolim.es\/de\/kontakt\/","og_site_name":"Meprolim","article_modified_time":"2020-03-04T11:51:53+00:00","twitter_card":"summary_large_image","twitter_misc":{"Gesch\u00e4tzte Lesezeit":"3\u00a0Minuten"},"schema":{"@context":"https:\/\/schema.org","@graph":[{"@type":"WebPage","@id":"https:\/\/meprolim.es\/de\/kontakt\/","url":"https:\/\/meprolim.es\/de\/kontakt\/","name":"Kontakt - Meprolim","isPartOf":{"@id":"https:\/\/meprolim.es\/fr\/#website"},"datePublished":"2016-03-09T06:02:55+00:00","dateModified":"2020-03-04T11:51:53+00:00","breadcrumb":{"@id":"https:\/\/meprolim.es\/de\/kontakt\/#breadcrumb"},"inLanguage":"de","potentialAction":[{"@type":"ReadAction","target":["https:\/\/meprolim.es\/de\/kontakt\/"]}]},{"@type":"BreadcrumbList","@id":"https:\/\/meprolim.es\/de\/kontakt\/#breadcrumb","itemListElement":[{"@type":"ListItem","position":1,"name":"Portada","item":"https:\/\/meprolim.es\/de\/"},{"@type":"ListItem","position":2,"name":"Kontakt"}]},{"@type":"WebSite","@id":"https:\/\/meprolim.es\/fr\/#website","url":"https:\/\/meprolim.es\/fr\/","name":"Meprolim","description":"Cavas Catalanas S.L.","publisher":{"@id":"https:\/\/meprolim.es\/fr\/#organization"},"potentialAction":[{"@type":"SearchAction","target":{"@type":"EntryPoint","urlTemplate":"https:\/\/meprolim.es\/fr\/?s={search_term_string}"},"query-input":{"@type":"PropertyValueSpecification","valueRequired":true,"valueName":"search_term_string"}}],"inLanguage":"de"},{"@type":"Organization","@id":"https:\/\/meprolim.es\/fr\/#organization","name":"Meprolim","url":"https:\/\/meprolim.es\/fr\/","logo":{"@type":"ImageObject","inLanguage":"de","@id":"https:\/\/meprolim.es\/fr\/#\/schema\/logo\/image\/","url":"https:\/\/meprolim.es\/wp-content\/uploads\/2019\/07\/cropped-logo2.png","contentUrl":"https:\/\/meprolim.es\/wp-content\/uploads\/2019\/07\/cropped-logo2.png","width":401,"height":162,"caption":"Meprolim"},"image":{"@id":"https:\/\/meprolim.es\/fr\/#\/schema\/logo\/image\/"}}]}},"_links":{"self":[{"href":"https:\/\/meprolim.es\/de\/wp-json\/wp\/v2\/pages\/12101","targetHints":{"allow":["GET"]}}],"collection":[{"href":"https:\/\/meprolim.es\/de\/wp-json\/wp\/v2\/pages"}],"about":[{"href":"https:\/\/meprolim.es\/de\/wp-json\/wp\/v2\/types\/page"}],"author":[{"embeddable":true,"href":"https:\/\/meprolim.es\/de\/wp-json\/wp\/v2\/users\/6"}],"replies":[{"embeddable":true,"href":"https:\/\/meprolim.es\/de\/wp-json\/wp\/v2\/comments?post=12101"}],"version-history":[{"count":10,"href":"https:\/\/meprolim.es\/de\/wp-json\/wp\/v2\/pages\/12101\/revisions"}],"predecessor-version":[{"id":20732,"href":"https:\/\/meprolim.es\/de\/wp-json\/wp\/v2\/pages\/12101\/revisions\/20732"}],"wp:attachment":[{"href":"https:\/\/meprolim.es\/de\/wp-json\/wp\/v2\/media?parent=12101"}],"curies":[{"name":"wp","href":"https:\/\/api.w.org\/{rel}","templated":true}]}}