{"id":20856,"date":"2020-04-27T12:45:14","date_gmt":"2020-04-27T11:45:14","guid":{"rendered":"https:\/\/www.meprolim.es\/?page_id=20856"},"modified":"2020-05-05T18:00:41","modified_gmt":"2020-05-05T17:00:41","slug":"lavado-de-manos","status":"publish","type":"page","link":"https:\/\/meprolim.es\/de\/informacion-covid-19\/lavado-de-manos\/","title":{"rendered":"Lavado de Manos"},"content":{"rendered":"<div class=\"wpb-content-wrapper\"><p>[vc_row][vc_column][vc_tta_accordion shape=&#8221;square&#8221; color=&#8221;white&#8221; c_align=&#8221;center&#8221; c_icon=&#8221;&#8221; active_section=&#8221;1&#8243; el_class=&#8221;titulo_resaltado&#8221;][vc_tta_section title=&#8221;HIGIENE DE MANOS&#8221; tab_id=&#8221;1587985617400-f870fc17-589db1db-06ce&#8221;][vc_column_text]<\/p>\n<p style=\"text-align: justify;\">La higiene de manos es la medida m\u00e1s sencilla y eficaz para prevenir la transmisi\u00f3n de microorganismos incluido el coronavirus 2019, debido a su envoltura lip\u00eddica que es desactivada con las sustancias surfactantes de los jabones.<\/p>\n<p>[\/vc_column_text][\/vc_tta_section][\/vc_tta_accordion][vc_tta_accordion shape=&#8221;square&#8221; color=&#8221;white&#8221; c_align=&#8221;center&#8221; c_icon=&#8221;&#8221; active_section=&#8221;1&#8243; el_class=&#8221;titulo_resaltado&#8221;][vc_tta_section title=&#8221;INDICACIONES DEL LAVADO Y ANTISEPSIA DE MANOS&#8221; tab_id=&#8221;1587986631060-494f067b-d6efb1db-06ce&#8221;][vc_column_text]<\/p>\n<p style=\"text-align: justify;\">Si las manos no est\u00e1n visiblemente sucias, aplicar un antis\u00e9ptico de base alcoh\u00f3lica para\u00a0descontaminaci\u00f3n rutinaria de las manos, Como alternativa, lavarlas con agua y un jab\u00f3n antimicrobiano en esas mismas situaciones.<\/p>\n<p>[\/vc_column_text][\/vc_tta_section][\/vc_tta_accordion][vc_tta_accordion shape=&#8221;square&#8221; color=&#8221;white&#8221; c_align=&#8221;center&#8221; c_icon=&#8221;&#8221; active_section=&#8221;1&#8243; el_class=&#8221;titulo_resaltado&#8221;][vc_tta_section title=&#8221;T\u00c9CNICA DE LA HIGIENE DE LAS MANOS&#8221; tab_id=&#8221;1587986894444-16ee3233-91ffb1db-06ce&#8221;][vc_column_text]<\/p>\n<p>Adjunto gr\u00e1fico orientativo, de un correcto lavado de manos.<\/p>\n<p><img decoding=\"async\" class=\"aligncenter wp-image-20986 size-full\" src=\"https:\/\/meprolim.es\/wp-content\/uploads\/2020\/05\/graficolavado-de-manos.png\" alt=\"\" width=\"330\" height=\"563\" srcset=\"https:\/\/meprolim.es\/wp-content\/uploads\/2020\/05\/graficolavado-de-manos.png 330w, https:\/\/meprolim.es\/wp-content\/uploads\/2020\/05\/graficolavado-de-manos-176x300.png 176w\" sizes=\"(max-width: 330px) 100vw, 330px\" \/><\/p>\n<p>[\/vc_column_text][\/vc_tta_section][\/vc_tta_accordion][vc_tta_accordion shape=&#8221;square&#8221; color=&#8221;white&#8221; c_align=&#8221;center&#8221; c_icon=&#8221;&#8221; active_section=&#8221;1&#8243; el_class=&#8221;titulo_resaltado&#8221;][vc_tta_section title=&#8221;NUESTROS PRODUCTOS&#8221; tab_id=&#8221;1587986979664-4095280d-6523b1db-06ce&#8221;]\n<section class=\"home-categories-block\" >\n\t\t\t\t\t<div class=\"categories-block \">\n\t\t\t<ul class=\"categories list-unstyled row row-cols-2 row-cols-lg-2\">\n\t\t\t\t\t\t\t\t<li class=\"category\">\n\t\t\t\t\t<div class=\"category-inner\">\n\t\t\t\t\t\t<a class=\"row align-items-center g-0 overflow-hidden\" href=\"https:\/\/meprolim.es\/de\/categoria-producto\/quimicos-y-articulos-de-limpieza\/productos-quimicos-industriales-de-2\/limpieza-manos-protectores-de-2\/desinfectantes-de-2\/\">\n\t\t\t\t\t\t\t<div class=\"media-img col-5\"><img decoding=\"async\" src=\"https:\/\/meprolim.es\/wp-content\/uploads\/2019\/09\/BX4129-300x300.jpg\" alt=\"Desinfectantes\" width=\"300\" height=\"300\" srcset=\"https:\/\/meprolim.es\/wp-content\/uploads\/2019\/09\/BX4129-300x300.jpg 300w, https:\/\/meprolim.es\/wp-content\/uploads\/2019\/09\/BX4129-100x100.jpg 100w, https:\/\/meprolim.es\/wp-content\/uploads\/2019\/09\/BX4129-600x600.jpg 600w, https:\/\/meprolim.es\/wp-content\/uploads\/2019\/09\/BX4129-150x150.jpg 150w, https:\/\/meprolim.es\/wp-content\/uploads\/2019\/09\/BX4129-768x768.jpg 768w, https:\/\/meprolim.es\/wp-content\/uploads\/2019\/09\/BX4129-1024x1024.jpg 1024w, https:\/\/meprolim.es\/wp-content\/uploads\/2019\/09\/BX4129.jpg 1417w\" sizes=\"(max-width: 300px) 100vw, 300px\" \/><\/div>\n\t\t\t\t\t\t\t<div class=\"category-title col-7\">\n\t\t\t\t\t\t\t\t<h4 class=\"title mb-0\">Desinfectantes<\/h4>\n\t\t\t\t\t\t\t<\/div>\n\t\t\t\t\t\t<\/a>\n\t\t\t\t\t<\/div>\n\t\t\t\t<\/li>\n\t\t\t\t\t\t\t\t<li class=\"category\">\n\t\t\t\t\t<div class=\"category-inner\">\n\t\t\t\t\t\t<a class=\"row align-items-center g-0 overflow-hidden\" href=\"https:\/\/meprolim.es\/de\/categoria-producto\/quimicos-y-articulos-de-limpieza\/productos-quimicos-industriales-de-2\/limpieza-manos-protectores-de-2\/gel-manos-de-2\/\">\n\t\t\t\t\t\t\t<div class=\"media-img col-5\"><img decoding=\"async\" src=\"https:\/\/meprolim.es\/wp-content\/uploads\/2019\/09\/BX5009-300x300.jpg\" alt=\"Gel Manos\" width=\"300\" height=\"300\" srcset=\"https:\/\/meprolim.es\/wp-content\/uploads\/2019\/09\/BX5009-300x300.jpg 300w, https:\/\/meprolim.es\/wp-content\/uploads\/2019\/09\/BX5009-100x100.jpg 100w, https:\/\/meprolim.es\/wp-content\/uploads\/2019\/09\/BX5009-600x600.jpg 600w, https:\/\/meprolim.es\/wp-content\/uploads\/2019\/09\/BX5009-150x150.jpg 150w, https:\/\/meprolim.es\/wp-content\/uploads\/2019\/09\/BX5009-768x768.jpg 768w, https:\/\/meprolim.es\/wp-content\/uploads\/2019\/09\/BX5009-1024x1024.jpg 1024w, https:\/\/meprolim.es\/wp-content\/uploads\/2019\/09\/BX5009.jpg 1417w\" sizes=\"(max-width: 300px) 100vw, 300px\" \/><\/div>\n\t\t\t\t\t\t\t<div class=\"category-title col-7\">\n\t\t\t\t\t\t\t\t<h4 class=\"title mb-0\">Gel Manos<\/h4>\n\t\t\t\t\t\t\t<\/div>\n\t\t\t\t\t\t<\/a>\n\t\t\t\t\t<\/div>\n\t\t\t\t<\/li>\n\t\t\t\t\t\t\t<\/ul>\n\t\t<\/div>\n\t<\/section>\n[\/vc_tta_section][\/vc_tta_accordion][\/vc_column][\/vc_row]<\/p>\n<\/div>","protected":false},"excerpt":{"rendered":"<p>[vc_row][vc_column][vc_tta_accordion shape=&#8221;square&#8221; color=&#8221;white&#8221; c_align=&#8221;center&#8221; c_icon=&#8221;&#8221; active_section=&#8221;1&#8243; el_class=&#8221;titulo_resaltado&#8221;][vc_tta_section title=&#8221;HIGIENE DE MANOS&#8221; tab_id=&#8221;1587985617400-f870fc17-589db1db-06ce&#8221;][vc_column_text] La higiene de manos es la medida m\u00e1s sencilla y eficaz para prevenir la transmisi\u00f3n de microorganismos incluido el<\/p>\n","protected":false},"author":6,"featured_media":0,"parent":20829,"menu_order":2,"comment_status":"closed","ping_status":"closed","template":"template-page-sidebar-left.php","meta":{"footnotes":""},"class_list":["post-20856","page","type-page","status-publish","hentry"],"yoast_head":"<!-- This site is optimized with the Yoast SEO plugin v27.6 - https:\/\/yoast.com\/product\/yoast-seo-wordpress\/ -->\n<title>Lavado de Manos - Meprolim<\/title>\n<meta name=\"robots\" content=\"index, follow, max-snippet:-1, max-image-preview:large, max-video-preview:-1\" \/>\n<link rel=\"canonical\" href=\"https:\/\/meprolim.es\/informacion-covid-19\/lavado-de-manos\/\" \/>\n<meta property=\"og:locale\" content=\"de_DE\" \/>\n<meta property=\"og:type\" content=\"article\" \/>\n<meta property=\"og:title\" content=\"Lavado de Manos - Meprolim\" \/>\n<meta property=\"og:description\" content=\"[vc_row][vc_column][vc_tta_accordion shape=&#8221;square&#8221; color=&#8221;white&#8221; c_align=&#8221;center&#8221; c_icon=&#8221;&#8221; active_section=&#8221;1&#8243; el_class=&#8221;titulo_resaltado&#8221;][vc_tta_section title=&#8221;HIGIENE DE MANOS&#8221; tab_id=&#8221;1587985617400-f870fc17-589db1db-06ce&#8221;][vc_column_text] La higiene de manos es la medida m\u00e1s sencilla y eficaz para prevenir la transmisi\u00f3n de microorganismos incluido el\" \/>\n<meta property=\"og:url\" content=\"https:\/\/meprolim.es\/informacion-covid-19\/lavado-de-manos\/\" \/>\n<meta property=\"og:site_name\" content=\"Meprolim\" \/>\n<meta property=\"article:modified_time\" content=\"2020-05-05T17:00:41+00:00\" \/>\n<meta property=\"og:image\" content=\"https:\/\/meprolim.es\/wp-content\/uploads\/2020\/05\/graficolavado-de-manos.png\" \/>\n<meta name=\"twitter:card\" content=\"summary_large_image\" \/>\n<meta name=\"twitter:label1\" content=\"Gesch\u00e4tzte Lesezeit\" \/>\n\t<meta name=\"twitter:data1\" content=\"1\u00a0Minute\" \/>\n<script type=\"application\/ld+json\" class=\"yoast-schema-graph\">{\"@context\":\"https:\\\/\\\/schema.org\",\"@graph\":[{\"@type\":\"WebPage\",\"@id\":\"https:\\\/\\\/meprolim.es\\\/informacion-covid-19\\\/lavado-de-manos\\\/\",\"url\":\"https:\\\/\\\/meprolim.es\\\/informacion-covid-19\\\/lavado-de-manos\\\/\",\"name\":\"Lavado de Manos - Meprolim\",\"isPartOf\":{\"@id\":\"https:\\\/\\\/meprolim.es\\\/fr\\\/#website\"},\"primaryImageOfPage\":{\"@id\":\"https:\\\/\\\/meprolim.es\\\/informacion-covid-19\\\/lavado-de-manos\\\/#primaryimage\"},\"image\":{\"@id\":\"https:\\\/\\\/meprolim.es\\\/informacion-covid-19\\\/lavado-de-manos\\\/#primaryimage\"},\"thumbnailUrl\":\"https:\\\/\\\/meprolim.es\\\/wp-content\\\/uploads\\\/2020\\\/05\\\/graficolavado-de-manos.png\",\"datePublished\":\"2020-04-27T11:45:14+00:00\",\"dateModified\":\"2020-05-05T17:00:41+00:00\",\"breadcrumb\":{\"@id\":\"https:\\\/\\\/meprolim.es\\\/informacion-covid-19\\\/lavado-de-manos\\\/#breadcrumb\"},\"inLanguage\":\"de\",\"potentialAction\":[{\"@type\":\"ReadAction\",\"target\":[\"https:\\\/\\\/meprolim.es\\\/informacion-covid-19\\\/lavado-de-manos\\\/\"]}]},{\"@type\":\"ImageObject\",\"inLanguage\":\"de\",\"@id\":\"https:\\\/\\\/meprolim.es\\\/informacion-covid-19\\\/lavado-de-manos\\\/#primaryimage\",\"url\":\"https:\\\/\\\/meprolim.es\\\/wp-content\\\/uploads\\\/2020\\\/05\\\/graficolavado-de-manos.png\",\"contentUrl\":\"https:\\\/\\\/meprolim.es\\\/wp-content\\\/uploads\\\/2020\\\/05\\\/graficolavado-de-manos.png\"},{\"@type\":\"BreadcrumbList\",\"@id\":\"https:\\\/\\\/meprolim.es\\\/informacion-covid-19\\\/lavado-de-manos\\\/#breadcrumb\",\"itemListElement\":[{\"@type\":\"ListItem\",\"position\":1,\"name\":\"Portada\",\"item\":\"https:\\\/\\\/meprolim.es\\\/de\\\/\"},{\"@type\":\"ListItem\",\"position\":2,\"name\":\"Informaci\u00f3n COVID-19\",\"item\":\"https:\\\/\\\/meprolim.es\\\/en\\\/informacion-covid-19\\\/\"},{\"@type\":\"ListItem\",\"position\":3,\"name\":\"Lavado de Manos\"}]},{\"@type\":\"WebSite\",\"@id\":\"https:\\\/\\\/meprolim.es\\\/fr\\\/#website\",\"url\":\"https:\\\/\\\/meprolim.es\\\/fr\\\/\",\"name\":\"Meprolim\",\"description\":\"Cavas Catalanas S.L.\",\"publisher\":{\"@id\":\"https:\\\/\\\/meprolim.es\\\/fr\\\/#organization\"},\"potentialAction\":[{\"@type\":\"SearchAction\",\"target\":{\"@type\":\"EntryPoint\",\"urlTemplate\":\"https:\\\/\\\/meprolim.es\\\/fr\\\/?s={search_term_string}\"},\"query-input\":{\"@type\":\"PropertyValueSpecification\",\"valueRequired\":true,\"valueName\":\"search_term_string\"}}],\"inLanguage\":\"de\"},{\"@type\":\"Organization\",\"@id\":\"https:\\\/\\\/meprolim.es\\\/fr\\\/#organization\",\"name\":\"Meprolim\",\"url\":\"https:\\\/\\\/meprolim.es\\\/fr\\\/\",\"logo\":{\"@type\":\"ImageObject\",\"inLanguage\":\"de\",\"@id\":\"https:\\\/\\\/meprolim.es\\\/fr\\\/#\\\/schema\\\/logo\\\/image\\\/\",\"url\":\"https:\\\/\\\/meprolim.es\\\/wp-content\\\/uploads\\\/2019\\\/07\\\/cropped-logo2.png\",\"contentUrl\":\"https:\\\/\\\/meprolim.es\\\/wp-content\\\/uploads\\\/2019\\\/07\\\/cropped-logo2.png\",\"width\":401,\"height\":162,\"caption\":\"Meprolim\"},\"image\":{\"@id\":\"https:\\\/\\\/meprolim.es\\\/fr\\\/#\\\/schema\\\/logo\\\/image\\\/\"}}]}<\/script>\n<!-- \/ Yoast SEO plugin. -->","yoast_head_json":{"title":"Lavado de Manos - Meprolim","robots":{"index":"index","follow":"follow","max-snippet":"max-snippet:-1","max-image-preview":"max-image-preview:large","max-video-preview":"max-video-preview:-1"},"canonical":"https:\/\/meprolim.es\/informacion-covid-19\/lavado-de-manos\/","og_locale":"de_DE","og_type":"article","og_title":"Lavado de Manos - Meprolim","og_description":"[vc_row][vc_column][vc_tta_accordion shape=&#8221;square&#8221; color=&#8221;white&#8221; c_align=&#8221;center&#8221; c_icon=&#8221;&#8221; active_section=&#8221;1&#8243; el_class=&#8221;titulo_resaltado&#8221;][vc_tta_section title=&#8221;HIGIENE DE MANOS&#8221; tab_id=&#8221;1587985617400-f870fc17-589db1db-06ce&#8221;][vc_column_text] La higiene de manos es la medida m\u00e1s sencilla y eficaz para prevenir la transmisi\u00f3n de microorganismos incluido el","og_url":"https:\/\/meprolim.es\/informacion-covid-19\/lavado-de-manos\/","og_site_name":"Meprolim","article_modified_time":"2020-05-05T17:00:41+00:00","og_image":[{"url":"https:\/\/meprolim.es\/wp-content\/uploads\/2020\/05\/graficolavado-de-manos.png","type":"","width":"","height":""}],"twitter_card":"summary_large_image","twitter_misc":{"Gesch\u00e4tzte Lesezeit":"1\u00a0Minute"},"schema":{"@context":"https:\/\/schema.org","@graph":[{"@type":"WebPage","@id":"https:\/\/meprolim.es\/informacion-covid-19\/lavado-de-manos\/","url":"https:\/\/meprolim.es\/informacion-covid-19\/lavado-de-manos\/","name":"Lavado de Manos - Meprolim","isPartOf":{"@id":"https:\/\/meprolim.es\/fr\/#website"},"primaryImageOfPage":{"@id":"https:\/\/meprolim.es\/informacion-covid-19\/lavado-de-manos\/#primaryimage"},"image":{"@id":"https:\/\/meprolim.es\/informacion-covid-19\/lavado-de-manos\/#primaryimage"},"thumbnailUrl":"https:\/\/meprolim.es\/wp-content\/uploads\/2020\/05\/graficolavado-de-manos.png","datePublished":"2020-04-27T11:45:14+00:00","dateModified":"2020-05-05T17:00:41+00:00","breadcrumb":{"@id":"https:\/\/meprolim.es\/informacion-covid-19\/lavado-de-manos\/#breadcrumb"},"inLanguage":"de","potentialAction":[{"@type":"ReadAction","target":["https:\/\/meprolim.es\/informacion-covid-19\/lavado-de-manos\/"]}]},{"@type":"ImageObject","inLanguage":"de","@id":"https:\/\/meprolim.es\/informacion-covid-19\/lavado-de-manos\/#primaryimage","url":"https:\/\/meprolim.es\/wp-content\/uploads\/2020\/05\/graficolavado-de-manos.png","contentUrl":"https:\/\/meprolim.es\/wp-content\/uploads\/2020\/05\/graficolavado-de-manos.png"},{"@type":"BreadcrumbList","@id":"https:\/\/meprolim.es\/informacion-covid-19\/lavado-de-manos\/#breadcrumb","itemListElement":[{"@type":"ListItem","position":1,"name":"Portada","item":"https:\/\/meprolim.es\/de\/"},{"@type":"ListItem","position":2,"name":"Informaci\u00f3n COVID-19","item":"https:\/\/meprolim.es\/en\/informacion-covid-19\/"},{"@type":"ListItem","position":3,"name":"Lavado de Manos"}]},{"@type":"WebSite","@id":"https:\/\/meprolim.es\/fr\/#website","url":"https:\/\/meprolim.es\/fr\/","name":"Meprolim","description":"Cavas Catalanas S.L.","publisher":{"@id":"https:\/\/meprolim.es\/fr\/#organization"},"potentialAction":[{"@type":"SearchAction","target":{"@type":"EntryPoint","urlTemplate":"https:\/\/meprolim.es\/fr\/?s={search_term_string}"},"query-input":{"@type":"PropertyValueSpecification","valueRequired":true,"valueName":"search_term_string"}}],"inLanguage":"de"},{"@type":"Organization","@id":"https:\/\/meprolim.es\/fr\/#organization","name":"Meprolim","url":"https:\/\/meprolim.es\/fr\/","logo":{"@type":"ImageObject","inLanguage":"de","@id":"https:\/\/meprolim.es\/fr\/#\/schema\/logo\/image\/","url":"https:\/\/meprolim.es\/wp-content\/uploads\/2019\/07\/cropped-logo2.png","contentUrl":"https:\/\/meprolim.es\/wp-content\/uploads\/2019\/07\/cropped-logo2.png","width":401,"height":162,"caption":"Meprolim"},"image":{"@id":"https:\/\/meprolim.es\/fr\/#\/schema\/logo\/image\/"}}]}},"_links":{"self":[{"href":"https:\/\/meprolim.es\/de\/wp-json\/wp\/v2\/pages\/20856","targetHints":{"allow":["GET"]}}],"collection":[{"href":"https:\/\/meprolim.es\/de\/wp-json\/wp\/v2\/pages"}],"about":[{"href":"https:\/\/meprolim.es\/de\/wp-json\/wp\/v2\/types\/page"}],"author":[{"embeddable":true,"href":"https:\/\/meprolim.es\/de\/wp-json\/wp\/v2\/users\/6"}],"replies":[{"embeddable":true,"href":"https:\/\/meprolim.es\/de\/wp-json\/wp\/v2\/comments?post=20856"}],"version-history":[{"count":5,"href":"https:\/\/meprolim.es\/de\/wp-json\/wp\/v2\/pages\/20856\/revisions"}],"predecessor-version":[{"id":20996,"href":"https:\/\/meprolim.es\/de\/wp-json\/wp\/v2\/pages\/20856\/revisions\/20996"}],"up":[{"embeddable":true,"href":"https:\/\/meprolim.es\/de\/wp-json\/wp\/v2\/pages\/20829"}],"wp:attachment":[{"href":"https:\/\/meprolim.es\/de\/wp-json\/wp\/v2\/media?parent=20856"}],"curies":[{"name":"wp","href":"https:\/\/api.w.org\/{rel}","templated":true}]}}