{"id":10026,"date":"2019-09-10T01:00:07","date_gmt":"2019-09-10T00:00:07","guid":{"rendered":"http:\/\/www.meprolim.es\/?post_type=product&#038;p=10026"},"modified":"2023-05-26T00:45:28","modified_gmt":"2023-05-25T23:45:28","slug":"bidon-5kg-fregasuelos-citrico-cleaning","status":"publish","type":"product","link":"https:\/\/meprolim.es\/de\/producto\/quimicos-y-articulos-de-limpieza\/productos-quimicos-industriales-de-2\/fregasuelos-de-2\/phneutro-de-2\/bidon-5kg-fregasuelos-citrico-cleaning\/","title":{"rendered":"BID\u00d3N 5KG. FREGASUELOS C\u00cdTRICO CLEANING &#8211; C\u00d3DIGO: FR0104"},"content":{"rendered":"<div class=\"wpb-content-wrapper\"><p>[vc_row][vc_column][vc_column_text]<\/p>\n<p style=\"text-align: justify;\">Producto de alta concentraci\u00f3n con Ph neutro que no da\u00f1a ning\u00fan tipo de superficie, excepto madera y corcho, abrillant\u00e1ndola y perfum\u00e1ndola dejando un agradable olor en el ambiente.<\/p>\n<p>[\/vc_column_text][\/vc_column][\/vc_row]<\/p>\n<\/div>","protected":false},"excerpt":{"rendered":"<ul>\n<li>pH: 8-10<\/li>\n<li>Producto con pH neutro que abrillanta y perfuma agradablemente el ambiente durante m\u00e1s tiempo.<\/li>\n<li>Incorpora tensioactivos, los cuales disuelven la suciedad elimin\u00e1ndola sin esfuerzo.<\/li>\n<li>Alta concentraci\u00f3n: proporciona gran rendimiento.<\/li>\n<li>No da\u00f1a ning\u00fan tipo de superficie, excepto madera y corcho.<\/li>\n<li>Producto l\u00edquido.<\/li>\n<li>Color: verde.<\/li>\n<li>Perfume: c\u00edtrico.<\/li>\n<li>Para superficies muy sucias diluir 160 ml de producto en un cubo de agua de 5 l.<\/li>\n<li>Para limpieza diaria diluir 80-100 ml de producto en un cubo de agua de 5 l.<\/li>\n<li>La dosificaci\u00f3n y tiempo de contacto dependen del estado de la superficie.<\/li>\n<\/ul>\n<p><strong>SKU: FR0104<\/strong><\/p>\n<p>&nbsp;<\/p>\n<p>&nbsp;<\/p>\n","protected":false},"featured_media":10028,"template":"","meta":[],"product_brand":[],"product_cat":[1048,668,652,94],"product_tag":[669,654],"class_list":{"0":"post-10026","1":"product","2":"type-product","3":"status-publish","4":"has-post-thumbnail","6":"product_cat-fregasuelos","7":"product_cat-phneutro","8":"product_cat-productos-quimicos-industriales","9":"product_cat-quimicos-articulos-limpieza","10":"product_tag-fregasuelos-neutros","11":"product_tag-productos-quimicos","13":"first","14":"instock","15":"shipping-taxable","16":"product-type-simple"},"yoast_head":"<!-- This site is optimized with the Yoast SEO plugin v27.3 - https:\/\/yoast.com\/product\/yoast-seo-wordpress\/ -->\n<title>BID\u00d3N 5KG. FREGASUELOS C\u00cdTRICO CLEANING - C\u00d3DIGO: FR0104 - Meprolim<\/title>\n<meta name=\"robots\" content=\"index, follow, max-snippet:-1, max-image-preview:large, max-video-preview:-1\" \/>\n<link rel=\"canonical\" href=\"https:\/\/meprolim.es\/producto\/quimicos-articulos-limpieza\/productos-quimicos-industriales\/fregasuelos\/phneutro\/bidon-5kg-fregasuelos-citrico-cleaning\/\" \/>\n<meta property=\"og:locale\" content=\"de_DE\" \/>\n<meta property=\"og:type\" content=\"article\" \/>\n<meta property=\"og:title\" content=\"BID\u00d3N 5KG. FREGASUELOS C\u00cdTRICO CLEANING - C\u00d3DIGO: FR0104 - Meprolim\" \/>\n<meta property=\"og:description\" content=\"pH: 8-10  Producto con pH neutro que abrillanta y perfuma agradablemente el ambiente durante m\u00e1s tiempo.  Incorpora tensioactivos, los cuales disuelven la suciedad elimin\u00e1ndola sin esfuerzo.  Alta concentraci\u00f3n: proporciona gran rendimiento.  No da\u00f1a ning\u00fan tipo de superficie, excepto madera y corcho.  Producto l\u00edquido.  Color: verde.  Perfume: c\u00edtrico.  Para superficies muy sucias diluir 160 ml de producto en un cubo de agua de 5 l.  Para limpieza diaria diluir 80-100 ml de producto en un cubo de agua de 5 l.  La dosificaci\u00f3n y tiempo de contacto dependen del estado de la superficie.  SKU: FR0104  &nbsp;  &nbsp;\" \/>\n<meta property=\"og:url\" content=\"https:\/\/meprolim.es\/producto\/quimicos-articulos-limpieza\/productos-quimicos-industriales\/fregasuelos\/phneutro\/bidon-5kg-fregasuelos-citrico-cleaning\/\" \/>\n<meta property=\"og:site_name\" content=\"Meprolim\" \/>\n<meta property=\"article:modified_time\" content=\"2023-05-25T23:45:28+00:00\" \/>\n<meta property=\"og:image\" content=\"https:\/\/meprolim.es\/wp-content\/uploads\/2019\/09\/FR0104.jpg\" \/>\n\t<meta property=\"og:image:width\" content=\"768\" \/>\n\t<meta property=\"og:image:height\" content=\"768\" \/>\n\t<meta property=\"og:image:type\" content=\"image\/jpeg\" \/>\n<meta name=\"twitter:card\" content=\"summary_large_image\" \/>\n<meta name=\"twitter:label1\" content=\"Gesch\u00e4tzte Lesezeit\" \/>\n\t<meta name=\"twitter:data1\" content=\"1\u00a0Minute\" \/>\n<script type=\"application\/ld+json\" class=\"yoast-schema-graph\">{\"@context\":\"https:\\\/\\\/schema.org\",\"@graph\":[{\"@type\":\"WebPage\",\"@id\":\"https:\\\/\\\/meprolim.es\\\/producto\\\/quimicos-articulos-limpieza\\\/productos-quimicos-industriales\\\/fregasuelos\\\/phneutro\\\/bidon-5kg-fregasuelos-citrico-cleaning\\\/\",\"url\":\"https:\\\/\\\/meprolim.es\\\/producto\\\/quimicos-articulos-limpieza\\\/productos-quimicos-industriales\\\/fregasuelos\\\/phneutro\\\/bidon-5kg-fregasuelos-citrico-cleaning\\\/\",\"name\":\"BID\u00d3N 5KG. FREGASUELOS C\u00cdTRICO CLEANING - C\u00d3DIGO: FR0104 - Meprolim\",\"isPartOf\":{\"@id\":\"https:\\\/\\\/meprolim.es\\\/fr\\\/#website\"},\"primaryImageOfPage\":{\"@id\":\"https:\\\/\\\/meprolim.es\\\/producto\\\/quimicos-articulos-limpieza\\\/productos-quimicos-industriales\\\/fregasuelos\\\/phneutro\\\/bidon-5kg-fregasuelos-citrico-cleaning\\\/#primaryimage\"},\"image\":{\"@id\":\"https:\\\/\\\/meprolim.es\\\/producto\\\/quimicos-articulos-limpieza\\\/productos-quimicos-industriales\\\/fregasuelos\\\/phneutro\\\/bidon-5kg-fregasuelos-citrico-cleaning\\\/#primaryimage\"},\"thumbnailUrl\":\"https:\\\/\\\/meprolim.es\\\/wp-content\\\/uploads\\\/2019\\\/09\\\/FR0104.jpg\",\"datePublished\":\"2019-09-10T00:00:07+00:00\",\"dateModified\":\"2023-05-25T23:45:28+00:00\",\"breadcrumb\":{\"@id\":\"https:\\\/\\\/meprolim.es\\\/producto\\\/quimicos-articulos-limpieza\\\/productos-quimicos-industriales\\\/fregasuelos\\\/phneutro\\\/bidon-5kg-fregasuelos-citrico-cleaning\\\/#breadcrumb\"},\"inLanguage\":\"de\",\"potentialAction\":[{\"@type\":\"ReadAction\",\"target\":[\"https:\\\/\\\/meprolim.es\\\/producto\\\/quimicos-articulos-limpieza\\\/productos-quimicos-industriales\\\/fregasuelos\\\/phneutro\\\/bidon-5kg-fregasuelos-citrico-cleaning\\\/\"]}]},{\"@type\":\"ImageObject\",\"inLanguage\":\"de\",\"@id\":\"https:\\\/\\\/meprolim.es\\\/producto\\\/quimicos-articulos-limpieza\\\/productos-quimicos-industriales\\\/fregasuelos\\\/phneutro\\\/bidon-5kg-fregasuelos-citrico-cleaning\\\/#primaryimage\",\"url\":\"https:\\\/\\\/meprolim.es\\\/wp-content\\\/uploads\\\/2019\\\/09\\\/FR0104.jpg\",\"contentUrl\":\"https:\\\/\\\/meprolim.es\\\/wp-content\\\/uploads\\\/2019\\\/09\\\/FR0104.jpg\",\"width\":768,\"height\":768},{\"@type\":\"BreadcrumbList\",\"@id\":\"https:\\\/\\\/meprolim.es\\\/producto\\\/quimicos-articulos-limpieza\\\/productos-quimicos-industriales\\\/fregasuelos\\\/phneutro\\\/bidon-5kg-fregasuelos-citrico-cleaning\\\/#breadcrumb\",\"itemListElement\":[{\"@type\":\"ListItem\",\"position\":1,\"name\":\"Portada\",\"item\":\"https:\\\/\\\/meprolim.es\\\/de\\\/\"},{\"@type\":\"ListItem\",\"position\":2,\"name\":\"Cat\u00e1logo\",\"item\":\"https:\\\/\\\/meprolim.es\\\/de\\\/catalogo\\\/\"},{\"@type\":\"ListItem\",\"position\":3,\"name\":\"BID\u00d3N 5KG. FREGASUELOS C\u00cdTRICO CLEANING &#8211; C\u00d3DIGO: FR0104\"}]},{\"@type\":\"WebSite\",\"@id\":\"https:\\\/\\\/meprolim.es\\\/fr\\\/#website\",\"url\":\"https:\\\/\\\/meprolim.es\\\/fr\\\/\",\"name\":\"Meprolim\",\"description\":\"Cavas Catalanas S.L.\",\"publisher\":{\"@id\":\"https:\\\/\\\/meprolim.es\\\/fr\\\/#organization\"},\"potentialAction\":[{\"@type\":\"SearchAction\",\"target\":{\"@type\":\"EntryPoint\",\"urlTemplate\":\"https:\\\/\\\/meprolim.es\\\/fr\\\/?s={search_term_string}\"},\"query-input\":{\"@type\":\"PropertyValueSpecification\",\"valueRequired\":true,\"valueName\":\"search_term_string\"}}],\"inLanguage\":\"de\"},{\"@type\":\"Organization\",\"@id\":\"https:\\\/\\\/meprolim.es\\\/fr\\\/#organization\",\"name\":\"Meprolim\",\"url\":\"https:\\\/\\\/meprolim.es\\\/fr\\\/\",\"logo\":{\"@type\":\"ImageObject\",\"inLanguage\":\"de\",\"@id\":\"https:\\\/\\\/meprolim.es\\\/fr\\\/#\\\/schema\\\/logo\\\/image\\\/\",\"url\":\"https:\\\/\\\/meprolim.es\\\/wp-content\\\/uploads\\\/2019\\\/07\\\/cropped-logo2.png\",\"contentUrl\":\"https:\\\/\\\/meprolim.es\\\/wp-content\\\/uploads\\\/2019\\\/07\\\/cropped-logo2.png\",\"width\":401,\"height\":162,\"caption\":\"Meprolim\"},\"image\":{\"@id\":\"https:\\\/\\\/meprolim.es\\\/fr\\\/#\\\/schema\\\/logo\\\/image\\\/\"}}]}<\/script>\n<!-- \/ Yoast SEO plugin. -->","yoast_head_json":{"title":"BID\u00d3N 5KG. FREGASUELOS C\u00cdTRICO CLEANING - C\u00d3DIGO: FR0104 - Meprolim","robots":{"index":"index","follow":"follow","max-snippet":"max-snippet:-1","max-image-preview":"max-image-preview:large","max-video-preview":"max-video-preview:-1"},"canonical":"https:\/\/meprolim.es\/producto\/quimicos-articulos-limpieza\/productos-quimicos-industriales\/fregasuelos\/phneutro\/bidon-5kg-fregasuelos-citrico-cleaning\/","og_locale":"de_DE","og_type":"article","og_title":"BID\u00d3N 5KG. FREGASUELOS C\u00cdTRICO CLEANING - C\u00d3DIGO: FR0104 - Meprolim","og_description":"pH: 8-10  Producto con pH neutro que abrillanta y perfuma agradablemente el ambiente durante m\u00e1s tiempo.  Incorpora tensioactivos, los cuales disuelven la suciedad elimin\u00e1ndola sin esfuerzo.  Alta concentraci\u00f3n: proporciona gran rendimiento.  No da\u00f1a ning\u00fan tipo de superficie, excepto madera y corcho.  Producto l\u00edquido.  Color: verde.  Perfume: c\u00edtrico.  Para superficies muy sucias diluir 160 ml de producto en un cubo de agua de 5 l.  Para limpieza diaria diluir 80-100 ml de producto en un cubo de agua de 5 l.  La dosificaci\u00f3n y tiempo de contacto dependen del estado de la superficie.  SKU: FR0104  &nbsp;  &nbsp;","og_url":"https:\/\/meprolim.es\/producto\/quimicos-articulos-limpieza\/productos-quimicos-industriales\/fregasuelos\/phneutro\/bidon-5kg-fregasuelos-citrico-cleaning\/","og_site_name":"Meprolim","article_modified_time":"2023-05-25T23:45:28+00:00","og_image":[{"width":768,"height":768,"url":"https:\/\/meprolim.es\/wp-content\/uploads\/2019\/09\/FR0104.jpg","type":"image\/jpeg"}],"twitter_card":"summary_large_image","twitter_misc":{"Gesch\u00e4tzte Lesezeit":"1\u00a0Minute"},"schema":{"@context":"https:\/\/schema.org","@graph":[{"@type":"WebPage","@id":"https:\/\/meprolim.es\/producto\/quimicos-articulos-limpieza\/productos-quimicos-industriales\/fregasuelos\/phneutro\/bidon-5kg-fregasuelos-citrico-cleaning\/","url":"https:\/\/meprolim.es\/producto\/quimicos-articulos-limpieza\/productos-quimicos-industriales\/fregasuelos\/phneutro\/bidon-5kg-fregasuelos-citrico-cleaning\/","name":"BID\u00d3N 5KG. FREGASUELOS C\u00cdTRICO CLEANING - C\u00d3DIGO: FR0104 - Meprolim","isPartOf":{"@id":"https:\/\/meprolim.es\/fr\/#website"},"primaryImageOfPage":{"@id":"https:\/\/meprolim.es\/producto\/quimicos-articulos-limpieza\/productos-quimicos-industriales\/fregasuelos\/phneutro\/bidon-5kg-fregasuelos-citrico-cleaning\/#primaryimage"},"image":{"@id":"https:\/\/meprolim.es\/producto\/quimicos-articulos-limpieza\/productos-quimicos-industriales\/fregasuelos\/phneutro\/bidon-5kg-fregasuelos-citrico-cleaning\/#primaryimage"},"thumbnailUrl":"https:\/\/meprolim.es\/wp-content\/uploads\/2019\/09\/FR0104.jpg","datePublished":"2019-09-10T00:00:07+00:00","dateModified":"2023-05-25T23:45:28+00:00","breadcrumb":{"@id":"https:\/\/meprolim.es\/producto\/quimicos-articulos-limpieza\/productos-quimicos-industriales\/fregasuelos\/phneutro\/bidon-5kg-fregasuelos-citrico-cleaning\/#breadcrumb"},"inLanguage":"de","potentialAction":[{"@type":"ReadAction","target":["https:\/\/meprolim.es\/producto\/quimicos-articulos-limpieza\/productos-quimicos-industriales\/fregasuelos\/phneutro\/bidon-5kg-fregasuelos-citrico-cleaning\/"]}]},{"@type":"ImageObject","inLanguage":"de","@id":"https:\/\/meprolim.es\/producto\/quimicos-articulos-limpieza\/productos-quimicos-industriales\/fregasuelos\/phneutro\/bidon-5kg-fregasuelos-citrico-cleaning\/#primaryimage","url":"https:\/\/meprolim.es\/wp-content\/uploads\/2019\/09\/FR0104.jpg","contentUrl":"https:\/\/meprolim.es\/wp-content\/uploads\/2019\/09\/FR0104.jpg","width":768,"height":768},{"@type":"BreadcrumbList","@id":"https:\/\/meprolim.es\/producto\/quimicos-articulos-limpieza\/productos-quimicos-industriales\/fregasuelos\/phneutro\/bidon-5kg-fregasuelos-citrico-cleaning\/#breadcrumb","itemListElement":[{"@type":"ListItem","position":1,"name":"Portada","item":"https:\/\/meprolim.es\/de\/"},{"@type":"ListItem","position":2,"name":"Cat\u00e1logo","item":"https:\/\/meprolim.es\/de\/catalogo\/"},{"@type":"ListItem","position":3,"name":"BID\u00d3N 5KG. FREGASUELOS C\u00cdTRICO CLEANING &#8211; C\u00d3DIGO: FR0104"}]},{"@type":"WebSite","@id":"https:\/\/meprolim.es\/fr\/#website","url":"https:\/\/meprolim.es\/fr\/","name":"Meprolim","description":"Cavas Catalanas S.L.","publisher":{"@id":"https:\/\/meprolim.es\/fr\/#organization"},"potentialAction":[{"@type":"SearchAction","target":{"@type":"EntryPoint","urlTemplate":"https:\/\/meprolim.es\/fr\/?s={search_term_string}"},"query-input":{"@type":"PropertyValueSpecification","valueRequired":true,"valueName":"search_term_string"}}],"inLanguage":"de"},{"@type":"Organization","@id":"https:\/\/meprolim.es\/fr\/#organization","name":"Meprolim","url":"https:\/\/meprolim.es\/fr\/","logo":{"@type":"ImageObject","inLanguage":"de","@id":"https:\/\/meprolim.es\/fr\/#\/schema\/logo\/image\/","url":"https:\/\/meprolim.es\/wp-content\/uploads\/2019\/07\/cropped-logo2.png","contentUrl":"https:\/\/meprolim.es\/wp-content\/uploads\/2019\/07\/cropped-logo2.png","width":401,"height":162,"caption":"Meprolim"},"image":{"@id":"https:\/\/meprolim.es\/fr\/#\/schema\/logo\/image\/"}}]}},"_links":{"self":[{"href":"https:\/\/meprolim.es\/de\/wp-json\/wp\/v2\/product\/10026","targetHints":{"allow":["GET"]}}],"collection":[{"href":"https:\/\/meprolim.es\/de\/wp-json\/wp\/v2\/product"}],"about":[{"href":"https:\/\/meprolim.es\/de\/wp-json\/wp\/v2\/types\/product"}],"wp:featuredmedia":[{"embeddable":true,"href":"https:\/\/meprolim.es\/de\/wp-json\/wp\/v2\/media\/10028"}],"wp:attachment":[{"href":"https:\/\/meprolim.es\/de\/wp-json\/wp\/v2\/media?parent=10026"}],"wp:term":[{"taxonomy":"product_brand","embeddable":true,"href":"https:\/\/meprolim.es\/de\/wp-json\/wp\/v2\/product_brand?post=10026"},{"taxonomy":"product_cat","embeddable":true,"href":"https:\/\/meprolim.es\/de\/wp-json\/wp\/v2\/product_cat?post=10026"},{"taxonomy":"product_tag","embeddable":true,"href":"https:\/\/meprolim.es\/de\/wp-json\/wp\/v2\/product_tag?post=10026"}],"curies":[{"name":"wp","href":"https:\/\/api.w.org\/{rel}","templated":true}]}}