{"id":10152,"date":"2019-09-10T13:22:15","date_gmt":"2019-09-10T12:22:15","guid":{"rendered":"http:\/\/www.meprolim.es\/?post_type=product&#038;p=10152"},"modified":"2023-05-24T20:14:51","modified_gmt":"2023-05-24T19:14:51","slug":"bidon-10kg-floormaq-ac-meprolim","status":"publish","type":"product","link":"https:\/\/meprolim.es\/de\/producto\/quimicos-y-articulos-de-limpieza\/productos-quimicos-industriales-de-2\/detergentes-acidos-desincrustantes-de-2\/espuma-controlada-detergentes-acidos-desincrustantes-de-2\/bidon-10kg-floormaq-ac-meprolim\/","title":{"rendered":"BID\u00d3N 10KG FLOORMAQ AC MEPROLIM &#8211; C\u00d3DIGO: FR0036"},"content":{"rendered":"<div class=\"wpb-content-wrapper\"><p>[vc_row][vc_column][vc_column_text]<\/p>\n<p style=\"text-align: justify;\">Producto en\u00e9rgico para la limpieza con m\u00e1quinas autom\u00e1ticas de suelos industriales. Incorpora componentes activos que eliminan cualquier tipo de suciedad, hasta la m\u00e1s incrustada. Contiene componentes que respetan los pavimentos de gres y cer\u00e1mica y es agresivo con la suciedad acumulada. Evita que se formen efluorescencias en la junta y que se pierda la arena de las mismas. Producto con espuma<br \/>\ncontrolada.<\/p>\n<p>[\/vc_column_text][\/vc_column][\/vc_row]<\/p>\n<\/div>","protected":false},"excerpt":{"rendered":"<ul>\n<li>pH 8-9.<\/li>\n<li>Bid\u00f3n de 10 litros.<\/li>\n<li>Producto en\u00e9rgico para la limpieza con m\u00e1quinas autom\u00e1ticas de suelos industriales.<\/li>\n<li>Contiene componentes que respetan los pavimentos de gres y cer\u00e1mica y es agresivo con la suciedad acumulada.<\/li>\n<li>Evita que se formen efluorescencias en la junta y que se pierda la arena de las mismas.<\/li>\n<li>Producto con espuma controlada.<\/li>\n<li>Disuelve la grasa sin esfuerzo.<\/li>\n<li>Antiespumante.<\/li>\n<li>Evita la formaci\u00f3n de residuos calc\u00e1reos.<\/li>\n<li>Producto l\u00edquido.<\/li>\n<li>Color: naranja.<\/li>\n<li>Perfume: caracter\u00edstico.<\/li>\n<li>USO CON M\u00c1QUINA.<\/li>\n<li>Dosificar 0,2-1% de producto en el dep\u00f3sito del agua limpia de la m\u00e1quina.<\/li>\n<li>Proceder del modo habitual.<\/li>\n<\/ul>\n<p><strong>SKU: FR0036<\/strong><\/p>\n<p>&nbsp;<\/p>\n<p>&nbsp;<\/p>\n","protected":false},"featured_media":10153,"template":"","meta":[],"product_brand":[],"product_cat":[686,1066,652,94],"product_tag":[671,663,654],"class_list":{"0":"post-10152","1":"product","2":"type-product","3":"status-publish","4":"has-post-thumbnail","6":"product_cat-detergentes-acidos-desincrustantes","7":"product_cat-espuma-controlada-detergentes-acidos-desincrustantes","8":"product_cat-productos-quimicos-industriales","9":"product_cat-quimicos-articulos-limpieza","10":"product_tag-desengrasantes","11":"product_tag-espuma-controlada","12":"product_tag-productos-quimicos","14":"first","15":"instock","16":"shipping-taxable","17":"product-type-simple"},"yoast_head":"<!-- This site is optimized with the Yoast SEO plugin v27.3 - https:\/\/yoast.com\/product\/yoast-seo-wordpress\/ -->\n<title>BID\u00d3N 10KG FLOORMAQ AC MEPROLIM - C\u00d3DIGO: FR0036 - Meprolim<\/title>\n<meta name=\"robots\" content=\"index, follow, max-snippet:-1, max-image-preview:large, max-video-preview:-1\" \/>\n<link rel=\"canonical\" href=\"https:\/\/meprolim.es\/producto\/quimicos-articulos-limpieza\/productos-quimicos-industriales\/detergentes-acidos-desincrustantes\/espuma-controlada-detergentes-acidos-desincrustantes\/bidon-10kg-floormaq-ac-meprolim\/\" \/>\n<meta property=\"og:locale\" content=\"de_DE\" \/>\n<meta property=\"og:type\" content=\"article\" \/>\n<meta property=\"og:title\" content=\"BID\u00d3N 10KG FLOORMAQ AC MEPROLIM - C\u00d3DIGO: FR0036 - Meprolim\" \/>\n<meta property=\"og:description\" content=\"pH 8-9.  Bid\u00f3n de 10 litros.  Producto en\u00e9rgico para la limpieza con m\u00e1quinas autom\u00e1ticas de suelos industriales.  Contiene componentes que respetan los pavimentos de gres y cer\u00e1mica y es agresivo con la suciedad acumulada.  Evita que se formen efluorescencias en la junta y que se pierda la arena de las mismas.  Producto con espuma controlada.  Disuelve la grasa sin esfuerzo.  Antiespumante.  Evita la formaci\u00f3n de residuos calc\u00e1reos.  Producto l\u00edquido.  Color: naranja.  Perfume: caracter\u00edstico.  USO CON M\u00c1QUINA.  Dosificar 0,2-1% de producto en el dep\u00f3sito del agua limpia de la m\u00e1quina.  Proceder del modo habitual.  SKU: FR0036  &nbsp;  &nbsp;\" \/>\n<meta property=\"og:url\" content=\"https:\/\/meprolim.es\/producto\/quimicos-articulos-limpieza\/productos-quimicos-industriales\/detergentes-acidos-desincrustantes\/espuma-controlada-detergentes-acidos-desincrustantes\/bidon-10kg-floormaq-ac-meprolim\/\" \/>\n<meta property=\"og:site_name\" content=\"Meprolim\" \/>\n<meta property=\"article:modified_time\" content=\"2023-05-24T19:14:51+00:00\" \/>\n<meta property=\"og:image\" content=\"https:\/\/meprolim.es\/wp-content\/uploads\/2019\/09\/FR0036.jpg\" \/>\n\t<meta property=\"og:image:width\" content=\"768\" \/>\n\t<meta property=\"og:image:height\" content=\"768\" \/>\n\t<meta property=\"og:image:type\" content=\"image\/jpeg\" \/>\n<meta name=\"twitter:card\" content=\"summary_large_image\" \/>\n<meta name=\"twitter:label1\" content=\"Gesch\u00e4tzte Lesezeit\" \/>\n\t<meta name=\"twitter:data1\" content=\"1\u00a0Minute\" \/>\n<script type=\"application\/ld+json\" class=\"yoast-schema-graph\">{\"@context\":\"https:\\\/\\\/schema.org\",\"@graph\":[{\"@type\":\"WebPage\",\"@id\":\"https:\\\/\\\/meprolim.es\\\/producto\\\/quimicos-articulos-limpieza\\\/productos-quimicos-industriales\\\/detergentes-acidos-desincrustantes\\\/espuma-controlada-detergentes-acidos-desincrustantes\\\/bidon-10kg-floormaq-ac-meprolim\\\/\",\"url\":\"https:\\\/\\\/meprolim.es\\\/producto\\\/quimicos-articulos-limpieza\\\/productos-quimicos-industriales\\\/detergentes-acidos-desincrustantes\\\/espuma-controlada-detergentes-acidos-desincrustantes\\\/bidon-10kg-floormaq-ac-meprolim\\\/\",\"name\":\"BID\u00d3N 10KG FLOORMAQ AC MEPROLIM - C\u00d3DIGO: FR0036 - Meprolim\",\"isPartOf\":{\"@id\":\"https:\\\/\\\/meprolim.es\\\/fr\\\/#website\"},\"primaryImageOfPage\":{\"@id\":\"https:\\\/\\\/meprolim.es\\\/producto\\\/quimicos-articulos-limpieza\\\/productos-quimicos-industriales\\\/detergentes-acidos-desincrustantes\\\/espuma-controlada-detergentes-acidos-desincrustantes\\\/bidon-10kg-floormaq-ac-meprolim\\\/#primaryimage\"},\"image\":{\"@id\":\"https:\\\/\\\/meprolim.es\\\/producto\\\/quimicos-articulos-limpieza\\\/productos-quimicos-industriales\\\/detergentes-acidos-desincrustantes\\\/espuma-controlada-detergentes-acidos-desincrustantes\\\/bidon-10kg-floormaq-ac-meprolim\\\/#primaryimage\"},\"thumbnailUrl\":\"https:\\\/\\\/meprolim.es\\\/wp-content\\\/uploads\\\/2019\\\/09\\\/FR0036.jpg\",\"datePublished\":\"2019-09-10T12:22:15+00:00\",\"dateModified\":\"2023-05-24T19:14:51+00:00\",\"breadcrumb\":{\"@id\":\"https:\\\/\\\/meprolim.es\\\/producto\\\/quimicos-articulos-limpieza\\\/productos-quimicos-industriales\\\/detergentes-acidos-desincrustantes\\\/espuma-controlada-detergentes-acidos-desincrustantes\\\/bidon-10kg-floormaq-ac-meprolim\\\/#breadcrumb\"},\"inLanguage\":\"de\",\"potentialAction\":[{\"@type\":\"ReadAction\",\"target\":[\"https:\\\/\\\/meprolim.es\\\/producto\\\/quimicos-articulos-limpieza\\\/productos-quimicos-industriales\\\/detergentes-acidos-desincrustantes\\\/espuma-controlada-detergentes-acidos-desincrustantes\\\/bidon-10kg-floormaq-ac-meprolim\\\/\"]}]},{\"@type\":\"ImageObject\",\"inLanguage\":\"de\",\"@id\":\"https:\\\/\\\/meprolim.es\\\/producto\\\/quimicos-articulos-limpieza\\\/productos-quimicos-industriales\\\/detergentes-acidos-desincrustantes\\\/espuma-controlada-detergentes-acidos-desincrustantes\\\/bidon-10kg-floormaq-ac-meprolim\\\/#primaryimage\",\"url\":\"https:\\\/\\\/meprolim.es\\\/wp-content\\\/uploads\\\/2019\\\/09\\\/FR0036.jpg\",\"contentUrl\":\"https:\\\/\\\/meprolim.es\\\/wp-content\\\/uploads\\\/2019\\\/09\\\/FR0036.jpg\",\"width\":768,\"height\":768},{\"@type\":\"BreadcrumbList\",\"@id\":\"https:\\\/\\\/meprolim.es\\\/producto\\\/quimicos-articulos-limpieza\\\/productos-quimicos-industriales\\\/detergentes-acidos-desincrustantes\\\/espuma-controlada-detergentes-acidos-desincrustantes\\\/bidon-10kg-floormaq-ac-meprolim\\\/#breadcrumb\",\"itemListElement\":[{\"@type\":\"ListItem\",\"position\":1,\"name\":\"Portada\",\"item\":\"https:\\\/\\\/meprolim.es\\\/de\\\/\"},{\"@type\":\"ListItem\",\"position\":2,\"name\":\"Cat\u00e1logo\",\"item\":\"https:\\\/\\\/meprolim.es\\\/de\\\/catalogo\\\/\"},{\"@type\":\"ListItem\",\"position\":3,\"name\":\"BID\u00d3N 10KG FLOORMAQ AC MEPROLIM &#8211; C\u00d3DIGO: FR0036\"}]},{\"@type\":\"WebSite\",\"@id\":\"https:\\\/\\\/meprolim.es\\\/fr\\\/#website\",\"url\":\"https:\\\/\\\/meprolim.es\\\/fr\\\/\",\"name\":\"Meprolim\",\"description\":\"Cavas Catalanas S.L.\",\"publisher\":{\"@id\":\"https:\\\/\\\/meprolim.es\\\/fr\\\/#organization\"},\"potentialAction\":[{\"@type\":\"SearchAction\",\"target\":{\"@type\":\"EntryPoint\",\"urlTemplate\":\"https:\\\/\\\/meprolim.es\\\/fr\\\/?s={search_term_string}\"},\"query-input\":{\"@type\":\"PropertyValueSpecification\",\"valueRequired\":true,\"valueName\":\"search_term_string\"}}],\"inLanguage\":\"de\"},{\"@type\":\"Organization\",\"@id\":\"https:\\\/\\\/meprolim.es\\\/fr\\\/#organization\",\"name\":\"Meprolim\",\"url\":\"https:\\\/\\\/meprolim.es\\\/fr\\\/\",\"logo\":{\"@type\":\"ImageObject\",\"inLanguage\":\"de\",\"@id\":\"https:\\\/\\\/meprolim.es\\\/fr\\\/#\\\/schema\\\/logo\\\/image\\\/\",\"url\":\"https:\\\/\\\/meprolim.es\\\/wp-content\\\/uploads\\\/2019\\\/07\\\/cropped-logo2.png\",\"contentUrl\":\"https:\\\/\\\/meprolim.es\\\/wp-content\\\/uploads\\\/2019\\\/07\\\/cropped-logo2.png\",\"width\":401,\"height\":162,\"caption\":\"Meprolim\"},\"image\":{\"@id\":\"https:\\\/\\\/meprolim.es\\\/fr\\\/#\\\/schema\\\/logo\\\/image\\\/\"}}]}<\/script>\n<!-- \/ Yoast SEO plugin. -->","yoast_head_json":{"title":"BID\u00d3N 10KG FLOORMAQ AC MEPROLIM - C\u00d3DIGO: FR0036 - Meprolim","robots":{"index":"index","follow":"follow","max-snippet":"max-snippet:-1","max-image-preview":"max-image-preview:large","max-video-preview":"max-video-preview:-1"},"canonical":"https:\/\/meprolim.es\/producto\/quimicos-articulos-limpieza\/productos-quimicos-industriales\/detergentes-acidos-desincrustantes\/espuma-controlada-detergentes-acidos-desincrustantes\/bidon-10kg-floormaq-ac-meprolim\/","og_locale":"de_DE","og_type":"article","og_title":"BID\u00d3N 10KG FLOORMAQ AC MEPROLIM - C\u00d3DIGO: FR0036 - Meprolim","og_description":"pH 8-9.  Bid\u00f3n de 10 litros.  Producto en\u00e9rgico para la limpieza con m\u00e1quinas autom\u00e1ticas de suelos industriales.  Contiene componentes que respetan los pavimentos de gres y cer\u00e1mica y es agresivo con la suciedad acumulada.  Evita que se formen efluorescencias en la junta y que se pierda la arena de las mismas.  Producto con espuma controlada.  Disuelve la grasa sin esfuerzo.  Antiespumante.  Evita la formaci\u00f3n de residuos calc\u00e1reos.  Producto l\u00edquido.  Color: naranja.  Perfume: caracter\u00edstico.  USO CON M\u00c1QUINA.  Dosificar 0,2-1% de producto en el dep\u00f3sito del agua limpia de la m\u00e1quina.  Proceder del modo habitual.  SKU: FR0036  &nbsp;  &nbsp;","og_url":"https:\/\/meprolim.es\/producto\/quimicos-articulos-limpieza\/productos-quimicos-industriales\/detergentes-acidos-desincrustantes\/espuma-controlada-detergentes-acidos-desincrustantes\/bidon-10kg-floormaq-ac-meprolim\/","og_site_name":"Meprolim","article_modified_time":"2023-05-24T19:14:51+00:00","og_image":[{"width":768,"height":768,"url":"https:\/\/meprolim.es\/wp-content\/uploads\/2019\/09\/FR0036.jpg","type":"image\/jpeg"}],"twitter_card":"summary_large_image","twitter_misc":{"Gesch\u00e4tzte Lesezeit":"1\u00a0Minute"},"schema":{"@context":"https:\/\/schema.org","@graph":[{"@type":"WebPage","@id":"https:\/\/meprolim.es\/producto\/quimicos-articulos-limpieza\/productos-quimicos-industriales\/detergentes-acidos-desincrustantes\/espuma-controlada-detergentes-acidos-desincrustantes\/bidon-10kg-floormaq-ac-meprolim\/","url":"https:\/\/meprolim.es\/producto\/quimicos-articulos-limpieza\/productos-quimicos-industriales\/detergentes-acidos-desincrustantes\/espuma-controlada-detergentes-acidos-desincrustantes\/bidon-10kg-floormaq-ac-meprolim\/","name":"BID\u00d3N 10KG FLOORMAQ AC MEPROLIM - C\u00d3DIGO: FR0036 - Meprolim","isPartOf":{"@id":"https:\/\/meprolim.es\/fr\/#website"},"primaryImageOfPage":{"@id":"https:\/\/meprolim.es\/producto\/quimicos-articulos-limpieza\/productos-quimicos-industriales\/detergentes-acidos-desincrustantes\/espuma-controlada-detergentes-acidos-desincrustantes\/bidon-10kg-floormaq-ac-meprolim\/#primaryimage"},"image":{"@id":"https:\/\/meprolim.es\/producto\/quimicos-articulos-limpieza\/productos-quimicos-industriales\/detergentes-acidos-desincrustantes\/espuma-controlada-detergentes-acidos-desincrustantes\/bidon-10kg-floormaq-ac-meprolim\/#primaryimage"},"thumbnailUrl":"https:\/\/meprolim.es\/wp-content\/uploads\/2019\/09\/FR0036.jpg","datePublished":"2019-09-10T12:22:15+00:00","dateModified":"2023-05-24T19:14:51+00:00","breadcrumb":{"@id":"https:\/\/meprolim.es\/producto\/quimicos-articulos-limpieza\/productos-quimicos-industriales\/detergentes-acidos-desincrustantes\/espuma-controlada-detergentes-acidos-desincrustantes\/bidon-10kg-floormaq-ac-meprolim\/#breadcrumb"},"inLanguage":"de","potentialAction":[{"@type":"ReadAction","target":["https:\/\/meprolim.es\/producto\/quimicos-articulos-limpieza\/productos-quimicos-industriales\/detergentes-acidos-desincrustantes\/espuma-controlada-detergentes-acidos-desincrustantes\/bidon-10kg-floormaq-ac-meprolim\/"]}]},{"@type":"ImageObject","inLanguage":"de","@id":"https:\/\/meprolim.es\/producto\/quimicos-articulos-limpieza\/productos-quimicos-industriales\/detergentes-acidos-desincrustantes\/espuma-controlada-detergentes-acidos-desincrustantes\/bidon-10kg-floormaq-ac-meprolim\/#primaryimage","url":"https:\/\/meprolim.es\/wp-content\/uploads\/2019\/09\/FR0036.jpg","contentUrl":"https:\/\/meprolim.es\/wp-content\/uploads\/2019\/09\/FR0036.jpg","width":768,"height":768},{"@type":"BreadcrumbList","@id":"https:\/\/meprolim.es\/producto\/quimicos-articulos-limpieza\/productos-quimicos-industriales\/detergentes-acidos-desincrustantes\/espuma-controlada-detergentes-acidos-desincrustantes\/bidon-10kg-floormaq-ac-meprolim\/#breadcrumb","itemListElement":[{"@type":"ListItem","position":1,"name":"Portada","item":"https:\/\/meprolim.es\/de\/"},{"@type":"ListItem","position":2,"name":"Cat\u00e1logo","item":"https:\/\/meprolim.es\/de\/catalogo\/"},{"@type":"ListItem","position":3,"name":"BID\u00d3N 10KG FLOORMAQ AC MEPROLIM &#8211; C\u00d3DIGO: FR0036"}]},{"@type":"WebSite","@id":"https:\/\/meprolim.es\/fr\/#website","url":"https:\/\/meprolim.es\/fr\/","name":"Meprolim","description":"Cavas Catalanas S.L.","publisher":{"@id":"https:\/\/meprolim.es\/fr\/#organization"},"potentialAction":[{"@type":"SearchAction","target":{"@type":"EntryPoint","urlTemplate":"https:\/\/meprolim.es\/fr\/?s={search_term_string}"},"query-input":{"@type":"PropertyValueSpecification","valueRequired":true,"valueName":"search_term_string"}}],"inLanguage":"de"},{"@type":"Organization","@id":"https:\/\/meprolim.es\/fr\/#organization","name":"Meprolim","url":"https:\/\/meprolim.es\/fr\/","logo":{"@type":"ImageObject","inLanguage":"de","@id":"https:\/\/meprolim.es\/fr\/#\/schema\/logo\/image\/","url":"https:\/\/meprolim.es\/wp-content\/uploads\/2019\/07\/cropped-logo2.png","contentUrl":"https:\/\/meprolim.es\/wp-content\/uploads\/2019\/07\/cropped-logo2.png","width":401,"height":162,"caption":"Meprolim"},"image":{"@id":"https:\/\/meprolim.es\/fr\/#\/schema\/logo\/image\/"}}]}},"_links":{"self":[{"href":"https:\/\/meprolim.es\/de\/wp-json\/wp\/v2\/product\/10152","targetHints":{"allow":["GET"]}}],"collection":[{"href":"https:\/\/meprolim.es\/de\/wp-json\/wp\/v2\/product"}],"about":[{"href":"https:\/\/meprolim.es\/de\/wp-json\/wp\/v2\/types\/product"}],"wp:featuredmedia":[{"embeddable":true,"href":"https:\/\/meprolim.es\/de\/wp-json\/wp\/v2\/media\/10153"}],"wp:attachment":[{"href":"https:\/\/meprolim.es\/de\/wp-json\/wp\/v2\/media?parent=10152"}],"wp:term":[{"taxonomy":"product_brand","embeddable":true,"href":"https:\/\/meprolim.es\/de\/wp-json\/wp\/v2\/product_brand?post=10152"},{"taxonomy":"product_cat","embeddable":true,"href":"https:\/\/meprolim.es\/de\/wp-json\/wp\/v2\/product_cat?post=10152"},{"taxonomy":"product_tag","embeddable":true,"href":"https:\/\/meprolim.es\/de\/wp-json\/wp\/v2\/product_tag?post=10152"}],"curies":[{"name":"wp","href":"https:\/\/api.w.org\/{rel}","templated":true}]}}