{"id":10174,"date":"2019-09-10T13:50:16","date_gmt":"2019-09-10T12:50:16","guid":{"rendered":"http:\/\/www.meprolim.es\/?post_type=product&#038;p=10174"},"modified":"2023-05-20T18:53:11","modified_gmt":"2023-05-20T17:53:11","slug":"bote-aquagen-sprint-foam","status":"publish","type":"product","link":"https:\/\/meprolim.es\/de\/producto\/quimicos-y-articulos-de-limpieza\/productos-quimicos-industriales-de-2\/desengrasantes-productos-quimicos-industriales-de-2\/comunes-de-2\/bote-aquagen-sprint-foam\/","title":{"rendered":"BOTE AQUAGEN SPRINT FOAM &#8211; C\u00d3DIGO: BX4064"},"content":{"rendered":"<div class=\"wpb-content-wrapper\"><p>[vc_row][vc_column][vc_column_text]<\/p>\n<p>Elimina grasa y suciedad persistente. Espuma consistente, que prolonga la acci\u00f3n. Dosificaci\u00f3n c\u00f3moda y segura. M\u00e1xima eficacia limpiadora sin salpicaduras ni vapores.<\/p>\n<p>[\/vc_column_text][\/vc_column][\/vc_row]<\/p>\n<\/div>","protected":false},"excerpt":{"rendered":"<ul>\n<li>pH 12.<\/li>\n<li>Bote de 1 litro.<\/li>\n<li>Elimina grasa y suciedad persistente.<\/li>\n<li>Espuma consistente, que prolonga la acci\u00f3n.<\/li>\n<li>M\u00e1xima eficacia limpiadora sin salpicaduras ni vapores.<\/li>\n<li>Dosificaci\u00f3n c\u00f3moda y segura.<\/li>\n<li>Producto l\u00edquido transparente.<\/li>\n<li>Color: amarillo.<\/li>\n<li>Perfume: lim\u00f3n.<\/li>\n<li>Pulverizar el producto sobre la superficie.<\/li>\n<li>Frotar las zonas m\u00e1s incrustadas o de dif\u00edcil acceso.<\/li>\n<li>Dejar actuar y aclarar con agua.<\/li>\n<li>El tiempo de contacto depende del nivel de incrustaci\u00f3n.<\/li>\n<\/ul>\n<p><strong>SKU: BX4064<\/strong><\/p>\n<p>&nbsp;<\/p>\n<p>&nbsp;<\/p>\n","protected":false},"featured_media":10175,"template":"","meta":[],"product_brand":[],"product_cat":[907,1061,652,94],"product_tag":[671,654],"class_list":{"0":"post-10174","1":"product","2":"type-product","3":"status-publish","4":"has-post-thumbnail","6":"product_cat-comunes","7":"product_cat-desengrasantes-productos-quimicos-industriales","8":"product_cat-productos-quimicos-industriales","9":"product_cat-quimicos-articulos-limpieza","10":"product_tag-desengrasantes","11":"product_tag-productos-quimicos","13":"first","14":"instock","15":"shipping-taxable","16":"product-type-simple"},"yoast_head":"<!-- This site is optimized with the Yoast SEO plugin v27.3 - https:\/\/yoast.com\/product\/yoast-seo-wordpress\/ -->\n<title>BOTE AQUAGEN SPRINT FOAM - C\u00d3DIGO: BX4064 - Meprolim<\/title>\n<meta name=\"robots\" content=\"index, follow, max-snippet:-1, max-image-preview:large, max-video-preview:-1\" \/>\n<link rel=\"canonical\" href=\"https:\/\/meprolim.es\/producto\/quimicos-articulos-limpieza\/productos-quimicos-industriales\/desengrasantes-productos-quimicos-industriales\/comunes\/bote-aquagen-sprint-foam\/\" \/>\n<meta property=\"og:locale\" content=\"de_DE\" \/>\n<meta property=\"og:type\" content=\"article\" \/>\n<meta property=\"og:title\" content=\"BOTE AQUAGEN SPRINT FOAM - C\u00d3DIGO: BX4064 - Meprolim\" \/>\n<meta property=\"og:description\" content=\"pH 12.  Bote de 1 litro.  Elimina grasa y suciedad persistente.  Espuma consistente, que prolonga la acci\u00f3n.  M\u00e1xima eficacia limpiadora sin salpicaduras ni vapores.  Dosificaci\u00f3n c\u00f3moda y segura.  Producto l\u00edquido transparente.  Color: amarillo.  Perfume: lim\u00f3n.  Pulverizar el producto sobre la superficie.  Frotar las zonas m\u00e1s incrustadas o de dif\u00edcil acceso.  Dejar actuar y aclarar con agua.  El tiempo de contacto depende del nivel de incrustaci\u00f3n.  SKU: BX4064 &nbsp; &nbsp;\" \/>\n<meta property=\"og:url\" content=\"https:\/\/meprolim.es\/producto\/quimicos-articulos-limpieza\/productos-quimicos-industriales\/desengrasantes-productos-quimicos-industriales\/comunes\/bote-aquagen-sprint-foam\/\" \/>\n<meta property=\"og:site_name\" content=\"Meprolim\" \/>\n<meta property=\"article:modified_time\" content=\"2023-05-20T17:53:11+00:00\" \/>\n<meta property=\"og:image\" content=\"https:\/\/meprolim.es\/wp-content\/uploads\/2019\/09\/BX4064.jpg\" \/>\n\t<meta property=\"og:image:width\" content=\"768\" \/>\n\t<meta property=\"og:image:height\" content=\"768\" \/>\n\t<meta property=\"og:image:type\" content=\"image\/jpeg\" \/>\n<meta name=\"twitter:card\" content=\"summary_large_image\" \/>\n<meta name=\"twitter:label1\" content=\"Gesch\u00e4tzte Lesezeit\" \/>\n\t<meta name=\"twitter:data1\" content=\"1\u00a0Minute\" \/>\n<script type=\"application\/ld+json\" class=\"yoast-schema-graph\">{\"@context\":\"https:\\\/\\\/schema.org\",\"@graph\":[{\"@type\":\"WebPage\",\"@id\":\"https:\\\/\\\/meprolim.es\\\/producto\\\/quimicos-articulos-limpieza\\\/productos-quimicos-industriales\\\/desengrasantes-productos-quimicos-industriales\\\/comunes\\\/bote-aquagen-sprint-foam\\\/\",\"url\":\"https:\\\/\\\/meprolim.es\\\/producto\\\/quimicos-articulos-limpieza\\\/productos-quimicos-industriales\\\/desengrasantes-productos-quimicos-industriales\\\/comunes\\\/bote-aquagen-sprint-foam\\\/\",\"name\":\"BOTE AQUAGEN SPRINT FOAM - C\u00d3DIGO: BX4064 - Meprolim\",\"isPartOf\":{\"@id\":\"https:\\\/\\\/meprolim.es\\\/fr\\\/#website\"},\"primaryImageOfPage\":{\"@id\":\"https:\\\/\\\/meprolim.es\\\/producto\\\/quimicos-articulos-limpieza\\\/productos-quimicos-industriales\\\/desengrasantes-productos-quimicos-industriales\\\/comunes\\\/bote-aquagen-sprint-foam\\\/#primaryimage\"},\"image\":{\"@id\":\"https:\\\/\\\/meprolim.es\\\/producto\\\/quimicos-articulos-limpieza\\\/productos-quimicos-industriales\\\/desengrasantes-productos-quimicos-industriales\\\/comunes\\\/bote-aquagen-sprint-foam\\\/#primaryimage\"},\"thumbnailUrl\":\"https:\\\/\\\/meprolim.es\\\/wp-content\\\/uploads\\\/2019\\\/09\\\/BX4064.jpg\",\"datePublished\":\"2019-09-10T12:50:16+00:00\",\"dateModified\":\"2023-05-20T17:53:11+00:00\",\"breadcrumb\":{\"@id\":\"https:\\\/\\\/meprolim.es\\\/producto\\\/quimicos-articulos-limpieza\\\/productos-quimicos-industriales\\\/desengrasantes-productos-quimicos-industriales\\\/comunes\\\/bote-aquagen-sprint-foam\\\/#breadcrumb\"},\"inLanguage\":\"de\",\"potentialAction\":[{\"@type\":\"ReadAction\",\"target\":[\"https:\\\/\\\/meprolim.es\\\/producto\\\/quimicos-articulos-limpieza\\\/productos-quimicos-industriales\\\/desengrasantes-productos-quimicos-industriales\\\/comunes\\\/bote-aquagen-sprint-foam\\\/\"]}]},{\"@type\":\"ImageObject\",\"inLanguage\":\"de\",\"@id\":\"https:\\\/\\\/meprolim.es\\\/producto\\\/quimicos-articulos-limpieza\\\/productos-quimicos-industriales\\\/desengrasantes-productos-quimicos-industriales\\\/comunes\\\/bote-aquagen-sprint-foam\\\/#primaryimage\",\"url\":\"https:\\\/\\\/meprolim.es\\\/wp-content\\\/uploads\\\/2019\\\/09\\\/BX4064.jpg\",\"contentUrl\":\"https:\\\/\\\/meprolim.es\\\/wp-content\\\/uploads\\\/2019\\\/09\\\/BX4064.jpg\",\"width\":768,\"height\":768},{\"@type\":\"BreadcrumbList\",\"@id\":\"https:\\\/\\\/meprolim.es\\\/producto\\\/quimicos-articulos-limpieza\\\/productos-quimicos-industriales\\\/desengrasantes-productos-quimicos-industriales\\\/comunes\\\/bote-aquagen-sprint-foam\\\/#breadcrumb\",\"itemListElement\":[{\"@type\":\"ListItem\",\"position\":1,\"name\":\"Portada\",\"item\":\"https:\\\/\\\/meprolim.es\\\/de\\\/\"},{\"@type\":\"ListItem\",\"position\":2,\"name\":\"Cat\u00e1logo\",\"item\":\"https:\\\/\\\/meprolim.es\\\/de\\\/catalogo\\\/\"},{\"@type\":\"ListItem\",\"position\":3,\"name\":\"BOTE AQUAGEN SPRINT FOAM &#8211; C\u00d3DIGO: BX4064\"}]},{\"@type\":\"WebSite\",\"@id\":\"https:\\\/\\\/meprolim.es\\\/fr\\\/#website\",\"url\":\"https:\\\/\\\/meprolim.es\\\/fr\\\/\",\"name\":\"Meprolim\",\"description\":\"Cavas Catalanas S.L.\",\"publisher\":{\"@id\":\"https:\\\/\\\/meprolim.es\\\/fr\\\/#organization\"},\"potentialAction\":[{\"@type\":\"SearchAction\",\"target\":{\"@type\":\"EntryPoint\",\"urlTemplate\":\"https:\\\/\\\/meprolim.es\\\/fr\\\/?s={search_term_string}\"},\"query-input\":{\"@type\":\"PropertyValueSpecification\",\"valueRequired\":true,\"valueName\":\"search_term_string\"}}],\"inLanguage\":\"de\"},{\"@type\":\"Organization\",\"@id\":\"https:\\\/\\\/meprolim.es\\\/fr\\\/#organization\",\"name\":\"Meprolim\",\"url\":\"https:\\\/\\\/meprolim.es\\\/fr\\\/\",\"logo\":{\"@type\":\"ImageObject\",\"inLanguage\":\"de\",\"@id\":\"https:\\\/\\\/meprolim.es\\\/fr\\\/#\\\/schema\\\/logo\\\/image\\\/\",\"url\":\"https:\\\/\\\/meprolim.es\\\/wp-content\\\/uploads\\\/2019\\\/07\\\/cropped-logo2.png\",\"contentUrl\":\"https:\\\/\\\/meprolim.es\\\/wp-content\\\/uploads\\\/2019\\\/07\\\/cropped-logo2.png\",\"width\":401,\"height\":162,\"caption\":\"Meprolim\"},\"image\":{\"@id\":\"https:\\\/\\\/meprolim.es\\\/fr\\\/#\\\/schema\\\/logo\\\/image\\\/\"}}]}<\/script>\n<!-- \/ Yoast SEO plugin. -->","yoast_head_json":{"title":"BOTE AQUAGEN SPRINT FOAM - C\u00d3DIGO: BX4064 - Meprolim","robots":{"index":"index","follow":"follow","max-snippet":"max-snippet:-1","max-image-preview":"max-image-preview:large","max-video-preview":"max-video-preview:-1"},"canonical":"https:\/\/meprolim.es\/producto\/quimicos-articulos-limpieza\/productos-quimicos-industriales\/desengrasantes-productos-quimicos-industriales\/comunes\/bote-aquagen-sprint-foam\/","og_locale":"de_DE","og_type":"article","og_title":"BOTE AQUAGEN SPRINT FOAM - C\u00d3DIGO: BX4064 - Meprolim","og_description":"pH 12.  Bote de 1 litro.  Elimina grasa y suciedad persistente.  Espuma consistente, que prolonga la acci\u00f3n.  M\u00e1xima eficacia limpiadora sin salpicaduras ni vapores.  Dosificaci\u00f3n c\u00f3moda y segura.  Producto l\u00edquido transparente.  Color: amarillo.  Perfume: lim\u00f3n.  Pulverizar el producto sobre la superficie.  Frotar las zonas m\u00e1s incrustadas o de dif\u00edcil acceso.  Dejar actuar y aclarar con agua.  El tiempo de contacto depende del nivel de incrustaci\u00f3n.  SKU: BX4064 &nbsp; &nbsp;","og_url":"https:\/\/meprolim.es\/producto\/quimicos-articulos-limpieza\/productos-quimicos-industriales\/desengrasantes-productos-quimicos-industriales\/comunes\/bote-aquagen-sprint-foam\/","og_site_name":"Meprolim","article_modified_time":"2023-05-20T17:53:11+00:00","og_image":[{"width":768,"height":768,"url":"https:\/\/meprolim.es\/wp-content\/uploads\/2019\/09\/BX4064.jpg","type":"image\/jpeg"}],"twitter_card":"summary_large_image","twitter_misc":{"Gesch\u00e4tzte Lesezeit":"1\u00a0Minute"},"schema":{"@context":"https:\/\/schema.org","@graph":[{"@type":"WebPage","@id":"https:\/\/meprolim.es\/producto\/quimicos-articulos-limpieza\/productos-quimicos-industriales\/desengrasantes-productos-quimicos-industriales\/comunes\/bote-aquagen-sprint-foam\/","url":"https:\/\/meprolim.es\/producto\/quimicos-articulos-limpieza\/productos-quimicos-industriales\/desengrasantes-productos-quimicos-industriales\/comunes\/bote-aquagen-sprint-foam\/","name":"BOTE AQUAGEN SPRINT FOAM - C\u00d3DIGO: BX4064 - Meprolim","isPartOf":{"@id":"https:\/\/meprolim.es\/fr\/#website"},"primaryImageOfPage":{"@id":"https:\/\/meprolim.es\/producto\/quimicos-articulos-limpieza\/productos-quimicos-industriales\/desengrasantes-productos-quimicos-industriales\/comunes\/bote-aquagen-sprint-foam\/#primaryimage"},"image":{"@id":"https:\/\/meprolim.es\/producto\/quimicos-articulos-limpieza\/productos-quimicos-industriales\/desengrasantes-productos-quimicos-industriales\/comunes\/bote-aquagen-sprint-foam\/#primaryimage"},"thumbnailUrl":"https:\/\/meprolim.es\/wp-content\/uploads\/2019\/09\/BX4064.jpg","datePublished":"2019-09-10T12:50:16+00:00","dateModified":"2023-05-20T17:53:11+00:00","breadcrumb":{"@id":"https:\/\/meprolim.es\/producto\/quimicos-articulos-limpieza\/productos-quimicos-industriales\/desengrasantes-productos-quimicos-industriales\/comunes\/bote-aquagen-sprint-foam\/#breadcrumb"},"inLanguage":"de","potentialAction":[{"@type":"ReadAction","target":["https:\/\/meprolim.es\/producto\/quimicos-articulos-limpieza\/productos-quimicos-industriales\/desengrasantes-productos-quimicos-industriales\/comunes\/bote-aquagen-sprint-foam\/"]}]},{"@type":"ImageObject","inLanguage":"de","@id":"https:\/\/meprolim.es\/producto\/quimicos-articulos-limpieza\/productos-quimicos-industriales\/desengrasantes-productos-quimicos-industriales\/comunes\/bote-aquagen-sprint-foam\/#primaryimage","url":"https:\/\/meprolim.es\/wp-content\/uploads\/2019\/09\/BX4064.jpg","contentUrl":"https:\/\/meprolim.es\/wp-content\/uploads\/2019\/09\/BX4064.jpg","width":768,"height":768},{"@type":"BreadcrumbList","@id":"https:\/\/meprolim.es\/producto\/quimicos-articulos-limpieza\/productos-quimicos-industriales\/desengrasantes-productos-quimicos-industriales\/comunes\/bote-aquagen-sprint-foam\/#breadcrumb","itemListElement":[{"@type":"ListItem","position":1,"name":"Portada","item":"https:\/\/meprolim.es\/de\/"},{"@type":"ListItem","position":2,"name":"Cat\u00e1logo","item":"https:\/\/meprolim.es\/de\/catalogo\/"},{"@type":"ListItem","position":3,"name":"BOTE AQUAGEN SPRINT FOAM &#8211; C\u00d3DIGO: BX4064"}]},{"@type":"WebSite","@id":"https:\/\/meprolim.es\/fr\/#website","url":"https:\/\/meprolim.es\/fr\/","name":"Meprolim","description":"Cavas Catalanas S.L.","publisher":{"@id":"https:\/\/meprolim.es\/fr\/#organization"},"potentialAction":[{"@type":"SearchAction","target":{"@type":"EntryPoint","urlTemplate":"https:\/\/meprolim.es\/fr\/?s={search_term_string}"},"query-input":{"@type":"PropertyValueSpecification","valueRequired":true,"valueName":"search_term_string"}}],"inLanguage":"de"},{"@type":"Organization","@id":"https:\/\/meprolim.es\/fr\/#organization","name":"Meprolim","url":"https:\/\/meprolim.es\/fr\/","logo":{"@type":"ImageObject","inLanguage":"de","@id":"https:\/\/meprolim.es\/fr\/#\/schema\/logo\/image\/","url":"https:\/\/meprolim.es\/wp-content\/uploads\/2019\/07\/cropped-logo2.png","contentUrl":"https:\/\/meprolim.es\/wp-content\/uploads\/2019\/07\/cropped-logo2.png","width":401,"height":162,"caption":"Meprolim"},"image":{"@id":"https:\/\/meprolim.es\/fr\/#\/schema\/logo\/image\/"}}]}},"_links":{"self":[{"href":"https:\/\/meprolim.es\/de\/wp-json\/wp\/v2\/product\/10174","targetHints":{"allow":["GET"]}}],"collection":[{"href":"https:\/\/meprolim.es\/de\/wp-json\/wp\/v2\/product"}],"about":[{"href":"https:\/\/meprolim.es\/de\/wp-json\/wp\/v2\/types\/product"}],"wp:featuredmedia":[{"embeddable":true,"href":"https:\/\/meprolim.es\/de\/wp-json\/wp\/v2\/media\/10175"}],"wp:attachment":[{"href":"https:\/\/meprolim.es\/de\/wp-json\/wp\/v2\/media?parent=10174"}],"wp:term":[{"taxonomy":"product_brand","embeddable":true,"href":"https:\/\/meprolim.es\/de\/wp-json\/wp\/v2\/product_brand?post=10174"},{"taxonomy":"product_cat","embeddable":true,"href":"https:\/\/meprolim.es\/de\/wp-json\/wp\/v2\/product_cat?post=10174"},{"taxonomy":"product_tag","embeddable":true,"href":"https:\/\/meprolim.es\/de\/wp-json\/wp\/v2\/product_tag?post=10174"}],"curies":[{"name":"wp","href":"https:\/\/api.w.org\/{rel}","templated":true}]}}