{"id":10197,"date":"2019-09-10T21:20:17","date_gmt":"2019-09-10T20:20:17","guid":{"rendered":"http:\/\/www.meprolim.es\/?post_type=product&#038;p=10197"},"modified":"2023-05-26T15:17:50","modified_gmt":"2023-05-26T14:17:50","slug":"bote-1l-orange-power-meprolim","status":"publish","type":"product","link":"https:\/\/meprolim.es\/de\/producto\/quimicos-y-articulos-de-limpieza\/productos-quimicos-industriales-de-2\/desengrasantes-productos-quimicos-industriales-de-2\/comunes-de-2\/bote-1l-orange-power-meprolim\/","title":{"rendered":"BOTE 1L ORANGE POWER MEPROLIM &#8211; C\u00d3DIGO: FR2049"},"content":{"rendered":"<div class=\"wpb-content-wrapper\"><p>[vc_row][vc_column][vc_column_text]<\/p>\n<p style=\"text-align: justify;\">Desengransante multiusos aplicable a la limpieza de cocinas, utensilios de cocina, ba\u00f1os, manchas rebeldes en ropa, etc. Alto poder desengranate al incorporar en su formula extractos de origen c\u00edtrico-naranja . Alto contenido en ingredientes desengrasantes naturales. Apto para uso alimentario.<\/p>\n<p>[\/vc_column_text][\/vc_column][\/vc_row]<\/p>\n<\/div>","protected":false},"excerpt":{"rendered":"<ul>\n<li>pH 9-11.<\/li>\n<li>Bote de 1 litro.<\/li>\n<li>Desengrasante multiusos aplicable a la limpieza de cocinas, utensilios, ba\u00f1os, manchas rebeldes en ropa,&#8230;<\/li>\n<li>Alto poder desengrasante al incorporar en su f\u00f3rmula extractos de origen c\u00edtrico-naranja.<\/li>\n<li>Alto contenido en ingredientes desengrasantes naturales.<\/li>\n<li>Alta concentraci\u00f3n: excelente rendimiento.<\/li>\n<li>Componentes de baja alcalinidad, alto poder de saponificaci\u00f3n de la grasa.<\/li>\n<li>\u00a0No irrita la piel.<\/li>\n<li>Disuelve la grasa actuando en la porosidad de la superficie.<\/li>\n<li>Disolventes, poder de penetraci\u00f3n en los poros de la superficie a limpiar, para llegar a los sitios mas inaccesibles donde se acumula la grasa.<\/li>\n<li>Perfuma agradablemente.<\/li>\n<li>APTO PARA USO ALIMENTARIO.<\/li>\n<li>Producto l\u00edquido.<\/li>\n<li>Color: naranja.<\/li>\n<li>Perfume: naranja.<\/li>\n<li>En superficies duras: pulverizar el producto sobre la superficie a limpiar.<\/li>\n<li>Dejar actuar un momento y aclarar con pa\u00f1o h\u00famedo.<\/li>\n<li>Cuellos y pu\u00f1os: pulverizar el producto sobre las zonas rozadas y\/o manchadas de grasa y esperar unos minutos antes de lavar a mano o a m\u00e1quina<\/li>\n<\/ul>\n<p><strong>SKU: FR2049<\/strong><\/p>\n<p>&nbsp;<\/p>\n<p>&nbsp;<\/p>\n","protected":false},"featured_media":10198,"template":"","meta":[],"product_brand":[],"product_cat":[907,1061,652,94],"product_tag":[671,654],"class_list":{"0":"post-10197","1":"product","2":"type-product","3":"status-publish","4":"has-post-thumbnail","6":"product_cat-comunes","7":"product_cat-desengrasantes-productos-quimicos-industriales","8":"product_cat-productos-quimicos-industriales","9":"product_cat-quimicos-articulos-limpieza","10":"product_tag-desengrasantes","11":"product_tag-productos-quimicos","13":"first","14":"instock","15":"shipping-taxable","16":"product-type-simple"},"yoast_head":"<!-- This site is optimized with the Yoast SEO plugin v27.3 - https:\/\/yoast.com\/product\/yoast-seo-wordpress\/ -->\n<title>BOTE 1L ORANGE POWER MEPROLIM - C\u00d3DIGO: FR2049 - Meprolim<\/title>\n<meta name=\"robots\" content=\"index, follow, max-snippet:-1, max-image-preview:large, max-video-preview:-1\" \/>\n<link rel=\"canonical\" href=\"https:\/\/meprolim.es\/producto\/quimicos-articulos-limpieza\/productos-quimicos-industriales\/desengrasantes-productos-quimicos-industriales\/comunes\/bote-1l-orange-power-meprolim\/\" \/>\n<meta property=\"og:locale\" content=\"de_DE\" \/>\n<meta property=\"og:type\" content=\"article\" \/>\n<meta property=\"og:title\" content=\"BOTE 1L ORANGE POWER MEPROLIM - C\u00d3DIGO: FR2049 - Meprolim\" \/>\n<meta property=\"og:description\" content=\"pH 9-11.  Bote de 1 litro.  Desengrasante multiusos aplicable a la limpieza de cocinas, utensilios, ba\u00f1os, manchas rebeldes en ropa,...  Alto poder desengrasante al incorporar en su f\u00f3rmula extractos de origen c\u00edtrico-naranja.  Alto contenido en ingredientes desengrasantes naturales.  Alta concentraci\u00f3n: excelente rendimiento.  Componentes de baja alcalinidad, alto poder de saponificaci\u00f3n de la grasa.  \u00a0No irrita la piel.  Disuelve la grasa actuando en la porosidad de la superficie.  Disolventes, poder de penetraci\u00f3n en los poros de la superficie a limpiar, para llegar a los sitios mas inaccesibles donde se acumula la grasa.  Perfuma agradablemente.  APTO PARA USO ALIMENTARIO.  Producto l\u00edquido.  Color: naranja.  Perfume: naranja.  En superficies duras: pulverizar el producto sobre la superficie a limpiar.  Dejar actuar un momento y aclarar con pa\u00f1o h\u00famedo.  Cuellos y pu\u00f1os: pulverizar el producto sobre las zonas rozadas y\/o manchadas de grasa y esperar unos minutos antes de lavar a mano o a m\u00e1quina  SKU: FR2049 &nbsp; &nbsp;\" \/>\n<meta property=\"og:url\" content=\"https:\/\/meprolim.es\/producto\/quimicos-articulos-limpieza\/productos-quimicos-industriales\/desengrasantes-productos-quimicos-industriales\/comunes\/bote-1l-orange-power-meprolim\/\" \/>\n<meta property=\"og:site_name\" content=\"Meprolim\" \/>\n<meta property=\"article:modified_time\" content=\"2023-05-26T14:17:50+00:00\" \/>\n<meta property=\"og:image\" content=\"https:\/\/meprolim.es\/wp-content\/uploads\/2019\/09\/FR2049.jpg\" \/>\n\t<meta property=\"og:image:width\" content=\"768\" \/>\n\t<meta property=\"og:image:height\" content=\"768\" \/>\n\t<meta property=\"og:image:type\" content=\"image\/jpeg\" \/>\n<meta name=\"twitter:card\" content=\"summary_large_image\" \/>\n<meta name=\"twitter:label1\" content=\"Gesch\u00e4tzte Lesezeit\" \/>\n\t<meta name=\"twitter:data1\" content=\"1\u00a0Minute\" \/>\n<script type=\"application\/ld+json\" class=\"yoast-schema-graph\">{\"@context\":\"https:\\\/\\\/schema.org\",\"@graph\":[{\"@type\":\"WebPage\",\"@id\":\"https:\\\/\\\/meprolim.es\\\/producto\\\/quimicos-articulos-limpieza\\\/productos-quimicos-industriales\\\/desengrasantes-productos-quimicos-industriales\\\/comunes\\\/bote-1l-orange-power-meprolim\\\/\",\"url\":\"https:\\\/\\\/meprolim.es\\\/producto\\\/quimicos-articulos-limpieza\\\/productos-quimicos-industriales\\\/desengrasantes-productos-quimicos-industriales\\\/comunes\\\/bote-1l-orange-power-meprolim\\\/\",\"name\":\"BOTE 1L ORANGE POWER MEPROLIM - C\u00d3DIGO: FR2049 - Meprolim\",\"isPartOf\":{\"@id\":\"https:\\\/\\\/meprolim.es\\\/fr\\\/#website\"},\"primaryImageOfPage\":{\"@id\":\"https:\\\/\\\/meprolim.es\\\/producto\\\/quimicos-articulos-limpieza\\\/productos-quimicos-industriales\\\/desengrasantes-productos-quimicos-industriales\\\/comunes\\\/bote-1l-orange-power-meprolim\\\/#primaryimage\"},\"image\":{\"@id\":\"https:\\\/\\\/meprolim.es\\\/producto\\\/quimicos-articulos-limpieza\\\/productos-quimicos-industriales\\\/desengrasantes-productos-quimicos-industriales\\\/comunes\\\/bote-1l-orange-power-meprolim\\\/#primaryimage\"},\"thumbnailUrl\":\"https:\\\/\\\/meprolim.es\\\/wp-content\\\/uploads\\\/2019\\\/09\\\/FR2049.jpg\",\"datePublished\":\"2019-09-10T20:20:17+00:00\",\"dateModified\":\"2023-05-26T14:17:50+00:00\",\"breadcrumb\":{\"@id\":\"https:\\\/\\\/meprolim.es\\\/producto\\\/quimicos-articulos-limpieza\\\/productos-quimicos-industriales\\\/desengrasantes-productos-quimicos-industriales\\\/comunes\\\/bote-1l-orange-power-meprolim\\\/#breadcrumb\"},\"inLanguage\":\"de\",\"potentialAction\":[{\"@type\":\"ReadAction\",\"target\":[\"https:\\\/\\\/meprolim.es\\\/producto\\\/quimicos-articulos-limpieza\\\/productos-quimicos-industriales\\\/desengrasantes-productos-quimicos-industriales\\\/comunes\\\/bote-1l-orange-power-meprolim\\\/\"]}]},{\"@type\":\"ImageObject\",\"inLanguage\":\"de\",\"@id\":\"https:\\\/\\\/meprolim.es\\\/producto\\\/quimicos-articulos-limpieza\\\/productos-quimicos-industriales\\\/desengrasantes-productos-quimicos-industriales\\\/comunes\\\/bote-1l-orange-power-meprolim\\\/#primaryimage\",\"url\":\"https:\\\/\\\/meprolim.es\\\/wp-content\\\/uploads\\\/2019\\\/09\\\/FR2049.jpg\",\"contentUrl\":\"https:\\\/\\\/meprolim.es\\\/wp-content\\\/uploads\\\/2019\\\/09\\\/FR2049.jpg\",\"width\":768,\"height\":768},{\"@type\":\"BreadcrumbList\",\"@id\":\"https:\\\/\\\/meprolim.es\\\/producto\\\/quimicos-articulos-limpieza\\\/productos-quimicos-industriales\\\/desengrasantes-productos-quimicos-industriales\\\/comunes\\\/bote-1l-orange-power-meprolim\\\/#breadcrumb\",\"itemListElement\":[{\"@type\":\"ListItem\",\"position\":1,\"name\":\"Portada\",\"item\":\"https:\\\/\\\/meprolim.es\\\/de\\\/\"},{\"@type\":\"ListItem\",\"position\":2,\"name\":\"Cat\u00e1logo\",\"item\":\"https:\\\/\\\/meprolim.es\\\/de\\\/catalogo\\\/\"},{\"@type\":\"ListItem\",\"position\":3,\"name\":\"BOTE 1L ORANGE POWER MEPROLIM &#8211; C\u00d3DIGO: FR2049\"}]},{\"@type\":\"WebSite\",\"@id\":\"https:\\\/\\\/meprolim.es\\\/fr\\\/#website\",\"url\":\"https:\\\/\\\/meprolim.es\\\/fr\\\/\",\"name\":\"Meprolim\",\"description\":\"Cavas Catalanas S.L.\",\"publisher\":{\"@id\":\"https:\\\/\\\/meprolim.es\\\/fr\\\/#organization\"},\"potentialAction\":[{\"@type\":\"SearchAction\",\"target\":{\"@type\":\"EntryPoint\",\"urlTemplate\":\"https:\\\/\\\/meprolim.es\\\/fr\\\/?s={search_term_string}\"},\"query-input\":{\"@type\":\"PropertyValueSpecification\",\"valueRequired\":true,\"valueName\":\"search_term_string\"}}],\"inLanguage\":\"de\"},{\"@type\":\"Organization\",\"@id\":\"https:\\\/\\\/meprolim.es\\\/fr\\\/#organization\",\"name\":\"Meprolim\",\"url\":\"https:\\\/\\\/meprolim.es\\\/fr\\\/\",\"logo\":{\"@type\":\"ImageObject\",\"inLanguage\":\"de\",\"@id\":\"https:\\\/\\\/meprolim.es\\\/fr\\\/#\\\/schema\\\/logo\\\/image\\\/\",\"url\":\"https:\\\/\\\/meprolim.es\\\/wp-content\\\/uploads\\\/2019\\\/07\\\/cropped-logo2.png\",\"contentUrl\":\"https:\\\/\\\/meprolim.es\\\/wp-content\\\/uploads\\\/2019\\\/07\\\/cropped-logo2.png\",\"width\":401,\"height\":162,\"caption\":\"Meprolim\"},\"image\":{\"@id\":\"https:\\\/\\\/meprolim.es\\\/fr\\\/#\\\/schema\\\/logo\\\/image\\\/\"}}]}<\/script>\n<!-- \/ Yoast SEO plugin. -->","yoast_head_json":{"title":"BOTE 1L ORANGE POWER MEPROLIM - C\u00d3DIGO: FR2049 - Meprolim","robots":{"index":"index","follow":"follow","max-snippet":"max-snippet:-1","max-image-preview":"max-image-preview:large","max-video-preview":"max-video-preview:-1"},"canonical":"https:\/\/meprolim.es\/producto\/quimicos-articulos-limpieza\/productos-quimicos-industriales\/desengrasantes-productos-quimicos-industriales\/comunes\/bote-1l-orange-power-meprolim\/","og_locale":"de_DE","og_type":"article","og_title":"BOTE 1L ORANGE POWER MEPROLIM - C\u00d3DIGO: FR2049 - Meprolim","og_description":"pH 9-11.  Bote de 1 litro.  Desengrasante multiusos aplicable a la limpieza de cocinas, utensilios, ba\u00f1os, manchas rebeldes en ropa,...  Alto poder desengrasante al incorporar en su f\u00f3rmula extractos de origen c\u00edtrico-naranja.  Alto contenido en ingredientes desengrasantes naturales.  Alta concentraci\u00f3n: excelente rendimiento.  Componentes de baja alcalinidad, alto poder de saponificaci\u00f3n de la grasa.  \u00a0No irrita la piel.  Disuelve la grasa actuando en la porosidad de la superficie.  Disolventes, poder de penetraci\u00f3n en los poros de la superficie a limpiar, para llegar a los sitios mas inaccesibles donde se acumula la grasa.  Perfuma agradablemente.  APTO PARA USO ALIMENTARIO.  Producto l\u00edquido.  Color: naranja.  Perfume: naranja.  En superficies duras: pulverizar el producto sobre la superficie a limpiar.  Dejar actuar un momento y aclarar con pa\u00f1o h\u00famedo.  Cuellos y pu\u00f1os: pulverizar el producto sobre las zonas rozadas y\/o manchadas de grasa y esperar unos minutos antes de lavar a mano o a m\u00e1quina  SKU: FR2049 &nbsp; &nbsp;","og_url":"https:\/\/meprolim.es\/producto\/quimicos-articulos-limpieza\/productos-quimicos-industriales\/desengrasantes-productos-quimicos-industriales\/comunes\/bote-1l-orange-power-meprolim\/","og_site_name":"Meprolim","article_modified_time":"2023-05-26T14:17:50+00:00","og_image":[{"width":768,"height":768,"url":"https:\/\/meprolim.es\/wp-content\/uploads\/2019\/09\/FR2049.jpg","type":"image\/jpeg"}],"twitter_card":"summary_large_image","twitter_misc":{"Gesch\u00e4tzte Lesezeit":"1\u00a0Minute"},"schema":{"@context":"https:\/\/schema.org","@graph":[{"@type":"WebPage","@id":"https:\/\/meprolim.es\/producto\/quimicos-articulos-limpieza\/productos-quimicos-industriales\/desengrasantes-productos-quimicos-industriales\/comunes\/bote-1l-orange-power-meprolim\/","url":"https:\/\/meprolim.es\/producto\/quimicos-articulos-limpieza\/productos-quimicos-industriales\/desengrasantes-productos-quimicos-industriales\/comunes\/bote-1l-orange-power-meprolim\/","name":"BOTE 1L ORANGE POWER MEPROLIM - C\u00d3DIGO: FR2049 - Meprolim","isPartOf":{"@id":"https:\/\/meprolim.es\/fr\/#website"},"primaryImageOfPage":{"@id":"https:\/\/meprolim.es\/producto\/quimicos-articulos-limpieza\/productos-quimicos-industriales\/desengrasantes-productos-quimicos-industriales\/comunes\/bote-1l-orange-power-meprolim\/#primaryimage"},"image":{"@id":"https:\/\/meprolim.es\/producto\/quimicos-articulos-limpieza\/productos-quimicos-industriales\/desengrasantes-productos-quimicos-industriales\/comunes\/bote-1l-orange-power-meprolim\/#primaryimage"},"thumbnailUrl":"https:\/\/meprolim.es\/wp-content\/uploads\/2019\/09\/FR2049.jpg","datePublished":"2019-09-10T20:20:17+00:00","dateModified":"2023-05-26T14:17:50+00:00","breadcrumb":{"@id":"https:\/\/meprolim.es\/producto\/quimicos-articulos-limpieza\/productos-quimicos-industriales\/desengrasantes-productos-quimicos-industriales\/comunes\/bote-1l-orange-power-meprolim\/#breadcrumb"},"inLanguage":"de","potentialAction":[{"@type":"ReadAction","target":["https:\/\/meprolim.es\/producto\/quimicos-articulos-limpieza\/productos-quimicos-industriales\/desengrasantes-productos-quimicos-industriales\/comunes\/bote-1l-orange-power-meprolim\/"]}]},{"@type":"ImageObject","inLanguage":"de","@id":"https:\/\/meprolim.es\/producto\/quimicos-articulos-limpieza\/productos-quimicos-industriales\/desengrasantes-productos-quimicos-industriales\/comunes\/bote-1l-orange-power-meprolim\/#primaryimage","url":"https:\/\/meprolim.es\/wp-content\/uploads\/2019\/09\/FR2049.jpg","contentUrl":"https:\/\/meprolim.es\/wp-content\/uploads\/2019\/09\/FR2049.jpg","width":768,"height":768},{"@type":"BreadcrumbList","@id":"https:\/\/meprolim.es\/producto\/quimicos-articulos-limpieza\/productos-quimicos-industriales\/desengrasantes-productos-quimicos-industriales\/comunes\/bote-1l-orange-power-meprolim\/#breadcrumb","itemListElement":[{"@type":"ListItem","position":1,"name":"Portada","item":"https:\/\/meprolim.es\/de\/"},{"@type":"ListItem","position":2,"name":"Cat\u00e1logo","item":"https:\/\/meprolim.es\/de\/catalogo\/"},{"@type":"ListItem","position":3,"name":"BOTE 1L ORANGE POWER MEPROLIM &#8211; C\u00d3DIGO: FR2049"}]},{"@type":"WebSite","@id":"https:\/\/meprolim.es\/fr\/#website","url":"https:\/\/meprolim.es\/fr\/","name":"Meprolim","description":"Cavas Catalanas S.L.","publisher":{"@id":"https:\/\/meprolim.es\/fr\/#organization"},"potentialAction":[{"@type":"SearchAction","target":{"@type":"EntryPoint","urlTemplate":"https:\/\/meprolim.es\/fr\/?s={search_term_string}"},"query-input":{"@type":"PropertyValueSpecification","valueRequired":true,"valueName":"search_term_string"}}],"inLanguage":"de"},{"@type":"Organization","@id":"https:\/\/meprolim.es\/fr\/#organization","name":"Meprolim","url":"https:\/\/meprolim.es\/fr\/","logo":{"@type":"ImageObject","inLanguage":"de","@id":"https:\/\/meprolim.es\/fr\/#\/schema\/logo\/image\/","url":"https:\/\/meprolim.es\/wp-content\/uploads\/2019\/07\/cropped-logo2.png","contentUrl":"https:\/\/meprolim.es\/wp-content\/uploads\/2019\/07\/cropped-logo2.png","width":401,"height":162,"caption":"Meprolim"},"image":{"@id":"https:\/\/meprolim.es\/fr\/#\/schema\/logo\/image\/"}}]}},"_links":{"self":[{"href":"https:\/\/meprolim.es\/de\/wp-json\/wp\/v2\/product\/10197","targetHints":{"allow":["GET"]}}],"collection":[{"href":"https:\/\/meprolim.es\/de\/wp-json\/wp\/v2\/product"}],"about":[{"href":"https:\/\/meprolim.es\/de\/wp-json\/wp\/v2\/types\/product"}],"wp:featuredmedia":[{"embeddable":true,"href":"https:\/\/meprolim.es\/de\/wp-json\/wp\/v2\/media\/10198"}],"wp:attachment":[{"href":"https:\/\/meprolim.es\/de\/wp-json\/wp\/v2\/media?parent=10197"}],"wp:term":[{"taxonomy":"product_brand","embeddable":true,"href":"https:\/\/meprolim.es\/de\/wp-json\/wp\/v2\/product_brand?post=10197"},{"taxonomy":"product_cat","embeddable":true,"href":"https:\/\/meprolim.es\/de\/wp-json\/wp\/v2\/product_cat?post=10197"},{"taxonomy":"product_tag","embeddable":true,"href":"https:\/\/meprolim.es\/de\/wp-json\/wp\/v2\/product_tag?post=10197"}],"curies":[{"name":"wp","href":"https:\/\/api.w.org\/{rel}","templated":true}]}}