{"id":26053,"date":"2023-10-05T15:32:50","date_gmt":"2023-10-05T14:32:50","guid":{"rendered":"https:\/\/meprolim.es\/?post_type=product&#038;p=26053"},"modified":"2023-10-05T15:41:46","modified_gmt":"2023-10-05T14:41:46","slug":"cubo-decobin-con-pedal-40-lt-codigo-ak0001","status":"publish","type":"product","link":"https:\/\/meprolim.es\/de\/producto\/dispensadores-celulosa-y-complementos\/papeleras-ceniceros-de-2\/papeleras-pequenas-de-2\/cubo-decobin-con-pedal-40-lt-codigo-ak0001\/","title":{"rendered":"CUBO DECOBIN CON PEDAL 40 LT- C\u00d3DIGO: AK0001"},"content":{"rendered":"<div class=\"wpb-content-wrapper\"><p>[vc_row][vc_column][vc_column_text]<\/p>\n<p>Papeleras de acero cromado con pedal.<\/p>\n<p>[\/vc_column_text][\/vc_column][\/vc_row]<\/p>\n<\/div>","protected":false},"excerpt":{"rendered":"<ul>\n<li class=\"get-solr-val\" data-code=\"website_features_1_s\">Acabado con efecto met\u00e1lico para una apariencia y sensaci\u00f3n premium. Sin huellas dactilares, sin \u00f3xido y sin abolladuras.<\/li>\n<li class=\"get-solr-val\" data-code=\"website_features_2_s\">Pedal higi\u00e9nico resistente para una f\u00e1cil apertura<\/li>\n<li class=\"get-solr-val\" data-code=\"website_features_3_s\">Aro ocultador de bolsa. Se adapta a bolsas de basura est\u00e1ndar<\/li>\n<li class=\"get-solr-val\" data-code=\"website_features_4_s\">Sistema de cierre suave para un uso silencioso<\/li>\n<li>70 x 31 x 35 cm<\/li>\n<\/ul>\n<p><strong>SKU: AK0001<\/strong><\/p>\n","protected":false},"featured_media":26049,"template":"","meta":[],"product_brand":[],"product_cat":[90,438,422],"product_tag":[431,439,424],"class_list":{"0":"post-26053","1":"product","2":"type-product","3":"status-publish","4":"has-post-thumbnail","6":"product_cat-complementos-para-banos-y-dispensadores","7":"product_cat-papeleras-pequenas","8":"product_cat-papeleras-ceniceros","9":"product_tag-acero-cromado","10":"product_tag-papeleras-con-pedal","11":"product_tag-papeleras-residuos","13":"first","14":"instock","15":"shipping-taxable","16":"product-type-simple"},"yoast_head":"<!-- This site is optimized with the Yoast SEO plugin v27.3 - https:\/\/yoast.com\/product\/yoast-seo-wordpress\/ -->\n<title>CUBO DECOBIN CON PEDAL 40 LT- C\u00d3DIGO: AK0001 - Meprolim<\/title>\n<meta name=\"robots\" content=\"index, follow, max-snippet:-1, max-image-preview:large, max-video-preview:-1\" \/>\n<link rel=\"canonical\" href=\"https:\/\/meprolim.es\/producto\/complementos-para-banos-y-dispensadores\/papeleras-ceniceros\/papeleras-pequenas\/cubo-decobin-con-pedal-40-lt-codigo-ak0001\/\" \/>\n<meta property=\"og:locale\" content=\"de_DE\" \/>\n<meta property=\"og:type\" content=\"article\" \/>\n<meta property=\"og:title\" content=\"CUBO DECOBIN CON PEDAL 40 LT- C\u00d3DIGO: AK0001 - Meprolim\" \/>\n<meta property=\"og:description\" content=\"Acabado con efecto met\u00e1lico para una apariencia y sensaci\u00f3n premium. Sin huellas dactilares, sin \u00f3xido y sin abolladuras.  Pedal higi\u00e9nico resistente para una f\u00e1cil apertura  Aro ocultador de bolsa. Se adapta a bolsas de basura est\u00e1ndar  Sistema de cierre suave para un uso silencioso  70 x 31 x 35 cm  SKU: AK0001\" \/>\n<meta property=\"og:url\" content=\"https:\/\/meprolim.es\/producto\/complementos-para-banos-y-dispensadores\/papeleras-ceniceros\/papeleras-pequenas\/cubo-decobin-con-pedal-40-lt-codigo-ak0001\/\" \/>\n<meta property=\"og:site_name\" content=\"Meprolim\" \/>\n<meta property=\"article:modified_time\" content=\"2023-10-05T14:41:46+00:00\" \/>\n<meta property=\"og:image\" content=\"https:\/\/meprolim.es\/wp-content\/uploads\/2023\/10\/AK0001-2.jpg\" \/>\n\t<meta property=\"og:image:width\" content=\"768\" \/>\n\t<meta property=\"og:image:height\" content=\"768\" \/>\n\t<meta property=\"og:image:type\" content=\"image\/jpeg\" \/>\n<meta name=\"twitter:card\" content=\"summary_large_image\" \/>\n<meta name=\"twitter:label1\" content=\"Gesch\u00e4tzte Lesezeit\" \/>\n\t<meta name=\"twitter:data1\" content=\"1\u00a0Minute\" \/>\n<script type=\"application\/ld+json\" class=\"yoast-schema-graph\">{\"@context\":\"https:\\\/\\\/schema.org\",\"@graph\":[{\"@type\":\"WebPage\",\"@id\":\"https:\\\/\\\/meprolim.es\\\/producto\\\/complementos-para-banos-y-dispensadores\\\/papeleras-ceniceros\\\/papeleras-pequenas\\\/cubo-decobin-con-pedal-40-lt-codigo-ak0001\\\/\",\"url\":\"https:\\\/\\\/meprolim.es\\\/producto\\\/complementos-para-banos-y-dispensadores\\\/papeleras-ceniceros\\\/papeleras-pequenas\\\/cubo-decobin-con-pedal-40-lt-codigo-ak0001\\\/\",\"name\":\"CUBO DECOBIN CON PEDAL 40 LT- C\u00d3DIGO: AK0001 - Meprolim\",\"isPartOf\":{\"@id\":\"https:\\\/\\\/meprolim.es\\\/fr\\\/#website\"},\"primaryImageOfPage\":{\"@id\":\"https:\\\/\\\/meprolim.es\\\/producto\\\/complementos-para-banos-y-dispensadores\\\/papeleras-ceniceros\\\/papeleras-pequenas\\\/cubo-decobin-con-pedal-40-lt-codigo-ak0001\\\/#primaryimage\"},\"image\":{\"@id\":\"https:\\\/\\\/meprolim.es\\\/producto\\\/complementos-para-banos-y-dispensadores\\\/papeleras-ceniceros\\\/papeleras-pequenas\\\/cubo-decobin-con-pedal-40-lt-codigo-ak0001\\\/#primaryimage\"},\"thumbnailUrl\":\"https:\\\/\\\/meprolim.es\\\/wp-content\\\/uploads\\\/2023\\\/10\\\/AK0001-2.jpg\",\"datePublished\":\"2023-10-05T14:32:50+00:00\",\"dateModified\":\"2023-10-05T14:41:46+00:00\",\"breadcrumb\":{\"@id\":\"https:\\\/\\\/meprolim.es\\\/producto\\\/complementos-para-banos-y-dispensadores\\\/papeleras-ceniceros\\\/papeleras-pequenas\\\/cubo-decobin-con-pedal-40-lt-codigo-ak0001\\\/#breadcrumb\"},\"inLanguage\":\"de\",\"potentialAction\":[{\"@type\":\"ReadAction\",\"target\":[\"https:\\\/\\\/meprolim.es\\\/producto\\\/complementos-para-banos-y-dispensadores\\\/papeleras-ceniceros\\\/papeleras-pequenas\\\/cubo-decobin-con-pedal-40-lt-codigo-ak0001\\\/\"]}]},{\"@type\":\"ImageObject\",\"inLanguage\":\"de\",\"@id\":\"https:\\\/\\\/meprolim.es\\\/producto\\\/complementos-para-banos-y-dispensadores\\\/papeleras-ceniceros\\\/papeleras-pequenas\\\/cubo-decobin-con-pedal-40-lt-codigo-ak0001\\\/#primaryimage\",\"url\":\"https:\\\/\\\/meprolim.es\\\/wp-content\\\/uploads\\\/2023\\\/10\\\/AK0001-2.jpg\",\"contentUrl\":\"https:\\\/\\\/meprolim.es\\\/wp-content\\\/uploads\\\/2023\\\/10\\\/AK0001-2.jpg\",\"width\":768,\"height\":768},{\"@type\":\"BreadcrumbList\",\"@id\":\"https:\\\/\\\/meprolim.es\\\/producto\\\/complementos-para-banos-y-dispensadores\\\/papeleras-ceniceros\\\/papeleras-pequenas\\\/cubo-decobin-con-pedal-40-lt-codigo-ak0001\\\/#breadcrumb\",\"itemListElement\":[{\"@type\":\"ListItem\",\"position\":1,\"name\":\"Portada\",\"item\":\"https:\\\/\\\/meprolim.es\\\/de\\\/\"},{\"@type\":\"ListItem\",\"position\":2,\"name\":\"Cat\u00e1logo\",\"item\":\"https:\\\/\\\/meprolim.es\\\/de\\\/catalogo\\\/\"},{\"@type\":\"ListItem\",\"position\":3,\"name\":\"CUBO DECOBIN CON PEDAL 40 LT- C\u00d3DIGO: AK0001\"}]},{\"@type\":\"WebSite\",\"@id\":\"https:\\\/\\\/meprolim.es\\\/fr\\\/#website\",\"url\":\"https:\\\/\\\/meprolim.es\\\/fr\\\/\",\"name\":\"Meprolim\",\"description\":\"Cavas Catalanas S.L.\",\"publisher\":{\"@id\":\"https:\\\/\\\/meprolim.es\\\/fr\\\/#organization\"},\"potentialAction\":[{\"@type\":\"SearchAction\",\"target\":{\"@type\":\"EntryPoint\",\"urlTemplate\":\"https:\\\/\\\/meprolim.es\\\/fr\\\/?s={search_term_string}\"},\"query-input\":{\"@type\":\"PropertyValueSpecification\",\"valueRequired\":true,\"valueName\":\"search_term_string\"}}],\"inLanguage\":\"de\"},{\"@type\":\"Organization\",\"@id\":\"https:\\\/\\\/meprolim.es\\\/fr\\\/#organization\",\"name\":\"Meprolim\",\"url\":\"https:\\\/\\\/meprolim.es\\\/fr\\\/\",\"logo\":{\"@type\":\"ImageObject\",\"inLanguage\":\"de\",\"@id\":\"https:\\\/\\\/meprolim.es\\\/fr\\\/#\\\/schema\\\/logo\\\/image\\\/\",\"url\":\"https:\\\/\\\/meprolim.es\\\/wp-content\\\/uploads\\\/2019\\\/07\\\/cropped-logo2.png\",\"contentUrl\":\"https:\\\/\\\/meprolim.es\\\/wp-content\\\/uploads\\\/2019\\\/07\\\/cropped-logo2.png\",\"width\":401,\"height\":162,\"caption\":\"Meprolim\"},\"image\":{\"@id\":\"https:\\\/\\\/meprolim.es\\\/fr\\\/#\\\/schema\\\/logo\\\/image\\\/\"}}]}<\/script>\n<!-- \/ Yoast SEO plugin. -->","yoast_head_json":{"title":"CUBO DECOBIN CON PEDAL 40 LT- C\u00d3DIGO: AK0001 - Meprolim","robots":{"index":"index","follow":"follow","max-snippet":"max-snippet:-1","max-image-preview":"max-image-preview:large","max-video-preview":"max-video-preview:-1"},"canonical":"https:\/\/meprolim.es\/producto\/complementos-para-banos-y-dispensadores\/papeleras-ceniceros\/papeleras-pequenas\/cubo-decobin-con-pedal-40-lt-codigo-ak0001\/","og_locale":"de_DE","og_type":"article","og_title":"CUBO DECOBIN CON PEDAL 40 LT- C\u00d3DIGO: AK0001 - Meprolim","og_description":"Acabado con efecto met\u00e1lico para una apariencia y sensaci\u00f3n premium. Sin huellas dactilares, sin \u00f3xido y sin abolladuras.  Pedal higi\u00e9nico resistente para una f\u00e1cil apertura  Aro ocultador de bolsa. Se adapta a bolsas de basura est\u00e1ndar  Sistema de cierre suave para un uso silencioso  70 x 31 x 35 cm  SKU: AK0001","og_url":"https:\/\/meprolim.es\/producto\/complementos-para-banos-y-dispensadores\/papeleras-ceniceros\/papeleras-pequenas\/cubo-decobin-con-pedal-40-lt-codigo-ak0001\/","og_site_name":"Meprolim","article_modified_time":"2023-10-05T14:41:46+00:00","og_image":[{"width":768,"height":768,"url":"https:\/\/meprolim.es\/wp-content\/uploads\/2023\/10\/AK0001-2.jpg","type":"image\/jpeg"}],"twitter_card":"summary_large_image","twitter_misc":{"Gesch\u00e4tzte Lesezeit":"1\u00a0Minute"},"schema":{"@context":"https:\/\/schema.org","@graph":[{"@type":"WebPage","@id":"https:\/\/meprolim.es\/producto\/complementos-para-banos-y-dispensadores\/papeleras-ceniceros\/papeleras-pequenas\/cubo-decobin-con-pedal-40-lt-codigo-ak0001\/","url":"https:\/\/meprolim.es\/producto\/complementos-para-banos-y-dispensadores\/papeleras-ceniceros\/papeleras-pequenas\/cubo-decobin-con-pedal-40-lt-codigo-ak0001\/","name":"CUBO DECOBIN CON PEDAL 40 LT- C\u00d3DIGO: AK0001 - Meprolim","isPartOf":{"@id":"https:\/\/meprolim.es\/fr\/#website"},"primaryImageOfPage":{"@id":"https:\/\/meprolim.es\/producto\/complementos-para-banos-y-dispensadores\/papeleras-ceniceros\/papeleras-pequenas\/cubo-decobin-con-pedal-40-lt-codigo-ak0001\/#primaryimage"},"image":{"@id":"https:\/\/meprolim.es\/producto\/complementos-para-banos-y-dispensadores\/papeleras-ceniceros\/papeleras-pequenas\/cubo-decobin-con-pedal-40-lt-codigo-ak0001\/#primaryimage"},"thumbnailUrl":"https:\/\/meprolim.es\/wp-content\/uploads\/2023\/10\/AK0001-2.jpg","datePublished":"2023-10-05T14:32:50+00:00","dateModified":"2023-10-05T14:41:46+00:00","breadcrumb":{"@id":"https:\/\/meprolim.es\/producto\/complementos-para-banos-y-dispensadores\/papeleras-ceniceros\/papeleras-pequenas\/cubo-decobin-con-pedal-40-lt-codigo-ak0001\/#breadcrumb"},"inLanguage":"de","potentialAction":[{"@type":"ReadAction","target":["https:\/\/meprolim.es\/producto\/complementos-para-banos-y-dispensadores\/papeleras-ceniceros\/papeleras-pequenas\/cubo-decobin-con-pedal-40-lt-codigo-ak0001\/"]}]},{"@type":"ImageObject","inLanguage":"de","@id":"https:\/\/meprolim.es\/producto\/complementos-para-banos-y-dispensadores\/papeleras-ceniceros\/papeleras-pequenas\/cubo-decobin-con-pedal-40-lt-codigo-ak0001\/#primaryimage","url":"https:\/\/meprolim.es\/wp-content\/uploads\/2023\/10\/AK0001-2.jpg","contentUrl":"https:\/\/meprolim.es\/wp-content\/uploads\/2023\/10\/AK0001-2.jpg","width":768,"height":768},{"@type":"BreadcrumbList","@id":"https:\/\/meprolim.es\/producto\/complementos-para-banos-y-dispensadores\/papeleras-ceniceros\/papeleras-pequenas\/cubo-decobin-con-pedal-40-lt-codigo-ak0001\/#breadcrumb","itemListElement":[{"@type":"ListItem","position":1,"name":"Portada","item":"https:\/\/meprolim.es\/de\/"},{"@type":"ListItem","position":2,"name":"Cat\u00e1logo","item":"https:\/\/meprolim.es\/de\/catalogo\/"},{"@type":"ListItem","position":3,"name":"CUBO DECOBIN CON PEDAL 40 LT- C\u00d3DIGO: AK0001"}]},{"@type":"WebSite","@id":"https:\/\/meprolim.es\/fr\/#website","url":"https:\/\/meprolim.es\/fr\/","name":"Meprolim","description":"Cavas Catalanas S.L.","publisher":{"@id":"https:\/\/meprolim.es\/fr\/#organization"},"potentialAction":[{"@type":"SearchAction","target":{"@type":"EntryPoint","urlTemplate":"https:\/\/meprolim.es\/fr\/?s={search_term_string}"},"query-input":{"@type":"PropertyValueSpecification","valueRequired":true,"valueName":"search_term_string"}}],"inLanguage":"de"},{"@type":"Organization","@id":"https:\/\/meprolim.es\/fr\/#organization","name":"Meprolim","url":"https:\/\/meprolim.es\/fr\/","logo":{"@type":"ImageObject","inLanguage":"de","@id":"https:\/\/meprolim.es\/fr\/#\/schema\/logo\/image\/","url":"https:\/\/meprolim.es\/wp-content\/uploads\/2019\/07\/cropped-logo2.png","contentUrl":"https:\/\/meprolim.es\/wp-content\/uploads\/2019\/07\/cropped-logo2.png","width":401,"height":162,"caption":"Meprolim"},"image":{"@id":"https:\/\/meprolim.es\/fr\/#\/schema\/logo\/image\/"}}]}},"_links":{"self":[{"href":"https:\/\/meprolim.es\/de\/wp-json\/wp\/v2\/product\/26053","targetHints":{"allow":["GET"]}}],"collection":[{"href":"https:\/\/meprolim.es\/de\/wp-json\/wp\/v2\/product"}],"about":[{"href":"https:\/\/meprolim.es\/de\/wp-json\/wp\/v2\/types\/product"}],"wp:featuredmedia":[{"embeddable":true,"href":"https:\/\/meprolim.es\/de\/wp-json\/wp\/v2\/media\/26049"}],"wp:attachment":[{"href":"https:\/\/meprolim.es\/de\/wp-json\/wp\/v2\/media?parent=26053"}],"wp:term":[{"taxonomy":"product_brand","embeddable":true,"href":"https:\/\/meprolim.es\/de\/wp-json\/wp\/v2\/product_brand?post=26053"},{"taxonomy":"product_cat","embeddable":true,"href":"https:\/\/meprolim.es\/de\/wp-json\/wp\/v2\/product_cat?post=26053"},{"taxonomy":"product_tag","embeddable":true,"href":"https:\/\/meprolim.es\/de\/wp-json\/wp\/v2\/product_tag?post=26053"}],"curies":[{"name":"wp","href":"https:\/\/api.w.org\/{rel}","templated":true}]}}