{"id":32801,"date":"2025-09-10T13:36:02","date_gmt":"2025-09-10T12:36:02","guid":{"rendered":"https:\/\/meprolim.es\/?post_type=product&#038;p=32801"},"modified":"2025-09-10T13:42:12","modified_gmt":"2025-09-10T12:42:12","slug":"dosificador-acero-inox-satinado-paris","status":"publish","type":"product","link":"https:\/\/meprolim.es\/de\/producto\/dispensadores-celulosa-y-complementos\/dosificadores-jabon-de-2\/mas-500-cc-de-2\/dosificador-acero-inox-satinado-paris\/","title":{"rendered":"DOSIFICADOR ACERO INOX. SATINADO PARIS &#8211; C\u00d3DIGO: DN0028"},"content":{"rendered":"<div class=\"wpb-content-wrapper\"><p>[vc_row][vc_column][vc_column_text css=&#8221;&#8221;]- Fabricado en ACERO INOXIDABLE AISI 304, lo hacen un<br \/>\ndosificador de jab\u00f3n compacto, robusto y con caracter\u00edsticas<br \/>\nantivand\u00e1licas.<br \/>\n&#8211; Ideal para aseos con tr\u00e1nsito elevado e intenso.<br \/>\n&#8211; Dosificador de jab\u00f3n con botella para jab\u00f3n l\u00edquido o gel hidroalcoh\u00f3lico.<br \/>\n&#8211; Pertenece a la gama superior de la L\u00ednea Par\u00eds, evita la oxidaci\u00f3n a la vez que por su dise\u00f1o polivalente, se adapta a cualquier espacio.<br \/>\n&#8211; Cuenta con llave de seguridad est\u00e1ndar, suministrada con el producto.[\/vc_column_text][\/vc_column][\/vc_row]<\/p>\n<\/div>","protected":false},"excerpt":{"rendered":"<ul>\n<li>ACERO INOXIDABLE 304<\/li>\n<li>CAPACIDAD 900 ML<\/li>\n<li>SISTEMA MANUAL<\/li>\n<li>12.6 x 25 x 10.7 cm<\/li>\n<\/ul>\n<p><strong>SKU: DN0028<\/strong><\/p>\n","protected":false},"featured_media":32803,"template":"","meta":[],"product_brand":[],"product_cat":[485,90,1138],"product_tag":[486,487,488,490],"class_list":{"0":"post-32801","1":"product","2":"type-product","3":"status-publish","4":"has-post-thumbnail","6":"product_cat-mas-500-cc","7":"product_cat-complementos-para-banos-y-dispensadores","8":"product_cat-dosificadores-jabon","9":"product_tag-bano","10":"product_tag-cocina","11":"product_tag-dosificadores-gel","12":"product_tag-policarbonato","14":"first","15":"instock","16":"shipping-taxable","17":"product-type-simple"},"yoast_head":"<!-- This site is optimized with the Yoast SEO plugin v27.3 - https:\/\/yoast.com\/product\/yoast-seo-wordpress\/ -->\n<title>DOSIFICADOR ACERO INOX. SATINADO PARIS - C\u00d3DIGO: DN0028 - Meprolim<\/title>\n<meta name=\"robots\" content=\"index, follow, max-snippet:-1, max-image-preview:large, max-video-preview:-1\" \/>\n<link rel=\"canonical\" href=\"https:\/\/meprolim.es\/producto\/complementos-para-banos-y-dispensadores\/dosificadores-jabon\/mas-500-cc\/dosificador-acero-inox-satinado-paris\/\" \/>\n<meta property=\"og:locale\" content=\"de_DE\" \/>\n<meta property=\"og:type\" content=\"article\" \/>\n<meta property=\"og:title\" content=\"DOSIFICADOR ACERO INOX. SATINADO PARIS - C\u00d3DIGO: DN0028 - Meprolim\" \/>\n<meta property=\"og:description\" content=\"ACERO INOXIDABLE 304  CAPACIDAD 900 ML  SISTEMA MANUAL  12.6 x 25 x 10.7 cm  SKU: DN0028\" \/>\n<meta property=\"og:url\" content=\"https:\/\/meprolim.es\/producto\/complementos-para-banos-y-dispensadores\/dosificadores-jabon\/mas-500-cc\/dosificador-acero-inox-satinado-paris\/\" \/>\n<meta property=\"og:site_name\" content=\"Meprolim\" \/>\n<meta property=\"article:modified_time\" content=\"2025-09-10T12:42:12+00:00\" \/>\n<meta property=\"og:image\" content=\"https:\/\/meprolim.es\/wp-content\/uploads\/2025\/09\/DN0028.jpg\" \/>\n\t<meta property=\"og:image:width\" content=\"768\" \/>\n\t<meta property=\"og:image:height\" content=\"768\" \/>\n\t<meta property=\"og:image:type\" content=\"image\/jpeg\" \/>\n<meta name=\"twitter:card\" content=\"summary_large_image\" \/>\n<meta name=\"twitter:label1\" content=\"Gesch\u00e4tzte Lesezeit\" \/>\n\t<meta name=\"twitter:data1\" content=\"1\u00a0Minute\" \/>\n<script type=\"application\/ld+json\" class=\"yoast-schema-graph\">{\"@context\":\"https:\\\/\\\/schema.org\",\"@graph\":[{\"@type\":\"WebPage\",\"@id\":\"https:\\\/\\\/meprolim.es\\\/producto\\\/complementos-para-banos-y-dispensadores\\\/dosificadores-jabon\\\/mas-500-cc\\\/dosificador-acero-inox-satinado-paris\\\/\",\"url\":\"https:\\\/\\\/meprolim.es\\\/producto\\\/complementos-para-banos-y-dispensadores\\\/dosificadores-jabon\\\/mas-500-cc\\\/dosificador-acero-inox-satinado-paris\\\/\",\"name\":\"DOSIFICADOR ACERO INOX. SATINADO PARIS - C\u00d3DIGO: DN0028 - Meprolim\",\"isPartOf\":{\"@id\":\"https:\\\/\\\/meprolim.es\\\/fr\\\/#website\"},\"primaryImageOfPage\":{\"@id\":\"https:\\\/\\\/meprolim.es\\\/producto\\\/complementos-para-banos-y-dispensadores\\\/dosificadores-jabon\\\/mas-500-cc\\\/dosificador-acero-inox-satinado-paris\\\/#primaryimage\"},\"image\":{\"@id\":\"https:\\\/\\\/meprolim.es\\\/producto\\\/complementos-para-banos-y-dispensadores\\\/dosificadores-jabon\\\/mas-500-cc\\\/dosificador-acero-inox-satinado-paris\\\/#primaryimage\"},\"thumbnailUrl\":\"https:\\\/\\\/meprolim.es\\\/wp-content\\\/uploads\\\/2025\\\/09\\\/DN0028.jpg\",\"datePublished\":\"2025-09-10T12:36:02+00:00\",\"dateModified\":\"2025-09-10T12:42:12+00:00\",\"breadcrumb\":{\"@id\":\"https:\\\/\\\/meprolim.es\\\/producto\\\/complementos-para-banos-y-dispensadores\\\/dosificadores-jabon\\\/mas-500-cc\\\/dosificador-acero-inox-satinado-paris\\\/#breadcrumb\"},\"inLanguage\":\"de\",\"potentialAction\":[{\"@type\":\"ReadAction\",\"target\":[\"https:\\\/\\\/meprolim.es\\\/producto\\\/complementos-para-banos-y-dispensadores\\\/dosificadores-jabon\\\/mas-500-cc\\\/dosificador-acero-inox-satinado-paris\\\/\"]}]},{\"@type\":\"ImageObject\",\"inLanguage\":\"de\",\"@id\":\"https:\\\/\\\/meprolim.es\\\/producto\\\/complementos-para-banos-y-dispensadores\\\/dosificadores-jabon\\\/mas-500-cc\\\/dosificador-acero-inox-satinado-paris\\\/#primaryimage\",\"url\":\"https:\\\/\\\/meprolim.es\\\/wp-content\\\/uploads\\\/2025\\\/09\\\/DN0028.jpg\",\"contentUrl\":\"https:\\\/\\\/meprolim.es\\\/wp-content\\\/uploads\\\/2025\\\/09\\\/DN0028.jpg\",\"width\":768,\"height\":768},{\"@type\":\"BreadcrumbList\",\"@id\":\"https:\\\/\\\/meprolim.es\\\/producto\\\/complementos-para-banos-y-dispensadores\\\/dosificadores-jabon\\\/mas-500-cc\\\/dosificador-acero-inox-satinado-paris\\\/#breadcrumb\",\"itemListElement\":[{\"@type\":\"ListItem\",\"position\":1,\"name\":\"Portada\",\"item\":\"https:\\\/\\\/meprolim.es\\\/de\\\/\"},{\"@type\":\"ListItem\",\"position\":2,\"name\":\"Cat\u00e1logo\",\"item\":\"https:\\\/\\\/meprolim.es\\\/de\\\/catalogo\\\/\"},{\"@type\":\"ListItem\",\"position\":3,\"name\":\"DOSIFICADOR ACERO INOX. SATINADO PARIS &#8211; C\u00d3DIGO: DN0028\"}]},{\"@type\":\"WebSite\",\"@id\":\"https:\\\/\\\/meprolim.es\\\/fr\\\/#website\",\"url\":\"https:\\\/\\\/meprolim.es\\\/fr\\\/\",\"name\":\"Meprolim\",\"description\":\"Cavas Catalanas S.L.\",\"publisher\":{\"@id\":\"https:\\\/\\\/meprolim.es\\\/fr\\\/#organization\"},\"potentialAction\":[{\"@type\":\"SearchAction\",\"target\":{\"@type\":\"EntryPoint\",\"urlTemplate\":\"https:\\\/\\\/meprolim.es\\\/fr\\\/?s={search_term_string}\"},\"query-input\":{\"@type\":\"PropertyValueSpecification\",\"valueRequired\":true,\"valueName\":\"search_term_string\"}}],\"inLanguage\":\"de\"},{\"@type\":\"Organization\",\"@id\":\"https:\\\/\\\/meprolim.es\\\/fr\\\/#organization\",\"name\":\"Meprolim\",\"url\":\"https:\\\/\\\/meprolim.es\\\/fr\\\/\",\"logo\":{\"@type\":\"ImageObject\",\"inLanguage\":\"de\",\"@id\":\"https:\\\/\\\/meprolim.es\\\/fr\\\/#\\\/schema\\\/logo\\\/image\\\/\",\"url\":\"https:\\\/\\\/meprolim.es\\\/wp-content\\\/uploads\\\/2019\\\/07\\\/cropped-logo2.png\",\"contentUrl\":\"https:\\\/\\\/meprolim.es\\\/wp-content\\\/uploads\\\/2019\\\/07\\\/cropped-logo2.png\",\"width\":401,\"height\":162,\"caption\":\"Meprolim\"},\"image\":{\"@id\":\"https:\\\/\\\/meprolim.es\\\/fr\\\/#\\\/schema\\\/logo\\\/image\\\/\"}}]}<\/script>\n<!-- \/ Yoast SEO plugin. -->","yoast_head_json":{"title":"DOSIFICADOR ACERO INOX. SATINADO PARIS - C\u00d3DIGO: DN0028 - Meprolim","robots":{"index":"index","follow":"follow","max-snippet":"max-snippet:-1","max-image-preview":"max-image-preview:large","max-video-preview":"max-video-preview:-1"},"canonical":"https:\/\/meprolim.es\/producto\/complementos-para-banos-y-dispensadores\/dosificadores-jabon\/mas-500-cc\/dosificador-acero-inox-satinado-paris\/","og_locale":"de_DE","og_type":"article","og_title":"DOSIFICADOR ACERO INOX. SATINADO PARIS - C\u00d3DIGO: DN0028 - Meprolim","og_description":"ACERO INOXIDABLE 304  CAPACIDAD 900 ML  SISTEMA MANUAL  12.6 x 25 x 10.7 cm  SKU: DN0028","og_url":"https:\/\/meprolim.es\/producto\/complementos-para-banos-y-dispensadores\/dosificadores-jabon\/mas-500-cc\/dosificador-acero-inox-satinado-paris\/","og_site_name":"Meprolim","article_modified_time":"2025-09-10T12:42:12+00:00","og_image":[{"width":768,"height":768,"url":"https:\/\/meprolim.es\/wp-content\/uploads\/2025\/09\/DN0028.jpg","type":"image\/jpeg"}],"twitter_card":"summary_large_image","twitter_misc":{"Gesch\u00e4tzte Lesezeit":"1\u00a0Minute"},"schema":{"@context":"https:\/\/schema.org","@graph":[{"@type":"WebPage","@id":"https:\/\/meprolim.es\/producto\/complementos-para-banos-y-dispensadores\/dosificadores-jabon\/mas-500-cc\/dosificador-acero-inox-satinado-paris\/","url":"https:\/\/meprolim.es\/producto\/complementos-para-banos-y-dispensadores\/dosificadores-jabon\/mas-500-cc\/dosificador-acero-inox-satinado-paris\/","name":"DOSIFICADOR ACERO INOX. SATINADO PARIS - C\u00d3DIGO: DN0028 - Meprolim","isPartOf":{"@id":"https:\/\/meprolim.es\/fr\/#website"},"primaryImageOfPage":{"@id":"https:\/\/meprolim.es\/producto\/complementos-para-banos-y-dispensadores\/dosificadores-jabon\/mas-500-cc\/dosificador-acero-inox-satinado-paris\/#primaryimage"},"image":{"@id":"https:\/\/meprolim.es\/producto\/complementos-para-banos-y-dispensadores\/dosificadores-jabon\/mas-500-cc\/dosificador-acero-inox-satinado-paris\/#primaryimage"},"thumbnailUrl":"https:\/\/meprolim.es\/wp-content\/uploads\/2025\/09\/DN0028.jpg","datePublished":"2025-09-10T12:36:02+00:00","dateModified":"2025-09-10T12:42:12+00:00","breadcrumb":{"@id":"https:\/\/meprolim.es\/producto\/complementos-para-banos-y-dispensadores\/dosificadores-jabon\/mas-500-cc\/dosificador-acero-inox-satinado-paris\/#breadcrumb"},"inLanguage":"de","potentialAction":[{"@type":"ReadAction","target":["https:\/\/meprolim.es\/producto\/complementos-para-banos-y-dispensadores\/dosificadores-jabon\/mas-500-cc\/dosificador-acero-inox-satinado-paris\/"]}]},{"@type":"ImageObject","inLanguage":"de","@id":"https:\/\/meprolim.es\/producto\/complementos-para-banos-y-dispensadores\/dosificadores-jabon\/mas-500-cc\/dosificador-acero-inox-satinado-paris\/#primaryimage","url":"https:\/\/meprolim.es\/wp-content\/uploads\/2025\/09\/DN0028.jpg","contentUrl":"https:\/\/meprolim.es\/wp-content\/uploads\/2025\/09\/DN0028.jpg","width":768,"height":768},{"@type":"BreadcrumbList","@id":"https:\/\/meprolim.es\/producto\/complementos-para-banos-y-dispensadores\/dosificadores-jabon\/mas-500-cc\/dosificador-acero-inox-satinado-paris\/#breadcrumb","itemListElement":[{"@type":"ListItem","position":1,"name":"Portada","item":"https:\/\/meprolim.es\/de\/"},{"@type":"ListItem","position":2,"name":"Cat\u00e1logo","item":"https:\/\/meprolim.es\/de\/catalogo\/"},{"@type":"ListItem","position":3,"name":"DOSIFICADOR ACERO INOX. SATINADO PARIS &#8211; C\u00d3DIGO: DN0028"}]},{"@type":"WebSite","@id":"https:\/\/meprolim.es\/fr\/#website","url":"https:\/\/meprolim.es\/fr\/","name":"Meprolim","description":"Cavas Catalanas S.L.","publisher":{"@id":"https:\/\/meprolim.es\/fr\/#organization"},"potentialAction":[{"@type":"SearchAction","target":{"@type":"EntryPoint","urlTemplate":"https:\/\/meprolim.es\/fr\/?s={search_term_string}"},"query-input":{"@type":"PropertyValueSpecification","valueRequired":true,"valueName":"search_term_string"}}],"inLanguage":"de"},{"@type":"Organization","@id":"https:\/\/meprolim.es\/fr\/#organization","name":"Meprolim","url":"https:\/\/meprolim.es\/fr\/","logo":{"@type":"ImageObject","inLanguage":"de","@id":"https:\/\/meprolim.es\/fr\/#\/schema\/logo\/image\/","url":"https:\/\/meprolim.es\/wp-content\/uploads\/2019\/07\/cropped-logo2.png","contentUrl":"https:\/\/meprolim.es\/wp-content\/uploads\/2019\/07\/cropped-logo2.png","width":401,"height":162,"caption":"Meprolim"},"image":{"@id":"https:\/\/meprolim.es\/fr\/#\/schema\/logo\/image\/"}}]}},"_links":{"self":[{"href":"https:\/\/meprolim.es\/de\/wp-json\/wp\/v2\/product\/32801","targetHints":{"allow":["GET"]}}],"collection":[{"href":"https:\/\/meprolim.es\/de\/wp-json\/wp\/v2\/product"}],"about":[{"href":"https:\/\/meprolim.es\/de\/wp-json\/wp\/v2\/types\/product"}],"wp:featuredmedia":[{"embeddable":true,"href":"https:\/\/meprolim.es\/de\/wp-json\/wp\/v2\/media\/32803"}],"wp:attachment":[{"href":"https:\/\/meprolim.es\/de\/wp-json\/wp\/v2\/media?parent=32801"}],"wp:term":[{"taxonomy":"product_brand","embeddable":true,"href":"https:\/\/meprolim.es\/de\/wp-json\/wp\/v2\/product_brand?post=32801"},{"taxonomy":"product_cat","embeddable":true,"href":"https:\/\/meprolim.es\/de\/wp-json\/wp\/v2\/product_cat?post=32801"},{"taxonomy":"product_tag","embeddable":true,"href":"https:\/\/meprolim.es\/de\/wp-json\/wp\/v2\/product_tag?post=32801"}],"curies":[{"name":"wp","href":"https:\/\/api.w.org\/{rel}","templated":true}]}}