{"id":5317,"date":"2019-08-05T15:04:16","date_gmt":"2019-08-05T14:04:16","guid":{"rendered":"http:\/\/www.meprolim.es\/?post_type=product&#038;p=5317"},"modified":"2020-03-20T13:33:10","modified_gmt":"2020-03-20T13:33:10","slug":"fregadora-genie-vispa-35b","status":"publish","type":"product","link":"https:\/\/meprolim.es\/de\/producto\/maquinaria-de-limpieza\/fregadoras-de\/conductor-a-pie-de\/baterias-de\/fregadora-genie-vispa-35b\/","title":{"rendered":"FREGADORA VISPA 35B &#8211; C\u00d3DIGO: ZB1028"},"content":{"rendered":"<div class=\"wpb-content-wrapper\"><p>[vc_row][vc_column][vc_column_text]<\/p>\n<p style=\"text-align: justify;\">La revolucionaria fregadora de pavimentos que lava, seca e higieniza en una sola pasada. Ideal para peque\u00f1as superficies, cuenta con una pista de trabajo de 35 cm.<\/p>\n<p style=\"text-align: justify;\">La versi\u00f3n a bater\u00edas es libre de cables por lo tanto se mueve con desenvoltura al interno de espacios peque\u00f1os y congestionados.\u00a0Vispa 35 se suministra con cepillos o discos de arrastre. La versi\u00f3n a bater\u00eda viene con el cargador de bater\u00edas ya incorporado y la bater\u00eda al gel.<\/p>\n<p style=\"text-align: justify;\">Con Vispa 35 la suciedad se recoge por completo en un tanque de recuperaci\u00f3n y no se esparce en el pavimento, como podr\u00eda ocurrir con la limpieza manual tradicional. Todas las operaciones de limpieza ser\u00e1n m\u00e1s simples. Basta de fatiga para el operador de la\u00a0limpieza, quien al final de la jornada habr\u00e1 aumentado su productividad en modo exponencial. El sistema autom\u00e1tico de registro de la boquilla de aspiraci\u00f3n y del cepillo permite que la m\u00e1quina se adapte autom\u00e1ticamente a cualquier tipo de pavimento.<\/p>\n<p>&nbsp;<\/p>\n<p>[\/vc_column_text][\/vc_column][\/vc_row]<\/p>\n<\/div>","protected":false},"excerpt":{"rendered":"<ul>\n<li>Cargador de bater\u00edas Incorporado.<\/li>\n<li>Mandos intuitivos a simple lectura.<\/li>\n<li>La m\u00e1s peque\u00f1a fregadora de pavimento a bater\u00edas.<\/li>\n<li>Aut\u00f3noma. Equipada con bater\u00eda de gel, cepillo o disco porta-pad.<\/li>\n<li>Ideal para limpieza de mantenimiento de espacios peque\u00f1os (hasta 1.000 m\u00b2) y con obst\u00e1culos.<\/li>\n<\/ul>\n<p><strong>SKU<\/strong>: ZB1028<\/p>\n","protected":false},"featured_media":5318,"template":"","meta":[],"product_brand":[],"product_cat":[2622,2582,2581,2580],"product_tag":[251,253,252,257],"class_list":{"0":"post-5317","1":"product","2":"type-product","3":"status-publish","4":"has-post-thumbnail","6":"product_cat-baterias-2","7":"product_cat-conductor-a-pie","8":"product_cat-fregadoras","9":"product_cat-maquinaria-de-limpieza","10":"product_tag-fregadoras","11":"product_tag-maquinaria-a-pilas","12":"product_tag-maquinaria-de-limpieza","13":"product_tag-operario-a-pie","15":"first","16":"instock","17":"shipping-taxable","18":"product-type-simple"},"yoast_head":"<!-- This site is optimized with the Yoast SEO plugin v27.3 - https:\/\/yoast.com\/product\/yoast-seo-wordpress\/ -->\n<title>FREGADORA VISPA 35B - C\u00d3DIGO: ZB1028 - Meprolim<\/title>\n<meta name=\"robots\" content=\"index, follow, max-snippet:-1, max-image-preview:large, max-video-preview:-1\" \/>\n<link rel=\"canonical\" href=\"https:\/\/meprolim.es\/producto\/maquinaria-de-limpieza\/fregadoras\/conductor-a-pie\/baterias-2\/fregadora-genie-vispa-35b\/\" \/>\n<meta property=\"og:locale\" content=\"de_DE\" \/>\n<meta property=\"og:type\" content=\"article\" \/>\n<meta property=\"og:title\" content=\"FREGADORA VISPA 35B - C\u00d3DIGO: ZB1028 - Meprolim\" \/>\n<meta property=\"og:description\" content=\"Cargador de bater\u00edas Incorporado.  Mandos intuitivos a simple lectura.  La m\u00e1s peque\u00f1a fregadora de pavimento a bater\u00edas.  Aut\u00f3noma. Equipada con bater\u00eda de gel, cepillo o disco porta-pad.  Ideal para limpieza de mantenimiento de espacios peque\u00f1os (hasta 1.000 m\u00b2) y con obst\u00e1culos.  SKU: ZB1028\" \/>\n<meta property=\"og:url\" content=\"https:\/\/meprolim.es\/producto\/maquinaria-de-limpieza\/fregadoras\/conductor-a-pie\/baterias-2\/fregadora-genie-vispa-35b\/\" \/>\n<meta property=\"og:site_name\" content=\"Meprolim\" \/>\n<meta property=\"article:modified_time\" content=\"2020-03-20T13:33:10+00:00\" \/>\n<meta property=\"og:image\" content=\"https:\/\/meprolim.es\/wp-content\/uploads\/2019\/08\/ZB1028.jpg\" \/>\n\t<meta property=\"og:image:width\" content=\"768\" \/>\n\t<meta property=\"og:image:height\" content=\"834\" \/>\n\t<meta property=\"og:image:type\" content=\"image\/jpeg\" \/>\n<meta name=\"twitter:card\" content=\"summary_large_image\" \/>\n<meta name=\"twitter:label1\" content=\"Gesch\u00e4tzte Lesezeit\" \/>\n\t<meta name=\"twitter:data1\" content=\"1\u00a0Minute\" \/>\n<script type=\"application\/ld+json\" class=\"yoast-schema-graph\">{\"@context\":\"https:\\\/\\\/schema.org\",\"@graph\":[{\"@type\":\"WebPage\",\"@id\":\"https:\\\/\\\/meprolim.es\\\/producto\\\/maquinaria-de-limpieza\\\/fregadoras\\\/conductor-a-pie\\\/baterias-2\\\/fregadora-genie-vispa-35b\\\/\",\"url\":\"https:\\\/\\\/meprolim.es\\\/producto\\\/maquinaria-de-limpieza\\\/fregadoras\\\/conductor-a-pie\\\/baterias-2\\\/fregadora-genie-vispa-35b\\\/\",\"name\":\"FREGADORA VISPA 35B - C\u00d3DIGO: ZB1028 - Meprolim\",\"isPartOf\":{\"@id\":\"https:\\\/\\\/meprolim.es\\\/fr\\\/#website\"},\"primaryImageOfPage\":{\"@id\":\"https:\\\/\\\/meprolim.es\\\/producto\\\/maquinaria-de-limpieza\\\/fregadoras\\\/conductor-a-pie\\\/baterias-2\\\/fregadora-genie-vispa-35b\\\/#primaryimage\"},\"image\":{\"@id\":\"https:\\\/\\\/meprolim.es\\\/producto\\\/maquinaria-de-limpieza\\\/fregadoras\\\/conductor-a-pie\\\/baterias-2\\\/fregadora-genie-vispa-35b\\\/#primaryimage\"},\"thumbnailUrl\":\"https:\\\/\\\/meprolim.es\\\/wp-content\\\/uploads\\\/2019\\\/08\\\/ZB1028.jpg\",\"datePublished\":\"2019-08-05T14:04:16+00:00\",\"dateModified\":\"2020-03-20T13:33:10+00:00\",\"breadcrumb\":{\"@id\":\"https:\\\/\\\/meprolim.es\\\/producto\\\/maquinaria-de-limpieza\\\/fregadoras\\\/conductor-a-pie\\\/baterias-2\\\/fregadora-genie-vispa-35b\\\/#breadcrumb\"},\"inLanguage\":\"de\",\"potentialAction\":[{\"@type\":\"ReadAction\",\"target\":[\"https:\\\/\\\/meprolim.es\\\/producto\\\/maquinaria-de-limpieza\\\/fregadoras\\\/conductor-a-pie\\\/baterias-2\\\/fregadora-genie-vispa-35b\\\/\"]}]},{\"@type\":\"ImageObject\",\"inLanguage\":\"de\",\"@id\":\"https:\\\/\\\/meprolim.es\\\/producto\\\/maquinaria-de-limpieza\\\/fregadoras\\\/conductor-a-pie\\\/baterias-2\\\/fregadora-genie-vispa-35b\\\/#primaryimage\",\"url\":\"https:\\\/\\\/meprolim.es\\\/wp-content\\\/uploads\\\/2019\\\/08\\\/ZB1028.jpg\",\"contentUrl\":\"https:\\\/\\\/meprolim.es\\\/wp-content\\\/uploads\\\/2019\\\/08\\\/ZB1028.jpg\",\"width\":768,\"height\":834,\"caption\":\"Bimat Solid\"},{\"@type\":\"BreadcrumbList\",\"@id\":\"https:\\\/\\\/meprolim.es\\\/producto\\\/maquinaria-de-limpieza\\\/fregadoras\\\/conductor-a-pie\\\/baterias-2\\\/fregadora-genie-vispa-35b\\\/#breadcrumb\",\"itemListElement\":[{\"@type\":\"ListItem\",\"position\":1,\"name\":\"Portada\",\"item\":\"https:\\\/\\\/meprolim.es\\\/de\\\/\"},{\"@type\":\"ListItem\",\"position\":2,\"name\":\"Cat\u00e1logo\",\"item\":\"https:\\\/\\\/meprolim.es\\\/de\\\/catalogo\\\/\"},{\"@type\":\"ListItem\",\"position\":3,\"name\":\"FREGADORA VISPA 35B &#8211; C\u00d3DIGO: ZB1028\"}]},{\"@type\":\"WebSite\",\"@id\":\"https:\\\/\\\/meprolim.es\\\/fr\\\/#website\",\"url\":\"https:\\\/\\\/meprolim.es\\\/fr\\\/\",\"name\":\"Meprolim\",\"description\":\"Cavas Catalanas S.L.\",\"publisher\":{\"@id\":\"https:\\\/\\\/meprolim.es\\\/fr\\\/#organization\"},\"potentialAction\":[{\"@type\":\"SearchAction\",\"target\":{\"@type\":\"EntryPoint\",\"urlTemplate\":\"https:\\\/\\\/meprolim.es\\\/fr\\\/?s={search_term_string}\"},\"query-input\":{\"@type\":\"PropertyValueSpecification\",\"valueRequired\":true,\"valueName\":\"search_term_string\"}}],\"inLanguage\":\"de\"},{\"@type\":\"Organization\",\"@id\":\"https:\\\/\\\/meprolim.es\\\/fr\\\/#organization\",\"name\":\"Meprolim\",\"url\":\"https:\\\/\\\/meprolim.es\\\/fr\\\/\",\"logo\":{\"@type\":\"ImageObject\",\"inLanguage\":\"de\",\"@id\":\"https:\\\/\\\/meprolim.es\\\/fr\\\/#\\\/schema\\\/logo\\\/image\\\/\",\"url\":\"https:\\\/\\\/meprolim.es\\\/wp-content\\\/uploads\\\/2019\\\/07\\\/cropped-logo2.png\",\"contentUrl\":\"https:\\\/\\\/meprolim.es\\\/wp-content\\\/uploads\\\/2019\\\/07\\\/cropped-logo2.png\",\"width\":401,\"height\":162,\"caption\":\"Meprolim\"},\"image\":{\"@id\":\"https:\\\/\\\/meprolim.es\\\/fr\\\/#\\\/schema\\\/logo\\\/image\\\/\"}}]}<\/script>\n<!-- \/ Yoast SEO plugin. -->","yoast_head_json":{"title":"FREGADORA VISPA 35B - C\u00d3DIGO: ZB1028 - Meprolim","robots":{"index":"index","follow":"follow","max-snippet":"max-snippet:-1","max-image-preview":"max-image-preview:large","max-video-preview":"max-video-preview:-1"},"canonical":"https:\/\/meprolim.es\/producto\/maquinaria-de-limpieza\/fregadoras\/conductor-a-pie\/baterias-2\/fregadora-genie-vispa-35b\/","og_locale":"de_DE","og_type":"article","og_title":"FREGADORA VISPA 35B - C\u00d3DIGO: ZB1028 - Meprolim","og_description":"Cargador de bater\u00edas Incorporado.  Mandos intuitivos a simple lectura.  La m\u00e1s peque\u00f1a fregadora de pavimento a bater\u00edas.  Aut\u00f3noma. Equipada con bater\u00eda de gel, cepillo o disco porta-pad.  Ideal para limpieza de mantenimiento de espacios peque\u00f1os (hasta 1.000 m\u00b2) y con obst\u00e1culos.  SKU: ZB1028","og_url":"https:\/\/meprolim.es\/producto\/maquinaria-de-limpieza\/fregadoras\/conductor-a-pie\/baterias-2\/fregadora-genie-vispa-35b\/","og_site_name":"Meprolim","article_modified_time":"2020-03-20T13:33:10+00:00","og_image":[{"width":768,"height":834,"url":"https:\/\/meprolim.es\/wp-content\/uploads\/2019\/08\/ZB1028.jpg","type":"image\/jpeg"}],"twitter_card":"summary_large_image","twitter_misc":{"Gesch\u00e4tzte Lesezeit":"1\u00a0Minute"},"schema":{"@context":"https:\/\/schema.org","@graph":[{"@type":"WebPage","@id":"https:\/\/meprolim.es\/producto\/maquinaria-de-limpieza\/fregadoras\/conductor-a-pie\/baterias-2\/fregadora-genie-vispa-35b\/","url":"https:\/\/meprolim.es\/producto\/maquinaria-de-limpieza\/fregadoras\/conductor-a-pie\/baterias-2\/fregadora-genie-vispa-35b\/","name":"FREGADORA VISPA 35B - C\u00d3DIGO: ZB1028 - Meprolim","isPartOf":{"@id":"https:\/\/meprolim.es\/fr\/#website"},"primaryImageOfPage":{"@id":"https:\/\/meprolim.es\/producto\/maquinaria-de-limpieza\/fregadoras\/conductor-a-pie\/baterias-2\/fregadora-genie-vispa-35b\/#primaryimage"},"image":{"@id":"https:\/\/meprolim.es\/producto\/maquinaria-de-limpieza\/fregadoras\/conductor-a-pie\/baterias-2\/fregadora-genie-vispa-35b\/#primaryimage"},"thumbnailUrl":"https:\/\/meprolim.es\/wp-content\/uploads\/2019\/08\/ZB1028.jpg","datePublished":"2019-08-05T14:04:16+00:00","dateModified":"2020-03-20T13:33:10+00:00","breadcrumb":{"@id":"https:\/\/meprolim.es\/producto\/maquinaria-de-limpieza\/fregadoras\/conductor-a-pie\/baterias-2\/fregadora-genie-vispa-35b\/#breadcrumb"},"inLanguage":"de","potentialAction":[{"@type":"ReadAction","target":["https:\/\/meprolim.es\/producto\/maquinaria-de-limpieza\/fregadoras\/conductor-a-pie\/baterias-2\/fregadora-genie-vispa-35b\/"]}]},{"@type":"ImageObject","inLanguage":"de","@id":"https:\/\/meprolim.es\/producto\/maquinaria-de-limpieza\/fregadoras\/conductor-a-pie\/baterias-2\/fregadora-genie-vispa-35b\/#primaryimage","url":"https:\/\/meprolim.es\/wp-content\/uploads\/2019\/08\/ZB1028.jpg","contentUrl":"https:\/\/meprolim.es\/wp-content\/uploads\/2019\/08\/ZB1028.jpg","width":768,"height":834,"caption":"Bimat Solid"},{"@type":"BreadcrumbList","@id":"https:\/\/meprolim.es\/producto\/maquinaria-de-limpieza\/fregadoras\/conductor-a-pie\/baterias-2\/fregadora-genie-vispa-35b\/#breadcrumb","itemListElement":[{"@type":"ListItem","position":1,"name":"Portada","item":"https:\/\/meprolim.es\/de\/"},{"@type":"ListItem","position":2,"name":"Cat\u00e1logo","item":"https:\/\/meprolim.es\/de\/catalogo\/"},{"@type":"ListItem","position":3,"name":"FREGADORA VISPA 35B &#8211; C\u00d3DIGO: ZB1028"}]},{"@type":"WebSite","@id":"https:\/\/meprolim.es\/fr\/#website","url":"https:\/\/meprolim.es\/fr\/","name":"Meprolim","description":"Cavas Catalanas S.L.","publisher":{"@id":"https:\/\/meprolim.es\/fr\/#organization"},"potentialAction":[{"@type":"SearchAction","target":{"@type":"EntryPoint","urlTemplate":"https:\/\/meprolim.es\/fr\/?s={search_term_string}"},"query-input":{"@type":"PropertyValueSpecification","valueRequired":true,"valueName":"search_term_string"}}],"inLanguage":"de"},{"@type":"Organization","@id":"https:\/\/meprolim.es\/fr\/#organization","name":"Meprolim","url":"https:\/\/meprolim.es\/fr\/","logo":{"@type":"ImageObject","inLanguage":"de","@id":"https:\/\/meprolim.es\/fr\/#\/schema\/logo\/image\/","url":"https:\/\/meprolim.es\/wp-content\/uploads\/2019\/07\/cropped-logo2.png","contentUrl":"https:\/\/meprolim.es\/wp-content\/uploads\/2019\/07\/cropped-logo2.png","width":401,"height":162,"caption":"Meprolim"},"image":{"@id":"https:\/\/meprolim.es\/fr\/#\/schema\/logo\/image\/"}}]}},"_links":{"self":[{"href":"https:\/\/meprolim.es\/de\/wp-json\/wp\/v2\/product\/5317","targetHints":{"allow":["GET"]}}],"collection":[{"href":"https:\/\/meprolim.es\/de\/wp-json\/wp\/v2\/product"}],"about":[{"href":"https:\/\/meprolim.es\/de\/wp-json\/wp\/v2\/types\/product"}],"wp:featuredmedia":[{"embeddable":true,"href":"https:\/\/meprolim.es\/de\/wp-json\/wp\/v2\/media\/5318"}],"wp:attachment":[{"href":"https:\/\/meprolim.es\/de\/wp-json\/wp\/v2\/media?parent=5317"}],"wp:term":[{"taxonomy":"product_brand","embeddable":true,"href":"https:\/\/meprolim.es\/de\/wp-json\/wp\/v2\/product_brand?post=5317"},{"taxonomy":"product_cat","embeddable":true,"href":"https:\/\/meprolim.es\/de\/wp-json\/wp\/v2\/product_cat?post=5317"},{"taxonomy":"product_tag","embeddable":true,"href":"https:\/\/meprolim.es\/de\/wp-json\/wp\/v2\/product_tag?post=5317"}],"curies":[{"name":"wp","href":"https:\/\/api.w.org\/{rel}","templated":true}]}}