{"id":5332,"date":"2019-08-05T21:42:48","date_gmt":"2019-08-05T20:42:48","guid":{"rendered":"http:\/\/www.meprolim.es\/?post_type=product&#038;p=5332"},"modified":"2020-03-20T13:41:58","modified_gmt":"2020-03-20T13:41:58","slug":"fregadora-imx-50b","status":"publish","type":"product","link":"https:\/\/meprolim.es\/de\/producto\/maquinaria-de-limpieza\/fregadoras-de\/conductor-a-pie-de\/baterias-de\/fregadora-imx-50b\/","title":{"rendered":"FREGADORA IMX-50B &#8211; C\u00d3DIGO: ZD0022"},"content":{"rendered":"<div class=\"wpb-content-wrapper\"><p>[vc_row][vc_column][vc_column_text]<\/p>\n<p style=\"text-align: justify;\">El dise\u00f1o compacto de iMx asegura total visibilidad durante las maniobras, la limpieza a ras de pared y alrededor de obst\u00e1culos.<\/p>\n<p style=\"text-align: justify;\">Nueva consola electr\u00f3nica con dispositivo AUTO que activa a la vez todas las funciones de lavado, garantizando prestaciones de limpieza constantes a lo largo del tiempo.<\/p>\n<p style=\"text-align: justify;\"><strong>Dispositivo Eco Mode<\/strong><br \/>\n&#8211; Permite ahorrar agua y detergente de hasta el 50%<br \/>\n&#8211; Reduce el ruido para trabajar tambi\u00e9n durante las horas del d\u00eda en ambientes sensibles o frecuentados, ahorrando sobre los turnos de noche.<br \/>\n&#8211; Ofrece el mayor beneficio en la limpieza diaria o frecuente de las superficies.<\/p>\n<p style=\"text-align: justify;\">La estructura externa de iMx cubre totalmente los componentes, protegi\u00e9ndolos contra da\u00f1os de golpes accidentales, evitando desagradables costes a\u00f1adidos de reparaci\u00f3n y aumentando la vida de todos los elementos.<\/p>\n<p>[\/vc_column_text][\/vc_column][\/vc_row]<\/p>\n<\/div>","protected":false},"excerpt":{"rendered":"<ul>\n<li>Fregadora-Secadora manual compacta con dispositivo EcoMode que permite ahorrar hasta el 50% de agua y detergente. Ideal para limpieza diaria o frecuente.\u00a0<\/li>\n<li>Bajo impacto ambiental: Reduce el uso de qu\u00edmico, el ruido y el consumo de energ\u00eda.\u00a0<\/li>\n<li>El 95% de sus componentes son reciclables.\u00a0<\/li>\n<li>De f\u00e1cil manejo y mantenimiento, incorpora una consola manual para las funciones de lavado.<\/li>\n<li>Tanque de soluci\u00f3n de 40l. Manguera anti-goteo de carga directa.\u00a0<\/li>\n<li>Gancho porta accesorios, Para-salpicaduras. Funda protectora.<\/li>\n<\/ul>\n<p><strong>SKU<\/strong>: ZD0022<\/p>\n","protected":false},"featured_media":5333,"template":"","meta":[],"product_brand":[],"product_cat":[2622,2582,2581,2580],"product_tag":[251,255,252,257],"class_list":{"0":"post-5332","1":"product","2":"type-product","3":"status-publish","4":"has-post-thumbnail","6":"product_cat-baterias-2","7":"product_cat-conductor-a-pie","8":"product_cat-fregadoras","9":"product_cat-maquinaria-de-limpieza","10":"product_tag-fregadoras","11":"product_tag-maquinaria-de-baterias","12":"product_tag-maquinaria-de-limpieza","13":"product_tag-operario-a-pie","15":"first","16":"instock","17":"shipping-taxable","18":"product-type-simple"},"yoast_head":"<!-- This site is optimized with the Yoast SEO plugin v27.3 - https:\/\/yoast.com\/product\/yoast-seo-wordpress\/ -->\n<title>FREGADORA IMX-50B - C\u00d3DIGO: ZD0022 - Meprolim<\/title>\n<meta name=\"robots\" content=\"index, follow, max-snippet:-1, max-image-preview:large, max-video-preview:-1\" \/>\n<link rel=\"canonical\" href=\"https:\/\/meprolim.es\/producto\/maquinaria-de-limpieza\/fregadoras\/conductor-a-pie\/baterias-2\/fregadora-imx-50b\/\" \/>\n<meta property=\"og:locale\" content=\"de_DE\" \/>\n<meta property=\"og:type\" content=\"article\" \/>\n<meta property=\"og:title\" content=\"FREGADORA IMX-50B - C\u00d3DIGO: ZD0022 - Meprolim\" \/>\n<meta property=\"og:description\" content=\"Fregadora-Secadora manual compacta con dispositivo EcoMode que permite ahorrar hasta el 50% de agua y detergente. Ideal para limpieza diaria o frecuente.\u00a0  Bajo impacto ambiental: Reduce el uso de qu\u00edmico, el ruido y el consumo de energ\u00eda.\u00a0  El 95% de sus componentes son reciclables.\u00a0  De f\u00e1cil manejo y mantenimiento, incorpora una consola manual para las funciones de lavado.  Tanque de soluci\u00f3n de 40l. Manguera anti-goteo de carga directa.\u00a0  Gancho porta accesorios, Para-salpicaduras. Funda protectora.  SKU: ZD0022\" \/>\n<meta property=\"og:url\" content=\"https:\/\/meprolim.es\/producto\/maquinaria-de-limpieza\/fregadoras\/conductor-a-pie\/baterias-2\/fregadora-imx-50b\/\" \/>\n<meta property=\"og:site_name\" content=\"Meprolim\" \/>\n<meta property=\"article:modified_time\" content=\"2020-03-20T13:41:58+00:00\" \/>\n<meta property=\"og:image\" content=\"https:\/\/meprolim.es\/wp-content\/uploads\/2019\/08\/ZD0022.jpg\" \/>\n\t<meta property=\"og:image:width\" content=\"768\" \/>\n\t<meta property=\"og:image:height\" content=\"834\" \/>\n\t<meta property=\"og:image:type\" content=\"image\/jpeg\" \/>\n<meta name=\"twitter:card\" content=\"summary_large_image\" \/>\n<meta name=\"twitter:label1\" content=\"Gesch\u00e4tzte Lesezeit\" \/>\n\t<meta name=\"twitter:data1\" content=\"1\u00a0Minute\" \/>\n<script type=\"application\/ld+json\" class=\"yoast-schema-graph\">{\"@context\":\"https:\\\/\\\/schema.org\",\"@graph\":[{\"@type\":\"WebPage\",\"@id\":\"https:\\\/\\\/meprolim.es\\\/producto\\\/maquinaria-de-limpieza\\\/fregadoras\\\/conductor-a-pie\\\/baterias-2\\\/fregadora-imx-50b\\\/\",\"url\":\"https:\\\/\\\/meprolim.es\\\/producto\\\/maquinaria-de-limpieza\\\/fregadoras\\\/conductor-a-pie\\\/baterias-2\\\/fregadora-imx-50b\\\/\",\"name\":\"FREGADORA IMX-50B - C\u00d3DIGO: ZD0022 - Meprolim\",\"isPartOf\":{\"@id\":\"https:\\\/\\\/meprolim.es\\\/fr\\\/#website\"},\"primaryImageOfPage\":{\"@id\":\"https:\\\/\\\/meprolim.es\\\/producto\\\/maquinaria-de-limpieza\\\/fregadoras\\\/conductor-a-pie\\\/baterias-2\\\/fregadora-imx-50b\\\/#primaryimage\"},\"image\":{\"@id\":\"https:\\\/\\\/meprolim.es\\\/producto\\\/maquinaria-de-limpieza\\\/fregadoras\\\/conductor-a-pie\\\/baterias-2\\\/fregadora-imx-50b\\\/#primaryimage\"},\"thumbnailUrl\":\"https:\\\/\\\/meprolim.es\\\/wp-content\\\/uploads\\\/2019\\\/08\\\/ZD0022.jpg\",\"datePublished\":\"2019-08-05T20:42:48+00:00\",\"dateModified\":\"2020-03-20T13:41:58+00:00\",\"breadcrumb\":{\"@id\":\"https:\\\/\\\/meprolim.es\\\/producto\\\/maquinaria-de-limpieza\\\/fregadoras\\\/conductor-a-pie\\\/baterias-2\\\/fregadora-imx-50b\\\/#breadcrumb\"},\"inLanguage\":\"de\",\"potentialAction\":[{\"@type\":\"ReadAction\",\"target\":[\"https:\\\/\\\/meprolim.es\\\/producto\\\/maquinaria-de-limpieza\\\/fregadoras\\\/conductor-a-pie\\\/baterias-2\\\/fregadora-imx-50b\\\/\"]}]},{\"@type\":\"ImageObject\",\"inLanguage\":\"de\",\"@id\":\"https:\\\/\\\/meprolim.es\\\/producto\\\/maquinaria-de-limpieza\\\/fregadoras\\\/conductor-a-pie\\\/baterias-2\\\/fregadora-imx-50b\\\/#primaryimage\",\"url\":\"https:\\\/\\\/meprolim.es\\\/wp-content\\\/uploads\\\/2019\\\/08\\\/ZD0022.jpg\",\"contentUrl\":\"https:\\\/\\\/meprolim.es\\\/wp-content\\\/uploads\\\/2019\\\/08\\\/ZD0022.jpg\",\"width\":768,\"height\":834,\"caption\":\"Bimat Solid\"},{\"@type\":\"BreadcrumbList\",\"@id\":\"https:\\\/\\\/meprolim.es\\\/producto\\\/maquinaria-de-limpieza\\\/fregadoras\\\/conductor-a-pie\\\/baterias-2\\\/fregadora-imx-50b\\\/#breadcrumb\",\"itemListElement\":[{\"@type\":\"ListItem\",\"position\":1,\"name\":\"Portada\",\"item\":\"https:\\\/\\\/meprolim.es\\\/de\\\/\"},{\"@type\":\"ListItem\",\"position\":2,\"name\":\"Cat\u00e1logo\",\"item\":\"https:\\\/\\\/meprolim.es\\\/de\\\/catalogo\\\/\"},{\"@type\":\"ListItem\",\"position\":3,\"name\":\"FREGADORA IMX-50B &#8211; C\u00d3DIGO: ZD0022\"}]},{\"@type\":\"WebSite\",\"@id\":\"https:\\\/\\\/meprolim.es\\\/fr\\\/#website\",\"url\":\"https:\\\/\\\/meprolim.es\\\/fr\\\/\",\"name\":\"Meprolim\",\"description\":\"Cavas Catalanas S.L.\",\"publisher\":{\"@id\":\"https:\\\/\\\/meprolim.es\\\/fr\\\/#organization\"},\"potentialAction\":[{\"@type\":\"SearchAction\",\"target\":{\"@type\":\"EntryPoint\",\"urlTemplate\":\"https:\\\/\\\/meprolim.es\\\/fr\\\/?s={search_term_string}\"},\"query-input\":{\"@type\":\"PropertyValueSpecification\",\"valueRequired\":true,\"valueName\":\"search_term_string\"}}],\"inLanguage\":\"de\"},{\"@type\":\"Organization\",\"@id\":\"https:\\\/\\\/meprolim.es\\\/fr\\\/#organization\",\"name\":\"Meprolim\",\"url\":\"https:\\\/\\\/meprolim.es\\\/fr\\\/\",\"logo\":{\"@type\":\"ImageObject\",\"inLanguage\":\"de\",\"@id\":\"https:\\\/\\\/meprolim.es\\\/fr\\\/#\\\/schema\\\/logo\\\/image\\\/\",\"url\":\"https:\\\/\\\/meprolim.es\\\/wp-content\\\/uploads\\\/2019\\\/07\\\/cropped-logo2.png\",\"contentUrl\":\"https:\\\/\\\/meprolim.es\\\/wp-content\\\/uploads\\\/2019\\\/07\\\/cropped-logo2.png\",\"width\":401,\"height\":162,\"caption\":\"Meprolim\"},\"image\":{\"@id\":\"https:\\\/\\\/meprolim.es\\\/fr\\\/#\\\/schema\\\/logo\\\/image\\\/\"}}]}<\/script>\n<!-- \/ Yoast SEO plugin. -->","yoast_head_json":{"title":"FREGADORA IMX-50B - C\u00d3DIGO: ZD0022 - Meprolim","robots":{"index":"index","follow":"follow","max-snippet":"max-snippet:-1","max-image-preview":"max-image-preview:large","max-video-preview":"max-video-preview:-1"},"canonical":"https:\/\/meprolim.es\/producto\/maquinaria-de-limpieza\/fregadoras\/conductor-a-pie\/baterias-2\/fregadora-imx-50b\/","og_locale":"de_DE","og_type":"article","og_title":"FREGADORA IMX-50B - C\u00d3DIGO: ZD0022 - Meprolim","og_description":"Fregadora-Secadora manual compacta con dispositivo EcoMode que permite ahorrar hasta el 50% de agua y detergente. Ideal para limpieza diaria o frecuente.\u00a0  Bajo impacto ambiental: Reduce el uso de qu\u00edmico, el ruido y el consumo de energ\u00eda.\u00a0  El 95% de sus componentes son reciclables.\u00a0  De f\u00e1cil manejo y mantenimiento, incorpora una consola manual para las funciones de lavado.  Tanque de soluci\u00f3n de 40l. Manguera anti-goteo de carga directa.\u00a0  Gancho porta accesorios, Para-salpicaduras. Funda protectora.  SKU: ZD0022","og_url":"https:\/\/meprolim.es\/producto\/maquinaria-de-limpieza\/fregadoras\/conductor-a-pie\/baterias-2\/fregadora-imx-50b\/","og_site_name":"Meprolim","article_modified_time":"2020-03-20T13:41:58+00:00","og_image":[{"width":768,"height":834,"url":"https:\/\/meprolim.es\/wp-content\/uploads\/2019\/08\/ZD0022.jpg","type":"image\/jpeg"}],"twitter_card":"summary_large_image","twitter_misc":{"Gesch\u00e4tzte Lesezeit":"1\u00a0Minute"},"schema":{"@context":"https:\/\/schema.org","@graph":[{"@type":"WebPage","@id":"https:\/\/meprolim.es\/producto\/maquinaria-de-limpieza\/fregadoras\/conductor-a-pie\/baterias-2\/fregadora-imx-50b\/","url":"https:\/\/meprolim.es\/producto\/maquinaria-de-limpieza\/fregadoras\/conductor-a-pie\/baterias-2\/fregadora-imx-50b\/","name":"FREGADORA IMX-50B - C\u00d3DIGO: ZD0022 - Meprolim","isPartOf":{"@id":"https:\/\/meprolim.es\/fr\/#website"},"primaryImageOfPage":{"@id":"https:\/\/meprolim.es\/producto\/maquinaria-de-limpieza\/fregadoras\/conductor-a-pie\/baterias-2\/fregadora-imx-50b\/#primaryimage"},"image":{"@id":"https:\/\/meprolim.es\/producto\/maquinaria-de-limpieza\/fregadoras\/conductor-a-pie\/baterias-2\/fregadora-imx-50b\/#primaryimage"},"thumbnailUrl":"https:\/\/meprolim.es\/wp-content\/uploads\/2019\/08\/ZD0022.jpg","datePublished":"2019-08-05T20:42:48+00:00","dateModified":"2020-03-20T13:41:58+00:00","breadcrumb":{"@id":"https:\/\/meprolim.es\/producto\/maquinaria-de-limpieza\/fregadoras\/conductor-a-pie\/baterias-2\/fregadora-imx-50b\/#breadcrumb"},"inLanguage":"de","potentialAction":[{"@type":"ReadAction","target":["https:\/\/meprolim.es\/producto\/maquinaria-de-limpieza\/fregadoras\/conductor-a-pie\/baterias-2\/fregadora-imx-50b\/"]}]},{"@type":"ImageObject","inLanguage":"de","@id":"https:\/\/meprolim.es\/producto\/maquinaria-de-limpieza\/fregadoras\/conductor-a-pie\/baterias-2\/fregadora-imx-50b\/#primaryimage","url":"https:\/\/meprolim.es\/wp-content\/uploads\/2019\/08\/ZD0022.jpg","contentUrl":"https:\/\/meprolim.es\/wp-content\/uploads\/2019\/08\/ZD0022.jpg","width":768,"height":834,"caption":"Bimat Solid"},{"@type":"BreadcrumbList","@id":"https:\/\/meprolim.es\/producto\/maquinaria-de-limpieza\/fregadoras\/conductor-a-pie\/baterias-2\/fregadora-imx-50b\/#breadcrumb","itemListElement":[{"@type":"ListItem","position":1,"name":"Portada","item":"https:\/\/meprolim.es\/de\/"},{"@type":"ListItem","position":2,"name":"Cat\u00e1logo","item":"https:\/\/meprolim.es\/de\/catalogo\/"},{"@type":"ListItem","position":3,"name":"FREGADORA IMX-50B &#8211; C\u00d3DIGO: ZD0022"}]},{"@type":"WebSite","@id":"https:\/\/meprolim.es\/fr\/#website","url":"https:\/\/meprolim.es\/fr\/","name":"Meprolim","description":"Cavas Catalanas S.L.","publisher":{"@id":"https:\/\/meprolim.es\/fr\/#organization"},"potentialAction":[{"@type":"SearchAction","target":{"@type":"EntryPoint","urlTemplate":"https:\/\/meprolim.es\/fr\/?s={search_term_string}"},"query-input":{"@type":"PropertyValueSpecification","valueRequired":true,"valueName":"search_term_string"}}],"inLanguage":"de"},{"@type":"Organization","@id":"https:\/\/meprolim.es\/fr\/#organization","name":"Meprolim","url":"https:\/\/meprolim.es\/fr\/","logo":{"@type":"ImageObject","inLanguage":"de","@id":"https:\/\/meprolim.es\/fr\/#\/schema\/logo\/image\/","url":"https:\/\/meprolim.es\/wp-content\/uploads\/2019\/07\/cropped-logo2.png","contentUrl":"https:\/\/meprolim.es\/wp-content\/uploads\/2019\/07\/cropped-logo2.png","width":401,"height":162,"caption":"Meprolim"},"image":{"@id":"https:\/\/meprolim.es\/fr\/#\/schema\/logo\/image\/"}}]}},"_links":{"self":[{"href":"https:\/\/meprolim.es\/de\/wp-json\/wp\/v2\/product\/5332","targetHints":{"allow":["GET"]}}],"collection":[{"href":"https:\/\/meprolim.es\/de\/wp-json\/wp\/v2\/product"}],"about":[{"href":"https:\/\/meprolim.es\/de\/wp-json\/wp\/v2\/types\/product"}],"wp:featuredmedia":[{"embeddable":true,"href":"https:\/\/meprolim.es\/de\/wp-json\/wp\/v2\/media\/5333"}],"wp:attachment":[{"href":"https:\/\/meprolim.es\/de\/wp-json\/wp\/v2\/media?parent=5332"}],"wp:term":[{"taxonomy":"product_brand","embeddable":true,"href":"https:\/\/meprolim.es\/de\/wp-json\/wp\/v2\/product_brand?post=5332"},{"taxonomy":"product_cat","embeddable":true,"href":"https:\/\/meprolim.es\/de\/wp-json\/wp\/v2\/product_cat?post=5332"},{"taxonomy":"product_tag","embeddable":true,"href":"https:\/\/meprolim.es\/de\/wp-json\/wp\/v2\/product_tag?post=5332"}],"curies":[{"name":"wp","href":"https:\/\/api.w.org\/{rel}","templated":true}]}}