{"id":5425,"date":"2019-08-08T20:49:18","date_gmt":"2019-08-08T19:49:18","guid":{"rendered":"http:\/\/www.meprolim.es\/?post_type=product&#038;p=5425"},"modified":"2020-03-20T17:17:36","modified_gmt":"2020-03-20T17:17:36","slug":"barredoras-motor-diesel-comac-cs120d","status":"publish","type":"product","link":"https:\/\/meprolim.es\/de\/producto\/maquinaria-de-limpieza\/barredoras-de\/conductor-sentado-de-2\/barredoras-motor-diesel-comac-cs120d\/","title":{"rendered":"BARREDORA MOTOR DI\u00c9SEL COMAC CS120D &#8211; C\u00d3DIGO: ZB1038"},"content":{"rendered":"<div class=\"wpb-content-wrapper\"><p>[vc_row][vc_column][vc_column_text]<\/p>\n<p>CS120D.<\/p>\n<p>Proyectada para limpiar grandes superficies externas e internas, la barredora de motor di\u00e9sel COMAC recoge s\u00f3lidos y polvo.<\/p>\n<p>[\/vc_column_text][\/vc_column][\/vc_row]<\/p>\n<\/div>","protected":false},"excerpt":{"rendered":"<ul>\n<li>Representa el m\u00e1ximo de la gama en t\u00e9rminos de potencia, capacidad de prestaciones, resistencia y adaptabilidad a los trabajos m\u00e1s pesados.<\/li>\n<li>Sistema hidr\u00e1ulico de electro v\u00e1lvulas y distribuidores directos.<\/li>\n<li>Radiador de aceite con termostato y ventilador electr\u00f3nico aut\u00f3nomos, para mantener siempre la temperatura de aceite dentro de los valores \u00f3ptimos.<\/li>\n<li>Volante, asiento ergon\u00f3mico y apoya brazos con inclinaci\u00f3n ajustable, luces intermitentes, faros anteriores, paragolpes de goma, detector de marcha atr\u00e1s, filtro de tela, cepillos centrales y laterales.<\/li>\n<li>Pedal de marcha servo-asistido.<\/li>\n<li>Cuatro palancas de mando.<\/li>\n<li>Contenedor de residuos con sistema hidr\u00e1ulico (1,5m de elevaci\u00f3n).<\/li>\n<li>Superficie de filtro y cepillos f\u00e1ciles de desmontar sin herramientas.<\/li>\n<li>Cuenta tambi\u00e9n con sacudidor de filtro el\u00e9ctrico.<\/li>\n<\/ul>\n<p><strong>SKU: ZB1038<\/strong><\/p>\n","protected":false},"featured_media":5427,"template":"","meta":[],"product_brand":[],"product_cat":[2585,2588,2580],"product_tag":[259,269,252,256],"class_list":{"0":"post-5425","1":"product","2":"type-product","3":"status-publish","4":"has-post-thumbnail","6":"product_cat-barredoras","7":"product_cat-conductor-sentado-2","8":"product_cat-maquinaria-de-limpieza","9":"product_tag-barredora","10":"product_tag-barredora-diesel","11":"product_tag-maquinaria-de-limpieza","12":"product_tag-operador-a-bordo","14":"first","15":"instock","16":"shipping-taxable","17":"product-type-simple"},"yoast_head":"<!-- This site is optimized with the Yoast SEO plugin v27.3 - https:\/\/yoast.com\/product\/yoast-seo-wordpress\/ -->\n<title>BARREDORA MOTOR DI\u00c9SEL COMAC CS120D - C\u00d3DIGO: ZB1038 - Meprolim<\/title>\n<meta name=\"robots\" content=\"index, follow, max-snippet:-1, max-image-preview:large, max-video-preview:-1\" \/>\n<link rel=\"canonical\" href=\"https:\/\/meprolim.es\/de\/producto\/maquinaria-de-limpieza\/barredoras\/conductor-sentado-2\/barredoras-motor-diesel-comac-cs120d\/\" \/>\n<meta property=\"og:locale\" content=\"de_DE\" \/>\n<meta property=\"og:type\" content=\"article\" \/>\n<meta property=\"og:title\" content=\"BARREDORA MOTOR DI\u00c9SEL COMAC CS120D - C\u00d3DIGO: ZB1038 - Meprolim\" \/>\n<meta property=\"og:description\" content=\"Representa el m\u00e1ximo de la gama en t\u00e9rminos de potencia, capacidad de prestaciones, resistencia y adaptabilidad a los trabajos m\u00e1s pesados.  Sistema hidr\u00e1ulico de electro v\u00e1lvulas y distribuidores directos.  Radiador de aceite con termostato y ventilador electr\u00f3nico aut\u00f3nomos, para mantener siempre la temperatura de aceite dentro de los valores \u00f3ptimos.  Volante, asiento ergon\u00f3mico y apoya brazos con inclinaci\u00f3n ajustable, luces intermitentes, faros anteriores, paragolpes de goma, detector de marcha atr\u00e1s, filtro de tela, cepillos centrales y laterales.  Pedal de marcha servo-asistido.  Cuatro palancas de mando.  Contenedor de residuos con sistema hidr\u00e1ulico (1,5m de elevaci\u00f3n).  Superficie de filtro y cepillos f\u00e1ciles de desmontar sin herramientas.  Cuenta tambi\u00e9n con sacudidor de filtro el\u00e9ctrico.  SKU: ZB1038\" \/>\n<meta property=\"og:url\" content=\"https:\/\/meprolim.es\/de\/producto\/maquinaria-de-limpieza\/barredoras\/conductor-sentado-2\/barredoras-motor-diesel-comac-cs120d\/\" \/>\n<meta property=\"og:site_name\" content=\"Meprolim\" \/>\n<meta property=\"article:modified_time\" content=\"2020-03-20T17:17:36+00:00\" \/>\n<meta property=\"og:image\" content=\"https:\/\/meprolim.es\/wp-content\/uploads\/2019\/08\/ZB1038.jpg\" \/>\n\t<meta property=\"og:image:width\" content=\"768\" \/>\n\t<meta property=\"og:image:height\" content=\"834\" \/>\n\t<meta property=\"og:image:type\" content=\"image\/jpeg\" \/>\n<meta name=\"twitter:card\" content=\"summary_large_image\" \/>\n<script type=\"application\/ld+json\" class=\"yoast-schema-graph\">{\"@context\":\"https:\\\/\\\/schema.org\",\"@graph\":[{\"@type\":\"WebPage\",\"@id\":\"https:\\\/\\\/meprolim.es\\\/de\\\/producto\\\/maquinaria-de-limpieza\\\/barredoras\\\/conductor-sentado-2\\\/barredoras-motor-diesel-comac-cs120d\\\/\",\"url\":\"https:\\\/\\\/meprolim.es\\\/de\\\/producto\\\/maquinaria-de-limpieza\\\/barredoras\\\/conductor-sentado-2\\\/barredoras-motor-diesel-comac-cs120d\\\/\",\"name\":\"BARREDORA MOTOR DI\u00c9SEL COMAC CS120D - C\u00d3DIGO: ZB1038 - Meprolim\",\"isPartOf\":{\"@id\":\"https:\\\/\\\/meprolim.es\\\/fr\\\/#website\"},\"primaryImageOfPage\":{\"@id\":\"https:\\\/\\\/meprolim.es\\\/de\\\/producto\\\/maquinaria-de-limpieza\\\/barredoras\\\/conductor-sentado-2\\\/barredoras-motor-diesel-comac-cs120d\\\/#primaryimage\"},\"image\":{\"@id\":\"https:\\\/\\\/meprolim.es\\\/de\\\/producto\\\/maquinaria-de-limpieza\\\/barredoras\\\/conductor-sentado-2\\\/barredoras-motor-diesel-comac-cs120d\\\/#primaryimage\"},\"thumbnailUrl\":\"https:\\\/\\\/meprolim.es\\\/wp-content\\\/uploads\\\/2019\\\/08\\\/ZB1038.jpg\",\"datePublished\":\"2019-08-08T19:49:18+00:00\",\"dateModified\":\"2020-03-20T17:17:36+00:00\",\"breadcrumb\":{\"@id\":\"https:\\\/\\\/meprolim.es\\\/de\\\/producto\\\/maquinaria-de-limpieza\\\/barredoras\\\/conductor-sentado-2\\\/barredoras-motor-diesel-comac-cs120d\\\/#breadcrumb\"},\"inLanguage\":\"de\",\"potentialAction\":[{\"@type\":\"ReadAction\",\"target\":[\"https:\\\/\\\/meprolim.es\\\/de\\\/producto\\\/maquinaria-de-limpieza\\\/barredoras\\\/conductor-sentado-2\\\/barredoras-motor-diesel-comac-cs120d\\\/\"]}]},{\"@type\":\"ImageObject\",\"inLanguage\":\"de\",\"@id\":\"https:\\\/\\\/meprolim.es\\\/de\\\/producto\\\/maquinaria-de-limpieza\\\/barredoras\\\/conductor-sentado-2\\\/barredoras-motor-diesel-comac-cs120d\\\/#primaryimage\",\"url\":\"https:\\\/\\\/meprolim.es\\\/wp-content\\\/uploads\\\/2019\\\/08\\\/ZB1038.jpg\",\"contentUrl\":\"https:\\\/\\\/meprolim.es\\\/wp-content\\\/uploads\\\/2019\\\/08\\\/ZB1038.jpg\",\"width\":768,\"height\":834,\"caption\":\"Bimat Solid\"},{\"@type\":\"BreadcrumbList\",\"@id\":\"https:\\\/\\\/meprolim.es\\\/de\\\/producto\\\/maquinaria-de-limpieza\\\/barredoras\\\/conductor-sentado-2\\\/barredoras-motor-diesel-comac-cs120d\\\/#breadcrumb\",\"itemListElement\":[{\"@type\":\"ListItem\",\"position\":1,\"name\":\"Portada\",\"item\":\"https:\\\/\\\/meprolim.es\\\/de\\\/\"},{\"@type\":\"ListItem\",\"position\":2,\"name\":\"Cat\u00e1logo\",\"item\":\"https:\\\/\\\/meprolim.es\\\/de\\\/catalogo\\\/\"},{\"@type\":\"ListItem\",\"position\":3,\"name\":\"BARREDORA MOTOR DI\u00c9SEL COMAC CS120D &#8211; C\u00d3DIGO: ZB1038\"}]},{\"@type\":\"WebSite\",\"@id\":\"https:\\\/\\\/meprolim.es\\\/fr\\\/#website\",\"url\":\"https:\\\/\\\/meprolim.es\\\/fr\\\/\",\"name\":\"Meprolim\",\"description\":\"Cavas Catalanas S.L.\",\"publisher\":{\"@id\":\"https:\\\/\\\/meprolim.es\\\/fr\\\/#organization\"},\"potentialAction\":[{\"@type\":\"SearchAction\",\"target\":{\"@type\":\"EntryPoint\",\"urlTemplate\":\"https:\\\/\\\/meprolim.es\\\/fr\\\/?s={search_term_string}\"},\"query-input\":{\"@type\":\"PropertyValueSpecification\",\"valueRequired\":true,\"valueName\":\"search_term_string\"}}],\"inLanguage\":\"de\"},{\"@type\":\"Organization\",\"@id\":\"https:\\\/\\\/meprolim.es\\\/fr\\\/#organization\",\"name\":\"Meprolim\",\"url\":\"https:\\\/\\\/meprolim.es\\\/fr\\\/\",\"logo\":{\"@type\":\"ImageObject\",\"inLanguage\":\"de\",\"@id\":\"https:\\\/\\\/meprolim.es\\\/fr\\\/#\\\/schema\\\/logo\\\/image\\\/\",\"url\":\"https:\\\/\\\/meprolim.es\\\/wp-content\\\/uploads\\\/2019\\\/07\\\/cropped-logo2.png\",\"contentUrl\":\"https:\\\/\\\/meprolim.es\\\/wp-content\\\/uploads\\\/2019\\\/07\\\/cropped-logo2.png\",\"width\":401,\"height\":162,\"caption\":\"Meprolim\"},\"image\":{\"@id\":\"https:\\\/\\\/meprolim.es\\\/fr\\\/#\\\/schema\\\/logo\\\/image\\\/\"}}]}<\/script>\n<!-- \/ Yoast SEO plugin. -->","yoast_head_json":{"title":"BARREDORA MOTOR DI\u00c9SEL COMAC CS120D - C\u00d3DIGO: ZB1038 - Meprolim","robots":{"index":"index","follow":"follow","max-snippet":"max-snippet:-1","max-image-preview":"max-image-preview:large","max-video-preview":"max-video-preview:-1"},"canonical":"https:\/\/meprolim.es\/de\/producto\/maquinaria-de-limpieza\/barredoras\/conductor-sentado-2\/barredoras-motor-diesel-comac-cs120d\/","og_locale":"de_DE","og_type":"article","og_title":"BARREDORA MOTOR DI\u00c9SEL COMAC CS120D - C\u00d3DIGO: ZB1038 - Meprolim","og_description":"Representa el m\u00e1ximo de la gama en t\u00e9rminos de potencia, capacidad de prestaciones, resistencia y adaptabilidad a los trabajos m\u00e1s pesados.  Sistema hidr\u00e1ulico de electro v\u00e1lvulas y distribuidores directos.  Radiador de aceite con termostato y ventilador electr\u00f3nico aut\u00f3nomos, para mantener siempre la temperatura de aceite dentro de los valores \u00f3ptimos.  Volante, asiento ergon\u00f3mico y apoya brazos con inclinaci\u00f3n ajustable, luces intermitentes, faros anteriores, paragolpes de goma, detector de marcha atr\u00e1s, filtro de tela, cepillos centrales y laterales.  Pedal de marcha servo-asistido.  Cuatro palancas de mando.  Contenedor de residuos con sistema hidr\u00e1ulico (1,5m de elevaci\u00f3n).  Superficie de filtro y cepillos f\u00e1ciles de desmontar sin herramientas.  Cuenta tambi\u00e9n con sacudidor de filtro el\u00e9ctrico.  SKU: ZB1038","og_url":"https:\/\/meprolim.es\/de\/producto\/maquinaria-de-limpieza\/barredoras\/conductor-sentado-2\/barredoras-motor-diesel-comac-cs120d\/","og_site_name":"Meprolim","article_modified_time":"2020-03-20T17:17:36+00:00","og_image":[{"width":768,"height":834,"url":"https:\/\/meprolim.es\/wp-content\/uploads\/2019\/08\/ZB1038.jpg","type":"image\/jpeg"}],"twitter_card":"summary_large_image","schema":{"@context":"https:\/\/schema.org","@graph":[{"@type":"WebPage","@id":"https:\/\/meprolim.es\/de\/producto\/maquinaria-de-limpieza\/barredoras\/conductor-sentado-2\/barredoras-motor-diesel-comac-cs120d\/","url":"https:\/\/meprolim.es\/de\/producto\/maquinaria-de-limpieza\/barredoras\/conductor-sentado-2\/barredoras-motor-diesel-comac-cs120d\/","name":"BARREDORA MOTOR DI\u00c9SEL COMAC CS120D - C\u00d3DIGO: ZB1038 - Meprolim","isPartOf":{"@id":"https:\/\/meprolim.es\/fr\/#website"},"primaryImageOfPage":{"@id":"https:\/\/meprolim.es\/de\/producto\/maquinaria-de-limpieza\/barredoras\/conductor-sentado-2\/barredoras-motor-diesel-comac-cs120d\/#primaryimage"},"image":{"@id":"https:\/\/meprolim.es\/de\/producto\/maquinaria-de-limpieza\/barredoras\/conductor-sentado-2\/barredoras-motor-diesel-comac-cs120d\/#primaryimage"},"thumbnailUrl":"https:\/\/meprolim.es\/wp-content\/uploads\/2019\/08\/ZB1038.jpg","datePublished":"2019-08-08T19:49:18+00:00","dateModified":"2020-03-20T17:17:36+00:00","breadcrumb":{"@id":"https:\/\/meprolim.es\/de\/producto\/maquinaria-de-limpieza\/barredoras\/conductor-sentado-2\/barredoras-motor-diesel-comac-cs120d\/#breadcrumb"},"inLanguage":"de","potentialAction":[{"@type":"ReadAction","target":["https:\/\/meprolim.es\/de\/producto\/maquinaria-de-limpieza\/barredoras\/conductor-sentado-2\/barredoras-motor-diesel-comac-cs120d\/"]}]},{"@type":"ImageObject","inLanguage":"de","@id":"https:\/\/meprolim.es\/de\/producto\/maquinaria-de-limpieza\/barredoras\/conductor-sentado-2\/barredoras-motor-diesel-comac-cs120d\/#primaryimage","url":"https:\/\/meprolim.es\/wp-content\/uploads\/2019\/08\/ZB1038.jpg","contentUrl":"https:\/\/meprolim.es\/wp-content\/uploads\/2019\/08\/ZB1038.jpg","width":768,"height":834,"caption":"Bimat Solid"},{"@type":"BreadcrumbList","@id":"https:\/\/meprolim.es\/de\/producto\/maquinaria-de-limpieza\/barredoras\/conductor-sentado-2\/barredoras-motor-diesel-comac-cs120d\/#breadcrumb","itemListElement":[{"@type":"ListItem","position":1,"name":"Portada","item":"https:\/\/meprolim.es\/de\/"},{"@type":"ListItem","position":2,"name":"Cat\u00e1logo","item":"https:\/\/meprolim.es\/de\/catalogo\/"},{"@type":"ListItem","position":3,"name":"BARREDORA MOTOR DI\u00c9SEL COMAC CS120D &#8211; C\u00d3DIGO: ZB1038"}]},{"@type":"WebSite","@id":"https:\/\/meprolim.es\/fr\/#website","url":"https:\/\/meprolim.es\/fr\/","name":"Meprolim","description":"Cavas Catalanas S.L.","publisher":{"@id":"https:\/\/meprolim.es\/fr\/#organization"},"potentialAction":[{"@type":"SearchAction","target":{"@type":"EntryPoint","urlTemplate":"https:\/\/meprolim.es\/fr\/?s={search_term_string}"},"query-input":{"@type":"PropertyValueSpecification","valueRequired":true,"valueName":"search_term_string"}}],"inLanguage":"de"},{"@type":"Organization","@id":"https:\/\/meprolim.es\/fr\/#organization","name":"Meprolim","url":"https:\/\/meprolim.es\/fr\/","logo":{"@type":"ImageObject","inLanguage":"de","@id":"https:\/\/meprolim.es\/fr\/#\/schema\/logo\/image\/","url":"https:\/\/meprolim.es\/wp-content\/uploads\/2019\/07\/cropped-logo2.png","contentUrl":"https:\/\/meprolim.es\/wp-content\/uploads\/2019\/07\/cropped-logo2.png","width":401,"height":162,"caption":"Meprolim"},"image":{"@id":"https:\/\/meprolim.es\/fr\/#\/schema\/logo\/image\/"}}]}},"_links":{"self":[{"href":"https:\/\/meprolim.es\/de\/wp-json\/wp\/v2\/product\/5425","targetHints":{"allow":["GET"]}}],"collection":[{"href":"https:\/\/meprolim.es\/de\/wp-json\/wp\/v2\/product"}],"about":[{"href":"https:\/\/meprolim.es\/de\/wp-json\/wp\/v2\/types\/product"}],"wp:featuredmedia":[{"embeddable":true,"href":"https:\/\/meprolim.es\/de\/wp-json\/wp\/v2\/media\/5427"}],"wp:attachment":[{"href":"https:\/\/meprolim.es\/de\/wp-json\/wp\/v2\/media?parent=5425"}],"wp:term":[{"taxonomy":"product_brand","embeddable":true,"href":"https:\/\/meprolim.es\/de\/wp-json\/wp\/v2\/product_brand?post=5425"},{"taxonomy":"product_cat","embeddable":true,"href":"https:\/\/meprolim.es\/de\/wp-json\/wp\/v2\/product_cat?post=5425"},{"taxonomy":"product_tag","embeddable":true,"href":"https:\/\/meprolim.es\/de\/wp-json\/wp\/v2\/product_tag?post=5425"}],"curies":[{"name":"wp","href":"https:\/\/api.w.org\/{rel}","templated":true}]}}