{"id":5484,"date":"2019-08-11T13:07:32","date_gmt":"2019-08-11T12:07:32","guid":{"rendered":"http:\/\/www.meprolim.es\/?post_type=product&#038;p=5484"},"modified":"2020-03-20T18:43:21","modified_gmt":"2020-03-20T18:43:21","slug":"monodisco-comac-1500s-alta-velocidad","status":"publish","type":"product","link":"https:\/\/meprolim.es\/de\/producto\/maquinaria-de-limpieza\/maquinas-monodiscos-de\/monodiscos-2000-r-p-m-de\/monodisco-comac-1500s-alta-velocidad\/","title":{"rendered":"MONODISCO COMAC CM 1500S Alta Velocidad &#8211; C\u00d3DIGO: ZJ0005"},"content":{"rendered":"<div class=\"wpb-content-wrapper\"><p>[vc_row][vc_column][vc_column_text]<\/p>\n<p style=\"text-align: justify;\">Mono cepillo de f\u00e1cil maniobravilidad a alta velocidad. Disponible tambi\u00e9n en la versi\u00f3n aspirante. Tiene una pista de trabajo de 50 cm.<\/p>\n<p style=\"text-align: justify;\">El mono cepillo CM1500S\/1500V a alta velocidad tiene un sistema de balanceo excepcional que la transforma en una m\u00e1quina extremamente agradable sin ning\u00fan tipo de fatiga para el operador.<\/p>\n<p>[\/vc_column_text][\/vc_column][\/vc_row]<\/p>\n<\/div>","protected":false},"excerpt":{"rendered":"<ul>\n<li>M\u00e1quina monocepillo para abrillantar de alta velocidad, con sistema de equilibrado excepcional.<\/li>\n<li>Apta para todos los trabajos de restablecimiento y pulimento en seco.<\/li>\n<li>Resorte de gas que permite una presi\u00f3n constante del cepillo sobre el pavimento, independientemente de la posici\u00f3n de la barra de tracci\u00f3n.<\/li>\n<li>Motor con gran potencia y sobre dimensionado.<\/li>\n<li>Llave para montar y desmontar f\u00e1cilmente los tapones.<\/li>\n<li>Led de emergencia que se\u00f1ala un eventual recalentamiento del motor e interruptores t\u00e9rmicos de restablecimiento.<\/li>\n<\/ul>\n<p><strong>SKU: ZJ0005<\/strong><\/p>\n","protected":false},"featured_media":5474,"template":"","meta":[],"product_brand":[],"product_cat":[2580,2604,2608],"product_tag":[281,252,280,257,282],"class_list":{"0":"post-5484","1":"product","2":"type-product","3":"status-publish","4":"has-post-thumbnail","6":"product_cat-maquinaria-de-limpieza","7":"product_cat-maquinas-monodiscos","8":"product_cat-monodiscos-2000-r-p-m","9":"product_tag-abrillantadoras","10":"product_tag-maquinaria-de-limpieza","11":"product_tag-monodisco","12":"product_tag-operario-a-pie","13":"product_tag-orbital","15":"first","16":"instock","17":"shipping-taxable","18":"product-type-simple"},"yoast_head":"<!-- This site is optimized with the Yoast SEO plugin v27.3 - https:\/\/yoast.com\/product\/yoast-seo-wordpress\/ -->\n<title>MONODISCO COMAC CM 1500S Alta Velocidad - C\u00d3DIGO: ZJ0005 - Meprolim<\/title>\n<meta name=\"robots\" content=\"index, follow, max-snippet:-1, max-image-preview:large, max-video-preview:-1\" \/>\n<link rel=\"canonical\" href=\"https:\/\/meprolim.es\/producto\/maquinaria-de-limpieza\/maquinas-monodiscos\/monodiscos-2000-r-p-m\/monodisco-comac-1500s-alta-velocidad\/\" \/>\n<meta property=\"og:locale\" content=\"de_DE\" \/>\n<meta property=\"og:type\" content=\"article\" \/>\n<meta property=\"og:title\" content=\"MONODISCO COMAC CM 1500S Alta Velocidad - C\u00d3DIGO: ZJ0005 - Meprolim\" \/>\n<meta property=\"og:description\" content=\"M\u00e1quina monocepillo para abrillantar de alta velocidad, con sistema de equilibrado excepcional.  Apta para todos los trabajos de restablecimiento y pulimento en seco.  Resorte de gas que permite una presi\u00f3n constante del cepillo sobre el pavimento, independientemente de la posici\u00f3n de la barra de tracci\u00f3n.  Motor con gran potencia y sobre dimensionado.  Llave para montar y desmontar f\u00e1cilmente los tapones.  Led de emergencia que se\u00f1ala un eventual recalentamiento del motor e interruptores t\u00e9rmicos de restablecimiento.  SKU: ZJ0005\" \/>\n<meta property=\"og:url\" content=\"https:\/\/meprolim.es\/producto\/maquinaria-de-limpieza\/maquinas-monodiscos\/monodiscos-2000-r-p-m\/monodisco-comac-1500s-alta-velocidad\/\" \/>\n<meta property=\"og:site_name\" content=\"Meprolim\" \/>\n<meta property=\"article:modified_time\" content=\"2020-03-20T18:43:21+00:00\" \/>\n<meta property=\"og:image\" content=\"https:\/\/meprolim.es\/wp-content\/uploads\/2019\/08\/ZJ0005.jpg\" \/>\n\t<meta property=\"og:image:width\" content=\"768\" \/>\n\t<meta property=\"og:image:height\" content=\"768\" \/>\n\t<meta property=\"og:image:type\" content=\"image\/jpeg\" \/>\n<meta name=\"twitter:card\" content=\"summary_large_image\" \/>\n<script type=\"application\/ld+json\" class=\"yoast-schema-graph\">{\"@context\":\"https:\\\/\\\/schema.org\",\"@graph\":[{\"@type\":\"WebPage\",\"@id\":\"https:\\\/\\\/meprolim.es\\\/producto\\\/maquinaria-de-limpieza\\\/maquinas-monodiscos\\\/monodiscos-2000-r-p-m\\\/monodisco-comac-1500s-alta-velocidad\\\/\",\"url\":\"https:\\\/\\\/meprolim.es\\\/producto\\\/maquinaria-de-limpieza\\\/maquinas-monodiscos\\\/monodiscos-2000-r-p-m\\\/monodisco-comac-1500s-alta-velocidad\\\/\",\"name\":\"MONODISCO COMAC CM 1500S Alta Velocidad - C\u00d3DIGO: ZJ0005 - Meprolim\",\"isPartOf\":{\"@id\":\"https:\\\/\\\/meprolim.es\\\/fr\\\/#website\"},\"primaryImageOfPage\":{\"@id\":\"https:\\\/\\\/meprolim.es\\\/producto\\\/maquinaria-de-limpieza\\\/maquinas-monodiscos\\\/monodiscos-2000-r-p-m\\\/monodisco-comac-1500s-alta-velocidad\\\/#primaryimage\"},\"image\":{\"@id\":\"https:\\\/\\\/meprolim.es\\\/producto\\\/maquinaria-de-limpieza\\\/maquinas-monodiscos\\\/monodiscos-2000-r-p-m\\\/monodisco-comac-1500s-alta-velocidad\\\/#primaryimage\"},\"thumbnailUrl\":\"https:\\\/\\\/meprolim.es\\\/wp-content\\\/uploads\\\/2019\\\/08\\\/ZJ0005.jpg\",\"datePublished\":\"2019-08-11T12:07:32+00:00\",\"dateModified\":\"2020-03-20T18:43:21+00:00\",\"breadcrumb\":{\"@id\":\"https:\\\/\\\/meprolim.es\\\/producto\\\/maquinaria-de-limpieza\\\/maquinas-monodiscos\\\/monodiscos-2000-r-p-m\\\/monodisco-comac-1500s-alta-velocidad\\\/#breadcrumb\"},\"inLanguage\":\"de\",\"potentialAction\":[{\"@type\":\"ReadAction\",\"target\":[\"https:\\\/\\\/meprolim.es\\\/producto\\\/maquinaria-de-limpieza\\\/maquinas-monodiscos\\\/monodiscos-2000-r-p-m\\\/monodisco-comac-1500s-alta-velocidad\\\/\"]}]},{\"@type\":\"ImageObject\",\"inLanguage\":\"de\",\"@id\":\"https:\\\/\\\/meprolim.es\\\/producto\\\/maquinaria-de-limpieza\\\/maquinas-monodiscos\\\/monodiscos-2000-r-p-m\\\/monodisco-comac-1500s-alta-velocidad\\\/#primaryimage\",\"url\":\"https:\\\/\\\/meprolim.es\\\/wp-content\\\/uploads\\\/2019\\\/08\\\/ZJ0005.jpg\",\"contentUrl\":\"https:\\\/\\\/meprolim.es\\\/wp-content\\\/uploads\\\/2019\\\/08\\\/ZJ0005.jpg\",\"width\":768,\"height\":768,\"caption\":\"Bimat Solid\"},{\"@type\":\"BreadcrumbList\",\"@id\":\"https:\\\/\\\/meprolim.es\\\/producto\\\/maquinaria-de-limpieza\\\/maquinas-monodiscos\\\/monodiscos-2000-r-p-m\\\/monodisco-comac-1500s-alta-velocidad\\\/#breadcrumb\",\"itemListElement\":[{\"@type\":\"ListItem\",\"position\":1,\"name\":\"Portada\",\"item\":\"https:\\\/\\\/meprolim.es\\\/de\\\/\"},{\"@type\":\"ListItem\",\"position\":2,\"name\":\"Cat\u00e1logo\",\"item\":\"https:\\\/\\\/meprolim.es\\\/de\\\/catalogo\\\/\"},{\"@type\":\"ListItem\",\"position\":3,\"name\":\"MONODISCO COMAC CM 1500S Alta Velocidad &#8211; C\u00d3DIGO: ZJ0005\"}]},{\"@type\":\"WebSite\",\"@id\":\"https:\\\/\\\/meprolim.es\\\/fr\\\/#website\",\"url\":\"https:\\\/\\\/meprolim.es\\\/fr\\\/\",\"name\":\"Meprolim\",\"description\":\"Cavas Catalanas S.L.\",\"publisher\":{\"@id\":\"https:\\\/\\\/meprolim.es\\\/fr\\\/#organization\"},\"potentialAction\":[{\"@type\":\"SearchAction\",\"target\":{\"@type\":\"EntryPoint\",\"urlTemplate\":\"https:\\\/\\\/meprolim.es\\\/fr\\\/?s={search_term_string}\"},\"query-input\":{\"@type\":\"PropertyValueSpecification\",\"valueRequired\":true,\"valueName\":\"search_term_string\"}}],\"inLanguage\":\"de\"},{\"@type\":\"Organization\",\"@id\":\"https:\\\/\\\/meprolim.es\\\/fr\\\/#organization\",\"name\":\"Meprolim\",\"url\":\"https:\\\/\\\/meprolim.es\\\/fr\\\/\",\"logo\":{\"@type\":\"ImageObject\",\"inLanguage\":\"de\",\"@id\":\"https:\\\/\\\/meprolim.es\\\/fr\\\/#\\\/schema\\\/logo\\\/image\\\/\",\"url\":\"https:\\\/\\\/meprolim.es\\\/wp-content\\\/uploads\\\/2019\\\/07\\\/cropped-logo2.png\",\"contentUrl\":\"https:\\\/\\\/meprolim.es\\\/wp-content\\\/uploads\\\/2019\\\/07\\\/cropped-logo2.png\",\"width\":401,\"height\":162,\"caption\":\"Meprolim\"},\"image\":{\"@id\":\"https:\\\/\\\/meprolim.es\\\/fr\\\/#\\\/schema\\\/logo\\\/image\\\/\"}}]}<\/script>\n<!-- \/ Yoast SEO plugin. -->","yoast_head_json":{"title":"MONODISCO COMAC CM 1500S Alta Velocidad - C\u00d3DIGO: ZJ0005 - Meprolim","robots":{"index":"index","follow":"follow","max-snippet":"max-snippet:-1","max-image-preview":"max-image-preview:large","max-video-preview":"max-video-preview:-1"},"canonical":"https:\/\/meprolim.es\/producto\/maquinaria-de-limpieza\/maquinas-monodiscos\/monodiscos-2000-r-p-m\/monodisco-comac-1500s-alta-velocidad\/","og_locale":"de_DE","og_type":"article","og_title":"MONODISCO COMAC CM 1500S Alta Velocidad - C\u00d3DIGO: ZJ0005 - Meprolim","og_description":"M\u00e1quina monocepillo para abrillantar de alta velocidad, con sistema de equilibrado excepcional.  Apta para todos los trabajos de restablecimiento y pulimento en seco.  Resorte de gas que permite una presi\u00f3n constante del cepillo sobre el pavimento, independientemente de la posici\u00f3n de la barra de tracci\u00f3n.  Motor con gran potencia y sobre dimensionado.  Llave para montar y desmontar f\u00e1cilmente los tapones.  Led de emergencia que se\u00f1ala un eventual recalentamiento del motor e interruptores t\u00e9rmicos de restablecimiento.  SKU: ZJ0005","og_url":"https:\/\/meprolim.es\/producto\/maquinaria-de-limpieza\/maquinas-monodiscos\/monodiscos-2000-r-p-m\/monodisco-comac-1500s-alta-velocidad\/","og_site_name":"Meprolim","article_modified_time":"2020-03-20T18:43:21+00:00","og_image":[{"width":768,"height":768,"url":"https:\/\/meprolim.es\/wp-content\/uploads\/2019\/08\/ZJ0005.jpg","type":"image\/jpeg"}],"twitter_card":"summary_large_image","schema":{"@context":"https:\/\/schema.org","@graph":[{"@type":"WebPage","@id":"https:\/\/meprolim.es\/producto\/maquinaria-de-limpieza\/maquinas-monodiscos\/monodiscos-2000-r-p-m\/monodisco-comac-1500s-alta-velocidad\/","url":"https:\/\/meprolim.es\/producto\/maquinaria-de-limpieza\/maquinas-monodiscos\/monodiscos-2000-r-p-m\/monodisco-comac-1500s-alta-velocidad\/","name":"MONODISCO COMAC CM 1500S Alta Velocidad - C\u00d3DIGO: ZJ0005 - Meprolim","isPartOf":{"@id":"https:\/\/meprolim.es\/fr\/#website"},"primaryImageOfPage":{"@id":"https:\/\/meprolim.es\/producto\/maquinaria-de-limpieza\/maquinas-monodiscos\/monodiscos-2000-r-p-m\/monodisco-comac-1500s-alta-velocidad\/#primaryimage"},"image":{"@id":"https:\/\/meprolim.es\/producto\/maquinaria-de-limpieza\/maquinas-monodiscos\/monodiscos-2000-r-p-m\/monodisco-comac-1500s-alta-velocidad\/#primaryimage"},"thumbnailUrl":"https:\/\/meprolim.es\/wp-content\/uploads\/2019\/08\/ZJ0005.jpg","datePublished":"2019-08-11T12:07:32+00:00","dateModified":"2020-03-20T18:43:21+00:00","breadcrumb":{"@id":"https:\/\/meprolim.es\/producto\/maquinaria-de-limpieza\/maquinas-monodiscos\/monodiscos-2000-r-p-m\/monodisco-comac-1500s-alta-velocidad\/#breadcrumb"},"inLanguage":"de","potentialAction":[{"@type":"ReadAction","target":["https:\/\/meprolim.es\/producto\/maquinaria-de-limpieza\/maquinas-monodiscos\/monodiscos-2000-r-p-m\/monodisco-comac-1500s-alta-velocidad\/"]}]},{"@type":"ImageObject","inLanguage":"de","@id":"https:\/\/meprolim.es\/producto\/maquinaria-de-limpieza\/maquinas-monodiscos\/monodiscos-2000-r-p-m\/monodisco-comac-1500s-alta-velocidad\/#primaryimage","url":"https:\/\/meprolim.es\/wp-content\/uploads\/2019\/08\/ZJ0005.jpg","contentUrl":"https:\/\/meprolim.es\/wp-content\/uploads\/2019\/08\/ZJ0005.jpg","width":768,"height":768,"caption":"Bimat Solid"},{"@type":"BreadcrumbList","@id":"https:\/\/meprolim.es\/producto\/maquinaria-de-limpieza\/maquinas-monodiscos\/monodiscos-2000-r-p-m\/monodisco-comac-1500s-alta-velocidad\/#breadcrumb","itemListElement":[{"@type":"ListItem","position":1,"name":"Portada","item":"https:\/\/meprolim.es\/de\/"},{"@type":"ListItem","position":2,"name":"Cat\u00e1logo","item":"https:\/\/meprolim.es\/de\/catalogo\/"},{"@type":"ListItem","position":3,"name":"MONODISCO COMAC CM 1500S Alta Velocidad &#8211; C\u00d3DIGO: ZJ0005"}]},{"@type":"WebSite","@id":"https:\/\/meprolim.es\/fr\/#website","url":"https:\/\/meprolim.es\/fr\/","name":"Meprolim","description":"Cavas Catalanas S.L.","publisher":{"@id":"https:\/\/meprolim.es\/fr\/#organization"},"potentialAction":[{"@type":"SearchAction","target":{"@type":"EntryPoint","urlTemplate":"https:\/\/meprolim.es\/fr\/?s={search_term_string}"},"query-input":{"@type":"PropertyValueSpecification","valueRequired":true,"valueName":"search_term_string"}}],"inLanguage":"de"},{"@type":"Organization","@id":"https:\/\/meprolim.es\/fr\/#organization","name":"Meprolim","url":"https:\/\/meprolim.es\/fr\/","logo":{"@type":"ImageObject","inLanguage":"de","@id":"https:\/\/meprolim.es\/fr\/#\/schema\/logo\/image\/","url":"https:\/\/meprolim.es\/wp-content\/uploads\/2019\/07\/cropped-logo2.png","contentUrl":"https:\/\/meprolim.es\/wp-content\/uploads\/2019\/07\/cropped-logo2.png","width":401,"height":162,"caption":"Meprolim"},"image":{"@id":"https:\/\/meprolim.es\/fr\/#\/schema\/logo\/image\/"}}]}},"_links":{"self":[{"href":"https:\/\/meprolim.es\/de\/wp-json\/wp\/v2\/product\/5484","targetHints":{"allow":["GET"]}}],"collection":[{"href":"https:\/\/meprolim.es\/de\/wp-json\/wp\/v2\/product"}],"about":[{"href":"https:\/\/meprolim.es\/de\/wp-json\/wp\/v2\/types\/product"}],"wp:featuredmedia":[{"embeddable":true,"href":"https:\/\/meprolim.es\/de\/wp-json\/wp\/v2\/media\/5474"}],"wp:attachment":[{"href":"https:\/\/meprolim.es\/de\/wp-json\/wp\/v2\/media?parent=5484"}],"wp:term":[{"taxonomy":"product_brand","embeddable":true,"href":"https:\/\/meprolim.es\/de\/wp-json\/wp\/v2\/product_brand?post=5484"},{"taxonomy":"product_cat","embeddable":true,"href":"https:\/\/meprolim.es\/de\/wp-json\/wp\/v2\/product_cat?post=5484"},{"taxonomy":"product_tag","embeddable":true,"href":"https:\/\/meprolim.es\/de\/wp-json\/wp\/v2\/product_tag?post=5484"}],"curies":[{"name":"wp","href":"https:\/\/api.w.org\/{rel}","templated":true}]}}