{"id":5493,"date":"2019-08-11T14:01:55","date_gmt":"2019-08-11T13:01:55","guid":{"rendered":"http:\/\/www.meprolim.es\/?post_type=product&#038;p=5493"},"modified":"2020-03-20T18:34:40","modified_gmt":"2020-03-20T18:34:40","slug":"monodisco-orbital-tmb-tp43-spray-ciplato-deposito","status":"publish","type":"product","link":"https:\/\/meprolim.es\/de\/producto\/maquinaria-de-limpieza\/maquinas-monodiscos-de\/monodiscos-orbital-de\/monodisco-orbital-tmb-tp43-spray-ciplato-deposito\/","title":{"rendered":"ORBITAL TMB TP43 SPRAY C\/PLATO Y DEP\u00d3SITO &#8211; C\u00d3DIGO: ZJ0008"},"content":{"rendered":"<div class=\"wpb-content-wrapper\"><p>[vc_row][vc_column][vc_column_text]<\/p>\n<p style=\"text-align: justify;\">Equipada con dep\u00f3sito de agua, plato de arrastre y kit spray completo.<\/p>\n<p style=\"text-align: justify;\">Para cualquier exigencia de limpieza, TP43 Orbital es la soluci\u00f3n: apta para cualquier tipo de trabajo, c\u00f3moda para cualquier operador.<\/p>\n<p style=\"text-align: justify;\">Con TP43 ORBITAL el reducido consumo de agua y el reducido tiempo de secado evitan la formaci\u00f3n de moho. Todas y cada una de las fibras se limpian, se revitalizan y se posicionan. Las part\u00edculas de suciedad se circundan y se eliminan.\u00a0<\/p>\n<p style=\"text-align: justify;\">No se trata \u00fanicamente de una m\u00e1quina de limpieza, sino de un sistema de limpieza. F\u00e1cil de utilizar, asegura un alto rendimiento en cualquier tipo de superficie. Es f\u00e1cil de transportar y maniobrar sin fatigar al operador. TP43 ORBITAL SPRAY\u00a0cuenta con toberas regulables para el control del consumo de agua.<\/p>\n<p style=\"text-align: justify;\">M\u00e1quina monocepillo con SISTEMA\u00a0SPRAY con movimiento roto-orbital, disco de 430 mm, motor directo. Se adhiere perfectamente a la superficie. Adopta un movimiento roto-orbital que amplifica el rendimiento del trabajo frente a una m\u00e1quina monocepillo tradicional. Aprovechando el principio de las oscilaciones de alta frecuencia,\u00a0obtiene niveles excelentes de estabilidad y maniobrabilidad, a pesar de tener un peso total de 41 kg.<\/p>\n<p style=\"text-align: justify;\">En las operaciones con agua, TP43 ORBITAL asegura un ahorro significativo puesto que el agua se mantiene constantemente en el \u00e1rea del disco y no se pierde.\u00a0Adem\u00e1s, la singularidad del movimiento orbital facilita en gran medida el uso de la m\u00e1quina TP43 ORBITAL para cualquier operador,\u00a0lo que reduce el tiempo de capacitaci\u00f3n t\u00e9cnica para el uso de la m\u00e1quina.<\/p>\n<p style=\"text-align: justify;\">El bajo consumo de corriente permite utilizar la m\u00e1quina combinada con un aspirador, ambos alimentados con la potencia est\u00e1ndar\u00a0de una red dom\u00e9stica.<\/p>\n<p>[\/vc_column_text][\/vc_column][\/vc_row]<\/p>\n<\/div>","protected":false},"excerpt":{"rendered":"<ul>\n<li>Especial para lavado de moquetas.<\/li>\n<li>El kit Spray es el\u00e9ctrico, con bomba, nebulizador delantero e interruptor en el manillar.<\/li>\n<li>Monodisco que ofrece una excelente estabilidad, facilidad de uso y gran maniobrabilidad, incluso para operadores sin experiencia. \u2022 Ideal para lavar, pulir, desparafinar, cristalizar, restaurar pisos de m\u00e1rmol con almohadillas de diamante y lavar moquetas y alfombras.<\/li>\n<li>Asegura un ahorro considerable de agua y detergente.<\/li>\n<li>La soluci\u00f3n se mantiene dentro del \u00e1rea del disco y no se dispersa.<\/li>\n<\/ul>\n<p><strong>SKU: ZJ0008<\/strong><\/p>\n","protected":false},"featured_media":5494,"template":"","meta":[],"product_brand":[],"product_cat":[2580,2604,2606],"product_tag":[281,252,280,257,282],"class_list":{"0":"post-5493","1":"product","2":"type-product","3":"status-publish","4":"has-post-thumbnail","6":"product_cat-maquinaria-de-limpieza","7":"product_cat-maquinas-monodiscos","8":"product_cat-monodiscos-orbital","9":"product_tag-abrillantadoras","10":"product_tag-maquinaria-de-limpieza","11":"product_tag-monodisco","12":"product_tag-operario-a-pie","13":"product_tag-orbital","15":"first","16":"instock","17":"shipping-taxable","18":"product-type-simple"},"yoast_head":"<!-- This site is optimized with the Yoast SEO plugin v27.3 - https:\/\/yoast.com\/product\/yoast-seo-wordpress\/ -->\n<title>ORBITAL TMB TP43 SPRAY C\/PLATO Y DEP\u00d3SITO - C\u00d3DIGO: ZJ0008 - Meprolim<\/title>\n<meta name=\"robots\" content=\"index, follow, max-snippet:-1, max-image-preview:large, max-video-preview:-1\" \/>\n<link rel=\"canonical\" href=\"https:\/\/meprolim.es\/producto\/maquinaria-de-limpieza\/maquinas-monodiscos\/monodiscos-orbital\/monodisco-orbital-tmb-tp43-spray-ciplato-deposito\/\" \/>\n<meta property=\"og:locale\" content=\"de_DE\" \/>\n<meta property=\"og:type\" content=\"article\" \/>\n<meta property=\"og:title\" content=\"ORBITAL TMB TP43 SPRAY C\/PLATO Y DEP\u00d3SITO - C\u00d3DIGO: ZJ0008 - Meprolim\" \/>\n<meta property=\"og:description\" content=\"Especial para lavado de moquetas.  El kit Spray es el\u00e9ctrico, con bomba, nebulizador delantero e interruptor en el manillar.  Monodisco que ofrece una excelente estabilidad, facilidad de uso y gran maniobrabilidad, incluso para operadores sin experiencia. \u2022 Ideal para lavar, pulir, desparafinar, cristalizar, restaurar pisos de m\u00e1rmol con almohadillas de diamante y lavar moquetas y alfombras.  Asegura un ahorro considerable de agua y detergente.  La soluci\u00f3n se mantiene dentro del \u00e1rea del disco y no se dispersa.  SKU: ZJ0008\" \/>\n<meta property=\"og:url\" content=\"https:\/\/meprolim.es\/producto\/maquinaria-de-limpieza\/maquinas-monodiscos\/monodiscos-orbital\/monodisco-orbital-tmb-tp43-spray-ciplato-deposito\/\" \/>\n<meta property=\"og:site_name\" content=\"Meprolim\" \/>\n<meta property=\"article:modified_time\" content=\"2020-03-20T18:34:40+00:00\" \/>\n<meta property=\"og:image\" content=\"https:\/\/meprolim.es\/wp-content\/uploads\/2019\/08\/ZJ0008.jpg\" \/>\n\t<meta property=\"og:image:width\" content=\"768\" \/>\n\t<meta property=\"og:image:height\" content=\"768\" \/>\n\t<meta property=\"og:image:type\" content=\"image\/jpeg\" \/>\n<meta name=\"twitter:card\" content=\"summary_large_image\" \/>\n<meta name=\"twitter:label1\" content=\"Gesch\u00e4tzte Lesezeit\" \/>\n\t<meta name=\"twitter:data1\" content=\"2\u00a0Minuten\" \/>\n<script type=\"application\/ld+json\" class=\"yoast-schema-graph\">{\"@context\":\"https:\\\/\\\/schema.org\",\"@graph\":[{\"@type\":\"WebPage\",\"@id\":\"https:\\\/\\\/meprolim.es\\\/producto\\\/maquinaria-de-limpieza\\\/maquinas-monodiscos\\\/monodiscos-orbital\\\/monodisco-orbital-tmb-tp43-spray-ciplato-deposito\\\/\",\"url\":\"https:\\\/\\\/meprolim.es\\\/producto\\\/maquinaria-de-limpieza\\\/maquinas-monodiscos\\\/monodiscos-orbital\\\/monodisco-orbital-tmb-tp43-spray-ciplato-deposito\\\/\",\"name\":\"ORBITAL TMB TP43 SPRAY C\\\/PLATO Y DEP\u00d3SITO - C\u00d3DIGO: ZJ0008 - Meprolim\",\"isPartOf\":{\"@id\":\"https:\\\/\\\/meprolim.es\\\/fr\\\/#website\"},\"primaryImageOfPage\":{\"@id\":\"https:\\\/\\\/meprolim.es\\\/producto\\\/maquinaria-de-limpieza\\\/maquinas-monodiscos\\\/monodiscos-orbital\\\/monodisco-orbital-tmb-tp43-spray-ciplato-deposito\\\/#primaryimage\"},\"image\":{\"@id\":\"https:\\\/\\\/meprolim.es\\\/producto\\\/maquinaria-de-limpieza\\\/maquinas-monodiscos\\\/monodiscos-orbital\\\/monodisco-orbital-tmb-tp43-spray-ciplato-deposito\\\/#primaryimage\"},\"thumbnailUrl\":\"https:\\\/\\\/meprolim.es\\\/wp-content\\\/uploads\\\/2019\\\/08\\\/ZJ0008.jpg\",\"datePublished\":\"2019-08-11T13:01:55+00:00\",\"dateModified\":\"2020-03-20T18:34:40+00:00\",\"breadcrumb\":{\"@id\":\"https:\\\/\\\/meprolim.es\\\/producto\\\/maquinaria-de-limpieza\\\/maquinas-monodiscos\\\/monodiscos-orbital\\\/monodisco-orbital-tmb-tp43-spray-ciplato-deposito\\\/#breadcrumb\"},\"inLanguage\":\"de\",\"potentialAction\":[{\"@type\":\"ReadAction\",\"target\":[\"https:\\\/\\\/meprolim.es\\\/producto\\\/maquinaria-de-limpieza\\\/maquinas-monodiscos\\\/monodiscos-orbital\\\/monodisco-orbital-tmb-tp43-spray-ciplato-deposito\\\/\"]}]},{\"@type\":\"ImageObject\",\"inLanguage\":\"de\",\"@id\":\"https:\\\/\\\/meprolim.es\\\/producto\\\/maquinaria-de-limpieza\\\/maquinas-monodiscos\\\/monodiscos-orbital\\\/monodisco-orbital-tmb-tp43-spray-ciplato-deposito\\\/#primaryimage\",\"url\":\"https:\\\/\\\/meprolim.es\\\/wp-content\\\/uploads\\\/2019\\\/08\\\/ZJ0008.jpg\",\"contentUrl\":\"https:\\\/\\\/meprolim.es\\\/wp-content\\\/uploads\\\/2019\\\/08\\\/ZJ0008.jpg\",\"width\":768,\"height\":768,\"caption\":\"Bimat Solid\"},{\"@type\":\"BreadcrumbList\",\"@id\":\"https:\\\/\\\/meprolim.es\\\/producto\\\/maquinaria-de-limpieza\\\/maquinas-monodiscos\\\/monodiscos-orbital\\\/monodisco-orbital-tmb-tp43-spray-ciplato-deposito\\\/#breadcrumb\",\"itemListElement\":[{\"@type\":\"ListItem\",\"position\":1,\"name\":\"Portada\",\"item\":\"https:\\\/\\\/meprolim.es\\\/de\\\/\"},{\"@type\":\"ListItem\",\"position\":2,\"name\":\"Cat\u00e1logo\",\"item\":\"https:\\\/\\\/meprolim.es\\\/de\\\/catalogo\\\/\"},{\"@type\":\"ListItem\",\"position\":3,\"name\":\"ORBITAL TMB TP43 SPRAY C\\\/PLATO Y DEP\u00d3SITO &#8211; C\u00d3DIGO: ZJ0008\"}]},{\"@type\":\"WebSite\",\"@id\":\"https:\\\/\\\/meprolim.es\\\/fr\\\/#website\",\"url\":\"https:\\\/\\\/meprolim.es\\\/fr\\\/\",\"name\":\"Meprolim\",\"description\":\"Cavas Catalanas S.L.\",\"publisher\":{\"@id\":\"https:\\\/\\\/meprolim.es\\\/fr\\\/#organization\"},\"potentialAction\":[{\"@type\":\"SearchAction\",\"target\":{\"@type\":\"EntryPoint\",\"urlTemplate\":\"https:\\\/\\\/meprolim.es\\\/fr\\\/?s={search_term_string}\"},\"query-input\":{\"@type\":\"PropertyValueSpecification\",\"valueRequired\":true,\"valueName\":\"search_term_string\"}}],\"inLanguage\":\"de\"},{\"@type\":\"Organization\",\"@id\":\"https:\\\/\\\/meprolim.es\\\/fr\\\/#organization\",\"name\":\"Meprolim\",\"url\":\"https:\\\/\\\/meprolim.es\\\/fr\\\/\",\"logo\":{\"@type\":\"ImageObject\",\"inLanguage\":\"de\",\"@id\":\"https:\\\/\\\/meprolim.es\\\/fr\\\/#\\\/schema\\\/logo\\\/image\\\/\",\"url\":\"https:\\\/\\\/meprolim.es\\\/wp-content\\\/uploads\\\/2019\\\/07\\\/cropped-logo2.png\",\"contentUrl\":\"https:\\\/\\\/meprolim.es\\\/wp-content\\\/uploads\\\/2019\\\/07\\\/cropped-logo2.png\",\"width\":401,\"height\":162,\"caption\":\"Meprolim\"},\"image\":{\"@id\":\"https:\\\/\\\/meprolim.es\\\/fr\\\/#\\\/schema\\\/logo\\\/image\\\/\"}}]}<\/script>\n<!-- \/ Yoast SEO plugin. -->","yoast_head_json":{"title":"ORBITAL TMB TP43 SPRAY C\/PLATO Y DEP\u00d3SITO - C\u00d3DIGO: ZJ0008 - Meprolim","robots":{"index":"index","follow":"follow","max-snippet":"max-snippet:-1","max-image-preview":"max-image-preview:large","max-video-preview":"max-video-preview:-1"},"canonical":"https:\/\/meprolim.es\/producto\/maquinaria-de-limpieza\/maquinas-monodiscos\/monodiscos-orbital\/monodisco-orbital-tmb-tp43-spray-ciplato-deposito\/","og_locale":"de_DE","og_type":"article","og_title":"ORBITAL TMB TP43 SPRAY C\/PLATO Y DEP\u00d3SITO - C\u00d3DIGO: ZJ0008 - Meprolim","og_description":"Especial para lavado de moquetas.  El kit Spray es el\u00e9ctrico, con bomba, nebulizador delantero e interruptor en el manillar.  Monodisco que ofrece una excelente estabilidad, facilidad de uso y gran maniobrabilidad, incluso para operadores sin experiencia. \u2022 Ideal para lavar, pulir, desparafinar, cristalizar, restaurar pisos de m\u00e1rmol con almohadillas de diamante y lavar moquetas y alfombras.  Asegura un ahorro considerable de agua y detergente.  La soluci\u00f3n se mantiene dentro del \u00e1rea del disco y no se dispersa.  SKU: ZJ0008","og_url":"https:\/\/meprolim.es\/producto\/maquinaria-de-limpieza\/maquinas-monodiscos\/monodiscos-orbital\/monodisco-orbital-tmb-tp43-spray-ciplato-deposito\/","og_site_name":"Meprolim","article_modified_time":"2020-03-20T18:34:40+00:00","og_image":[{"width":768,"height":768,"url":"https:\/\/meprolim.es\/wp-content\/uploads\/2019\/08\/ZJ0008.jpg","type":"image\/jpeg"}],"twitter_card":"summary_large_image","twitter_misc":{"Gesch\u00e4tzte Lesezeit":"2\u00a0Minuten"},"schema":{"@context":"https:\/\/schema.org","@graph":[{"@type":"WebPage","@id":"https:\/\/meprolim.es\/producto\/maquinaria-de-limpieza\/maquinas-monodiscos\/monodiscos-orbital\/monodisco-orbital-tmb-tp43-spray-ciplato-deposito\/","url":"https:\/\/meprolim.es\/producto\/maquinaria-de-limpieza\/maquinas-monodiscos\/monodiscos-orbital\/monodisco-orbital-tmb-tp43-spray-ciplato-deposito\/","name":"ORBITAL TMB TP43 SPRAY C\/PLATO Y DEP\u00d3SITO - C\u00d3DIGO: ZJ0008 - Meprolim","isPartOf":{"@id":"https:\/\/meprolim.es\/fr\/#website"},"primaryImageOfPage":{"@id":"https:\/\/meprolim.es\/producto\/maquinaria-de-limpieza\/maquinas-monodiscos\/monodiscos-orbital\/monodisco-orbital-tmb-tp43-spray-ciplato-deposito\/#primaryimage"},"image":{"@id":"https:\/\/meprolim.es\/producto\/maquinaria-de-limpieza\/maquinas-monodiscos\/monodiscos-orbital\/monodisco-orbital-tmb-tp43-spray-ciplato-deposito\/#primaryimage"},"thumbnailUrl":"https:\/\/meprolim.es\/wp-content\/uploads\/2019\/08\/ZJ0008.jpg","datePublished":"2019-08-11T13:01:55+00:00","dateModified":"2020-03-20T18:34:40+00:00","breadcrumb":{"@id":"https:\/\/meprolim.es\/producto\/maquinaria-de-limpieza\/maquinas-monodiscos\/monodiscos-orbital\/monodisco-orbital-tmb-tp43-spray-ciplato-deposito\/#breadcrumb"},"inLanguage":"de","potentialAction":[{"@type":"ReadAction","target":["https:\/\/meprolim.es\/producto\/maquinaria-de-limpieza\/maquinas-monodiscos\/monodiscos-orbital\/monodisco-orbital-tmb-tp43-spray-ciplato-deposito\/"]}]},{"@type":"ImageObject","inLanguage":"de","@id":"https:\/\/meprolim.es\/producto\/maquinaria-de-limpieza\/maquinas-monodiscos\/monodiscos-orbital\/monodisco-orbital-tmb-tp43-spray-ciplato-deposito\/#primaryimage","url":"https:\/\/meprolim.es\/wp-content\/uploads\/2019\/08\/ZJ0008.jpg","contentUrl":"https:\/\/meprolim.es\/wp-content\/uploads\/2019\/08\/ZJ0008.jpg","width":768,"height":768,"caption":"Bimat Solid"},{"@type":"BreadcrumbList","@id":"https:\/\/meprolim.es\/producto\/maquinaria-de-limpieza\/maquinas-monodiscos\/monodiscos-orbital\/monodisco-orbital-tmb-tp43-spray-ciplato-deposito\/#breadcrumb","itemListElement":[{"@type":"ListItem","position":1,"name":"Portada","item":"https:\/\/meprolim.es\/de\/"},{"@type":"ListItem","position":2,"name":"Cat\u00e1logo","item":"https:\/\/meprolim.es\/de\/catalogo\/"},{"@type":"ListItem","position":3,"name":"ORBITAL TMB TP43 SPRAY C\/PLATO Y DEP\u00d3SITO &#8211; C\u00d3DIGO: ZJ0008"}]},{"@type":"WebSite","@id":"https:\/\/meprolim.es\/fr\/#website","url":"https:\/\/meprolim.es\/fr\/","name":"Meprolim","description":"Cavas Catalanas S.L.","publisher":{"@id":"https:\/\/meprolim.es\/fr\/#organization"},"potentialAction":[{"@type":"SearchAction","target":{"@type":"EntryPoint","urlTemplate":"https:\/\/meprolim.es\/fr\/?s={search_term_string}"},"query-input":{"@type":"PropertyValueSpecification","valueRequired":true,"valueName":"search_term_string"}}],"inLanguage":"de"},{"@type":"Organization","@id":"https:\/\/meprolim.es\/fr\/#organization","name":"Meprolim","url":"https:\/\/meprolim.es\/fr\/","logo":{"@type":"ImageObject","inLanguage":"de","@id":"https:\/\/meprolim.es\/fr\/#\/schema\/logo\/image\/","url":"https:\/\/meprolim.es\/wp-content\/uploads\/2019\/07\/cropped-logo2.png","contentUrl":"https:\/\/meprolim.es\/wp-content\/uploads\/2019\/07\/cropped-logo2.png","width":401,"height":162,"caption":"Meprolim"},"image":{"@id":"https:\/\/meprolim.es\/fr\/#\/schema\/logo\/image\/"}}]}},"_links":{"self":[{"href":"https:\/\/meprolim.es\/de\/wp-json\/wp\/v2\/product\/5493","targetHints":{"allow":["GET"]}}],"collection":[{"href":"https:\/\/meprolim.es\/de\/wp-json\/wp\/v2\/product"}],"about":[{"href":"https:\/\/meprolim.es\/de\/wp-json\/wp\/v2\/types\/product"}],"wp:featuredmedia":[{"embeddable":true,"href":"https:\/\/meprolim.es\/de\/wp-json\/wp\/v2\/media\/5494"}],"wp:attachment":[{"href":"https:\/\/meprolim.es\/de\/wp-json\/wp\/v2\/media?parent=5493"}],"wp:term":[{"taxonomy":"product_brand","embeddable":true,"href":"https:\/\/meprolim.es\/de\/wp-json\/wp\/v2\/product_brand?post=5493"},{"taxonomy":"product_cat","embeddable":true,"href":"https:\/\/meprolim.es\/de\/wp-json\/wp\/v2\/product_cat?post=5493"},{"taxonomy":"product_tag","embeddable":true,"href":"https:\/\/meprolim.es\/de\/wp-json\/wp\/v2\/product_tag?post=5493"}],"curies":[{"name":"wp","href":"https:\/\/api.w.org\/{rel}","templated":true}]}}