{"id":5518,"date":"2019-08-11T15:30:34","date_gmt":"2019-08-11T14:30:34","guid":{"rendered":"http:\/\/www.meprolim.es\/?post_type=product&#038;p=5518"},"modified":"2020-03-20T17:06:34","modified_gmt":"2020-03-20T17:06:34","slug":"barredora-vial-dulevo-5000-veloce-eu6","status":"publish","type":"product","link":"https:\/\/meprolim.es\/de\/producto\/maquinaria-de-limpieza\/barredoras-de\/barredoras-viales-de\/barredora-vial-dulevo-5000-veloce-eu6\/","title":{"rendered":"BARREDORA VIAL DULEVO 5000 VELOCE EU6 &#8211; C\u00d3DIGO: YC0018"},"content":{"rendered":"<div class=\"wpb-content-wrapper\"><p>[vc_row][vc_column][vc_column_text]<\/p>\n<p style=\"text-align: justify;\">La \u00fanica barredora del mundo capaz de combinar manejabilidad, econom\u00eda y fiabilidad con una calidad de barrido realmente superior. Gracias a su exclusiva tecnolog\u00eda hidr\u00e1ulica con cambio de dos velocidades, la barredora Dulevo 5000 Veloce es realmente vers\u00e1til y puede utilizarse indistintamente para barrer, de manera simple y eficiente, calles, autopistas, puertos, aeropuertos, mercados de frutas y verduras y mucho m\u00e1s. Adem\u00e1s, su velocidad permite trasladarla r\u00e1pidamente a distintos lugares, evitando as\u00ed p\u00e9rdidas de tiempo in\u00fatiles. La barredora de calles Dulevo 5000 Veloce puede alcanzar una velocidad de 80 km\/h y es ampliamente utilizada por los ayuntamientos y comunidades que necesitan cubrir grandes distancias, siendo fundamental la velocidad de traslado.<\/p>\n<p style=\"text-align: justify;\">Gracias al sistema mec\u00e1nico-aspirante filtrante patentado por Dulevo, la barredora 5000 Veloce trabaja tres veces m\u00e1s que cualquier barredora tradicional. La recogida se realiza mec\u00e1nicamente por medio de los cepillos laterales, que conducen los desechos hacia el centro de la m\u00e1quina, donde el cepillo central cil\u00edndrico los lanza a alta velocidad a un transportador vertical. Los desechos se cargan en la tolva de residuos por la parte superior, optimizando as\u00ed la capacidad de carga del equipo. El polvo levantado por el cepillo central cil\u00edndrico es aspirado y retenido en la tolva de residuos gracias a la depresi\u00f3n creada en la misma por dos ventiladores de aspiraci\u00f3n de gran caudal y altura. El particular sistema de filtraci\u00f3n en tejido retiene hasta el polvo m\u00e1s fino y completa el ciclo de barrido garantizando la reintroducci\u00f3n en el ambiente de aire exclusivamente limpio.<\/p>\n<p>[\/vc_column_text][\/vc_column][\/vc_row]<\/p>\n<\/div>","protected":false},"excerpt":{"rendered":"<ul>\n<li>Barredora vial y aspiradora de hojas.<\/li>\n<li>Manejable, econ\u00f3mica, fiable, sencilla y eficiente.<\/li>\n<li>Exclusiva tecnolog\u00eda con cambio de dos velocidades.<\/li>\n<li>Para barrer indistintamente calles, puertos, mercados, autopistas, aeropuertos y mucho mas.<\/li>\n<li>Su velocidad le permite moverse r\u00e1pidamente. \u2022 Puede alcanzar hasta 70 km\/h.<\/li>\n<li>Trabaja tres veces mas que cualquier barredora.<\/li>\n<li>La recogida se realiza mediante los cepillos laterales que llevan los residuos hacia el centro, donde el cepillo central los lanza al transportador vertical.<\/li>\n<li>Sistema de filtraci\u00f3n en tejido inmarchitable compuesto por 73% poli\u00e9ster y 27% algod\u00f3n.<\/li>\n<li>Hasta el polvo mas fino es aspirado y retenido en la tolva de residuos PM10 &#8211; 99%.<\/li>\n<li>Gracias a su sistema combinado de recogida \u201cmecanico-aspirante-filtrado\u201d, puede trabajar sin apenas agua.<\/li>\n<li>El cepillo delantero oscilante, 180\u00ba a derecha e izquierda, se maneja por medio de un joystick y permite limpiar las aceras y otras zonas de dif\u00edcil acceso para los cepillos laterales.<\/li>\n<li>Motor EURO 5 di\u00e9sel de seis cilindros refrigerado por agua.<\/li>\n<\/ul>\n<p><strong>SKU: YC0018<\/strong><\/p>\n","protected":false},"featured_media":5519,"template":"","meta":[],"product_brand":[],"product_cat":[2585,2589,2580],"product_tag":[259,269,285,261,252,256],"class_list":{"0":"post-5518","1":"product","2":"type-product","3":"status-publish","4":"has-post-thumbnail","6":"product_cat-barredoras","7":"product_cat-barredoras-viales","8":"product_cat-maquinaria-de-limpieza","9":"product_tag-barredora","10":"product_tag-barredora-diesel","11":"product_tag-barredoras-viales","12":"product_tag-maquinaria-a-diesel","13":"product_tag-maquinaria-de-limpieza","14":"product_tag-operador-a-bordo","16":"first","17":"instock","18":"shipping-taxable","19":"product-type-simple"},"yoast_head":"<!-- This site is optimized with the Yoast SEO plugin v27.3 - https:\/\/yoast.com\/product\/yoast-seo-wordpress\/ -->\n<title>BARREDORA VIAL DULEVO 5000 VELOCE EU6 - C\u00d3DIGO: YC0018 - Meprolim<\/title>\n<meta name=\"robots\" content=\"index, follow, max-snippet:-1, max-image-preview:large, max-video-preview:-1\" \/>\n<link rel=\"canonical\" href=\"https:\/\/meprolim.es\/producto\/maquinaria-de-limpieza\/barredoras\/barredoras-viales\/barredora-vial-dulevo-5000-veloce-eu6\/\" \/>\n<meta property=\"og:locale\" content=\"de_DE\" \/>\n<meta property=\"og:type\" content=\"article\" \/>\n<meta property=\"og:title\" content=\"BARREDORA VIAL DULEVO 5000 VELOCE EU6 - C\u00d3DIGO: YC0018 - Meprolim\" \/>\n<meta property=\"og:description\" content=\"Barredora vial y aspiradora de hojas.  Manejable, econ\u00f3mica, fiable, sencilla y eficiente.  Exclusiva tecnolog\u00eda con cambio de dos velocidades.  Para barrer indistintamente calles, puertos, mercados, autopistas, aeropuertos y mucho mas.  Su velocidad le permite moverse r\u00e1pidamente. \u2022 Puede alcanzar hasta 70 km\/h.  Trabaja tres veces mas que cualquier barredora.  La recogida se realiza mediante los cepillos laterales que llevan los residuos hacia el centro, donde el cepillo central los lanza al transportador vertical.  Sistema de filtraci\u00f3n en tejido inmarchitable compuesto por 73% poli\u00e9ster y 27% algod\u00f3n.  Hasta el polvo mas fino es aspirado y retenido en la tolva de residuos PM10 - 99%.  Gracias a su sistema combinado de recogida \u201cmecanico-aspirante-filtrado\u201d, puede trabajar sin apenas agua.  El cepillo delantero oscilante, 180\u00ba a derecha e izquierda, se maneja por medio de un joystick y permite limpiar las aceras y otras zonas de dif\u00edcil acceso para los cepillos laterales.  Motor EURO 5 di\u00e9sel de seis cilindros refrigerado por agua.  SKU: YC0018\" \/>\n<meta property=\"og:url\" content=\"https:\/\/meprolim.es\/producto\/maquinaria-de-limpieza\/barredoras\/barredoras-viales\/barredora-vial-dulevo-5000-veloce-eu6\/\" \/>\n<meta property=\"og:site_name\" content=\"Meprolim\" \/>\n<meta property=\"article:modified_time\" content=\"2020-03-20T17:06:34+00:00\" \/>\n<meta property=\"og:image\" content=\"https:\/\/meprolim.es\/wp-content\/uploads\/2019\/08\/YC0018.jpg\" \/>\n\t<meta property=\"og:image:width\" content=\"768\" \/>\n\t<meta property=\"og:image:height\" content=\"834\" \/>\n\t<meta property=\"og:image:type\" content=\"image\/jpeg\" \/>\n<meta name=\"twitter:card\" content=\"summary_large_image\" \/>\n<meta name=\"twitter:label1\" content=\"Gesch\u00e4tzte Lesezeit\" \/>\n\t<meta name=\"twitter:data1\" content=\"1\u00a0Minute\" \/>\n<script type=\"application\/ld+json\" class=\"yoast-schema-graph\">{\"@context\":\"https:\\\/\\\/schema.org\",\"@graph\":[{\"@type\":\"WebPage\",\"@id\":\"https:\\\/\\\/meprolim.es\\\/producto\\\/maquinaria-de-limpieza\\\/barredoras\\\/barredoras-viales\\\/barredora-vial-dulevo-5000-veloce-eu6\\\/\",\"url\":\"https:\\\/\\\/meprolim.es\\\/producto\\\/maquinaria-de-limpieza\\\/barredoras\\\/barredoras-viales\\\/barredora-vial-dulevo-5000-veloce-eu6\\\/\",\"name\":\"BARREDORA VIAL DULEVO 5000 VELOCE EU6 - C\u00d3DIGO: YC0018 - Meprolim\",\"isPartOf\":{\"@id\":\"https:\\\/\\\/meprolim.es\\\/fr\\\/#website\"},\"primaryImageOfPage\":{\"@id\":\"https:\\\/\\\/meprolim.es\\\/producto\\\/maquinaria-de-limpieza\\\/barredoras\\\/barredoras-viales\\\/barredora-vial-dulevo-5000-veloce-eu6\\\/#primaryimage\"},\"image\":{\"@id\":\"https:\\\/\\\/meprolim.es\\\/producto\\\/maquinaria-de-limpieza\\\/barredoras\\\/barredoras-viales\\\/barredora-vial-dulevo-5000-veloce-eu6\\\/#primaryimage\"},\"thumbnailUrl\":\"https:\\\/\\\/meprolim.es\\\/wp-content\\\/uploads\\\/2019\\\/08\\\/YC0018.jpg\",\"datePublished\":\"2019-08-11T14:30:34+00:00\",\"dateModified\":\"2020-03-20T17:06:34+00:00\",\"breadcrumb\":{\"@id\":\"https:\\\/\\\/meprolim.es\\\/producto\\\/maquinaria-de-limpieza\\\/barredoras\\\/barredoras-viales\\\/barredora-vial-dulevo-5000-veloce-eu6\\\/#breadcrumb\"},\"inLanguage\":\"de\",\"potentialAction\":[{\"@type\":\"ReadAction\",\"target\":[\"https:\\\/\\\/meprolim.es\\\/producto\\\/maquinaria-de-limpieza\\\/barredoras\\\/barredoras-viales\\\/barredora-vial-dulevo-5000-veloce-eu6\\\/\"]}]},{\"@type\":\"ImageObject\",\"inLanguage\":\"de\",\"@id\":\"https:\\\/\\\/meprolim.es\\\/producto\\\/maquinaria-de-limpieza\\\/barredoras\\\/barredoras-viales\\\/barredora-vial-dulevo-5000-veloce-eu6\\\/#primaryimage\",\"url\":\"https:\\\/\\\/meprolim.es\\\/wp-content\\\/uploads\\\/2019\\\/08\\\/YC0018.jpg\",\"contentUrl\":\"https:\\\/\\\/meprolim.es\\\/wp-content\\\/uploads\\\/2019\\\/08\\\/YC0018.jpg\",\"width\":768,\"height\":834,\"caption\":\"Bimat Solid\"},{\"@type\":\"BreadcrumbList\",\"@id\":\"https:\\\/\\\/meprolim.es\\\/producto\\\/maquinaria-de-limpieza\\\/barredoras\\\/barredoras-viales\\\/barredora-vial-dulevo-5000-veloce-eu6\\\/#breadcrumb\",\"itemListElement\":[{\"@type\":\"ListItem\",\"position\":1,\"name\":\"Portada\",\"item\":\"https:\\\/\\\/meprolim.es\\\/de\\\/\"},{\"@type\":\"ListItem\",\"position\":2,\"name\":\"Cat\u00e1logo\",\"item\":\"https:\\\/\\\/meprolim.es\\\/de\\\/catalogo\\\/\"},{\"@type\":\"ListItem\",\"position\":3,\"name\":\"BARREDORA VIAL DULEVO 5000 VELOCE EU6 &#8211; C\u00d3DIGO: YC0018\"}]},{\"@type\":\"WebSite\",\"@id\":\"https:\\\/\\\/meprolim.es\\\/fr\\\/#website\",\"url\":\"https:\\\/\\\/meprolim.es\\\/fr\\\/\",\"name\":\"Meprolim\",\"description\":\"Cavas Catalanas S.L.\",\"publisher\":{\"@id\":\"https:\\\/\\\/meprolim.es\\\/fr\\\/#organization\"},\"potentialAction\":[{\"@type\":\"SearchAction\",\"target\":{\"@type\":\"EntryPoint\",\"urlTemplate\":\"https:\\\/\\\/meprolim.es\\\/fr\\\/?s={search_term_string}\"},\"query-input\":{\"@type\":\"PropertyValueSpecification\",\"valueRequired\":true,\"valueName\":\"search_term_string\"}}],\"inLanguage\":\"de\"},{\"@type\":\"Organization\",\"@id\":\"https:\\\/\\\/meprolim.es\\\/fr\\\/#organization\",\"name\":\"Meprolim\",\"url\":\"https:\\\/\\\/meprolim.es\\\/fr\\\/\",\"logo\":{\"@type\":\"ImageObject\",\"inLanguage\":\"de\",\"@id\":\"https:\\\/\\\/meprolim.es\\\/fr\\\/#\\\/schema\\\/logo\\\/image\\\/\",\"url\":\"https:\\\/\\\/meprolim.es\\\/wp-content\\\/uploads\\\/2019\\\/07\\\/cropped-logo2.png\",\"contentUrl\":\"https:\\\/\\\/meprolim.es\\\/wp-content\\\/uploads\\\/2019\\\/07\\\/cropped-logo2.png\",\"width\":401,\"height\":162,\"caption\":\"Meprolim\"},\"image\":{\"@id\":\"https:\\\/\\\/meprolim.es\\\/fr\\\/#\\\/schema\\\/logo\\\/image\\\/\"}}]}<\/script>\n<!-- \/ Yoast SEO plugin. -->","yoast_head_json":{"title":"BARREDORA VIAL DULEVO 5000 VELOCE EU6 - C\u00d3DIGO: YC0018 - Meprolim","robots":{"index":"index","follow":"follow","max-snippet":"max-snippet:-1","max-image-preview":"max-image-preview:large","max-video-preview":"max-video-preview:-1"},"canonical":"https:\/\/meprolim.es\/producto\/maquinaria-de-limpieza\/barredoras\/barredoras-viales\/barredora-vial-dulevo-5000-veloce-eu6\/","og_locale":"de_DE","og_type":"article","og_title":"BARREDORA VIAL DULEVO 5000 VELOCE EU6 - C\u00d3DIGO: YC0018 - Meprolim","og_description":"Barredora vial y aspiradora de hojas.  Manejable, econ\u00f3mica, fiable, sencilla y eficiente.  Exclusiva tecnolog\u00eda con cambio de dos velocidades.  Para barrer indistintamente calles, puertos, mercados, autopistas, aeropuertos y mucho mas.  Su velocidad le permite moverse r\u00e1pidamente. \u2022 Puede alcanzar hasta 70 km\/h.  Trabaja tres veces mas que cualquier barredora.  La recogida se realiza mediante los cepillos laterales que llevan los residuos hacia el centro, donde el cepillo central los lanza al transportador vertical.  Sistema de filtraci\u00f3n en tejido inmarchitable compuesto por 73% poli\u00e9ster y 27% algod\u00f3n.  Hasta el polvo mas fino es aspirado y retenido en la tolva de residuos PM10 - 99%.  Gracias a su sistema combinado de recogida \u201cmecanico-aspirante-filtrado\u201d, puede trabajar sin apenas agua.  El cepillo delantero oscilante, 180\u00ba a derecha e izquierda, se maneja por medio de un joystick y permite limpiar las aceras y otras zonas de dif\u00edcil acceso para los cepillos laterales.  Motor EURO 5 di\u00e9sel de seis cilindros refrigerado por agua.  SKU: YC0018","og_url":"https:\/\/meprolim.es\/producto\/maquinaria-de-limpieza\/barredoras\/barredoras-viales\/barredora-vial-dulevo-5000-veloce-eu6\/","og_site_name":"Meprolim","article_modified_time":"2020-03-20T17:06:34+00:00","og_image":[{"width":768,"height":834,"url":"https:\/\/meprolim.es\/wp-content\/uploads\/2019\/08\/YC0018.jpg","type":"image\/jpeg"}],"twitter_card":"summary_large_image","twitter_misc":{"Gesch\u00e4tzte Lesezeit":"1\u00a0Minute"},"schema":{"@context":"https:\/\/schema.org","@graph":[{"@type":"WebPage","@id":"https:\/\/meprolim.es\/producto\/maquinaria-de-limpieza\/barredoras\/barredoras-viales\/barredora-vial-dulevo-5000-veloce-eu6\/","url":"https:\/\/meprolim.es\/producto\/maquinaria-de-limpieza\/barredoras\/barredoras-viales\/barredora-vial-dulevo-5000-veloce-eu6\/","name":"BARREDORA VIAL DULEVO 5000 VELOCE EU6 - C\u00d3DIGO: YC0018 - Meprolim","isPartOf":{"@id":"https:\/\/meprolim.es\/fr\/#website"},"primaryImageOfPage":{"@id":"https:\/\/meprolim.es\/producto\/maquinaria-de-limpieza\/barredoras\/barredoras-viales\/barredora-vial-dulevo-5000-veloce-eu6\/#primaryimage"},"image":{"@id":"https:\/\/meprolim.es\/producto\/maquinaria-de-limpieza\/barredoras\/barredoras-viales\/barredora-vial-dulevo-5000-veloce-eu6\/#primaryimage"},"thumbnailUrl":"https:\/\/meprolim.es\/wp-content\/uploads\/2019\/08\/YC0018.jpg","datePublished":"2019-08-11T14:30:34+00:00","dateModified":"2020-03-20T17:06:34+00:00","breadcrumb":{"@id":"https:\/\/meprolim.es\/producto\/maquinaria-de-limpieza\/barredoras\/barredoras-viales\/barredora-vial-dulevo-5000-veloce-eu6\/#breadcrumb"},"inLanguage":"de","potentialAction":[{"@type":"ReadAction","target":["https:\/\/meprolim.es\/producto\/maquinaria-de-limpieza\/barredoras\/barredoras-viales\/barredora-vial-dulevo-5000-veloce-eu6\/"]}]},{"@type":"ImageObject","inLanguage":"de","@id":"https:\/\/meprolim.es\/producto\/maquinaria-de-limpieza\/barredoras\/barredoras-viales\/barredora-vial-dulevo-5000-veloce-eu6\/#primaryimage","url":"https:\/\/meprolim.es\/wp-content\/uploads\/2019\/08\/YC0018.jpg","contentUrl":"https:\/\/meprolim.es\/wp-content\/uploads\/2019\/08\/YC0018.jpg","width":768,"height":834,"caption":"Bimat Solid"},{"@type":"BreadcrumbList","@id":"https:\/\/meprolim.es\/producto\/maquinaria-de-limpieza\/barredoras\/barredoras-viales\/barredora-vial-dulevo-5000-veloce-eu6\/#breadcrumb","itemListElement":[{"@type":"ListItem","position":1,"name":"Portada","item":"https:\/\/meprolim.es\/de\/"},{"@type":"ListItem","position":2,"name":"Cat\u00e1logo","item":"https:\/\/meprolim.es\/de\/catalogo\/"},{"@type":"ListItem","position":3,"name":"BARREDORA VIAL DULEVO 5000 VELOCE EU6 &#8211; C\u00d3DIGO: YC0018"}]},{"@type":"WebSite","@id":"https:\/\/meprolim.es\/fr\/#website","url":"https:\/\/meprolim.es\/fr\/","name":"Meprolim","description":"Cavas Catalanas S.L.","publisher":{"@id":"https:\/\/meprolim.es\/fr\/#organization"},"potentialAction":[{"@type":"SearchAction","target":{"@type":"EntryPoint","urlTemplate":"https:\/\/meprolim.es\/fr\/?s={search_term_string}"},"query-input":{"@type":"PropertyValueSpecification","valueRequired":true,"valueName":"search_term_string"}}],"inLanguage":"de"},{"@type":"Organization","@id":"https:\/\/meprolim.es\/fr\/#organization","name":"Meprolim","url":"https:\/\/meprolim.es\/fr\/","logo":{"@type":"ImageObject","inLanguage":"de","@id":"https:\/\/meprolim.es\/fr\/#\/schema\/logo\/image\/","url":"https:\/\/meprolim.es\/wp-content\/uploads\/2019\/07\/cropped-logo2.png","contentUrl":"https:\/\/meprolim.es\/wp-content\/uploads\/2019\/07\/cropped-logo2.png","width":401,"height":162,"caption":"Meprolim"},"image":{"@id":"https:\/\/meprolim.es\/fr\/#\/schema\/logo\/image\/"}}]}},"_links":{"self":[{"href":"https:\/\/meprolim.es\/de\/wp-json\/wp\/v2\/product\/5518","targetHints":{"allow":["GET"]}}],"collection":[{"href":"https:\/\/meprolim.es\/de\/wp-json\/wp\/v2\/product"}],"about":[{"href":"https:\/\/meprolim.es\/de\/wp-json\/wp\/v2\/types\/product"}],"wp:featuredmedia":[{"embeddable":true,"href":"https:\/\/meprolim.es\/de\/wp-json\/wp\/v2\/media\/5519"}],"wp:attachment":[{"href":"https:\/\/meprolim.es\/de\/wp-json\/wp\/v2\/media?parent=5518"}],"wp:term":[{"taxonomy":"product_brand","embeddable":true,"href":"https:\/\/meprolim.es\/de\/wp-json\/wp\/v2\/product_brand?post=5518"},{"taxonomy":"product_cat","embeddable":true,"href":"https:\/\/meprolim.es\/de\/wp-json\/wp\/v2\/product_cat?post=5518"},{"taxonomy":"product_tag","embeddable":true,"href":"https:\/\/meprolim.es\/de\/wp-json\/wp\/v2\/product_tag?post=5518"}],"curies":[{"name":"wp","href":"https:\/\/api.w.org\/{rel}","templated":true}]}}