{"id":5588,"date":"2019-08-11T18:50:15","date_gmt":"2019-08-11T17:50:15","guid":{"rendered":"http:\/\/www.meprolim.es\/?post_type=product&#038;p=5588"},"modified":"2020-03-20T18:31:25","modified_gmt":"2020-03-20T18:31:25","slug":"lavamoquetas-elite-silent","status":"publish","type":"product","link":"https:\/\/meprolim.es\/de\/producto\/maquinaria-de-limpieza\/lavamoquetas-de\/lavamoquetas-elite-silent\/","title":{"rendered":"LAVAMOQUETAS ELITE SILENT &#8211; C\u00d3DIGO: ZR0004"},"content":{"rendered":"<div class=\"wpb-content-wrapper\"><p>[vc_row][vc_column][vc_column_text]<\/p>\n<p>Lavamoquetas y lavatapicer\u00edas de inyecci\u00f3n y extracci\u00f3n de cepillo cil\u00edndrico y aspiraci\u00f3n.<\/p>\n<p>[\/vc_column_text][\/vc_column][\/vc_row]<\/p>\n<\/div>","protected":false},"excerpt":{"rendered":"<ul>\n<li>Lavadora silenciosa para alfombras y suelos enmoquetados de inyecci\u00f3n-extracci\u00f3n, indicada en<br \/>\ngrandes superficies.<\/li>\n<li>Color de serie azul.<\/li>\n<li>Lava, cepilla y seca en un ancho de 50 cm de moqueta.<\/li>\n<li>Funcionamiento muy silencioso, 60 decibelios.<\/li>\n<li>Puede regular la presi\u00f3n del cepillo, de la boquilla de aspiraci\u00f3n y la recogida de agua salpicada.<\/li>\n<li>Motor de aspiraci\u00f3n de tres turbinas, con \u00f3ptimo secado.<\/li>\n<li>F\u00e1cil sustituci\u00f3n del cepillo. Pat\u00edn con tres inyectores.<\/li>\n<\/ul>\n<p><strong>SKU: ZR0004<\/strong><\/p>\n","protected":false},"featured_media":5589,"template":"","meta":[],"product_brand":[],"product_cat":[2603,2580],"product_tag":[287,292,291,290,252],"class_list":{"0":"post-5588","1":"product","2":"type-product","3":"status-publish","4":"has-post-thumbnail","6":"product_cat-lavamoquetas","7":"product_cat-maquinaria-de-limpieza","8":"product_tag-lavamoquetas","9":"product_tag-lavamoquetas-extraccion","10":"product_tag-lavamoquetas-inyeccion","11":"product_tag-lavatapicerias","12":"product_tag-maquinaria-de-limpieza","14":"first","15":"instock","16":"shipping-taxable","17":"product-type-simple"},"yoast_head":"<!-- This site is optimized with the Yoast SEO plugin v27.3 - https:\/\/yoast.com\/product\/yoast-seo-wordpress\/ -->\n<title>LAVAMOQUETAS ELITE SILENT - C\u00d3DIGO: ZR0004 - Meprolim<\/title>\n<meta name=\"robots\" content=\"index, follow, max-snippet:-1, max-image-preview:large, max-video-preview:-1\" \/>\n<link rel=\"canonical\" href=\"https:\/\/meprolim.es\/producto\/maquinaria-de-limpieza\/lavamoquetas\/lavamoquetas-elite-silent\/\" \/>\n<meta property=\"og:locale\" content=\"de_DE\" \/>\n<meta property=\"og:type\" content=\"article\" \/>\n<meta property=\"og:title\" content=\"LAVAMOQUETAS ELITE SILENT - C\u00d3DIGO: ZR0004 - Meprolim\" \/>\n<meta property=\"og:description\" content=\"Lavadora silenciosa para alfombras y suelos enmoquetados de inyecci\u00f3n-extracci\u00f3n, indicada en grandes superficies.  Color de serie azul.  Lava, cepilla y seca en un ancho de 50 cm de moqueta.  Funcionamiento muy silencioso, 60 decibelios.  Puede regular la presi\u00f3n del cepillo, de la boquilla de aspiraci\u00f3n y la recogida de agua salpicada.  Motor de aspiraci\u00f3n de tres turbinas, con \u00f3ptimo secado.  F\u00e1cil sustituci\u00f3n del cepillo. Pat\u00edn con tres inyectores.  SKU: ZR0004\" \/>\n<meta property=\"og:url\" content=\"https:\/\/meprolim.es\/producto\/maquinaria-de-limpieza\/lavamoquetas\/lavamoquetas-elite-silent\/\" \/>\n<meta property=\"og:site_name\" content=\"Meprolim\" \/>\n<meta property=\"article:modified_time\" content=\"2020-03-20T18:31:25+00:00\" \/>\n<meta property=\"og:image\" content=\"https:\/\/meprolim.es\/wp-content\/uploads\/2019\/08\/ZR0004.jpg\" \/>\n\t<meta property=\"og:image:width\" content=\"768\" \/>\n\t<meta property=\"og:image:height\" content=\"768\" \/>\n\t<meta property=\"og:image:type\" content=\"image\/jpeg\" \/>\n<meta name=\"twitter:card\" content=\"summary_large_image\" \/>\n<script type=\"application\/ld+json\" class=\"yoast-schema-graph\">{\"@context\":\"https:\\\/\\\/schema.org\",\"@graph\":[{\"@type\":\"WebPage\",\"@id\":\"https:\\\/\\\/meprolim.es\\\/producto\\\/maquinaria-de-limpieza\\\/lavamoquetas\\\/lavamoquetas-elite-silent\\\/\",\"url\":\"https:\\\/\\\/meprolim.es\\\/producto\\\/maquinaria-de-limpieza\\\/lavamoquetas\\\/lavamoquetas-elite-silent\\\/\",\"name\":\"LAVAMOQUETAS ELITE SILENT - C\u00d3DIGO: ZR0004 - Meprolim\",\"isPartOf\":{\"@id\":\"https:\\\/\\\/meprolim.es\\\/fr\\\/#website\"},\"primaryImageOfPage\":{\"@id\":\"https:\\\/\\\/meprolim.es\\\/producto\\\/maquinaria-de-limpieza\\\/lavamoquetas\\\/lavamoquetas-elite-silent\\\/#primaryimage\"},\"image\":{\"@id\":\"https:\\\/\\\/meprolim.es\\\/producto\\\/maquinaria-de-limpieza\\\/lavamoquetas\\\/lavamoquetas-elite-silent\\\/#primaryimage\"},\"thumbnailUrl\":\"https:\\\/\\\/meprolim.es\\\/wp-content\\\/uploads\\\/2019\\\/08\\\/ZR0004.jpg\",\"datePublished\":\"2019-08-11T17:50:15+00:00\",\"dateModified\":\"2020-03-20T18:31:25+00:00\",\"breadcrumb\":{\"@id\":\"https:\\\/\\\/meprolim.es\\\/producto\\\/maquinaria-de-limpieza\\\/lavamoquetas\\\/lavamoquetas-elite-silent\\\/#breadcrumb\"},\"inLanguage\":\"de\",\"potentialAction\":[{\"@type\":\"ReadAction\",\"target\":[\"https:\\\/\\\/meprolim.es\\\/producto\\\/maquinaria-de-limpieza\\\/lavamoquetas\\\/lavamoquetas-elite-silent\\\/\"]}]},{\"@type\":\"ImageObject\",\"inLanguage\":\"de\",\"@id\":\"https:\\\/\\\/meprolim.es\\\/producto\\\/maquinaria-de-limpieza\\\/lavamoquetas\\\/lavamoquetas-elite-silent\\\/#primaryimage\",\"url\":\"https:\\\/\\\/meprolim.es\\\/wp-content\\\/uploads\\\/2019\\\/08\\\/ZR0004.jpg\",\"contentUrl\":\"https:\\\/\\\/meprolim.es\\\/wp-content\\\/uploads\\\/2019\\\/08\\\/ZR0004.jpg\",\"width\":768,\"height\":768},{\"@type\":\"BreadcrumbList\",\"@id\":\"https:\\\/\\\/meprolim.es\\\/producto\\\/maquinaria-de-limpieza\\\/lavamoquetas\\\/lavamoquetas-elite-silent\\\/#breadcrumb\",\"itemListElement\":[{\"@type\":\"ListItem\",\"position\":1,\"name\":\"Portada\",\"item\":\"https:\\\/\\\/meprolim.es\\\/de\\\/\"},{\"@type\":\"ListItem\",\"position\":2,\"name\":\"Cat\u00e1logo\",\"item\":\"https:\\\/\\\/meprolim.es\\\/de\\\/catalogo\\\/\"},{\"@type\":\"ListItem\",\"position\":3,\"name\":\"LAVAMOQUETAS ELITE SILENT &#8211; C\u00d3DIGO: ZR0004\"}]},{\"@type\":\"WebSite\",\"@id\":\"https:\\\/\\\/meprolim.es\\\/fr\\\/#website\",\"url\":\"https:\\\/\\\/meprolim.es\\\/fr\\\/\",\"name\":\"Meprolim\",\"description\":\"Cavas Catalanas S.L.\",\"publisher\":{\"@id\":\"https:\\\/\\\/meprolim.es\\\/fr\\\/#organization\"},\"potentialAction\":[{\"@type\":\"SearchAction\",\"target\":{\"@type\":\"EntryPoint\",\"urlTemplate\":\"https:\\\/\\\/meprolim.es\\\/fr\\\/?s={search_term_string}\"},\"query-input\":{\"@type\":\"PropertyValueSpecification\",\"valueRequired\":true,\"valueName\":\"search_term_string\"}}],\"inLanguage\":\"de\"},{\"@type\":\"Organization\",\"@id\":\"https:\\\/\\\/meprolim.es\\\/fr\\\/#organization\",\"name\":\"Meprolim\",\"url\":\"https:\\\/\\\/meprolim.es\\\/fr\\\/\",\"logo\":{\"@type\":\"ImageObject\",\"inLanguage\":\"de\",\"@id\":\"https:\\\/\\\/meprolim.es\\\/fr\\\/#\\\/schema\\\/logo\\\/image\\\/\",\"url\":\"https:\\\/\\\/meprolim.es\\\/wp-content\\\/uploads\\\/2019\\\/07\\\/cropped-logo2.png\",\"contentUrl\":\"https:\\\/\\\/meprolim.es\\\/wp-content\\\/uploads\\\/2019\\\/07\\\/cropped-logo2.png\",\"width\":401,\"height\":162,\"caption\":\"Meprolim\"},\"image\":{\"@id\":\"https:\\\/\\\/meprolim.es\\\/fr\\\/#\\\/schema\\\/logo\\\/image\\\/\"}}]}<\/script>\n<!-- \/ Yoast SEO plugin. -->","yoast_head_json":{"title":"LAVAMOQUETAS ELITE SILENT - C\u00d3DIGO: ZR0004 - Meprolim","robots":{"index":"index","follow":"follow","max-snippet":"max-snippet:-1","max-image-preview":"max-image-preview:large","max-video-preview":"max-video-preview:-1"},"canonical":"https:\/\/meprolim.es\/producto\/maquinaria-de-limpieza\/lavamoquetas\/lavamoquetas-elite-silent\/","og_locale":"de_DE","og_type":"article","og_title":"LAVAMOQUETAS ELITE SILENT - C\u00d3DIGO: ZR0004 - Meprolim","og_description":"Lavadora silenciosa para alfombras y suelos enmoquetados de inyecci\u00f3n-extracci\u00f3n, indicada en grandes superficies.  Color de serie azul.  Lava, cepilla y seca en un ancho de 50 cm de moqueta.  Funcionamiento muy silencioso, 60 decibelios.  Puede regular la presi\u00f3n del cepillo, de la boquilla de aspiraci\u00f3n y la recogida de agua salpicada.  Motor de aspiraci\u00f3n de tres turbinas, con \u00f3ptimo secado.  F\u00e1cil sustituci\u00f3n del cepillo. Pat\u00edn con tres inyectores.  SKU: ZR0004","og_url":"https:\/\/meprolim.es\/producto\/maquinaria-de-limpieza\/lavamoquetas\/lavamoquetas-elite-silent\/","og_site_name":"Meprolim","article_modified_time":"2020-03-20T18:31:25+00:00","og_image":[{"width":768,"height":768,"url":"https:\/\/meprolim.es\/wp-content\/uploads\/2019\/08\/ZR0004.jpg","type":"image\/jpeg"}],"twitter_card":"summary_large_image","schema":{"@context":"https:\/\/schema.org","@graph":[{"@type":"WebPage","@id":"https:\/\/meprolim.es\/producto\/maquinaria-de-limpieza\/lavamoquetas\/lavamoquetas-elite-silent\/","url":"https:\/\/meprolim.es\/producto\/maquinaria-de-limpieza\/lavamoquetas\/lavamoquetas-elite-silent\/","name":"LAVAMOQUETAS ELITE SILENT - C\u00d3DIGO: ZR0004 - Meprolim","isPartOf":{"@id":"https:\/\/meprolim.es\/fr\/#website"},"primaryImageOfPage":{"@id":"https:\/\/meprolim.es\/producto\/maquinaria-de-limpieza\/lavamoquetas\/lavamoquetas-elite-silent\/#primaryimage"},"image":{"@id":"https:\/\/meprolim.es\/producto\/maquinaria-de-limpieza\/lavamoquetas\/lavamoquetas-elite-silent\/#primaryimage"},"thumbnailUrl":"https:\/\/meprolim.es\/wp-content\/uploads\/2019\/08\/ZR0004.jpg","datePublished":"2019-08-11T17:50:15+00:00","dateModified":"2020-03-20T18:31:25+00:00","breadcrumb":{"@id":"https:\/\/meprolim.es\/producto\/maquinaria-de-limpieza\/lavamoquetas\/lavamoquetas-elite-silent\/#breadcrumb"},"inLanguage":"de","potentialAction":[{"@type":"ReadAction","target":["https:\/\/meprolim.es\/producto\/maquinaria-de-limpieza\/lavamoquetas\/lavamoquetas-elite-silent\/"]}]},{"@type":"ImageObject","inLanguage":"de","@id":"https:\/\/meprolim.es\/producto\/maquinaria-de-limpieza\/lavamoquetas\/lavamoquetas-elite-silent\/#primaryimage","url":"https:\/\/meprolim.es\/wp-content\/uploads\/2019\/08\/ZR0004.jpg","contentUrl":"https:\/\/meprolim.es\/wp-content\/uploads\/2019\/08\/ZR0004.jpg","width":768,"height":768},{"@type":"BreadcrumbList","@id":"https:\/\/meprolim.es\/producto\/maquinaria-de-limpieza\/lavamoquetas\/lavamoquetas-elite-silent\/#breadcrumb","itemListElement":[{"@type":"ListItem","position":1,"name":"Portada","item":"https:\/\/meprolim.es\/de\/"},{"@type":"ListItem","position":2,"name":"Cat\u00e1logo","item":"https:\/\/meprolim.es\/de\/catalogo\/"},{"@type":"ListItem","position":3,"name":"LAVAMOQUETAS ELITE SILENT &#8211; C\u00d3DIGO: ZR0004"}]},{"@type":"WebSite","@id":"https:\/\/meprolim.es\/fr\/#website","url":"https:\/\/meprolim.es\/fr\/","name":"Meprolim","description":"Cavas Catalanas S.L.","publisher":{"@id":"https:\/\/meprolim.es\/fr\/#organization"},"potentialAction":[{"@type":"SearchAction","target":{"@type":"EntryPoint","urlTemplate":"https:\/\/meprolim.es\/fr\/?s={search_term_string}"},"query-input":{"@type":"PropertyValueSpecification","valueRequired":true,"valueName":"search_term_string"}}],"inLanguage":"de"},{"@type":"Organization","@id":"https:\/\/meprolim.es\/fr\/#organization","name":"Meprolim","url":"https:\/\/meprolim.es\/fr\/","logo":{"@type":"ImageObject","inLanguage":"de","@id":"https:\/\/meprolim.es\/fr\/#\/schema\/logo\/image\/","url":"https:\/\/meprolim.es\/wp-content\/uploads\/2019\/07\/cropped-logo2.png","contentUrl":"https:\/\/meprolim.es\/wp-content\/uploads\/2019\/07\/cropped-logo2.png","width":401,"height":162,"caption":"Meprolim"},"image":{"@id":"https:\/\/meprolim.es\/fr\/#\/schema\/logo\/image\/"}}]}},"_links":{"self":[{"href":"https:\/\/meprolim.es\/de\/wp-json\/wp\/v2\/product\/5588","targetHints":{"allow":["GET"]}}],"collection":[{"href":"https:\/\/meprolim.es\/de\/wp-json\/wp\/v2\/product"}],"about":[{"href":"https:\/\/meprolim.es\/de\/wp-json\/wp\/v2\/types\/product"}],"wp:featuredmedia":[{"embeddable":true,"href":"https:\/\/meprolim.es\/de\/wp-json\/wp\/v2\/media\/5589"}],"wp:attachment":[{"href":"https:\/\/meprolim.es\/de\/wp-json\/wp\/v2\/media?parent=5588"}],"wp:term":[{"taxonomy":"product_brand","embeddable":true,"href":"https:\/\/meprolim.es\/de\/wp-json\/wp\/v2\/product_brand?post=5588"},{"taxonomy":"product_cat","embeddable":true,"href":"https:\/\/meprolim.es\/de\/wp-json\/wp\/v2\/product_cat?post=5588"},{"taxonomy":"product_tag","embeddable":true,"href":"https:\/\/meprolim.es\/de\/wp-json\/wp\/v2\/product_tag?post=5588"}],"curies":[{"name":"wp","href":"https:\/\/api.w.org\/{rel}","templated":true}]}}