{"id":5638,"date":"2019-08-11T23:17:25","date_gmt":"2019-08-11T22:17:25","guid":{"rendered":"http:\/\/www.meprolim.es\/?post_type=product&#038;p=5638"},"modified":"2020-03-20T19:16:55","modified_gmt":"2020-03-20T19:16:55","slug":"fregadora-multiwash-440-travelator","status":"publish","type":"product","link":"https:\/\/meprolim.es\/de\/producto\/maquinaria-de-limpieza\/escaleras-mecanicas-de\/fregadora-multiwash-440-travelator\/","title":{"rendered":"FREGADORA MULTIWASH 440 TRAVELATOR &#8211; C\u00d3DIGO: DG0002"},"content":{"rendered":"<div class=\"wpb-content-wrapper\"><p>[vc_row][vc_column][vc_column_text]<\/p>\n<p>M\u00e1quinas de limpieza de pisos multiusos que lavan, trapear, fregar y secar tanto en el piso duro como en el blando revestimientos en una sola pasada.<\/p>\n<p>[\/vc_column_text][\/vc_column][\/vc_row]<\/p>\n<\/div>","protected":false},"excerpt":{"rendered":"<ul>\n<li>Mutilavado: lava, friega y seca en una sola pasada suelos duros o delicados.<\/li>\n<li>Silenciosa y f\u00e1cil de maniobrar en escaleras y suelos.<\/li>\n<li>Deja la superficie apta para su uso en minutos.<\/li>\n<li>Ideal para zonas de manipulaci\u00f3n alimentaria como hospitales, guarder\u00edas, escuelas, etc..<\/li>\n<li>Disponible en diferentes anchos de trabajo: 24, 34 y 44 cm.<\/li>\n<\/ul>\n<p><strong>SKU: DG0002<\/strong><\/p>\n","protected":false},"featured_media":5639,"template":"","meta":[],"product_brand":[],"product_cat":[2619,2580],"product_tag":[298,252],"class_list":{"0":"post-5638","1":"product","2":"type-product","3":"status-publish","4":"has-post-thumbnail","6":"product_cat-escaleras-mecanicas","7":"product_cat-maquinaria-de-limpieza","8":"product_tag-escaleras-mecanicas","9":"product_tag-maquinaria-de-limpieza","11":"first","12":"instock","13":"shipping-taxable","14":"product-type-simple"},"yoast_head":"<!-- This site is optimized with the Yoast SEO plugin v27.3 - https:\/\/yoast.com\/product\/yoast-seo-wordpress\/ -->\n<title>FREGADORA MULTIWASH 440 TRAVELATOR - C\u00d3DIGO: DG0002 - Meprolim<\/title>\n<meta name=\"robots\" content=\"index, follow, max-snippet:-1, max-image-preview:large, max-video-preview:-1\" \/>\n<link rel=\"canonical\" href=\"https:\/\/meprolim.es\/producto\/maquinaria-de-limpieza\/escaleras-mecanicas\/fregadora-multiwash-440-travelator\/\" \/>\n<meta property=\"og:locale\" content=\"de_DE\" \/>\n<meta property=\"og:type\" content=\"article\" \/>\n<meta property=\"og:title\" content=\"FREGADORA MULTIWASH 440 TRAVELATOR - C\u00d3DIGO: DG0002 - Meprolim\" \/>\n<meta property=\"og:description\" content=\"Mutilavado: lava, friega y seca en una sola pasada suelos duros o delicados.  Silenciosa y f\u00e1cil de maniobrar en escaleras y suelos.  Deja la superficie apta para su uso en minutos.  Ideal para zonas de manipulaci\u00f3n alimentaria como hospitales, guarder\u00edas, escuelas, etc..  Disponible en diferentes anchos de trabajo: 24, 34 y 44 cm.  SKU: DG0002\" \/>\n<meta property=\"og:url\" content=\"https:\/\/meprolim.es\/producto\/maquinaria-de-limpieza\/escaleras-mecanicas\/fregadora-multiwash-440-travelator\/\" \/>\n<meta property=\"og:site_name\" content=\"Meprolim\" \/>\n<meta property=\"article:modified_time\" content=\"2020-03-20T19:16:55+00:00\" \/>\n<meta property=\"og:image\" content=\"https:\/\/meprolim.es\/wp-content\/uploads\/2019\/08\/DG0002.jpg\" \/>\n\t<meta property=\"og:image:width\" content=\"768\" \/>\n\t<meta property=\"og:image:height\" content=\"768\" \/>\n\t<meta property=\"og:image:type\" content=\"image\/jpeg\" \/>\n<meta name=\"twitter:card\" content=\"summary_large_image\" \/>\n<script type=\"application\/ld+json\" class=\"yoast-schema-graph\">{\"@context\":\"https:\\\/\\\/schema.org\",\"@graph\":[{\"@type\":\"WebPage\",\"@id\":\"https:\\\/\\\/meprolim.es\\\/producto\\\/maquinaria-de-limpieza\\\/escaleras-mecanicas\\\/fregadora-multiwash-440-travelator\\\/\",\"url\":\"https:\\\/\\\/meprolim.es\\\/producto\\\/maquinaria-de-limpieza\\\/escaleras-mecanicas\\\/fregadora-multiwash-440-travelator\\\/\",\"name\":\"FREGADORA MULTIWASH 440 TRAVELATOR - C\u00d3DIGO: DG0002 - Meprolim\",\"isPartOf\":{\"@id\":\"https:\\\/\\\/meprolim.es\\\/fr\\\/#website\"},\"primaryImageOfPage\":{\"@id\":\"https:\\\/\\\/meprolim.es\\\/producto\\\/maquinaria-de-limpieza\\\/escaleras-mecanicas\\\/fregadora-multiwash-440-travelator\\\/#primaryimage\"},\"image\":{\"@id\":\"https:\\\/\\\/meprolim.es\\\/producto\\\/maquinaria-de-limpieza\\\/escaleras-mecanicas\\\/fregadora-multiwash-440-travelator\\\/#primaryimage\"},\"thumbnailUrl\":\"https:\\\/\\\/meprolim.es\\\/wp-content\\\/uploads\\\/2019\\\/08\\\/DG0002.jpg\",\"datePublished\":\"2019-08-11T22:17:25+00:00\",\"dateModified\":\"2020-03-20T19:16:55+00:00\",\"breadcrumb\":{\"@id\":\"https:\\\/\\\/meprolim.es\\\/producto\\\/maquinaria-de-limpieza\\\/escaleras-mecanicas\\\/fregadora-multiwash-440-travelator\\\/#breadcrumb\"},\"inLanguage\":\"de\",\"potentialAction\":[{\"@type\":\"ReadAction\",\"target\":[\"https:\\\/\\\/meprolim.es\\\/producto\\\/maquinaria-de-limpieza\\\/escaleras-mecanicas\\\/fregadora-multiwash-440-travelator\\\/\"]}]},{\"@type\":\"ImageObject\",\"inLanguage\":\"de\",\"@id\":\"https:\\\/\\\/meprolim.es\\\/producto\\\/maquinaria-de-limpieza\\\/escaleras-mecanicas\\\/fregadora-multiwash-440-travelator\\\/#primaryimage\",\"url\":\"https:\\\/\\\/meprolim.es\\\/wp-content\\\/uploads\\\/2019\\\/08\\\/DG0002.jpg\",\"contentUrl\":\"https:\\\/\\\/meprolim.es\\\/wp-content\\\/uploads\\\/2019\\\/08\\\/DG0002.jpg\",\"width\":768,\"height\":768},{\"@type\":\"BreadcrumbList\",\"@id\":\"https:\\\/\\\/meprolim.es\\\/producto\\\/maquinaria-de-limpieza\\\/escaleras-mecanicas\\\/fregadora-multiwash-440-travelator\\\/#breadcrumb\",\"itemListElement\":[{\"@type\":\"ListItem\",\"position\":1,\"name\":\"Portada\",\"item\":\"https:\\\/\\\/meprolim.es\\\/de\\\/\"},{\"@type\":\"ListItem\",\"position\":2,\"name\":\"Cat\u00e1logo\",\"item\":\"https:\\\/\\\/meprolim.es\\\/de\\\/catalogo\\\/\"},{\"@type\":\"ListItem\",\"position\":3,\"name\":\"FREGADORA MULTIWASH 440 TRAVELATOR &#8211; C\u00d3DIGO: DG0002\"}]},{\"@type\":\"WebSite\",\"@id\":\"https:\\\/\\\/meprolim.es\\\/fr\\\/#website\",\"url\":\"https:\\\/\\\/meprolim.es\\\/fr\\\/\",\"name\":\"Meprolim\",\"description\":\"Cavas Catalanas S.L.\",\"publisher\":{\"@id\":\"https:\\\/\\\/meprolim.es\\\/fr\\\/#organization\"},\"potentialAction\":[{\"@type\":\"SearchAction\",\"target\":{\"@type\":\"EntryPoint\",\"urlTemplate\":\"https:\\\/\\\/meprolim.es\\\/fr\\\/?s={search_term_string}\"},\"query-input\":{\"@type\":\"PropertyValueSpecification\",\"valueRequired\":true,\"valueName\":\"search_term_string\"}}],\"inLanguage\":\"de\"},{\"@type\":\"Organization\",\"@id\":\"https:\\\/\\\/meprolim.es\\\/fr\\\/#organization\",\"name\":\"Meprolim\",\"url\":\"https:\\\/\\\/meprolim.es\\\/fr\\\/\",\"logo\":{\"@type\":\"ImageObject\",\"inLanguage\":\"de\",\"@id\":\"https:\\\/\\\/meprolim.es\\\/fr\\\/#\\\/schema\\\/logo\\\/image\\\/\",\"url\":\"https:\\\/\\\/meprolim.es\\\/wp-content\\\/uploads\\\/2019\\\/07\\\/cropped-logo2.png\",\"contentUrl\":\"https:\\\/\\\/meprolim.es\\\/wp-content\\\/uploads\\\/2019\\\/07\\\/cropped-logo2.png\",\"width\":401,\"height\":162,\"caption\":\"Meprolim\"},\"image\":{\"@id\":\"https:\\\/\\\/meprolim.es\\\/fr\\\/#\\\/schema\\\/logo\\\/image\\\/\"}}]}<\/script>\n<!-- \/ Yoast SEO plugin. -->","yoast_head_json":{"title":"FREGADORA MULTIWASH 440 TRAVELATOR - C\u00d3DIGO: DG0002 - Meprolim","robots":{"index":"index","follow":"follow","max-snippet":"max-snippet:-1","max-image-preview":"max-image-preview:large","max-video-preview":"max-video-preview:-1"},"canonical":"https:\/\/meprolim.es\/producto\/maquinaria-de-limpieza\/escaleras-mecanicas\/fregadora-multiwash-440-travelator\/","og_locale":"de_DE","og_type":"article","og_title":"FREGADORA MULTIWASH 440 TRAVELATOR - C\u00d3DIGO: DG0002 - Meprolim","og_description":"Mutilavado: lava, friega y seca en una sola pasada suelos duros o delicados.  Silenciosa y f\u00e1cil de maniobrar en escaleras y suelos.  Deja la superficie apta para su uso en minutos.  Ideal para zonas de manipulaci\u00f3n alimentaria como hospitales, guarder\u00edas, escuelas, etc..  Disponible en diferentes anchos de trabajo: 24, 34 y 44 cm.  SKU: DG0002","og_url":"https:\/\/meprolim.es\/producto\/maquinaria-de-limpieza\/escaleras-mecanicas\/fregadora-multiwash-440-travelator\/","og_site_name":"Meprolim","article_modified_time":"2020-03-20T19:16:55+00:00","og_image":[{"width":768,"height":768,"url":"https:\/\/meprolim.es\/wp-content\/uploads\/2019\/08\/DG0002.jpg","type":"image\/jpeg"}],"twitter_card":"summary_large_image","schema":{"@context":"https:\/\/schema.org","@graph":[{"@type":"WebPage","@id":"https:\/\/meprolim.es\/producto\/maquinaria-de-limpieza\/escaleras-mecanicas\/fregadora-multiwash-440-travelator\/","url":"https:\/\/meprolim.es\/producto\/maquinaria-de-limpieza\/escaleras-mecanicas\/fregadora-multiwash-440-travelator\/","name":"FREGADORA MULTIWASH 440 TRAVELATOR - C\u00d3DIGO: DG0002 - Meprolim","isPartOf":{"@id":"https:\/\/meprolim.es\/fr\/#website"},"primaryImageOfPage":{"@id":"https:\/\/meprolim.es\/producto\/maquinaria-de-limpieza\/escaleras-mecanicas\/fregadora-multiwash-440-travelator\/#primaryimage"},"image":{"@id":"https:\/\/meprolim.es\/producto\/maquinaria-de-limpieza\/escaleras-mecanicas\/fregadora-multiwash-440-travelator\/#primaryimage"},"thumbnailUrl":"https:\/\/meprolim.es\/wp-content\/uploads\/2019\/08\/DG0002.jpg","datePublished":"2019-08-11T22:17:25+00:00","dateModified":"2020-03-20T19:16:55+00:00","breadcrumb":{"@id":"https:\/\/meprolim.es\/producto\/maquinaria-de-limpieza\/escaleras-mecanicas\/fregadora-multiwash-440-travelator\/#breadcrumb"},"inLanguage":"de","potentialAction":[{"@type":"ReadAction","target":["https:\/\/meprolim.es\/producto\/maquinaria-de-limpieza\/escaleras-mecanicas\/fregadora-multiwash-440-travelator\/"]}]},{"@type":"ImageObject","inLanguage":"de","@id":"https:\/\/meprolim.es\/producto\/maquinaria-de-limpieza\/escaleras-mecanicas\/fregadora-multiwash-440-travelator\/#primaryimage","url":"https:\/\/meprolim.es\/wp-content\/uploads\/2019\/08\/DG0002.jpg","contentUrl":"https:\/\/meprolim.es\/wp-content\/uploads\/2019\/08\/DG0002.jpg","width":768,"height":768},{"@type":"BreadcrumbList","@id":"https:\/\/meprolim.es\/producto\/maquinaria-de-limpieza\/escaleras-mecanicas\/fregadora-multiwash-440-travelator\/#breadcrumb","itemListElement":[{"@type":"ListItem","position":1,"name":"Portada","item":"https:\/\/meprolim.es\/de\/"},{"@type":"ListItem","position":2,"name":"Cat\u00e1logo","item":"https:\/\/meprolim.es\/de\/catalogo\/"},{"@type":"ListItem","position":3,"name":"FREGADORA MULTIWASH 440 TRAVELATOR &#8211; C\u00d3DIGO: DG0002"}]},{"@type":"WebSite","@id":"https:\/\/meprolim.es\/fr\/#website","url":"https:\/\/meprolim.es\/fr\/","name":"Meprolim","description":"Cavas Catalanas S.L.","publisher":{"@id":"https:\/\/meprolim.es\/fr\/#organization"},"potentialAction":[{"@type":"SearchAction","target":{"@type":"EntryPoint","urlTemplate":"https:\/\/meprolim.es\/fr\/?s={search_term_string}"},"query-input":{"@type":"PropertyValueSpecification","valueRequired":true,"valueName":"search_term_string"}}],"inLanguage":"de"},{"@type":"Organization","@id":"https:\/\/meprolim.es\/fr\/#organization","name":"Meprolim","url":"https:\/\/meprolim.es\/fr\/","logo":{"@type":"ImageObject","inLanguage":"de","@id":"https:\/\/meprolim.es\/fr\/#\/schema\/logo\/image\/","url":"https:\/\/meprolim.es\/wp-content\/uploads\/2019\/07\/cropped-logo2.png","contentUrl":"https:\/\/meprolim.es\/wp-content\/uploads\/2019\/07\/cropped-logo2.png","width":401,"height":162,"caption":"Meprolim"},"image":{"@id":"https:\/\/meprolim.es\/fr\/#\/schema\/logo\/image\/"}}]}},"_links":{"self":[{"href":"https:\/\/meprolim.es\/de\/wp-json\/wp\/v2\/product\/5638","targetHints":{"allow":["GET"]}}],"collection":[{"href":"https:\/\/meprolim.es\/de\/wp-json\/wp\/v2\/product"}],"about":[{"href":"https:\/\/meprolim.es\/de\/wp-json\/wp\/v2\/types\/product"}],"wp:featuredmedia":[{"embeddable":true,"href":"https:\/\/meprolim.es\/de\/wp-json\/wp\/v2\/media\/5639"}],"wp:attachment":[{"href":"https:\/\/meprolim.es\/de\/wp-json\/wp\/v2\/media?parent=5638"}],"wp:term":[{"taxonomy":"product_brand","embeddable":true,"href":"https:\/\/meprolim.es\/de\/wp-json\/wp\/v2\/product_brand?post=5638"},{"taxonomy":"product_cat","embeddable":true,"href":"https:\/\/meprolim.es\/de\/wp-json\/wp\/v2\/product_cat?post=5638"},{"taxonomy":"product_tag","embeddable":true,"href":"https:\/\/meprolim.es\/de\/wp-json\/wp\/v2\/product_tag?post=5638"}],"curies":[{"name":"wp","href":"https:\/\/api.w.org\/{rel}","templated":true}]}}