{"id":5663,"date":"2019-08-12T12:34:45","date_gmt":"2019-08-12T11:34:45","guid":{"rendered":"http:\/\/www.meprolim.es\/?post_type=product&#038;p=5663"},"modified":"2020-09-08T10:33:50","modified_gmt":"2020-09-08T09:33:50","slug":"sanificadora-comac-sanex","status":"publish","type":"product","link":"https:\/\/meprolim.es\/de\/producto\/maquinaria-de-limpieza\/desinfeccion-integral-de\/sanificadora-comac-sanex\/","title":{"rendered":"SANIFICADORA COMAC SANEX &#8211; C\u00d3DIGO: ZZ0003"},"content":{"rendered":"<div class=\"wpb-content-wrapper\"><p>[vc_row][vc_column][vc_column_text]<\/p>\n<p style=\"text-align: justify;\">Aparato que va destinado a pulverizar en sitios cerrados productos saneadores y desodorantes.\u00a0<\/p>\n<p style=\"text-align: justify;\">SANEX es un equipo ligero y f\u00e1cilmente transportable, equipado de cable el\u00e9ctrico de 8 metros. Se suministran los detergentes de forma apta para garantizar una permanencia de larga duraci\u00f3n y amplia difusi\u00f3n del producto en el aire del sitio tratado, con el fin de alcanzar y sanear todas las superficies del sitio mismo.\u00a0<\/p>\n<p>[\/vc_column_text][\/vc_column][\/vc_row]<\/p>\n<\/div>","protected":false},"excerpt":{"rendered":"<ul>\n<li>M\u00e1quina saneadora y desodorante, destinada a pulverizar en sitios cerrados.<\/li>\n<li>Ligera y f\u00e1cilmente transportable, con cable de 8 m.<\/li>\n<li>Emite part\u00edculas de 8 micr\u00f3n de di\u00e1metro aproximado.<\/li>\n<li>En un minuto suministra unos 30 gramos de producto.<\/li>\n<li>Indicada en el saneamiento de conductos de aire acondicionado en instalaciones y autom\u00f3viles.<\/li>\n<\/ul>\n<p><a href=\"https:\/\/www.youtube.com\/watch?v=8DZhdG8-3WY\"><strong><img decoding=\"async\" class=\"alignnone  wp-image-21251\" src=\"https:\/\/meprolim.es\/wp-content\/uploads\/2020\/06\/logo-video.jpg\" alt=\"\" width=\"69\" height=\"69\" srcset=\"https:\/\/meprolim.es\/wp-content\/uploads\/2020\/06\/logo-video.jpg 256w, https:\/\/meprolim.es\/wp-content\/uploads\/2020\/06\/logo-video-100x100.jpg 100w, https:\/\/meprolim.es\/wp-content\/uploads\/2020\/06\/logo-video-150x150.jpg 150w\" sizes=\"(max-width: 69px) 100vw, 69px\" \/><\/strong><\/a><\/p>\n<p><strong>SKU: ZZ0003<\/strong><\/p>\n","protected":false},"featured_media":5665,"template":"","meta":[],"product_brand":[],"product_cat":[2617,2580],"product_tag":[306,252],"class_list":{"0":"post-5663","1":"product","2":"type-product","3":"status-publish","4":"has-post-thumbnail","6":"product_cat-desinfeccion-integral","7":"product_cat-maquinaria-de-limpieza","8":"product_tag-desinfeccion-integral","9":"product_tag-maquinaria-de-limpieza","11":"first","12":"instock","13":"shipping-taxable","14":"product-type-simple"},"yoast_head":"<!-- This site is optimized with the Yoast SEO plugin v27.3 - https:\/\/yoast.com\/product\/yoast-seo-wordpress\/ -->\n<title>SANIFICADORA COMAC SANEX - C\u00d3DIGO: ZZ0003 - Meprolim<\/title>\n<meta name=\"robots\" content=\"index, follow, max-snippet:-1, max-image-preview:large, max-video-preview:-1\" \/>\n<link rel=\"canonical\" href=\"https:\/\/meprolim.es\/en\/producto\/maquinaria-de-limpieza\/desinfeccion-integral\/sanificadora-comac-sanex\/\" \/>\n<meta property=\"og:locale\" content=\"de_DE\" \/>\n<meta property=\"og:type\" content=\"article\" \/>\n<meta property=\"og:title\" content=\"SANIFICADORA COMAC SANEX - C\u00d3DIGO: ZZ0003 - Meprolim\" \/>\n<meta property=\"og:description\" content=\"M\u00e1quina saneadora y desodorante, destinada a pulverizar en sitios cerrados.  Ligera y f\u00e1cilmente transportable, con cable de 8 m.  Emite part\u00edculas de 8 micr\u00f3n de di\u00e1metro aproximado.  En un minuto suministra unos 30 gramos de producto.  Indicada en el saneamiento de conductos de aire acondicionado en instalaciones y autom\u00f3viles.   SKU: ZZ0003\" \/>\n<meta property=\"og:url\" content=\"https:\/\/meprolim.es\/en\/producto\/maquinaria-de-limpieza\/desinfeccion-integral\/sanificadora-comac-sanex\/\" \/>\n<meta property=\"og:site_name\" content=\"Meprolim\" \/>\n<meta property=\"article:modified_time\" content=\"2020-09-08T09:33:50+00:00\" \/>\n<meta property=\"og:image\" content=\"https:\/\/meprolim.es\/wp-content\/uploads\/2019\/08\/ZZ0003.jpg\" \/>\n\t<meta property=\"og:image:width\" content=\"768\" \/>\n\t<meta property=\"og:image:height\" content=\"768\" \/>\n\t<meta property=\"og:image:type\" content=\"image\/jpeg\" \/>\n<meta name=\"twitter:card\" content=\"summary_large_image\" \/>\n<script type=\"application\/ld+json\" class=\"yoast-schema-graph\">{\"@context\":\"https:\\\/\\\/schema.org\",\"@graph\":[{\"@type\":\"WebPage\",\"@id\":\"https:\\\/\\\/meprolim.es\\\/en\\\/producto\\\/maquinaria-de-limpieza\\\/desinfeccion-integral\\\/sanificadora-comac-sanex\\\/\",\"url\":\"https:\\\/\\\/meprolim.es\\\/en\\\/producto\\\/maquinaria-de-limpieza\\\/desinfeccion-integral\\\/sanificadora-comac-sanex\\\/\",\"name\":\"SANIFICADORA COMAC SANEX - C\u00d3DIGO: ZZ0003 - Meprolim\",\"isPartOf\":{\"@id\":\"https:\\\/\\\/meprolim.es\\\/fr\\\/#website\"},\"primaryImageOfPage\":{\"@id\":\"https:\\\/\\\/meprolim.es\\\/en\\\/producto\\\/maquinaria-de-limpieza\\\/desinfeccion-integral\\\/sanificadora-comac-sanex\\\/#primaryimage\"},\"image\":{\"@id\":\"https:\\\/\\\/meprolim.es\\\/en\\\/producto\\\/maquinaria-de-limpieza\\\/desinfeccion-integral\\\/sanificadora-comac-sanex\\\/#primaryimage\"},\"thumbnailUrl\":\"https:\\\/\\\/meprolim.es\\\/wp-content\\\/uploads\\\/2019\\\/08\\\/ZZ0003.jpg\",\"datePublished\":\"2019-08-12T11:34:45+00:00\",\"dateModified\":\"2020-09-08T09:33:50+00:00\",\"breadcrumb\":{\"@id\":\"https:\\\/\\\/meprolim.es\\\/en\\\/producto\\\/maquinaria-de-limpieza\\\/desinfeccion-integral\\\/sanificadora-comac-sanex\\\/#breadcrumb\"},\"inLanguage\":\"de\",\"potentialAction\":[{\"@type\":\"ReadAction\",\"target\":[\"https:\\\/\\\/meprolim.es\\\/en\\\/producto\\\/maquinaria-de-limpieza\\\/desinfeccion-integral\\\/sanificadora-comac-sanex\\\/\"]}]},{\"@type\":\"ImageObject\",\"inLanguage\":\"de\",\"@id\":\"https:\\\/\\\/meprolim.es\\\/en\\\/producto\\\/maquinaria-de-limpieza\\\/desinfeccion-integral\\\/sanificadora-comac-sanex\\\/#primaryimage\",\"url\":\"https:\\\/\\\/meprolim.es\\\/wp-content\\\/uploads\\\/2019\\\/08\\\/ZZ0003.jpg\",\"contentUrl\":\"https:\\\/\\\/meprolim.es\\\/wp-content\\\/uploads\\\/2019\\\/08\\\/ZZ0003.jpg\",\"width\":768,\"height\":768},{\"@type\":\"BreadcrumbList\",\"@id\":\"https:\\\/\\\/meprolim.es\\\/en\\\/producto\\\/maquinaria-de-limpieza\\\/desinfeccion-integral\\\/sanificadora-comac-sanex\\\/#breadcrumb\",\"itemListElement\":[{\"@type\":\"ListItem\",\"position\":1,\"name\":\"Portada\",\"item\":\"https:\\\/\\\/meprolim.es\\\/de\\\/\"},{\"@type\":\"ListItem\",\"position\":2,\"name\":\"Cat\u00e1logo\",\"item\":\"https:\\\/\\\/meprolim.es\\\/de\\\/catalogo\\\/\"},{\"@type\":\"ListItem\",\"position\":3,\"name\":\"SANIFICADORA COMAC SANEX &#8211; C\u00d3DIGO: ZZ0003\"}]},{\"@type\":\"WebSite\",\"@id\":\"https:\\\/\\\/meprolim.es\\\/fr\\\/#website\",\"url\":\"https:\\\/\\\/meprolim.es\\\/fr\\\/\",\"name\":\"Meprolim\",\"description\":\"Cavas Catalanas S.L.\",\"publisher\":{\"@id\":\"https:\\\/\\\/meprolim.es\\\/fr\\\/#organization\"},\"potentialAction\":[{\"@type\":\"SearchAction\",\"target\":{\"@type\":\"EntryPoint\",\"urlTemplate\":\"https:\\\/\\\/meprolim.es\\\/fr\\\/?s={search_term_string}\"},\"query-input\":{\"@type\":\"PropertyValueSpecification\",\"valueRequired\":true,\"valueName\":\"search_term_string\"}}],\"inLanguage\":\"de\"},{\"@type\":\"Organization\",\"@id\":\"https:\\\/\\\/meprolim.es\\\/fr\\\/#organization\",\"name\":\"Meprolim\",\"url\":\"https:\\\/\\\/meprolim.es\\\/fr\\\/\",\"logo\":{\"@type\":\"ImageObject\",\"inLanguage\":\"de\",\"@id\":\"https:\\\/\\\/meprolim.es\\\/fr\\\/#\\\/schema\\\/logo\\\/image\\\/\",\"url\":\"https:\\\/\\\/meprolim.es\\\/wp-content\\\/uploads\\\/2019\\\/07\\\/cropped-logo2.png\",\"contentUrl\":\"https:\\\/\\\/meprolim.es\\\/wp-content\\\/uploads\\\/2019\\\/07\\\/cropped-logo2.png\",\"width\":401,\"height\":162,\"caption\":\"Meprolim\"},\"image\":{\"@id\":\"https:\\\/\\\/meprolim.es\\\/fr\\\/#\\\/schema\\\/logo\\\/image\\\/\"}}]}<\/script>\n<!-- \/ Yoast SEO plugin. -->","yoast_head_json":{"title":"SANIFICADORA COMAC SANEX - C\u00d3DIGO: ZZ0003 - Meprolim","robots":{"index":"index","follow":"follow","max-snippet":"max-snippet:-1","max-image-preview":"max-image-preview:large","max-video-preview":"max-video-preview:-1"},"canonical":"https:\/\/meprolim.es\/en\/producto\/maquinaria-de-limpieza\/desinfeccion-integral\/sanificadora-comac-sanex\/","og_locale":"de_DE","og_type":"article","og_title":"SANIFICADORA COMAC SANEX - C\u00d3DIGO: ZZ0003 - Meprolim","og_description":"M\u00e1quina saneadora y desodorante, destinada a pulverizar en sitios cerrados.  Ligera y f\u00e1cilmente transportable, con cable de 8 m.  Emite part\u00edculas de 8 micr\u00f3n de di\u00e1metro aproximado.  En un minuto suministra unos 30 gramos de producto.  Indicada en el saneamiento de conductos de aire acondicionado en instalaciones y autom\u00f3viles.   SKU: ZZ0003","og_url":"https:\/\/meprolim.es\/en\/producto\/maquinaria-de-limpieza\/desinfeccion-integral\/sanificadora-comac-sanex\/","og_site_name":"Meprolim","article_modified_time":"2020-09-08T09:33:50+00:00","og_image":[{"width":768,"height":768,"url":"https:\/\/meprolim.es\/wp-content\/uploads\/2019\/08\/ZZ0003.jpg","type":"image\/jpeg"}],"twitter_card":"summary_large_image","schema":{"@context":"https:\/\/schema.org","@graph":[{"@type":"WebPage","@id":"https:\/\/meprolim.es\/en\/producto\/maquinaria-de-limpieza\/desinfeccion-integral\/sanificadora-comac-sanex\/","url":"https:\/\/meprolim.es\/en\/producto\/maquinaria-de-limpieza\/desinfeccion-integral\/sanificadora-comac-sanex\/","name":"SANIFICADORA COMAC SANEX - C\u00d3DIGO: ZZ0003 - Meprolim","isPartOf":{"@id":"https:\/\/meprolim.es\/fr\/#website"},"primaryImageOfPage":{"@id":"https:\/\/meprolim.es\/en\/producto\/maquinaria-de-limpieza\/desinfeccion-integral\/sanificadora-comac-sanex\/#primaryimage"},"image":{"@id":"https:\/\/meprolim.es\/en\/producto\/maquinaria-de-limpieza\/desinfeccion-integral\/sanificadora-comac-sanex\/#primaryimage"},"thumbnailUrl":"https:\/\/meprolim.es\/wp-content\/uploads\/2019\/08\/ZZ0003.jpg","datePublished":"2019-08-12T11:34:45+00:00","dateModified":"2020-09-08T09:33:50+00:00","breadcrumb":{"@id":"https:\/\/meprolim.es\/en\/producto\/maquinaria-de-limpieza\/desinfeccion-integral\/sanificadora-comac-sanex\/#breadcrumb"},"inLanguage":"de","potentialAction":[{"@type":"ReadAction","target":["https:\/\/meprolim.es\/en\/producto\/maquinaria-de-limpieza\/desinfeccion-integral\/sanificadora-comac-sanex\/"]}]},{"@type":"ImageObject","inLanguage":"de","@id":"https:\/\/meprolim.es\/en\/producto\/maquinaria-de-limpieza\/desinfeccion-integral\/sanificadora-comac-sanex\/#primaryimage","url":"https:\/\/meprolim.es\/wp-content\/uploads\/2019\/08\/ZZ0003.jpg","contentUrl":"https:\/\/meprolim.es\/wp-content\/uploads\/2019\/08\/ZZ0003.jpg","width":768,"height":768},{"@type":"BreadcrumbList","@id":"https:\/\/meprolim.es\/en\/producto\/maquinaria-de-limpieza\/desinfeccion-integral\/sanificadora-comac-sanex\/#breadcrumb","itemListElement":[{"@type":"ListItem","position":1,"name":"Portada","item":"https:\/\/meprolim.es\/de\/"},{"@type":"ListItem","position":2,"name":"Cat\u00e1logo","item":"https:\/\/meprolim.es\/de\/catalogo\/"},{"@type":"ListItem","position":3,"name":"SANIFICADORA COMAC SANEX &#8211; C\u00d3DIGO: ZZ0003"}]},{"@type":"WebSite","@id":"https:\/\/meprolim.es\/fr\/#website","url":"https:\/\/meprolim.es\/fr\/","name":"Meprolim","description":"Cavas Catalanas S.L.","publisher":{"@id":"https:\/\/meprolim.es\/fr\/#organization"},"potentialAction":[{"@type":"SearchAction","target":{"@type":"EntryPoint","urlTemplate":"https:\/\/meprolim.es\/fr\/?s={search_term_string}"},"query-input":{"@type":"PropertyValueSpecification","valueRequired":true,"valueName":"search_term_string"}}],"inLanguage":"de"},{"@type":"Organization","@id":"https:\/\/meprolim.es\/fr\/#organization","name":"Meprolim","url":"https:\/\/meprolim.es\/fr\/","logo":{"@type":"ImageObject","inLanguage":"de","@id":"https:\/\/meprolim.es\/fr\/#\/schema\/logo\/image\/","url":"https:\/\/meprolim.es\/wp-content\/uploads\/2019\/07\/cropped-logo2.png","contentUrl":"https:\/\/meprolim.es\/wp-content\/uploads\/2019\/07\/cropped-logo2.png","width":401,"height":162,"caption":"Meprolim"},"image":{"@id":"https:\/\/meprolim.es\/fr\/#\/schema\/logo\/image\/"}}]}},"_links":{"self":[{"href":"https:\/\/meprolim.es\/de\/wp-json\/wp\/v2\/product\/5663","targetHints":{"allow":["GET"]}}],"collection":[{"href":"https:\/\/meprolim.es\/de\/wp-json\/wp\/v2\/product"}],"about":[{"href":"https:\/\/meprolim.es\/de\/wp-json\/wp\/v2\/types\/product"}],"wp:featuredmedia":[{"embeddable":true,"href":"https:\/\/meprolim.es\/de\/wp-json\/wp\/v2\/media\/5665"}],"wp:attachment":[{"href":"https:\/\/meprolim.es\/de\/wp-json\/wp\/v2\/media?parent=5663"}],"wp:term":[{"taxonomy":"product_brand","embeddable":true,"href":"https:\/\/meprolim.es\/de\/wp-json\/wp\/v2\/product_brand?post=5663"},{"taxonomy":"product_cat","embeddable":true,"href":"https:\/\/meprolim.es\/de\/wp-json\/wp\/v2\/product_cat?post=5663"},{"taxonomy":"product_tag","embeddable":true,"href":"https:\/\/meprolim.es\/de\/wp-json\/wp\/v2\/product_tag?post=5663"}],"curies":[{"name":"wp","href":"https:\/\/api.w.org\/{rel}","templated":true}]}}