{"id":5706,"date":"2019-08-12T15:11:52","date_gmt":"2019-08-12T14:11:52","guid":{"rendered":"http:\/\/www.meprolim.es\/?post_type=product&#038;p=5706"},"modified":"2020-03-20T18:57:08","modified_gmt":"2020-03-20T18:57:08","slug":"pulidora-vertika-150-mm","status":"publish","type":"product","link":"https:\/\/meprolim.es\/de\/producto\/maquinaria-de-limpieza\/pulidoras-profesionales-de\/verticales-de\/pulidora-vertika-150-mm\/","title":{"rendered":"PULIDORA VERTIKA 150 MM &#8211; C\u00d3DIGO: ZY0006"},"content":{"rendered":"<div class=\"wpb-content-wrapper\"><p>[vc_row][vc_column][vc_column_text]<\/p>\n<p style=\"text-align: justify;\">Pulidora- abrillantadora de paredes y superficies verticales con aspiraci\u00f3n de fangos.<\/p>\n<p>[\/vc_column_text][\/vc_column][\/vc_row]<\/p>\n<\/div>","protected":false},"excerpt":{"rendered":"<ul>\n<li>VERTIKA es la \u00fanica m\u00e1quina en el mundo para alisar y lustrar superficies verticales.<\/li>\n<li>Id\u00f3nea para lustrar columnas, escaleras, aseos, cocinas, mostradores, ventanas, etc.<\/li>\n<li>Dotada de un potente motor hidr\u00e1ulico de 3 HP, puede lustrar en seco o en agua.<\/li>\n<li>Velocidad variable de 0 a 1.000 rpm.<\/li>\n<li>Gracias a su aspiraci\u00f3n incorporada trabaja sin ensuciar.<\/li>\n<\/ul>\n<p><strong>SKU: ZY0006<\/strong><\/p>\n","protected":false},"featured_media":5707,"template":"","meta":[],"product_brand":[],"product_cat":[2580,2609,2614],"product_tag":[252,315],"class_list":{"0":"post-5706","1":"product","2":"type-product","3":"status-publish","4":"has-post-thumbnail","6":"product_cat-maquinaria-de-limpieza","7":"product_cat-pulidoras-profesionales","8":"product_cat-verticales","9":"product_tag-maquinaria-de-limpieza","10":"product_tag-pulidoras","12":"first","13":"instock","14":"shipping-taxable","15":"product-type-simple"},"yoast_head":"<!-- This site is optimized with the Yoast SEO plugin v27.3 - https:\/\/yoast.com\/product\/yoast-seo-wordpress\/ -->\n<title>PULIDORA VERTIKA 150 MM - C\u00d3DIGO: ZY0006 - Meprolim<\/title>\n<meta name=\"robots\" content=\"index, follow, max-snippet:-1, max-image-preview:large, max-video-preview:-1\" \/>\n<link rel=\"canonical\" href=\"https:\/\/meprolim.es\/producto\/maquinaria-de-limpieza\/pulidoras-profesionales\/verticales\/pulidora-vertika-150-mm\/\" \/>\n<meta property=\"og:locale\" content=\"de_DE\" \/>\n<meta property=\"og:type\" content=\"article\" \/>\n<meta property=\"og:title\" content=\"PULIDORA VERTIKA 150 MM - C\u00d3DIGO: ZY0006 - Meprolim\" \/>\n<meta property=\"og:description\" content=\"VERTIKA es la \u00fanica m\u00e1quina en el mundo para alisar y lustrar superficies verticales.  Id\u00f3nea para lustrar columnas, escaleras, aseos, cocinas, mostradores, ventanas, etc.  Dotada de un potente motor hidr\u00e1ulico de 3 HP, puede lustrar en seco o en agua.  Velocidad variable de 0 a 1.000 rpm.  Gracias a su aspiraci\u00f3n incorporada trabaja sin ensuciar.  SKU: ZY0006\" \/>\n<meta property=\"og:url\" content=\"https:\/\/meprolim.es\/producto\/maquinaria-de-limpieza\/pulidoras-profesionales\/verticales\/pulidora-vertika-150-mm\/\" \/>\n<meta property=\"og:site_name\" content=\"Meprolim\" \/>\n<meta property=\"article:modified_time\" content=\"2020-03-20T18:57:08+00:00\" \/>\n<meta property=\"og:image\" content=\"https:\/\/meprolim.es\/wp-content\/uploads\/2019\/08\/ZY0006.jpg\" \/>\n\t<meta property=\"og:image:width\" content=\"768\" \/>\n\t<meta property=\"og:image:height\" content=\"768\" \/>\n\t<meta property=\"og:image:type\" content=\"image\/jpeg\" \/>\n<meta name=\"twitter:card\" content=\"summary_large_image\" \/>\n<script type=\"application\/ld+json\" class=\"yoast-schema-graph\">{\"@context\":\"https:\\\/\\\/schema.org\",\"@graph\":[{\"@type\":\"WebPage\",\"@id\":\"https:\\\/\\\/meprolim.es\\\/producto\\\/maquinaria-de-limpieza\\\/pulidoras-profesionales\\\/verticales\\\/pulidora-vertika-150-mm\\\/\",\"url\":\"https:\\\/\\\/meprolim.es\\\/producto\\\/maquinaria-de-limpieza\\\/pulidoras-profesionales\\\/verticales\\\/pulidora-vertika-150-mm\\\/\",\"name\":\"PULIDORA VERTIKA 150 MM - C\u00d3DIGO: ZY0006 - Meprolim\",\"isPartOf\":{\"@id\":\"https:\\\/\\\/meprolim.es\\\/fr\\\/#website\"},\"primaryImageOfPage\":{\"@id\":\"https:\\\/\\\/meprolim.es\\\/producto\\\/maquinaria-de-limpieza\\\/pulidoras-profesionales\\\/verticales\\\/pulidora-vertika-150-mm\\\/#primaryimage\"},\"image\":{\"@id\":\"https:\\\/\\\/meprolim.es\\\/producto\\\/maquinaria-de-limpieza\\\/pulidoras-profesionales\\\/verticales\\\/pulidora-vertika-150-mm\\\/#primaryimage\"},\"thumbnailUrl\":\"https:\\\/\\\/meprolim.es\\\/wp-content\\\/uploads\\\/2019\\\/08\\\/ZY0006.jpg\",\"datePublished\":\"2019-08-12T14:11:52+00:00\",\"dateModified\":\"2020-03-20T18:57:08+00:00\",\"breadcrumb\":{\"@id\":\"https:\\\/\\\/meprolim.es\\\/producto\\\/maquinaria-de-limpieza\\\/pulidoras-profesionales\\\/verticales\\\/pulidora-vertika-150-mm\\\/#breadcrumb\"},\"inLanguage\":\"de\",\"potentialAction\":[{\"@type\":\"ReadAction\",\"target\":[\"https:\\\/\\\/meprolim.es\\\/producto\\\/maquinaria-de-limpieza\\\/pulidoras-profesionales\\\/verticales\\\/pulidora-vertika-150-mm\\\/\"]}]},{\"@type\":\"ImageObject\",\"inLanguage\":\"de\",\"@id\":\"https:\\\/\\\/meprolim.es\\\/producto\\\/maquinaria-de-limpieza\\\/pulidoras-profesionales\\\/verticales\\\/pulidora-vertika-150-mm\\\/#primaryimage\",\"url\":\"https:\\\/\\\/meprolim.es\\\/wp-content\\\/uploads\\\/2019\\\/08\\\/ZY0006.jpg\",\"contentUrl\":\"https:\\\/\\\/meprolim.es\\\/wp-content\\\/uploads\\\/2019\\\/08\\\/ZY0006.jpg\",\"width\":768,\"height\":768},{\"@type\":\"BreadcrumbList\",\"@id\":\"https:\\\/\\\/meprolim.es\\\/producto\\\/maquinaria-de-limpieza\\\/pulidoras-profesionales\\\/verticales\\\/pulidora-vertika-150-mm\\\/#breadcrumb\",\"itemListElement\":[{\"@type\":\"ListItem\",\"position\":1,\"name\":\"Portada\",\"item\":\"https:\\\/\\\/meprolim.es\\\/de\\\/\"},{\"@type\":\"ListItem\",\"position\":2,\"name\":\"Cat\u00e1logo\",\"item\":\"https:\\\/\\\/meprolim.es\\\/de\\\/catalogo\\\/\"},{\"@type\":\"ListItem\",\"position\":3,\"name\":\"PULIDORA VERTIKA 150 MM &#8211; C\u00d3DIGO: ZY0006\"}]},{\"@type\":\"WebSite\",\"@id\":\"https:\\\/\\\/meprolim.es\\\/fr\\\/#website\",\"url\":\"https:\\\/\\\/meprolim.es\\\/fr\\\/\",\"name\":\"Meprolim\",\"description\":\"Cavas Catalanas S.L.\",\"publisher\":{\"@id\":\"https:\\\/\\\/meprolim.es\\\/fr\\\/#organization\"},\"potentialAction\":[{\"@type\":\"SearchAction\",\"target\":{\"@type\":\"EntryPoint\",\"urlTemplate\":\"https:\\\/\\\/meprolim.es\\\/fr\\\/?s={search_term_string}\"},\"query-input\":{\"@type\":\"PropertyValueSpecification\",\"valueRequired\":true,\"valueName\":\"search_term_string\"}}],\"inLanguage\":\"de\"},{\"@type\":\"Organization\",\"@id\":\"https:\\\/\\\/meprolim.es\\\/fr\\\/#organization\",\"name\":\"Meprolim\",\"url\":\"https:\\\/\\\/meprolim.es\\\/fr\\\/\",\"logo\":{\"@type\":\"ImageObject\",\"inLanguage\":\"de\",\"@id\":\"https:\\\/\\\/meprolim.es\\\/fr\\\/#\\\/schema\\\/logo\\\/image\\\/\",\"url\":\"https:\\\/\\\/meprolim.es\\\/wp-content\\\/uploads\\\/2019\\\/07\\\/cropped-logo2.png\",\"contentUrl\":\"https:\\\/\\\/meprolim.es\\\/wp-content\\\/uploads\\\/2019\\\/07\\\/cropped-logo2.png\",\"width\":401,\"height\":162,\"caption\":\"Meprolim\"},\"image\":{\"@id\":\"https:\\\/\\\/meprolim.es\\\/fr\\\/#\\\/schema\\\/logo\\\/image\\\/\"}}]}<\/script>\n<!-- \/ Yoast SEO plugin. -->","yoast_head_json":{"title":"PULIDORA VERTIKA 150 MM - C\u00d3DIGO: ZY0006 - Meprolim","robots":{"index":"index","follow":"follow","max-snippet":"max-snippet:-1","max-image-preview":"max-image-preview:large","max-video-preview":"max-video-preview:-1"},"canonical":"https:\/\/meprolim.es\/producto\/maquinaria-de-limpieza\/pulidoras-profesionales\/verticales\/pulidora-vertika-150-mm\/","og_locale":"de_DE","og_type":"article","og_title":"PULIDORA VERTIKA 150 MM - C\u00d3DIGO: ZY0006 - Meprolim","og_description":"VERTIKA es la \u00fanica m\u00e1quina en el mundo para alisar y lustrar superficies verticales.  Id\u00f3nea para lustrar columnas, escaleras, aseos, cocinas, mostradores, ventanas, etc.  Dotada de un potente motor hidr\u00e1ulico de 3 HP, puede lustrar en seco o en agua.  Velocidad variable de 0 a 1.000 rpm.  Gracias a su aspiraci\u00f3n incorporada trabaja sin ensuciar.  SKU: ZY0006","og_url":"https:\/\/meprolim.es\/producto\/maquinaria-de-limpieza\/pulidoras-profesionales\/verticales\/pulidora-vertika-150-mm\/","og_site_name":"Meprolim","article_modified_time":"2020-03-20T18:57:08+00:00","og_image":[{"width":768,"height":768,"url":"https:\/\/meprolim.es\/wp-content\/uploads\/2019\/08\/ZY0006.jpg","type":"image\/jpeg"}],"twitter_card":"summary_large_image","schema":{"@context":"https:\/\/schema.org","@graph":[{"@type":"WebPage","@id":"https:\/\/meprolim.es\/producto\/maquinaria-de-limpieza\/pulidoras-profesionales\/verticales\/pulidora-vertika-150-mm\/","url":"https:\/\/meprolim.es\/producto\/maquinaria-de-limpieza\/pulidoras-profesionales\/verticales\/pulidora-vertika-150-mm\/","name":"PULIDORA VERTIKA 150 MM - C\u00d3DIGO: ZY0006 - Meprolim","isPartOf":{"@id":"https:\/\/meprolim.es\/fr\/#website"},"primaryImageOfPage":{"@id":"https:\/\/meprolim.es\/producto\/maquinaria-de-limpieza\/pulidoras-profesionales\/verticales\/pulidora-vertika-150-mm\/#primaryimage"},"image":{"@id":"https:\/\/meprolim.es\/producto\/maquinaria-de-limpieza\/pulidoras-profesionales\/verticales\/pulidora-vertika-150-mm\/#primaryimage"},"thumbnailUrl":"https:\/\/meprolim.es\/wp-content\/uploads\/2019\/08\/ZY0006.jpg","datePublished":"2019-08-12T14:11:52+00:00","dateModified":"2020-03-20T18:57:08+00:00","breadcrumb":{"@id":"https:\/\/meprolim.es\/producto\/maquinaria-de-limpieza\/pulidoras-profesionales\/verticales\/pulidora-vertika-150-mm\/#breadcrumb"},"inLanguage":"de","potentialAction":[{"@type":"ReadAction","target":["https:\/\/meprolim.es\/producto\/maquinaria-de-limpieza\/pulidoras-profesionales\/verticales\/pulidora-vertika-150-mm\/"]}]},{"@type":"ImageObject","inLanguage":"de","@id":"https:\/\/meprolim.es\/producto\/maquinaria-de-limpieza\/pulidoras-profesionales\/verticales\/pulidora-vertika-150-mm\/#primaryimage","url":"https:\/\/meprolim.es\/wp-content\/uploads\/2019\/08\/ZY0006.jpg","contentUrl":"https:\/\/meprolim.es\/wp-content\/uploads\/2019\/08\/ZY0006.jpg","width":768,"height":768},{"@type":"BreadcrumbList","@id":"https:\/\/meprolim.es\/producto\/maquinaria-de-limpieza\/pulidoras-profesionales\/verticales\/pulidora-vertika-150-mm\/#breadcrumb","itemListElement":[{"@type":"ListItem","position":1,"name":"Portada","item":"https:\/\/meprolim.es\/de\/"},{"@type":"ListItem","position":2,"name":"Cat\u00e1logo","item":"https:\/\/meprolim.es\/de\/catalogo\/"},{"@type":"ListItem","position":3,"name":"PULIDORA VERTIKA 150 MM &#8211; C\u00d3DIGO: ZY0006"}]},{"@type":"WebSite","@id":"https:\/\/meprolim.es\/fr\/#website","url":"https:\/\/meprolim.es\/fr\/","name":"Meprolim","description":"Cavas Catalanas S.L.","publisher":{"@id":"https:\/\/meprolim.es\/fr\/#organization"},"potentialAction":[{"@type":"SearchAction","target":{"@type":"EntryPoint","urlTemplate":"https:\/\/meprolim.es\/fr\/?s={search_term_string}"},"query-input":{"@type":"PropertyValueSpecification","valueRequired":true,"valueName":"search_term_string"}}],"inLanguage":"de"},{"@type":"Organization","@id":"https:\/\/meprolim.es\/fr\/#organization","name":"Meprolim","url":"https:\/\/meprolim.es\/fr\/","logo":{"@type":"ImageObject","inLanguage":"de","@id":"https:\/\/meprolim.es\/fr\/#\/schema\/logo\/image\/","url":"https:\/\/meprolim.es\/wp-content\/uploads\/2019\/07\/cropped-logo2.png","contentUrl":"https:\/\/meprolim.es\/wp-content\/uploads\/2019\/07\/cropped-logo2.png","width":401,"height":162,"caption":"Meprolim"},"image":{"@id":"https:\/\/meprolim.es\/fr\/#\/schema\/logo\/image\/"}}]}},"_links":{"self":[{"href":"https:\/\/meprolim.es\/de\/wp-json\/wp\/v2\/product\/5706","targetHints":{"allow":["GET"]}}],"collection":[{"href":"https:\/\/meprolim.es\/de\/wp-json\/wp\/v2\/product"}],"about":[{"href":"https:\/\/meprolim.es\/de\/wp-json\/wp\/v2\/types\/product"}],"wp:featuredmedia":[{"embeddable":true,"href":"https:\/\/meprolim.es\/de\/wp-json\/wp\/v2\/media\/5707"}],"wp:attachment":[{"href":"https:\/\/meprolim.es\/de\/wp-json\/wp\/v2\/media?parent=5706"}],"wp:term":[{"taxonomy":"product_brand","embeddable":true,"href":"https:\/\/meprolim.es\/de\/wp-json\/wp\/v2\/product_brand?post=5706"},{"taxonomy":"product_cat","embeddable":true,"href":"https:\/\/meprolim.es\/de\/wp-json\/wp\/v2\/product_cat?post=5706"},{"taxonomy":"product_tag","embeddable":true,"href":"https:\/\/meprolim.es\/de\/wp-json\/wp\/v2\/product_tag?post=5706"}],"curies":[{"name":"wp","href":"https:\/\/api.w.org\/{rel}","templated":true}]}}