{"id":5724,"date":"2019-08-12T16:06:53","date_gmt":"2019-08-12T15:06:53","guid":{"rendered":"http:\/\/www.meprolim.es\/?post_type=product&#038;p=5724"},"modified":"2020-03-20T18:54:26","modified_gmt":"2020-03-20T18:54:26","slug":"pulidora-hercules-601-vs-4hp-220v-50-60h","status":"publish","type":"product","link":"https:\/\/meprolim.es\/de\/producto\/maquinaria-de-limpieza\/pulidoras-profesionales-de\/monofasicas-de\/pulidora-hercules-601-vs-4hp-220v-50-60h\/","title":{"rendered":"PULIDORA HERCULES 601 VS 4HP 220V 50\/60H &#8211; C\u00d3DIGO: ZY0017"},"content":{"rendered":"<div class=\"wpb-content-wrapper\"><p>[vc_row][vc_column][vc_column_text]<\/p>\n<p style=\"text-align: justify;\">Pulidora con sistema de doble corte &#8220;DCS&#8221; y velocidad variable.\u00a0\u00a0<\/p>\n<p>[\/vc_column_text][\/vc_column][\/vc_row]<\/p>\n<\/div>","protected":false},"excerpt":{"rendered":"<ul>\n<li>Estas dos pulidoras Hercules tienen sistema DCS \u201cSistema de Doble Corte\u201d.<\/li>\n<li>Gracias a esta funci\u00f3n innovadora, insertando simplemente una clavija, es posible bloquear la rotaci\u00f3n del plato permitiendo solo la rotaci\u00f3n de los diamantes.<\/li>\n<li>As\u00ed se transforman de unas pulidoras planetarias contrarotativas, ideales para el pulido y el abrillantado, en unas m\u00e1quinas de alto rendimiento para la remoci\u00f3n de resinas o para la preparaci\u00f3n de pisos industriales.<\/li>\n<li>Velocidad variable entre 600 y 1.000 rpm.<\/li>\n<li>El planetario con engranajes y sistema antishock las hacen m\u00e1s fiables y robustas en cada situaci\u00f3n.<\/li>\n<\/ul>\n<p><strong>SKU: ZY0017<\/strong><\/p>\n","protected":false},"featured_media":5725,"template":"","meta":[],"product_brand":[],"product_cat":[2580,2612,2609],"product_tag":[252,274,315],"class_list":{"0":"post-5724","1":"product","2":"type-product","3":"status-publish","4":"has-post-thumbnail","6":"product_cat-maquinaria-de-limpieza","7":"product_cat-monofasicas","8":"product_cat-pulidoras-profesionales","9":"product_tag-maquinaria-de-limpieza","10":"product_tag-monofasica","11":"product_tag-pulidoras","13":"first","14":"instock","15":"shipping-taxable","16":"product-type-simple"},"yoast_head":"<!-- This site is optimized with the Yoast SEO plugin v27.3 - https:\/\/yoast.com\/product\/yoast-seo-wordpress\/ -->\n<title>PULIDORA HERCULES 601 VS 4HP 220V 50\/60H - C\u00d3DIGO: ZY0017 - Meprolim<\/title>\n<meta name=\"robots\" content=\"index, follow, max-snippet:-1, max-image-preview:large, max-video-preview:-1\" \/>\n<link rel=\"canonical\" href=\"https:\/\/meprolim.es\/en\/producto\/maquinaria-de-limpieza\/pulidoras-profesionales\/monofasicas\/pulidora-hercules-601-vs-4hp-220v-50-60h\/\" \/>\n<meta property=\"og:locale\" content=\"de_DE\" \/>\n<meta property=\"og:type\" content=\"article\" \/>\n<meta property=\"og:title\" content=\"PULIDORA HERCULES 601 VS 4HP 220V 50\/60H - C\u00d3DIGO: ZY0017 - Meprolim\" \/>\n<meta property=\"og:description\" content=\"Estas dos pulidoras Hercules tienen sistema DCS \u201cSistema de Doble Corte\u201d.  Gracias a esta funci\u00f3n innovadora, insertando simplemente una clavija, es posible bloquear la rotaci\u00f3n del plato permitiendo solo la rotaci\u00f3n de los diamantes.  As\u00ed se transforman de unas pulidoras planetarias contrarotativas, ideales para el pulido y el abrillantado, en unas m\u00e1quinas de alto rendimiento para la remoci\u00f3n de resinas o para la preparaci\u00f3n de pisos industriales.  Velocidad variable entre 600 y 1.000 rpm.  El planetario con engranajes y sistema antishock las hacen m\u00e1s fiables y robustas en cada situaci\u00f3n.  SKU: ZY0017\" \/>\n<meta property=\"og:url\" content=\"https:\/\/meprolim.es\/en\/producto\/maquinaria-de-limpieza\/pulidoras-profesionales\/monofasicas\/pulidora-hercules-601-vs-4hp-220v-50-60h\/\" \/>\n<meta property=\"og:site_name\" content=\"Meprolim\" \/>\n<meta property=\"article:modified_time\" content=\"2020-03-20T18:54:26+00:00\" \/>\n<meta property=\"og:image\" content=\"https:\/\/meprolim.es\/wp-content\/uploads\/2019\/08\/ZY0017.jpg\" \/>\n\t<meta property=\"og:image:width\" content=\"768\" \/>\n\t<meta property=\"og:image:height\" content=\"768\" \/>\n\t<meta property=\"og:image:type\" content=\"image\/jpeg\" \/>\n<meta name=\"twitter:card\" content=\"summary_large_image\" \/>\n<script type=\"application\/ld+json\" class=\"yoast-schema-graph\">{\"@context\":\"https:\\\/\\\/schema.org\",\"@graph\":[{\"@type\":\"WebPage\",\"@id\":\"https:\\\/\\\/meprolim.es\\\/en\\\/producto\\\/maquinaria-de-limpieza\\\/pulidoras-profesionales\\\/monofasicas\\\/pulidora-hercules-601-vs-4hp-220v-50-60h\\\/\",\"url\":\"https:\\\/\\\/meprolim.es\\\/en\\\/producto\\\/maquinaria-de-limpieza\\\/pulidoras-profesionales\\\/monofasicas\\\/pulidora-hercules-601-vs-4hp-220v-50-60h\\\/\",\"name\":\"PULIDORA HERCULES 601 VS 4HP 220V 50\\\/60H - C\u00d3DIGO: ZY0017 - Meprolim\",\"isPartOf\":{\"@id\":\"https:\\\/\\\/meprolim.es\\\/fr\\\/#website\"},\"primaryImageOfPage\":{\"@id\":\"https:\\\/\\\/meprolim.es\\\/en\\\/producto\\\/maquinaria-de-limpieza\\\/pulidoras-profesionales\\\/monofasicas\\\/pulidora-hercules-601-vs-4hp-220v-50-60h\\\/#primaryimage\"},\"image\":{\"@id\":\"https:\\\/\\\/meprolim.es\\\/en\\\/producto\\\/maquinaria-de-limpieza\\\/pulidoras-profesionales\\\/monofasicas\\\/pulidora-hercules-601-vs-4hp-220v-50-60h\\\/#primaryimage\"},\"thumbnailUrl\":\"https:\\\/\\\/meprolim.es\\\/wp-content\\\/uploads\\\/2019\\\/08\\\/ZY0017.jpg\",\"datePublished\":\"2019-08-12T15:06:53+00:00\",\"dateModified\":\"2020-03-20T18:54:26+00:00\",\"breadcrumb\":{\"@id\":\"https:\\\/\\\/meprolim.es\\\/en\\\/producto\\\/maquinaria-de-limpieza\\\/pulidoras-profesionales\\\/monofasicas\\\/pulidora-hercules-601-vs-4hp-220v-50-60h\\\/#breadcrumb\"},\"inLanguage\":\"de\",\"potentialAction\":[{\"@type\":\"ReadAction\",\"target\":[\"https:\\\/\\\/meprolim.es\\\/en\\\/producto\\\/maquinaria-de-limpieza\\\/pulidoras-profesionales\\\/monofasicas\\\/pulidora-hercules-601-vs-4hp-220v-50-60h\\\/\"]}]},{\"@type\":\"ImageObject\",\"inLanguage\":\"de\",\"@id\":\"https:\\\/\\\/meprolim.es\\\/en\\\/producto\\\/maquinaria-de-limpieza\\\/pulidoras-profesionales\\\/monofasicas\\\/pulidora-hercules-601-vs-4hp-220v-50-60h\\\/#primaryimage\",\"url\":\"https:\\\/\\\/meprolim.es\\\/wp-content\\\/uploads\\\/2019\\\/08\\\/ZY0017.jpg\",\"contentUrl\":\"https:\\\/\\\/meprolim.es\\\/wp-content\\\/uploads\\\/2019\\\/08\\\/ZY0017.jpg\",\"width\":768,\"height\":768},{\"@type\":\"BreadcrumbList\",\"@id\":\"https:\\\/\\\/meprolim.es\\\/en\\\/producto\\\/maquinaria-de-limpieza\\\/pulidoras-profesionales\\\/monofasicas\\\/pulidora-hercules-601-vs-4hp-220v-50-60h\\\/#breadcrumb\",\"itemListElement\":[{\"@type\":\"ListItem\",\"position\":1,\"name\":\"Portada\",\"item\":\"https:\\\/\\\/meprolim.es\\\/de\\\/\"},{\"@type\":\"ListItem\",\"position\":2,\"name\":\"Cat\u00e1logo\",\"item\":\"https:\\\/\\\/meprolim.es\\\/de\\\/catalogo\\\/\"},{\"@type\":\"ListItem\",\"position\":3,\"name\":\"PULIDORA HERCULES 601 VS 4HP 220V 50\\\/60H &#8211; C\u00d3DIGO: ZY0017\"}]},{\"@type\":\"WebSite\",\"@id\":\"https:\\\/\\\/meprolim.es\\\/fr\\\/#website\",\"url\":\"https:\\\/\\\/meprolim.es\\\/fr\\\/\",\"name\":\"Meprolim\",\"description\":\"Cavas Catalanas S.L.\",\"publisher\":{\"@id\":\"https:\\\/\\\/meprolim.es\\\/fr\\\/#organization\"},\"potentialAction\":[{\"@type\":\"SearchAction\",\"target\":{\"@type\":\"EntryPoint\",\"urlTemplate\":\"https:\\\/\\\/meprolim.es\\\/fr\\\/?s={search_term_string}\"},\"query-input\":{\"@type\":\"PropertyValueSpecification\",\"valueRequired\":true,\"valueName\":\"search_term_string\"}}],\"inLanguage\":\"de\"},{\"@type\":\"Organization\",\"@id\":\"https:\\\/\\\/meprolim.es\\\/fr\\\/#organization\",\"name\":\"Meprolim\",\"url\":\"https:\\\/\\\/meprolim.es\\\/fr\\\/\",\"logo\":{\"@type\":\"ImageObject\",\"inLanguage\":\"de\",\"@id\":\"https:\\\/\\\/meprolim.es\\\/fr\\\/#\\\/schema\\\/logo\\\/image\\\/\",\"url\":\"https:\\\/\\\/meprolim.es\\\/wp-content\\\/uploads\\\/2019\\\/07\\\/cropped-logo2.png\",\"contentUrl\":\"https:\\\/\\\/meprolim.es\\\/wp-content\\\/uploads\\\/2019\\\/07\\\/cropped-logo2.png\",\"width\":401,\"height\":162,\"caption\":\"Meprolim\"},\"image\":{\"@id\":\"https:\\\/\\\/meprolim.es\\\/fr\\\/#\\\/schema\\\/logo\\\/image\\\/\"}}]}<\/script>\n<!-- \/ Yoast SEO plugin. -->","yoast_head_json":{"title":"PULIDORA HERCULES 601 VS 4HP 220V 50\/60H - C\u00d3DIGO: ZY0017 - Meprolim","robots":{"index":"index","follow":"follow","max-snippet":"max-snippet:-1","max-image-preview":"max-image-preview:large","max-video-preview":"max-video-preview:-1"},"canonical":"https:\/\/meprolim.es\/en\/producto\/maquinaria-de-limpieza\/pulidoras-profesionales\/monofasicas\/pulidora-hercules-601-vs-4hp-220v-50-60h\/","og_locale":"de_DE","og_type":"article","og_title":"PULIDORA HERCULES 601 VS 4HP 220V 50\/60H - C\u00d3DIGO: ZY0017 - Meprolim","og_description":"Estas dos pulidoras Hercules tienen sistema DCS \u201cSistema de Doble Corte\u201d.  Gracias a esta funci\u00f3n innovadora, insertando simplemente una clavija, es posible bloquear la rotaci\u00f3n del plato permitiendo solo la rotaci\u00f3n de los diamantes.  As\u00ed se transforman de unas pulidoras planetarias contrarotativas, ideales para el pulido y el abrillantado, en unas m\u00e1quinas de alto rendimiento para la remoci\u00f3n de resinas o para la preparaci\u00f3n de pisos industriales.  Velocidad variable entre 600 y 1.000 rpm.  El planetario con engranajes y sistema antishock las hacen m\u00e1s fiables y robustas en cada situaci\u00f3n.  SKU: ZY0017","og_url":"https:\/\/meprolim.es\/en\/producto\/maquinaria-de-limpieza\/pulidoras-profesionales\/monofasicas\/pulidora-hercules-601-vs-4hp-220v-50-60h\/","og_site_name":"Meprolim","article_modified_time":"2020-03-20T18:54:26+00:00","og_image":[{"width":768,"height":768,"url":"https:\/\/meprolim.es\/wp-content\/uploads\/2019\/08\/ZY0017.jpg","type":"image\/jpeg"}],"twitter_card":"summary_large_image","schema":{"@context":"https:\/\/schema.org","@graph":[{"@type":"WebPage","@id":"https:\/\/meprolim.es\/en\/producto\/maquinaria-de-limpieza\/pulidoras-profesionales\/monofasicas\/pulidora-hercules-601-vs-4hp-220v-50-60h\/","url":"https:\/\/meprolim.es\/en\/producto\/maquinaria-de-limpieza\/pulidoras-profesionales\/monofasicas\/pulidora-hercules-601-vs-4hp-220v-50-60h\/","name":"PULIDORA HERCULES 601 VS 4HP 220V 50\/60H - C\u00d3DIGO: ZY0017 - Meprolim","isPartOf":{"@id":"https:\/\/meprolim.es\/fr\/#website"},"primaryImageOfPage":{"@id":"https:\/\/meprolim.es\/en\/producto\/maquinaria-de-limpieza\/pulidoras-profesionales\/monofasicas\/pulidora-hercules-601-vs-4hp-220v-50-60h\/#primaryimage"},"image":{"@id":"https:\/\/meprolim.es\/en\/producto\/maquinaria-de-limpieza\/pulidoras-profesionales\/monofasicas\/pulidora-hercules-601-vs-4hp-220v-50-60h\/#primaryimage"},"thumbnailUrl":"https:\/\/meprolim.es\/wp-content\/uploads\/2019\/08\/ZY0017.jpg","datePublished":"2019-08-12T15:06:53+00:00","dateModified":"2020-03-20T18:54:26+00:00","breadcrumb":{"@id":"https:\/\/meprolim.es\/en\/producto\/maquinaria-de-limpieza\/pulidoras-profesionales\/monofasicas\/pulidora-hercules-601-vs-4hp-220v-50-60h\/#breadcrumb"},"inLanguage":"de","potentialAction":[{"@type":"ReadAction","target":["https:\/\/meprolim.es\/en\/producto\/maquinaria-de-limpieza\/pulidoras-profesionales\/monofasicas\/pulidora-hercules-601-vs-4hp-220v-50-60h\/"]}]},{"@type":"ImageObject","inLanguage":"de","@id":"https:\/\/meprolim.es\/en\/producto\/maquinaria-de-limpieza\/pulidoras-profesionales\/monofasicas\/pulidora-hercules-601-vs-4hp-220v-50-60h\/#primaryimage","url":"https:\/\/meprolim.es\/wp-content\/uploads\/2019\/08\/ZY0017.jpg","contentUrl":"https:\/\/meprolim.es\/wp-content\/uploads\/2019\/08\/ZY0017.jpg","width":768,"height":768},{"@type":"BreadcrumbList","@id":"https:\/\/meprolim.es\/en\/producto\/maquinaria-de-limpieza\/pulidoras-profesionales\/monofasicas\/pulidora-hercules-601-vs-4hp-220v-50-60h\/#breadcrumb","itemListElement":[{"@type":"ListItem","position":1,"name":"Portada","item":"https:\/\/meprolim.es\/de\/"},{"@type":"ListItem","position":2,"name":"Cat\u00e1logo","item":"https:\/\/meprolim.es\/de\/catalogo\/"},{"@type":"ListItem","position":3,"name":"PULIDORA HERCULES 601 VS 4HP 220V 50\/60H &#8211; C\u00d3DIGO: ZY0017"}]},{"@type":"WebSite","@id":"https:\/\/meprolim.es\/fr\/#website","url":"https:\/\/meprolim.es\/fr\/","name":"Meprolim","description":"Cavas Catalanas S.L.","publisher":{"@id":"https:\/\/meprolim.es\/fr\/#organization"},"potentialAction":[{"@type":"SearchAction","target":{"@type":"EntryPoint","urlTemplate":"https:\/\/meprolim.es\/fr\/?s={search_term_string}"},"query-input":{"@type":"PropertyValueSpecification","valueRequired":true,"valueName":"search_term_string"}}],"inLanguage":"de"},{"@type":"Organization","@id":"https:\/\/meprolim.es\/fr\/#organization","name":"Meprolim","url":"https:\/\/meprolim.es\/fr\/","logo":{"@type":"ImageObject","inLanguage":"de","@id":"https:\/\/meprolim.es\/fr\/#\/schema\/logo\/image\/","url":"https:\/\/meprolim.es\/wp-content\/uploads\/2019\/07\/cropped-logo2.png","contentUrl":"https:\/\/meprolim.es\/wp-content\/uploads\/2019\/07\/cropped-logo2.png","width":401,"height":162,"caption":"Meprolim"},"image":{"@id":"https:\/\/meprolim.es\/fr\/#\/schema\/logo\/image\/"}}]}},"_links":{"self":[{"href":"https:\/\/meprolim.es\/de\/wp-json\/wp\/v2\/product\/5724","targetHints":{"allow":["GET"]}}],"collection":[{"href":"https:\/\/meprolim.es\/de\/wp-json\/wp\/v2\/product"}],"about":[{"href":"https:\/\/meprolim.es\/de\/wp-json\/wp\/v2\/types\/product"}],"wp:featuredmedia":[{"embeddable":true,"href":"https:\/\/meprolim.es\/de\/wp-json\/wp\/v2\/media\/5725"}],"wp:attachment":[{"href":"https:\/\/meprolim.es\/de\/wp-json\/wp\/v2\/media?parent=5724"}],"wp:term":[{"taxonomy":"product_brand","embeddable":true,"href":"https:\/\/meprolim.es\/de\/wp-json\/wp\/v2\/product_brand?post=5724"},{"taxonomy":"product_cat","embeddable":true,"href":"https:\/\/meprolim.es\/de\/wp-json\/wp\/v2\/product_cat?post=5724"},{"taxonomy":"product_tag","embeddable":true,"href":"https:\/\/meprolim.es\/de\/wp-json\/wp\/v2\/product_tag?post=5724"}],"curies":[{"name":"wp","href":"https:\/\/api.w.org\/{rel}","templated":true}]}}