{"id":6055,"date":"2019-08-15T12:58:32","date_gmt":"2019-08-15T11:58:32","guid":{"rendered":"http:\/\/www.meprolim.es\/?post_type=product&#038;p=6055"},"modified":"2019-10-29T20:40:57","modified_gmt":"2019-10-29T20:40:57","slug":"kit-completo-limpiacristales","status":"publish","type":"product","link":"https:\/\/meprolim.es\/de\/producto\/carros-de-servicio-fregado-manual-y-articulos-de-limpieza\/limpiacristales-empapadores-de-2\/limpiacristales-de-2\/kit-completo-de-2\/kit-completo-limpiacristales\/","title":{"rendered":"KIT COMPLETO LIMPIACRISTALES &#8211; C\u00d3DIGO: ZM0027"},"content":{"rendered":"<div class=\"wpb-content-wrapper\"><p>[vc_row][vc_column][vc_column_text]<\/p>\n<p>Kit completo de limpiacristales y accesorios.\u00a0<\/p>\n<p>&nbsp;<\/p>\n<p>[\/vc_column_text][\/vc_column][\/vc_row]<\/p>\n<\/div>","protected":false},"excerpt":{"rendered":"<ul>\n<li>Un mango limpiacristales de acero inoxidable.<\/li>\n<li>Una gu\u00eda de acero con labio de 25 cm.<\/li>\n<li>Una gu\u00eda de acero con labio de 35 cm.<\/li>\n<li>Una gu\u00eda de acero con labio de 45 cm.<\/li>\n<li>Un mojador de 35 cm.<\/li>\n<li>Un mango telesc\u00f3pico de 1,25 a 2,50 m.<\/li>\n<li>Un codo articulado.<\/li>\n<li>Una esponja.<\/li>\n<li>Una goma de recambio de 92 cm.<\/li>\n<li>Un rascador de piso y ventanas.<\/li>\n<li>Cinco cuchillas para rascador.<\/li>\n<li>Un portacuchillas de ventanas y cinco cuchillas.<\/li>\n<li>Un cono para tubo telesc\u00f3pico.<\/li>\n<\/ul>\n<p><strong>SKU: ZM0027<\/strong><\/p>\n","protected":false},"featured_media":6056,"template":"","meta":[],"product_brand":[],"product_cat":[102,1150,363,356],"product_tag":[361,358],"class_list":{"0":"post-6055","1":"product","2":"type-product","3":"status-publish","4":"has-post-thumbnail","6":"product_cat-carros-de-servicio-fregado-manual-y-articulos-de-limpieza","7":"product_cat-kit-completo","8":"product_cat-limpiacristales","9":"product_cat-limpiacristales-empapadores","10":"product_tag-kit-de-accesorios","11":"product_tag-limpieza-de-cristales","13":"first","14":"instock","15":"shipping-taxable","16":"product-type-simple"},"yoast_head":"<!-- This site is optimized with the Yoast SEO plugin v27.3 - https:\/\/yoast.com\/product\/yoast-seo-wordpress\/ -->\n<title>KIT COMPLETO LIMPIACRISTALES - C\u00d3DIGO: ZM0027 - Meprolim<\/title>\n<meta name=\"robots\" content=\"index, follow, max-snippet:-1, max-image-preview:large, max-video-preview:-1\" \/>\n<link rel=\"canonical\" href=\"https:\/\/meprolim.es\/producto\/carros-de-servicio-fregado-manual-y-articulos-de-limpieza\/limpiacristales-empapadores\/limpiacristales\/kit-completo\/kit-completo-limpiacristales\/\" \/>\n<meta property=\"og:locale\" content=\"de_DE\" \/>\n<meta property=\"og:type\" content=\"article\" \/>\n<meta property=\"og:title\" content=\"KIT COMPLETO LIMPIACRISTALES - C\u00d3DIGO: ZM0027 - Meprolim\" \/>\n<meta property=\"og:description\" content=\"Un mango limpiacristales de acero inoxidable.  Una gu\u00eda de acero con labio de 25 cm.  Una gu\u00eda de acero con labio de 35 cm.  Una gu\u00eda de acero con labio de 45 cm.  Un mojador de 35 cm.  Un mango telesc\u00f3pico de 1,25 a 2,50 m.  Un codo articulado.  Una esponja.  Una goma de recambio de 92 cm.  Un rascador de piso y ventanas.  Cinco cuchillas para rascador.  Un portacuchillas de ventanas y cinco cuchillas.  Un cono para tubo telesc\u00f3pico.  SKU: ZM0027\" \/>\n<meta property=\"og:url\" content=\"https:\/\/meprolim.es\/producto\/carros-de-servicio-fregado-manual-y-articulos-de-limpieza\/limpiacristales-empapadores\/limpiacristales\/kit-completo\/kit-completo-limpiacristales\/\" \/>\n<meta property=\"og:site_name\" content=\"Meprolim\" \/>\n<meta property=\"article:modified_time\" content=\"2019-10-29T20:40:57+00:00\" \/>\n<meta property=\"og:image\" content=\"https:\/\/meprolim.es\/wp-content\/uploads\/2019\/08\/ZM0027-1.jpg\" \/>\n\t<meta property=\"og:image:width\" content=\"768\" \/>\n\t<meta property=\"og:image:height\" content=\"768\" \/>\n\t<meta property=\"og:image:type\" content=\"image\/jpeg\" \/>\n<meta name=\"twitter:card\" content=\"summary_large_image\" \/>\n<script type=\"application\/ld+json\" class=\"yoast-schema-graph\">{\"@context\":\"https:\\\/\\\/schema.org\",\"@graph\":[{\"@type\":\"WebPage\",\"@id\":\"https:\\\/\\\/meprolim.es\\\/producto\\\/carros-de-servicio-fregado-manual-y-articulos-de-limpieza\\\/limpiacristales-empapadores\\\/limpiacristales\\\/kit-completo\\\/kit-completo-limpiacristales\\\/\",\"url\":\"https:\\\/\\\/meprolim.es\\\/producto\\\/carros-de-servicio-fregado-manual-y-articulos-de-limpieza\\\/limpiacristales-empapadores\\\/limpiacristales\\\/kit-completo\\\/kit-completo-limpiacristales\\\/\",\"name\":\"KIT COMPLETO LIMPIACRISTALES - C\u00d3DIGO: ZM0027 - Meprolim\",\"isPartOf\":{\"@id\":\"https:\\\/\\\/meprolim.es\\\/fr\\\/#website\"},\"primaryImageOfPage\":{\"@id\":\"https:\\\/\\\/meprolim.es\\\/producto\\\/carros-de-servicio-fregado-manual-y-articulos-de-limpieza\\\/limpiacristales-empapadores\\\/limpiacristales\\\/kit-completo\\\/kit-completo-limpiacristales\\\/#primaryimage\"},\"image\":{\"@id\":\"https:\\\/\\\/meprolim.es\\\/producto\\\/carros-de-servicio-fregado-manual-y-articulos-de-limpieza\\\/limpiacristales-empapadores\\\/limpiacristales\\\/kit-completo\\\/kit-completo-limpiacristales\\\/#primaryimage\"},\"thumbnailUrl\":\"https:\\\/\\\/meprolim.es\\\/wp-content\\\/uploads\\\/2019\\\/08\\\/ZM0027-1.jpg\",\"datePublished\":\"2019-08-15T11:58:32+00:00\",\"dateModified\":\"2019-10-29T20:40:57+00:00\",\"breadcrumb\":{\"@id\":\"https:\\\/\\\/meprolim.es\\\/producto\\\/carros-de-servicio-fregado-manual-y-articulos-de-limpieza\\\/limpiacristales-empapadores\\\/limpiacristales\\\/kit-completo\\\/kit-completo-limpiacristales\\\/#breadcrumb\"},\"inLanguage\":\"de\",\"potentialAction\":[{\"@type\":\"ReadAction\",\"target\":[\"https:\\\/\\\/meprolim.es\\\/producto\\\/carros-de-servicio-fregado-manual-y-articulos-de-limpieza\\\/limpiacristales-empapadores\\\/limpiacristales\\\/kit-completo\\\/kit-completo-limpiacristales\\\/\"]}]},{\"@type\":\"ImageObject\",\"inLanguage\":\"de\",\"@id\":\"https:\\\/\\\/meprolim.es\\\/producto\\\/carros-de-servicio-fregado-manual-y-articulos-de-limpieza\\\/limpiacristales-empapadores\\\/limpiacristales\\\/kit-completo\\\/kit-completo-limpiacristales\\\/#primaryimage\",\"url\":\"https:\\\/\\\/meprolim.es\\\/wp-content\\\/uploads\\\/2019\\\/08\\\/ZM0027-1.jpg\",\"contentUrl\":\"https:\\\/\\\/meprolim.es\\\/wp-content\\\/uploads\\\/2019\\\/08\\\/ZM0027-1.jpg\",\"width\":768,\"height\":768},{\"@type\":\"BreadcrumbList\",\"@id\":\"https:\\\/\\\/meprolim.es\\\/producto\\\/carros-de-servicio-fregado-manual-y-articulos-de-limpieza\\\/limpiacristales-empapadores\\\/limpiacristales\\\/kit-completo\\\/kit-completo-limpiacristales\\\/#breadcrumb\",\"itemListElement\":[{\"@type\":\"ListItem\",\"position\":1,\"name\":\"Portada\",\"item\":\"https:\\\/\\\/meprolim.es\\\/de\\\/\"},{\"@type\":\"ListItem\",\"position\":2,\"name\":\"Cat\u00e1logo\",\"item\":\"https:\\\/\\\/meprolim.es\\\/de\\\/catalogo\\\/\"},{\"@type\":\"ListItem\",\"position\":3,\"name\":\"KIT COMPLETO LIMPIACRISTALES &#8211; C\u00d3DIGO: ZM0027\"}]},{\"@type\":\"WebSite\",\"@id\":\"https:\\\/\\\/meprolim.es\\\/fr\\\/#website\",\"url\":\"https:\\\/\\\/meprolim.es\\\/fr\\\/\",\"name\":\"Meprolim\",\"description\":\"Cavas Catalanas S.L.\",\"publisher\":{\"@id\":\"https:\\\/\\\/meprolim.es\\\/fr\\\/#organization\"},\"potentialAction\":[{\"@type\":\"SearchAction\",\"target\":{\"@type\":\"EntryPoint\",\"urlTemplate\":\"https:\\\/\\\/meprolim.es\\\/fr\\\/?s={search_term_string}\"},\"query-input\":{\"@type\":\"PropertyValueSpecification\",\"valueRequired\":true,\"valueName\":\"search_term_string\"}}],\"inLanguage\":\"de\"},{\"@type\":\"Organization\",\"@id\":\"https:\\\/\\\/meprolim.es\\\/fr\\\/#organization\",\"name\":\"Meprolim\",\"url\":\"https:\\\/\\\/meprolim.es\\\/fr\\\/\",\"logo\":{\"@type\":\"ImageObject\",\"inLanguage\":\"de\",\"@id\":\"https:\\\/\\\/meprolim.es\\\/fr\\\/#\\\/schema\\\/logo\\\/image\\\/\",\"url\":\"https:\\\/\\\/meprolim.es\\\/wp-content\\\/uploads\\\/2019\\\/07\\\/cropped-logo2.png\",\"contentUrl\":\"https:\\\/\\\/meprolim.es\\\/wp-content\\\/uploads\\\/2019\\\/07\\\/cropped-logo2.png\",\"width\":401,\"height\":162,\"caption\":\"Meprolim\"},\"image\":{\"@id\":\"https:\\\/\\\/meprolim.es\\\/fr\\\/#\\\/schema\\\/logo\\\/image\\\/\"}}]}<\/script>\n<!-- \/ Yoast SEO plugin. -->","yoast_head_json":{"title":"KIT COMPLETO LIMPIACRISTALES - C\u00d3DIGO: ZM0027 - Meprolim","robots":{"index":"index","follow":"follow","max-snippet":"max-snippet:-1","max-image-preview":"max-image-preview:large","max-video-preview":"max-video-preview:-1"},"canonical":"https:\/\/meprolim.es\/producto\/carros-de-servicio-fregado-manual-y-articulos-de-limpieza\/limpiacristales-empapadores\/limpiacristales\/kit-completo\/kit-completo-limpiacristales\/","og_locale":"de_DE","og_type":"article","og_title":"KIT COMPLETO LIMPIACRISTALES - C\u00d3DIGO: ZM0027 - Meprolim","og_description":"Un mango limpiacristales de acero inoxidable.  Una gu\u00eda de acero con labio de 25 cm.  Una gu\u00eda de acero con labio de 35 cm.  Una gu\u00eda de acero con labio de 45 cm.  Un mojador de 35 cm.  Un mango telesc\u00f3pico de 1,25 a 2,50 m.  Un codo articulado.  Una esponja.  Una goma de recambio de 92 cm.  Un rascador de piso y ventanas.  Cinco cuchillas para rascador.  Un portacuchillas de ventanas y cinco cuchillas.  Un cono para tubo telesc\u00f3pico.  SKU: ZM0027","og_url":"https:\/\/meprolim.es\/producto\/carros-de-servicio-fregado-manual-y-articulos-de-limpieza\/limpiacristales-empapadores\/limpiacristales\/kit-completo\/kit-completo-limpiacristales\/","og_site_name":"Meprolim","article_modified_time":"2019-10-29T20:40:57+00:00","og_image":[{"width":768,"height":768,"url":"https:\/\/meprolim.es\/wp-content\/uploads\/2019\/08\/ZM0027-1.jpg","type":"image\/jpeg"}],"twitter_card":"summary_large_image","schema":{"@context":"https:\/\/schema.org","@graph":[{"@type":"WebPage","@id":"https:\/\/meprolim.es\/producto\/carros-de-servicio-fregado-manual-y-articulos-de-limpieza\/limpiacristales-empapadores\/limpiacristales\/kit-completo\/kit-completo-limpiacristales\/","url":"https:\/\/meprolim.es\/producto\/carros-de-servicio-fregado-manual-y-articulos-de-limpieza\/limpiacristales-empapadores\/limpiacristales\/kit-completo\/kit-completo-limpiacristales\/","name":"KIT COMPLETO LIMPIACRISTALES - C\u00d3DIGO: ZM0027 - Meprolim","isPartOf":{"@id":"https:\/\/meprolim.es\/fr\/#website"},"primaryImageOfPage":{"@id":"https:\/\/meprolim.es\/producto\/carros-de-servicio-fregado-manual-y-articulos-de-limpieza\/limpiacristales-empapadores\/limpiacristales\/kit-completo\/kit-completo-limpiacristales\/#primaryimage"},"image":{"@id":"https:\/\/meprolim.es\/producto\/carros-de-servicio-fregado-manual-y-articulos-de-limpieza\/limpiacristales-empapadores\/limpiacristales\/kit-completo\/kit-completo-limpiacristales\/#primaryimage"},"thumbnailUrl":"https:\/\/meprolim.es\/wp-content\/uploads\/2019\/08\/ZM0027-1.jpg","datePublished":"2019-08-15T11:58:32+00:00","dateModified":"2019-10-29T20:40:57+00:00","breadcrumb":{"@id":"https:\/\/meprolim.es\/producto\/carros-de-servicio-fregado-manual-y-articulos-de-limpieza\/limpiacristales-empapadores\/limpiacristales\/kit-completo\/kit-completo-limpiacristales\/#breadcrumb"},"inLanguage":"de","potentialAction":[{"@type":"ReadAction","target":["https:\/\/meprolim.es\/producto\/carros-de-servicio-fregado-manual-y-articulos-de-limpieza\/limpiacristales-empapadores\/limpiacristales\/kit-completo\/kit-completo-limpiacristales\/"]}]},{"@type":"ImageObject","inLanguage":"de","@id":"https:\/\/meprolim.es\/producto\/carros-de-servicio-fregado-manual-y-articulos-de-limpieza\/limpiacristales-empapadores\/limpiacristales\/kit-completo\/kit-completo-limpiacristales\/#primaryimage","url":"https:\/\/meprolim.es\/wp-content\/uploads\/2019\/08\/ZM0027-1.jpg","contentUrl":"https:\/\/meprolim.es\/wp-content\/uploads\/2019\/08\/ZM0027-1.jpg","width":768,"height":768},{"@type":"BreadcrumbList","@id":"https:\/\/meprolim.es\/producto\/carros-de-servicio-fregado-manual-y-articulos-de-limpieza\/limpiacristales-empapadores\/limpiacristales\/kit-completo\/kit-completo-limpiacristales\/#breadcrumb","itemListElement":[{"@type":"ListItem","position":1,"name":"Portada","item":"https:\/\/meprolim.es\/de\/"},{"@type":"ListItem","position":2,"name":"Cat\u00e1logo","item":"https:\/\/meprolim.es\/de\/catalogo\/"},{"@type":"ListItem","position":3,"name":"KIT COMPLETO LIMPIACRISTALES &#8211; C\u00d3DIGO: ZM0027"}]},{"@type":"WebSite","@id":"https:\/\/meprolim.es\/fr\/#website","url":"https:\/\/meprolim.es\/fr\/","name":"Meprolim","description":"Cavas Catalanas S.L.","publisher":{"@id":"https:\/\/meprolim.es\/fr\/#organization"},"potentialAction":[{"@type":"SearchAction","target":{"@type":"EntryPoint","urlTemplate":"https:\/\/meprolim.es\/fr\/?s={search_term_string}"},"query-input":{"@type":"PropertyValueSpecification","valueRequired":true,"valueName":"search_term_string"}}],"inLanguage":"de"},{"@type":"Organization","@id":"https:\/\/meprolim.es\/fr\/#organization","name":"Meprolim","url":"https:\/\/meprolim.es\/fr\/","logo":{"@type":"ImageObject","inLanguage":"de","@id":"https:\/\/meprolim.es\/fr\/#\/schema\/logo\/image\/","url":"https:\/\/meprolim.es\/wp-content\/uploads\/2019\/07\/cropped-logo2.png","contentUrl":"https:\/\/meprolim.es\/wp-content\/uploads\/2019\/07\/cropped-logo2.png","width":401,"height":162,"caption":"Meprolim"},"image":{"@id":"https:\/\/meprolim.es\/fr\/#\/schema\/logo\/image\/"}}]}},"_links":{"self":[{"href":"https:\/\/meprolim.es\/de\/wp-json\/wp\/v2\/product\/6055","targetHints":{"allow":["GET"]}}],"collection":[{"href":"https:\/\/meprolim.es\/de\/wp-json\/wp\/v2\/product"}],"about":[{"href":"https:\/\/meprolim.es\/de\/wp-json\/wp\/v2\/types\/product"}],"wp:featuredmedia":[{"embeddable":true,"href":"https:\/\/meprolim.es\/de\/wp-json\/wp\/v2\/media\/6056"}],"wp:attachment":[{"href":"https:\/\/meprolim.es\/de\/wp-json\/wp\/v2\/media?parent=6055"}],"wp:term":[{"taxonomy":"product_brand","embeddable":true,"href":"https:\/\/meprolim.es\/de\/wp-json\/wp\/v2\/product_brand?post=6055"},{"taxonomy":"product_cat","embeddable":true,"href":"https:\/\/meprolim.es\/de\/wp-json\/wp\/v2\/product_cat?post=6055"},{"taxonomy":"product_tag","embeddable":true,"href":"https:\/\/meprolim.es\/de\/wp-json\/wp\/v2\/product_tag?post=6055"}],"curies":[{"name":"wp","href":"https:\/\/api.w.org\/{rel}","templated":true}]}}