{"id":6069,"date":"2019-08-15T22:30:58","date_gmt":"2019-08-15T21:30:58","guid":{"rendered":"http:\/\/www.meprolim.es\/?post_type=product&#038;p=6069"},"modified":"2019-10-29T20:37:44","modified_gmt":"2019-10-29T20:37:44","slug":"soporte-manual-pad-boy-vileda","status":"publish","type":"product","link":"https:\/\/meprolim.es\/de\/producto\/carros-de-servicio-fregado-manual-y-articulos-de-limpieza\/limpiacristales-empapadores-de-2\/sistema-microfibra-hadpad-de-2\/soporte-manual-pad-boy-vileda\/","title":{"rendered":"SOPORTE MANUAL PAD BOY VILEDA &#8211; C\u00d3DIGO: FT1065"},"content":{"rendered":"<div class=\"wpb-content-wrapper\"><p>[vc_row][vc_column][vc_column_text]<\/p>\n<p>Sistema expr\u00e9s est\u00e1 dise\u00f1ado para la limpieza f\u00e1cil, r\u00e1pida, segura y eficiente de superficies acristaladas en interior.<\/p>\n<p>[\/vc_column_text][\/vc_column][\/vc_row]<\/p>\n<\/div>","protected":false},"excerpt":{"rendered":"<p>El sistema expr\u00e9s est\u00e1 compuesto por:<\/p>\n<ul>\n<li>Mopa Express Interiores de microfibras.<\/li>\n<li>Soporte de velcro manual Padboy o con palo Padmaster.<\/li>\n<li>Palo de aluminio telesc\u00f3pico 50-90 cm<\/li>\n<\/ul>\n<p><strong>SKU: FT1065<\/strong><\/p>\n","protected":false},"featured_media":6071,"template":"","meta":[],"product_brand":[],"product_cat":[102,356,1152],"product_tag":[358,329],"class_list":{"0":"post-6069","1":"product","2":"type-product","3":"status-publish","4":"has-post-thumbnail","6":"product_cat-carros-de-servicio-fregado-manual-y-articulos-de-limpieza","7":"product_cat-limpiacristales-empapadores","8":"product_cat-sistema-microfibra-hadpad","9":"product_tag-limpieza-de-cristales","10":"product_tag-soporte","12":"first","13":"instock","14":"shipping-taxable","15":"product-type-simple"},"yoast_head":"<!-- This site is optimized with the Yoast SEO plugin v27.3 - https:\/\/yoast.com\/product\/yoast-seo-wordpress\/ -->\n<title>SOPORTE MANUAL PAD BOY VILEDA - C\u00d3DIGO: FT1065 - Meprolim<\/title>\n<meta name=\"robots\" content=\"index, follow, max-snippet:-1, max-image-preview:large, max-video-preview:-1\" \/>\n<link rel=\"canonical\" href=\"https:\/\/meprolim.es\/producto\/carros-de-servicio-fregado-manual-y-articulos-de-limpieza\/limpiacristales-empapadores\/sistema-microfibra-hadpad\/soporte-manual-pad-boy-vileda\/\" \/>\n<meta property=\"og:locale\" content=\"de_DE\" \/>\n<meta property=\"og:type\" content=\"article\" \/>\n<meta property=\"og:title\" content=\"SOPORTE MANUAL PAD BOY VILEDA - C\u00d3DIGO: FT1065 - Meprolim\" \/>\n<meta property=\"og:description\" content=\"El sistema expr\u00e9s est\u00e1 compuesto por:   Mopa Express Interiores de microfibras.  Soporte de velcro manual Padboy o con palo Padmaster.  Palo de aluminio telesc\u00f3pico 50-90 cm  SKU: FT1065\" \/>\n<meta property=\"og:url\" content=\"https:\/\/meprolim.es\/producto\/carros-de-servicio-fregado-manual-y-articulos-de-limpieza\/limpiacristales-empapadores\/sistema-microfibra-hadpad\/soporte-manual-pad-boy-vileda\/\" \/>\n<meta property=\"og:site_name\" content=\"Meprolim\" \/>\n<meta property=\"article:modified_time\" content=\"2019-10-29T20:37:44+00:00\" \/>\n<meta property=\"og:image\" content=\"https:\/\/meprolim.es\/wp-content\/uploads\/2019\/08\/Padboy_Detail_580x435.gif\" \/>\n\t<meta property=\"og:image:width\" content=\"580\" \/>\n\t<meta property=\"og:image:height\" content=\"435\" \/>\n\t<meta property=\"og:image:type\" content=\"image\/gif\" \/>\n<meta name=\"twitter:card\" content=\"summary_large_image\" \/>\n<script type=\"application\/ld+json\" class=\"yoast-schema-graph\">{\"@context\":\"https:\\\/\\\/schema.org\",\"@graph\":[{\"@type\":\"WebPage\",\"@id\":\"https:\\\/\\\/meprolim.es\\\/producto\\\/carros-de-servicio-fregado-manual-y-articulos-de-limpieza\\\/limpiacristales-empapadores\\\/sistema-microfibra-hadpad\\\/soporte-manual-pad-boy-vileda\\\/\",\"url\":\"https:\\\/\\\/meprolim.es\\\/producto\\\/carros-de-servicio-fregado-manual-y-articulos-de-limpieza\\\/limpiacristales-empapadores\\\/sistema-microfibra-hadpad\\\/soporte-manual-pad-boy-vileda\\\/\",\"name\":\"SOPORTE MANUAL PAD BOY VILEDA - C\u00d3DIGO: FT1065 - Meprolim\",\"isPartOf\":{\"@id\":\"https:\\\/\\\/meprolim.es\\\/fr\\\/#website\"},\"primaryImageOfPage\":{\"@id\":\"https:\\\/\\\/meprolim.es\\\/producto\\\/carros-de-servicio-fregado-manual-y-articulos-de-limpieza\\\/limpiacristales-empapadores\\\/sistema-microfibra-hadpad\\\/soporte-manual-pad-boy-vileda\\\/#primaryimage\"},\"image\":{\"@id\":\"https:\\\/\\\/meprolim.es\\\/producto\\\/carros-de-servicio-fregado-manual-y-articulos-de-limpieza\\\/limpiacristales-empapadores\\\/sistema-microfibra-hadpad\\\/soporte-manual-pad-boy-vileda\\\/#primaryimage\"},\"thumbnailUrl\":\"https:\\\/\\\/meprolim.es\\\/wp-content\\\/uploads\\\/2019\\\/08\\\/Padboy_Detail_580x435.gif\",\"datePublished\":\"2019-08-15T21:30:58+00:00\",\"dateModified\":\"2019-10-29T20:37:44+00:00\",\"breadcrumb\":{\"@id\":\"https:\\\/\\\/meprolim.es\\\/producto\\\/carros-de-servicio-fregado-manual-y-articulos-de-limpieza\\\/limpiacristales-empapadores\\\/sistema-microfibra-hadpad\\\/soporte-manual-pad-boy-vileda\\\/#breadcrumb\"},\"inLanguage\":\"de\",\"potentialAction\":[{\"@type\":\"ReadAction\",\"target\":[\"https:\\\/\\\/meprolim.es\\\/producto\\\/carros-de-servicio-fregado-manual-y-articulos-de-limpieza\\\/limpiacristales-empapadores\\\/sistema-microfibra-hadpad\\\/soporte-manual-pad-boy-vileda\\\/\"]}]},{\"@type\":\"ImageObject\",\"inLanguage\":\"de\",\"@id\":\"https:\\\/\\\/meprolim.es\\\/producto\\\/carros-de-servicio-fregado-manual-y-articulos-de-limpieza\\\/limpiacristales-empapadores\\\/sistema-microfibra-hadpad\\\/soporte-manual-pad-boy-vileda\\\/#primaryimage\",\"url\":\"https:\\\/\\\/meprolim.es\\\/wp-content\\\/uploads\\\/2019\\\/08\\\/Padboy_Detail_580x435.gif\",\"contentUrl\":\"https:\\\/\\\/meprolim.es\\\/wp-content\\\/uploads\\\/2019\\\/08\\\/Padboy_Detail_580x435.gif\",\"width\":580,\"height\":435},{\"@type\":\"BreadcrumbList\",\"@id\":\"https:\\\/\\\/meprolim.es\\\/producto\\\/carros-de-servicio-fregado-manual-y-articulos-de-limpieza\\\/limpiacristales-empapadores\\\/sistema-microfibra-hadpad\\\/soporte-manual-pad-boy-vileda\\\/#breadcrumb\",\"itemListElement\":[{\"@type\":\"ListItem\",\"position\":1,\"name\":\"Portada\",\"item\":\"https:\\\/\\\/meprolim.es\\\/de\\\/\"},{\"@type\":\"ListItem\",\"position\":2,\"name\":\"Cat\u00e1logo\",\"item\":\"https:\\\/\\\/meprolim.es\\\/de\\\/catalogo\\\/\"},{\"@type\":\"ListItem\",\"position\":3,\"name\":\"SOPORTE MANUAL PAD BOY VILEDA &#8211; C\u00d3DIGO: FT1065\"}]},{\"@type\":\"WebSite\",\"@id\":\"https:\\\/\\\/meprolim.es\\\/fr\\\/#website\",\"url\":\"https:\\\/\\\/meprolim.es\\\/fr\\\/\",\"name\":\"Meprolim\",\"description\":\"Cavas Catalanas S.L.\",\"publisher\":{\"@id\":\"https:\\\/\\\/meprolim.es\\\/fr\\\/#organization\"},\"potentialAction\":[{\"@type\":\"SearchAction\",\"target\":{\"@type\":\"EntryPoint\",\"urlTemplate\":\"https:\\\/\\\/meprolim.es\\\/fr\\\/?s={search_term_string}\"},\"query-input\":{\"@type\":\"PropertyValueSpecification\",\"valueRequired\":true,\"valueName\":\"search_term_string\"}}],\"inLanguage\":\"de\"},{\"@type\":\"Organization\",\"@id\":\"https:\\\/\\\/meprolim.es\\\/fr\\\/#organization\",\"name\":\"Meprolim\",\"url\":\"https:\\\/\\\/meprolim.es\\\/fr\\\/\",\"logo\":{\"@type\":\"ImageObject\",\"inLanguage\":\"de\",\"@id\":\"https:\\\/\\\/meprolim.es\\\/fr\\\/#\\\/schema\\\/logo\\\/image\\\/\",\"url\":\"https:\\\/\\\/meprolim.es\\\/wp-content\\\/uploads\\\/2019\\\/07\\\/cropped-logo2.png\",\"contentUrl\":\"https:\\\/\\\/meprolim.es\\\/wp-content\\\/uploads\\\/2019\\\/07\\\/cropped-logo2.png\",\"width\":401,\"height\":162,\"caption\":\"Meprolim\"},\"image\":{\"@id\":\"https:\\\/\\\/meprolim.es\\\/fr\\\/#\\\/schema\\\/logo\\\/image\\\/\"}}]}<\/script>\n<!-- \/ Yoast SEO plugin. -->","yoast_head_json":{"title":"SOPORTE MANUAL PAD BOY VILEDA - C\u00d3DIGO: FT1065 - Meprolim","robots":{"index":"index","follow":"follow","max-snippet":"max-snippet:-1","max-image-preview":"max-image-preview:large","max-video-preview":"max-video-preview:-1"},"canonical":"https:\/\/meprolim.es\/producto\/carros-de-servicio-fregado-manual-y-articulos-de-limpieza\/limpiacristales-empapadores\/sistema-microfibra-hadpad\/soporte-manual-pad-boy-vileda\/","og_locale":"de_DE","og_type":"article","og_title":"SOPORTE MANUAL PAD BOY VILEDA - C\u00d3DIGO: FT1065 - Meprolim","og_description":"El sistema expr\u00e9s est\u00e1 compuesto por:   Mopa Express Interiores de microfibras.  Soporte de velcro manual Padboy o con palo Padmaster.  Palo de aluminio telesc\u00f3pico 50-90 cm  SKU: FT1065","og_url":"https:\/\/meprolim.es\/producto\/carros-de-servicio-fregado-manual-y-articulos-de-limpieza\/limpiacristales-empapadores\/sistema-microfibra-hadpad\/soporte-manual-pad-boy-vileda\/","og_site_name":"Meprolim","article_modified_time":"2019-10-29T20:37:44+00:00","og_image":[{"width":580,"height":435,"url":"https:\/\/meprolim.es\/wp-content\/uploads\/2019\/08\/Padboy_Detail_580x435.gif","type":"image\/gif"}],"twitter_card":"summary_large_image","schema":{"@context":"https:\/\/schema.org","@graph":[{"@type":"WebPage","@id":"https:\/\/meprolim.es\/producto\/carros-de-servicio-fregado-manual-y-articulos-de-limpieza\/limpiacristales-empapadores\/sistema-microfibra-hadpad\/soporte-manual-pad-boy-vileda\/","url":"https:\/\/meprolim.es\/producto\/carros-de-servicio-fregado-manual-y-articulos-de-limpieza\/limpiacristales-empapadores\/sistema-microfibra-hadpad\/soporte-manual-pad-boy-vileda\/","name":"SOPORTE MANUAL PAD BOY VILEDA - C\u00d3DIGO: FT1065 - Meprolim","isPartOf":{"@id":"https:\/\/meprolim.es\/fr\/#website"},"primaryImageOfPage":{"@id":"https:\/\/meprolim.es\/producto\/carros-de-servicio-fregado-manual-y-articulos-de-limpieza\/limpiacristales-empapadores\/sistema-microfibra-hadpad\/soporte-manual-pad-boy-vileda\/#primaryimage"},"image":{"@id":"https:\/\/meprolim.es\/producto\/carros-de-servicio-fregado-manual-y-articulos-de-limpieza\/limpiacristales-empapadores\/sistema-microfibra-hadpad\/soporte-manual-pad-boy-vileda\/#primaryimage"},"thumbnailUrl":"https:\/\/meprolim.es\/wp-content\/uploads\/2019\/08\/Padboy_Detail_580x435.gif","datePublished":"2019-08-15T21:30:58+00:00","dateModified":"2019-10-29T20:37:44+00:00","breadcrumb":{"@id":"https:\/\/meprolim.es\/producto\/carros-de-servicio-fregado-manual-y-articulos-de-limpieza\/limpiacristales-empapadores\/sistema-microfibra-hadpad\/soporte-manual-pad-boy-vileda\/#breadcrumb"},"inLanguage":"de","potentialAction":[{"@type":"ReadAction","target":["https:\/\/meprolim.es\/producto\/carros-de-servicio-fregado-manual-y-articulos-de-limpieza\/limpiacristales-empapadores\/sistema-microfibra-hadpad\/soporte-manual-pad-boy-vileda\/"]}]},{"@type":"ImageObject","inLanguage":"de","@id":"https:\/\/meprolim.es\/producto\/carros-de-servicio-fregado-manual-y-articulos-de-limpieza\/limpiacristales-empapadores\/sistema-microfibra-hadpad\/soporte-manual-pad-boy-vileda\/#primaryimage","url":"https:\/\/meprolim.es\/wp-content\/uploads\/2019\/08\/Padboy_Detail_580x435.gif","contentUrl":"https:\/\/meprolim.es\/wp-content\/uploads\/2019\/08\/Padboy_Detail_580x435.gif","width":580,"height":435},{"@type":"BreadcrumbList","@id":"https:\/\/meprolim.es\/producto\/carros-de-servicio-fregado-manual-y-articulos-de-limpieza\/limpiacristales-empapadores\/sistema-microfibra-hadpad\/soporte-manual-pad-boy-vileda\/#breadcrumb","itemListElement":[{"@type":"ListItem","position":1,"name":"Portada","item":"https:\/\/meprolim.es\/de\/"},{"@type":"ListItem","position":2,"name":"Cat\u00e1logo","item":"https:\/\/meprolim.es\/de\/catalogo\/"},{"@type":"ListItem","position":3,"name":"SOPORTE MANUAL PAD BOY VILEDA &#8211; C\u00d3DIGO: FT1065"}]},{"@type":"WebSite","@id":"https:\/\/meprolim.es\/fr\/#website","url":"https:\/\/meprolim.es\/fr\/","name":"Meprolim","description":"Cavas Catalanas S.L.","publisher":{"@id":"https:\/\/meprolim.es\/fr\/#organization"},"potentialAction":[{"@type":"SearchAction","target":{"@type":"EntryPoint","urlTemplate":"https:\/\/meprolim.es\/fr\/?s={search_term_string}"},"query-input":{"@type":"PropertyValueSpecification","valueRequired":true,"valueName":"search_term_string"}}],"inLanguage":"de"},{"@type":"Organization","@id":"https:\/\/meprolim.es\/fr\/#organization","name":"Meprolim","url":"https:\/\/meprolim.es\/fr\/","logo":{"@type":"ImageObject","inLanguage":"de","@id":"https:\/\/meprolim.es\/fr\/#\/schema\/logo\/image\/","url":"https:\/\/meprolim.es\/wp-content\/uploads\/2019\/07\/cropped-logo2.png","contentUrl":"https:\/\/meprolim.es\/wp-content\/uploads\/2019\/07\/cropped-logo2.png","width":401,"height":162,"caption":"Meprolim"},"image":{"@id":"https:\/\/meprolim.es\/fr\/#\/schema\/logo\/image\/"}}]}},"_links":{"self":[{"href":"https:\/\/meprolim.es\/de\/wp-json\/wp\/v2\/product\/6069","targetHints":{"allow":["GET"]}}],"collection":[{"href":"https:\/\/meprolim.es\/de\/wp-json\/wp\/v2\/product"}],"about":[{"href":"https:\/\/meprolim.es\/de\/wp-json\/wp\/v2\/types\/product"}],"wp:featuredmedia":[{"embeddable":true,"href":"https:\/\/meprolim.es\/de\/wp-json\/wp\/v2\/media\/6071"}],"wp:attachment":[{"href":"https:\/\/meprolim.es\/de\/wp-json\/wp\/v2\/media?parent=6069"}],"wp:term":[{"taxonomy":"product_brand","embeddable":true,"href":"https:\/\/meprolim.es\/de\/wp-json\/wp\/v2\/product_brand?post=6069"},{"taxonomy":"product_cat","embeddable":true,"href":"https:\/\/meprolim.es\/de\/wp-json\/wp\/v2\/product_cat?post=6069"},{"taxonomy":"product_tag","embeddable":true,"href":"https:\/\/meprolim.es\/de\/wp-json\/wp\/v2\/product_tag?post=6069"}],"curies":[{"name":"wp","href":"https:\/\/api.w.org\/{rel}","templated":true}]}}