{"id":6895,"date":"2019-08-22T09:50:46","date_gmt":"2019-08-22T08:50:46","guid":{"rendered":"http:\/\/www.meprolim.es\/?post_type=product&#038;p=6895"},"modified":"2019-10-28T21:27:55","modified_gmt":"2019-10-28T21:27:55","slug":"metro-nomad-terra-6050-3m-0-90-mts","status":"publish","type":"product","link":"https:\/\/meprolim.es\/de\/producto\/dispensadores-celulosa-y-complementos\/pavimentos-alfombras-de-2\/pavimentos-vinilo-de-2\/metro-nomad-terra-6050-3m-0-90-mts\/","title":{"rendered":"METRO NOMAD TERRA 6050 3M 0.90 Mts &#8211; C\u00d3DIGO: AM0203"},"content":{"rendered":"<div class=\"wpb-content-wrapper\"><p>[vc_row][vc_column][vc_column_text]<\/p>\n<p>El producto es una alfombrilla fabricada en bucles de PVC con trama abierta sobre soporte de espuma que la hace confortable.<br \/>\nLa alfombrilla es adem\u00e1s antideslizante y retiene y esconde la suciedad para evitar su paso al interior del edificio.<\/p>\n<p>[\/vc_column_text][\/vc_column][\/vc_row]<\/p>\n<\/div>","protected":false},"excerpt":{"rendered":"<ul>\n<li>Buena apariencia est\u00e9tica.<\/li>\n<li>Gran capacidad para retener y esconder la suciedad.<\/li>\n<li>Confortable.<\/li>\n<li>F\u00e1cil de limpiar.<\/li>\n<li>Duradera.<\/li>\n<\/ul>\n<p><strong>SKU: AM0203<\/strong><\/p>\n","protected":false},"featured_media":6890,"template":"","meta":[],"product_brand":[],"product_cat":[90,474,473],"product_tag":[476,475],"class_list":{"0":"post-6895","1":"product","2":"type-product","3":"status-publish","4":"has-post-thumbnail","6":"product_cat-complementos-para-banos-y-dispensadores","7":"product_cat-pavimentos-vinilo","8":"product_cat-pavimentos-alfombras","9":"product_tag-3m","10":"product_tag-pavimentos-de-vinilo","12":"first","13":"instock","14":"shipping-taxable","15":"product-type-simple"},"yoast_head":"<!-- This site is optimized with the Yoast SEO plugin v27.3 - https:\/\/yoast.com\/product\/yoast-seo-wordpress\/ -->\n<title>METRO NOMAD TERRA 6050 3M 0.90 Mts - C\u00d3DIGO: AM0203 - Meprolim<\/title>\n<meta name=\"robots\" content=\"index, follow, max-snippet:-1, max-image-preview:large, max-video-preview:-1\" \/>\n<link rel=\"canonical\" href=\"https:\/\/meprolim.es\/fr\/producto\/complementos-para-banos-y-dispensadores\/pavimentos-alfombras\/pavimentos-vinilo\/metro-nomad-terra-6050-3m-0-90-mts\/\" \/>\n<meta property=\"og:locale\" content=\"de_DE\" \/>\n<meta property=\"og:type\" content=\"article\" \/>\n<meta property=\"og:title\" content=\"METRO NOMAD TERRA 6050 3M 0.90 Mts - C\u00d3DIGO: AM0203 - Meprolim\" \/>\n<meta property=\"og:description\" content=\"Buena apariencia est\u00e9tica.  Gran capacidad para retener y esconder la suciedad.  Confortable.  F\u00e1cil de limpiar.  Duradera.  SKU: AM0203\" \/>\n<meta property=\"og:url\" content=\"https:\/\/meprolim.es\/fr\/producto\/complementos-para-banos-y-dispensadores\/pavimentos-alfombras\/pavimentos-vinilo\/metro-nomad-terra-6050-3m-0-90-mts\/\" \/>\n<meta property=\"og:site_name\" content=\"Meprolim\" \/>\n<meta property=\"article:modified_time\" content=\"2019-10-28T21:27:55+00:00\" \/>\n<meta property=\"og:image\" content=\"https:\/\/meprolim.es\/wp-content\/uploads\/2019\/08\/AM0203.jpg\" \/>\n\t<meta property=\"og:image:width\" content=\"768\" \/>\n\t<meta property=\"og:image:height\" content=\"768\" \/>\n\t<meta property=\"og:image:type\" content=\"image\/jpeg\" \/>\n<meta name=\"twitter:card\" content=\"summary_large_image\" \/>\n<script type=\"application\/ld+json\" class=\"yoast-schema-graph\">{\"@context\":\"https:\\\/\\\/schema.org\",\"@graph\":[{\"@type\":\"WebPage\",\"@id\":\"https:\\\/\\\/meprolim.es\\\/fr\\\/producto\\\/complementos-para-banos-y-dispensadores\\\/pavimentos-alfombras\\\/pavimentos-vinilo\\\/metro-nomad-terra-6050-3m-0-90-mts\\\/\",\"url\":\"https:\\\/\\\/meprolim.es\\\/fr\\\/producto\\\/complementos-para-banos-y-dispensadores\\\/pavimentos-alfombras\\\/pavimentos-vinilo\\\/metro-nomad-terra-6050-3m-0-90-mts\\\/\",\"name\":\"METRO NOMAD TERRA 6050 3M 0.90 Mts - C\u00d3DIGO: AM0203 - Meprolim\",\"isPartOf\":{\"@id\":\"https:\\\/\\\/meprolim.es\\\/fr\\\/#website\"},\"primaryImageOfPage\":{\"@id\":\"https:\\\/\\\/meprolim.es\\\/fr\\\/producto\\\/complementos-para-banos-y-dispensadores\\\/pavimentos-alfombras\\\/pavimentos-vinilo\\\/metro-nomad-terra-6050-3m-0-90-mts\\\/#primaryimage\"},\"image\":{\"@id\":\"https:\\\/\\\/meprolim.es\\\/fr\\\/producto\\\/complementos-para-banos-y-dispensadores\\\/pavimentos-alfombras\\\/pavimentos-vinilo\\\/metro-nomad-terra-6050-3m-0-90-mts\\\/#primaryimage\"},\"thumbnailUrl\":\"https:\\\/\\\/meprolim.es\\\/wp-content\\\/uploads\\\/2019\\\/08\\\/AM0203.jpg\",\"datePublished\":\"2019-08-22T08:50:46+00:00\",\"dateModified\":\"2019-10-28T21:27:55+00:00\",\"breadcrumb\":{\"@id\":\"https:\\\/\\\/meprolim.es\\\/fr\\\/producto\\\/complementos-para-banos-y-dispensadores\\\/pavimentos-alfombras\\\/pavimentos-vinilo\\\/metro-nomad-terra-6050-3m-0-90-mts\\\/#breadcrumb\"},\"inLanguage\":\"de\",\"potentialAction\":[{\"@type\":\"ReadAction\",\"target\":[\"https:\\\/\\\/meprolim.es\\\/fr\\\/producto\\\/complementos-para-banos-y-dispensadores\\\/pavimentos-alfombras\\\/pavimentos-vinilo\\\/metro-nomad-terra-6050-3m-0-90-mts\\\/\"]}]},{\"@type\":\"ImageObject\",\"inLanguage\":\"de\",\"@id\":\"https:\\\/\\\/meprolim.es\\\/fr\\\/producto\\\/complementos-para-banos-y-dispensadores\\\/pavimentos-alfombras\\\/pavimentos-vinilo\\\/metro-nomad-terra-6050-3m-0-90-mts\\\/#primaryimage\",\"url\":\"https:\\\/\\\/meprolim.es\\\/wp-content\\\/uploads\\\/2019\\\/08\\\/AM0203.jpg\",\"contentUrl\":\"https:\\\/\\\/meprolim.es\\\/wp-content\\\/uploads\\\/2019\\\/08\\\/AM0203.jpg\",\"width\":768,\"height\":768},{\"@type\":\"BreadcrumbList\",\"@id\":\"https:\\\/\\\/meprolim.es\\\/fr\\\/producto\\\/complementos-para-banos-y-dispensadores\\\/pavimentos-alfombras\\\/pavimentos-vinilo\\\/metro-nomad-terra-6050-3m-0-90-mts\\\/#breadcrumb\",\"itemListElement\":[{\"@type\":\"ListItem\",\"position\":1,\"name\":\"Portada\",\"item\":\"https:\\\/\\\/meprolim.es\\\/de\\\/\"},{\"@type\":\"ListItem\",\"position\":2,\"name\":\"Cat\u00e1logo\",\"item\":\"https:\\\/\\\/meprolim.es\\\/de\\\/catalogo\\\/\"},{\"@type\":\"ListItem\",\"position\":3,\"name\":\"METRO NOMAD TERRA 6050 3M 0.90 Mts &#8211; C\u00d3DIGO: AM0203\"}]},{\"@type\":\"WebSite\",\"@id\":\"https:\\\/\\\/meprolim.es\\\/fr\\\/#website\",\"url\":\"https:\\\/\\\/meprolim.es\\\/fr\\\/\",\"name\":\"Meprolim\",\"description\":\"Cavas Catalanas S.L.\",\"publisher\":{\"@id\":\"https:\\\/\\\/meprolim.es\\\/fr\\\/#organization\"},\"potentialAction\":[{\"@type\":\"SearchAction\",\"target\":{\"@type\":\"EntryPoint\",\"urlTemplate\":\"https:\\\/\\\/meprolim.es\\\/fr\\\/?s={search_term_string}\"},\"query-input\":{\"@type\":\"PropertyValueSpecification\",\"valueRequired\":true,\"valueName\":\"search_term_string\"}}],\"inLanguage\":\"de\"},{\"@type\":\"Organization\",\"@id\":\"https:\\\/\\\/meprolim.es\\\/fr\\\/#organization\",\"name\":\"Meprolim\",\"url\":\"https:\\\/\\\/meprolim.es\\\/fr\\\/\",\"logo\":{\"@type\":\"ImageObject\",\"inLanguage\":\"de\",\"@id\":\"https:\\\/\\\/meprolim.es\\\/fr\\\/#\\\/schema\\\/logo\\\/image\\\/\",\"url\":\"https:\\\/\\\/meprolim.es\\\/wp-content\\\/uploads\\\/2019\\\/07\\\/cropped-logo2.png\",\"contentUrl\":\"https:\\\/\\\/meprolim.es\\\/wp-content\\\/uploads\\\/2019\\\/07\\\/cropped-logo2.png\",\"width\":401,\"height\":162,\"caption\":\"Meprolim\"},\"image\":{\"@id\":\"https:\\\/\\\/meprolim.es\\\/fr\\\/#\\\/schema\\\/logo\\\/image\\\/\"}}]}<\/script>\n<!-- \/ Yoast SEO plugin. -->","yoast_head_json":{"title":"METRO NOMAD TERRA 6050 3M 0.90 Mts - C\u00d3DIGO: AM0203 - Meprolim","robots":{"index":"index","follow":"follow","max-snippet":"max-snippet:-1","max-image-preview":"max-image-preview:large","max-video-preview":"max-video-preview:-1"},"canonical":"https:\/\/meprolim.es\/fr\/producto\/complementos-para-banos-y-dispensadores\/pavimentos-alfombras\/pavimentos-vinilo\/metro-nomad-terra-6050-3m-0-90-mts\/","og_locale":"de_DE","og_type":"article","og_title":"METRO NOMAD TERRA 6050 3M 0.90 Mts - C\u00d3DIGO: AM0203 - Meprolim","og_description":"Buena apariencia est\u00e9tica.  Gran capacidad para retener y esconder la suciedad.  Confortable.  F\u00e1cil de limpiar.  Duradera.  SKU: AM0203","og_url":"https:\/\/meprolim.es\/fr\/producto\/complementos-para-banos-y-dispensadores\/pavimentos-alfombras\/pavimentos-vinilo\/metro-nomad-terra-6050-3m-0-90-mts\/","og_site_name":"Meprolim","article_modified_time":"2019-10-28T21:27:55+00:00","og_image":[{"width":768,"height":768,"url":"https:\/\/meprolim.es\/wp-content\/uploads\/2019\/08\/AM0203.jpg","type":"image\/jpeg"}],"twitter_card":"summary_large_image","schema":{"@context":"https:\/\/schema.org","@graph":[{"@type":"WebPage","@id":"https:\/\/meprolim.es\/fr\/producto\/complementos-para-banos-y-dispensadores\/pavimentos-alfombras\/pavimentos-vinilo\/metro-nomad-terra-6050-3m-0-90-mts\/","url":"https:\/\/meprolim.es\/fr\/producto\/complementos-para-banos-y-dispensadores\/pavimentos-alfombras\/pavimentos-vinilo\/metro-nomad-terra-6050-3m-0-90-mts\/","name":"METRO NOMAD TERRA 6050 3M 0.90 Mts - C\u00d3DIGO: AM0203 - Meprolim","isPartOf":{"@id":"https:\/\/meprolim.es\/fr\/#website"},"primaryImageOfPage":{"@id":"https:\/\/meprolim.es\/fr\/producto\/complementos-para-banos-y-dispensadores\/pavimentos-alfombras\/pavimentos-vinilo\/metro-nomad-terra-6050-3m-0-90-mts\/#primaryimage"},"image":{"@id":"https:\/\/meprolim.es\/fr\/producto\/complementos-para-banos-y-dispensadores\/pavimentos-alfombras\/pavimentos-vinilo\/metro-nomad-terra-6050-3m-0-90-mts\/#primaryimage"},"thumbnailUrl":"https:\/\/meprolim.es\/wp-content\/uploads\/2019\/08\/AM0203.jpg","datePublished":"2019-08-22T08:50:46+00:00","dateModified":"2019-10-28T21:27:55+00:00","breadcrumb":{"@id":"https:\/\/meprolim.es\/fr\/producto\/complementos-para-banos-y-dispensadores\/pavimentos-alfombras\/pavimentos-vinilo\/metro-nomad-terra-6050-3m-0-90-mts\/#breadcrumb"},"inLanguage":"de","potentialAction":[{"@type":"ReadAction","target":["https:\/\/meprolim.es\/fr\/producto\/complementos-para-banos-y-dispensadores\/pavimentos-alfombras\/pavimentos-vinilo\/metro-nomad-terra-6050-3m-0-90-mts\/"]}]},{"@type":"ImageObject","inLanguage":"de","@id":"https:\/\/meprolim.es\/fr\/producto\/complementos-para-banos-y-dispensadores\/pavimentos-alfombras\/pavimentos-vinilo\/metro-nomad-terra-6050-3m-0-90-mts\/#primaryimage","url":"https:\/\/meprolim.es\/wp-content\/uploads\/2019\/08\/AM0203.jpg","contentUrl":"https:\/\/meprolim.es\/wp-content\/uploads\/2019\/08\/AM0203.jpg","width":768,"height":768},{"@type":"BreadcrumbList","@id":"https:\/\/meprolim.es\/fr\/producto\/complementos-para-banos-y-dispensadores\/pavimentos-alfombras\/pavimentos-vinilo\/metro-nomad-terra-6050-3m-0-90-mts\/#breadcrumb","itemListElement":[{"@type":"ListItem","position":1,"name":"Portada","item":"https:\/\/meprolim.es\/de\/"},{"@type":"ListItem","position":2,"name":"Cat\u00e1logo","item":"https:\/\/meprolim.es\/de\/catalogo\/"},{"@type":"ListItem","position":3,"name":"METRO NOMAD TERRA 6050 3M 0.90 Mts &#8211; C\u00d3DIGO: AM0203"}]},{"@type":"WebSite","@id":"https:\/\/meprolim.es\/fr\/#website","url":"https:\/\/meprolim.es\/fr\/","name":"Meprolim","description":"Cavas Catalanas S.L.","publisher":{"@id":"https:\/\/meprolim.es\/fr\/#organization"},"potentialAction":[{"@type":"SearchAction","target":{"@type":"EntryPoint","urlTemplate":"https:\/\/meprolim.es\/fr\/?s={search_term_string}"},"query-input":{"@type":"PropertyValueSpecification","valueRequired":true,"valueName":"search_term_string"}}],"inLanguage":"de"},{"@type":"Organization","@id":"https:\/\/meprolim.es\/fr\/#organization","name":"Meprolim","url":"https:\/\/meprolim.es\/fr\/","logo":{"@type":"ImageObject","inLanguage":"de","@id":"https:\/\/meprolim.es\/fr\/#\/schema\/logo\/image\/","url":"https:\/\/meprolim.es\/wp-content\/uploads\/2019\/07\/cropped-logo2.png","contentUrl":"https:\/\/meprolim.es\/wp-content\/uploads\/2019\/07\/cropped-logo2.png","width":401,"height":162,"caption":"Meprolim"},"image":{"@id":"https:\/\/meprolim.es\/fr\/#\/schema\/logo\/image\/"}}]}},"_links":{"self":[{"href":"https:\/\/meprolim.es\/de\/wp-json\/wp\/v2\/product\/6895","targetHints":{"allow":["GET"]}}],"collection":[{"href":"https:\/\/meprolim.es\/de\/wp-json\/wp\/v2\/product"}],"about":[{"href":"https:\/\/meprolim.es\/de\/wp-json\/wp\/v2\/types\/product"}],"wp:featuredmedia":[{"embeddable":true,"href":"https:\/\/meprolim.es\/de\/wp-json\/wp\/v2\/media\/6890"}],"wp:attachment":[{"href":"https:\/\/meprolim.es\/de\/wp-json\/wp\/v2\/media?parent=6895"}],"wp:term":[{"taxonomy":"product_brand","embeddable":true,"href":"https:\/\/meprolim.es\/de\/wp-json\/wp\/v2\/product_brand?post=6895"},{"taxonomy":"product_cat","embeddable":true,"href":"https:\/\/meprolim.es\/de\/wp-json\/wp\/v2\/product_cat?post=6895"},{"taxonomy":"product_tag","embeddable":true,"href":"https:\/\/meprolim.es\/de\/wp-json\/wp\/v2\/product_tag?post=6895"}],"curies":[{"name":"wp","href":"https:\/\/api.w.org\/{rel}","templated":true}]}}