{"id":7058,"date":"2019-08-23T15:14:02","date_gmt":"2019-08-23T14:14:02","guid":{"rendered":"http:\/\/www.meprolim.es\/?post_type=product&#038;p=7058"},"modified":"2019-10-28T20:55:18","modified_gmt":"2019-10-28T20:55:18","slug":"secapelos-caribe-basico","status":"publish","type":"product","link":"https:\/\/meprolim.es\/de\/producto\/dispensadores-celulosa-y-complementos\/secadores-cabello-de-2\/secador-cabellos-mural-de-2\/secapelos-caribe-basico\/","title":{"rendered":"SECAPELOS CARIBE B\u00c1SICO &#8211; C\u00d3DIGO: FK0002"},"content":{"rendered":"<div class=\"wpb-content-wrapper\"><p>[vc_row][vc_column][vc_column_text]<\/p>\n<p>Secador de cabello con manguera.<\/p>\n<p>[\/vc_column_text][\/vc_column][\/vc_row]<\/p>\n<\/div>","protected":false},"excerpt":{"rendered":"<ul>\n<li>Secadores murales de dimensiones reducidas.<\/li>\n<li>Gran caudal de aire.<\/li>\n<li>Mango para facilitar el secado.<\/li>\n<li>Aseguran el \u00edndice de protecci\u00f3n contra la humedad m\u00e1s elevado del mercado.<\/li>\n<li>El c\u00f3digo FK0002 con opciones de temporizador de seguridad de 15 minutos y toma para m\u00e1quina de afeitar universal.<\/li>\n<\/ul>\n<p><strong>SKU: FK0002<\/strong><\/p>\n","protected":false},"featured_media":7059,"template":"","meta":[],"product_brand":[],"product_cat":[90,504,1135],"product_tag":[486,506,505],"class_list":{"0":"post-7058","1":"product","2":"type-product","3":"status-publish","4":"has-post-thumbnail","6":"product_cat-complementos-para-banos-y-dispensadores","7":"product_cat-secador-cabellos-mural","8":"product_cat-secadores-cabello","9":"product_tag-bano","10":"product_tag-secador-de-cabello","11":"product_tag-secador-de-pelo","13":"first","14":"instock","15":"shipping-taxable","16":"product-type-simple"},"yoast_head":"<!-- This site is optimized with the Yoast SEO plugin v27.4 - https:\/\/yoast.com\/product\/yoast-seo-wordpress\/ -->\n<title>SECAPELOS CARIBE B\u00c1SICO - C\u00d3DIGO: FK0002 - Meprolim<\/title>\n<meta name=\"robots\" content=\"index, follow, max-snippet:-1, max-image-preview:large, max-video-preview:-1\" \/>\n<link rel=\"canonical\" href=\"https:\/\/meprolim.es\/fr\/producto\/complementos-para-banos-y-dispensadores\/secadores-cabello\/secador-cabellos-mural\/secapelos-caribe-basico\/\" \/>\n<meta property=\"og:locale\" content=\"de_DE\" \/>\n<meta property=\"og:type\" content=\"article\" \/>\n<meta property=\"og:title\" content=\"SECAPELOS CARIBE B\u00c1SICO - C\u00d3DIGO: FK0002 - Meprolim\" \/>\n<meta property=\"og:description\" content=\"Secadores murales de dimensiones reducidas.  Gran caudal de aire.  Mango para facilitar el secado.  Aseguran el \u00edndice de protecci\u00f3n contra la humedad m\u00e1s elevado del mercado.  El c\u00f3digo FK0002 con opciones de temporizador de seguridad de 15 minutos y toma para m\u00e1quina de afeitar universal.  SKU: FK0002\" \/>\n<meta property=\"og:url\" content=\"https:\/\/meprolim.es\/fr\/producto\/complementos-para-banos-y-dispensadores\/secadores-cabello\/secador-cabellos-mural\/secapelos-caribe-basico\/\" \/>\n<meta property=\"og:site_name\" content=\"Meprolim\" \/>\n<meta property=\"article:modified_time\" content=\"2019-10-28T20:55:18+00:00\" \/>\n<meta property=\"og:image\" content=\"https:\/\/meprolim.es\/wp-content\/uploads\/2019\/08\/FK0002.jpg\" \/>\n\t<meta property=\"og:image:width\" content=\"768\" \/>\n\t<meta property=\"og:image:height\" content=\"768\" \/>\n\t<meta property=\"og:image:type\" content=\"image\/jpeg\" \/>\n<meta name=\"twitter:card\" content=\"summary_large_image\" \/>\n<script type=\"application\/ld+json\" class=\"yoast-schema-graph\">{\"@context\":\"https:\\\/\\\/schema.org\",\"@graph\":[{\"@type\":\"WebPage\",\"@id\":\"https:\\\/\\\/meprolim.es\\\/fr\\\/producto\\\/complementos-para-banos-y-dispensadores\\\/secadores-cabello\\\/secador-cabellos-mural\\\/secapelos-caribe-basico\\\/\",\"url\":\"https:\\\/\\\/meprolim.es\\\/fr\\\/producto\\\/complementos-para-banos-y-dispensadores\\\/secadores-cabello\\\/secador-cabellos-mural\\\/secapelos-caribe-basico\\\/\",\"name\":\"SECAPELOS CARIBE B\u00c1SICO - C\u00d3DIGO: FK0002 - Meprolim\",\"isPartOf\":{\"@id\":\"https:\\\/\\\/meprolim.es\\\/fr\\\/#website\"},\"primaryImageOfPage\":{\"@id\":\"https:\\\/\\\/meprolim.es\\\/fr\\\/producto\\\/complementos-para-banos-y-dispensadores\\\/secadores-cabello\\\/secador-cabellos-mural\\\/secapelos-caribe-basico\\\/#primaryimage\"},\"image\":{\"@id\":\"https:\\\/\\\/meprolim.es\\\/fr\\\/producto\\\/complementos-para-banos-y-dispensadores\\\/secadores-cabello\\\/secador-cabellos-mural\\\/secapelos-caribe-basico\\\/#primaryimage\"},\"thumbnailUrl\":\"https:\\\/\\\/meprolim.es\\\/wp-content\\\/uploads\\\/2019\\\/08\\\/FK0002.jpg\",\"datePublished\":\"2019-08-23T14:14:02+00:00\",\"dateModified\":\"2019-10-28T20:55:18+00:00\",\"breadcrumb\":{\"@id\":\"https:\\\/\\\/meprolim.es\\\/fr\\\/producto\\\/complementos-para-banos-y-dispensadores\\\/secadores-cabello\\\/secador-cabellos-mural\\\/secapelos-caribe-basico\\\/#breadcrumb\"},\"inLanguage\":\"de\",\"potentialAction\":[{\"@type\":\"ReadAction\",\"target\":[\"https:\\\/\\\/meprolim.es\\\/fr\\\/producto\\\/complementos-para-banos-y-dispensadores\\\/secadores-cabello\\\/secador-cabellos-mural\\\/secapelos-caribe-basico\\\/\"]}]},{\"@type\":\"ImageObject\",\"inLanguage\":\"de\",\"@id\":\"https:\\\/\\\/meprolim.es\\\/fr\\\/producto\\\/complementos-para-banos-y-dispensadores\\\/secadores-cabello\\\/secador-cabellos-mural\\\/secapelos-caribe-basico\\\/#primaryimage\",\"url\":\"https:\\\/\\\/meprolim.es\\\/wp-content\\\/uploads\\\/2019\\\/08\\\/FK0002.jpg\",\"contentUrl\":\"https:\\\/\\\/meprolim.es\\\/wp-content\\\/uploads\\\/2019\\\/08\\\/FK0002.jpg\",\"width\":768,\"height\":768},{\"@type\":\"BreadcrumbList\",\"@id\":\"https:\\\/\\\/meprolim.es\\\/fr\\\/producto\\\/complementos-para-banos-y-dispensadores\\\/secadores-cabello\\\/secador-cabellos-mural\\\/secapelos-caribe-basico\\\/#breadcrumb\",\"itemListElement\":[{\"@type\":\"ListItem\",\"position\":1,\"name\":\"Portada\",\"item\":\"https:\\\/\\\/meprolim.es\\\/de\\\/\"},{\"@type\":\"ListItem\",\"position\":2,\"name\":\"Cat\u00e1logo\",\"item\":\"https:\\\/\\\/meprolim.es\\\/de\\\/catalogo\\\/\"},{\"@type\":\"ListItem\",\"position\":3,\"name\":\"SECAPELOS CARIBE B\u00c1SICO &#8211; C\u00d3DIGO: FK0002\"}]},{\"@type\":\"WebSite\",\"@id\":\"https:\\\/\\\/meprolim.es\\\/fr\\\/#website\",\"url\":\"https:\\\/\\\/meprolim.es\\\/fr\\\/\",\"name\":\"Meprolim\",\"description\":\"Cavas Catalanas S.L.\",\"publisher\":{\"@id\":\"https:\\\/\\\/meprolim.es\\\/fr\\\/#organization\"},\"potentialAction\":[{\"@type\":\"SearchAction\",\"target\":{\"@type\":\"EntryPoint\",\"urlTemplate\":\"https:\\\/\\\/meprolim.es\\\/fr\\\/?s={search_term_string}\"},\"query-input\":{\"@type\":\"PropertyValueSpecification\",\"valueRequired\":true,\"valueName\":\"search_term_string\"}}],\"inLanguage\":\"de\"},{\"@type\":\"Organization\",\"@id\":\"https:\\\/\\\/meprolim.es\\\/fr\\\/#organization\",\"name\":\"Meprolim\",\"url\":\"https:\\\/\\\/meprolim.es\\\/fr\\\/\",\"logo\":{\"@type\":\"ImageObject\",\"inLanguage\":\"de\",\"@id\":\"https:\\\/\\\/meprolim.es\\\/fr\\\/#\\\/schema\\\/logo\\\/image\\\/\",\"url\":\"https:\\\/\\\/meprolim.es\\\/wp-content\\\/uploads\\\/2019\\\/07\\\/cropped-logo2.png\",\"contentUrl\":\"https:\\\/\\\/meprolim.es\\\/wp-content\\\/uploads\\\/2019\\\/07\\\/cropped-logo2.png\",\"width\":401,\"height\":162,\"caption\":\"Meprolim\"},\"image\":{\"@id\":\"https:\\\/\\\/meprolim.es\\\/fr\\\/#\\\/schema\\\/logo\\\/image\\\/\"}}]}<\/script>\n<!-- \/ Yoast SEO plugin. -->","yoast_head_json":{"title":"SECAPELOS CARIBE B\u00c1SICO - C\u00d3DIGO: FK0002 - Meprolim","robots":{"index":"index","follow":"follow","max-snippet":"max-snippet:-1","max-image-preview":"max-image-preview:large","max-video-preview":"max-video-preview:-1"},"canonical":"https:\/\/meprolim.es\/fr\/producto\/complementos-para-banos-y-dispensadores\/secadores-cabello\/secador-cabellos-mural\/secapelos-caribe-basico\/","og_locale":"de_DE","og_type":"article","og_title":"SECAPELOS CARIBE B\u00c1SICO - C\u00d3DIGO: FK0002 - Meprolim","og_description":"Secadores murales de dimensiones reducidas.  Gran caudal de aire.  Mango para facilitar el secado.  Aseguran el \u00edndice de protecci\u00f3n contra la humedad m\u00e1s elevado del mercado.  El c\u00f3digo FK0002 con opciones de temporizador de seguridad de 15 minutos y toma para m\u00e1quina de afeitar universal.  SKU: FK0002","og_url":"https:\/\/meprolim.es\/fr\/producto\/complementos-para-banos-y-dispensadores\/secadores-cabello\/secador-cabellos-mural\/secapelos-caribe-basico\/","og_site_name":"Meprolim","article_modified_time":"2019-10-28T20:55:18+00:00","og_image":[{"width":768,"height":768,"url":"https:\/\/meprolim.es\/wp-content\/uploads\/2019\/08\/FK0002.jpg","type":"image\/jpeg"}],"twitter_card":"summary_large_image","schema":{"@context":"https:\/\/schema.org","@graph":[{"@type":"WebPage","@id":"https:\/\/meprolim.es\/fr\/producto\/complementos-para-banos-y-dispensadores\/secadores-cabello\/secador-cabellos-mural\/secapelos-caribe-basico\/","url":"https:\/\/meprolim.es\/fr\/producto\/complementos-para-banos-y-dispensadores\/secadores-cabello\/secador-cabellos-mural\/secapelos-caribe-basico\/","name":"SECAPELOS CARIBE B\u00c1SICO - C\u00d3DIGO: FK0002 - Meprolim","isPartOf":{"@id":"https:\/\/meprolim.es\/fr\/#website"},"primaryImageOfPage":{"@id":"https:\/\/meprolim.es\/fr\/producto\/complementos-para-banos-y-dispensadores\/secadores-cabello\/secador-cabellos-mural\/secapelos-caribe-basico\/#primaryimage"},"image":{"@id":"https:\/\/meprolim.es\/fr\/producto\/complementos-para-banos-y-dispensadores\/secadores-cabello\/secador-cabellos-mural\/secapelos-caribe-basico\/#primaryimage"},"thumbnailUrl":"https:\/\/meprolim.es\/wp-content\/uploads\/2019\/08\/FK0002.jpg","datePublished":"2019-08-23T14:14:02+00:00","dateModified":"2019-10-28T20:55:18+00:00","breadcrumb":{"@id":"https:\/\/meprolim.es\/fr\/producto\/complementos-para-banos-y-dispensadores\/secadores-cabello\/secador-cabellos-mural\/secapelos-caribe-basico\/#breadcrumb"},"inLanguage":"de","potentialAction":[{"@type":"ReadAction","target":["https:\/\/meprolim.es\/fr\/producto\/complementos-para-banos-y-dispensadores\/secadores-cabello\/secador-cabellos-mural\/secapelos-caribe-basico\/"]}]},{"@type":"ImageObject","inLanguage":"de","@id":"https:\/\/meprolim.es\/fr\/producto\/complementos-para-banos-y-dispensadores\/secadores-cabello\/secador-cabellos-mural\/secapelos-caribe-basico\/#primaryimage","url":"https:\/\/meprolim.es\/wp-content\/uploads\/2019\/08\/FK0002.jpg","contentUrl":"https:\/\/meprolim.es\/wp-content\/uploads\/2019\/08\/FK0002.jpg","width":768,"height":768},{"@type":"BreadcrumbList","@id":"https:\/\/meprolim.es\/fr\/producto\/complementos-para-banos-y-dispensadores\/secadores-cabello\/secador-cabellos-mural\/secapelos-caribe-basico\/#breadcrumb","itemListElement":[{"@type":"ListItem","position":1,"name":"Portada","item":"https:\/\/meprolim.es\/de\/"},{"@type":"ListItem","position":2,"name":"Cat\u00e1logo","item":"https:\/\/meprolim.es\/de\/catalogo\/"},{"@type":"ListItem","position":3,"name":"SECAPELOS CARIBE B\u00c1SICO &#8211; C\u00d3DIGO: FK0002"}]},{"@type":"WebSite","@id":"https:\/\/meprolim.es\/fr\/#website","url":"https:\/\/meprolim.es\/fr\/","name":"Meprolim","description":"Cavas Catalanas S.L.","publisher":{"@id":"https:\/\/meprolim.es\/fr\/#organization"},"potentialAction":[{"@type":"SearchAction","target":{"@type":"EntryPoint","urlTemplate":"https:\/\/meprolim.es\/fr\/?s={search_term_string}"},"query-input":{"@type":"PropertyValueSpecification","valueRequired":true,"valueName":"search_term_string"}}],"inLanguage":"de"},{"@type":"Organization","@id":"https:\/\/meprolim.es\/fr\/#organization","name":"Meprolim","url":"https:\/\/meprolim.es\/fr\/","logo":{"@type":"ImageObject","inLanguage":"de","@id":"https:\/\/meprolim.es\/fr\/#\/schema\/logo\/image\/","url":"https:\/\/meprolim.es\/wp-content\/uploads\/2019\/07\/cropped-logo2.png","contentUrl":"https:\/\/meprolim.es\/wp-content\/uploads\/2019\/07\/cropped-logo2.png","width":401,"height":162,"caption":"Meprolim"},"image":{"@id":"https:\/\/meprolim.es\/fr\/#\/schema\/logo\/image\/"}}]}},"_links":{"self":[{"href":"https:\/\/meprolim.es\/de\/wp-json\/wp\/v2\/product\/7058","targetHints":{"allow":["GET"]}}],"collection":[{"href":"https:\/\/meprolim.es\/de\/wp-json\/wp\/v2\/product"}],"about":[{"href":"https:\/\/meprolim.es\/de\/wp-json\/wp\/v2\/types\/product"}],"wp:featuredmedia":[{"embeddable":true,"href":"https:\/\/meprolim.es\/de\/wp-json\/wp\/v2\/media\/7059"}],"wp:attachment":[{"href":"https:\/\/meprolim.es\/de\/wp-json\/wp\/v2\/media?parent=7058"}],"wp:term":[{"taxonomy":"product_brand","embeddable":true,"href":"https:\/\/meprolim.es\/de\/wp-json\/wp\/v2\/product_brand?post=7058"},{"taxonomy":"product_cat","embeddable":true,"href":"https:\/\/meprolim.es\/de\/wp-json\/wp\/v2\/product_cat?post=7058"},{"taxonomy":"product_tag","embeddable":true,"href":"https:\/\/meprolim.es\/de\/wp-json\/wp\/v2\/product_tag?post=7058"}],"curies":[{"name":"wp","href":"https:\/\/api.w.org\/{rel}","templated":true}]}}