{"id":7470,"date":"2019-08-25T22:37:31","date_gmt":"2019-08-25T21:37:31","guid":{"rendered":"http:\/\/www.meprolim.es\/?post_type=product&#038;p=7470"},"modified":"2019-10-27T20:03:34","modified_gmt":"2019-10-27T20:03:34","slug":"dispensador-tork-higienico-t6-elevation","status":"publish","type":"product","link":"https:\/\/meprolim.es\/de\/producto\/dispensadores-celulosa-y-complementos\/papel-servilletas-de-2\/papel-higienico-de-2\/sistema-t6-de-2\/dispensador-tork-higienico-t6-elevation\/","title":{"rendered":"DISPENSADOR TORK HIGI\u00c9NICO T6 ELEVATION &#8211; C\u00d3DIGO: CR2033"},"content":{"rendered":"<div class=\"wpb-content-wrapper\"><p>[vc_row][vc_column][vc_column_text]<\/p>\n<p style=\"text-align: justify;\">El dispensador de doble rollo de papel higi\u00e9nico de tama\u00f1o mediano de la l\u00ednea Tork Elevation es ideal para aseos con tr\u00e1nsito moderado o intenso en los que la satisfacci\u00f3n del cliente es primordial. Es sin\u00f3nimo de gran eficacia y garantiza que el usuario siempre tenga papel higi\u00e9nico disponible al ofrecer hasta seis veces m\u00e1s papel que dos rollos de papel higi\u00e9nico convencionales. Los dispensadores de la l\u00ednea Elevation tienen un dise\u00f1o moderno y funcional que causar\u00e1 buena impresi\u00f3n a sus clientes.\u00a0<\/p>\n<p style=\"text-align: justify;\">Cambio de rollo autom\u00e1tico que facilita al usuario el acceso al nuevo rollo los tubos vac\u00edos se quedan dentro del dispensador para evitar que haya residuos en el suelo el dise\u00f1o compacto del dispensador ahorra espacio.<\/p>\n<p>[\/vc_column_text][\/vc_column][\/vc_row]<\/p>\n<\/div>","protected":false},"excerpt":{"rendered":"<ul>\n<li>El sistema ideal para los servicios de uso muy frecuente.<\/li>\n<li>Soporte con capacidad para dos rollos.<\/li>\n<li>ABS blanco o grafito.<\/li>\n<li>34,4 x 18,4 x 14.<\/li>\n<\/ul>\n<p><strong>SKU: CR2033<\/strong><\/p>\n","protected":false},"featured_media":7471,"template":"","meta":[],"product_brand":[],"product_cat":[90,1114,518,553],"product_tag":[486,554],"class_list":{"0":"post-7470","1":"product","2":"type-product","3":"status-publish","4":"has-post-thumbnail","6":"product_cat-complementos-para-banos-y-dispensadores","7":"product_cat-papel-higienico","8":"product_cat-papel-servilletas","9":"product_cat-sistema-t6","10":"product_tag-bano","11":"product_tag-dispensador-papel-higienico","13":"first","14":"instock","15":"shipping-taxable","16":"product-type-simple"},"yoast_head":"<!-- This site is optimized with the Yoast SEO plugin v27.3 - https:\/\/yoast.com\/product\/yoast-seo-wordpress\/ -->\n<title>DISPENSADOR TORK HIGI\u00c9NICO T6 ELEVATION - C\u00d3DIGO: CR2033 - Meprolim<\/title>\n<meta name=\"robots\" content=\"index, follow, max-snippet:-1, max-image-preview:large, max-video-preview:-1\" \/>\n<link rel=\"canonical\" href=\"https:\/\/meprolim.es\/en\/producto\/complementos-para-banos-y-dispensadores\/papel-servilletas\/papel-higienico\/sistema-t6\/dispensador-tork-higienico-t6-elevation\/\" \/>\n<meta property=\"og:locale\" content=\"de_DE\" \/>\n<meta property=\"og:type\" content=\"article\" \/>\n<meta property=\"og:title\" content=\"DISPENSADOR TORK HIGI\u00c9NICO T6 ELEVATION - C\u00d3DIGO: CR2033 - Meprolim\" \/>\n<meta property=\"og:description\" content=\"El sistema ideal para los servicios de uso muy frecuente.  Soporte con capacidad para dos rollos.  ABS blanco o grafito.  34,4 x 18,4 x 14.  SKU: CR2033\" \/>\n<meta property=\"og:url\" content=\"https:\/\/meprolim.es\/en\/producto\/complementos-para-banos-y-dispensadores\/papel-servilletas\/papel-higienico\/sistema-t6\/dispensador-tork-higienico-t6-elevation\/\" \/>\n<meta property=\"og:site_name\" content=\"Meprolim\" \/>\n<meta property=\"article:modified_time\" content=\"2019-10-27T20:03:34+00:00\" \/>\n<meta property=\"og:image\" content=\"https:\/\/meprolim.es\/wp-content\/uploads\/2019\/08\/CR2033.jpg\" \/>\n\t<meta property=\"og:image:width\" content=\"768\" \/>\n\t<meta property=\"og:image:height\" content=\"768\" \/>\n\t<meta property=\"og:image:type\" content=\"image\/jpeg\" \/>\n<meta name=\"twitter:card\" content=\"summary_large_image\" \/>\n<meta name=\"twitter:label1\" content=\"Gesch\u00e4tzte Lesezeit\" \/>\n\t<meta name=\"twitter:data1\" content=\"1\u00a0Minute\" \/>\n<script type=\"application\/ld+json\" class=\"yoast-schema-graph\">{\"@context\":\"https:\\\/\\\/schema.org\",\"@graph\":[{\"@type\":\"WebPage\",\"@id\":\"https:\\\/\\\/meprolim.es\\\/en\\\/producto\\\/complementos-para-banos-y-dispensadores\\\/papel-servilletas\\\/papel-higienico\\\/sistema-t6\\\/dispensador-tork-higienico-t6-elevation\\\/\",\"url\":\"https:\\\/\\\/meprolim.es\\\/en\\\/producto\\\/complementos-para-banos-y-dispensadores\\\/papel-servilletas\\\/papel-higienico\\\/sistema-t6\\\/dispensador-tork-higienico-t6-elevation\\\/\",\"name\":\"DISPENSADOR TORK HIGI\u00c9NICO T6 ELEVATION - C\u00d3DIGO: CR2033 - Meprolim\",\"isPartOf\":{\"@id\":\"https:\\\/\\\/meprolim.es\\\/fr\\\/#website\"},\"primaryImageOfPage\":{\"@id\":\"https:\\\/\\\/meprolim.es\\\/en\\\/producto\\\/complementos-para-banos-y-dispensadores\\\/papel-servilletas\\\/papel-higienico\\\/sistema-t6\\\/dispensador-tork-higienico-t6-elevation\\\/#primaryimage\"},\"image\":{\"@id\":\"https:\\\/\\\/meprolim.es\\\/en\\\/producto\\\/complementos-para-banos-y-dispensadores\\\/papel-servilletas\\\/papel-higienico\\\/sistema-t6\\\/dispensador-tork-higienico-t6-elevation\\\/#primaryimage\"},\"thumbnailUrl\":\"https:\\\/\\\/meprolim.es\\\/wp-content\\\/uploads\\\/2019\\\/08\\\/CR2033.jpg\",\"datePublished\":\"2019-08-25T21:37:31+00:00\",\"dateModified\":\"2019-10-27T20:03:34+00:00\",\"breadcrumb\":{\"@id\":\"https:\\\/\\\/meprolim.es\\\/en\\\/producto\\\/complementos-para-banos-y-dispensadores\\\/papel-servilletas\\\/papel-higienico\\\/sistema-t6\\\/dispensador-tork-higienico-t6-elevation\\\/#breadcrumb\"},\"inLanguage\":\"de\",\"potentialAction\":[{\"@type\":\"ReadAction\",\"target\":[\"https:\\\/\\\/meprolim.es\\\/en\\\/producto\\\/complementos-para-banos-y-dispensadores\\\/papel-servilletas\\\/papel-higienico\\\/sistema-t6\\\/dispensador-tork-higienico-t6-elevation\\\/\"]}]},{\"@type\":\"ImageObject\",\"inLanguage\":\"de\",\"@id\":\"https:\\\/\\\/meprolim.es\\\/en\\\/producto\\\/complementos-para-banos-y-dispensadores\\\/papel-servilletas\\\/papel-higienico\\\/sistema-t6\\\/dispensador-tork-higienico-t6-elevation\\\/#primaryimage\",\"url\":\"https:\\\/\\\/meprolim.es\\\/wp-content\\\/uploads\\\/2019\\\/08\\\/CR2033.jpg\",\"contentUrl\":\"https:\\\/\\\/meprolim.es\\\/wp-content\\\/uploads\\\/2019\\\/08\\\/CR2033.jpg\",\"width\":768,\"height\":768},{\"@type\":\"BreadcrumbList\",\"@id\":\"https:\\\/\\\/meprolim.es\\\/en\\\/producto\\\/complementos-para-banos-y-dispensadores\\\/papel-servilletas\\\/papel-higienico\\\/sistema-t6\\\/dispensador-tork-higienico-t6-elevation\\\/#breadcrumb\",\"itemListElement\":[{\"@type\":\"ListItem\",\"position\":1,\"name\":\"Portada\",\"item\":\"https:\\\/\\\/meprolim.es\\\/de\\\/\"},{\"@type\":\"ListItem\",\"position\":2,\"name\":\"Cat\u00e1logo\",\"item\":\"https:\\\/\\\/meprolim.es\\\/de\\\/catalogo\\\/\"},{\"@type\":\"ListItem\",\"position\":3,\"name\":\"DISPENSADOR TORK HIGI\u00c9NICO T6 ELEVATION &#8211; C\u00d3DIGO: CR2033\"}]},{\"@type\":\"WebSite\",\"@id\":\"https:\\\/\\\/meprolim.es\\\/fr\\\/#website\",\"url\":\"https:\\\/\\\/meprolim.es\\\/fr\\\/\",\"name\":\"Meprolim\",\"description\":\"Cavas Catalanas S.L.\",\"publisher\":{\"@id\":\"https:\\\/\\\/meprolim.es\\\/fr\\\/#organization\"},\"potentialAction\":[{\"@type\":\"SearchAction\",\"target\":{\"@type\":\"EntryPoint\",\"urlTemplate\":\"https:\\\/\\\/meprolim.es\\\/fr\\\/?s={search_term_string}\"},\"query-input\":{\"@type\":\"PropertyValueSpecification\",\"valueRequired\":true,\"valueName\":\"search_term_string\"}}],\"inLanguage\":\"de\"},{\"@type\":\"Organization\",\"@id\":\"https:\\\/\\\/meprolim.es\\\/fr\\\/#organization\",\"name\":\"Meprolim\",\"url\":\"https:\\\/\\\/meprolim.es\\\/fr\\\/\",\"logo\":{\"@type\":\"ImageObject\",\"inLanguage\":\"de\",\"@id\":\"https:\\\/\\\/meprolim.es\\\/fr\\\/#\\\/schema\\\/logo\\\/image\\\/\",\"url\":\"https:\\\/\\\/meprolim.es\\\/wp-content\\\/uploads\\\/2019\\\/07\\\/cropped-logo2.png\",\"contentUrl\":\"https:\\\/\\\/meprolim.es\\\/wp-content\\\/uploads\\\/2019\\\/07\\\/cropped-logo2.png\",\"width\":401,\"height\":162,\"caption\":\"Meprolim\"},\"image\":{\"@id\":\"https:\\\/\\\/meprolim.es\\\/fr\\\/#\\\/schema\\\/logo\\\/image\\\/\"}}]}<\/script>\n<!-- \/ Yoast SEO plugin. -->","yoast_head_json":{"title":"DISPENSADOR TORK HIGI\u00c9NICO T6 ELEVATION - C\u00d3DIGO: CR2033 - Meprolim","robots":{"index":"index","follow":"follow","max-snippet":"max-snippet:-1","max-image-preview":"max-image-preview:large","max-video-preview":"max-video-preview:-1"},"canonical":"https:\/\/meprolim.es\/en\/producto\/complementos-para-banos-y-dispensadores\/papel-servilletas\/papel-higienico\/sistema-t6\/dispensador-tork-higienico-t6-elevation\/","og_locale":"de_DE","og_type":"article","og_title":"DISPENSADOR TORK HIGI\u00c9NICO T6 ELEVATION - C\u00d3DIGO: CR2033 - Meprolim","og_description":"El sistema ideal para los servicios de uso muy frecuente.  Soporte con capacidad para dos rollos.  ABS blanco o grafito.  34,4 x 18,4 x 14.  SKU: CR2033","og_url":"https:\/\/meprolim.es\/en\/producto\/complementos-para-banos-y-dispensadores\/papel-servilletas\/papel-higienico\/sistema-t6\/dispensador-tork-higienico-t6-elevation\/","og_site_name":"Meprolim","article_modified_time":"2019-10-27T20:03:34+00:00","og_image":[{"width":768,"height":768,"url":"https:\/\/meprolim.es\/wp-content\/uploads\/2019\/08\/CR2033.jpg","type":"image\/jpeg"}],"twitter_card":"summary_large_image","twitter_misc":{"Gesch\u00e4tzte Lesezeit":"1\u00a0Minute"},"schema":{"@context":"https:\/\/schema.org","@graph":[{"@type":"WebPage","@id":"https:\/\/meprolim.es\/en\/producto\/complementos-para-banos-y-dispensadores\/papel-servilletas\/papel-higienico\/sistema-t6\/dispensador-tork-higienico-t6-elevation\/","url":"https:\/\/meprolim.es\/en\/producto\/complementos-para-banos-y-dispensadores\/papel-servilletas\/papel-higienico\/sistema-t6\/dispensador-tork-higienico-t6-elevation\/","name":"DISPENSADOR TORK HIGI\u00c9NICO T6 ELEVATION - C\u00d3DIGO: CR2033 - Meprolim","isPartOf":{"@id":"https:\/\/meprolim.es\/fr\/#website"},"primaryImageOfPage":{"@id":"https:\/\/meprolim.es\/en\/producto\/complementos-para-banos-y-dispensadores\/papel-servilletas\/papel-higienico\/sistema-t6\/dispensador-tork-higienico-t6-elevation\/#primaryimage"},"image":{"@id":"https:\/\/meprolim.es\/en\/producto\/complementos-para-banos-y-dispensadores\/papel-servilletas\/papel-higienico\/sistema-t6\/dispensador-tork-higienico-t6-elevation\/#primaryimage"},"thumbnailUrl":"https:\/\/meprolim.es\/wp-content\/uploads\/2019\/08\/CR2033.jpg","datePublished":"2019-08-25T21:37:31+00:00","dateModified":"2019-10-27T20:03:34+00:00","breadcrumb":{"@id":"https:\/\/meprolim.es\/en\/producto\/complementos-para-banos-y-dispensadores\/papel-servilletas\/papel-higienico\/sistema-t6\/dispensador-tork-higienico-t6-elevation\/#breadcrumb"},"inLanguage":"de","potentialAction":[{"@type":"ReadAction","target":["https:\/\/meprolim.es\/en\/producto\/complementos-para-banos-y-dispensadores\/papel-servilletas\/papel-higienico\/sistema-t6\/dispensador-tork-higienico-t6-elevation\/"]}]},{"@type":"ImageObject","inLanguage":"de","@id":"https:\/\/meprolim.es\/en\/producto\/complementos-para-banos-y-dispensadores\/papel-servilletas\/papel-higienico\/sistema-t6\/dispensador-tork-higienico-t6-elevation\/#primaryimage","url":"https:\/\/meprolim.es\/wp-content\/uploads\/2019\/08\/CR2033.jpg","contentUrl":"https:\/\/meprolim.es\/wp-content\/uploads\/2019\/08\/CR2033.jpg","width":768,"height":768},{"@type":"BreadcrumbList","@id":"https:\/\/meprolim.es\/en\/producto\/complementos-para-banos-y-dispensadores\/papel-servilletas\/papel-higienico\/sistema-t6\/dispensador-tork-higienico-t6-elevation\/#breadcrumb","itemListElement":[{"@type":"ListItem","position":1,"name":"Portada","item":"https:\/\/meprolim.es\/de\/"},{"@type":"ListItem","position":2,"name":"Cat\u00e1logo","item":"https:\/\/meprolim.es\/de\/catalogo\/"},{"@type":"ListItem","position":3,"name":"DISPENSADOR TORK HIGI\u00c9NICO T6 ELEVATION &#8211; C\u00d3DIGO: CR2033"}]},{"@type":"WebSite","@id":"https:\/\/meprolim.es\/fr\/#website","url":"https:\/\/meprolim.es\/fr\/","name":"Meprolim","description":"Cavas Catalanas S.L.","publisher":{"@id":"https:\/\/meprolim.es\/fr\/#organization"},"potentialAction":[{"@type":"SearchAction","target":{"@type":"EntryPoint","urlTemplate":"https:\/\/meprolim.es\/fr\/?s={search_term_string}"},"query-input":{"@type":"PropertyValueSpecification","valueRequired":true,"valueName":"search_term_string"}}],"inLanguage":"de"},{"@type":"Organization","@id":"https:\/\/meprolim.es\/fr\/#organization","name":"Meprolim","url":"https:\/\/meprolim.es\/fr\/","logo":{"@type":"ImageObject","inLanguage":"de","@id":"https:\/\/meprolim.es\/fr\/#\/schema\/logo\/image\/","url":"https:\/\/meprolim.es\/wp-content\/uploads\/2019\/07\/cropped-logo2.png","contentUrl":"https:\/\/meprolim.es\/wp-content\/uploads\/2019\/07\/cropped-logo2.png","width":401,"height":162,"caption":"Meprolim"},"image":{"@id":"https:\/\/meprolim.es\/fr\/#\/schema\/logo\/image\/"}}]}},"_links":{"self":[{"href":"https:\/\/meprolim.es\/de\/wp-json\/wp\/v2\/product\/7470","targetHints":{"allow":["GET"]}}],"collection":[{"href":"https:\/\/meprolim.es\/de\/wp-json\/wp\/v2\/product"}],"about":[{"href":"https:\/\/meprolim.es\/de\/wp-json\/wp\/v2\/types\/product"}],"wp:featuredmedia":[{"embeddable":true,"href":"https:\/\/meprolim.es\/de\/wp-json\/wp\/v2\/media\/7471"}],"wp:attachment":[{"href":"https:\/\/meprolim.es\/de\/wp-json\/wp\/v2\/media?parent=7470"}],"wp:term":[{"taxonomy":"product_brand","embeddable":true,"href":"https:\/\/meprolim.es\/de\/wp-json\/wp\/v2\/product_brand?post=7470"},{"taxonomy":"product_cat","embeddable":true,"href":"https:\/\/meprolim.es\/de\/wp-json\/wp\/v2\/product_cat?post=7470"},{"taxonomy":"product_tag","embeddable":true,"href":"https:\/\/meprolim.es\/de\/wp-json\/wp\/v2\/product_tag?post=7470"}],"curies":[{"name":"wp","href":"https:\/\/api.w.org\/{rel}","templated":true}]}}