{"id":7540,"date":"2019-08-26T03:05:58","date_gmt":"2019-08-26T02:05:58","guid":{"rendered":"http:\/\/www.meprolim.es\/?post_type=product&#038;p=7540"},"modified":"2019-10-27T19:18:11","modified_gmt":"2019-10-27T19:18:11","slug":"dispensador-portable-reflex-bobina","status":"publish","type":"product","link":"https:\/\/meprolim.es\/de\/producto\/dispensadores-celulosa-y-complementos\/papel-servilletas-de-2\/papel-secamanos-de-2\/sistema-reflex-de-2\/dispensador-portable-reflex-bobina\/","title":{"rendered":"DISPENSADOR PORTABLE REFLEX + BOBINA &#8211; C\u00d3DIGO: CR2044"},"content":{"rendered":"<div class=\"wpb-content-wrapper\"><p>[vc_row][vc_column][vc_column_text]<\/p>\n<p style=\"text-align: justify;\">Tork\u00ae dispensador de alimentaci\u00f3n central port\u00e1til ReflexTM es la soluci\u00f3n ideal para entornos profesionales en los que se necesita acceso r\u00e1pido a un producto de secado. Este sistema, con dispensaci\u00f3n individual, controla el consumo hasta en un 37 % en comparaci\u00f3n con el sistema Tork\u00ae alimentaci\u00f3n central.<\/p>\n<p style=\"text-align: justify;\">El dise\u00f1o resistente del asa facilita el transporte. Facilidad de uso con una sola mano. Reduce el riesgo de contaminaci\u00f3n cruzada dado que los usuarios solo tocan lo que usan. Mejora el nivel general de limpieza, ya que facilita las tareas de limpieza.<\/p>\n<p>[\/vc_column_text][\/vc_column][\/vc_row]<\/p>\n<\/div>","protected":false},"excerpt":{"rendered":"<ul>\n<li>Port\u00e1tiles y pr\u00e1cticos dispensadores hoja a hoja.<\/li>\n<li>Reducen el consumo y los residuos.<\/li>\n<li>Dispensador y bobina 23,8\u00a0 x \u00d8 23,6 cm<\/li>\n<\/ul>\n<p><strong>SKU: CR2044<\/strong><\/p>\n","protected":false},"featured_media":7538,"template":"","meta":[],"product_brand":[],"product_cat":[90,1116,518,567],"product_tag":[486,569,570,565],"class_list":{"0":"post-7540","1":"product","2":"type-product","3":"status-publish","4":"has-post-thumbnail","6":"product_cat-complementos-para-banos-y-dispensadores","7":"product_cat-papel-secamanos","8":"product_cat-papel-servilletas","9":"product_cat-sistema-reflex","10":"product_tag-bano","11":"product_tag-papel-autocorte","12":"product_tag-papel-de-limpieza","13":"product_tag-papel-de-manos","15":"first","16":"instock","17":"shipping-taxable","18":"product-type-simple"},"yoast_head":"<!-- This site is optimized with the Yoast SEO plugin v27.3 - https:\/\/yoast.com\/product\/yoast-seo-wordpress\/ -->\n<title>DISPENSADOR PORTABLE REFLEX + BOBINA - C\u00d3DIGO: CR2044 - Meprolim<\/title>\n<meta name=\"robots\" content=\"index, follow, max-snippet:-1, max-image-preview:large, max-video-preview:-1\" \/>\n<link rel=\"canonical\" href=\"https:\/\/meprolim.es\/producto\/complementos-para-banos-y-dispensadores\/papel-servilletas\/papel-secamanos\/sistema-reflex\/dispensador-portable-reflex-bobina\/\" \/>\n<meta property=\"og:locale\" content=\"de_DE\" \/>\n<meta property=\"og:type\" content=\"article\" \/>\n<meta property=\"og:title\" content=\"DISPENSADOR PORTABLE REFLEX + BOBINA - C\u00d3DIGO: CR2044 - Meprolim\" \/>\n<meta property=\"og:description\" content=\"Port\u00e1tiles y pr\u00e1cticos dispensadores hoja a hoja.  Reducen el consumo y los residuos.  Dispensador y bobina 23,8\u00a0 x \u00d8 23,6 cm  SKU: CR2044\" \/>\n<meta property=\"og:url\" content=\"https:\/\/meprolim.es\/producto\/complementos-para-banos-y-dispensadores\/papel-servilletas\/papel-secamanos\/sistema-reflex\/dispensador-portable-reflex-bobina\/\" \/>\n<meta property=\"og:site_name\" content=\"Meprolim\" \/>\n<meta property=\"article:modified_time\" content=\"2019-10-27T19:18:11+00:00\" \/>\n<meta property=\"og:image\" content=\"https:\/\/meprolim.es\/wp-content\/uploads\/2019\/08\/CR2044.jpg\" \/>\n\t<meta property=\"og:image:width\" content=\"768\" \/>\n\t<meta property=\"og:image:height\" content=\"768\" \/>\n\t<meta property=\"og:image:type\" content=\"image\/jpeg\" \/>\n<meta name=\"twitter:card\" content=\"summary_large_image\" \/>\n<meta name=\"twitter:label1\" content=\"Gesch\u00e4tzte Lesezeit\" \/>\n\t<meta name=\"twitter:data1\" content=\"1\u00a0Minute\" \/>\n<script type=\"application\/ld+json\" class=\"yoast-schema-graph\">{\"@context\":\"https:\\\/\\\/schema.org\",\"@graph\":[{\"@type\":\"WebPage\",\"@id\":\"https:\\\/\\\/meprolim.es\\\/producto\\\/complementos-para-banos-y-dispensadores\\\/papel-servilletas\\\/papel-secamanos\\\/sistema-reflex\\\/dispensador-portable-reflex-bobina\\\/\",\"url\":\"https:\\\/\\\/meprolim.es\\\/producto\\\/complementos-para-banos-y-dispensadores\\\/papel-servilletas\\\/papel-secamanos\\\/sistema-reflex\\\/dispensador-portable-reflex-bobina\\\/\",\"name\":\"DISPENSADOR PORTABLE REFLEX + BOBINA - C\u00d3DIGO: CR2044 - Meprolim\",\"isPartOf\":{\"@id\":\"https:\\\/\\\/meprolim.es\\\/fr\\\/#website\"},\"primaryImageOfPage\":{\"@id\":\"https:\\\/\\\/meprolim.es\\\/producto\\\/complementos-para-banos-y-dispensadores\\\/papel-servilletas\\\/papel-secamanos\\\/sistema-reflex\\\/dispensador-portable-reflex-bobina\\\/#primaryimage\"},\"image\":{\"@id\":\"https:\\\/\\\/meprolim.es\\\/producto\\\/complementos-para-banos-y-dispensadores\\\/papel-servilletas\\\/papel-secamanos\\\/sistema-reflex\\\/dispensador-portable-reflex-bobina\\\/#primaryimage\"},\"thumbnailUrl\":\"https:\\\/\\\/meprolim.es\\\/wp-content\\\/uploads\\\/2019\\\/08\\\/CR2044.jpg\",\"datePublished\":\"2019-08-26T02:05:58+00:00\",\"dateModified\":\"2019-10-27T19:18:11+00:00\",\"breadcrumb\":{\"@id\":\"https:\\\/\\\/meprolim.es\\\/producto\\\/complementos-para-banos-y-dispensadores\\\/papel-servilletas\\\/papel-secamanos\\\/sistema-reflex\\\/dispensador-portable-reflex-bobina\\\/#breadcrumb\"},\"inLanguage\":\"de\",\"potentialAction\":[{\"@type\":\"ReadAction\",\"target\":[\"https:\\\/\\\/meprolim.es\\\/producto\\\/complementos-para-banos-y-dispensadores\\\/papel-servilletas\\\/papel-secamanos\\\/sistema-reflex\\\/dispensador-portable-reflex-bobina\\\/\"]}]},{\"@type\":\"ImageObject\",\"inLanguage\":\"de\",\"@id\":\"https:\\\/\\\/meprolim.es\\\/producto\\\/complementos-para-banos-y-dispensadores\\\/papel-servilletas\\\/papel-secamanos\\\/sistema-reflex\\\/dispensador-portable-reflex-bobina\\\/#primaryimage\",\"url\":\"https:\\\/\\\/meprolim.es\\\/wp-content\\\/uploads\\\/2019\\\/08\\\/CR2044.jpg\",\"contentUrl\":\"https:\\\/\\\/meprolim.es\\\/wp-content\\\/uploads\\\/2019\\\/08\\\/CR2044.jpg\",\"width\":768,\"height\":768},{\"@type\":\"BreadcrumbList\",\"@id\":\"https:\\\/\\\/meprolim.es\\\/producto\\\/complementos-para-banos-y-dispensadores\\\/papel-servilletas\\\/papel-secamanos\\\/sistema-reflex\\\/dispensador-portable-reflex-bobina\\\/#breadcrumb\",\"itemListElement\":[{\"@type\":\"ListItem\",\"position\":1,\"name\":\"Portada\",\"item\":\"https:\\\/\\\/meprolim.es\\\/de\\\/\"},{\"@type\":\"ListItem\",\"position\":2,\"name\":\"Cat\u00e1logo\",\"item\":\"https:\\\/\\\/meprolim.es\\\/de\\\/catalogo\\\/\"},{\"@type\":\"ListItem\",\"position\":3,\"name\":\"DISPENSADOR PORTABLE REFLEX + BOBINA &#8211; C\u00d3DIGO: CR2044\"}]},{\"@type\":\"WebSite\",\"@id\":\"https:\\\/\\\/meprolim.es\\\/fr\\\/#website\",\"url\":\"https:\\\/\\\/meprolim.es\\\/fr\\\/\",\"name\":\"Meprolim\",\"description\":\"Cavas Catalanas S.L.\",\"publisher\":{\"@id\":\"https:\\\/\\\/meprolim.es\\\/fr\\\/#organization\"},\"potentialAction\":[{\"@type\":\"SearchAction\",\"target\":{\"@type\":\"EntryPoint\",\"urlTemplate\":\"https:\\\/\\\/meprolim.es\\\/fr\\\/?s={search_term_string}\"},\"query-input\":{\"@type\":\"PropertyValueSpecification\",\"valueRequired\":true,\"valueName\":\"search_term_string\"}}],\"inLanguage\":\"de\"},{\"@type\":\"Organization\",\"@id\":\"https:\\\/\\\/meprolim.es\\\/fr\\\/#organization\",\"name\":\"Meprolim\",\"url\":\"https:\\\/\\\/meprolim.es\\\/fr\\\/\",\"logo\":{\"@type\":\"ImageObject\",\"inLanguage\":\"de\",\"@id\":\"https:\\\/\\\/meprolim.es\\\/fr\\\/#\\\/schema\\\/logo\\\/image\\\/\",\"url\":\"https:\\\/\\\/meprolim.es\\\/wp-content\\\/uploads\\\/2019\\\/07\\\/cropped-logo2.png\",\"contentUrl\":\"https:\\\/\\\/meprolim.es\\\/wp-content\\\/uploads\\\/2019\\\/07\\\/cropped-logo2.png\",\"width\":401,\"height\":162,\"caption\":\"Meprolim\"},\"image\":{\"@id\":\"https:\\\/\\\/meprolim.es\\\/fr\\\/#\\\/schema\\\/logo\\\/image\\\/\"}}]}<\/script>\n<!-- \/ Yoast SEO plugin. -->","yoast_head_json":{"title":"DISPENSADOR PORTABLE REFLEX + BOBINA - C\u00d3DIGO: CR2044 - Meprolim","robots":{"index":"index","follow":"follow","max-snippet":"max-snippet:-1","max-image-preview":"max-image-preview:large","max-video-preview":"max-video-preview:-1"},"canonical":"https:\/\/meprolim.es\/producto\/complementos-para-banos-y-dispensadores\/papel-servilletas\/papel-secamanos\/sistema-reflex\/dispensador-portable-reflex-bobina\/","og_locale":"de_DE","og_type":"article","og_title":"DISPENSADOR PORTABLE REFLEX + BOBINA - C\u00d3DIGO: CR2044 - Meprolim","og_description":"Port\u00e1tiles y pr\u00e1cticos dispensadores hoja a hoja.  Reducen el consumo y los residuos.  Dispensador y bobina 23,8\u00a0 x \u00d8 23,6 cm  SKU: CR2044","og_url":"https:\/\/meprolim.es\/producto\/complementos-para-banos-y-dispensadores\/papel-servilletas\/papel-secamanos\/sistema-reflex\/dispensador-portable-reflex-bobina\/","og_site_name":"Meprolim","article_modified_time":"2019-10-27T19:18:11+00:00","og_image":[{"width":768,"height":768,"url":"https:\/\/meprolim.es\/wp-content\/uploads\/2019\/08\/CR2044.jpg","type":"image\/jpeg"}],"twitter_card":"summary_large_image","twitter_misc":{"Gesch\u00e4tzte Lesezeit":"1\u00a0Minute"},"schema":{"@context":"https:\/\/schema.org","@graph":[{"@type":"WebPage","@id":"https:\/\/meprolim.es\/producto\/complementos-para-banos-y-dispensadores\/papel-servilletas\/papel-secamanos\/sistema-reflex\/dispensador-portable-reflex-bobina\/","url":"https:\/\/meprolim.es\/producto\/complementos-para-banos-y-dispensadores\/papel-servilletas\/papel-secamanos\/sistema-reflex\/dispensador-portable-reflex-bobina\/","name":"DISPENSADOR PORTABLE REFLEX + BOBINA - C\u00d3DIGO: CR2044 - Meprolim","isPartOf":{"@id":"https:\/\/meprolim.es\/fr\/#website"},"primaryImageOfPage":{"@id":"https:\/\/meprolim.es\/producto\/complementos-para-banos-y-dispensadores\/papel-servilletas\/papel-secamanos\/sistema-reflex\/dispensador-portable-reflex-bobina\/#primaryimage"},"image":{"@id":"https:\/\/meprolim.es\/producto\/complementos-para-banos-y-dispensadores\/papel-servilletas\/papel-secamanos\/sistema-reflex\/dispensador-portable-reflex-bobina\/#primaryimage"},"thumbnailUrl":"https:\/\/meprolim.es\/wp-content\/uploads\/2019\/08\/CR2044.jpg","datePublished":"2019-08-26T02:05:58+00:00","dateModified":"2019-10-27T19:18:11+00:00","breadcrumb":{"@id":"https:\/\/meprolim.es\/producto\/complementos-para-banos-y-dispensadores\/papel-servilletas\/papel-secamanos\/sistema-reflex\/dispensador-portable-reflex-bobina\/#breadcrumb"},"inLanguage":"de","potentialAction":[{"@type":"ReadAction","target":["https:\/\/meprolim.es\/producto\/complementos-para-banos-y-dispensadores\/papel-servilletas\/papel-secamanos\/sistema-reflex\/dispensador-portable-reflex-bobina\/"]}]},{"@type":"ImageObject","inLanguage":"de","@id":"https:\/\/meprolim.es\/producto\/complementos-para-banos-y-dispensadores\/papel-servilletas\/papel-secamanos\/sistema-reflex\/dispensador-portable-reflex-bobina\/#primaryimage","url":"https:\/\/meprolim.es\/wp-content\/uploads\/2019\/08\/CR2044.jpg","contentUrl":"https:\/\/meprolim.es\/wp-content\/uploads\/2019\/08\/CR2044.jpg","width":768,"height":768},{"@type":"BreadcrumbList","@id":"https:\/\/meprolim.es\/producto\/complementos-para-banos-y-dispensadores\/papel-servilletas\/papel-secamanos\/sistema-reflex\/dispensador-portable-reflex-bobina\/#breadcrumb","itemListElement":[{"@type":"ListItem","position":1,"name":"Portada","item":"https:\/\/meprolim.es\/de\/"},{"@type":"ListItem","position":2,"name":"Cat\u00e1logo","item":"https:\/\/meprolim.es\/de\/catalogo\/"},{"@type":"ListItem","position":3,"name":"DISPENSADOR PORTABLE REFLEX + BOBINA &#8211; C\u00d3DIGO: CR2044"}]},{"@type":"WebSite","@id":"https:\/\/meprolim.es\/fr\/#website","url":"https:\/\/meprolim.es\/fr\/","name":"Meprolim","description":"Cavas Catalanas S.L.","publisher":{"@id":"https:\/\/meprolim.es\/fr\/#organization"},"potentialAction":[{"@type":"SearchAction","target":{"@type":"EntryPoint","urlTemplate":"https:\/\/meprolim.es\/fr\/?s={search_term_string}"},"query-input":{"@type":"PropertyValueSpecification","valueRequired":true,"valueName":"search_term_string"}}],"inLanguage":"de"},{"@type":"Organization","@id":"https:\/\/meprolim.es\/fr\/#organization","name":"Meprolim","url":"https:\/\/meprolim.es\/fr\/","logo":{"@type":"ImageObject","inLanguage":"de","@id":"https:\/\/meprolim.es\/fr\/#\/schema\/logo\/image\/","url":"https:\/\/meprolim.es\/wp-content\/uploads\/2019\/07\/cropped-logo2.png","contentUrl":"https:\/\/meprolim.es\/wp-content\/uploads\/2019\/07\/cropped-logo2.png","width":401,"height":162,"caption":"Meprolim"},"image":{"@id":"https:\/\/meprolim.es\/fr\/#\/schema\/logo\/image\/"}}]}},"_links":{"self":[{"href":"https:\/\/meprolim.es\/de\/wp-json\/wp\/v2\/product\/7540","targetHints":{"allow":["GET"]}}],"collection":[{"href":"https:\/\/meprolim.es\/de\/wp-json\/wp\/v2\/product"}],"about":[{"href":"https:\/\/meprolim.es\/de\/wp-json\/wp\/v2\/types\/product"}],"wp:featuredmedia":[{"embeddable":true,"href":"https:\/\/meprolim.es\/de\/wp-json\/wp\/v2\/media\/7538"}],"wp:attachment":[{"href":"https:\/\/meprolim.es\/de\/wp-json\/wp\/v2\/media?parent=7540"}],"wp:term":[{"taxonomy":"product_brand","embeddable":true,"href":"https:\/\/meprolim.es\/de\/wp-json\/wp\/v2\/product_brand?post=7540"},{"taxonomy":"product_cat","embeddable":true,"href":"https:\/\/meprolim.es\/de\/wp-json\/wp\/v2\/product_cat?post=7540"},{"taxonomy":"product_tag","embeddable":true,"href":"https:\/\/meprolim.es\/de\/wp-json\/wp\/v2\/product_tag?post=7540"}],"curies":[{"name":"wp","href":"https:\/\/api.w.org\/{rel}","templated":true}]}}