{"id":8071,"date":"2019-08-29T11:40:13","date_gmt":"2019-08-29T10:40:13","guid":{"rendered":"http:\/\/www.meprolim.es\/?post_type=product&#038;p=8071"},"modified":"2023-05-27T20:48:53","modified_gmt":"2023-05-27T19:48:53","slug":"bidon-5kg-suciwax-unix-lavicera","status":"publish","type":"product","link":"https:\/\/meprolim.es\/de\/producto\/quimicos-y-articulos-de-limpieza\/productos-quimicos-industriales-de-2\/detergentes-neutros-autobrillantes-de-2\/bidon-5kg-suciwax-unix-lavicera\/","title":{"rendered":"BID\u00d3N 5 KG SUCIWAX UNIX LAVICERA &#8211; C\u00d3DIGO: BX5002"},"content":{"rendered":"<div class=\"wpb-content-wrapper\"><p>[vc_row][vc_column][vc_column_text]<\/p>\n<p style=\"text-align: justify;\">Elimina la suciedad y las marcas de huellas. Protege el pavimento y restaura el brillo. Facilita la eliminaci\u00f3n de chicles y adhesivos. No resbala ni marca pisadas. Forma una pel\u00edcula invisible que protege la superficie. Retrasa la aparici\u00f3n de suciedad.<\/p>\n<p>[\/vc_column_text][\/vc_column][\/vc_row]<\/p>\n<\/div>","protected":false},"excerpt":{"rendered":"<p>Caracter\u00edsticas:<\/p>\n<ul>\n<li>Elimina la suciedad y las marcas de huellas.<\/li>\n<li>Protege el pavimento y restaura el brillo.<\/li>\n<li>Facilita la eliminaci\u00f3n de chicles y adhesivos.<\/li>\n<li>No resbala ni marca pisadas.<\/li>\n<li>Forma una pel\u00edcula invisible que protege la superficie.<\/li>\n<li>Retrasa la aparici\u00f3n de suciedad.<\/li>\n<li>Su f\u00f3rmula favorece la disminuci\u00f3n de la carga electrost\u00e1tica de los pavimentos.<\/li>\n<\/ul>\n<p>Datos t\u00e9cnicos:<\/p>\n<ul>\n<li>Bid\u00f3n de 5 litros.<\/li>\n<li>Producto l\u00edquido opalescente.<\/li>\n<li>Color: rosa.<\/li>\n<li>Perfume: floral.<\/li>\n<li>USO CON M\u00c1QUINA: dosificar 0,5-2% de producto en el dep\u00f3sito del agua limpia.<\/li>\n<li>Proceder del modo habitual.<\/li>\n<\/ul>\n<p><strong>SKU: BX5002<\/strong><\/p>\n<p>&nbsp;<\/p>\n<p>&nbsp;<\/p>\n","protected":false},"featured_media":8072,"template":"","meta":[],"product_brand":[],"product_cat":[666,652,94],"product_tag":[694,667,662,654],"class_list":{"0":"post-8071","1":"product","2":"type-product","3":"status-publish","4":"has-post-thumbnail","6":"product_cat-detergentes-neutros-autobrillantes","7":"product_cat-productos-quimicos-industriales","8":"product_cat-quimicos-articulos-limpieza","9":"product_tag-abrillantador","10":"product_tag-autobrillante","11":"product_tag-detergente-neutro","12":"product_tag-productos-quimicos","14":"first","15":"instock","16":"shipping-taxable","17":"product-type-simple"},"yoast_head":"<!-- This site is optimized with the Yoast SEO plugin v27.3 - https:\/\/yoast.com\/product\/yoast-seo-wordpress\/ -->\n<title>BID\u00d3N 5 KG SUCIWAX UNIX LAVICERA - C\u00d3DIGO: BX5002 - Meprolim<\/title>\n<meta name=\"robots\" content=\"index, follow, max-snippet:-1, max-image-preview:large, max-video-preview:-1\" \/>\n<link rel=\"canonical\" href=\"https:\/\/meprolim.es\/producto\/quimicos-articulos-limpieza\/productos-quimicos-industriales\/detergentes-neutros-autobrillantes\/bidon-5kg-suciwax-unix-lavicera\/\" \/>\n<meta property=\"og:locale\" content=\"de_DE\" \/>\n<meta property=\"og:type\" content=\"article\" \/>\n<meta property=\"og:title\" content=\"BID\u00d3N 5 KG SUCIWAX UNIX LAVICERA - C\u00d3DIGO: BX5002 - Meprolim\" \/>\n<meta property=\"og:description\" content=\"Caracter\u00edsticas:   Elimina la suciedad y las marcas de huellas.  Protege el pavimento y restaura el brillo.  Facilita la eliminaci\u00f3n de chicles y adhesivos.  No resbala ni marca pisadas.  Forma una pel\u00edcula invisible que protege la superficie.  Retrasa la aparici\u00f3n de suciedad.  Su f\u00f3rmula favorece la disminuci\u00f3n de la carga electrost\u00e1tica de los pavimentos.  Datos t\u00e9cnicos:   Bid\u00f3n de 5 litros.  Producto l\u00edquido opalescente.  Color: rosa.  Perfume: floral.  USO CON M\u00c1QUINA: dosificar 0,5-2% de producto en el dep\u00f3sito del agua limpia.  Proceder del modo habitual.  SKU: BX5002 &nbsp; &nbsp;\" \/>\n<meta property=\"og:url\" content=\"https:\/\/meprolim.es\/producto\/quimicos-articulos-limpieza\/productos-quimicos-industriales\/detergentes-neutros-autobrillantes\/bidon-5kg-suciwax-unix-lavicera\/\" \/>\n<meta property=\"og:site_name\" content=\"Meprolim\" \/>\n<meta property=\"article:modified_time\" content=\"2023-05-27T19:48:53+00:00\" \/>\n<meta property=\"og:image\" content=\"https:\/\/meprolim.es\/wp-content\/uploads\/2019\/08\/BX5002.jpg\" \/>\n\t<meta property=\"og:image:width\" content=\"1417\" \/>\n\t<meta property=\"og:image:height\" content=\"1417\" \/>\n\t<meta property=\"og:image:type\" content=\"image\/jpeg\" \/>\n<meta name=\"twitter:card\" content=\"summary_large_image\" \/>\n<meta name=\"twitter:label1\" content=\"Gesch\u00e4tzte Lesezeit\" \/>\n\t<meta name=\"twitter:data1\" content=\"1\u00a0Minute\" \/>\n<script type=\"application\/ld+json\" class=\"yoast-schema-graph\">{\"@context\":\"https:\\\/\\\/schema.org\",\"@graph\":[{\"@type\":\"WebPage\",\"@id\":\"https:\\\/\\\/meprolim.es\\\/producto\\\/quimicos-articulos-limpieza\\\/productos-quimicos-industriales\\\/detergentes-neutros-autobrillantes\\\/bidon-5kg-suciwax-unix-lavicera\\\/\",\"url\":\"https:\\\/\\\/meprolim.es\\\/producto\\\/quimicos-articulos-limpieza\\\/productos-quimicos-industriales\\\/detergentes-neutros-autobrillantes\\\/bidon-5kg-suciwax-unix-lavicera\\\/\",\"name\":\"BID\u00d3N 5 KG SUCIWAX UNIX LAVICERA - C\u00d3DIGO: BX5002 - Meprolim\",\"isPartOf\":{\"@id\":\"https:\\\/\\\/meprolim.es\\\/fr\\\/#website\"},\"primaryImageOfPage\":{\"@id\":\"https:\\\/\\\/meprolim.es\\\/producto\\\/quimicos-articulos-limpieza\\\/productos-quimicos-industriales\\\/detergentes-neutros-autobrillantes\\\/bidon-5kg-suciwax-unix-lavicera\\\/#primaryimage\"},\"image\":{\"@id\":\"https:\\\/\\\/meprolim.es\\\/producto\\\/quimicos-articulos-limpieza\\\/productos-quimicos-industriales\\\/detergentes-neutros-autobrillantes\\\/bidon-5kg-suciwax-unix-lavicera\\\/#primaryimage\"},\"thumbnailUrl\":\"https:\\\/\\\/meprolim.es\\\/wp-content\\\/uploads\\\/2019\\\/08\\\/BX5002.jpg\",\"datePublished\":\"2019-08-29T10:40:13+00:00\",\"dateModified\":\"2023-05-27T19:48:53+00:00\",\"breadcrumb\":{\"@id\":\"https:\\\/\\\/meprolim.es\\\/producto\\\/quimicos-articulos-limpieza\\\/productos-quimicos-industriales\\\/detergentes-neutros-autobrillantes\\\/bidon-5kg-suciwax-unix-lavicera\\\/#breadcrumb\"},\"inLanguage\":\"de\",\"potentialAction\":[{\"@type\":\"ReadAction\",\"target\":[\"https:\\\/\\\/meprolim.es\\\/producto\\\/quimicos-articulos-limpieza\\\/productos-quimicos-industriales\\\/detergentes-neutros-autobrillantes\\\/bidon-5kg-suciwax-unix-lavicera\\\/\"]}]},{\"@type\":\"ImageObject\",\"inLanguage\":\"de\",\"@id\":\"https:\\\/\\\/meprolim.es\\\/producto\\\/quimicos-articulos-limpieza\\\/productos-quimicos-industriales\\\/detergentes-neutros-autobrillantes\\\/bidon-5kg-suciwax-unix-lavicera\\\/#primaryimage\",\"url\":\"https:\\\/\\\/meprolim.es\\\/wp-content\\\/uploads\\\/2019\\\/08\\\/BX5002.jpg\",\"contentUrl\":\"https:\\\/\\\/meprolim.es\\\/wp-content\\\/uploads\\\/2019\\\/08\\\/BX5002.jpg\",\"width\":1417,\"height\":1417},{\"@type\":\"BreadcrumbList\",\"@id\":\"https:\\\/\\\/meprolim.es\\\/producto\\\/quimicos-articulos-limpieza\\\/productos-quimicos-industriales\\\/detergentes-neutros-autobrillantes\\\/bidon-5kg-suciwax-unix-lavicera\\\/#breadcrumb\",\"itemListElement\":[{\"@type\":\"ListItem\",\"position\":1,\"name\":\"Portada\",\"item\":\"https:\\\/\\\/meprolim.es\\\/de\\\/\"},{\"@type\":\"ListItem\",\"position\":2,\"name\":\"Cat\u00e1logo\",\"item\":\"https:\\\/\\\/meprolim.es\\\/de\\\/catalogo\\\/\"},{\"@type\":\"ListItem\",\"position\":3,\"name\":\"BID\u00d3N 5 KG SUCIWAX UNIX LAVICERA &#8211; C\u00d3DIGO: BX5002\"}]},{\"@type\":\"WebSite\",\"@id\":\"https:\\\/\\\/meprolim.es\\\/fr\\\/#website\",\"url\":\"https:\\\/\\\/meprolim.es\\\/fr\\\/\",\"name\":\"Meprolim\",\"description\":\"Cavas Catalanas S.L.\",\"publisher\":{\"@id\":\"https:\\\/\\\/meprolim.es\\\/fr\\\/#organization\"},\"potentialAction\":[{\"@type\":\"SearchAction\",\"target\":{\"@type\":\"EntryPoint\",\"urlTemplate\":\"https:\\\/\\\/meprolim.es\\\/fr\\\/?s={search_term_string}\"},\"query-input\":{\"@type\":\"PropertyValueSpecification\",\"valueRequired\":true,\"valueName\":\"search_term_string\"}}],\"inLanguage\":\"de\"},{\"@type\":\"Organization\",\"@id\":\"https:\\\/\\\/meprolim.es\\\/fr\\\/#organization\",\"name\":\"Meprolim\",\"url\":\"https:\\\/\\\/meprolim.es\\\/fr\\\/\",\"logo\":{\"@type\":\"ImageObject\",\"inLanguage\":\"de\",\"@id\":\"https:\\\/\\\/meprolim.es\\\/fr\\\/#\\\/schema\\\/logo\\\/image\\\/\",\"url\":\"https:\\\/\\\/meprolim.es\\\/wp-content\\\/uploads\\\/2019\\\/07\\\/cropped-logo2.png\",\"contentUrl\":\"https:\\\/\\\/meprolim.es\\\/wp-content\\\/uploads\\\/2019\\\/07\\\/cropped-logo2.png\",\"width\":401,\"height\":162,\"caption\":\"Meprolim\"},\"image\":{\"@id\":\"https:\\\/\\\/meprolim.es\\\/fr\\\/#\\\/schema\\\/logo\\\/image\\\/\"}}]}<\/script>\n<!-- \/ Yoast SEO plugin. -->","yoast_head_json":{"title":"BID\u00d3N 5 KG SUCIWAX UNIX LAVICERA - C\u00d3DIGO: BX5002 - Meprolim","robots":{"index":"index","follow":"follow","max-snippet":"max-snippet:-1","max-image-preview":"max-image-preview:large","max-video-preview":"max-video-preview:-1"},"canonical":"https:\/\/meprolim.es\/producto\/quimicos-articulos-limpieza\/productos-quimicos-industriales\/detergentes-neutros-autobrillantes\/bidon-5kg-suciwax-unix-lavicera\/","og_locale":"de_DE","og_type":"article","og_title":"BID\u00d3N 5 KG SUCIWAX UNIX LAVICERA - C\u00d3DIGO: BX5002 - Meprolim","og_description":"Caracter\u00edsticas:   Elimina la suciedad y las marcas de huellas.  Protege el pavimento y restaura el brillo.  Facilita la eliminaci\u00f3n de chicles y adhesivos.  No resbala ni marca pisadas.  Forma una pel\u00edcula invisible que protege la superficie.  Retrasa la aparici\u00f3n de suciedad.  Su f\u00f3rmula favorece la disminuci\u00f3n de la carga electrost\u00e1tica de los pavimentos.  Datos t\u00e9cnicos:   Bid\u00f3n de 5 litros.  Producto l\u00edquido opalescente.  Color: rosa.  Perfume: floral.  USO CON M\u00c1QUINA: dosificar 0,5-2% de producto en el dep\u00f3sito del agua limpia.  Proceder del modo habitual.  SKU: BX5002 &nbsp; &nbsp;","og_url":"https:\/\/meprolim.es\/producto\/quimicos-articulos-limpieza\/productos-quimicos-industriales\/detergentes-neutros-autobrillantes\/bidon-5kg-suciwax-unix-lavicera\/","og_site_name":"Meprolim","article_modified_time":"2023-05-27T19:48:53+00:00","og_image":[{"width":1417,"height":1417,"url":"https:\/\/meprolim.es\/wp-content\/uploads\/2019\/08\/BX5002.jpg","type":"image\/jpeg"}],"twitter_card":"summary_large_image","twitter_misc":{"Gesch\u00e4tzte Lesezeit":"1\u00a0Minute"},"schema":{"@context":"https:\/\/schema.org","@graph":[{"@type":"WebPage","@id":"https:\/\/meprolim.es\/producto\/quimicos-articulos-limpieza\/productos-quimicos-industriales\/detergentes-neutros-autobrillantes\/bidon-5kg-suciwax-unix-lavicera\/","url":"https:\/\/meprolim.es\/producto\/quimicos-articulos-limpieza\/productos-quimicos-industriales\/detergentes-neutros-autobrillantes\/bidon-5kg-suciwax-unix-lavicera\/","name":"BID\u00d3N 5 KG SUCIWAX UNIX LAVICERA - C\u00d3DIGO: BX5002 - Meprolim","isPartOf":{"@id":"https:\/\/meprolim.es\/fr\/#website"},"primaryImageOfPage":{"@id":"https:\/\/meprolim.es\/producto\/quimicos-articulos-limpieza\/productos-quimicos-industriales\/detergentes-neutros-autobrillantes\/bidon-5kg-suciwax-unix-lavicera\/#primaryimage"},"image":{"@id":"https:\/\/meprolim.es\/producto\/quimicos-articulos-limpieza\/productos-quimicos-industriales\/detergentes-neutros-autobrillantes\/bidon-5kg-suciwax-unix-lavicera\/#primaryimage"},"thumbnailUrl":"https:\/\/meprolim.es\/wp-content\/uploads\/2019\/08\/BX5002.jpg","datePublished":"2019-08-29T10:40:13+00:00","dateModified":"2023-05-27T19:48:53+00:00","breadcrumb":{"@id":"https:\/\/meprolim.es\/producto\/quimicos-articulos-limpieza\/productos-quimicos-industriales\/detergentes-neutros-autobrillantes\/bidon-5kg-suciwax-unix-lavicera\/#breadcrumb"},"inLanguage":"de","potentialAction":[{"@type":"ReadAction","target":["https:\/\/meprolim.es\/producto\/quimicos-articulos-limpieza\/productos-quimicos-industriales\/detergentes-neutros-autobrillantes\/bidon-5kg-suciwax-unix-lavicera\/"]}]},{"@type":"ImageObject","inLanguage":"de","@id":"https:\/\/meprolim.es\/producto\/quimicos-articulos-limpieza\/productos-quimicos-industriales\/detergentes-neutros-autobrillantes\/bidon-5kg-suciwax-unix-lavicera\/#primaryimage","url":"https:\/\/meprolim.es\/wp-content\/uploads\/2019\/08\/BX5002.jpg","contentUrl":"https:\/\/meprolim.es\/wp-content\/uploads\/2019\/08\/BX5002.jpg","width":1417,"height":1417},{"@type":"BreadcrumbList","@id":"https:\/\/meprolim.es\/producto\/quimicos-articulos-limpieza\/productos-quimicos-industriales\/detergentes-neutros-autobrillantes\/bidon-5kg-suciwax-unix-lavicera\/#breadcrumb","itemListElement":[{"@type":"ListItem","position":1,"name":"Portada","item":"https:\/\/meprolim.es\/de\/"},{"@type":"ListItem","position":2,"name":"Cat\u00e1logo","item":"https:\/\/meprolim.es\/de\/catalogo\/"},{"@type":"ListItem","position":3,"name":"BID\u00d3N 5 KG SUCIWAX UNIX LAVICERA &#8211; C\u00d3DIGO: BX5002"}]},{"@type":"WebSite","@id":"https:\/\/meprolim.es\/fr\/#website","url":"https:\/\/meprolim.es\/fr\/","name":"Meprolim","description":"Cavas Catalanas S.L.","publisher":{"@id":"https:\/\/meprolim.es\/fr\/#organization"},"potentialAction":[{"@type":"SearchAction","target":{"@type":"EntryPoint","urlTemplate":"https:\/\/meprolim.es\/fr\/?s={search_term_string}"},"query-input":{"@type":"PropertyValueSpecification","valueRequired":true,"valueName":"search_term_string"}}],"inLanguage":"de"},{"@type":"Organization","@id":"https:\/\/meprolim.es\/fr\/#organization","name":"Meprolim","url":"https:\/\/meprolim.es\/fr\/","logo":{"@type":"ImageObject","inLanguage":"de","@id":"https:\/\/meprolim.es\/fr\/#\/schema\/logo\/image\/","url":"https:\/\/meprolim.es\/wp-content\/uploads\/2019\/07\/cropped-logo2.png","contentUrl":"https:\/\/meprolim.es\/wp-content\/uploads\/2019\/07\/cropped-logo2.png","width":401,"height":162,"caption":"Meprolim"},"image":{"@id":"https:\/\/meprolim.es\/fr\/#\/schema\/logo\/image\/"}}]}},"_links":{"self":[{"href":"https:\/\/meprolim.es\/de\/wp-json\/wp\/v2\/product\/8071","targetHints":{"allow":["GET"]}}],"collection":[{"href":"https:\/\/meprolim.es\/de\/wp-json\/wp\/v2\/product"}],"about":[{"href":"https:\/\/meprolim.es\/de\/wp-json\/wp\/v2\/types\/product"}],"wp:featuredmedia":[{"embeddable":true,"href":"https:\/\/meprolim.es\/de\/wp-json\/wp\/v2\/media\/8072"}],"wp:attachment":[{"href":"https:\/\/meprolim.es\/de\/wp-json\/wp\/v2\/media?parent=8071"}],"wp:term":[{"taxonomy":"product_brand","embeddable":true,"href":"https:\/\/meprolim.es\/de\/wp-json\/wp\/v2\/product_brand?post=8071"},{"taxonomy":"product_cat","embeddable":true,"href":"https:\/\/meprolim.es\/de\/wp-json\/wp\/v2\/product_cat?post=8071"},{"taxonomy":"product_tag","embeddable":true,"href":"https:\/\/meprolim.es\/de\/wp-json\/wp\/v2\/product_tag?post=8071"}],"curies":[{"name":"wp","href":"https:\/\/api.w.org\/{rel}","templated":true}]}}