{"id":8083,"date":"2019-08-29T12:16:46","date_gmt":"2019-08-29T11:16:46","guid":{"rendered":"http:\/\/www.meprolim.es\/?post_type=product&#038;p=8083"},"modified":"2023-05-18T23:13:03","modified_gmt":"2023-05-18T22:13:03","slug":"bidon-5kg-cleangen-multinet","status":"publish","type":"product","link":"https:\/\/meprolim.es\/de\/producto\/quimicos-y-articulos-de-limpieza\/productos-quimicos-industriales-de-2\/fregasuelos-de-2\/phneutro-de-2\/bidon-5kg-cleangen-multinet\/","title":{"rendered":"BID\u00d3N 5 KG CLEANGEN MULTINET &#8211; C\u00d3DIGO: BX1072"},"content":{"rendered":"<div class=\"wpb-content-wrapper\"><p>[vc_row][vc_column][vc_column_text]<\/p>\n<p style=\"text-align: justify;\">Elimina la suciedad general. Efecto ambientador. Secado sin rastros. Realza y conserva el brillo original del suelo. Aporta una fragancia fresca y sutil, que crea sensaci\u00f3n de limpieza.<\/p>\n<p>[\/vc_column_text][\/vc_column][\/vc_row]<\/p>\n<\/div>","protected":false},"excerpt":{"rendered":"<ul>\n<li>Bid\u00f3n de 5 litros.<\/li>\n<li>Ph 8\u00a0<\/li>\n<li>Elimina la suciedad general.<\/li>\n<li>Efecto ambientador.<\/li>\n<li>Secado sin rastros.<\/li>\n<li>Realza y conserva el brillo original del suelo.<\/li>\n<li>Aporta una fragancia fresca y sutil, que crea sensaci\u00f3n de limpieza.<\/li>\n<\/ul>\n<p>Datos t\u00e9cnicos:<\/p>\n<ul>\n<li>Producto l\u00edquido transparente.<\/li>\n<li>Color: violeta.<\/li>\n<li>Perfume: floral.<\/li>\n<li>SUELOS: dosificar 0,2-1% de producto en agua.<\/li>\n<li>Fregar del modo habitual.<\/li>\n<\/ul>\n<p><strong>SKU: BX1072<\/strong><\/p>\n<p>&nbsp;<\/p>\n<p>&nbsp;<\/p>\n","protected":false},"featured_media":8084,"template":"","meta":[],"product_brand":[],"product_cat":[1048,668,652,94],"product_tag":[669,654],"class_list":{"0":"post-8083","1":"product","2":"type-product","3":"status-publish","4":"has-post-thumbnail","6":"product_cat-fregasuelos","7":"product_cat-phneutro","8":"product_cat-productos-quimicos-industriales","9":"product_cat-quimicos-articulos-limpieza","10":"product_tag-fregasuelos-neutros","11":"product_tag-productos-quimicos","13":"first","14":"instock","15":"shipping-taxable","16":"product-type-simple"},"yoast_head":"<!-- This site is optimized with the Yoast SEO plugin v27.3 - https:\/\/yoast.com\/product\/yoast-seo-wordpress\/ -->\n<title>BID\u00d3N 5 KG CLEANGEN MULTINET - C\u00d3DIGO: BX1072 - Meprolim<\/title>\n<meta name=\"robots\" content=\"index, follow, max-snippet:-1, max-image-preview:large, max-video-preview:-1\" \/>\n<link rel=\"canonical\" href=\"https:\/\/meprolim.es\/producto\/quimicos-articulos-limpieza\/productos-quimicos-industriales\/fregasuelos\/phneutro\/bidon-5kg-cleangen-multinet\/\" \/>\n<meta property=\"og:locale\" content=\"de_DE\" \/>\n<meta property=\"og:type\" content=\"article\" \/>\n<meta property=\"og:title\" content=\"BID\u00d3N 5 KG CLEANGEN MULTINET - C\u00d3DIGO: BX1072 - Meprolim\" \/>\n<meta property=\"og:description\" content=\"Bid\u00f3n de 5 litros.  Ph 8\u00a0  Elimina la suciedad general.  Efecto ambientador.  Secado sin rastros.  Realza y conserva el brillo original del suelo.  Aporta una fragancia fresca y sutil, que crea sensaci\u00f3n de limpieza.  Datos t\u00e9cnicos:   Producto l\u00edquido transparente.  Color: violeta.  Perfume: floral.  SUELOS: dosificar 0,2-1% de producto en agua.  Fregar del modo habitual.  SKU: BX1072 &nbsp; &nbsp;\" \/>\n<meta property=\"og:url\" content=\"https:\/\/meprolim.es\/producto\/quimicos-articulos-limpieza\/productos-quimicos-industriales\/fregasuelos\/phneutro\/bidon-5kg-cleangen-multinet\/\" \/>\n<meta property=\"og:site_name\" content=\"Meprolim\" \/>\n<meta property=\"article:modified_time\" content=\"2023-05-18T22:13:03+00:00\" \/>\n<meta property=\"og:image\" content=\"https:\/\/meprolim.es\/wp-content\/uploads\/2019\/08\/BX1072.jpg\" \/>\n\t<meta property=\"og:image:width\" content=\"1417\" \/>\n\t<meta property=\"og:image:height\" content=\"1417\" \/>\n\t<meta property=\"og:image:type\" content=\"image\/jpeg\" \/>\n<meta name=\"twitter:card\" content=\"summary_large_image\" \/>\n<meta name=\"twitter:label1\" content=\"Gesch\u00e4tzte Lesezeit\" \/>\n\t<meta name=\"twitter:data1\" content=\"1\u00a0Minute\" \/>\n<script type=\"application\/ld+json\" class=\"yoast-schema-graph\">{\"@context\":\"https:\\\/\\\/schema.org\",\"@graph\":[{\"@type\":\"WebPage\",\"@id\":\"https:\\\/\\\/meprolim.es\\\/producto\\\/quimicos-articulos-limpieza\\\/productos-quimicos-industriales\\\/fregasuelos\\\/phneutro\\\/bidon-5kg-cleangen-multinet\\\/\",\"url\":\"https:\\\/\\\/meprolim.es\\\/producto\\\/quimicos-articulos-limpieza\\\/productos-quimicos-industriales\\\/fregasuelos\\\/phneutro\\\/bidon-5kg-cleangen-multinet\\\/\",\"name\":\"BID\u00d3N 5 KG CLEANGEN MULTINET - C\u00d3DIGO: BX1072 - Meprolim\",\"isPartOf\":{\"@id\":\"https:\\\/\\\/meprolim.es\\\/fr\\\/#website\"},\"primaryImageOfPage\":{\"@id\":\"https:\\\/\\\/meprolim.es\\\/producto\\\/quimicos-articulos-limpieza\\\/productos-quimicos-industriales\\\/fregasuelos\\\/phneutro\\\/bidon-5kg-cleangen-multinet\\\/#primaryimage\"},\"image\":{\"@id\":\"https:\\\/\\\/meprolim.es\\\/producto\\\/quimicos-articulos-limpieza\\\/productos-quimicos-industriales\\\/fregasuelos\\\/phneutro\\\/bidon-5kg-cleangen-multinet\\\/#primaryimage\"},\"thumbnailUrl\":\"https:\\\/\\\/meprolim.es\\\/wp-content\\\/uploads\\\/2019\\\/08\\\/BX1072.jpg\",\"datePublished\":\"2019-08-29T11:16:46+00:00\",\"dateModified\":\"2023-05-18T22:13:03+00:00\",\"breadcrumb\":{\"@id\":\"https:\\\/\\\/meprolim.es\\\/producto\\\/quimicos-articulos-limpieza\\\/productos-quimicos-industriales\\\/fregasuelos\\\/phneutro\\\/bidon-5kg-cleangen-multinet\\\/#breadcrumb\"},\"inLanguage\":\"de\",\"potentialAction\":[{\"@type\":\"ReadAction\",\"target\":[\"https:\\\/\\\/meprolim.es\\\/producto\\\/quimicos-articulos-limpieza\\\/productos-quimicos-industriales\\\/fregasuelos\\\/phneutro\\\/bidon-5kg-cleangen-multinet\\\/\"]}]},{\"@type\":\"ImageObject\",\"inLanguage\":\"de\",\"@id\":\"https:\\\/\\\/meprolim.es\\\/producto\\\/quimicos-articulos-limpieza\\\/productos-quimicos-industriales\\\/fregasuelos\\\/phneutro\\\/bidon-5kg-cleangen-multinet\\\/#primaryimage\",\"url\":\"https:\\\/\\\/meprolim.es\\\/wp-content\\\/uploads\\\/2019\\\/08\\\/BX1072.jpg\",\"contentUrl\":\"https:\\\/\\\/meprolim.es\\\/wp-content\\\/uploads\\\/2019\\\/08\\\/BX1072.jpg\",\"width\":1417,\"height\":1417},{\"@type\":\"BreadcrumbList\",\"@id\":\"https:\\\/\\\/meprolim.es\\\/producto\\\/quimicos-articulos-limpieza\\\/productos-quimicos-industriales\\\/fregasuelos\\\/phneutro\\\/bidon-5kg-cleangen-multinet\\\/#breadcrumb\",\"itemListElement\":[{\"@type\":\"ListItem\",\"position\":1,\"name\":\"Portada\",\"item\":\"https:\\\/\\\/meprolim.es\\\/de\\\/\"},{\"@type\":\"ListItem\",\"position\":2,\"name\":\"Cat\u00e1logo\",\"item\":\"https:\\\/\\\/meprolim.es\\\/de\\\/catalogo\\\/\"},{\"@type\":\"ListItem\",\"position\":3,\"name\":\"BID\u00d3N 5 KG CLEANGEN MULTINET &#8211; C\u00d3DIGO: BX1072\"}]},{\"@type\":\"WebSite\",\"@id\":\"https:\\\/\\\/meprolim.es\\\/fr\\\/#website\",\"url\":\"https:\\\/\\\/meprolim.es\\\/fr\\\/\",\"name\":\"Meprolim\",\"description\":\"Cavas Catalanas S.L.\",\"publisher\":{\"@id\":\"https:\\\/\\\/meprolim.es\\\/fr\\\/#organization\"},\"potentialAction\":[{\"@type\":\"SearchAction\",\"target\":{\"@type\":\"EntryPoint\",\"urlTemplate\":\"https:\\\/\\\/meprolim.es\\\/fr\\\/?s={search_term_string}\"},\"query-input\":{\"@type\":\"PropertyValueSpecification\",\"valueRequired\":true,\"valueName\":\"search_term_string\"}}],\"inLanguage\":\"de\"},{\"@type\":\"Organization\",\"@id\":\"https:\\\/\\\/meprolim.es\\\/fr\\\/#organization\",\"name\":\"Meprolim\",\"url\":\"https:\\\/\\\/meprolim.es\\\/fr\\\/\",\"logo\":{\"@type\":\"ImageObject\",\"inLanguage\":\"de\",\"@id\":\"https:\\\/\\\/meprolim.es\\\/fr\\\/#\\\/schema\\\/logo\\\/image\\\/\",\"url\":\"https:\\\/\\\/meprolim.es\\\/wp-content\\\/uploads\\\/2019\\\/07\\\/cropped-logo2.png\",\"contentUrl\":\"https:\\\/\\\/meprolim.es\\\/wp-content\\\/uploads\\\/2019\\\/07\\\/cropped-logo2.png\",\"width\":401,\"height\":162,\"caption\":\"Meprolim\"},\"image\":{\"@id\":\"https:\\\/\\\/meprolim.es\\\/fr\\\/#\\\/schema\\\/logo\\\/image\\\/\"}}]}<\/script>\n<!-- \/ Yoast SEO plugin. -->","yoast_head_json":{"title":"BID\u00d3N 5 KG CLEANGEN MULTINET - C\u00d3DIGO: BX1072 - Meprolim","robots":{"index":"index","follow":"follow","max-snippet":"max-snippet:-1","max-image-preview":"max-image-preview:large","max-video-preview":"max-video-preview:-1"},"canonical":"https:\/\/meprolim.es\/producto\/quimicos-articulos-limpieza\/productos-quimicos-industriales\/fregasuelos\/phneutro\/bidon-5kg-cleangen-multinet\/","og_locale":"de_DE","og_type":"article","og_title":"BID\u00d3N 5 KG CLEANGEN MULTINET - C\u00d3DIGO: BX1072 - Meprolim","og_description":"Bid\u00f3n de 5 litros.  Ph 8\u00a0  Elimina la suciedad general.  Efecto ambientador.  Secado sin rastros.  Realza y conserva el brillo original del suelo.  Aporta una fragancia fresca y sutil, que crea sensaci\u00f3n de limpieza.  Datos t\u00e9cnicos:   Producto l\u00edquido transparente.  Color: violeta.  Perfume: floral.  SUELOS: dosificar 0,2-1% de producto en agua.  Fregar del modo habitual.  SKU: BX1072 &nbsp; &nbsp;","og_url":"https:\/\/meprolim.es\/producto\/quimicos-articulos-limpieza\/productos-quimicos-industriales\/fregasuelos\/phneutro\/bidon-5kg-cleangen-multinet\/","og_site_name":"Meprolim","article_modified_time":"2023-05-18T22:13:03+00:00","og_image":[{"width":1417,"height":1417,"url":"https:\/\/meprolim.es\/wp-content\/uploads\/2019\/08\/BX1072.jpg","type":"image\/jpeg"}],"twitter_card":"summary_large_image","twitter_misc":{"Gesch\u00e4tzte Lesezeit":"1\u00a0Minute"},"schema":{"@context":"https:\/\/schema.org","@graph":[{"@type":"WebPage","@id":"https:\/\/meprolim.es\/producto\/quimicos-articulos-limpieza\/productos-quimicos-industriales\/fregasuelos\/phneutro\/bidon-5kg-cleangen-multinet\/","url":"https:\/\/meprolim.es\/producto\/quimicos-articulos-limpieza\/productos-quimicos-industriales\/fregasuelos\/phneutro\/bidon-5kg-cleangen-multinet\/","name":"BID\u00d3N 5 KG CLEANGEN MULTINET - C\u00d3DIGO: BX1072 - Meprolim","isPartOf":{"@id":"https:\/\/meprolim.es\/fr\/#website"},"primaryImageOfPage":{"@id":"https:\/\/meprolim.es\/producto\/quimicos-articulos-limpieza\/productos-quimicos-industriales\/fregasuelos\/phneutro\/bidon-5kg-cleangen-multinet\/#primaryimage"},"image":{"@id":"https:\/\/meprolim.es\/producto\/quimicos-articulos-limpieza\/productos-quimicos-industriales\/fregasuelos\/phneutro\/bidon-5kg-cleangen-multinet\/#primaryimage"},"thumbnailUrl":"https:\/\/meprolim.es\/wp-content\/uploads\/2019\/08\/BX1072.jpg","datePublished":"2019-08-29T11:16:46+00:00","dateModified":"2023-05-18T22:13:03+00:00","breadcrumb":{"@id":"https:\/\/meprolim.es\/producto\/quimicos-articulos-limpieza\/productos-quimicos-industriales\/fregasuelos\/phneutro\/bidon-5kg-cleangen-multinet\/#breadcrumb"},"inLanguage":"de","potentialAction":[{"@type":"ReadAction","target":["https:\/\/meprolim.es\/producto\/quimicos-articulos-limpieza\/productos-quimicos-industriales\/fregasuelos\/phneutro\/bidon-5kg-cleangen-multinet\/"]}]},{"@type":"ImageObject","inLanguage":"de","@id":"https:\/\/meprolim.es\/producto\/quimicos-articulos-limpieza\/productos-quimicos-industriales\/fregasuelos\/phneutro\/bidon-5kg-cleangen-multinet\/#primaryimage","url":"https:\/\/meprolim.es\/wp-content\/uploads\/2019\/08\/BX1072.jpg","contentUrl":"https:\/\/meprolim.es\/wp-content\/uploads\/2019\/08\/BX1072.jpg","width":1417,"height":1417},{"@type":"BreadcrumbList","@id":"https:\/\/meprolim.es\/producto\/quimicos-articulos-limpieza\/productos-quimicos-industriales\/fregasuelos\/phneutro\/bidon-5kg-cleangen-multinet\/#breadcrumb","itemListElement":[{"@type":"ListItem","position":1,"name":"Portada","item":"https:\/\/meprolim.es\/de\/"},{"@type":"ListItem","position":2,"name":"Cat\u00e1logo","item":"https:\/\/meprolim.es\/de\/catalogo\/"},{"@type":"ListItem","position":3,"name":"BID\u00d3N 5 KG CLEANGEN MULTINET &#8211; C\u00d3DIGO: BX1072"}]},{"@type":"WebSite","@id":"https:\/\/meprolim.es\/fr\/#website","url":"https:\/\/meprolim.es\/fr\/","name":"Meprolim","description":"Cavas Catalanas S.L.","publisher":{"@id":"https:\/\/meprolim.es\/fr\/#organization"},"potentialAction":[{"@type":"SearchAction","target":{"@type":"EntryPoint","urlTemplate":"https:\/\/meprolim.es\/fr\/?s={search_term_string}"},"query-input":{"@type":"PropertyValueSpecification","valueRequired":true,"valueName":"search_term_string"}}],"inLanguage":"de"},{"@type":"Organization","@id":"https:\/\/meprolim.es\/fr\/#organization","name":"Meprolim","url":"https:\/\/meprolim.es\/fr\/","logo":{"@type":"ImageObject","inLanguage":"de","@id":"https:\/\/meprolim.es\/fr\/#\/schema\/logo\/image\/","url":"https:\/\/meprolim.es\/wp-content\/uploads\/2019\/07\/cropped-logo2.png","contentUrl":"https:\/\/meprolim.es\/wp-content\/uploads\/2019\/07\/cropped-logo2.png","width":401,"height":162,"caption":"Meprolim"},"image":{"@id":"https:\/\/meprolim.es\/fr\/#\/schema\/logo\/image\/"}}]}},"_links":{"self":[{"href":"https:\/\/meprolim.es\/de\/wp-json\/wp\/v2\/product\/8083","targetHints":{"allow":["GET"]}}],"collection":[{"href":"https:\/\/meprolim.es\/de\/wp-json\/wp\/v2\/product"}],"about":[{"href":"https:\/\/meprolim.es\/de\/wp-json\/wp\/v2\/types\/product"}],"wp:featuredmedia":[{"embeddable":true,"href":"https:\/\/meprolim.es\/de\/wp-json\/wp\/v2\/media\/8084"}],"wp:attachment":[{"href":"https:\/\/meprolim.es\/de\/wp-json\/wp\/v2\/media?parent=8083"}],"wp:term":[{"taxonomy":"product_brand","embeddable":true,"href":"https:\/\/meprolim.es\/de\/wp-json\/wp\/v2\/product_brand?post=8083"},{"taxonomy":"product_cat","embeddable":true,"href":"https:\/\/meprolim.es\/de\/wp-json\/wp\/v2\/product_cat?post=8083"},{"taxonomy":"product_tag","embeddable":true,"href":"https:\/\/meprolim.es\/de\/wp-json\/wp\/v2\/product_tag?post=8083"}],"curies":[{"name":"wp","href":"https:\/\/api.w.org\/{rel}","templated":true}]}}