{"id":8136,"date":"2019-08-29T15:15:51","date_gmt":"2019-08-29T14:15:51","guid":{"rendered":"http:\/\/www.meprolim.es\/?post_type=product&#038;p=8136"},"modified":"2023-05-20T05:41:46","modified_gmt":"2023-05-20T04:41:46","slug":"bidon-2020kg-urbadet-extra-desengrasante","status":"publish","type":"product","link":"https:\/\/meprolim.es\/de\/producto\/quimicos-y-articulos-de-limpieza\/productos-quimicos-industriales-de-2\/limpieza-urbana-de-2\/bidon-2020kg-urbadet-extra-desengrasante\/","title":{"rendered":"BID\u00d3N 20,20 KG URBADET EXTRA DESENGRASANTE &#8211; C\u00d3DIGO: BX4032"},"content":{"rendered":"<div class=\"wpb-content-wrapper\"><p>[vc_row][vc_column][vc_column_text]<\/p>\n<p style=\"text-align: justify;\">Limpia y desodoriza en profundidad. Elimina la suciedad causada por el uso y la poluci\u00f3n. \u00d3ptimas condiciones de higiene y salubridad. Gran eficacia y acci\u00f3n desengrasante. Elimina olores desagradables, dif\u00edciles y persistentes. Incorpora la Tecnolog\u00eda DEODOR. Mantiene la imagen urbana limpia y cuidada.<\/p>\n<p>[\/vc_column_text][\/vc_column][\/vc_row]<\/p>\n<\/div>","protected":false},"excerpt":{"rendered":"<ul>\n<li>pH 11.<\/li>\n<li>Limpia, desinfecta y desodoriza en profundidad.<\/li>\n<li>Elimina la suciedad causada por el uso y la poluci\u00f3n.<\/li>\n<li>\u00d3ptimas condiciones de higiene y salubridad.<\/li>\n<li>Gran eficacia y acci\u00f3n desengrasante.<\/li>\n<li>Elimina olores desagradables, dif\u00edciles y persistentes.<\/li>\n<li>Incorpora la tecnolog\u00eda DEODOR.<\/li>\n<li>Mantiene la imagen urbana limpia y cuidada.<\/li>\n<\/ul>\n<p>Datos t\u00e9cnicos:<\/p>\n<ul>\n<li>Producto l\u00edquido transparente.<\/li>\n<li>Color: \u00e1mbar.<\/li>\n<li>Perfume: caracter\u00edstico<\/li>\n<li>LAVACONTENEDORES EN CIRCUITO CERRADO: dosificar 0,1-0,2% de producto en la cuba de agua limpia.<\/li>\n<li>M\u00c1QUINA A PRESI\u00d3N: dosificar 1-5% de producto en agua.<\/li>\n<li>Aplicar la soluci\u00f3n limpiadora del modo habitual.<\/li>\n<li>Dejar actuar 2-3 minutos.<\/li>\n<li>Aclarar con agua a presi\u00f3n.<\/li>\n<li>Evitar que el producto se seque antes de aclarar<\/li>\n<\/ul>\n<p><strong>SKU: BX4032<\/strong><\/p>\n<p>&nbsp;<\/p>\n<p>&nbsp;<\/p>\n","protected":false},"featured_media":8137,"template":"","meta":[],"product_brand":[],"product_cat":[677,652,94],"product_tag":[671,678,300,654],"class_list":{"0":"post-8136","1":"product","2":"type-product","3":"status-publish","4":"has-post-thumbnail","6":"product_cat-limpieza-urbana","7":"product_cat-productos-quimicos-industriales","8":"product_cat-quimicos-articulos-limpieza","9":"product_tag-desengrasantes","10":"product_tag-gama-urbana","11":"product_tag-maquinas-de-presion","12":"product_tag-productos-quimicos","14":"first","15":"instock","16":"shipping-taxable","17":"product-type-simple"},"yoast_head":"<!-- This site is optimized with the Yoast SEO plugin v27.3 - https:\/\/yoast.com\/product\/yoast-seo-wordpress\/ -->\n<title>BID\u00d3N 20,20 KG URBADET EXTRA DESENGRASANTE - C\u00d3DIGO: BX4032 - Meprolim<\/title>\n<meta name=\"robots\" content=\"index, follow, max-snippet:-1, max-image-preview:large, max-video-preview:-1\" \/>\n<link rel=\"canonical\" href=\"https:\/\/meprolim.es\/producto\/quimicos-articulos-limpieza\/productos-quimicos-industriales\/limpieza-urbana\/bidon-2020kg-urbadet-extra-desengrasante\/\" \/>\n<meta property=\"og:locale\" content=\"de_DE\" \/>\n<meta property=\"og:type\" content=\"article\" \/>\n<meta property=\"og:title\" content=\"BID\u00d3N 20,20 KG URBADET EXTRA DESENGRASANTE - C\u00d3DIGO: BX4032 - Meprolim\" \/>\n<meta property=\"og:description\" content=\"pH 11.  Limpia, desinfecta y desodoriza en profundidad.  Elimina la suciedad causada por el uso y la poluci\u00f3n.  \u00d3ptimas condiciones de higiene y salubridad.  Gran eficacia y acci\u00f3n desengrasante.  Elimina olores desagradables, dif\u00edciles y persistentes.  Incorpora la tecnolog\u00eda DEODOR.  Mantiene la imagen urbana limpia y cuidada.  Datos t\u00e9cnicos:   Producto l\u00edquido transparente.  Color: \u00e1mbar.  Perfume: caracter\u00edstico  LAVACONTENEDORES EN CIRCUITO CERRADO: dosificar 0,1-0,2% de producto en la cuba de agua limpia.  M\u00c1QUINA A PRESI\u00d3N: dosificar 1-5% de producto en agua.  Aplicar la soluci\u00f3n limpiadora del modo habitual.  Dejar actuar 2-3 minutos.  Aclarar con agua a presi\u00f3n.  Evitar que el producto se seque antes de aclarar  SKU: BX4032  &nbsp;  &nbsp;\" \/>\n<meta property=\"og:url\" content=\"https:\/\/meprolim.es\/producto\/quimicos-articulos-limpieza\/productos-quimicos-industriales\/limpieza-urbana\/bidon-2020kg-urbadet-extra-desengrasante\/\" \/>\n<meta property=\"og:site_name\" content=\"Meprolim\" \/>\n<meta property=\"article:modified_time\" content=\"2023-05-20T04:41:46+00:00\" \/>\n<meta property=\"og:image\" content=\"https:\/\/meprolim.es\/wp-content\/uploads\/2019\/08\/BX4032.jpg\" \/>\n\t<meta property=\"og:image:width\" content=\"1417\" \/>\n\t<meta property=\"og:image:height\" content=\"1417\" \/>\n\t<meta property=\"og:image:type\" content=\"image\/jpeg\" \/>\n<meta name=\"twitter:card\" content=\"summary_large_image\" \/>\n<meta name=\"twitter:label1\" content=\"Gesch\u00e4tzte Lesezeit\" \/>\n\t<meta name=\"twitter:data1\" content=\"1\u00a0Minute\" \/>\n<script type=\"application\/ld+json\" class=\"yoast-schema-graph\">{\"@context\":\"https:\\\/\\\/schema.org\",\"@graph\":[{\"@type\":\"WebPage\",\"@id\":\"https:\\\/\\\/meprolim.es\\\/producto\\\/quimicos-articulos-limpieza\\\/productos-quimicos-industriales\\\/limpieza-urbana\\\/bidon-2020kg-urbadet-extra-desengrasante\\\/\",\"url\":\"https:\\\/\\\/meprolim.es\\\/producto\\\/quimicos-articulos-limpieza\\\/productos-quimicos-industriales\\\/limpieza-urbana\\\/bidon-2020kg-urbadet-extra-desengrasante\\\/\",\"name\":\"BID\u00d3N 20,20 KG URBADET EXTRA DESENGRASANTE - C\u00d3DIGO: BX4032 - Meprolim\",\"isPartOf\":{\"@id\":\"https:\\\/\\\/meprolim.es\\\/fr\\\/#website\"},\"primaryImageOfPage\":{\"@id\":\"https:\\\/\\\/meprolim.es\\\/producto\\\/quimicos-articulos-limpieza\\\/productos-quimicos-industriales\\\/limpieza-urbana\\\/bidon-2020kg-urbadet-extra-desengrasante\\\/#primaryimage\"},\"image\":{\"@id\":\"https:\\\/\\\/meprolim.es\\\/producto\\\/quimicos-articulos-limpieza\\\/productos-quimicos-industriales\\\/limpieza-urbana\\\/bidon-2020kg-urbadet-extra-desengrasante\\\/#primaryimage\"},\"thumbnailUrl\":\"https:\\\/\\\/meprolim.es\\\/wp-content\\\/uploads\\\/2019\\\/08\\\/BX4032.jpg\",\"datePublished\":\"2019-08-29T14:15:51+00:00\",\"dateModified\":\"2023-05-20T04:41:46+00:00\",\"breadcrumb\":{\"@id\":\"https:\\\/\\\/meprolim.es\\\/producto\\\/quimicos-articulos-limpieza\\\/productos-quimicos-industriales\\\/limpieza-urbana\\\/bidon-2020kg-urbadet-extra-desengrasante\\\/#breadcrumb\"},\"inLanguage\":\"de\",\"potentialAction\":[{\"@type\":\"ReadAction\",\"target\":[\"https:\\\/\\\/meprolim.es\\\/producto\\\/quimicos-articulos-limpieza\\\/productos-quimicos-industriales\\\/limpieza-urbana\\\/bidon-2020kg-urbadet-extra-desengrasante\\\/\"]}]},{\"@type\":\"ImageObject\",\"inLanguage\":\"de\",\"@id\":\"https:\\\/\\\/meprolim.es\\\/producto\\\/quimicos-articulos-limpieza\\\/productos-quimicos-industriales\\\/limpieza-urbana\\\/bidon-2020kg-urbadet-extra-desengrasante\\\/#primaryimage\",\"url\":\"https:\\\/\\\/meprolim.es\\\/wp-content\\\/uploads\\\/2019\\\/08\\\/BX4032.jpg\",\"contentUrl\":\"https:\\\/\\\/meprolim.es\\\/wp-content\\\/uploads\\\/2019\\\/08\\\/BX4032.jpg\",\"width\":1417,\"height\":1417},{\"@type\":\"BreadcrumbList\",\"@id\":\"https:\\\/\\\/meprolim.es\\\/producto\\\/quimicos-articulos-limpieza\\\/productos-quimicos-industriales\\\/limpieza-urbana\\\/bidon-2020kg-urbadet-extra-desengrasante\\\/#breadcrumb\",\"itemListElement\":[{\"@type\":\"ListItem\",\"position\":1,\"name\":\"Portada\",\"item\":\"https:\\\/\\\/meprolim.es\\\/de\\\/\"},{\"@type\":\"ListItem\",\"position\":2,\"name\":\"Cat\u00e1logo\",\"item\":\"https:\\\/\\\/meprolim.es\\\/de\\\/catalogo\\\/\"},{\"@type\":\"ListItem\",\"position\":3,\"name\":\"BID\u00d3N 20,20 KG URBADET EXTRA DESENGRASANTE &#8211; C\u00d3DIGO: BX4032\"}]},{\"@type\":\"WebSite\",\"@id\":\"https:\\\/\\\/meprolim.es\\\/fr\\\/#website\",\"url\":\"https:\\\/\\\/meprolim.es\\\/fr\\\/\",\"name\":\"Meprolim\",\"description\":\"Cavas Catalanas S.L.\",\"publisher\":{\"@id\":\"https:\\\/\\\/meprolim.es\\\/fr\\\/#organization\"},\"potentialAction\":[{\"@type\":\"SearchAction\",\"target\":{\"@type\":\"EntryPoint\",\"urlTemplate\":\"https:\\\/\\\/meprolim.es\\\/fr\\\/?s={search_term_string}\"},\"query-input\":{\"@type\":\"PropertyValueSpecification\",\"valueRequired\":true,\"valueName\":\"search_term_string\"}}],\"inLanguage\":\"de\"},{\"@type\":\"Organization\",\"@id\":\"https:\\\/\\\/meprolim.es\\\/fr\\\/#organization\",\"name\":\"Meprolim\",\"url\":\"https:\\\/\\\/meprolim.es\\\/fr\\\/\",\"logo\":{\"@type\":\"ImageObject\",\"inLanguage\":\"de\",\"@id\":\"https:\\\/\\\/meprolim.es\\\/fr\\\/#\\\/schema\\\/logo\\\/image\\\/\",\"url\":\"https:\\\/\\\/meprolim.es\\\/wp-content\\\/uploads\\\/2019\\\/07\\\/cropped-logo2.png\",\"contentUrl\":\"https:\\\/\\\/meprolim.es\\\/wp-content\\\/uploads\\\/2019\\\/07\\\/cropped-logo2.png\",\"width\":401,\"height\":162,\"caption\":\"Meprolim\"},\"image\":{\"@id\":\"https:\\\/\\\/meprolim.es\\\/fr\\\/#\\\/schema\\\/logo\\\/image\\\/\"}}]}<\/script>\n<!-- \/ Yoast SEO plugin. -->","yoast_head_json":{"title":"BID\u00d3N 20,20 KG URBADET EXTRA DESENGRASANTE - C\u00d3DIGO: BX4032 - Meprolim","robots":{"index":"index","follow":"follow","max-snippet":"max-snippet:-1","max-image-preview":"max-image-preview:large","max-video-preview":"max-video-preview:-1"},"canonical":"https:\/\/meprolim.es\/producto\/quimicos-articulos-limpieza\/productos-quimicos-industriales\/limpieza-urbana\/bidon-2020kg-urbadet-extra-desengrasante\/","og_locale":"de_DE","og_type":"article","og_title":"BID\u00d3N 20,20 KG URBADET EXTRA DESENGRASANTE - C\u00d3DIGO: BX4032 - Meprolim","og_description":"pH 11.  Limpia, desinfecta y desodoriza en profundidad.  Elimina la suciedad causada por el uso y la poluci\u00f3n.  \u00d3ptimas condiciones de higiene y salubridad.  Gran eficacia y acci\u00f3n desengrasante.  Elimina olores desagradables, dif\u00edciles y persistentes.  Incorpora la tecnolog\u00eda DEODOR.  Mantiene la imagen urbana limpia y cuidada.  Datos t\u00e9cnicos:   Producto l\u00edquido transparente.  Color: \u00e1mbar.  Perfume: caracter\u00edstico  LAVACONTENEDORES EN CIRCUITO CERRADO: dosificar 0,1-0,2% de producto en la cuba de agua limpia.  M\u00c1QUINA A PRESI\u00d3N: dosificar 1-5% de producto en agua.  Aplicar la soluci\u00f3n limpiadora del modo habitual.  Dejar actuar 2-3 minutos.  Aclarar con agua a presi\u00f3n.  Evitar que el producto se seque antes de aclarar  SKU: BX4032  &nbsp;  &nbsp;","og_url":"https:\/\/meprolim.es\/producto\/quimicos-articulos-limpieza\/productos-quimicos-industriales\/limpieza-urbana\/bidon-2020kg-urbadet-extra-desengrasante\/","og_site_name":"Meprolim","article_modified_time":"2023-05-20T04:41:46+00:00","og_image":[{"width":1417,"height":1417,"url":"https:\/\/meprolim.es\/wp-content\/uploads\/2019\/08\/BX4032.jpg","type":"image\/jpeg"}],"twitter_card":"summary_large_image","twitter_misc":{"Gesch\u00e4tzte Lesezeit":"1\u00a0Minute"},"schema":{"@context":"https:\/\/schema.org","@graph":[{"@type":"WebPage","@id":"https:\/\/meprolim.es\/producto\/quimicos-articulos-limpieza\/productos-quimicos-industriales\/limpieza-urbana\/bidon-2020kg-urbadet-extra-desengrasante\/","url":"https:\/\/meprolim.es\/producto\/quimicos-articulos-limpieza\/productos-quimicos-industriales\/limpieza-urbana\/bidon-2020kg-urbadet-extra-desengrasante\/","name":"BID\u00d3N 20,20 KG URBADET EXTRA DESENGRASANTE - C\u00d3DIGO: BX4032 - Meprolim","isPartOf":{"@id":"https:\/\/meprolim.es\/fr\/#website"},"primaryImageOfPage":{"@id":"https:\/\/meprolim.es\/producto\/quimicos-articulos-limpieza\/productos-quimicos-industriales\/limpieza-urbana\/bidon-2020kg-urbadet-extra-desengrasante\/#primaryimage"},"image":{"@id":"https:\/\/meprolim.es\/producto\/quimicos-articulos-limpieza\/productos-quimicos-industriales\/limpieza-urbana\/bidon-2020kg-urbadet-extra-desengrasante\/#primaryimage"},"thumbnailUrl":"https:\/\/meprolim.es\/wp-content\/uploads\/2019\/08\/BX4032.jpg","datePublished":"2019-08-29T14:15:51+00:00","dateModified":"2023-05-20T04:41:46+00:00","breadcrumb":{"@id":"https:\/\/meprolim.es\/producto\/quimicos-articulos-limpieza\/productos-quimicos-industriales\/limpieza-urbana\/bidon-2020kg-urbadet-extra-desengrasante\/#breadcrumb"},"inLanguage":"de","potentialAction":[{"@type":"ReadAction","target":["https:\/\/meprolim.es\/producto\/quimicos-articulos-limpieza\/productos-quimicos-industriales\/limpieza-urbana\/bidon-2020kg-urbadet-extra-desengrasante\/"]}]},{"@type":"ImageObject","inLanguage":"de","@id":"https:\/\/meprolim.es\/producto\/quimicos-articulos-limpieza\/productos-quimicos-industriales\/limpieza-urbana\/bidon-2020kg-urbadet-extra-desengrasante\/#primaryimage","url":"https:\/\/meprolim.es\/wp-content\/uploads\/2019\/08\/BX4032.jpg","contentUrl":"https:\/\/meprolim.es\/wp-content\/uploads\/2019\/08\/BX4032.jpg","width":1417,"height":1417},{"@type":"BreadcrumbList","@id":"https:\/\/meprolim.es\/producto\/quimicos-articulos-limpieza\/productos-quimicos-industriales\/limpieza-urbana\/bidon-2020kg-urbadet-extra-desengrasante\/#breadcrumb","itemListElement":[{"@type":"ListItem","position":1,"name":"Portada","item":"https:\/\/meprolim.es\/de\/"},{"@type":"ListItem","position":2,"name":"Cat\u00e1logo","item":"https:\/\/meprolim.es\/de\/catalogo\/"},{"@type":"ListItem","position":3,"name":"BID\u00d3N 20,20 KG URBADET EXTRA DESENGRASANTE &#8211; C\u00d3DIGO: BX4032"}]},{"@type":"WebSite","@id":"https:\/\/meprolim.es\/fr\/#website","url":"https:\/\/meprolim.es\/fr\/","name":"Meprolim","description":"Cavas Catalanas S.L.","publisher":{"@id":"https:\/\/meprolim.es\/fr\/#organization"},"potentialAction":[{"@type":"SearchAction","target":{"@type":"EntryPoint","urlTemplate":"https:\/\/meprolim.es\/fr\/?s={search_term_string}"},"query-input":{"@type":"PropertyValueSpecification","valueRequired":true,"valueName":"search_term_string"}}],"inLanguage":"de"},{"@type":"Organization","@id":"https:\/\/meprolim.es\/fr\/#organization","name":"Meprolim","url":"https:\/\/meprolim.es\/fr\/","logo":{"@type":"ImageObject","inLanguage":"de","@id":"https:\/\/meprolim.es\/fr\/#\/schema\/logo\/image\/","url":"https:\/\/meprolim.es\/wp-content\/uploads\/2019\/07\/cropped-logo2.png","contentUrl":"https:\/\/meprolim.es\/wp-content\/uploads\/2019\/07\/cropped-logo2.png","width":401,"height":162,"caption":"Meprolim"},"image":{"@id":"https:\/\/meprolim.es\/fr\/#\/schema\/logo\/image\/"}}]}},"_links":{"self":[{"href":"https:\/\/meprolim.es\/de\/wp-json\/wp\/v2\/product\/8136","targetHints":{"allow":["GET"]}}],"collection":[{"href":"https:\/\/meprolim.es\/de\/wp-json\/wp\/v2\/product"}],"about":[{"href":"https:\/\/meprolim.es\/de\/wp-json\/wp\/v2\/types\/product"}],"wp:featuredmedia":[{"embeddable":true,"href":"https:\/\/meprolim.es\/de\/wp-json\/wp\/v2\/media\/8137"}],"wp:attachment":[{"href":"https:\/\/meprolim.es\/de\/wp-json\/wp\/v2\/media?parent=8136"}],"wp:term":[{"taxonomy":"product_brand","embeddable":true,"href":"https:\/\/meprolim.es\/de\/wp-json\/wp\/v2\/product_brand?post=8136"},{"taxonomy":"product_cat","embeddable":true,"href":"https:\/\/meprolim.es\/de\/wp-json\/wp\/v2\/product_cat?post=8136"},{"taxonomy":"product_tag","embeddable":true,"href":"https:\/\/meprolim.es\/de\/wp-json\/wp\/v2\/product_tag?post=8136"}],"curies":[{"name":"wp","href":"https:\/\/api.w.org\/{rel}","templated":true}]}}