{"id":8162,"date":"2019-08-29T16:08:44","date_gmt":"2019-08-29T15:08:44","guid":{"rendered":"http:\/\/www.meprolim.es\/?post_type=product&#038;p=8162"},"modified":"2019-10-27T14:35:31","modified_gmt":"2019-10-27T14:35:31","slug":"sanimix-200-rociado-en-spray-espuma","status":"publish","type":"product","link":"https:\/\/meprolim.es\/de\/producto\/quimicos-y-articulos-de-limpieza\/productos-quimicos-industriales-de-2\/detergente-alimentario-espuma-de-2\/sanimix-200-rociado-en-spray-espuma\/","title":{"rendered":"SANIMIX 200 ROCIADO EN SPRAY\/ESPUMA &#8211; C\u00d3DIGO: BX9010"},"content":{"rendered":"<div class=\"wpb-content-wrapper\"><p>[vc_row][vc_column][vc_column_text]Sistema de espumado &#8211; rociado &#8211; aclarado.[\/vc_column_text][\/vc_column][\/vc_row]<\/p>\n<\/div>","protected":false},"excerpt":{"rendered":"<ul>\n<li>Diluci\u00f3n autom\u00e1tica del producto.<\/li>\n<li>Salida en forma de spray\/espuma.<\/li>\n<li>Aclarado posterior con agua.<\/li>\n<li>Material: PVC.<\/li>\n<li>Montaje mural.<\/li>\n<li>Inyectores de polipropileno recambiables.<\/li>\n<li>Presi\u00f3n de trabajo agua red: min. 2, m\u00e1x. 6 bar.<\/li>\n<li>Regulaci\u00f3n por boquillas calibradas.<\/li>\n<li>Temperatura m\u00e1xima de agua 50\u00ba C.<\/li>\n<li>Dim.: 45 x 38 x 28 cm.<\/li>\n<li>Accesorios, para un correcto funcionamiento del equipo utilizar los accesorios correspondientes: SAC002 manguera conexi\u00f3n espuma 10-15-20 metros y SAC 006 lanza con trampa de espuma.<\/li>\n<\/ul>\n<p><strong>SKU: BX9010<\/strong><\/p>\n<p>&nbsp;<\/p>\n<p>&nbsp;<\/p>\n","protected":false},"featured_media":8163,"template":"","meta":[],"product_brand":[],"product_cat":[679,652,94],"product_tag":[680,654],"class_list":{"0":"post-8162","1":"product","2":"type-product","3":"status-publish","4":"has-post-thumbnail","6":"product_cat-detergente-alimentario-espuma","7":"product_cat-productos-quimicos-industriales","8":"product_cat-quimicos-articulos-limpieza","9":"product_tag-detergentes-gama-alimentaria","10":"product_tag-productos-quimicos","12":"first","13":"instock","14":"shipping-taxable","15":"product-type-simple"},"yoast_head":"<!-- This site is optimized with the Yoast SEO plugin v27.3 - https:\/\/yoast.com\/product\/yoast-seo-wordpress\/ -->\n<title>SANIMIX 200 ROCIADO EN SPRAY\/ESPUMA - C\u00d3DIGO: BX9010 - Meprolim<\/title>\n<meta name=\"robots\" content=\"index, follow, max-snippet:-1, max-image-preview:large, max-video-preview:-1\" \/>\n<link rel=\"canonical\" href=\"https:\/\/meprolim.es\/producto\/quimicos-articulos-limpieza\/productos-quimicos-industriales\/detergente-alimentario-espuma\/sanimix-200-rociado-en-spray-espuma\/\" \/>\n<meta property=\"og:locale\" content=\"de_DE\" \/>\n<meta property=\"og:type\" content=\"article\" \/>\n<meta property=\"og:title\" content=\"SANIMIX 200 ROCIADO EN SPRAY\/ESPUMA - C\u00d3DIGO: BX9010 - Meprolim\" \/>\n<meta property=\"og:description\" content=\"Diluci\u00f3n autom\u00e1tica del producto.  Salida en forma de spray\/espuma.  Aclarado posterior con agua.  Material: PVC.  Montaje mural.  Inyectores de polipropileno recambiables.  Presi\u00f3n de trabajo agua red: min. 2, m\u00e1x. 6 bar.  Regulaci\u00f3n por boquillas calibradas.  Temperatura m\u00e1xima de agua 50\u00ba C.  Dim.: 45 x 38 x 28 cm.  Accesorios, para un correcto funcionamiento del equipo utilizar los accesorios correspondientes: SAC002 manguera conexi\u00f3n espuma 10-15-20 metros y SAC 006 lanza con trampa de espuma.  SKU: BX9010 &nbsp; &nbsp;\" \/>\n<meta property=\"og:url\" content=\"https:\/\/meprolim.es\/producto\/quimicos-articulos-limpieza\/productos-quimicos-industriales\/detergente-alimentario-espuma\/sanimix-200-rociado-en-spray-espuma\/\" \/>\n<meta property=\"og:site_name\" content=\"Meprolim\" \/>\n<meta property=\"article:modified_time\" content=\"2019-10-27T14:35:31+00:00\" \/>\n<meta property=\"og:image\" content=\"https:\/\/meprolim.es\/wp-content\/uploads\/2019\/08\/BX9010.jpg\" \/>\n\t<meta property=\"og:image:width\" content=\"260\" \/>\n\t<meta property=\"og:image:height\" content=\"231\" \/>\n\t<meta property=\"og:image:type\" content=\"image\/jpeg\" \/>\n<meta name=\"twitter:card\" content=\"summary_large_image\" \/>\n<script type=\"application\/ld+json\" class=\"yoast-schema-graph\">{\"@context\":\"https:\\\/\\\/schema.org\",\"@graph\":[{\"@type\":\"WebPage\",\"@id\":\"https:\\\/\\\/meprolim.es\\\/producto\\\/quimicos-articulos-limpieza\\\/productos-quimicos-industriales\\\/detergente-alimentario-espuma\\\/sanimix-200-rociado-en-spray-espuma\\\/\",\"url\":\"https:\\\/\\\/meprolim.es\\\/producto\\\/quimicos-articulos-limpieza\\\/productos-quimicos-industriales\\\/detergente-alimentario-espuma\\\/sanimix-200-rociado-en-spray-espuma\\\/\",\"name\":\"SANIMIX 200 ROCIADO EN SPRAY\\\/ESPUMA - C\u00d3DIGO: BX9010 - Meprolim\",\"isPartOf\":{\"@id\":\"https:\\\/\\\/meprolim.es\\\/fr\\\/#website\"},\"primaryImageOfPage\":{\"@id\":\"https:\\\/\\\/meprolim.es\\\/producto\\\/quimicos-articulos-limpieza\\\/productos-quimicos-industriales\\\/detergente-alimentario-espuma\\\/sanimix-200-rociado-en-spray-espuma\\\/#primaryimage\"},\"image\":{\"@id\":\"https:\\\/\\\/meprolim.es\\\/producto\\\/quimicos-articulos-limpieza\\\/productos-quimicos-industriales\\\/detergente-alimentario-espuma\\\/sanimix-200-rociado-en-spray-espuma\\\/#primaryimage\"},\"thumbnailUrl\":\"https:\\\/\\\/meprolim.es\\\/wp-content\\\/uploads\\\/2019\\\/08\\\/BX9010.jpg\",\"datePublished\":\"2019-08-29T15:08:44+00:00\",\"dateModified\":\"2019-10-27T14:35:31+00:00\",\"breadcrumb\":{\"@id\":\"https:\\\/\\\/meprolim.es\\\/producto\\\/quimicos-articulos-limpieza\\\/productos-quimicos-industriales\\\/detergente-alimentario-espuma\\\/sanimix-200-rociado-en-spray-espuma\\\/#breadcrumb\"},\"inLanguage\":\"de\",\"potentialAction\":[{\"@type\":\"ReadAction\",\"target\":[\"https:\\\/\\\/meprolim.es\\\/producto\\\/quimicos-articulos-limpieza\\\/productos-quimicos-industriales\\\/detergente-alimentario-espuma\\\/sanimix-200-rociado-en-spray-espuma\\\/\"]}]},{\"@type\":\"ImageObject\",\"inLanguage\":\"de\",\"@id\":\"https:\\\/\\\/meprolim.es\\\/producto\\\/quimicos-articulos-limpieza\\\/productos-quimicos-industriales\\\/detergente-alimentario-espuma\\\/sanimix-200-rociado-en-spray-espuma\\\/#primaryimage\",\"url\":\"https:\\\/\\\/meprolim.es\\\/wp-content\\\/uploads\\\/2019\\\/08\\\/BX9010.jpg\",\"contentUrl\":\"https:\\\/\\\/meprolim.es\\\/wp-content\\\/uploads\\\/2019\\\/08\\\/BX9010.jpg\",\"width\":260,\"height\":231},{\"@type\":\"BreadcrumbList\",\"@id\":\"https:\\\/\\\/meprolim.es\\\/producto\\\/quimicos-articulos-limpieza\\\/productos-quimicos-industriales\\\/detergente-alimentario-espuma\\\/sanimix-200-rociado-en-spray-espuma\\\/#breadcrumb\",\"itemListElement\":[{\"@type\":\"ListItem\",\"position\":1,\"name\":\"Portada\",\"item\":\"https:\\\/\\\/meprolim.es\\\/de\\\/\"},{\"@type\":\"ListItem\",\"position\":2,\"name\":\"Cat\u00e1logo\",\"item\":\"https:\\\/\\\/meprolim.es\\\/de\\\/catalogo\\\/\"},{\"@type\":\"ListItem\",\"position\":3,\"name\":\"SANIMIX 200 ROCIADO EN SPRAY\\\/ESPUMA &#8211; C\u00d3DIGO: BX9010\"}]},{\"@type\":\"WebSite\",\"@id\":\"https:\\\/\\\/meprolim.es\\\/fr\\\/#website\",\"url\":\"https:\\\/\\\/meprolim.es\\\/fr\\\/\",\"name\":\"Meprolim\",\"description\":\"Cavas Catalanas S.L.\",\"publisher\":{\"@id\":\"https:\\\/\\\/meprolim.es\\\/fr\\\/#organization\"},\"potentialAction\":[{\"@type\":\"SearchAction\",\"target\":{\"@type\":\"EntryPoint\",\"urlTemplate\":\"https:\\\/\\\/meprolim.es\\\/fr\\\/?s={search_term_string}\"},\"query-input\":{\"@type\":\"PropertyValueSpecification\",\"valueRequired\":true,\"valueName\":\"search_term_string\"}}],\"inLanguage\":\"de\"},{\"@type\":\"Organization\",\"@id\":\"https:\\\/\\\/meprolim.es\\\/fr\\\/#organization\",\"name\":\"Meprolim\",\"url\":\"https:\\\/\\\/meprolim.es\\\/fr\\\/\",\"logo\":{\"@type\":\"ImageObject\",\"inLanguage\":\"de\",\"@id\":\"https:\\\/\\\/meprolim.es\\\/fr\\\/#\\\/schema\\\/logo\\\/image\\\/\",\"url\":\"https:\\\/\\\/meprolim.es\\\/wp-content\\\/uploads\\\/2019\\\/07\\\/cropped-logo2.png\",\"contentUrl\":\"https:\\\/\\\/meprolim.es\\\/wp-content\\\/uploads\\\/2019\\\/07\\\/cropped-logo2.png\",\"width\":401,\"height\":162,\"caption\":\"Meprolim\"},\"image\":{\"@id\":\"https:\\\/\\\/meprolim.es\\\/fr\\\/#\\\/schema\\\/logo\\\/image\\\/\"}}]}<\/script>\n<!-- \/ Yoast SEO plugin. -->","yoast_head_json":{"title":"SANIMIX 200 ROCIADO EN SPRAY\/ESPUMA - C\u00d3DIGO: BX9010 - Meprolim","robots":{"index":"index","follow":"follow","max-snippet":"max-snippet:-1","max-image-preview":"max-image-preview:large","max-video-preview":"max-video-preview:-1"},"canonical":"https:\/\/meprolim.es\/producto\/quimicos-articulos-limpieza\/productos-quimicos-industriales\/detergente-alimentario-espuma\/sanimix-200-rociado-en-spray-espuma\/","og_locale":"de_DE","og_type":"article","og_title":"SANIMIX 200 ROCIADO EN SPRAY\/ESPUMA - C\u00d3DIGO: BX9010 - Meprolim","og_description":"Diluci\u00f3n autom\u00e1tica del producto.  Salida en forma de spray\/espuma.  Aclarado posterior con agua.  Material: PVC.  Montaje mural.  Inyectores de polipropileno recambiables.  Presi\u00f3n de trabajo agua red: min. 2, m\u00e1x. 6 bar.  Regulaci\u00f3n por boquillas calibradas.  Temperatura m\u00e1xima de agua 50\u00ba C.  Dim.: 45 x 38 x 28 cm.  Accesorios, para un correcto funcionamiento del equipo utilizar los accesorios correspondientes: SAC002 manguera conexi\u00f3n espuma 10-15-20 metros y SAC 006 lanza con trampa de espuma.  SKU: BX9010 &nbsp; &nbsp;","og_url":"https:\/\/meprolim.es\/producto\/quimicos-articulos-limpieza\/productos-quimicos-industriales\/detergente-alimentario-espuma\/sanimix-200-rociado-en-spray-espuma\/","og_site_name":"Meprolim","article_modified_time":"2019-10-27T14:35:31+00:00","og_image":[{"width":260,"height":231,"url":"https:\/\/meprolim.es\/wp-content\/uploads\/2019\/08\/BX9010.jpg","type":"image\/jpeg"}],"twitter_card":"summary_large_image","schema":{"@context":"https:\/\/schema.org","@graph":[{"@type":"WebPage","@id":"https:\/\/meprolim.es\/producto\/quimicos-articulos-limpieza\/productos-quimicos-industriales\/detergente-alimentario-espuma\/sanimix-200-rociado-en-spray-espuma\/","url":"https:\/\/meprolim.es\/producto\/quimicos-articulos-limpieza\/productos-quimicos-industriales\/detergente-alimentario-espuma\/sanimix-200-rociado-en-spray-espuma\/","name":"SANIMIX 200 ROCIADO EN SPRAY\/ESPUMA - C\u00d3DIGO: BX9010 - Meprolim","isPartOf":{"@id":"https:\/\/meprolim.es\/fr\/#website"},"primaryImageOfPage":{"@id":"https:\/\/meprolim.es\/producto\/quimicos-articulos-limpieza\/productos-quimicos-industriales\/detergente-alimentario-espuma\/sanimix-200-rociado-en-spray-espuma\/#primaryimage"},"image":{"@id":"https:\/\/meprolim.es\/producto\/quimicos-articulos-limpieza\/productos-quimicos-industriales\/detergente-alimentario-espuma\/sanimix-200-rociado-en-spray-espuma\/#primaryimage"},"thumbnailUrl":"https:\/\/meprolim.es\/wp-content\/uploads\/2019\/08\/BX9010.jpg","datePublished":"2019-08-29T15:08:44+00:00","dateModified":"2019-10-27T14:35:31+00:00","breadcrumb":{"@id":"https:\/\/meprolim.es\/producto\/quimicos-articulos-limpieza\/productos-quimicos-industriales\/detergente-alimentario-espuma\/sanimix-200-rociado-en-spray-espuma\/#breadcrumb"},"inLanguage":"de","potentialAction":[{"@type":"ReadAction","target":["https:\/\/meprolim.es\/producto\/quimicos-articulos-limpieza\/productos-quimicos-industriales\/detergente-alimentario-espuma\/sanimix-200-rociado-en-spray-espuma\/"]}]},{"@type":"ImageObject","inLanguage":"de","@id":"https:\/\/meprolim.es\/producto\/quimicos-articulos-limpieza\/productos-quimicos-industriales\/detergente-alimentario-espuma\/sanimix-200-rociado-en-spray-espuma\/#primaryimage","url":"https:\/\/meprolim.es\/wp-content\/uploads\/2019\/08\/BX9010.jpg","contentUrl":"https:\/\/meprolim.es\/wp-content\/uploads\/2019\/08\/BX9010.jpg","width":260,"height":231},{"@type":"BreadcrumbList","@id":"https:\/\/meprolim.es\/producto\/quimicos-articulos-limpieza\/productos-quimicos-industriales\/detergente-alimentario-espuma\/sanimix-200-rociado-en-spray-espuma\/#breadcrumb","itemListElement":[{"@type":"ListItem","position":1,"name":"Portada","item":"https:\/\/meprolim.es\/de\/"},{"@type":"ListItem","position":2,"name":"Cat\u00e1logo","item":"https:\/\/meprolim.es\/de\/catalogo\/"},{"@type":"ListItem","position":3,"name":"SANIMIX 200 ROCIADO EN SPRAY\/ESPUMA &#8211; C\u00d3DIGO: BX9010"}]},{"@type":"WebSite","@id":"https:\/\/meprolim.es\/fr\/#website","url":"https:\/\/meprolim.es\/fr\/","name":"Meprolim","description":"Cavas Catalanas S.L.","publisher":{"@id":"https:\/\/meprolim.es\/fr\/#organization"},"potentialAction":[{"@type":"SearchAction","target":{"@type":"EntryPoint","urlTemplate":"https:\/\/meprolim.es\/fr\/?s={search_term_string}"},"query-input":{"@type":"PropertyValueSpecification","valueRequired":true,"valueName":"search_term_string"}}],"inLanguage":"de"},{"@type":"Organization","@id":"https:\/\/meprolim.es\/fr\/#organization","name":"Meprolim","url":"https:\/\/meprolim.es\/fr\/","logo":{"@type":"ImageObject","inLanguage":"de","@id":"https:\/\/meprolim.es\/fr\/#\/schema\/logo\/image\/","url":"https:\/\/meprolim.es\/wp-content\/uploads\/2019\/07\/cropped-logo2.png","contentUrl":"https:\/\/meprolim.es\/wp-content\/uploads\/2019\/07\/cropped-logo2.png","width":401,"height":162,"caption":"Meprolim"},"image":{"@id":"https:\/\/meprolim.es\/fr\/#\/schema\/logo\/image\/"}}]}},"_links":{"self":[{"href":"https:\/\/meprolim.es\/de\/wp-json\/wp\/v2\/product\/8162","targetHints":{"allow":["GET"]}}],"collection":[{"href":"https:\/\/meprolim.es\/de\/wp-json\/wp\/v2\/product"}],"about":[{"href":"https:\/\/meprolim.es\/de\/wp-json\/wp\/v2\/types\/product"}],"wp:featuredmedia":[{"embeddable":true,"href":"https:\/\/meprolim.es\/de\/wp-json\/wp\/v2\/media\/8163"}],"wp:attachment":[{"href":"https:\/\/meprolim.es\/de\/wp-json\/wp\/v2\/media?parent=8162"}],"wp:term":[{"taxonomy":"product_brand","embeddable":true,"href":"https:\/\/meprolim.es\/de\/wp-json\/wp\/v2\/product_brand?post=8162"},{"taxonomy":"product_cat","embeddable":true,"href":"https:\/\/meprolim.es\/de\/wp-json\/wp\/v2\/product_cat?post=8162"},{"taxonomy":"product_tag","embeddable":true,"href":"https:\/\/meprolim.es\/de\/wp-json\/wp\/v2\/product_tag?post=8162"}],"curies":[{"name":"wp","href":"https:\/\/api.w.org\/{rel}","templated":true}]}}