{"id":8205,"date":"2019-08-30T11:40:29","date_gmt":"2019-08-30T10:40:29","guid":{"rendered":"http:\/\/www.meprolim.es\/?post_type=product&#038;p=8205"},"modified":"2023-05-25T19:29:14","modified_gmt":"2023-05-25T18:29:14","slug":"bidon-20kg-shampoo-en-meprolim-limp-ene","status":"publish","type":"product","link":"https:\/\/meprolim.es\/de\/producto\/quimicos-y-articulos-de-limpieza\/productos-quimicos-industriales-de-2\/lavado-vehiculos-de-2\/detergentes-lavado-vehiculos-de-2\/bidon-20kg-shampoo-en-meprolim-limp-ene\/","title":{"rendered":"BID\u00d3N 20 KG SHAMPOO EN MEPROLIM LIMP\/ENE &#8211; C\u00d3DIGO: FR0062"},"content":{"rendered":"<div class=\"wpb-content-wrapper\"><p>[vc_row][vc_column][vc_column_text]<\/p>\n<p>Producto especialmente dise\u00f1ado para la limpieza de carrocer\u00edas de coches, camiones, autocares, cajas de camiones, furgonetas, etc., en instalaciones autom\u00e1ticas y manuales. No da\u00f1a la pintura.<\/p>\n<p>[\/vc_column_text][\/vc_column][\/vc_row]<\/p>\n<\/div>","protected":false},"excerpt":{"rendered":"<ul>\n<li>Para la limpieza de carrocer\u00edas de coches, camiones, autocares,&#8230;, en instalaciones autom\u00e1ticas y manuales. \u2022 No da\u00f1a la pintura.<\/li>\n<li>Alta concentraci\u00f3n: excelente rendimiento.<\/li>\n<li>Penetra en la grasa acumulada.<\/li>\n<li>Poder alcalino de eliminaci\u00f3n de suciedad y grasa. \u2022 Ideal para limpieza de motos.<\/li>\n<li>Antiest\u00e1tico.<\/li>\n<li>Desprende la suciedad de las carrocer\u00edas.<\/li>\n<li>Producto l\u00edquido.<\/li>\n<li>Color: verde.<\/li>\n<li>Perfume: caracter\u00edstico.<\/li>\n<li>Diluir el producto 1-5% y aplicar la mezcla.<\/li>\n<li>Dejar actuar y aclarar con agua.<\/li>\n<\/ul>\n<p><strong>SKU: FR0062<\/strong><\/p>\n<p>&nbsp;<\/p>\n<p>&nbsp;<\/p>\n","protected":false},"featured_media":8206,"template":"","meta":[],"product_brand":[],"product_cat":[1045,682,652,94],"product_tag":[683,654],"class_list":{"0":"post-8205","1":"product","2":"type-product","3":"status-publish","4":"has-post-thumbnail","6":"product_cat-detergentes-lavado-vehiculos","7":"product_cat-lavado-vehiculos","8":"product_cat-productos-quimicos-industriales","9":"product_cat-quimicos-articulos-limpieza","10":"product_tag-lavado-vehiculos","11":"product_tag-productos-quimicos","13":"first","14":"instock","15":"shipping-taxable","16":"product-type-simple"},"yoast_head":"<!-- This site is optimized with the Yoast SEO plugin v27.3 - https:\/\/yoast.com\/product\/yoast-seo-wordpress\/ -->\n<title>BID\u00d3N 20 KG SHAMPOO EN MEPROLIM LIMP\/ENE - C\u00d3DIGO: FR0062 - Meprolim<\/title>\n<meta name=\"robots\" content=\"index, follow, max-snippet:-1, max-image-preview:large, max-video-preview:-1\" \/>\n<link rel=\"canonical\" href=\"https:\/\/meprolim.es\/producto\/quimicos-articulos-limpieza\/productos-quimicos-industriales\/lavado-vehiculos\/detergentes-lavado-vehiculos\/bidon-20kg-shampoo-en-meprolim-limp-ene\/\" \/>\n<meta property=\"og:locale\" content=\"de_DE\" \/>\n<meta property=\"og:type\" content=\"article\" \/>\n<meta property=\"og:title\" content=\"BID\u00d3N 20 KG SHAMPOO EN MEPROLIM LIMP\/ENE - C\u00d3DIGO: FR0062 - Meprolim\" \/>\n<meta property=\"og:description\" content=\"Para la limpieza de carrocer\u00edas de coches, camiones, autocares,..., en instalaciones autom\u00e1ticas y manuales. \u2022 No da\u00f1a la pintura.  Alta concentraci\u00f3n: excelente rendimiento.  Penetra en la grasa acumulada.  Poder alcalino de eliminaci\u00f3n de suciedad y grasa. \u2022 Ideal para limpieza de motos.  Antiest\u00e1tico.  Desprende la suciedad de las carrocer\u00edas.  Producto l\u00edquido.  Color: verde.  Perfume: caracter\u00edstico.  Diluir el producto 1-5% y aplicar la mezcla.  Dejar actuar y aclarar con agua.  SKU: FR0062  &nbsp;  &nbsp;\" \/>\n<meta property=\"og:url\" content=\"https:\/\/meprolim.es\/producto\/quimicos-articulos-limpieza\/productos-quimicos-industriales\/lavado-vehiculos\/detergentes-lavado-vehiculos\/bidon-20kg-shampoo-en-meprolim-limp-ene\/\" \/>\n<meta property=\"og:site_name\" content=\"Meprolim\" \/>\n<meta property=\"article:modified_time\" content=\"2023-05-25T18:29:14+00:00\" \/>\n<meta property=\"og:image\" content=\"https:\/\/meprolim.es\/wp-content\/uploads\/2019\/08\/FR0062.jpg\" \/>\n\t<meta property=\"og:image:width\" content=\"768\" \/>\n\t<meta property=\"og:image:height\" content=\"768\" \/>\n\t<meta property=\"og:image:type\" content=\"image\/jpeg\" \/>\n<meta name=\"twitter:card\" content=\"summary_large_image\" \/>\n<meta name=\"twitter:label1\" content=\"Gesch\u00e4tzte Lesezeit\" \/>\n\t<meta name=\"twitter:data1\" content=\"1\u00a0Minute\" \/>\n<script type=\"application\/ld+json\" class=\"yoast-schema-graph\">{\"@context\":\"https:\\\/\\\/schema.org\",\"@graph\":[{\"@type\":\"WebPage\",\"@id\":\"https:\\\/\\\/meprolim.es\\\/producto\\\/quimicos-articulos-limpieza\\\/productos-quimicos-industriales\\\/lavado-vehiculos\\\/detergentes-lavado-vehiculos\\\/bidon-20kg-shampoo-en-meprolim-limp-ene\\\/\",\"url\":\"https:\\\/\\\/meprolim.es\\\/producto\\\/quimicos-articulos-limpieza\\\/productos-quimicos-industriales\\\/lavado-vehiculos\\\/detergentes-lavado-vehiculos\\\/bidon-20kg-shampoo-en-meprolim-limp-ene\\\/\",\"name\":\"BID\u00d3N 20 KG SHAMPOO EN MEPROLIM LIMP\\\/ENE - C\u00d3DIGO: FR0062 - Meprolim\",\"isPartOf\":{\"@id\":\"https:\\\/\\\/meprolim.es\\\/fr\\\/#website\"},\"primaryImageOfPage\":{\"@id\":\"https:\\\/\\\/meprolim.es\\\/producto\\\/quimicos-articulos-limpieza\\\/productos-quimicos-industriales\\\/lavado-vehiculos\\\/detergentes-lavado-vehiculos\\\/bidon-20kg-shampoo-en-meprolim-limp-ene\\\/#primaryimage\"},\"image\":{\"@id\":\"https:\\\/\\\/meprolim.es\\\/producto\\\/quimicos-articulos-limpieza\\\/productos-quimicos-industriales\\\/lavado-vehiculos\\\/detergentes-lavado-vehiculos\\\/bidon-20kg-shampoo-en-meprolim-limp-ene\\\/#primaryimage\"},\"thumbnailUrl\":\"https:\\\/\\\/meprolim.es\\\/wp-content\\\/uploads\\\/2019\\\/08\\\/FR0062.jpg\",\"datePublished\":\"2019-08-30T10:40:29+00:00\",\"dateModified\":\"2023-05-25T18:29:14+00:00\",\"breadcrumb\":{\"@id\":\"https:\\\/\\\/meprolim.es\\\/producto\\\/quimicos-articulos-limpieza\\\/productos-quimicos-industriales\\\/lavado-vehiculos\\\/detergentes-lavado-vehiculos\\\/bidon-20kg-shampoo-en-meprolim-limp-ene\\\/#breadcrumb\"},\"inLanguage\":\"de\",\"potentialAction\":[{\"@type\":\"ReadAction\",\"target\":[\"https:\\\/\\\/meprolim.es\\\/producto\\\/quimicos-articulos-limpieza\\\/productos-quimicos-industriales\\\/lavado-vehiculos\\\/detergentes-lavado-vehiculos\\\/bidon-20kg-shampoo-en-meprolim-limp-ene\\\/\"]}]},{\"@type\":\"ImageObject\",\"inLanguage\":\"de\",\"@id\":\"https:\\\/\\\/meprolim.es\\\/producto\\\/quimicos-articulos-limpieza\\\/productos-quimicos-industriales\\\/lavado-vehiculos\\\/detergentes-lavado-vehiculos\\\/bidon-20kg-shampoo-en-meprolim-limp-ene\\\/#primaryimage\",\"url\":\"https:\\\/\\\/meprolim.es\\\/wp-content\\\/uploads\\\/2019\\\/08\\\/FR0062.jpg\",\"contentUrl\":\"https:\\\/\\\/meprolim.es\\\/wp-content\\\/uploads\\\/2019\\\/08\\\/FR0062.jpg\",\"width\":768,\"height\":768},{\"@type\":\"BreadcrumbList\",\"@id\":\"https:\\\/\\\/meprolim.es\\\/producto\\\/quimicos-articulos-limpieza\\\/productos-quimicos-industriales\\\/lavado-vehiculos\\\/detergentes-lavado-vehiculos\\\/bidon-20kg-shampoo-en-meprolim-limp-ene\\\/#breadcrumb\",\"itemListElement\":[{\"@type\":\"ListItem\",\"position\":1,\"name\":\"Portada\",\"item\":\"https:\\\/\\\/meprolim.es\\\/de\\\/\"},{\"@type\":\"ListItem\",\"position\":2,\"name\":\"Cat\u00e1logo\",\"item\":\"https:\\\/\\\/meprolim.es\\\/de\\\/catalogo\\\/\"},{\"@type\":\"ListItem\",\"position\":3,\"name\":\"BID\u00d3N 20 KG SHAMPOO EN MEPROLIM LIMP\\\/ENE &#8211; C\u00d3DIGO: FR0062\"}]},{\"@type\":\"WebSite\",\"@id\":\"https:\\\/\\\/meprolim.es\\\/fr\\\/#website\",\"url\":\"https:\\\/\\\/meprolim.es\\\/fr\\\/\",\"name\":\"Meprolim\",\"description\":\"Cavas Catalanas S.L.\",\"publisher\":{\"@id\":\"https:\\\/\\\/meprolim.es\\\/fr\\\/#organization\"},\"potentialAction\":[{\"@type\":\"SearchAction\",\"target\":{\"@type\":\"EntryPoint\",\"urlTemplate\":\"https:\\\/\\\/meprolim.es\\\/fr\\\/?s={search_term_string}\"},\"query-input\":{\"@type\":\"PropertyValueSpecification\",\"valueRequired\":true,\"valueName\":\"search_term_string\"}}],\"inLanguage\":\"de\"},{\"@type\":\"Organization\",\"@id\":\"https:\\\/\\\/meprolim.es\\\/fr\\\/#organization\",\"name\":\"Meprolim\",\"url\":\"https:\\\/\\\/meprolim.es\\\/fr\\\/\",\"logo\":{\"@type\":\"ImageObject\",\"inLanguage\":\"de\",\"@id\":\"https:\\\/\\\/meprolim.es\\\/fr\\\/#\\\/schema\\\/logo\\\/image\\\/\",\"url\":\"https:\\\/\\\/meprolim.es\\\/wp-content\\\/uploads\\\/2019\\\/07\\\/cropped-logo2.png\",\"contentUrl\":\"https:\\\/\\\/meprolim.es\\\/wp-content\\\/uploads\\\/2019\\\/07\\\/cropped-logo2.png\",\"width\":401,\"height\":162,\"caption\":\"Meprolim\"},\"image\":{\"@id\":\"https:\\\/\\\/meprolim.es\\\/fr\\\/#\\\/schema\\\/logo\\\/image\\\/\"}}]}<\/script>\n<!-- \/ Yoast SEO plugin. -->","yoast_head_json":{"title":"BID\u00d3N 20 KG SHAMPOO EN MEPROLIM LIMP\/ENE - C\u00d3DIGO: FR0062 - Meprolim","robots":{"index":"index","follow":"follow","max-snippet":"max-snippet:-1","max-image-preview":"max-image-preview:large","max-video-preview":"max-video-preview:-1"},"canonical":"https:\/\/meprolim.es\/producto\/quimicos-articulos-limpieza\/productos-quimicos-industriales\/lavado-vehiculos\/detergentes-lavado-vehiculos\/bidon-20kg-shampoo-en-meprolim-limp-ene\/","og_locale":"de_DE","og_type":"article","og_title":"BID\u00d3N 20 KG SHAMPOO EN MEPROLIM LIMP\/ENE - C\u00d3DIGO: FR0062 - Meprolim","og_description":"Para la limpieza de carrocer\u00edas de coches, camiones, autocares,..., en instalaciones autom\u00e1ticas y manuales. \u2022 No da\u00f1a la pintura.  Alta concentraci\u00f3n: excelente rendimiento.  Penetra en la grasa acumulada.  Poder alcalino de eliminaci\u00f3n de suciedad y grasa. \u2022 Ideal para limpieza de motos.  Antiest\u00e1tico.  Desprende la suciedad de las carrocer\u00edas.  Producto l\u00edquido.  Color: verde.  Perfume: caracter\u00edstico.  Diluir el producto 1-5% y aplicar la mezcla.  Dejar actuar y aclarar con agua.  SKU: FR0062  &nbsp;  &nbsp;","og_url":"https:\/\/meprolim.es\/producto\/quimicos-articulos-limpieza\/productos-quimicos-industriales\/lavado-vehiculos\/detergentes-lavado-vehiculos\/bidon-20kg-shampoo-en-meprolim-limp-ene\/","og_site_name":"Meprolim","article_modified_time":"2023-05-25T18:29:14+00:00","og_image":[{"width":768,"height":768,"url":"https:\/\/meprolim.es\/wp-content\/uploads\/2019\/08\/FR0062.jpg","type":"image\/jpeg"}],"twitter_card":"summary_large_image","twitter_misc":{"Gesch\u00e4tzte Lesezeit":"1\u00a0Minute"},"schema":{"@context":"https:\/\/schema.org","@graph":[{"@type":"WebPage","@id":"https:\/\/meprolim.es\/producto\/quimicos-articulos-limpieza\/productos-quimicos-industriales\/lavado-vehiculos\/detergentes-lavado-vehiculos\/bidon-20kg-shampoo-en-meprolim-limp-ene\/","url":"https:\/\/meprolim.es\/producto\/quimicos-articulos-limpieza\/productos-quimicos-industriales\/lavado-vehiculos\/detergentes-lavado-vehiculos\/bidon-20kg-shampoo-en-meprolim-limp-ene\/","name":"BID\u00d3N 20 KG SHAMPOO EN MEPROLIM LIMP\/ENE - C\u00d3DIGO: FR0062 - Meprolim","isPartOf":{"@id":"https:\/\/meprolim.es\/fr\/#website"},"primaryImageOfPage":{"@id":"https:\/\/meprolim.es\/producto\/quimicos-articulos-limpieza\/productos-quimicos-industriales\/lavado-vehiculos\/detergentes-lavado-vehiculos\/bidon-20kg-shampoo-en-meprolim-limp-ene\/#primaryimage"},"image":{"@id":"https:\/\/meprolim.es\/producto\/quimicos-articulos-limpieza\/productos-quimicos-industriales\/lavado-vehiculos\/detergentes-lavado-vehiculos\/bidon-20kg-shampoo-en-meprolim-limp-ene\/#primaryimage"},"thumbnailUrl":"https:\/\/meprolim.es\/wp-content\/uploads\/2019\/08\/FR0062.jpg","datePublished":"2019-08-30T10:40:29+00:00","dateModified":"2023-05-25T18:29:14+00:00","breadcrumb":{"@id":"https:\/\/meprolim.es\/producto\/quimicos-articulos-limpieza\/productos-quimicos-industriales\/lavado-vehiculos\/detergentes-lavado-vehiculos\/bidon-20kg-shampoo-en-meprolim-limp-ene\/#breadcrumb"},"inLanguage":"de","potentialAction":[{"@type":"ReadAction","target":["https:\/\/meprolim.es\/producto\/quimicos-articulos-limpieza\/productos-quimicos-industriales\/lavado-vehiculos\/detergentes-lavado-vehiculos\/bidon-20kg-shampoo-en-meprolim-limp-ene\/"]}]},{"@type":"ImageObject","inLanguage":"de","@id":"https:\/\/meprolim.es\/producto\/quimicos-articulos-limpieza\/productos-quimicos-industriales\/lavado-vehiculos\/detergentes-lavado-vehiculos\/bidon-20kg-shampoo-en-meprolim-limp-ene\/#primaryimage","url":"https:\/\/meprolim.es\/wp-content\/uploads\/2019\/08\/FR0062.jpg","contentUrl":"https:\/\/meprolim.es\/wp-content\/uploads\/2019\/08\/FR0062.jpg","width":768,"height":768},{"@type":"BreadcrumbList","@id":"https:\/\/meprolim.es\/producto\/quimicos-articulos-limpieza\/productos-quimicos-industriales\/lavado-vehiculos\/detergentes-lavado-vehiculos\/bidon-20kg-shampoo-en-meprolim-limp-ene\/#breadcrumb","itemListElement":[{"@type":"ListItem","position":1,"name":"Portada","item":"https:\/\/meprolim.es\/de\/"},{"@type":"ListItem","position":2,"name":"Cat\u00e1logo","item":"https:\/\/meprolim.es\/de\/catalogo\/"},{"@type":"ListItem","position":3,"name":"BID\u00d3N 20 KG SHAMPOO EN MEPROLIM LIMP\/ENE &#8211; C\u00d3DIGO: FR0062"}]},{"@type":"WebSite","@id":"https:\/\/meprolim.es\/fr\/#website","url":"https:\/\/meprolim.es\/fr\/","name":"Meprolim","description":"Cavas Catalanas S.L.","publisher":{"@id":"https:\/\/meprolim.es\/fr\/#organization"},"potentialAction":[{"@type":"SearchAction","target":{"@type":"EntryPoint","urlTemplate":"https:\/\/meprolim.es\/fr\/?s={search_term_string}"},"query-input":{"@type":"PropertyValueSpecification","valueRequired":true,"valueName":"search_term_string"}}],"inLanguage":"de"},{"@type":"Organization","@id":"https:\/\/meprolim.es\/fr\/#organization","name":"Meprolim","url":"https:\/\/meprolim.es\/fr\/","logo":{"@type":"ImageObject","inLanguage":"de","@id":"https:\/\/meprolim.es\/fr\/#\/schema\/logo\/image\/","url":"https:\/\/meprolim.es\/wp-content\/uploads\/2019\/07\/cropped-logo2.png","contentUrl":"https:\/\/meprolim.es\/wp-content\/uploads\/2019\/07\/cropped-logo2.png","width":401,"height":162,"caption":"Meprolim"},"image":{"@id":"https:\/\/meprolim.es\/fr\/#\/schema\/logo\/image\/"}}]}},"_links":{"self":[{"href":"https:\/\/meprolim.es\/de\/wp-json\/wp\/v2\/product\/8205","targetHints":{"allow":["GET"]}}],"collection":[{"href":"https:\/\/meprolim.es\/de\/wp-json\/wp\/v2\/product"}],"about":[{"href":"https:\/\/meprolim.es\/de\/wp-json\/wp\/v2\/types\/product"}],"wp:featuredmedia":[{"embeddable":true,"href":"https:\/\/meprolim.es\/de\/wp-json\/wp\/v2\/media\/8206"}],"wp:attachment":[{"href":"https:\/\/meprolim.es\/de\/wp-json\/wp\/v2\/media?parent=8205"}],"wp:term":[{"taxonomy":"product_brand","embeddable":true,"href":"https:\/\/meprolim.es\/de\/wp-json\/wp\/v2\/product_brand?post=8205"},{"taxonomy":"product_cat","embeddable":true,"href":"https:\/\/meprolim.es\/de\/wp-json\/wp\/v2\/product_cat?post=8205"},{"taxonomy":"product_tag","embeddable":true,"href":"https:\/\/meprolim.es\/de\/wp-json\/wp\/v2\/product_tag?post=8205"}],"curies":[{"name":"wp","href":"https:\/\/api.w.org\/{rel}","templated":true}]}}