{"id":8367,"date":"2019-09-02T08:22:25","date_gmt":"2019-09-02T07:22:25","guid":{"rendered":"http:\/\/www.meprolim.es\/?post_type=product&#038;p=8367"},"modified":"2019-10-27T12:45:59","modified_gmt":"2019-10-27T12:45:59","slug":"bote-750cc-steel-brill-meprolim","status":"publish","type":"product","link":"https:\/\/meprolim.es\/de\/producto\/quimicos-y-articulos-de-limpieza\/productos-quimicos-industriales-de-2\/limpiametales-de-2\/bote-750cc-steel-brill-meprolim\/","title":{"rendered":"BOTE 750CC STEEL BRILL MEPROLIM &#8211; C\u00d3DIGO: FR0011"},"content":{"rendered":"<div class=\"wpb-content-wrapper\"><p>[vc_row][vc_column][vc_column_text]<\/p>\n<p style=\"text-align: justify;\">Producto indicado para el abrillantado de superficies de acero inoxidable, cromados, esmaltados, aluminio, etc. Proporciona a la superficie una capa protectora brillante y uniforme. Tiene poder antiest\u00e1tico por lo que la suciedad y la grasa tarda m\u00e1s tiempo en depositarse. No utilizar en superficies en contacto con alimentos. No contiene ning\u00fan producto agresivo, respeta la superficie abrillantada. Apto para uso alimentario.<\/p>\n<p>[\/vc_column_text][\/vc_column][\/vc_row]<\/p>\n<\/div>","protected":false},"excerpt":{"rendered":"<p>Caracter\u00edsticas:<\/p>\n<ul>\n<li>Producto indicado para el abrillantado de superficies de acero inoxidable, cromados, esmaltados, aluminio,&#8230;<\/li>\n<li>Proporciona a la superficie una capa protectora brillante y uniforme.<\/li>\n<li>Tiene poder antiest\u00e1tico por lo que la suciedad y la grasa tarda m\u00e1s tiempo en depositarse.<\/li>\n<li>No utilizar en superficies en contacto con alimentos.<\/li>\n<li>No contiene ning\u00fan producto agresivo, respeta la superficie abrillantada.<\/li>\n<\/ul>\n<p>Datos t\u00e9cnicos:<\/p>\n<ul>\n<li>pH 4.<\/li>\n<li>Producto l\u00edquido.<\/li>\n<li>Color: azul.<\/li>\n<li>Perfume: caracter\u00edstico.<\/li>\n<li>Pulverizar sobre la superficie a abrillantar.<\/li>\n<li>Pasar un trapo seco y el brillo sale al instante.<\/li>\n<li>No aplicar en superficies muy sucias.<\/li>\n<\/ul>\n<p><strong>SKU: FR0011<\/strong><\/p>\n<p>&nbsp;<\/p>\n","protected":false},"featured_media":8369,"template":"","meta":[],"product_brand":[],"product_cat":[700,652,94],"product_tag":[701,654],"class_list":{"0":"post-8367","1":"product","2":"type-product","3":"status-publish","4":"has-post-thumbnail","6":"product_cat-limpiametales","7":"product_cat-productos-quimicos-industriales","8":"product_cat-quimicos-articulos-limpieza","9":"product_tag-limpiametales","10":"product_tag-productos-quimicos","12":"first","13":"instock","14":"shipping-taxable","15":"product-type-simple"},"yoast_head":"<!-- This site is optimized with the Yoast SEO plugin v27.3 - https:\/\/yoast.com\/product\/yoast-seo-wordpress\/ -->\n<title>BOTE 750CC STEEL BRILL MEPROLIM - C\u00d3DIGO: FR0011 - Meprolim<\/title>\n<meta name=\"robots\" content=\"index, follow, max-snippet:-1, max-image-preview:large, max-video-preview:-1\" \/>\n<link rel=\"canonical\" href=\"https:\/\/meprolim.es\/producto\/quimicos-articulos-limpieza\/productos-quimicos-industriales\/limpiametales\/bote-750cc-steel-brill-meprolim\/\" \/>\n<meta property=\"og:locale\" content=\"de_DE\" \/>\n<meta property=\"og:type\" content=\"article\" \/>\n<meta property=\"og:title\" content=\"BOTE 750CC STEEL BRILL MEPROLIM - C\u00d3DIGO: FR0011 - Meprolim\" \/>\n<meta property=\"og:description\" content=\"Caracter\u00edsticas:   Producto indicado para el abrillantado de superficies de acero inoxidable, cromados, esmaltados, aluminio,...  Proporciona a la superficie una capa protectora brillante y uniforme.  Tiene poder antiest\u00e1tico por lo que la suciedad y la grasa tarda m\u00e1s tiempo en depositarse.  No utilizar en superficies en contacto con alimentos.  No contiene ning\u00fan producto agresivo, respeta la superficie abrillantada.  Datos t\u00e9cnicos:   pH 4.  Producto l\u00edquido.  Color: azul.  Perfume: caracter\u00edstico.  Pulverizar sobre la superficie a abrillantar.  Pasar un trapo seco y el brillo sale al instante.  No aplicar en superficies muy sucias.  SKU: FR0011 &nbsp;\" \/>\n<meta property=\"og:url\" content=\"https:\/\/meprolim.es\/producto\/quimicos-articulos-limpieza\/productos-quimicos-industriales\/limpiametales\/bote-750cc-steel-brill-meprolim\/\" \/>\n<meta property=\"og:site_name\" content=\"Meprolim\" \/>\n<meta property=\"article:modified_time\" content=\"2019-10-27T12:45:59+00:00\" \/>\n<meta property=\"og:image\" content=\"https:\/\/meprolim.es\/wp-content\/uploads\/2019\/09\/FR0011.jpg\" \/>\n\t<meta property=\"og:image:width\" content=\"768\" \/>\n\t<meta property=\"og:image:height\" content=\"768\" \/>\n\t<meta property=\"og:image:type\" content=\"image\/jpeg\" \/>\n<meta name=\"twitter:card\" content=\"summary_large_image\" \/>\n<script type=\"application\/ld+json\" class=\"yoast-schema-graph\">{\"@context\":\"https:\\\/\\\/schema.org\",\"@graph\":[{\"@type\":\"WebPage\",\"@id\":\"https:\\\/\\\/meprolim.es\\\/producto\\\/quimicos-articulos-limpieza\\\/productos-quimicos-industriales\\\/limpiametales\\\/bote-750cc-steel-brill-meprolim\\\/\",\"url\":\"https:\\\/\\\/meprolim.es\\\/producto\\\/quimicos-articulos-limpieza\\\/productos-quimicos-industriales\\\/limpiametales\\\/bote-750cc-steel-brill-meprolim\\\/\",\"name\":\"BOTE 750CC STEEL BRILL MEPROLIM - C\u00d3DIGO: FR0011 - Meprolim\",\"isPartOf\":{\"@id\":\"https:\\\/\\\/meprolim.es\\\/fr\\\/#website\"},\"primaryImageOfPage\":{\"@id\":\"https:\\\/\\\/meprolim.es\\\/producto\\\/quimicos-articulos-limpieza\\\/productos-quimicos-industriales\\\/limpiametales\\\/bote-750cc-steel-brill-meprolim\\\/#primaryimage\"},\"image\":{\"@id\":\"https:\\\/\\\/meprolim.es\\\/producto\\\/quimicos-articulos-limpieza\\\/productos-quimicos-industriales\\\/limpiametales\\\/bote-750cc-steel-brill-meprolim\\\/#primaryimage\"},\"thumbnailUrl\":\"https:\\\/\\\/meprolim.es\\\/wp-content\\\/uploads\\\/2019\\\/09\\\/FR0011.jpg\",\"datePublished\":\"2019-09-02T07:22:25+00:00\",\"dateModified\":\"2019-10-27T12:45:59+00:00\",\"breadcrumb\":{\"@id\":\"https:\\\/\\\/meprolim.es\\\/producto\\\/quimicos-articulos-limpieza\\\/productos-quimicos-industriales\\\/limpiametales\\\/bote-750cc-steel-brill-meprolim\\\/#breadcrumb\"},\"inLanguage\":\"de\",\"potentialAction\":[{\"@type\":\"ReadAction\",\"target\":[\"https:\\\/\\\/meprolim.es\\\/producto\\\/quimicos-articulos-limpieza\\\/productos-quimicos-industriales\\\/limpiametales\\\/bote-750cc-steel-brill-meprolim\\\/\"]}]},{\"@type\":\"ImageObject\",\"inLanguage\":\"de\",\"@id\":\"https:\\\/\\\/meprolim.es\\\/producto\\\/quimicos-articulos-limpieza\\\/productos-quimicos-industriales\\\/limpiametales\\\/bote-750cc-steel-brill-meprolim\\\/#primaryimage\",\"url\":\"https:\\\/\\\/meprolim.es\\\/wp-content\\\/uploads\\\/2019\\\/09\\\/FR0011.jpg\",\"contentUrl\":\"https:\\\/\\\/meprolim.es\\\/wp-content\\\/uploads\\\/2019\\\/09\\\/FR0011.jpg\",\"width\":768,\"height\":768},{\"@type\":\"BreadcrumbList\",\"@id\":\"https:\\\/\\\/meprolim.es\\\/producto\\\/quimicos-articulos-limpieza\\\/productos-quimicos-industriales\\\/limpiametales\\\/bote-750cc-steel-brill-meprolim\\\/#breadcrumb\",\"itemListElement\":[{\"@type\":\"ListItem\",\"position\":1,\"name\":\"Portada\",\"item\":\"https:\\\/\\\/meprolim.es\\\/de\\\/\"},{\"@type\":\"ListItem\",\"position\":2,\"name\":\"Cat\u00e1logo\",\"item\":\"https:\\\/\\\/meprolim.es\\\/de\\\/catalogo\\\/\"},{\"@type\":\"ListItem\",\"position\":3,\"name\":\"BOTE 750CC STEEL BRILL MEPROLIM &#8211; C\u00d3DIGO: FR0011\"}]},{\"@type\":\"WebSite\",\"@id\":\"https:\\\/\\\/meprolim.es\\\/fr\\\/#website\",\"url\":\"https:\\\/\\\/meprolim.es\\\/fr\\\/\",\"name\":\"Meprolim\",\"description\":\"Cavas Catalanas S.L.\",\"publisher\":{\"@id\":\"https:\\\/\\\/meprolim.es\\\/fr\\\/#organization\"},\"potentialAction\":[{\"@type\":\"SearchAction\",\"target\":{\"@type\":\"EntryPoint\",\"urlTemplate\":\"https:\\\/\\\/meprolim.es\\\/fr\\\/?s={search_term_string}\"},\"query-input\":{\"@type\":\"PropertyValueSpecification\",\"valueRequired\":true,\"valueName\":\"search_term_string\"}}],\"inLanguage\":\"de\"},{\"@type\":\"Organization\",\"@id\":\"https:\\\/\\\/meprolim.es\\\/fr\\\/#organization\",\"name\":\"Meprolim\",\"url\":\"https:\\\/\\\/meprolim.es\\\/fr\\\/\",\"logo\":{\"@type\":\"ImageObject\",\"inLanguage\":\"de\",\"@id\":\"https:\\\/\\\/meprolim.es\\\/fr\\\/#\\\/schema\\\/logo\\\/image\\\/\",\"url\":\"https:\\\/\\\/meprolim.es\\\/wp-content\\\/uploads\\\/2019\\\/07\\\/cropped-logo2.png\",\"contentUrl\":\"https:\\\/\\\/meprolim.es\\\/wp-content\\\/uploads\\\/2019\\\/07\\\/cropped-logo2.png\",\"width\":401,\"height\":162,\"caption\":\"Meprolim\"},\"image\":{\"@id\":\"https:\\\/\\\/meprolim.es\\\/fr\\\/#\\\/schema\\\/logo\\\/image\\\/\"}}]}<\/script>\n<!-- \/ Yoast SEO plugin. -->","yoast_head_json":{"title":"BOTE 750CC STEEL BRILL MEPROLIM - C\u00d3DIGO: FR0011 - Meprolim","robots":{"index":"index","follow":"follow","max-snippet":"max-snippet:-1","max-image-preview":"max-image-preview:large","max-video-preview":"max-video-preview:-1"},"canonical":"https:\/\/meprolim.es\/producto\/quimicos-articulos-limpieza\/productos-quimicos-industriales\/limpiametales\/bote-750cc-steel-brill-meprolim\/","og_locale":"de_DE","og_type":"article","og_title":"BOTE 750CC STEEL BRILL MEPROLIM - C\u00d3DIGO: FR0011 - Meprolim","og_description":"Caracter\u00edsticas:   Producto indicado para el abrillantado de superficies de acero inoxidable, cromados, esmaltados, aluminio,...  Proporciona a la superficie una capa protectora brillante y uniforme.  Tiene poder antiest\u00e1tico por lo que la suciedad y la grasa tarda m\u00e1s tiempo en depositarse.  No utilizar en superficies en contacto con alimentos.  No contiene ning\u00fan producto agresivo, respeta la superficie abrillantada.  Datos t\u00e9cnicos:   pH 4.  Producto l\u00edquido.  Color: azul.  Perfume: caracter\u00edstico.  Pulverizar sobre la superficie a abrillantar.  Pasar un trapo seco y el brillo sale al instante.  No aplicar en superficies muy sucias.  SKU: FR0011 &nbsp;","og_url":"https:\/\/meprolim.es\/producto\/quimicos-articulos-limpieza\/productos-quimicos-industriales\/limpiametales\/bote-750cc-steel-brill-meprolim\/","og_site_name":"Meprolim","article_modified_time":"2019-10-27T12:45:59+00:00","og_image":[{"width":768,"height":768,"url":"https:\/\/meprolim.es\/wp-content\/uploads\/2019\/09\/FR0011.jpg","type":"image\/jpeg"}],"twitter_card":"summary_large_image","schema":{"@context":"https:\/\/schema.org","@graph":[{"@type":"WebPage","@id":"https:\/\/meprolim.es\/producto\/quimicos-articulos-limpieza\/productos-quimicos-industriales\/limpiametales\/bote-750cc-steel-brill-meprolim\/","url":"https:\/\/meprolim.es\/producto\/quimicos-articulos-limpieza\/productos-quimicos-industriales\/limpiametales\/bote-750cc-steel-brill-meprolim\/","name":"BOTE 750CC STEEL BRILL MEPROLIM - C\u00d3DIGO: FR0011 - Meprolim","isPartOf":{"@id":"https:\/\/meprolim.es\/fr\/#website"},"primaryImageOfPage":{"@id":"https:\/\/meprolim.es\/producto\/quimicos-articulos-limpieza\/productos-quimicos-industriales\/limpiametales\/bote-750cc-steel-brill-meprolim\/#primaryimage"},"image":{"@id":"https:\/\/meprolim.es\/producto\/quimicos-articulos-limpieza\/productos-quimicos-industriales\/limpiametales\/bote-750cc-steel-brill-meprolim\/#primaryimage"},"thumbnailUrl":"https:\/\/meprolim.es\/wp-content\/uploads\/2019\/09\/FR0011.jpg","datePublished":"2019-09-02T07:22:25+00:00","dateModified":"2019-10-27T12:45:59+00:00","breadcrumb":{"@id":"https:\/\/meprolim.es\/producto\/quimicos-articulos-limpieza\/productos-quimicos-industriales\/limpiametales\/bote-750cc-steel-brill-meprolim\/#breadcrumb"},"inLanguage":"de","potentialAction":[{"@type":"ReadAction","target":["https:\/\/meprolim.es\/producto\/quimicos-articulos-limpieza\/productos-quimicos-industriales\/limpiametales\/bote-750cc-steel-brill-meprolim\/"]}]},{"@type":"ImageObject","inLanguage":"de","@id":"https:\/\/meprolim.es\/producto\/quimicos-articulos-limpieza\/productos-quimicos-industriales\/limpiametales\/bote-750cc-steel-brill-meprolim\/#primaryimage","url":"https:\/\/meprolim.es\/wp-content\/uploads\/2019\/09\/FR0011.jpg","contentUrl":"https:\/\/meprolim.es\/wp-content\/uploads\/2019\/09\/FR0011.jpg","width":768,"height":768},{"@type":"BreadcrumbList","@id":"https:\/\/meprolim.es\/producto\/quimicos-articulos-limpieza\/productos-quimicos-industriales\/limpiametales\/bote-750cc-steel-brill-meprolim\/#breadcrumb","itemListElement":[{"@type":"ListItem","position":1,"name":"Portada","item":"https:\/\/meprolim.es\/de\/"},{"@type":"ListItem","position":2,"name":"Cat\u00e1logo","item":"https:\/\/meprolim.es\/de\/catalogo\/"},{"@type":"ListItem","position":3,"name":"BOTE 750CC STEEL BRILL MEPROLIM &#8211; C\u00d3DIGO: FR0011"}]},{"@type":"WebSite","@id":"https:\/\/meprolim.es\/fr\/#website","url":"https:\/\/meprolim.es\/fr\/","name":"Meprolim","description":"Cavas Catalanas S.L.","publisher":{"@id":"https:\/\/meprolim.es\/fr\/#organization"},"potentialAction":[{"@type":"SearchAction","target":{"@type":"EntryPoint","urlTemplate":"https:\/\/meprolim.es\/fr\/?s={search_term_string}"},"query-input":{"@type":"PropertyValueSpecification","valueRequired":true,"valueName":"search_term_string"}}],"inLanguage":"de"},{"@type":"Organization","@id":"https:\/\/meprolim.es\/fr\/#organization","name":"Meprolim","url":"https:\/\/meprolim.es\/fr\/","logo":{"@type":"ImageObject","inLanguage":"de","@id":"https:\/\/meprolim.es\/fr\/#\/schema\/logo\/image\/","url":"https:\/\/meprolim.es\/wp-content\/uploads\/2019\/07\/cropped-logo2.png","contentUrl":"https:\/\/meprolim.es\/wp-content\/uploads\/2019\/07\/cropped-logo2.png","width":401,"height":162,"caption":"Meprolim"},"image":{"@id":"https:\/\/meprolim.es\/fr\/#\/schema\/logo\/image\/"}}]}},"_links":{"self":[{"href":"https:\/\/meprolim.es\/de\/wp-json\/wp\/v2\/product\/8367","targetHints":{"allow":["GET"]}}],"collection":[{"href":"https:\/\/meprolim.es\/de\/wp-json\/wp\/v2\/product"}],"about":[{"href":"https:\/\/meprolim.es\/de\/wp-json\/wp\/v2\/types\/product"}],"wp:featuredmedia":[{"embeddable":true,"href":"https:\/\/meprolim.es\/de\/wp-json\/wp\/v2\/media\/8369"}],"wp:attachment":[{"href":"https:\/\/meprolim.es\/de\/wp-json\/wp\/v2\/media?parent=8367"}],"wp:term":[{"taxonomy":"product_brand","embeddable":true,"href":"https:\/\/meprolim.es\/de\/wp-json\/wp\/v2\/product_brand?post=8367"},{"taxonomy":"product_cat","embeddable":true,"href":"https:\/\/meprolim.es\/de\/wp-json\/wp\/v2\/product_cat?post=8367"},{"taxonomy":"product_tag","embeddable":true,"href":"https:\/\/meprolim.es\/de\/wp-json\/wp\/v2\/product_tag?post=8367"}],"curies":[{"name":"wp","href":"https:\/\/api.w.org\/{rel}","templated":true}]}}