{"id":8541,"date":"2019-09-02T12:17:00","date_gmt":"2019-09-02T11:17:00","guid":{"rendered":"http:\/\/www.meprolim.es\/?post_type=product&#038;p=8541"},"modified":"2023-05-24T05:15:40","modified_gmt":"2023-05-24T04:15:40","slug":"saco-25kg-saniquick-completo-detergente-polvo","status":"publish","type":"product","link":"https:\/\/meprolim.es\/de\/producto\/quimicos-y-articulos-de-limpieza\/productos-quimicos-industriales-de-2\/lavanderia-de-2\/lavanderia-saniquick-hospitales-de-2\/saco-25kg-saniquick-completo-detergente-polvo\/","title":{"rendered":"SACO 25KG SANIQUICK COMPLETO DETERGENTE\/POLVO &#8211; C\u00d3DIGO: FR0026"},"content":{"rendered":"<div class=\"wpb-content-wrapper\"><p>[vc_row][vc_column][vc_column_text]<\/p>\n<p style=\"text-align: justify;\">Producto que contiene activador bioqu\u00edmico, un alto poder secuestrante y contiene una conjugaci\u00f3n de tres blanqueantes \u00f3pticos especiales para actuar en alta temperatura. Componentes de bajo peso espec\u00edfico.<\/p>\n<p>&nbsp;<\/p>\n<p>[\/vc_column_text][\/vc_column][\/vc_row]<\/p>\n<\/div>","protected":false},"excerpt":{"rendered":"<p>Caracter\u00edsticas:<\/p>\n<ul>\n<li>Contiene un activador bioqu\u00edmico con alto poder secuestrante y tres blanqueantes \u00f3pticos especiales para actuar en alta temperatura.<\/li>\n<li>Componentes de bajo peso espec\u00edfico.<\/li>\n<\/ul>\n<p>Datos t\u00e9cnicos:<\/p>\n<ul>\n<li>Producto en polvo con alta concentraci\u00f3n y excelente rendimiento.<\/li>\n<li>Color: blanco con motas verde.<\/li>\n<li>Perfume: caracter\u00edstico.<\/li>\n<li>Secuestrantes: compleja la cal para que el principio activo act\u00fae mejor.<\/li>\n<li>\u00c1lcalis: alto poder de limpieza de los restos de suciedad org\u00e1nicos.<\/li>\n<li>Alto poder de destrucci\u00f3n y saponificaci\u00f3n de grasas.<\/li>\n<li>Tensioactivos no i\u00f3nicos: poder detersivo y de emulsi\u00f3n de grasa.<\/li>\n<li>Facilita la eliminaci\u00f3n de la grasa.<\/li>\n<li>Activador bioqu\u00edmico.<\/li>\n<li>Blanqueantes \u00f3pticos: mayor poder de blancura.<\/li>\n<li>Dosificar 14 gramos de producto por kilo de ropa.<\/li>\n<\/ul>\n<p><strong>SKU: FR0026<\/strong><\/p>\n<p>&nbsp;<\/p>\n","protected":false},"featured_media":8544,"template":"","meta":[],"product_brand":[],"product_cat":[729,652,94],"product_tag":[731,727,654],"class_list":{"0":"post-8541","1":"product","2":"type-product","3":"status-publish","4":"has-post-thumbnail","6":"product_cat-lavanderia-saniquick-hospitales","7":"product_cat-productos-quimicos-industriales","8":"product_cat-quimicos-articulos-limpieza","9":"product_tag-hospitales","10":"product_tag-lavanderia","11":"product_tag-productos-quimicos","13":"first","14":"instock","15":"shipping-taxable","16":"product-type-simple"},"yoast_head":"<!-- This site is optimized with the Yoast SEO plugin v27.3 - https:\/\/yoast.com\/product\/yoast-seo-wordpress\/ -->\n<title>SACO 25KG SANIQUICK COMPLETO DETERGENTE\/POLVO - C\u00d3DIGO: FR0026 - Meprolim<\/title>\n<meta name=\"robots\" content=\"index, follow, max-snippet:-1, max-image-preview:large, max-video-preview:-1\" \/>\n<link rel=\"canonical\" href=\"https:\/\/meprolim.es\/producto\/quimicos-articulos-limpieza\/productos-quimicos-industriales\/lavanderia\/lavanderia-saniquick-hospitales\/saco-25kg-saniquick-completo-detergente-polvo\/\" \/>\n<meta property=\"og:locale\" content=\"de_DE\" \/>\n<meta property=\"og:type\" content=\"article\" \/>\n<meta property=\"og:title\" content=\"SACO 25KG SANIQUICK COMPLETO DETERGENTE\/POLVO - C\u00d3DIGO: FR0026 - Meprolim\" \/>\n<meta property=\"og:description\" content=\"Caracter\u00edsticas:   Contiene un activador bioqu\u00edmico con alto poder secuestrante y tres blanqueantes \u00f3pticos especiales para actuar en alta temperatura.  Componentes de bajo peso espec\u00edfico.  Datos t\u00e9cnicos:   Producto en polvo con alta concentraci\u00f3n y excelente rendimiento.  Color: blanco con motas verde.  Perfume: caracter\u00edstico.  Secuestrantes: compleja la cal para que el principio activo act\u00fae mejor.  \u00c1lcalis: alto poder de limpieza de los restos de suciedad org\u00e1nicos.  Alto poder de destrucci\u00f3n y saponificaci\u00f3n de grasas.  Tensioactivos no i\u00f3nicos: poder detersivo y de emulsi\u00f3n de grasa.  Facilita la eliminaci\u00f3n de la grasa.  Activador bioqu\u00edmico.  Blanqueantes \u00f3pticos: mayor poder de blancura.  Dosificar 14 gramos de producto por kilo de ropa.  SKU: FR0026 &nbsp;\" \/>\n<meta property=\"og:url\" content=\"https:\/\/meprolim.es\/producto\/quimicos-articulos-limpieza\/productos-quimicos-industriales\/lavanderia\/lavanderia-saniquick-hospitales\/saco-25kg-saniquick-completo-detergente-polvo\/\" \/>\n<meta property=\"og:site_name\" content=\"Meprolim\" \/>\n<meta property=\"article:modified_time\" content=\"2023-05-24T04:15:40+00:00\" \/>\n<meta property=\"og:image\" content=\"https:\/\/meprolim.es\/wp-content\/uploads\/2019\/09\/FR0026.jpg\" \/>\n\t<meta property=\"og:image:width\" content=\"768\" \/>\n\t<meta property=\"og:image:height\" content=\"768\" \/>\n\t<meta property=\"og:image:type\" content=\"image\/jpeg\" \/>\n<meta name=\"twitter:card\" content=\"summary_large_image\" \/>\n<meta name=\"twitter:label1\" content=\"Gesch\u00e4tzte Lesezeit\" \/>\n\t<meta name=\"twitter:data1\" content=\"1\u00a0Minute\" \/>\n<script type=\"application\/ld+json\" class=\"yoast-schema-graph\">{\"@context\":\"https:\\\/\\\/schema.org\",\"@graph\":[{\"@type\":\"WebPage\",\"@id\":\"https:\\\/\\\/meprolim.es\\\/producto\\\/quimicos-articulos-limpieza\\\/productos-quimicos-industriales\\\/lavanderia\\\/lavanderia-saniquick-hospitales\\\/saco-25kg-saniquick-completo-detergente-polvo\\\/\",\"url\":\"https:\\\/\\\/meprolim.es\\\/producto\\\/quimicos-articulos-limpieza\\\/productos-quimicos-industriales\\\/lavanderia\\\/lavanderia-saniquick-hospitales\\\/saco-25kg-saniquick-completo-detergente-polvo\\\/\",\"name\":\"SACO 25KG SANIQUICK COMPLETO DETERGENTE\\\/POLVO - C\u00d3DIGO: FR0026 - Meprolim\",\"isPartOf\":{\"@id\":\"https:\\\/\\\/meprolim.es\\\/fr\\\/#website\"},\"primaryImageOfPage\":{\"@id\":\"https:\\\/\\\/meprolim.es\\\/producto\\\/quimicos-articulos-limpieza\\\/productos-quimicos-industriales\\\/lavanderia\\\/lavanderia-saniquick-hospitales\\\/saco-25kg-saniquick-completo-detergente-polvo\\\/#primaryimage\"},\"image\":{\"@id\":\"https:\\\/\\\/meprolim.es\\\/producto\\\/quimicos-articulos-limpieza\\\/productos-quimicos-industriales\\\/lavanderia\\\/lavanderia-saniquick-hospitales\\\/saco-25kg-saniquick-completo-detergente-polvo\\\/#primaryimage\"},\"thumbnailUrl\":\"https:\\\/\\\/meprolim.es\\\/wp-content\\\/uploads\\\/2019\\\/09\\\/FR0026.jpg\",\"datePublished\":\"2019-09-02T11:17:00+00:00\",\"dateModified\":\"2023-05-24T04:15:40+00:00\",\"breadcrumb\":{\"@id\":\"https:\\\/\\\/meprolim.es\\\/producto\\\/quimicos-articulos-limpieza\\\/productos-quimicos-industriales\\\/lavanderia\\\/lavanderia-saniquick-hospitales\\\/saco-25kg-saniquick-completo-detergente-polvo\\\/#breadcrumb\"},\"inLanguage\":\"de\",\"potentialAction\":[{\"@type\":\"ReadAction\",\"target\":[\"https:\\\/\\\/meprolim.es\\\/producto\\\/quimicos-articulos-limpieza\\\/productos-quimicos-industriales\\\/lavanderia\\\/lavanderia-saniquick-hospitales\\\/saco-25kg-saniquick-completo-detergente-polvo\\\/\"]}]},{\"@type\":\"ImageObject\",\"inLanguage\":\"de\",\"@id\":\"https:\\\/\\\/meprolim.es\\\/producto\\\/quimicos-articulos-limpieza\\\/productos-quimicos-industriales\\\/lavanderia\\\/lavanderia-saniquick-hospitales\\\/saco-25kg-saniquick-completo-detergente-polvo\\\/#primaryimage\",\"url\":\"https:\\\/\\\/meprolim.es\\\/wp-content\\\/uploads\\\/2019\\\/09\\\/FR0026.jpg\",\"contentUrl\":\"https:\\\/\\\/meprolim.es\\\/wp-content\\\/uploads\\\/2019\\\/09\\\/FR0026.jpg\",\"width\":768,\"height\":768},{\"@type\":\"BreadcrumbList\",\"@id\":\"https:\\\/\\\/meprolim.es\\\/producto\\\/quimicos-articulos-limpieza\\\/productos-quimicos-industriales\\\/lavanderia\\\/lavanderia-saniquick-hospitales\\\/saco-25kg-saniquick-completo-detergente-polvo\\\/#breadcrumb\",\"itemListElement\":[{\"@type\":\"ListItem\",\"position\":1,\"name\":\"Portada\",\"item\":\"https:\\\/\\\/meprolim.es\\\/de\\\/\"},{\"@type\":\"ListItem\",\"position\":2,\"name\":\"Cat\u00e1logo\",\"item\":\"https:\\\/\\\/meprolim.es\\\/de\\\/catalogo\\\/\"},{\"@type\":\"ListItem\",\"position\":3,\"name\":\"SACO 25KG SANIQUICK COMPLETO DETERGENTE\\\/POLVO &#8211; C\u00d3DIGO: FR0026\"}]},{\"@type\":\"WebSite\",\"@id\":\"https:\\\/\\\/meprolim.es\\\/fr\\\/#website\",\"url\":\"https:\\\/\\\/meprolim.es\\\/fr\\\/\",\"name\":\"Meprolim\",\"description\":\"Cavas Catalanas S.L.\",\"publisher\":{\"@id\":\"https:\\\/\\\/meprolim.es\\\/fr\\\/#organization\"},\"potentialAction\":[{\"@type\":\"SearchAction\",\"target\":{\"@type\":\"EntryPoint\",\"urlTemplate\":\"https:\\\/\\\/meprolim.es\\\/fr\\\/?s={search_term_string}\"},\"query-input\":{\"@type\":\"PropertyValueSpecification\",\"valueRequired\":true,\"valueName\":\"search_term_string\"}}],\"inLanguage\":\"de\"},{\"@type\":\"Organization\",\"@id\":\"https:\\\/\\\/meprolim.es\\\/fr\\\/#organization\",\"name\":\"Meprolim\",\"url\":\"https:\\\/\\\/meprolim.es\\\/fr\\\/\",\"logo\":{\"@type\":\"ImageObject\",\"inLanguage\":\"de\",\"@id\":\"https:\\\/\\\/meprolim.es\\\/fr\\\/#\\\/schema\\\/logo\\\/image\\\/\",\"url\":\"https:\\\/\\\/meprolim.es\\\/wp-content\\\/uploads\\\/2019\\\/07\\\/cropped-logo2.png\",\"contentUrl\":\"https:\\\/\\\/meprolim.es\\\/wp-content\\\/uploads\\\/2019\\\/07\\\/cropped-logo2.png\",\"width\":401,\"height\":162,\"caption\":\"Meprolim\"},\"image\":{\"@id\":\"https:\\\/\\\/meprolim.es\\\/fr\\\/#\\\/schema\\\/logo\\\/image\\\/\"}}]}<\/script>\n<!-- \/ Yoast SEO plugin. -->","yoast_head_json":{"title":"SACO 25KG SANIQUICK COMPLETO DETERGENTE\/POLVO - C\u00d3DIGO: FR0026 - Meprolim","robots":{"index":"index","follow":"follow","max-snippet":"max-snippet:-1","max-image-preview":"max-image-preview:large","max-video-preview":"max-video-preview:-1"},"canonical":"https:\/\/meprolim.es\/producto\/quimicos-articulos-limpieza\/productos-quimicos-industriales\/lavanderia\/lavanderia-saniquick-hospitales\/saco-25kg-saniquick-completo-detergente-polvo\/","og_locale":"de_DE","og_type":"article","og_title":"SACO 25KG SANIQUICK COMPLETO DETERGENTE\/POLVO - C\u00d3DIGO: FR0026 - Meprolim","og_description":"Caracter\u00edsticas:   Contiene un activador bioqu\u00edmico con alto poder secuestrante y tres blanqueantes \u00f3pticos especiales para actuar en alta temperatura.  Componentes de bajo peso espec\u00edfico.  Datos t\u00e9cnicos:   Producto en polvo con alta concentraci\u00f3n y excelente rendimiento.  Color: blanco con motas verde.  Perfume: caracter\u00edstico.  Secuestrantes: compleja la cal para que el principio activo act\u00fae mejor.  \u00c1lcalis: alto poder de limpieza de los restos de suciedad org\u00e1nicos.  Alto poder de destrucci\u00f3n y saponificaci\u00f3n de grasas.  Tensioactivos no i\u00f3nicos: poder detersivo y de emulsi\u00f3n de grasa.  Facilita la eliminaci\u00f3n de la grasa.  Activador bioqu\u00edmico.  Blanqueantes \u00f3pticos: mayor poder de blancura.  Dosificar 14 gramos de producto por kilo de ropa.  SKU: FR0026 &nbsp;","og_url":"https:\/\/meprolim.es\/producto\/quimicos-articulos-limpieza\/productos-quimicos-industriales\/lavanderia\/lavanderia-saniquick-hospitales\/saco-25kg-saniquick-completo-detergente-polvo\/","og_site_name":"Meprolim","article_modified_time":"2023-05-24T04:15:40+00:00","og_image":[{"width":768,"height":768,"url":"https:\/\/meprolim.es\/wp-content\/uploads\/2019\/09\/FR0026.jpg","type":"image\/jpeg"}],"twitter_card":"summary_large_image","twitter_misc":{"Gesch\u00e4tzte Lesezeit":"1\u00a0Minute"},"schema":{"@context":"https:\/\/schema.org","@graph":[{"@type":"WebPage","@id":"https:\/\/meprolim.es\/producto\/quimicos-articulos-limpieza\/productos-quimicos-industriales\/lavanderia\/lavanderia-saniquick-hospitales\/saco-25kg-saniquick-completo-detergente-polvo\/","url":"https:\/\/meprolim.es\/producto\/quimicos-articulos-limpieza\/productos-quimicos-industriales\/lavanderia\/lavanderia-saniquick-hospitales\/saco-25kg-saniquick-completo-detergente-polvo\/","name":"SACO 25KG SANIQUICK COMPLETO DETERGENTE\/POLVO - C\u00d3DIGO: FR0026 - Meprolim","isPartOf":{"@id":"https:\/\/meprolim.es\/fr\/#website"},"primaryImageOfPage":{"@id":"https:\/\/meprolim.es\/producto\/quimicos-articulos-limpieza\/productos-quimicos-industriales\/lavanderia\/lavanderia-saniquick-hospitales\/saco-25kg-saniquick-completo-detergente-polvo\/#primaryimage"},"image":{"@id":"https:\/\/meprolim.es\/producto\/quimicos-articulos-limpieza\/productos-quimicos-industriales\/lavanderia\/lavanderia-saniquick-hospitales\/saco-25kg-saniquick-completo-detergente-polvo\/#primaryimage"},"thumbnailUrl":"https:\/\/meprolim.es\/wp-content\/uploads\/2019\/09\/FR0026.jpg","datePublished":"2019-09-02T11:17:00+00:00","dateModified":"2023-05-24T04:15:40+00:00","breadcrumb":{"@id":"https:\/\/meprolim.es\/producto\/quimicos-articulos-limpieza\/productos-quimicos-industriales\/lavanderia\/lavanderia-saniquick-hospitales\/saco-25kg-saniquick-completo-detergente-polvo\/#breadcrumb"},"inLanguage":"de","potentialAction":[{"@type":"ReadAction","target":["https:\/\/meprolim.es\/producto\/quimicos-articulos-limpieza\/productos-quimicos-industriales\/lavanderia\/lavanderia-saniquick-hospitales\/saco-25kg-saniquick-completo-detergente-polvo\/"]}]},{"@type":"ImageObject","inLanguage":"de","@id":"https:\/\/meprolim.es\/producto\/quimicos-articulos-limpieza\/productos-quimicos-industriales\/lavanderia\/lavanderia-saniquick-hospitales\/saco-25kg-saniquick-completo-detergente-polvo\/#primaryimage","url":"https:\/\/meprolim.es\/wp-content\/uploads\/2019\/09\/FR0026.jpg","contentUrl":"https:\/\/meprolim.es\/wp-content\/uploads\/2019\/09\/FR0026.jpg","width":768,"height":768},{"@type":"BreadcrumbList","@id":"https:\/\/meprolim.es\/producto\/quimicos-articulos-limpieza\/productos-quimicos-industriales\/lavanderia\/lavanderia-saniquick-hospitales\/saco-25kg-saniquick-completo-detergente-polvo\/#breadcrumb","itemListElement":[{"@type":"ListItem","position":1,"name":"Portada","item":"https:\/\/meprolim.es\/de\/"},{"@type":"ListItem","position":2,"name":"Cat\u00e1logo","item":"https:\/\/meprolim.es\/de\/catalogo\/"},{"@type":"ListItem","position":3,"name":"SACO 25KG SANIQUICK COMPLETO DETERGENTE\/POLVO &#8211; C\u00d3DIGO: FR0026"}]},{"@type":"WebSite","@id":"https:\/\/meprolim.es\/fr\/#website","url":"https:\/\/meprolim.es\/fr\/","name":"Meprolim","description":"Cavas Catalanas S.L.","publisher":{"@id":"https:\/\/meprolim.es\/fr\/#organization"},"potentialAction":[{"@type":"SearchAction","target":{"@type":"EntryPoint","urlTemplate":"https:\/\/meprolim.es\/fr\/?s={search_term_string}"},"query-input":{"@type":"PropertyValueSpecification","valueRequired":true,"valueName":"search_term_string"}}],"inLanguage":"de"},{"@type":"Organization","@id":"https:\/\/meprolim.es\/fr\/#organization","name":"Meprolim","url":"https:\/\/meprolim.es\/fr\/","logo":{"@type":"ImageObject","inLanguage":"de","@id":"https:\/\/meprolim.es\/fr\/#\/schema\/logo\/image\/","url":"https:\/\/meprolim.es\/wp-content\/uploads\/2019\/07\/cropped-logo2.png","contentUrl":"https:\/\/meprolim.es\/wp-content\/uploads\/2019\/07\/cropped-logo2.png","width":401,"height":162,"caption":"Meprolim"},"image":{"@id":"https:\/\/meprolim.es\/fr\/#\/schema\/logo\/image\/"}}]}},"_links":{"self":[{"href":"https:\/\/meprolim.es\/de\/wp-json\/wp\/v2\/product\/8541","targetHints":{"allow":["GET"]}}],"collection":[{"href":"https:\/\/meprolim.es\/de\/wp-json\/wp\/v2\/product"}],"about":[{"href":"https:\/\/meprolim.es\/de\/wp-json\/wp\/v2\/types\/product"}],"wp:featuredmedia":[{"embeddable":true,"href":"https:\/\/meprolim.es\/de\/wp-json\/wp\/v2\/media\/8544"}],"wp:attachment":[{"href":"https:\/\/meprolim.es\/de\/wp-json\/wp\/v2\/media?parent=8541"}],"wp:term":[{"taxonomy":"product_brand","embeddable":true,"href":"https:\/\/meprolim.es\/de\/wp-json\/wp\/v2\/product_brand?post=8541"},{"taxonomy":"product_cat","embeddable":true,"href":"https:\/\/meprolim.es\/de\/wp-json\/wp\/v2\/product_cat?post=8541"},{"taxonomy":"product_tag","embeddable":true,"href":"https:\/\/meprolim.es\/de\/wp-json\/wp\/v2\/product_tag?post=8541"}],"curies":[{"name":"wp","href":"https:\/\/api.w.org\/{rel}","templated":true}]}}