{"id":8595,"date":"2019-09-02T13:49:44","date_gmt":"2019-09-02T12:49:44","guid":{"rendered":"http:\/\/www.meprolim.es\/?post_type=product&#038;p=8595"},"modified":"2023-05-24T05:23:36","modified_gmt":"2023-05-24T04:23:36","slug":"bidon-20kg-suavizante-neufresh","status":"publish","type":"product","link":"https:\/\/meprolim.es\/de\/producto\/quimicos-y-articulos-de-limpieza\/productos-quimicos-industriales-de-2\/lavanderia-de-2\/suavisantes-de-2\/bidon-20kg-suavizante-neufresh\/","title":{"rendered":"BID\u00d3N 20KG SUAVIZANTE NEUFRESH &#8211; C\u00d3DIGO: FR0028"},"content":{"rendered":"<div class=\"wpb-content-wrapper\"><p>[vc_row][vc_column][vc_column_text]<\/p>\n<p style=\"text-align: justify;\">Suavizante concentrado de alto poder antiest\u00e1tico. Confiere a la ropa un suave tacto, dej\u00e1ndola agradablemente perfumada. Su poder antiest\u00e1tico facilita el paso de la ropa por la calandra.<\/p>\n<p>[\/vc_column_text][\/vc_column][\/vc_row]<\/p>\n<\/div>","protected":false},"excerpt":{"rendered":"<p>Caracter\u00edsticas:<\/p>\n<ul>\n<li>Suavizante concentrado de alto poder antiest\u00e1tico.<\/li>\n<li>Confiere a la ropa un suave tacto, dej\u00e1ndola agradablemente perfumada.<\/li>\n<li>Regenera las fibras da\u00f1adas.<\/li>\n<li>Elimina la est\u00e1tica de las prendas sint\u00e9ticas.<\/li>\n<li>Tensioactivos cati\u00f3nicos: da mayor suavidad a los tejidos.<\/li>\n<li>Neutralizantes: mezcla de \u00e1cidos inorg\u00e1nicos y org\u00e1nicos que eliminan los restos de detergente del lavado.<\/li>\n<\/ul>\n<p>Datos t\u00e9cnicos:<\/p>\n<ul>\n<li>pH 0,5-2.<\/li>\n<li>Producto l\u00edquido.<\/li>\n<li>Perfume: floral.<\/li>\n<li>Dosificar de 4 a 5 g de producto por kg de ropa dependiendo de la dureza del agua y del grado de suciedad a eliminar.<\/li>\n<\/ul>\n<p><strong>SKU: FR0028<\/strong><\/p>\n<p>&nbsp;<\/p>\n","protected":false},"featured_media":8596,"template":"","meta":[],"product_brand":[],"product_cat":[1049,652,94,1053],"product_tag":[727,654],"class_list":{"0":"post-8595","1":"product","2":"type-product","3":"status-publish","4":"has-post-thumbnail","6":"product_cat-lavanderia","7":"product_cat-productos-quimicos-industriales","8":"product_cat-quimicos-articulos-limpieza","9":"product_cat-suavisantes","10":"product_tag-lavanderia","11":"product_tag-productos-quimicos","13":"first","14":"instock","15":"shipping-taxable","16":"product-type-simple"},"yoast_head":"<!-- This site is optimized with the Yoast SEO plugin v27.3 - https:\/\/yoast.com\/product\/yoast-seo-wordpress\/ -->\n<title>BID\u00d3N 20KG SUAVIZANTE NEUFRESH - C\u00d3DIGO: FR0028 - Meprolim<\/title>\n<meta name=\"robots\" content=\"index, follow, max-snippet:-1, max-image-preview:large, max-video-preview:-1\" \/>\n<link rel=\"canonical\" href=\"https:\/\/meprolim.es\/producto\/quimicos-articulos-limpieza\/productos-quimicos-industriales\/lavanderia\/suavisantes\/bidon-20kg-suavizante-neufresh\/\" \/>\n<meta property=\"og:locale\" content=\"de_DE\" \/>\n<meta property=\"og:type\" content=\"article\" \/>\n<meta property=\"og:title\" content=\"BID\u00d3N 20KG SUAVIZANTE NEUFRESH - C\u00d3DIGO: FR0028 - Meprolim\" \/>\n<meta property=\"og:description\" content=\"Caracter\u00edsticas:   Suavizante concentrado de alto poder antiest\u00e1tico.  Confiere a la ropa un suave tacto, dej\u00e1ndola agradablemente perfumada.  Regenera las fibras da\u00f1adas.  Elimina la est\u00e1tica de las prendas sint\u00e9ticas.  Tensioactivos cati\u00f3nicos: da mayor suavidad a los tejidos.  Neutralizantes: mezcla de \u00e1cidos inorg\u00e1nicos y org\u00e1nicos que eliminan los restos de detergente del lavado.  Datos t\u00e9cnicos:   pH 0,5-2.  Producto l\u00edquido.  Perfume: floral.  Dosificar de 4 a 5 g de producto por kg de ropa dependiendo de la dureza del agua y del grado de suciedad a eliminar.  SKU: FR0028  &nbsp;\" \/>\n<meta property=\"og:url\" content=\"https:\/\/meprolim.es\/producto\/quimicos-articulos-limpieza\/productos-quimicos-industriales\/lavanderia\/suavisantes\/bidon-20kg-suavizante-neufresh\/\" \/>\n<meta property=\"og:site_name\" content=\"Meprolim\" \/>\n<meta property=\"article:modified_time\" content=\"2023-05-24T04:23:36+00:00\" \/>\n<meta property=\"og:image\" content=\"https:\/\/meprolim.es\/wp-content\/uploads\/2019\/09\/FR0028.jpg\" \/>\n\t<meta property=\"og:image:width\" content=\"768\" \/>\n\t<meta property=\"og:image:height\" content=\"768\" \/>\n\t<meta property=\"og:image:type\" content=\"image\/jpeg\" \/>\n<meta name=\"twitter:card\" content=\"summary_large_image\" \/>\n<meta name=\"twitter:label1\" content=\"Gesch\u00e4tzte Lesezeit\" \/>\n\t<meta name=\"twitter:data1\" content=\"1\u00a0Minute\" \/>\n<script type=\"application\/ld+json\" class=\"yoast-schema-graph\">{\"@context\":\"https:\\\/\\\/schema.org\",\"@graph\":[{\"@type\":\"WebPage\",\"@id\":\"https:\\\/\\\/meprolim.es\\\/producto\\\/quimicos-articulos-limpieza\\\/productos-quimicos-industriales\\\/lavanderia\\\/suavisantes\\\/bidon-20kg-suavizante-neufresh\\\/\",\"url\":\"https:\\\/\\\/meprolim.es\\\/producto\\\/quimicos-articulos-limpieza\\\/productos-quimicos-industriales\\\/lavanderia\\\/suavisantes\\\/bidon-20kg-suavizante-neufresh\\\/\",\"name\":\"BID\u00d3N 20KG SUAVIZANTE NEUFRESH - C\u00d3DIGO: FR0028 - Meprolim\",\"isPartOf\":{\"@id\":\"https:\\\/\\\/meprolim.es\\\/fr\\\/#website\"},\"primaryImageOfPage\":{\"@id\":\"https:\\\/\\\/meprolim.es\\\/producto\\\/quimicos-articulos-limpieza\\\/productos-quimicos-industriales\\\/lavanderia\\\/suavisantes\\\/bidon-20kg-suavizante-neufresh\\\/#primaryimage\"},\"image\":{\"@id\":\"https:\\\/\\\/meprolim.es\\\/producto\\\/quimicos-articulos-limpieza\\\/productos-quimicos-industriales\\\/lavanderia\\\/suavisantes\\\/bidon-20kg-suavizante-neufresh\\\/#primaryimage\"},\"thumbnailUrl\":\"https:\\\/\\\/meprolim.es\\\/wp-content\\\/uploads\\\/2019\\\/09\\\/FR0028.jpg\",\"datePublished\":\"2019-09-02T12:49:44+00:00\",\"dateModified\":\"2023-05-24T04:23:36+00:00\",\"breadcrumb\":{\"@id\":\"https:\\\/\\\/meprolim.es\\\/producto\\\/quimicos-articulos-limpieza\\\/productos-quimicos-industriales\\\/lavanderia\\\/suavisantes\\\/bidon-20kg-suavizante-neufresh\\\/#breadcrumb\"},\"inLanguage\":\"de\",\"potentialAction\":[{\"@type\":\"ReadAction\",\"target\":[\"https:\\\/\\\/meprolim.es\\\/producto\\\/quimicos-articulos-limpieza\\\/productos-quimicos-industriales\\\/lavanderia\\\/suavisantes\\\/bidon-20kg-suavizante-neufresh\\\/\"]}]},{\"@type\":\"ImageObject\",\"inLanguage\":\"de\",\"@id\":\"https:\\\/\\\/meprolim.es\\\/producto\\\/quimicos-articulos-limpieza\\\/productos-quimicos-industriales\\\/lavanderia\\\/suavisantes\\\/bidon-20kg-suavizante-neufresh\\\/#primaryimage\",\"url\":\"https:\\\/\\\/meprolim.es\\\/wp-content\\\/uploads\\\/2019\\\/09\\\/FR0028.jpg\",\"contentUrl\":\"https:\\\/\\\/meprolim.es\\\/wp-content\\\/uploads\\\/2019\\\/09\\\/FR0028.jpg\",\"width\":768,\"height\":768},{\"@type\":\"BreadcrumbList\",\"@id\":\"https:\\\/\\\/meprolim.es\\\/producto\\\/quimicos-articulos-limpieza\\\/productos-quimicos-industriales\\\/lavanderia\\\/suavisantes\\\/bidon-20kg-suavizante-neufresh\\\/#breadcrumb\",\"itemListElement\":[{\"@type\":\"ListItem\",\"position\":1,\"name\":\"Portada\",\"item\":\"https:\\\/\\\/meprolim.es\\\/de\\\/\"},{\"@type\":\"ListItem\",\"position\":2,\"name\":\"Cat\u00e1logo\",\"item\":\"https:\\\/\\\/meprolim.es\\\/de\\\/catalogo\\\/\"},{\"@type\":\"ListItem\",\"position\":3,\"name\":\"BID\u00d3N 20KG SUAVIZANTE NEUFRESH &#8211; C\u00d3DIGO: FR0028\"}]},{\"@type\":\"WebSite\",\"@id\":\"https:\\\/\\\/meprolim.es\\\/fr\\\/#website\",\"url\":\"https:\\\/\\\/meprolim.es\\\/fr\\\/\",\"name\":\"Meprolim\",\"description\":\"Cavas Catalanas S.L.\",\"publisher\":{\"@id\":\"https:\\\/\\\/meprolim.es\\\/fr\\\/#organization\"},\"potentialAction\":[{\"@type\":\"SearchAction\",\"target\":{\"@type\":\"EntryPoint\",\"urlTemplate\":\"https:\\\/\\\/meprolim.es\\\/fr\\\/?s={search_term_string}\"},\"query-input\":{\"@type\":\"PropertyValueSpecification\",\"valueRequired\":true,\"valueName\":\"search_term_string\"}}],\"inLanguage\":\"de\"},{\"@type\":\"Organization\",\"@id\":\"https:\\\/\\\/meprolim.es\\\/fr\\\/#organization\",\"name\":\"Meprolim\",\"url\":\"https:\\\/\\\/meprolim.es\\\/fr\\\/\",\"logo\":{\"@type\":\"ImageObject\",\"inLanguage\":\"de\",\"@id\":\"https:\\\/\\\/meprolim.es\\\/fr\\\/#\\\/schema\\\/logo\\\/image\\\/\",\"url\":\"https:\\\/\\\/meprolim.es\\\/wp-content\\\/uploads\\\/2019\\\/07\\\/cropped-logo2.png\",\"contentUrl\":\"https:\\\/\\\/meprolim.es\\\/wp-content\\\/uploads\\\/2019\\\/07\\\/cropped-logo2.png\",\"width\":401,\"height\":162,\"caption\":\"Meprolim\"},\"image\":{\"@id\":\"https:\\\/\\\/meprolim.es\\\/fr\\\/#\\\/schema\\\/logo\\\/image\\\/\"}}]}<\/script>\n<!-- \/ Yoast SEO plugin. -->","yoast_head_json":{"title":"BID\u00d3N 20KG SUAVIZANTE NEUFRESH - C\u00d3DIGO: FR0028 - Meprolim","robots":{"index":"index","follow":"follow","max-snippet":"max-snippet:-1","max-image-preview":"max-image-preview:large","max-video-preview":"max-video-preview:-1"},"canonical":"https:\/\/meprolim.es\/producto\/quimicos-articulos-limpieza\/productos-quimicos-industriales\/lavanderia\/suavisantes\/bidon-20kg-suavizante-neufresh\/","og_locale":"de_DE","og_type":"article","og_title":"BID\u00d3N 20KG SUAVIZANTE NEUFRESH - C\u00d3DIGO: FR0028 - Meprolim","og_description":"Caracter\u00edsticas:   Suavizante concentrado de alto poder antiest\u00e1tico.  Confiere a la ropa un suave tacto, dej\u00e1ndola agradablemente perfumada.  Regenera las fibras da\u00f1adas.  Elimina la est\u00e1tica de las prendas sint\u00e9ticas.  Tensioactivos cati\u00f3nicos: da mayor suavidad a los tejidos.  Neutralizantes: mezcla de \u00e1cidos inorg\u00e1nicos y org\u00e1nicos que eliminan los restos de detergente del lavado.  Datos t\u00e9cnicos:   pH 0,5-2.  Producto l\u00edquido.  Perfume: floral.  Dosificar de 4 a 5 g de producto por kg de ropa dependiendo de la dureza del agua y del grado de suciedad a eliminar.  SKU: FR0028  &nbsp;","og_url":"https:\/\/meprolim.es\/producto\/quimicos-articulos-limpieza\/productos-quimicos-industriales\/lavanderia\/suavisantes\/bidon-20kg-suavizante-neufresh\/","og_site_name":"Meprolim","article_modified_time":"2023-05-24T04:23:36+00:00","og_image":[{"width":768,"height":768,"url":"https:\/\/meprolim.es\/wp-content\/uploads\/2019\/09\/FR0028.jpg","type":"image\/jpeg"}],"twitter_card":"summary_large_image","twitter_misc":{"Gesch\u00e4tzte Lesezeit":"1\u00a0Minute"},"schema":{"@context":"https:\/\/schema.org","@graph":[{"@type":"WebPage","@id":"https:\/\/meprolim.es\/producto\/quimicos-articulos-limpieza\/productos-quimicos-industriales\/lavanderia\/suavisantes\/bidon-20kg-suavizante-neufresh\/","url":"https:\/\/meprolim.es\/producto\/quimicos-articulos-limpieza\/productos-quimicos-industriales\/lavanderia\/suavisantes\/bidon-20kg-suavizante-neufresh\/","name":"BID\u00d3N 20KG SUAVIZANTE NEUFRESH - C\u00d3DIGO: FR0028 - Meprolim","isPartOf":{"@id":"https:\/\/meprolim.es\/fr\/#website"},"primaryImageOfPage":{"@id":"https:\/\/meprolim.es\/producto\/quimicos-articulos-limpieza\/productos-quimicos-industriales\/lavanderia\/suavisantes\/bidon-20kg-suavizante-neufresh\/#primaryimage"},"image":{"@id":"https:\/\/meprolim.es\/producto\/quimicos-articulos-limpieza\/productos-quimicos-industriales\/lavanderia\/suavisantes\/bidon-20kg-suavizante-neufresh\/#primaryimage"},"thumbnailUrl":"https:\/\/meprolim.es\/wp-content\/uploads\/2019\/09\/FR0028.jpg","datePublished":"2019-09-02T12:49:44+00:00","dateModified":"2023-05-24T04:23:36+00:00","breadcrumb":{"@id":"https:\/\/meprolim.es\/producto\/quimicos-articulos-limpieza\/productos-quimicos-industriales\/lavanderia\/suavisantes\/bidon-20kg-suavizante-neufresh\/#breadcrumb"},"inLanguage":"de","potentialAction":[{"@type":"ReadAction","target":["https:\/\/meprolim.es\/producto\/quimicos-articulos-limpieza\/productos-quimicos-industriales\/lavanderia\/suavisantes\/bidon-20kg-suavizante-neufresh\/"]}]},{"@type":"ImageObject","inLanguage":"de","@id":"https:\/\/meprolim.es\/producto\/quimicos-articulos-limpieza\/productos-quimicos-industriales\/lavanderia\/suavisantes\/bidon-20kg-suavizante-neufresh\/#primaryimage","url":"https:\/\/meprolim.es\/wp-content\/uploads\/2019\/09\/FR0028.jpg","contentUrl":"https:\/\/meprolim.es\/wp-content\/uploads\/2019\/09\/FR0028.jpg","width":768,"height":768},{"@type":"BreadcrumbList","@id":"https:\/\/meprolim.es\/producto\/quimicos-articulos-limpieza\/productos-quimicos-industriales\/lavanderia\/suavisantes\/bidon-20kg-suavizante-neufresh\/#breadcrumb","itemListElement":[{"@type":"ListItem","position":1,"name":"Portada","item":"https:\/\/meprolim.es\/de\/"},{"@type":"ListItem","position":2,"name":"Cat\u00e1logo","item":"https:\/\/meprolim.es\/de\/catalogo\/"},{"@type":"ListItem","position":3,"name":"BID\u00d3N 20KG SUAVIZANTE NEUFRESH &#8211; C\u00d3DIGO: FR0028"}]},{"@type":"WebSite","@id":"https:\/\/meprolim.es\/fr\/#website","url":"https:\/\/meprolim.es\/fr\/","name":"Meprolim","description":"Cavas Catalanas S.L.","publisher":{"@id":"https:\/\/meprolim.es\/fr\/#organization"},"potentialAction":[{"@type":"SearchAction","target":{"@type":"EntryPoint","urlTemplate":"https:\/\/meprolim.es\/fr\/?s={search_term_string}"},"query-input":{"@type":"PropertyValueSpecification","valueRequired":true,"valueName":"search_term_string"}}],"inLanguage":"de"},{"@type":"Organization","@id":"https:\/\/meprolim.es\/fr\/#organization","name":"Meprolim","url":"https:\/\/meprolim.es\/fr\/","logo":{"@type":"ImageObject","inLanguage":"de","@id":"https:\/\/meprolim.es\/fr\/#\/schema\/logo\/image\/","url":"https:\/\/meprolim.es\/wp-content\/uploads\/2019\/07\/cropped-logo2.png","contentUrl":"https:\/\/meprolim.es\/wp-content\/uploads\/2019\/07\/cropped-logo2.png","width":401,"height":162,"caption":"Meprolim"},"image":{"@id":"https:\/\/meprolim.es\/fr\/#\/schema\/logo\/image\/"}}]}},"_links":{"self":[{"href":"https:\/\/meprolim.es\/de\/wp-json\/wp\/v2\/product\/8595","targetHints":{"allow":["GET"]}}],"collection":[{"href":"https:\/\/meprolim.es\/de\/wp-json\/wp\/v2\/product"}],"about":[{"href":"https:\/\/meprolim.es\/de\/wp-json\/wp\/v2\/types\/product"}],"wp:featuredmedia":[{"embeddable":true,"href":"https:\/\/meprolim.es\/de\/wp-json\/wp\/v2\/media\/8596"}],"wp:attachment":[{"href":"https:\/\/meprolim.es\/de\/wp-json\/wp\/v2\/media?parent=8595"}],"wp:term":[{"taxonomy":"product_brand","embeddable":true,"href":"https:\/\/meprolim.es\/de\/wp-json\/wp\/v2\/product_brand?post=8595"},{"taxonomy":"product_cat","embeddable":true,"href":"https:\/\/meprolim.es\/de\/wp-json\/wp\/v2\/product_cat?post=8595"},{"taxonomy":"product_tag","embeddable":true,"href":"https:\/\/meprolim.es\/de\/wp-json\/wp\/v2\/product_tag?post=8595"}],"curies":[{"name":"wp","href":"https:\/\/api.w.org\/{rel}","templated":true}]}}