{"id":8612,"date":"2019-09-02T14:16:17","date_gmt":"2019-09-02T13:16:17","guid":{"rendered":"http:\/\/www.meprolim.es\/?post_type=product&#038;p=8612"},"modified":"2023-05-25T22:12:55","modified_gmt":"2023-05-25T21:12:55","slug":"bidon-25kg-alkan-extra-activador-alcalino","status":"publish","type":"product","link":"https:\/\/meprolim.es\/de\/producto\/quimicos-y-articulos-de-limpieza\/productos-quimicos-industriales-de-2\/lavanderia-de-2\/detergentes-liquidos-de-2\/bidon-25kg-alkan-extra-activador-alcalino\/","title":{"rendered":"BID\u00d3N 25KG ALKAN EXTRA ACTIVADOR ALCALINO &#8211; C\u00d3DIGO: FR0070"},"content":{"rendered":"<div class=\"wpb-content-wrapper\"><p>[vc_row][vc_column][vc_column_text]<\/p>\n<p>Producto especial para el lavado y desinfecci\u00f3n de ropa con mucha carga de suciedad org\u00e1nica (hospitales, geri\u00e1tricos, psiqui\u00e1tricos).Aguas duras.\u00a0<\/p>\n<p>[\/vc_column_text][\/vc_column][\/vc_row]<\/p>\n<\/div>","protected":false},"excerpt":{"rendered":"<p>Caracter\u00edsticas:<\/p>\n<ul>\n<li>Producto especial para el lavado y desinfecci\u00f3n de ropa con mucha carga de suciedad org\u00e1nica (hospitales, geri\u00e1tricos, psiqui\u00e1tricos).<\/li>\n<li>Para aguas duras.<\/li>\n<li>Gran poder de eliminaci\u00f3n de todo tipo de restos (caf\u00e9, leche quemada, t\u00f3mate, huevo,&#8230;).<\/li>\n<li>Secuestrantes, acondiciona el agua de lavado para que el principio activo act\u00fae sobre la suciedad.<\/li>\n<li>Alto poder de destrucci\u00f3n y saponificaci\u00f3n de grasas<\/li>\n<\/ul>\n<p>Datos t\u00e9cnicos:<\/p>\n<ul>\n<li>pH 12-13.<\/li>\n<li>Producto l\u00edquido.<\/li>\n<li>Perfume: caracter\u00edstico.<\/li>\n<li>Dosificar de 8 a 12 g de producto por kg de ropa dependiendo de la dureza del agua y del grado de suciedad a eliminar.<\/li>\n<\/ul>\n<p>Utilice los biocidas de forma segura. Lea siempre la etiqueta y la informaci\u00f3n sobre el producto antes de usar.<\/p>\n<p><strong>SKU: FR0070<\/strong><\/p>\n<p>&nbsp;<\/p>\n","protected":false},"featured_media":8613,"template":"","meta":[],"product_brand":[],"product_cat":[756,1049,652,94],"product_tag":[727,654],"class_list":{"0":"post-8612","1":"product","2":"type-product","3":"status-publish","4":"has-post-thumbnail","6":"product_cat-detergentes-liquidos","7":"product_cat-lavanderia","8":"product_cat-productos-quimicos-industriales","9":"product_cat-quimicos-articulos-limpieza","10":"product_tag-lavanderia","11":"product_tag-productos-quimicos","13":"first","14":"instock","15":"shipping-taxable","16":"product-type-simple"},"yoast_head":"<!-- This site is optimized with the Yoast SEO plugin v27.4 - https:\/\/yoast.com\/product\/yoast-seo-wordpress\/ -->\n<title>BID\u00d3N 25KG ALKAN EXTRA ACTIVADOR ALCALINO - C\u00d3DIGO: FR0070 - Meprolim<\/title>\n<meta name=\"robots\" content=\"index, follow, max-snippet:-1, max-image-preview:large, max-video-preview:-1\" \/>\n<link rel=\"canonical\" href=\"https:\/\/meprolim.es\/producto\/quimicos-articulos-limpieza\/productos-quimicos-industriales\/lavanderia\/detergentes-liquidos\/bidon-25kg-alkan-extra-activador-alcalino\/\" \/>\n<meta property=\"og:locale\" content=\"de_DE\" \/>\n<meta property=\"og:type\" content=\"article\" \/>\n<meta property=\"og:title\" content=\"BID\u00d3N 25KG ALKAN EXTRA ACTIVADOR ALCALINO - C\u00d3DIGO: FR0070 - Meprolim\" \/>\n<meta property=\"og:description\" content=\"Caracter\u00edsticas:   Producto especial para el lavado y desinfecci\u00f3n de ropa con mucha carga de suciedad org\u00e1nica (hospitales, geri\u00e1tricos, psiqui\u00e1tricos).  Para aguas duras.  Gran poder de eliminaci\u00f3n de todo tipo de restos (caf\u00e9, leche quemada, t\u00f3mate, huevo,...).  Secuestrantes, acondiciona el agua de lavado para que el principio activo act\u00fae sobre la suciedad.  Alto poder de destrucci\u00f3n y saponificaci\u00f3n de grasas  Datos t\u00e9cnicos:   pH 12-13.  Producto l\u00edquido.  Perfume: caracter\u00edstico.  Dosificar de 8 a 12 g de producto por kg de ropa dependiendo de la dureza del agua y del grado de suciedad a eliminar.  Utilice los biocidas de forma segura. Lea siempre la etiqueta y la informaci\u00f3n sobre el producto antes de usar. SKU: FR0070 &nbsp;\" \/>\n<meta property=\"og:url\" content=\"https:\/\/meprolim.es\/producto\/quimicos-articulos-limpieza\/productos-quimicos-industriales\/lavanderia\/detergentes-liquidos\/bidon-25kg-alkan-extra-activador-alcalino\/\" \/>\n<meta property=\"og:site_name\" content=\"Meprolim\" \/>\n<meta property=\"article:modified_time\" content=\"2023-05-25T21:12:55+00:00\" \/>\n<meta property=\"og:image\" content=\"https:\/\/meprolim.es\/wp-content\/uploads\/2019\/09\/FR0070.jpg\" \/>\n\t<meta property=\"og:image:width\" content=\"768\" \/>\n\t<meta property=\"og:image:height\" content=\"768\" \/>\n\t<meta property=\"og:image:type\" content=\"image\/jpeg\" \/>\n<meta name=\"twitter:card\" content=\"summary_large_image\" \/>\n<meta name=\"twitter:label1\" content=\"Gesch\u00e4tzte Lesezeit\" \/>\n\t<meta name=\"twitter:data1\" content=\"1\u00a0Minute\" \/>\n<script type=\"application\/ld+json\" class=\"yoast-schema-graph\">{\"@context\":\"https:\\\/\\\/schema.org\",\"@graph\":[{\"@type\":\"WebPage\",\"@id\":\"https:\\\/\\\/meprolim.es\\\/producto\\\/quimicos-articulos-limpieza\\\/productos-quimicos-industriales\\\/lavanderia\\\/detergentes-liquidos\\\/bidon-25kg-alkan-extra-activador-alcalino\\\/\",\"url\":\"https:\\\/\\\/meprolim.es\\\/producto\\\/quimicos-articulos-limpieza\\\/productos-quimicos-industriales\\\/lavanderia\\\/detergentes-liquidos\\\/bidon-25kg-alkan-extra-activador-alcalino\\\/\",\"name\":\"BID\u00d3N 25KG ALKAN EXTRA ACTIVADOR ALCALINO - C\u00d3DIGO: FR0070 - Meprolim\",\"isPartOf\":{\"@id\":\"https:\\\/\\\/meprolim.es\\\/fr\\\/#website\"},\"primaryImageOfPage\":{\"@id\":\"https:\\\/\\\/meprolim.es\\\/producto\\\/quimicos-articulos-limpieza\\\/productos-quimicos-industriales\\\/lavanderia\\\/detergentes-liquidos\\\/bidon-25kg-alkan-extra-activador-alcalino\\\/#primaryimage\"},\"image\":{\"@id\":\"https:\\\/\\\/meprolim.es\\\/producto\\\/quimicos-articulos-limpieza\\\/productos-quimicos-industriales\\\/lavanderia\\\/detergentes-liquidos\\\/bidon-25kg-alkan-extra-activador-alcalino\\\/#primaryimage\"},\"thumbnailUrl\":\"https:\\\/\\\/meprolim.es\\\/wp-content\\\/uploads\\\/2019\\\/09\\\/FR0070.jpg\",\"datePublished\":\"2019-09-02T13:16:17+00:00\",\"dateModified\":\"2023-05-25T21:12:55+00:00\",\"breadcrumb\":{\"@id\":\"https:\\\/\\\/meprolim.es\\\/producto\\\/quimicos-articulos-limpieza\\\/productos-quimicos-industriales\\\/lavanderia\\\/detergentes-liquidos\\\/bidon-25kg-alkan-extra-activador-alcalino\\\/#breadcrumb\"},\"inLanguage\":\"de\",\"potentialAction\":[{\"@type\":\"ReadAction\",\"target\":[\"https:\\\/\\\/meprolim.es\\\/producto\\\/quimicos-articulos-limpieza\\\/productos-quimicos-industriales\\\/lavanderia\\\/detergentes-liquidos\\\/bidon-25kg-alkan-extra-activador-alcalino\\\/\"]}]},{\"@type\":\"ImageObject\",\"inLanguage\":\"de\",\"@id\":\"https:\\\/\\\/meprolim.es\\\/producto\\\/quimicos-articulos-limpieza\\\/productos-quimicos-industriales\\\/lavanderia\\\/detergentes-liquidos\\\/bidon-25kg-alkan-extra-activador-alcalino\\\/#primaryimage\",\"url\":\"https:\\\/\\\/meprolim.es\\\/wp-content\\\/uploads\\\/2019\\\/09\\\/FR0070.jpg\",\"contentUrl\":\"https:\\\/\\\/meprolim.es\\\/wp-content\\\/uploads\\\/2019\\\/09\\\/FR0070.jpg\",\"width\":768,\"height\":768},{\"@type\":\"BreadcrumbList\",\"@id\":\"https:\\\/\\\/meprolim.es\\\/producto\\\/quimicos-articulos-limpieza\\\/productos-quimicos-industriales\\\/lavanderia\\\/detergentes-liquidos\\\/bidon-25kg-alkan-extra-activador-alcalino\\\/#breadcrumb\",\"itemListElement\":[{\"@type\":\"ListItem\",\"position\":1,\"name\":\"Portada\",\"item\":\"https:\\\/\\\/meprolim.es\\\/de\\\/\"},{\"@type\":\"ListItem\",\"position\":2,\"name\":\"Cat\u00e1logo\",\"item\":\"https:\\\/\\\/meprolim.es\\\/de\\\/catalogo\\\/\"},{\"@type\":\"ListItem\",\"position\":3,\"name\":\"BID\u00d3N 25KG ALKAN EXTRA ACTIVADOR ALCALINO &#8211; C\u00d3DIGO: FR0070\"}]},{\"@type\":\"WebSite\",\"@id\":\"https:\\\/\\\/meprolim.es\\\/fr\\\/#website\",\"url\":\"https:\\\/\\\/meprolim.es\\\/fr\\\/\",\"name\":\"Meprolim\",\"description\":\"Cavas Catalanas S.L.\",\"publisher\":{\"@id\":\"https:\\\/\\\/meprolim.es\\\/fr\\\/#organization\"},\"potentialAction\":[{\"@type\":\"SearchAction\",\"target\":{\"@type\":\"EntryPoint\",\"urlTemplate\":\"https:\\\/\\\/meprolim.es\\\/fr\\\/?s={search_term_string}\"},\"query-input\":{\"@type\":\"PropertyValueSpecification\",\"valueRequired\":true,\"valueName\":\"search_term_string\"}}],\"inLanguage\":\"de\"},{\"@type\":\"Organization\",\"@id\":\"https:\\\/\\\/meprolim.es\\\/fr\\\/#organization\",\"name\":\"Meprolim\",\"url\":\"https:\\\/\\\/meprolim.es\\\/fr\\\/\",\"logo\":{\"@type\":\"ImageObject\",\"inLanguage\":\"de\",\"@id\":\"https:\\\/\\\/meprolim.es\\\/fr\\\/#\\\/schema\\\/logo\\\/image\\\/\",\"url\":\"https:\\\/\\\/meprolim.es\\\/wp-content\\\/uploads\\\/2019\\\/07\\\/cropped-logo2.png\",\"contentUrl\":\"https:\\\/\\\/meprolim.es\\\/wp-content\\\/uploads\\\/2019\\\/07\\\/cropped-logo2.png\",\"width\":401,\"height\":162,\"caption\":\"Meprolim\"},\"image\":{\"@id\":\"https:\\\/\\\/meprolim.es\\\/fr\\\/#\\\/schema\\\/logo\\\/image\\\/\"}}]}<\/script>\n<!-- \/ Yoast SEO plugin. -->","yoast_head_json":{"title":"BID\u00d3N 25KG ALKAN EXTRA ACTIVADOR ALCALINO - C\u00d3DIGO: FR0070 - Meprolim","robots":{"index":"index","follow":"follow","max-snippet":"max-snippet:-1","max-image-preview":"max-image-preview:large","max-video-preview":"max-video-preview:-1"},"canonical":"https:\/\/meprolim.es\/producto\/quimicos-articulos-limpieza\/productos-quimicos-industriales\/lavanderia\/detergentes-liquidos\/bidon-25kg-alkan-extra-activador-alcalino\/","og_locale":"de_DE","og_type":"article","og_title":"BID\u00d3N 25KG ALKAN EXTRA ACTIVADOR ALCALINO - C\u00d3DIGO: FR0070 - Meprolim","og_description":"Caracter\u00edsticas:   Producto especial para el lavado y desinfecci\u00f3n de ropa con mucha carga de suciedad org\u00e1nica (hospitales, geri\u00e1tricos, psiqui\u00e1tricos).  Para aguas duras.  Gran poder de eliminaci\u00f3n de todo tipo de restos (caf\u00e9, leche quemada, t\u00f3mate, huevo,...).  Secuestrantes, acondiciona el agua de lavado para que el principio activo act\u00fae sobre la suciedad.  Alto poder de destrucci\u00f3n y saponificaci\u00f3n de grasas  Datos t\u00e9cnicos:   pH 12-13.  Producto l\u00edquido.  Perfume: caracter\u00edstico.  Dosificar de 8 a 12 g de producto por kg de ropa dependiendo de la dureza del agua y del grado de suciedad a eliminar.  Utilice los biocidas de forma segura. Lea siempre la etiqueta y la informaci\u00f3n sobre el producto antes de usar. SKU: FR0070 &nbsp;","og_url":"https:\/\/meprolim.es\/producto\/quimicos-articulos-limpieza\/productos-quimicos-industriales\/lavanderia\/detergentes-liquidos\/bidon-25kg-alkan-extra-activador-alcalino\/","og_site_name":"Meprolim","article_modified_time":"2023-05-25T21:12:55+00:00","og_image":[{"width":768,"height":768,"url":"https:\/\/meprolim.es\/wp-content\/uploads\/2019\/09\/FR0070.jpg","type":"image\/jpeg"}],"twitter_card":"summary_large_image","twitter_misc":{"Gesch\u00e4tzte Lesezeit":"1\u00a0Minute"},"schema":{"@context":"https:\/\/schema.org","@graph":[{"@type":"WebPage","@id":"https:\/\/meprolim.es\/producto\/quimicos-articulos-limpieza\/productos-quimicos-industriales\/lavanderia\/detergentes-liquidos\/bidon-25kg-alkan-extra-activador-alcalino\/","url":"https:\/\/meprolim.es\/producto\/quimicos-articulos-limpieza\/productos-quimicos-industriales\/lavanderia\/detergentes-liquidos\/bidon-25kg-alkan-extra-activador-alcalino\/","name":"BID\u00d3N 25KG ALKAN EXTRA ACTIVADOR ALCALINO - C\u00d3DIGO: FR0070 - Meprolim","isPartOf":{"@id":"https:\/\/meprolim.es\/fr\/#website"},"primaryImageOfPage":{"@id":"https:\/\/meprolim.es\/producto\/quimicos-articulos-limpieza\/productos-quimicos-industriales\/lavanderia\/detergentes-liquidos\/bidon-25kg-alkan-extra-activador-alcalino\/#primaryimage"},"image":{"@id":"https:\/\/meprolim.es\/producto\/quimicos-articulos-limpieza\/productos-quimicos-industriales\/lavanderia\/detergentes-liquidos\/bidon-25kg-alkan-extra-activador-alcalino\/#primaryimage"},"thumbnailUrl":"https:\/\/meprolim.es\/wp-content\/uploads\/2019\/09\/FR0070.jpg","datePublished":"2019-09-02T13:16:17+00:00","dateModified":"2023-05-25T21:12:55+00:00","breadcrumb":{"@id":"https:\/\/meprolim.es\/producto\/quimicos-articulos-limpieza\/productos-quimicos-industriales\/lavanderia\/detergentes-liquidos\/bidon-25kg-alkan-extra-activador-alcalino\/#breadcrumb"},"inLanguage":"de","potentialAction":[{"@type":"ReadAction","target":["https:\/\/meprolim.es\/producto\/quimicos-articulos-limpieza\/productos-quimicos-industriales\/lavanderia\/detergentes-liquidos\/bidon-25kg-alkan-extra-activador-alcalino\/"]}]},{"@type":"ImageObject","inLanguage":"de","@id":"https:\/\/meprolim.es\/producto\/quimicos-articulos-limpieza\/productos-quimicos-industriales\/lavanderia\/detergentes-liquidos\/bidon-25kg-alkan-extra-activador-alcalino\/#primaryimage","url":"https:\/\/meprolim.es\/wp-content\/uploads\/2019\/09\/FR0070.jpg","contentUrl":"https:\/\/meprolim.es\/wp-content\/uploads\/2019\/09\/FR0070.jpg","width":768,"height":768},{"@type":"BreadcrumbList","@id":"https:\/\/meprolim.es\/producto\/quimicos-articulos-limpieza\/productos-quimicos-industriales\/lavanderia\/detergentes-liquidos\/bidon-25kg-alkan-extra-activador-alcalino\/#breadcrumb","itemListElement":[{"@type":"ListItem","position":1,"name":"Portada","item":"https:\/\/meprolim.es\/de\/"},{"@type":"ListItem","position":2,"name":"Cat\u00e1logo","item":"https:\/\/meprolim.es\/de\/catalogo\/"},{"@type":"ListItem","position":3,"name":"BID\u00d3N 25KG ALKAN EXTRA ACTIVADOR ALCALINO &#8211; C\u00d3DIGO: FR0070"}]},{"@type":"WebSite","@id":"https:\/\/meprolim.es\/fr\/#website","url":"https:\/\/meprolim.es\/fr\/","name":"Meprolim","description":"Cavas Catalanas S.L.","publisher":{"@id":"https:\/\/meprolim.es\/fr\/#organization"},"potentialAction":[{"@type":"SearchAction","target":{"@type":"EntryPoint","urlTemplate":"https:\/\/meprolim.es\/fr\/?s={search_term_string}"},"query-input":{"@type":"PropertyValueSpecification","valueRequired":true,"valueName":"search_term_string"}}],"inLanguage":"de"},{"@type":"Organization","@id":"https:\/\/meprolim.es\/fr\/#organization","name":"Meprolim","url":"https:\/\/meprolim.es\/fr\/","logo":{"@type":"ImageObject","inLanguage":"de","@id":"https:\/\/meprolim.es\/fr\/#\/schema\/logo\/image\/","url":"https:\/\/meprolim.es\/wp-content\/uploads\/2019\/07\/cropped-logo2.png","contentUrl":"https:\/\/meprolim.es\/wp-content\/uploads\/2019\/07\/cropped-logo2.png","width":401,"height":162,"caption":"Meprolim"},"image":{"@id":"https:\/\/meprolim.es\/fr\/#\/schema\/logo\/image\/"}}]}},"_links":{"self":[{"href":"https:\/\/meprolim.es\/de\/wp-json\/wp\/v2\/product\/8612","targetHints":{"allow":["GET"]}}],"collection":[{"href":"https:\/\/meprolim.es\/de\/wp-json\/wp\/v2\/product"}],"about":[{"href":"https:\/\/meprolim.es\/de\/wp-json\/wp\/v2\/types\/product"}],"wp:featuredmedia":[{"embeddable":true,"href":"https:\/\/meprolim.es\/de\/wp-json\/wp\/v2\/media\/8613"}],"wp:attachment":[{"href":"https:\/\/meprolim.es\/de\/wp-json\/wp\/v2\/media?parent=8612"}],"wp:term":[{"taxonomy":"product_brand","embeddable":true,"href":"https:\/\/meprolim.es\/de\/wp-json\/wp\/v2\/product_brand?post=8612"},{"taxonomy":"product_cat","embeddable":true,"href":"https:\/\/meprolim.es\/de\/wp-json\/wp\/v2\/product_cat?post=8612"},{"taxonomy":"product_tag","embeddable":true,"href":"https:\/\/meprolim.es\/de\/wp-json\/wp\/v2\/product_tag?post=8612"}],"curies":[{"name":"wp","href":"https:\/\/api.w.org\/{rel}","templated":true}]}}