{"id":8675,"date":"2019-09-02T18:20:31","date_gmt":"2019-09-02T17:20:31","guid":{"rendered":"http:\/\/www.meprolim.es\/?post_type=product&#038;p=8675"},"modified":"2023-05-27T18:34:52","modified_gmt":"2023-05-27T17:34:52","slug":"saco-20kg-emulgen-biocomplet","status":"publish","type":"product","link":"https:\/\/meprolim.es\/de\/producto\/quimicos-y-articulos-de-limpieza\/productos-quimicos-industriales-de-2\/lavanderia-de-2\/detergentes-polvo-de-2\/saco-20kg-emulgen-biocomplet\/","title":{"rendered":"SACO 20KG EMULGEN BIOCOMPLET &#8211; C\u00d3DIGO: BX4072"},"content":{"rendered":"<div class=\"wpb-content-wrapper\"><p>[vc_row][vc_column][vc_column_text]<\/p>\n<p style=\"text-align: justify;\">Penetra en las fibras y elimina las manchas dif\u00edciles. Protege el color y la elasticidad de los tejidos. Agua fr\u00eda-80oC. Nivel suciedad alto. Detergente atomizado de gran solubilidad. Contiene enzimas que mejoran la eliminaci\u00f3n de manchas. Higieniza, a temperatura media\/alta. Los blanqueantes \u00f3pticos refuerzan el nivel de blancura. Excelentes resultados en procesos de corta duraci\u00f3n.<\/p>\n<p>[\/vc_column_text][\/vc_column][\/vc_row]<\/p>\n<\/div>","protected":false},"excerpt":{"rendered":"<p>Caracter\u00edsticas:<\/p>\n<ul>\n<li>Penetra en las fibras y elimina las manchas dif\u00edciles.<\/li>\n<li>Protege el color y la elasticidad de los tejidos.<\/li>\n<li>Agua fr\u00eda &#8211; 80\u00ba C.<\/li>\n<li>Nivel de suciedad alto.<\/li>\n<li>Detergente atomizado de gran solubilidad.<\/li>\n<li>Contiene enzimas que mejoran la eliminaci\u00f3n de manchas.<\/li>\n<li>Higieniza a temperatura media-alta.<\/li>\n<li>Los blanqueantes \u00f3pticos refuerzan el nivel de blancura.<\/li>\n<li>Excelentes resultados en procesos de corta duraci\u00f3n.<\/li>\n<\/ul>\n<p>Datos t\u00e9cnicos:<\/p>\n<ul>\n<li>pH 11,5.<\/li>\n<li>Producto en polvo.<\/li>\n<li>Color: blanco con puntos de color.<\/li>\n<li>Perfume: floral.<\/li>\n<li>La dosificaci\u00f3n depende del nivel de suciedad de la ropa y de la dureza del agua.<\/li>\n<li>Prelavado: 5-10 gramos por kilo de ropa.<\/li>\n<li>Lavado: 10-25 gramos por kilo de ropa.<\/li>\n<\/ul>\n<p><strong>SKU: BX4072<\/strong><\/p>\n<p>&nbsp;<\/p>\n","protected":false},"featured_media":8676,"template":"","meta":[],"product_brand":[],"product_cat":[737,1049,652,94],"product_tag":[738,727,654],"class_list":{"0":"post-8675","1":"product","2":"type-product","3":"status-publish","4":"has-post-thumbnail","6":"product_cat-detergentes-polvo","7":"product_cat-lavanderia","8":"product_cat-productos-quimicos-industriales","9":"product_cat-quimicos-articulos-limpieza","10":"product_tag-detergente-en-polvo","11":"product_tag-lavanderia","12":"product_tag-productos-quimicos","14":"first","15":"instock","16":"shipping-taxable","17":"product-type-simple"},"yoast_head":"<!-- This site is optimized with the Yoast SEO plugin v27.3 - https:\/\/yoast.com\/product\/yoast-seo-wordpress\/ -->\n<title>SACO 20KG EMULGEN BIOCOMPLET - C\u00d3DIGO: BX4072 - Meprolim<\/title>\n<meta name=\"robots\" content=\"index, follow, max-snippet:-1, max-image-preview:large, max-video-preview:-1\" \/>\n<link rel=\"canonical\" href=\"https:\/\/meprolim.es\/producto\/quimicos-articulos-limpieza\/productos-quimicos-industriales\/lavanderia\/detergentes-polvo\/saco-20kg-emulgen-biocomplet\/\" \/>\n<meta property=\"og:locale\" content=\"de_DE\" \/>\n<meta property=\"og:type\" content=\"article\" \/>\n<meta property=\"og:title\" content=\"SACO 20KG EMULGEN BIOCOMPLET - C\u00d3DIGO: BX4072 - Meprolim\" \/>\n<meta property=\"og:description\" content=\"Caracter\u00edsticas:   Penetra en las fibras y elimina las manchas dif\u00edciles.  Protege el color y la elasticidad de los tejidos.  Agua fr\u00eda - 80\u00ba C.  Nivel de suciedad alto.  Detergente atomizado de gran solubilidad.  Contiene enzimas que mejoran la eliminaci\u00f3n de manchas.  Higieniza a temperatura media-alta.  Los blanqueantes \u00f3pticos refuerzan el nivel de blancura.  Excelentes resultados en procesos de corta duraci\u00f3n.  Datos t\u00e9cnicos:   pH 11,5.  Producto en polvo.  Color: blanco con puntos de color.  Perfume: floral.  La dosificaci\u00f3n depende del nivel de suciedad de la ropa y de la dureza del agua.  Prelavado: 5-10 gramos por kilo de ropa.  Lavado: 10-25 gramos por kilo de ropa.  SKU: BX4072 &nbsp;\" \/>\n<meta property=\"og:url\" content=\"https:\/\/meprolim.es\/producto\/quimicos-articulos-limpieza\/productos-quimicos-industriales\/lavanderia\/detergentes-polvo\/saco-20kg-emulgen-biocomplet\/\" \/>\n<meta property=\"og:site_name\" content=\"Meprolim\" \/>\n<meta property=\"article:modified_time\" content=\"2023-05-27T17:34:52+00:00\" \/>\n<meta property=\"og:image\" content=\"https:\/\/meprolim.es\/wp-content\/uploads\/2019\/09\/BX4072.jpg\" \/>\n\t<meta property=\"og:image:width\" content=\"768\" \/>\n\t<meta property=\"og:image:height\" content=\"768\" \/>\n\t<meta property=\"og:image:type\" content=\"image\/jpeg\" \/>\n<meta name=\"twitter:card\" content=\"summary_large_image\" \/>\n<meta name=\"twitter:label1\" content=\"Gesch\u00e4tzte Lesezeit\" \/>\n\t<meta name=\"twitter:data1\" content=\"1\u00a0Minute\" \/>\n<script type=\"application\/ld+json\" class=\"yoast-schema-graph\">{\"@context\":\"https:\\\/\\\/schema.org\",\"@graph\":[{\"@type\":\"WebPage\",\"@id\":\"https:\\\/\\\/meprolim.es\\\/producto\\\/quimicos-articulos-limpieza\\\/productos-quimicos-industriales\\\/lavanderia\\\/detergentes-polvo\\\/saco-20kg-emulgen-biocomplet\\\/\",\"url\":\"https:\\\/\\\/meprolim.es\\\/producto\\\/quimicos-articulos-limpieza\\\/productos-quimicos-industriales\\\/lavanderia\\\/detergentes-polvo\\\/saco-20kg-emulgen-biocomplet\\\/\",\"name\":\"SACO 20KG EMULGEN BIOCOMPLET - C\u00d3DIGO: BX4072 - Meprolim\",\"isPartOf\":{\"@id\":\"https:\\\/\\\/meprolim.es\\\/fr\\\/#website\"},\"primaryImageOfPage\":{\"@id\":\"https:\\\/\\\/meprolim.es\\\/producto\\\/quimicos-articulos-limpieza\\\/productos-quimicos-industriales\\\/lavanderia\\\/detergentes-polvo\\\/saco-20kg-emulgen-biocomplet\\\/#primaryimage\"},\"image\":{\"@id\":\"https:\\\/\\\/meprolim.es\\\/producto\\\/quimicos-articulos-limpieza\\\/productos-quimicos-industriales\\\/lavanderia\\\/detergentes-polvo\\\/saco-20kg-emulgen-biocomplet\\\/#primaryimage\"},\"thumbnailUrl\":\"https:\\\/\\\/meprolim.es\\\/wp-content\\\/uploads\\\/2019\\\/09\\\/BX4072.jpg\",\"datePublished\":\"2019-09-02T17:20:31+00:00\",\"dateModified\":\"2023-05-27T17:34:52+00:00\",\"breadcrumb\":{\"@id\":\"https:\\\/\\\/meprolim.es\\\/producto\\\/quimicos-articulos-limpieza\\\/productos-quimicos-industriales\\\/lavanderia\\\/detergentes-polvo\\\/saco-20kg-emulgen-biocomplet\\\/#breadcrumb\"},\"inLanguage\":\"de\",\"potentialAction\":[{\"@type\":\"ReadAction\",\"target\":[\"https:\\\/\\\/meprolim.es\\\/producto\\\/quimicos-articulos-limpieza\\\/productos-quimicos-industriales\\\/lavanderia\\\/detergentes-polvo\\\/saco-20kg-emulgen-biocomplet\\\/\"]}]},{\"@type\":\"ImageObject\",\"inLanguage\":\"de\",\"@id\":\"https:\\\/\\\/meprolim.es\\\/producto\\\/quimicos-articulos-limpieza\\\/productos-quimicos-industriales\\\/lavanderia\\\/detergentes-polvo\\\/saco-20kg-emulgen-biocomplet\\\/#primaryimage\",\"url\":\"https:\\\/\\\/meprolim.es\\\/wp-content\\\/uploads\\\/2019\\\/09\\\/BX4072.jpg\",\"contentUrl\":\"https:\\\/\\\/meprolim.es\\\/wp-content\\\/uploads\\\/2019\\\/09\\\/BX4072.jpg\",\"width\":768,\"height\":768},{\"@type\":\"BreadcrumbList\",\"@id\":\"https:\\\/\\\/meprolim.es\\\/producto\\\/quimicos-articulos-limpieza\\\/productos-quimicos-industriales\\\/lavanderia\\\/detergentes-polvo\\\/saco-20kg-emulgen-biocomplet\\\/#breadcrumb\",\"itemListElement\":[{\"@type\":\"ListItem\",\"position\":1,\"name\":\"Portada\",\"item\":\"https:\\\/\\\/meprolim.es\\\/de\\\/\"},{\"@type\":\"ListItem\",\"position\":2,\"name\":\"Cat\u00e1logo\",\"item\":\"https:\\\/\\\/meprolim.es\\\/de\\\/catalogo\\\/\"},{\"@type\":\"ListItem\",\"position\":3,\"name\":\"SACO 20KG EMULGEN BIOCOMPLET &#8211; C\u00d3DIGO: BX4072\"}]},{\"@type\":\"WebSite\",\"@id\":\"https:\\\/\\\/meprolim.es\\\/fr\\\/#website\",\"url\":\"https:\\\/\\\/meprolim.es\\\/fr\\\/\",\"name\":\"Meprolim\",\"description\":\"Cavas Catalanas S.L.\",\"publisher\":{\"@id\":\"https:\\\/\\\/meprolim.es\\\/fr\\\/#organization\"},\"potentialAction\":[{\"@type\":\"SearchAction\",\"target\":{\"@type\":\"EntryPoint\",\"urlTemplate\":\"https:\\\/\\\/meprolim.es\\\/fr\\\/?s={search_term_string}\"},\"query-input\":{\"@type\":\"PropertyValueSpecification\",\"valueRequired\":true,\"valueName\":\"search_term_string\"}}],\"inLanguage\":\"de\"},{\"@type\":\"Organization\",\"@id\":\"https:\\\/\\\/meprolim.es\\\/fr\\\/#organization\",\"name\":\"Meprolim\",\"url\":\"https:\\\/\\\/meprolim.es\\\/fr\\\/\",\"logo\":{\"@type\":\"ImageObject\",\"inLanguage\":\"de\",\"@id\":\"https:\\\/\\\/meprolim.es\\\/fr\\\/#\\\/schema\\\/logo\\\/image\\\/\",\"url\":\"https:\\\/\\\/meprolim.es\\\/wp-content\\\/uploads\\\/2019\\\/07\\\/cropped-logo2.png\",\"contentUrl\":\"https:\\\/\\\/meprolim.es\\\/wp-content\\\/uploads\\\/2019\\\/07\\\/cropped-logo2.png\",\"width\":401,\"height\":162,\"caption\":\"Meprolim\"},\"image\":{\"@id\":\"https:\\\/\\\/meprolim.es\\\/fr\\\/#\\\/schema\\\/logo\\\/image\\\/\"}}]}<\/script>\n<!-- \/ Yoast SEO plugin. -->","yoast_head_json":{"title":"SACO 20KG EMULGEN BIOCOMPLET - C\u00d3DIGO: BX4072 - Meprolim","robots":{"index":"index","follow":"follow","max-snippet":"max-snippet:-1","max-image-preview":"max-image-preview:large","max-video-preview":"max-video-preview:-1"},"canonical":"https:\/\/meprolim.es\/producto\/quimicos-articulos-limpieza\/productos-quimicos-industriales\/lavanderia\/detergentes-polvo\/saco-20kg-emulgen-biocomplet\/","og_locale":"de_DE","og_type":"article","og_title":"SACO 20KG EMULGEN BIOCOMPLET - C\u00d3DIGO: BX4072 - Meprolim","og_description":"Caracter\u00edsticas:   Penetra en las fibras y elimina las manchas dif\u00edciles.  Protege el color y la elasticidad de los tejidos.  Agua fr\u00eda - 80\u00ba C.  Nivel de suciedad alto.  Detergente atomizado de gran solubilidad.  Contiene enzimas que mejoran la eliminaci\u00f3n de manchas.  Higieniza a temperatura media-alta.  Los blanqueantes \u00f3pticos refuerzan el nivel de blancura.  Excelentes resultados en procesos de corta duraci\u00f3n.  Datos t\u00e9cnicos:   pH 11,5.  Producto en polvo.  Color: blanco con puntos de color.  Perfume: floral.  La dosificaci\u00f3n depende del nivel de suciedad de la ropa y de la dureza del agua.  Prelavado: 5-10 gramos por kilo de ropa.  Lavado: 10-25 gramos por kilo de ropa.  SKU: BX4072 &nbsp;","og_url":"https:\/\/meprolim.es\/producto\/quimicos-articulos-limpieza\/productos-quimicos-industriales\/lavanderia\/detergentes-polvo\/saco-20kg-emulgen-biocomplet\/","og_site_name":"Meprolim","article_modified_time":"2023-05-27T17:34:52+00:00","og_image":[{"width":768,"height":768,"url":"https:\/\/meprolim.es\/wp-content\/uploads\/2019\/09\/BX4072.jpg","type":"image\/jpeg"}],"twitter_card":"summary_large_image","twitter_misc":{"Gesch\u00e4tzte Lesezeit":"1\u00a0Minute"},"schema":{"@context":"https:\/\/schema.org","@graph":[{"@type":"WebPage","@id":"https:\/\/meprolim.es\/producto\/quimicos-articulos-limpieza\/productos-quimicos-industriales\/lavanderia\/detergentes-polvo\/saco-20kg-emulgen-biocomplet\/","url":"https:\/\/meprolim.es\/producto\/quimicos-articulos-limpieza\/productos-quimicos-industriales\/lavanderia\/detergentes-polvo\/saco-20kg-emulgen-biocomplet\/","name":"SACO 20KG EMULGEN BIOCOMPLET - C\u00d3DIGO: BX4072 - Meprolim","isPartOf":{"@id":"https:\/\/meprolim.es\/fr\/#website"},"primaryImageOfPage":{"@id":"https:\/\/meprolim.es\/producto\/quimicos-articulos-limpieza\/productos-quimicos-industriales\/lavanderia\/detergentes-polvo\/saco-20kg-emulgen-biocomplet\/#primaryimage"},"image":{"@id":"https:\/\/meprolim.es\/producto\/quimicos-articulos-limpieza\/productos-quimicos-industriales\/lavanderia\/detergentes-polvo\/saco-20kg-emulgen-biocomplet\/#primaryimage"},"thumbnailUrl":"https:\/\/meprolim.es\/wp-content\/uploads\/2019\/09\/BX4072.jpg","datePublished":"2019-09-02T17:20:31+00:00","dateModified":"2023-05-27T17:34:52+00:00","breadcrumb":{"@id":"https:\/\/meprolim.es\/producto\/quimicos-articulos-limpieza\/productos-quimicos-industriales\/lavanderia\/detergentes-polvo\/saco-20kg-emulgen-biocomplet\/#breadcrumb"},"inLanguage":"de","potentialAction":[{"@type":"ReadAction","target":["https:\/\/meprolim.es\/producto\/quimicos-articulos-limpieza\/productos-quimicos-industriales\/lavanderia\/detergentes-polvo\/saco-20kg-emulgen-biocomplet\/"]}]},{"@type":"ImageObject","inLanguage":"de","@id":"https:\/\/meprolim.es\/producto\/quimicos-articulos-limpieza\/productos-quimicos-industriales\/lavanderia\/detergentes-polvo\/saco-20kg-emulgen-biocomplet\/#primaryimage","url":"https:\/\/meprolim.es\/wp-content\/uploads\/2019\/09\/BX4072.jpg","contentUrl":"https:\/\/meprolim.es\/wp-content\/uploads\/2019\/09\/BX4072.jpg","width":768,"height":768},{"@type":"BreadcrumbList","@id":"https:\/\/meprolim.es\/producto\/quimicos-articulos-limpieza\/productos-quimicos-industriales\/lavanderia\/detergentes-polvo\/saco-20kg-emulgen-biocomplet\/#breadcrumb","itemListElement":[{"@type":"ListItem","position":1,"name":"Portada","item":"https:\/\/meprolim.es\/de\/"},{"@type":"ListItem","position":2,"name":"Cat\u00e1logo","item":"https:\/\/meprolim.es\/de\/catalogo\/"},{"@type":"ListItem","position":3,"name":"SACO 20KG EMULGEN BIOCOMPLET &#8211; C\u00d3DIGO: BX4072"}]},{"@type":"WebSite","@id":"https:\/\/meprolim.es\/fr\/#website","url":"https:\/\/meprolim.es\/fr\/","name":"Meprolim","description":"Cavas Catalanas S.L.","publisher":{"@id":"https:\/\/meprolim.es\/fr\/#organization"},"potentialAction":[{"@type":"SearchAction","target":{"@type":"EntryPoint","urlTemplate":"https:\/\/meprolim.es\/fr\/?s={search_term_string}"},"query-input":{"@type":"PropertyValueSpecification","valueRequired":true,"valueName":"search_term_string"}}],"inLanguage":"de"},{"@type":"Organization","@id":"https:\/\/meprolim.es\/fr\/#organization","name":"Meprolim","url":"https:\/\/meprolim.es\/fr\/","logo":{"@type":"ImageObject","inLanguage":"de","@id":"https:\/\/meprolim.es\/fr\/#\/schema\/logo\/image\/","url":"https:\/\/meprolim.es\/wp-content\/uploads\/2019\/07\/cropped-logo2.png","contentUrl":"https:\/\/meprolim.es\/wp-content\/uploads\/2019\/07\/cropped-logo2.png","width":401,"height":162,"caption":"Meprolim"},"image":{"@id":"https:\/\/meprolim.es\/fr\/#\/schema\/logo\/image\/"}}]}},"_links":{"self":[{"href":"https:\/\/meprolim.es\/de\/wp-json\/wp\/v2\/product\/8675","targetHints":{"allow":["GET"]}}],"collection":[{"href":"https:\/\/meprolim.es\/de\/wp-json\/wp\/v2\/product"}],"about":[{"href":"https:\/\/meprolim.es\/de\/wp-json\/wp\/v2\/types\/product"}],"wp:featuredmedia":[{"embeddable":true,"href":"https:\/\/meprolim.es\/de\/wp-json\/wp\/v2\/media\/8676"}],"wp:attachment":[{"href":"https:\/\/meprolim.es\/de\/wp-json\/wp\/v2\/media?parent=8675"}],"wp:term":[{"taxonomy":"product_brand","embeddable":true,"href":"https:\/\/meprolim.es\/de\/wp-json\/wp\/v2\/product_brand?post=8675"},{"taxonomy":"product_cat","embeddable":true,"href":"https:\/\/meprolim.es\/de\/wp-json\/wp\/v2\/product_cat?post=8675"},{"taxonomy":"product_tag","embeddable":true,"href":"https:\/\/meprolim.es\/de\/wp-json\/wp\/v2\/product_tag?post=8675"}],"curies":[{"name":"wp","href":"https:\/\/api.w.org\/{rel}","templated":true}]}}