{"id":8819,"date":"2019-09-03T13:04:40","date_gmt":"2019-09-03T12:04:40","guid":{"rendered":"http:\/\/www.meprolim.es\/?post_type=product&#038;p=8819"},"modified":"2023-05-29T00:22:59","modified_gmt":"2023-05-28T23:22:59","slug":"bidon-5kg-fregasuelos-maton-doble-accion","status":"publish","type":"product","link":"https:\/\/meprolim.es\/de\/producto\/quimicos-y-articulos-de-limpieza\/productos-quimicos-industriales-de-2\/insecticidas-de-2\/rastreros-de-2\/bidon-5kg-fregasuelos-maton-doble-accion\/","title":{"rendered":"BID\u00d3N 5KG FREGASUELOS MAT\u00d3N DOBLE ACCI\u00d3N &#8211; C\u00d3DIGO: DZ0015"},"content":{"rendered":"<div class=\"wpb-content-wrapper\"><p>[vc_row][vc_column][vc_column_text]<\/p>\n<p style=\"text-align: justify;\">Utilice los biocidas de forma segura. Lea siempre la etiqueta y la informaci\u00f3n sobre el producto antes de usar<\/p>\n<p style=\"text-align: justify;\">MATON SUELOS DOBLE ACCI\u00d3N, es un fregasuelos con efecto insecticida. DOBLE ACCION: Elimina cualquier tipo de insecto rastrero (hormigas, cucarachas, ara\u00f1as y pulgas). Limpia las superficies de forma eficaz, dejando un agradable aroma y generando una barrera protectora. Uso habitual en lugares que necesitan una limpieza y protecci\u00f3n eficaz contra insectos rastreros. Aplicable a todo tipo de suelos USO EN LA INDUSTRIA ALIMENTARIA. EXCLUSIVAMENTE POR PERSONAL ESPECIALIZADO. Este producto est\u00e1 registrado en el Ministerio de Sanidad y Pol\u00edtica Social, con No de Registro: 09-30-05407 HA<\/p>\n<p>[\/vc_column_text][\/vc_column][\/vc_row]<\/p>\n<\/div>","protected":false},"excerpt":{"rendered":"<p>Caracter\u00edsticas:<\/p>\n<ul>\n<li>AGITAR ANTES DE SU USO.<\/li>\n<li>Aplicaci\u00f3n por bayeta o fregona en suelos, del producto diluido en agua.<\/li>\n<li>No aplicar sobre superficies donde se manipulen, preparen o hayan de servirse o consumirse alimentos.<\/li>\n<li>Evitar el contacto con las superficies tratadas.<\/li>\n<li>No mezclar con otros productos qu\u00edmicos.<\/li>\n<li>Antes de usar el producto l\u00e9ase detenidamente la etiqueta.<\/li>\n<li>Ventilar adecuadamente antes de entrar en el recinto.<\/li>\n<\/ul>\n<p>Datos t\u00e9cnicos:<\/p>\n<ul>\n<li>pH 2-4.<\/li>\n<li>Producto l\u00edquido turbio.<\/li>\n<li>Color: violeta oscuro.<\/li>\n<li>Perfume: caracter\u00edstico.<\/li>\n<li>Dosificar para 6 litros de agua:<br \/>\n&#8211; Mantenimiento: 2 tapones.<br \/>\n&#8211; Normal: 3 tapones. &#8211; Infestaci\u00f3n alta: 5 tapones (1 tap\u00f3n: 19 ml)<\/li>\n<\/ul>\n<p><strong>SKU: DZ0015<\/strong><\/p>\n","protected":false},"featured_media":8820,"template":"","meta":[],"product_brand":[],"product_cat":[1059,761,652,94,768],"product_tag":[762,596,654],"class_list":{"0":"post-8819","1":"product","2":"type-product","3":"status-publish","4":"has-post-thumbnail","6":"product_cat-insecticidas","7":"product_cat-liquidos-rastreros","8":"product_cat-productos-quimicos-industriales","9":"product_cat-quimicos-articulos-limpieza","10":"product_cat-rastreros","11":"product_tag-insecticida","12":"product_tag-mata-insectos","13":"product_tag-productos-quimicos","15":"first","16":"instock","17":"shipping-taxable","18":"product-type-simple"},"yoast_head":"<!-- This site is optimized with the Yoast SEO plugin v27.3 - https:\/\/yoast.com\/product\/yoast-seo-wordpress\/ -->\n<title>BID\u00d3N 5KG FREGASUELOS MAT\u00d3N DOBLE ACCI\u00d3N - C\u00d3DIGO: DZ0015 - Meprolim<\/title>\n<meta name=\"robots\" content=\"index, follow, max-snippet:-1, max-image-preview:large, max-video-preview:-1\" \/>\n<link rel=\"canonical\" href=\"https:\/\/meprolim.es\/producto\/quimicos-articulos-limpieza\/productos-quimicos-industriales\/insecticidas\/rastreros\/bidon-5kg-fregasuelos-maton-doble-accion\/\" \/>\n<meta property=\"og:locale\" content=\"de_DE\" \/>\n<meta property=\"og:type\" content=\"article\" \/>\n<meta property=\"og:title\" content=\"BID\u00d3N 5KG FREGASUELOS MAT\u00d3N DOBLE ACCI\u00d3N - C\u00d3DIGO: DZ0015 - Meprolim\" \/>\n<meta property=\"og:description\" content=\"Caracter\u00edsticas:   AGITAR ANTES DE SU USO.  Aplicaci\u00f3n por bayeta o fregona en suelos, del producto diluido en agua.  No aplicar sobre superficies donde se manipulen, preparen o hayan de servirse o consumirse alimentos.  Evitar el contacto con las superficies tratadas.  No mezclar con otros productos qu\u00edmicos.  Antes de usar el producto l\u00e9ase detenidamente la etiqueta.  Ventilar adecuadamente antes de entrar en el recinto.  Datos t\u00e9cnicos:   pH 2-4.  Producto l\u00edquido turbio.  Color: violeta oscuro.  Perfume: caracter\u00edstico.  Dosificar para 6 litros de agua: - Mantenimiento: 2 tapones. - Normal: 3 tapones. - Infestaci\u00f3n alta: 5 tapones (1 tap\u00f3n: 19 ml)  SKU: DZ0015\" \/>\n<meta property=\"og:url\" content=\"https:\/\/meprolim.es\/producto\/quimicos-articulos-limpieza\/productos-quimicos-industriales\/insecticidas\/rastreros\/bidon-5kg-fregasuelos-maton-doble-accion\/\" \/>\n<meta property=\"og:site_name\" content=\"Meprolim\" \/>\n<meta property=\"article:modified_time\" content=\"2023-05-28T23:22:59+00:00\" \/>\n<meta property=\"og:image\" content=\"https:\/\/meprolim.es\/wp-content\/uploads\/2019\/09\/DZ0015.jpg\" \/>\n\t<meta property=\"og:image:width\" content=\"768\" \/>\n\t<meta property=\"og:image:height\" content=\"768\" \/>\n\t<meta property=\"og:image:type\" content=\"image\/jpeg\" \/>\n<meta name=\"twitter:card\" content=\"summary_large_image\" \/>\n<meta name=\"twitter:label1\" content=\"Gesch\u00e4tzte Lesezeit\" \/>\n\t<meta name=\"twitter:data1\" content=\"1\u00a0Minute\" \/>\n<script type=\"application\/ld+json\" class=\"yoast-schema-graph\">{\"@context\":\"https:\\\/\\\/schema.org\",\"@graph\":[{\"@type\":\"WebPage\",\"@id\":\"https:\\\/\\\/meprolim.es\\\/producto\\\/quimicos-articulos-limpieza\\\/productos-quimicos-industriales\\\/insecticidas\\\/rastreros\\\/bidon-5kg-fregasuelos-maton-doble-accion\\\/\",\"url\":\"https:\\\/\\\/meprolim.es\\\/producto\\\/quimicos-articulos-limpieza\\\/productos-quimicos-industriales\\\/insecticidas\\\/rastreros\\\/bidon-5kg-fregasuelos-maton-doble-accion\\\/\",\"name\":\"BID\u00d3N 5KG FREGASUELOS MAT\u00d3N DOBLE ACCI\u00d3N - C\u00d3DIGO: DZ0015 - Meprolim\",\"isPartOf\":{\"@id\":\"https:\\\/\\\/meprolim.es\\\/fr\\\/#website\"},\"primaryImageOfPage\":{\"@id\":\"https:\\\/\\\/meprolim.es\\\/producto\\\/quimicos-articulos-limpieza\\\/productos-quimicos-industriales\\\/insecticidas\\\/rastreros\\\/bidon-5kg-fregasuelos-maton-doble-accion\\\/#primaryimage\"},\"image\":{\"@id\":\"https:\\\/\\\/meprolim.es\\\/producto\\\/quimicos-articulos-limpieza\\\/productos-quimicos-industriales\\\/insecticidas\\\/rastreros\\\/bidon-5kg-fregasuelos-maton-doble-accion\\\/#primaryimage\"},\"thumbnailUrl\":\"https:\\\/\\\/meprolim.es\\\/wp-content\\\/uploads\\\/2019\\\/09\\\/DZ0015.jpg\",\"datePublished\":\"2019-09-03T12:04:40+00:00\",\"dateModified\":\"2023-05-28T23:22:59+00:00\",\"breadcrumb\":{\"@id\":\"https:\\\/\\\/meprolim.es\\\/producto\\\/quimicos-articulos-limpieza\\\/productos-quimicos-industriales\\\/insecticidas\\\/rastreros\\\/bidon-5kg-fregasuelos-maton-doble-accion\\\/#breadcrumb\"},\"inLanguage\":\"de\",\"potentialAction\":[{\"@type\":\"ReadAction\",\"target\":[\"https:\\\/\\\/meprolim.es\\\/producto\\\/quimicos-articulos-limpieza\\\/productos-quimicos-industriales\\\/insecticidas\\\/rastreros\\\/bidon-5kg-fregasuelos-maton-doble-accion\\\/\"]}]},{\"@type\":\"ImageObject\",\"inLanguage\":\"de\",\"@id\":\"https:\\\/\\\/meprolim.es\\\/producto\\\/quimicos-articulos-limpieza\\\/productos-quimicos-industriales\\\/insecticidas\\\/rastreros\\\/bidon-5kg-fregasuelos-maton-doble-accion\\\/#primaryimage\",\"url\":\"https:\\\/\\\/meprolim.es\\\/wp-content\\\/uploads\\\/2019\\\/09\\\/DZ0015.jpg\",\"contentUrl\":\"https:\\\/\\\/meprolim.es\\\/wp-content\\\/uploads\\\/2019\\\/09\\\/DZ0015.jpg\",\"width\":768,\"height\":768},{\"@type\":\"BreadcrumbList\",\"@id\":\"https:\\\/\\\/meprolim.es\\\/producto\\\/quimicos-articulos-limpieza\\\/productos-quimicos-industriales\\\/insecticidas\\\/rastreros\\\/bidon-5kg-fregasuelos-maton-doble-accion\\\/#breadcrumb\",\"itemListElement\":[{\"@type\":\"ListItem\",\"position\":1,\"name\":\"Portada\",\"item\":\"https:\\\/\\\/meprolim.es\\\/de\\\/\"},{\"@type\":\"ListItem\",\"position\":2,\"name\":\"Cat\u00e1logo\",\"item\":\"https:\\\/\\\/meprolim.es\\\/de\\\/catalogo\\\/\"},{\"@type\":\"ListItem\",\"position\":3,\"name\":\"BID\u00d3N 5KG FREGASUELOS MAT\u00d3N DOBLE ACCI\u00d3N &#8211; C\u00d3DIGO: DZ0015\"}]},{\"@type\":\"WebSite\",\"@id\":\"https:\\\/\\\/meprolim.es\\\/fr\\\/#website\",\"url\":\"https:\\\/\\\/meprolim.es\\\/fr\\\/\",\"name\":\"Meprolim\",\"description\":\"Cavas Catalanas S.L.\",\"publisher\":{\"@id\":\"https:\\\/\\\/meprolim.es\\\/fr\\\/#organization\"},\"potentialAction\":[{\"@type\":\"SearchAction\",\"target\":{\"@type\":\"EntryPoint\",\"urlTemplate\":\"https:\\\/\\\/meprolim.es\\\/fr\\\/?s={search_term_string}\"},\"query-input\":{\"@type\":\"PropertyValueSpecification\",\"valueRequired\":true,\"valueName\":\"search_term_string\"}}],\"inLanguage\":\"de\"},{\"@type\":\"Organization\",\"@id\":\"https:\\\/\\\/meprolim.es\\\/fr\\\/#organization\",\"name\":\"Meprolim\",\"url\":\"https:\\\/\\\/meprolim.es\\\/fr\\\/\",\"logo\":{\"@type\":\"ImageObject\",\"inLanguage\":\"de\",\"@id\":\"https:\\\/\\\/meprolim.es\\\/fr\\\/#\\\/schema\\\/logo\\\/image\\\/\",\"url\":\"https:\\\/\\\/meprolim.es\\\/wp-content\\\/uploads\\\/2019\\\/07\\\/cropped-logo2.png\",\"contentUrl\":\"https:\\\/\\\/meprolim.es\\\/wp-content\\\/uploads\\\/2019\\\/07\\\/cropped-logo2.png\",\"width\":401,\"height\":162,\"caption\":\"Meprolim\"},\"image\":{\"@id\":\"https:\\\/\\\/meprolim.es\\\/fr\\\/#\\\/schema\\\/logo\\\/image\\\/\"}}]}<\/script>\n<!-- \/ Yoast SEO plugin. -->","yoast_head_json":{"title":"BID\u00d3N 5KG FREGASUELOS MAT\u00d3N DOBLE ACCI\u00d3N - C\u00d3DIGO: DZ0015 - Meprolim","robots":{"index":"index","follow":"follow","max-snippet":"max-snippet:-1","max-image-preview":"max-image-preview:large","max-video-preview":"max-video-preview:-1"},"canonical":"https:\/\/meprolim.es\/producto\/quimicos-articulos-limpieza\/productos-quimicos-industriales\/insecticidas\/rastreros\/bidon-5kg-fregasuelos-maton-doble-accion\/","og_locale":"de_DE","og_type":"article","og_title":"BID\u00d3N 5KG FREGASUELOS MAT\u00d3N DOBLE ACCI\u00d3N - C\u00d3DIGO: DZ0015 - Meprolim","og_description":"Caracter\u00edsticas:   AGITAR ANTES DE SU USO.  Aplicaci\u00f3n por bayeta o fregona en suelos, del producto diluido en agua.  No aplicar sobre superficies donde se manipulen, preparen o hayan de servirse o consumirse alimentos.  Evitar el contacto con las superficies tratadas.  No mezclar con otros productos qu\u00edmicos.  Antes de usar el producto l\u00e9ase detenidamente la etiqueta.  Ventilar adecuadamente antes de entrar en el recinto.  Datos t\u00e9cnicos:   pH 2-4.  Producto l\u00edquido turbio.  Color: violeta oscuro.  Perfume: caracter\u00edstico.  Dosificar para 6 litros de agua: - Mantenimiento: 2 tapones. - Normal: 3 tapones. - Infestaci\u00f3n alta: 5 tapones (1 tap\u00f3n: 19 ml)  SKU: DZ0015","og_url":"https:\/\/meprolim.es\/producto\/quimicos-articulos-limpieza\/productos-quimicos-industriales\/insecticidas\/rastreros\/bidon-5kg-fregasuelos-maton-doble-accion\/","og_site_name":"Meprolim","article_modified_time":"2023-05-28T23:22:59+00:00","og_image":[{"width":768,"height":768,"url":"https:\/\/meprolim.es\/wp-content\/uploads\/2019\/09\/DZ0015.jpg","type":"image\/jpeg"}],"twitter_card":"summary_large_image","twitter_misc":{"Gesch\u00e4tzte Lesezeit":"1\u00a0Minute"},"schema":{"@context":"https:\/\/schema.org","@graph":[{"@type":"WebPage","@id":"https:\/\/meprolim.es\/producto\/quimicos-articulos-limpieza\/productos-quimicos-industriales\/insecticidas\/rastreros\/bidon-5kg-fregasuelos-maton-doble-accion\/","url":"https:\/\/meprolim.es\/producto\/quimicos-articulos-limpieza\/productos-quimicos-industriales\/insecticidas\/rastreros\/bidon-5kg-fregasuelos-maton-doble-accion\/","name":"BID\u00d3N 5KG FREGASUELOS MAT\u00d3N DOBLE ACCI\u00d3N - C\u00d3DIGO: DZ0015 - Meprolim","isPartOf":{"@id":"https:\/\/meprolim.es\/fr\/#website"},"primaryImageOfPage":{"@id":"https:\/\/meprolim.es\/producto\/quimicos-articulos-limpieza\/productos-quimicos-industriales\/insecticidas\/rastreros\/bidon-5kg-fregasuelos-maton-doble-accion\/#primaryimage"},"image":{"@id":"https:\/\/meprolim.es\/producto\/quimicos-articulos-limpieza\/productos-quimicos-industriales\/insecticidas\/rastreros\/bidon-5kg-fregasuelos-maton-doble-accion\/#primaryimage"},"thumbnailUrl":"https:\/\/meprolim.es\/wp-content\/uploads\/2019\/09\/DZ0015.jpg","datePublished":"2019-09-03T12:04:40+00:00","dateModified":"2023-05-28T23:22:59+00:00","breadcrumb":{"@id":"https:\/\/meprolim.es\/producto\/quimicos-articulos-limpieza\/productos-quimicos-industriales\/insecticidas\/rastreros\/bidon-5kg-fregasuelos-maton-doble-accion\/#breadcrumb"},"inLanguage":"de","potentialAction":[{"@type":"ReadAction","target":["https:\/\/meprolim.es\/producto\/quimicos-articulos-limpieza\/productos-quimicos-industriales\/insecticidas\/rastreros\/bidon-5kg-fregasuelos-maton-doble-accion\/"]}]},{"@type":"ImageObject","inLanguage":"de","@id":"https:\/\/meprolim.es\/producto\/quimicos-articulos-limpieza\/productos-quimicos-industriales\/insecticidas\/rastreros\/bidon-5kg-fregasuelos-maton-doble-accion\/#primaryimage","url":"https:\/\/meprolim.es\/wp-content\/uploads\/2019\/09\/DZ0015.jpg","contentUrl":"https:\/\/meprolim.es\/wp-content\/uploads\/2019\/09\/DZ0015.jpg","width":768,"height":768},{"@type":"BreadcrumbList","@id":"https:\/\/meprolim.es\/producto\/quimicos-articulos-limpieza\/productos-quimicos-industriales\/insecticidas\/rastreros\/bidon-5kg-fregasuelos-maton-doble-accion\/#breadcrumb","itemListElement":[{"@type":"ListItem","position":1,"name":"Portada","item":"https:\/\/meprolim.es\/de\/"},{"@type":"ListItem","position":2,"name":"Cat\u00e1logo","item":"https:\/\/meprolim.es\/de\/catalogo\/"},{"@type":"ListItem","position":3,"name":"BID\u00d3N 5KG FREGASUELOS MAT\u00d3N DOBLE ACCI\u00d3N &#8211; C\u00d3DIGO: DZ0015"}]},{"@type":"WebSite","@id":"https:\/\/meprolim.es\/fr\/#website","url":"https:\/\/meprolim.es\/fr\/","name":"Meprolim","description":"Cavas Catalanas S.L.","publisher":{"@id":"https:\/\/meprolim.es\/fr\/#organization"},"potentialAction":[{"@type":"SearchAction","target":{"@type":"EntryPoint","urlTemplate":"https:\/\/meprolim.es\/fr\/?s={search_term_string}"},"query-input":{"@type":"PropertyValueSpecification","valueRequired":true,"valueName":"search_term_string"}}],"inLanguage":"de"},{"@type":"Organization","@id":"https:\/\/meprolim.es\/fr\/#organization","name":"Meprolim","url":"https:\/\/meprolim.es\/fr\/","logo":{"@type":"ImageObject","inLanguage":"de","@id":"https:\/\/meprolim.es\/fr\/#\/schema\/logo\/image\/","url":"https:\/\/meprolim.es\/wp-content\/uploads\/2019\/07\/cropped-logo2.png","contentUrl":"https:\/\/meprolim.es\/wp-content\/uploads\/2019\/07\/cropped-logo2.png","width":401,"height":162,"caption":"Meprolim"},"image":{"@id":"https:\/\/meprolim.es\/fr\/#\/schema\/logo\/image\/"}}]}},"_links":{"self":[{"href":"https:\/\/meprolim.es\/de\/wp-json\/wp\/v2\/product\/8819","targetHints":{"allow":["GET"]}}],"collection":[{"href":"https:\/\/meprolim.es\/de\/wp-json\/wp\/v2\/product"}],"about":[{"href":"https:\/\/meprolim.es\/de\/wp-json\/wp\/v2\/types\/product"}],"wp:featuredmedia":[{"embeddable":true,"href":"https:\/\/meprolim.es\/de\/wp-json\/wp\/v2\/media\/8820"}],"wp:attachment":[{"href":"https:\/\/meprolim.es\/de\/wp-json\/wp\/v2\/media?parent=8819"}],"wp:term":[{"taxonomy":"product_brand","embeddable":true,"href":"https:\/\/meprolim.es\/de\/wp-json\/wp\/v2\/product_brand?post=8819"},{"taxonomy":"product_cat","embeddable":true,"href":"https:\/\/meprolim.es\/de\/wp-json\/wp\/v2\/product_cat?post=8819"},{"taxonomy":"product_tag","embeddable":true,"href":"https:\/\/meprolim.es\/de\/wp-json\/wp\/v2\/product_tag?post=8819"}],"curies":[{"name":"wp","href":"https:\/\/api.w.org\/{rel}","templated":true}]}}