{"id":9720,"date":"2019-09-08T16:25:25","date_gmt":"2019-09-08T15:25:25","guid":{"rendered":"http:\/\/www.meprolim.es\/?post_type=product&#038;p=9720"},"modified":"2023-05-24T23:13:12","modified_gmt":"2023-05-24T22:13:12","slug":"bidon-5kg-carpet-limpiador-meprolim","status":"publish","type":"product","link":"https:\/\/meprolim.es\/de\/producto\/quimicos-y-articulos-de-limpieza\/productos-quimicos-industriales-de-2\/limpieza-alfombras-de-2\/espuma-en-seco-de-2\/bidon-5kg-carpet-limpiador-meprolim\/","title":{"rendered":"BID\u00d3N 5KG CARPET LIMPIADOR MEPROLIM &#8211; C\u00d3DIGO: FR0043"},"content":{"rendered":"<div class=\"wpb-content-wrapper\"><p>[vc_row][vc_column][vc_column_text]<\/p>\n<p style=\"text-align: justify;\">Producto especial para la limpieza profunda en seco de todo tipo de alfombras y moquetas. No da\u00f1a ning\u00fan tipo de tejido (algod\u00f3n, lana, fibras sint\u00e9ticas y todas sus mezclas). Contiene componentes que reavivan los colores y seca r\u00e1pidamente. Producto especialmente indicado para la limpieza de alfombras y moquetas en hoteles, restaurantes, oficinas, etc.<\/p>\n<p>[\/vc_column_text][\/vc_column][\/vc_row]<\/p>\n<\/div>","protected":false},"excerpt":{"rendered":"<p>Caracter\u00edsticas:<\/p>\n<ul>\n<li>Producto especial para la limpieza profunda en seco de todo tipo de alfombras y moquetas.<\/li>\n<li>No da\u00f1a ning\u00fan tipo de tejido (algod\u00f3n, lana, fibras sint\u00e9ticas y todas sus mezclas).<\/li>\n<li>Contiene componentes que reaviva los colores y seca r\u00e1pidamente.<\/li>\n<li>Especialmente indicado para la limpieza de alfombras y moquetas en hoteles, restaurantes, oficinas,&#8230;<\/li>\n<li>Alta concentraci\u00f3n: excelente rendimiento.<\/li>\n<li>Contiene tensioactivos: alto poder detergente y limpiador.<\/li>\n<li>Forma un residuo s\u00f3lido seco con la suciedad, f\u00e1cilmente eliminable por aspiraci\u00f3n.<\/li>\n<li>\u00c1cidos grasos: suavizan los tejidos.<\/li>\n<li>Alcohol polivin\u00edlico: da apresto a los tejidos y reaviva los colores.<\/li>\n<li>Resina acr\u00edlica: favorece la formaci\u00f3n de residuos s\u00f3lidos cristalinos, f\u00e1cilmente eliminables por aspiraci\u00f3n.<\/li>\n<li>Efecto antiresoling, disminuye la facilidad de ensuciamiento.<\/li>\n<\/ul>\n<p>Datos t\u00e9cnicos:<\/p>\n<ul>\n<li>Producto l\u00edquido lechoso.<\/li>\n<li>Color: blanco.<\/li>\n<li>Perfume: caracter\u00edstico.<\/li>\n<li>Para superficies muy sucias diluir 1,5% de producto en un cubo de agua de 5 litros.<\/li>\n<li>Para limpieza diaria diluir 0,5% de producto en un cubo de agua de 5 litros.<\/li>\n<li>pH 6-8.<\/li>\n<\/ul>\n<p><strong>SKU: FR0043<\/strong><\/p>\n","protected":false},"featured_media":9721,"template":"","meta":[],"product_brand":[],"product_cat":[867,1047,652,94],"product_tag":[288,654],"class_list":{"0":"post-9720","1":"product","2":"type-product","3":"status-publish","4":"has-post-thumbnail","6":"product_cat-espuma-en-seco","7":"product_cat-limpieza-alfombras","8":"product_cat-productos-quimicos-industriales","9":"product_cat-quimicos-articulos-limpieza","10":"product_tag-espuma-seca","11":"product_tag-productos-quimicos","13":"first","14":"instock","15":"shipping-taxable","16":"product-type-simple"},"yoast_head":"<!-- This site is optimized with the Yoast SEO plugin v27.3 - https:\/\/yoast.com\/product\/yoast-seo-wordpress\/ -->\n<title>BID\u00d3N 5KG CARPET LIMPIADOR MEPROLIM - C\u00d3DIGO: FR0043 - Meprolim<\/title>\n<meta name=\"robots\" content=\"index, follow, max-snippet:-1, max-image-preview:large, max-video-preview:-1\" \/>\n<link rel=\"canonical\" href=\"https:\/\/meprolim.es\/producto\/quimicos-articulos-limpieza\/productos-quimicos-industriales\/limpieza-alfombras\/espuma-en-seco\/bidon-5kg-carpet-limpiador-meprolim\/\" \/>\n<meta property=\"og:locale\" content=\"de_DE\" \/>\n<meta property=\"og:type\" content=\"article\" \/>\n<meta property=\"og:title\" content=\"BID\u00d3N 5KG CARPET LIMPIADOR MEPROLIM - C\u00d3DIGO: FR0043 - Meprolim\" \/>\n<meta property=\"og:description\" content=\"Caracter\u00edsticas:   Producto especial para la limpieza profunda en seco de todo tipo de alfombras y moquetas.  No da\u00f1a ning\u00fan tipo de tejido (algod\u00f3n, lana, fibras sint\u00e9ticas y todas sus mezclas).  Contiene componentes que reaviva los colores y seca r\u00e1pidamente.  Especialmente indicado para la limpieza de alfombras y moquetas en hoteles, restaurantes, oficinas,...  Alta concentraci\u00f3n: excelente rendimiento.  Contiene tensioactivos: alto poder detergente y limpiador.  Forma un residuo s\u00f3lido seco con la suciedad, f\u00e1cilmente eliminable por aspiraci\u00f3n.  \u00c1cidos grasos: suavizan los tejidos.  Alcohol polivin\u00edlico: da apresto a los tejidos y reaviva los colores.  Resina acr\u00edlica: favorece la formaci\u00f3n de residuos s\u00f3lidos cristalinos, f\u00e1cilmente eliminables por aspiraci\u00f3n.  Efecto antiresoling, disminuye la facilidad de ensuciamiento.  Datos t\u00e9cnicos:   Producto l\u00edquido lechoso.  Color: blanco.  Perfume: caracter\u00edstico.  Para superficies muy sucias diluir 1,5% de producto en un cubo de agua de 5 litros.  Para limpieza diaria diluir 0,5% de producto en un cubo de agua de 5 litros.  pH 6-8.  SKU: FR0043\" \/>\n<meta property=\"og:url\" content=\"https:\/\/meprolim.es\/producto\/quimicos-articulos-limpieza\/productos-quimicos-industriales\/limpieza-alfombras\/espuma-en-seco\/bidon-5kg-carpet-limpiador-meprolim\/\" \/>\n<meta property=\"og:site_name\" content=\"Meprolim\" \/>\n<meta property=\"article:modified_time\" content=\"2023-05-24T22:13:12+00:00\" \/>\n<meta property=\"og:image\" content=\"https:\/\/meprolim.es\/wp-content\/uploads\/2019\/09\/FR0043.jpg\" \/>\n\t<meta property=\"og:image:width\" content=\"768\" \/>\n\t<meta property=\"og:image:height\" content=\"768\" \/>\n\t<meta property=\"og:image:type\" content=\"image\/jpeg\" \/>\n<meta name=\"twitter:card\" content=\"summary_large_image\" \/>\n<meta name=\"twitter:label1\" content=\"Gesch\u00e4tzte Lesezeit\" \/>\n\t<meta name=\"twitter:data1\" content=\"1\u00a0Minute\" \/>\n<script type=\"application\/ld+json\" class=\"yoast-schema-graph\">{\"@context\":\"https:\\\/\\\/schema.org\",\"@graph\":[{\"@type\":\"WebPage\",\"@id\":\"https:\\\/\\\/meprolim.es\\\/producto\\\/quimicos-articulos-limpieza\\\/productos-quimicos-industriales\\\/limpieza-alfombras\\\/espuma-en-seco\\\/bidon-5kg-carpet-limpiador-meprolim\\\/\",\"url\":\"https:\\\/\\\/meprolim.es\\\/producto\\\/quimicos-articulos-limpieza\\\/productos-quimicos-industriales\\\/limpieza-alfombras\\\/espuma-en-seco\\\/bidon-5kg-carpet-limpiador-meprolim\\\/\",\"name\":\"BID\u00d3N 5KG CARPET LIMPIADOR MEPROLIM - C\u00d3DIGO: FR0043 - Meprolim\",\"isPartOf\":{\"@id\":\"https:\\\/\\\/meprolim.es\\\/fr\\\/#website\"},\"primaryImageOfPage\":{\"@id\":\"https:\\\/\\\/meprolim.es\\\/producto\\\/quimicos-articulos-limpieza\\\/productos-quimicos-industriales\\\/limpieza-alfombras\\\/espuma-en-seco\\\/bidon-5kg-carpet-limpiador-meprolim\\\/#primaryimage\"},\"image\":{\"@id\":\"https:\\\/\\\/meprolim.es\\\/producto\\\/quimicos-articulos-limpieza\\\/productos-quimicos-industriales\\\/limpieza-alfombras\\\/espuma-en-seco\\\/bidon-5kg-carpet-limpiador-meprolim\\\/#primaryimage\"},\"thumbnailUrl\":\"https:\\\/\\\/meprolim.es\\\/wp-content\\\/uploads\\\/2019\\\/09\\\/FR0043.jpg\",\"datePublished\":\"2019-09-08T15:25:25+00:00\",\"dateModified\":\"2023-05-24T22:13:12+00:00\",\"breadcrumb\":{\"@id\":\"https:\\\/\\\/meprolim.es\\\/producto\\\/quimicos-articulos-limpieza\\\/productos-quimicos-industriales\\\/limpieza-alfombras\\\/espuma-en-seco\\\/bidon-5kg-carpet-limpiador-meprolim\\\/#breadcrumb\"},\"inLanguage\":\"de\",\"potentialAction\":[{\"@type\":\"ReadAction\",\"target\":[\"https:\\\/\\\/meprolim.es\\\/producto\\\/quimicos-articulos-limpieza\\\/productos-quimicos-industriales\\\/limpieza-alfombras\\\/espuma-en-seco\\\/bidon-5kg-carpet-limpiador-meprolim\\\/\"]}]},{\"@type\":\"ImageObject\",\"inLanguage\":\"de\",\"@id\":\"https:\\\/\\\/meprolim.es\\\/producto\\\/quimicos-articulos-limpieza\\\/productos-quimicos-industriales\\\/limpieza-alfombras\\\/espuma-en-seco\\\/bidon-5kg-carpet-limpiador-meprolim\\\/#primaryimage\",\"url\":\"https:\\\/\\\/meprolim.es\\\/wp-content\\\/uploads\\\/2019\\\/09\\\/FR0043.jpg\",\"contentUrl\":\"https:\\\/\\\/meprolim.es\\\/wp-content\\\/uploads\\\/2019\\\/09\\\/FR0043.jpg\",\"width\":768,\"height\":768},{\"@type\":\"BreadcrumbList\",\"@id\":\"https:\\\/\\\/meprolim.es\\\/producto\\\/quimicos-articulos-limpieza\\\/productos-quimicos-industriales\\\/limpieza-alfombras\\\/espuma-en-seco\\\/bidon-5kg-carpet-limpiador-meprolim\\\/#breadcrumb\",\"itemListElement\":[{\"@type\":\"ListItem\",\"position\":1,\"name\":\"Portada\",\"item\":\"https:\\\/\\\/meprolim.es\\\/de\\\/\"},{\"@type\":\"ListItem\",\"position\":2,\"name\":\"Cat\u00e1logo\",\"item\":\"https:\\\/\\\/meprolim.es\\\/de\\\/catalogo\\\/\"},{\"@type\":\"ListItem\",\"position\":3,\"name\":\"BID\u00d3N 5KG CARPET LIMPIADOR MEPROLIM &#8211; C\u00d3DIGO: FR0043\"}]},{\"@type\":\"WebSite\",\"@id\":\"https:\\\/\\\/meprolim.es\\\/fr\\\/#website\",\"url\":\"https:\\\/\\\/meprolim.es\\\/fr\\\/\",\"name\":\"Meprolim\",\"description\":\"Cavas Catalanas S.L.\",\"publisher\":{\"@id\":\"https:\\\/\\\/meprolim.es\\\/fr\\\/#organization\"},\"potentialAction\":[{\"@type\":\"SearchAction\",\"target\":{\"@type\":\"EntryPoint\",\"urlTemplate\":\"https:\\\/\\\/meprolim.es\\\/fr\\\/?s={search_term_string}\"},\"query-input\":{\"@type\":\"PropertyValueSpecification\",\"valueRequired\":true,\"valueName\":\"search_term_string\"}}],\"inLanguage\":\"de\"},{\"@type\":\"Organization\",\"@id\":\"https:\\\/\\\/meprolim.es\\\/fr\\\/#organization\",\"name\":\"Meprolim\",\"url\":\"https:\\\/\\\/meprolim.es\\\/fr\\\/\",\"logo\":{\"@type\":\"ImageObject\",\"inLanguage\":\"de\",\"@id\":\"https:\\\/\\\/meprolim.es\\\/fr\\\/#\\\/schema\\\/logo\\\/image\\\/\",\"url\":\"https:\\\/\\\/meprolim.es\\\/wp-content\\\/uploads\\\/2019\\\/07\\\/cropped-logo2.png\",\"contentUrl\":\"https:\\\/\\\/meprolim.es\\\/wp-content\\\/uploads\\\/2019\\\/07\\\/cropped-logo2.png\",\"width\":401,\"height\":162,\"caption\":\"Meprolim\"},\"image\":{\"@id\":\"https:\\\/\\\/meprolim.es\\\/fr\\\/#\\\/schema\\\/logo\\\/image\\\/\"}}]}<\/script>\n<!-- \/ Yoast SEO plugin. -->","yoast_head_json":{"title":"BID\u00d3N 5KG CARPET LIMPIADOR MEPROLIM - C\u00d3DIGO: FR0043 - Meprolim","robots":{"index":"index","follow":"follow","max-snippet":"max-snippet:-1","max-image-preview":"max-image-preview:large","max-video-preview":"max-video-preview:-1"},"canonical":"https:\/\/meprolim.es\/producto\/quimicos-articulos-limpieza\/productos-quimicos-industriales\/limpieza-alfombras\/espuma-en-seco\/bidon-5kg-carpet-limpiador-meprolim\/","og_locale":"de_DE","og_type":"article","og_title":"BID\u00d3N 5KG CARPET LIMPIADOR MEPROLIM - C\u00d3DIGO: FR0043 - Meprolim","og_description":"Caracter\u00edsticas:   Producto especial para la limpieza profunda en seco de todo tipo de alfombras y moquetas.  No da\u00f1a ning\u00fan tipo de tejido (algod\u00f3n, lana, fibras sint\u00e9ticas y todas sus mezclas).  Contiene componentes que reaviva los colores y seca r\u00e1pidamente.  Especialmente indicado para la limpieza de alfombras y moquetas en hoteles, restaurantes, oficinas,...  Alta concentraci\u00f3n: excelente rendimiento.  Contiene tensioactivos: alto poder detergente y limpiador.  Forma un residuo s\u00f3lido seco con la suciedad, f\u00e1cilmente eliminable por aspiraci\u00f3n.  \u00c1cidos grasos: suavizan los tejidos.  Alcohol polivin\u00edlico: da apresto a los tejidos y reaviva los colores.  Resina acr\u00edlica: favorece la formaci\u00f3n de residuos s\u00f3lidos cristalinos, f\u00e1cilmente eliminables por aspiraci\u00f3n.  Efecto antiresoling, disminuye la facilidad de ensuciamiento.  Datos t\u00e9cnicos:   Producto l\u00edquido lechoso.  Color: blanco.  Perfume: caracter\u00edstico.  Para superficies muy sucias diluir 1,5% de producto en un cubo de agua de 5 litros.  Para limpieza diaria diluir 0,5% de producto en un cubo de agua de 5 litros.  pH 6-8.  SKU: FR0043","og_url":"https:\/\/meprolim.es\/producto\/quimicos-articulos-limpieza\/productos-quimicos-industriales\/limpieza-alfombras\/espuma-en-seco\/bidon-5kg-carpet-limpiador-meprolim\/","og_site_name":"Meprolim","article_modified_time":"2023-05-24T22:13:12+00:00","og_image":[{"width":768,"height":768,"url":"https:\/\/meprolim.es\/wp-content\/uploads\/2019\/09\/FR0043.jpg","type":"image\/jpeg"}],"twitter_card":"summary_large_image","twitter_misc":{"Gesch\u00e4tzte Lesezeit":"1\u00a0Minute"},"schema":{"@context":"https:\/\/schema.org","@graph":[{"@type":"WebPage","@id":"https:\/\/meprolim.es\/producto\/quimicos-articulos-limpieza\/productos-quimicos-industriales\/limpieza-alfombras\/espuma-en-seco\/bidon-5kg-carpet-limpiador-meprolim\/","url":"https:\/\/meprolim.es\/producto\/quimicos-articulos-limpieza\/productos-quimicos-industriales\/limpieza-alfombras\/espuma-en-seco\/bidon-5kg-carpet-limpiador-meprolim\/","name":"BID\u00d3N 5KG CARPET LIMPIADOR MEPROLIM - C\u00d3DIGO: FR0043 - Meprolim","isPartOf":{"@id":"https:\/\/meprolim.es\/fr\/#website"},"primaryImageOfPage":{"@id":"https:\/\/meprolim.es\/producto\/quimicos-articulos-limpieza\/productos-quimicos-industriales\/limpieza-alfombras\/espuma-en-seco\/bidon-5kg-carpet-limpiador-meprolim\/#primaryimage"},"image":{"@id":"https:\/\/meprolim.es\/producto\/quimicos-articulos-limpieza\/productos-quimicos-industriales\/limpieza-alfombras\/espuma-en-seco\/bidon-5kg-carpet-limpiador-meprolim\/#primaryimage"},"thumbnailUrl":"https:\/\/meprolim.es\/wp-content\/uploads\/2019\/09\/FR0043.jpg","datePublished":"2019-09-08T15:25:25+00:00","dateModified":"2023-05-24T22:13:12+00:00","breadcrumb":{"@id":"https:\/\/meprolim.es\/producto\/quimicos-articulos-limpieza\/productos-quimicos-industriales\/limpieza-alfombras\/espuma-en-seco\/bidon-5kg-carpet-limpiador-meprolim\/#breadcrumb"},"inLanguage":"de","potentialAction":[{"@type":"ReadAction","target":["https:\/\/meprolim.es\/producto\/quimicos-articulos-limpieza\/productos-quimicos-industriales\/limpieza-alfombras\/espuma-en-seco\/bidon-5kg-carpet-limpiador-meprolim\/"]}]},{"@type":"ImageObject","inLanguage":"de","@id":"https:\/\/meprolim.es\/producto\/quimicos-articulos-limpieza\/productos-quimicos-industriales\/limpieza-alfombras\/espuma-en-seco\/bidon-5kg-carpet-limpiador-meprolim\/#primaryimage","url":"https:\/\/meprolim.es\/wp-content\/uploads\/2019\/09\/FR0043.jpg","contentUrl":"https:\/\/meprolim.es\/wp-content\/uploads\/2019\/09\/FR0043.jpg","width":768,"height":768},{"@type":"BreadcrumbList","@id":"https:\/\/meprolim.es\/producto\/quimicos-articulos-limpieza\/productos-quimicos-industriales\/limpieza-alfombras\/espuma-en-seco\/bidon-5kg-carpet-limpiador-meprolim\/#breadcrumb","itemListElement":[{"@type":"ListItem","position":1,"name":"Portada","item":"https:\/\/meprolim.es\/de\/"},{"@type":"ListItem","position":2,"name":"Cat\u00e1logo","item":"https:\/\/meprolim.es\/de\/catalogo\/"},{"@type":"ListItem","position":3,"name":"BID\u00d3N 5KG CARPET LIMPIADOR MEPROLIM &#8211; C\u00d3DIGO: FR0043"}]},{"@type":"WebSite","@id":"https:\/\/meprolim.es\/fr\/#website","url":"https:\/\/meprolim.es\/fr\/","name":"Meprolim","description":"Cavas Catalanas S.L.","publisher":{"@id":"https:\/\/meprolim.es\/fr\/#organization"},"potentialAction":[{"@type":"SearchAction","target":{"@type":"EntryPoint","urlTemplate":"https:\/\/meprolim.es\/fr\/?s={search_term_string}"},"query-input":{"@type":"PropertyValueSpecification","valueRequired":true,"valueName":"search_term_string"}}],"inLanguage":"de"},{"@type":"Organization","@id":"https:\/\/meprolim.es\/fr\/#organization","name":"Meprolim","url":"https:\/\/meprolim.es\/fr\/","logo":{"@type":"ImageObject","inLanguage":"de","@id":"https:\/\/meprolim.es\/fr\/#\/schema\/logo\/image\/","url":"https:\/\/meprolim.es\/wp-content\/uploads\/2019\/07\/cropped-logo2.png","contentUrl":"https:\/\/meprolim.es\/wp-content\/uploads\/2019\/07\/cropped-logo2.png","width":401,"height":162,"caption":"Meprolim"},"image":{"@id":"https:\/\/meprolim.es\/fr\/#\/schema\/logo\/image\/"}}]}},"_links":{"self":[{"href":"https:\/\/meprolim.es\/de\/wp-json\/wp\/v2\/product\/9720","targetHints":{"allow":["GET"]}}],"collection":[{"href":"https:\/\/meprolim.es\/de\/wp-json\/wp\/v2\/product"}],"about":[{"href":"https:\/\/meprolim.es\/de\/wp-json\/wp\/v2\/types\/product"}],"wp:featuredmedia":[{"embeddable":true,"href":"https:\/\/meprolim.es\/de\/wp-json\/wp\/v2\/media\/9721"}],"wp:attachment":[{"href":"https:\/\/meprolim.es\/de\/wp-json\/wp\/v2\/media?parent=9720"}],"wp:term":[{"taxonomy":"product_brand","embeddable":true,"href":"https:\/\/meprolim.es\/de\/wp-json\/wp\/v2\/product_brand?post=9720"},{"taxonomy":"product_cat","embeddable":true,"href":"https:\/\/meprolim.es\/de\/wp-json\/wp\/v2\/product_cat?post=9720"},{"taxonomy":"product_tag","embeddable":true,"href":"https:\/\/meprolim.es\/de\/wp-json\/wp\/v2\/product_tag?post=9720"}],"curies":[{"name":"wp","href":"https:\/\/api.w.org\/{rel}","templated":true}]}}