{"id":9831,"date":"2019-09-09T22:18:04","date_gmt":"2019-09-09T21:18:04","guid":{"rendered":"http:\/\/www.meprolim.es\/?post_type=product&#038;p=9831"},"modified":"2023-05-24T23:45:40","modified_gmt":"2023-05-24T22:45:40","slug":"bote-1l-xtrem-meprolim-desincrustante-wc","status":"publish","type":"product","link":"https:\/\/meprolim.es\/de\/producto\/quimicos-y-articulos-de-limpieza\/productos-quimicos-industriales-de-2\/detergentes-acidos-desincrustantes-de-2\/wc-de-2\/bote-1l-xtrem-meprolim-desincrustante-wc\/","title":{"rendered":"BOTE 1L XTREM MEPROLIM DESINCRUSTANTE WC &#8211; C\u00d3DIGO: FR0048"},"content":{"rendered":"<div class=\"wpb-content-wrapper\"><p>[vc_row][vc_column][vc_column_text]<\/p>\n<p style=\"text-align: justify;\">Producto especialmente dise\u00f1ado para la limpieza e higienizaci\u00f3n de tazas de sanitarios, inodoros y urinarios. Elimina los restos calc\u00e1reos y de hierro de los sanitarios, limpiando eficazmente los restos de suciedad incrustados en los sanitarios. Su f\u00f3rmula con alta viscosidad permite el contacto \u00edntimo del producto con la suciedad aumentando su eficacia y rendimiento.<\/p>\n<p>[\/vc_column_text][\/vc_column][\/vc_row]<\/p>\n<\/div>","protected":false},"excerpt":{"rendered":"<ul>\n<li>pH 1-3.<\/li>\n<li>Bote de 1 litro.<\/li>\n<li>Limpian y desodorizan.<\/li>\n<li>Eliminan incrustaciones, \u00f3xido y suciedad.<\/li>\n<li>Gran adherencia y efectividad.<\/li>\n<li>Garantizan \u00f3ptimas condiciones higi\u00e9nicas.<\/li>\n<li>Eliminan olores desagradables.<\/li>\n<li>Viscosidad adecuada para una c\u00f3moda dosificaci\u00f3n.<\/li>\n<li>Acci\u00f3n r\u00e1pida.<\/li>\n<li>Aplicar sobre las paredes y rebordes del WC.<\/li>\n<li>Frotar con la escobilla las zonas m\u00e1s incrustadas o de dif\u00edcil acceso.<\/li>\n<li>Dejar actuar y aclarar con agua.<\/li>\n<li>No mezclar con lej\u00eda.<\/li>\n<li>No utilizar sobre m\u00e1rmol o superficies sensibles a \u00e1cidos.<\/li>\n<\/ul>\n<p><strong>SKU: FR0048<\/strong><\/p>\n","protected":false},"featured_media":9833,"template":"","meta":[],"product_brand":[],"product_cat":[686,652,94,876],"product_tag":[486,654],"class_list":{"0":"post-9831","1":"product","2":"type-product","3":"status-publish","4":"has-post-thumbnail","6":"product_cat-detergentes-acidos-desincrustantes","7":"product_cat-productos-quimicos-industriales","8":"product_cat-quimicos-articulos-limpieza","9":"product_cat-wc","10":"product_tag-bano","11":"product_tag-productos-quimicos","13":"first","14":"instock","15":"shipping-taxable","16":"product-type-simple"},"yoast_head":"<!-- This site is optimized with the Yoast SEO plugin v27.3 - https:\/\/yoast.com\/product\/yoast-seo-wordpress\/ -->\n<title>BOTE 1L XTREM MEPROLIM DESINCRUSTANTE WC - C\u00d3DIGO: FR0048 - Meprolim<\/title>\n<meta name=\"robots\" content=\"index, follow, max-snippet:-1, max-image-preview:large, max-video-preview:-1\" \/>\n<link rel=\"canonical\" href=\"https:\/\/meprolim.es\/producto\/quimicos-articulos-limpieza\/productos-quimicos-industriales\/detergentes-acidos-desincrustantes\/wc\/bote-1l-xtrem-meprolim-desincrustante-wc\/\" \/>\n<meta property=\"og:locale\" content=\"de_DE\" \/>\n<meta property=\"og:type\" content=\"article\" \/>\n<meta property=\"og:title\" content=\"BOTE 1L XTREM MEPROLIM DESINCRUSTANTE WC - C\u00d3DIGO: FR0048 - Meprolim\" \/>\n<meta property=\"og:description\" content=\"pH 1-3.  Bote de 1 litro.  Limpian y desodorizan.  Eliminan incrustaciones, \u00f3xido y suciedad.  Gran adherencia y efectividad.  Garantizan \u00f3ptimas condiciones higi\u00e9nicas.  Eliminan olores desagradables.  Viscosidad adecuada para una c\u00f3moda dosificaci\u00f3n.  Acci\u00f3n r\u00e1pida.  Aplicar sobre las paredes y rebordes del WC.  Frotar con la escobilla las zonas m\u00e1s incrustadas o de dif\u00edcil acceso.  Dejar actuar y aclarar con agua.  No mezclar con lej\u00eda.  No utilizar sobre m\u00e1rmol o superficies sensibles a \u00e1cidos.  SKU: FR0048\" \/>\n<meta property=\"og:url\" content=\"https:\/\/meprolim.es\/producto\/quimicos-articulos-limpieza\/productos-quimicos-industriales\/detergentes-acidos-desincrustantes\/wc\/bote-1l-xtrem-meprolim-desincrustante-wc\/\" \/>\n<meta property=\"og:site_name\" content=\"Meprolim\" \/>\n<meta property=\"article:modified_time\" content=\"2023-05-24T22:45:40+00:00\" \/>\n<meta property=\"og:image\" content=\"https:\/\/meprolim.es\/wp-content\/uploads\/2019\/09\/FR0048.jpg\" \/>\n\t<meta property=\"og:image:width\" content=\"768\" \/>\n\t<meta property=\"og:image:height\" content=\"768\" \/>\n\t<meta property=\"og:image:type\" content=\"image\/jpeg\" \/>\n<meta name=\"twitter:card\" content=\"summary_large_image\" \/>\n<meta name=\"twitter:label1\" content=\"Gesch\u00e4tzte Lesezeit\" \/>\n\t<meta name=\"twitter:data1\" content=\"1\u00a0Minute\" \/>\n<script type=\"application\/ld+json\" class=\"yoast-schema-graph\">{\"@context\":\"https:\\\/\\\/schema.org\",\"@graph\":[{\"@type\":\"WebPage\",\"@id\":\"https:\\\/\\\/meprolim.es\\\/producto\\\/quimicos-articulos-limpieza\\\/productos-quimicos-industriales\\\/detergentes-acidos-desincrustantes\\\/wc\\\/bote-1l-xtrem-meprolim-desincrustante-wc\\\/\",\"url\":\"https:\\\/\\\/meprolim.es\\\/producto\\\/quimicos-articulos-limpieza\\\/productos-quimicos-industriales\\\/detergentes-acidos-desincrustantes\\\/wc\\\/bote-1l-xtrem-meprolim-desincrustante-wc\\\/\",\"name\":\"BOTE 1L XTREM MEPROLIM DESINCRUSTANTE WC - C\u00d3DIGO: FR0048 - Meprolim\",\"isPartOf\":{\"@id\":\"https:\\\/\\\/meprolim.es\\\/fr\\\/#website\"},\"primaryImageOfPage\":{\"@id\":\"https:\\\/\\\/meprolim.es\\\/producto\\\/quimicos-articulos-limpieza\\\/productos-quimicos-industriales\\\/detergentes-acidos-desincrustantes\\\/wc\\\/bote-1l-xtrem-meprolim-desincrustante-wc\\\/#primaryimage\"},\"image\":{\"@id\":\"https:\\\/\\\/meprolim.es\\\/producto\\\/quimicos-articulos-limpieza\\\/productos-quimicos-industriales\\\/detergentes-acidos-desincrustantes\\\/wc\\\/bote-1l-xtrem-meprolim-desincrustante-wc\\\/#primaryimage\"},\"thumbnailUrl\":\"https:\\\/\\\/meprolim.es\\\/wp-content\\\/uploads\\\/2019\\\/09\\\/FR0048.jpg\",\"datePublished\":\"2019-09-09T21:18:04+00:00\",\"dateModified\":\"2023-05-24T22:45:40+00:00\",\"breadcrumb\":{\"@id\":\"https:\\\/\\\/meprolim.es\\\/producto\\\/quimicos-articulos-limpieza\\\/productos-quimicos-industriales\\\/detergentes-acidos-desincrustantes\\\/wc\\\/bote-1l-xtrem-meprolim-desincrustante-wc\\\/#breadcrumb\"},\"inLanguage\":\"de\",\"potentialAction\":[{\"@type\":\"ReadAction\",\"target\":[\"https:\\\/\\\/meprolim.es\\\/producto\\\/quimicos-articulos-limpieza\\\/productos-quimicos-industriales\\\/detergentes-acidos-desincrustantes\\\/wc\\\/bote-1l-xtrem-meprolim-desincrustante-wc\\\/\"]}]},{\"@type\":\"ImageObject\",\"inLanguage\":\"de\",\"@id\":\"https:\\\/\\\/meprolim.es\\\/producto\\\/quimicos-articulos-limpieza\\\/productos-quimicos-industriales\\\/detergentes-acidos-desincrustantes\\\/wc\\\/bote-1l-xtrem-meprolim-desincrustante-wc\\\/#primaryimage\",\"url\":\"https:\\\/\\\/meprolim.es\\\/wp-content\\\/uploads\\\/2019\\\/09\\\/FR0048.jpg\",\"contentUrl\":\"https:\\\/\\\/meprolim.es\\\/wp-content\\\/uploads\\\/2019\\\/09\\\/FR0048.jpg\",\"width\":768,\"height\":768},{\"@type\":\"BreadcrumbList\",\"@id\":\"https:\\\/\\\/meprolim.es\\\/producto\\\/quimicos-articulos-limpieza\\\/productos-quimicos-industriales\\\/detergentes-acidos-desincrustantes\\\/wc\\\/bote-1l-xtrem-meprolim-desincrustante-wc\\\/#breadcrumb\",\"itemListElement\":[{\"@type\":\"ListItem\",\"position\":1,\"name\":\"Portada\",\"item\":\"https:\\\/\\\/meprolim.es\\\/de\\\/\"},{\"@type\":\"ListItem\",\"position\":2,\"name\":\"Cat\u00e1logo\",\"item\":\"https:\\\/\\\/meprolim.es\\\/de\\\/catalogo\\\/\"},{\"@type\":\"ListItem\",\"position\":3,\"name\":\"BOTE 1L XTREM MEPROLIM DESINCRUSTANTE WC &#8211; C\u00d3DIGO: FR0048\"}]},{\"@type\":\"WebSite\",\"@id\":\"https:\\\/\\\/meprolim.es\\\/fr\\\/#website\",\"url\":\"https:\\\/\\\/meprolim.es\\\/fr\\\/\",\"name\":\"Meprolim\",\"description\":\"Cavas Catalanas S.L.\",\"publisher\":{\"@id\":\"https:\\\/\\\/meprolim.es\\\/fr\\\/#organization\"},\"potentialAction\":[{\"@type\":\"SearchAction\",\"target\":{\"@type\":\"EntryPoint\",\"urlTemplate\":\"https:\\\/\\\/meprolim.es\\\/fr\\\/?s={search_term_string}\"},\"query-input\":{\"@type\":\"PropertyValueSpecification\",\"valueRequired\":true,\"valueName\":\"search_term_string\"}}],\"inLanguage\":\"de\"},{\"@type\":\"Organization\",\"@id\":\"https:\\\/\\\/meprolim.es\\\/fr\\\/#organization\",\"name\":\"Meprolim\",\"url\":\"https:\\\/\\\/meprolim.es\\\/fr\\\/\",\"logo\":{\"@type\":\"ImageObject\",\"inLanguage\":\"de\",\"@id\":\"https:\\\/\\\/meprolim.es\\\/fr\\\/#\\\/schema\\\/logo\\\/image\\\/\",\"url\":\"https:\\\/\\\/meprolim.es\\\/wp-content\\\/uploads\\\/2019\\\/07\\\/cropped-logo2.png\",\"contentUrl\":\"https:\\\/\\\/meprolim.es\\\/wp-content\\\/uploads\\\/2019\\\/07\\\/cropped-logo2.png\",\"width\":401,\"height\":162,\"caption\":\"Meprolim\"},\"image\":{\"@id\":\"https:\\\/\\\/meprolim.es\\\/fr\\\/#\\\/schema\\\/logo\\\/image\\\/\"}}]}<\/script>\n<!-- \/ Yoast SEO plugin. -->","yoast_head_json":{"title":"BOTE 1L XTREM MEPROLIM DESINCRUSTANTE WC - C\u00d3DIGO: FR0048 - Meprolim","robots":{"index":"index","follow":"follow","max-snippet":"max-snippet:-1","max-image-preview":"max-image-preview:large","max-video-preview":"max-video-preview:-1"},"canonical":"https:\/\/meprolim.es\/producto\/quimicos-articulos-limpieza\/productos-quimicos-industriales\/detergentes-acidos-desincrustantes\/wc\/bote-1l-xtrem-meprolim-desincrustante-wc\/","og_locale":"de_DE","og_type":"article","og_title":"BOTE 1L XTREM MEPROLIM DESINCRUSTANTE WC - C\u00d3DIGO: FR0048 - Meprolim","og_description":"pH 1-3.  Bote de 1 litro.  Limpian y desodorizan.  Eliminan incrustaciones, \u00f3xido y suciedad.  Gran adherencia y efectividad.  Garantizan \u00f3ptimas condiciones higi\u00e9nicas.  Eliminan olores desagradables.  Viscosidad adecuada para una c\u00f3moda dosificaci\u00f3n.  Acci\u00f3n r\u00e1pida.  Aplicar sobre las paredes y rebordes del WC.  Frotar con la escobilla las zonas m\u00e1s incrustadas o de dif\u00edcil acceso.  Dejar actuar y aclarar con agua.  No mezclar con lej\u00eda.  No utilizar sobre m\u00e1rmol o superficies sensibles a \u00e1cidos.  SKU: FR0048","og_url":"https:\/\/meprolim.es\/producto\/quimicos-articulos-limpieza\/productos-quimicos-industriales\/detergentes-acidos-desincrustantes\/wc\/bote-1l-xtrem-meprolim-desincrustante-wc\/","og_site_name":"Meprolim","article_modified_time":"2023-05-24T22:45:40+00:00","og_image":[{"width":768,"height":768,"url":"https:\/\/meprolim.es\/wp-content\/uploads\/2019\/09\/FR0048.jpg","type":"image\/jpeg"}],"twitter_card":"summary_large_image","twitter_misc":{"Gesch\u00e4tzte Lesezeit":"1\u00a0Minute"},"schema":{"@context":"https:\/\/schema.org","@graph":[{"@type":"WebPage","@id":"https:\/\/meprolim.es\/producto\/quimicos-articulos-limpieza\/productos-quimicos-industriales\/detergentes-acidos-desincrustantes\/wc\/bote-1l-xtrem-meprolim-desincrustante-wc\/","url":"https:\/\/meprolim.es\/producto\/quimicos-articulos-limpieza\/productos-quimicos-industriales\/detergentes-acidos-desincrustantes\/wc\/bote-1l-xtrem-meprolim-desincrustante-wc\/","name":"BOTE 1L XTREM MEPROLIM DESINCRUSTANTE WC - C\u00d3DIGO: FR0048 - Meprolim","isPartOf":{"@id":"https:\/\/meprolim.es\/fr\/#website"},"primaryImageOfPage":{"@id":"https:\/\/meprolim.es\/producto\/quimicos-articulos-limpieza\/productos-quimicos-industriales\/detergentes-acidos-desincrustantes\/wc\/bote-1l-xtrem-meprolim-desincrustante-wc\/#primaryimage"},"image":{"@id":"https:\/\/meprolim.es\/producto\/quimicos-articulos-limpieza\/productos-quimicos-industriales\/detergentes-acidos-desincrustantes\/wc\/bote-1l-xtrem-meprolim-desincrustante-wc\/#primaryimage"},"thumbnailUrl":"https:\/\/meprolim.es\/wp-content\/uploads\/2019\/09\/FR0048.jpg","datePublished":"2019-09-09T21:18:04+00:00","dateModified":"2023-05-24T22:45:40+00:00","breadcrumb":{"@id":"https:\/\/meprolim.es\/producto\/quimicos-articulos-limpieza\/productos-quimicos-industriales\/detergentes-acidos-desincrustantes\/wc\/bote-1l-xtrem-meprolim-desincrustante-wc\/#breadcrumb"},"inLanguage":"de","potentialAction":[{"@type":"ReadAction","target":["https:\/\/meprolim.es\/producto\/quimicos-articulos-limpieza\/productos-quimicos-industriales\/detergentes-acidos-desincrustantes\/wc\/bote-1l-xtrem-meprolim-desincrustante-wc\/"]}]},{"@type":"ImageObject","inLanguage":"de","@id":"https:\/\/meprolim.es\/producto\/quimicos-articulos-limpieza\/productos-quimicos-industriales\/detergentes-acidos-desincrustantes\/wc\/bote-1l-xtrem-meprolim-desincrustante-wc\/#primaryimage","url":"https:\/\/meprolim.es\/wp-content\/uploads\/2019\/09\/FR0048.jpg","contentUrl":"https:\/\/meprolim.es\/wp-content\/uploads\/2019\/09\/FR0048.jpg","width":768,"height":768},{"@type":"BreadcrumbList","@id":"https:\/\/meprolim.es\/producto\/quimicos-articulos-limpieza\/productos-quimicos-industriales\/detergentes-acidos-desincrustantes\/wc\/bote-1l-xtrem-meprolim-desincrustante-wc\/#breadcrumb","itemListElement":[{"@type":"ListItem","position":1,"name":"Portada","item":"https:\/\/meprolim.es\/de\/"},{"@type":"ListItem","position":2,"name":"Cat\u00e1logo","item":"https:\/\/meprolim.es\/de\/catalogo\/"},{"@type":"ListItem","position":3,"name":"BOTE 1L XTREM MEPROLIM DESINCRUSTANTE WC &#8211; C\u00d3DIGO: FR0048"}]},{"@type":"WebSite","@id":"https:\/\/meprolim.es\/fr\/#website","url":"https:\/\/meprolim.es\/fr\/","name":"Meprolim","description":"Cavas Catalanas S.L.","publisher":{"@id":"https:\/\/meprolim.es\/fr\/#organization"},"potentialAction":[{"@type":"SearchAction","target":{"@type":"EntryPoint","urlTemplate":"https:\/\/meprolim.es\/fr\/?s={search_term_string}"},"query-input":{"@type":"PropertyValueSpecification","valueRequired":true,"valueName":"search_term_string"}}],"inLanguage":"de"},{"@type":"Organization","@id":"https:\/\/meprolim.es\/fr\/#organization","name":"Meprolim","url":"https:\/\/meprolim.es\/fr\/","logo":{"@type":"ImageObject","inLanguage":"de","@id":"https:\/\/meprolim.es\/fr\/#\/schema\/logo\/image\/","url":"https:\/\/meprolim.es\/wp-content\/uploads\/2019\/07\/cropped-logo2.png","contentUrl":"https:\/\/meprolim.es\/wp-content\/uploads\/2019\/07\/cropped-logo2.png","width":401,"height":162,"caption":"Meprolim"},"image":{"@id":"https:\/\/meprolim.es\/fr\/#\/schema\/logo\/image\/"}}]}},"_links":{"self":[{"href":"https:\/\/meprolim.es\/de\/wp-json\/wp\/v2\/product\/9831","targetHints":{"allow":["GET"]}}],"collection":[{"href":"https:\/\/meprolim.es\/de\/wp-json\/wp\/v2\/product"}],"about":[{"href":"https:\/\/meprolim.es\/de\/wp-json\/wp\/v2\/types\/product"}],"wp:featuredmedia":[{"embeddable":true,"href":"https:\/\/meprolim.es\/de\/wp-json\/wp\/v2\/media\/9833"}],"wp:attachment":[{"href":"https:\/\/meprolim.es\/de\/wp-json\/wp\/v2\/media?parent=9831"}],"wp:term":[{"taxonomy":"product_brand","embeddable":true,"href":"https:\/\/meprolim.es\/de\/wp-json\/wp\/v2\/product_brand?post=9831"},{"taxonomy":"product_cat","embeddable":true,"href":"https:\/\/meprolim.es\/de\/wp-json\/wp\/v2\/product_cat?post=9831"},{"taxonomy":"product_tag","embeddable":true,"href":"https:\/\/meprolim.es\/de\/wp-json\/wp\/v2\/product_tag?post=9831"}],"curies":[{"name":"wp","href":"https:\/\/api.w.org\/{rel}","templated":true}]}}