{"id":9894,"date":"2019-09-09T23:19:59","date_gmt":"2019-09-09T22:19:59","guid":{"rendered":"http:\/\/www.meprolim.es\/?post_type=product&#038;p=9894"},"modified":"2023-05-24T01:30:48","modified_gmt":"2023-05-24T00:30:48","slug":"bidon-5kg-limpiador-ammon-meprolim","status":"publish","type":"product","link":"https:\/\/meprolim.es\/de\/producto\/quimicos-y-articulos-de-limpieza\/productos-quimicos-industriales-de-2\/amoniacales-de-2\/bidon-5kg-limpiador-ammon-meprolim\/","title":{"rendered":"BID\u00d3N 5KG LIMPIADOR AMMON MEPROLIM &#8211; C\u00d3DIGO: FR0015"},"content":{"rendered":"<div class=\"wpb-content-wrapper\"><p>[vc_row][vc_column][vc_column_text]<\/p>\n<p style=\"text-align: justify;\">Producto indicado para la limpieza de todo tipo de superficies duras (suelos, azulejos, encimeras, etc.) Formulaci\u00f3n basada en el poder detersivo de los tensioactivos que disuelven la suciedad. La acci\u00f3n de los tensioactivos se apoya con la incorporaci\u00f3n de disolventes. El producto contiene amoniaco que le da un gran poder de limpieza e higiene. Apto para uso alimentario.<\/p>\n<p>[\/vc_column_text][\/vc_column][\/vc_row]<\/p>\n<\/div>","protected":false},"excerpt":{"rendered":"<p>Caracter\u00edsticas:<\/p>\n<ul>\n<li>Producto indicado para la limpieza de todo tipo de superficies duras (suelos, azulejos, encimeras,&#8230;)<\/li>\n<li>Formulaci\u00f3n basada en el poder detersivo de los tensioactivos que disuelven la suciedad.<\/li>\n<li>La acci\u00f3n de los tensioactivos se apoya con la incorporaci\u00f3n de disolventes.<\/li>\n<li>El producto contiene amoniaco que le da un gran poder de limpieza e higiene.<\/li>\n<li>Alta concentraci\u00f3n: excelente rendimiento, sin atacar la superficie.<\/li>\n<li>Contiene tensioactivos y amoniaco: disuelve la suciedad y refuerza el poder de limpieza.<\/li>\n<li>El perfume a pino tapa el olor desagradable del amoniaco.<\/li>\n<li>APTO PARA USO ALIMENTARIO.<\/li>\n<\/ul>\n<p>Datos t\u00e9cnicos:<\/p>\n<ul>\n<li>pH 10-12.<\/li>\n<li>Bid\u00f3n de 5 litros.<\/li>\n<li>Producto l\u00edquido.<\/li>\n<li>Color: verde.<\/li>\n<li>Perfume: pino.<\/li>\n<li>Para superficies muy sucias aplicar el producto sin diluir.<\/li>\n<li>Para limpieza diaria diluir 60-80 ml de producto en un cubo de agua de 5 litros.<\/li>\n<\/ul>\n<p><strong>SKU: FR0015<\/strong><\/p>\n","protected":false},"featured_media":9896,"template":"","meta":[],"product_brand":[],"product_cat":[882,652,94],"product_tag":[654],"class_list":{"0":"post-9894","1":"product","2":"type-product","3":"status-publish","4":"has-post-thumbnail","6":"product_cat-amoniacales","7":"product_cat-productos-quimicos-industriales","8":"product_cat-quimicos-articulos-limpieza","9":"product_tag-productos-quimicos","11":"first","12":"instock","13":"shipping-taxable","14":"product-type-simple"},"yoast_head":"<!-- This site is optimized with the Yoast SEO plugin v27.3 - https:\/\/yoast.com\/product\/yoast-seo-wordpress\/ -->\n<title>BID\u00d3N 5KG LIMPIADOR AMMON MEPROLIM - C\u00d3DIGO: FR0015 - Meprolim<\/title>\n<meta name=\"robots\" content=\"index, follow, max-snippet:-1, max-image-preview:large, max-video-preview:-1\" \/>\n<link rel=\"canonical\" href=\"https:\/\/meprolim.es\/producto\/quimicos-articulos-limpieza\/productos-quimicos-industriales\/amoniacales\/bidon-5kg-limpiador-ammon-meprolim\/\" \/>\n<meta property=\"og:locale\" content=\"de_DE\" \/>\n<meta property=\"og:type\" content=\"article\" \/>\n<meta property=\"og:title\" content=\"BID\u00d3N 5KG LIMPIADOR AMMON MEPROLIM - C\u00d3DIGO: FR0015 - Meprolim\" \/>\n<meta property=\"og:description\" content=\"Caracter\u00edsticas:   Producto indicado para la limpieza de todo tipo de superficies duras (suelos, azulejos, encimeras,...)  Formulaci\u00f3n basada en el poder detersivo de los tensioactivos que disuelven la suciedad.  La acci\u00f3n de los tensioactivos se apoya con la incorporaci\u00f3n de disolventes.  El producto contiene amoniaco que le da un gran poder de limpieza e higiene.  Alta concentraci\u00f3n: excelente rendimiento, sin atacar la superficie.  Contiene tensioactivos y amoniaco: disuelve la suciedad y refuerza el poder de limpieza.  El perfume a pino tapa el olor desagradable del amoniaco.  APTO PARA USO ALIMENTARIO.  Datos t\u00e9cnicos:   pH 10-12.  Bid\u00f3n de 5 litros.  Producto l\u00edquido.  Color: verde.  Perfume: pino.  Para superficies muy sucias aplicar el producto sin diluir.  Para limpieza diaria diluir 60-80 ml de producto en un cubo de agua de 5 litros.  SKU: FR0015\" \/>\n<meta property=\"og:url\" content=\"https:\/\/meprolim.es\/producto\/quimicos-articulos-limpieza\/productos-quimicos-industriales\/amoniacales\/bidon-5kg-limpiador-ammon-meprolim\/\" \/>\n<meta property=\"og:site_name\" content=\"Meprolim\" \/>\n<meta property=\"article:modified_time\" content=\"2023-05-24T00:30:48+00:00\" \/>\n<meta property=\"og:image\" content=\"https:\/\/meprolim.es\/wp-content\/uploads\/2019\/09\/FR0015.jpg\" \/>\n\t<meta property=\"og:image:width\" content=\"768\" \/>\n\t<meta property=\"og:image:height\" content=\"768\" \/>\n\t<meta property=\"og:image:type\" content=\"image\/jpeg\" \/>\n<meta name=\"twitter:card\" content=\"summary_large_image\" \/>\n<meta name=\"twitter:label1\" content=\"Gesch\u00e4tzte Lesezeit\" \/>\n\t<meta name=\"twitter:data1\" content=\"1\u00a0Minute\" \/>\n<script type=\"application\/ld+json\" class=\"yoast-schema-graph\">{\"@context\":\"https:\\\/\\\/schema.org\",\"@graph\":[{\"@type\":\"WebPage\",\"@id\":\"https:\\\/\\\/meprolim.es\\\/producto\\\/quimicos-articulos-limpieza\\\/productos-quimicos-industriales\\\/amoniacales\\\/bidon-5kg-limpiador-ammon-meprolim\\\/\",\"url\":\"https:\\\/\\\/meprolim.es\\\/producto\\\/quimicos-articulos-limpieza\\\/productos-quimicos-industriales\\\/amoniacales\\\/bidon-5kg-limpiador-ammon-meprolim\\\/\",\"name\":\"BID\u00d3N 5KG LIMPIADOR AMMON MEPROLIM - C\u00d3DIGO: FR0015 - Meprolim\",\"isPartOf\":{\"@id\":\"https:\\\/\\\/meprolim.es\\\/fr\\\/#website\"},\"primaryImageOfPage\":{\"@id\":\"https:\\\/\\\/meprolim.es\\\/producto\\\/quimicos-articulos-limpieza\\\/productos-quimicos-industriales\\\/amoniacales\\\/bidon-5kg-limpiador-ammon-meprolim\\\/#primaryimage\"},\"image\":{\"@id\":\"https:\\\/\\\/meprolim.es\\\/producto\\\/quimicos-articulos-limpieza\\\/productos-quimicos-industriales\\\/amoniacales\\\/bidon-5kg-limpiador-ammon-meprolim\\\/#primaryimage\"},\"thumbnailUrl\":\"https:\\\/\\\/meprolim.es\\\/wp-content\\\/uploads\\\/2019\\\/09\\\/FR0015.jpg\",\"datePublished\":\"2019-09-09T22:19:59+00:00\",\"dateModified\":\"2023-05-24T00:30:48+00:00\",\"breadcrumb\":{\"@id\":\"https:\\\/\\\/meprolim.es\\\/producto\\\/quimicos-articulos-limpieza\\\/productos-quimicos-industriales\\\/amoniacales\\\/bidon-5kg-limpiador-ammon-meprolim\\\/#breadcrumb\"},\"inLanguage\":\"de\",\"potentialAction\":[{\"@type\":\"ReadAction\",\"target\":[\"https:\\\/\\\/meprolim.es\\\/producto\\\/quimicos-articulos-limpieza\\\/productos-quimicos-industriales\\\/amoniacales\\\/bidon-5kg-limpiador-ammon-meprolim\\\/\"]}]},{\"@type\":\"ImageObject\",\"inLanguage\":\"de\",\"@id\":\"https:\\\/\\\/meprolim.es\\\/producto\\\/quimicos-articulos-limpieza\\\/productos-quimicos-industriales\\\/amoniacales\\\/bidon-5kg-limpiador-ammon-meprolim\\\/#primaryimage\",\"url\":\"https:\\\/\\\/meprolim.es\\\/wp-content\\\/uploads\\\/2019\\\/09\\\/FR0015.jpg\",\"contentUrl\":\"https:\\\/\\\/meprolim.es\\\/wp-content\\\/uploads\\\/2019\\\/09\\\/FR0015.jpg\",\"width\":768,\"height\":768},{\"@type\":\"BreadcrumbList\",\"@id\":\"https:\\\/\\\/meprolim.es\\\/producto\\\/quimicos-articulos-limpieza\\\/productos-quimicos-industriales\\\/amoniacales\\\/bidon-5kg-limpiador-ammon-meprolim\\\/#breadcrumb\",\"itemListElement\":[{\"@type\":\"ListItem\",\"position\":1,\"name\":\"Portada\",\"item\":\"https:\\\/\\\/meprolim.es\\\/de\\\/\"},{\"@type\":\"ListItem\",\"position\":2,\"name\":\"Cat\u00e1logo\",\"item\":\"https:\\\/\\\/meprolim.es\\\/de\\\/catalogo\\\/\"},{\"@type\":\"ListItem\",\"position\":3,\"name\":\"BID\u00d3N 5KG LIMPIADOR AMMON MEPROLIM &#8211; C\u00d3DIGO: FR0015\"}]},{\"@type\":\"WebSite\",\"@id\":\"https:\\\/\\\/meprolim.es\\\/fr\\\/#website\",\"url\":\"https:\\\/\\\/meprolim.es\\\/fr\\\/\",\"name\":\"Meprolim\",\"description\":\"Cavas Catalanas S.L.\",\"publisher\":{\"@id\":\"https:\\\/\\\/meprolim.es\\\/fr\\\/#organization\"},\"potentialAction\":[{\"@type\":\"SearchAction\",\"target\":{\"@type\":\"EntryPoint\",\"urlTemplate\":\"https:\\\/\\\/meprolim.es\\\/fr\\\/?s={search_term_string}\"},\"query-input\":{\"@type\":\"PropertyValueSpecification\",\"valueRequired\":true,\"valueName\":\"search_term_string\"}}],\"inLanguage\":\"de\"},{\"@type\":\"Organization\",\"@id\":\"https:\\\/\\\/meprolim.es\\\/fr\\\/#organization\",\"name\":\"Meprolim\",\"url\":\"https:\\\/\\\/meprolim.es\\\/fr\\\/\",\"logo\":{\"@type\":\"ImageObject\",\"inLanguage\":\"de\",\"@id\":\"https:\\\/\\\/meprolim.es\\\/fr\\\/#\\\/schema\\\/logo\\\/image\\\/\",\"url\":\"https:\\\/\\\/meprolim.es\\\/wp-content\\\/uploads\\\/2019\\\/07\\\/cropped-logo2.png\",\"contentUrl\":\"https:\\\/\\\/meprolim.es\\\/wp-content\\\/uploads\\\/2019\\\/07\\\/cropped-logo2.png\",\"width\":401,\"height\":162,\"caption\":\"Meprolim\"},\"image\":{\"@id\":\"https:\\\/\\\/meprolim.es\\\/fr\\\/#\\\/schema\\\/logo\\\/image\\\/\"}}]}<\/script>\n<!-- \/ Yoast SEO plugin. -->","yoast_head_json":{"title":"BID\u00d3N 5KG LIMPIADOR AMMON MEPROLIM - C\u00d3DIGO: FR0015 - Meprolim","robots":{"index":"index","follow":"follow","max-snippet":"max-snippet:-1","max-image-preview":"max-image-preview:large","max-video-preview":"max-video-preview:-1"},"canonical":"https:\/\/meprolim.es\/producto\/quimicos-articulos-limpieza\/productos-quimicos-industriales\/amoniacales\/bidon-5kg-limpiador-ammon-meprolim\/","og_locale":"de_DE","og_type":"article","og_title":"BID\u00d3N 5KG LIMPIADOR AMMON MEPROLIM - C\u00d3DIGO: FR0015 - Meprolim","og_description":"Caracter\u00edsticas:   Producto indicado para la limpieza de todo tipo de superficies duras (suelos, azulejos, encimeras,...)  Formulaci\u00f3n basada en el poder detersivo de los tensioactivos que disuelven la suciedad.  La acci\u00f3n de los tensioactivos se apoya con la incorporaci\u00f3n de disolventes.  El producto contiene amoniaco que le da un gran poder de limpieza e higiene.  Alta concentraci\u00f3n: excelente rendimiento, sin atacar la superficie.  Contiene tensioactivos y amoniaco: disuelve la suciedad y refuerza el poder de limpieza.  El perfume a pino tapa el olor desagradable del amoniaco.  APTO PARA USO ALIMENTARIO.  Datos t\u00e9cnicos:   pH 10-12.  Bid\u00f3n de 5 litros.  Producto l\u00edquido.  Color: verde.  Perfume: pino.  Para superficies muy sucias aplicar el producto sin diluir.  Para limpieza diaria diluir 60-80 ml de producto en un cubo de agua de 5 litros.  SKU: FR0015","og_url":"https:\/\/meprolim.es\/producto\/quimicos-articulos-limpieza\/productos-quimicos-industriales\/amoniacales\/bidon-5kg-limpiador-ammon-meprolim\/","og_site_name":"Meprolim","article_modified_time":"2023-05-24T00:30:48+00:00","og_image":[{"width":768,"height":768,"url":"https:\/\/meprolim.es\/wp-content\/uploads\/2019\/09\/FR0015.jpg","type":"image\/jpeg"}],"twitter_card":"summary_large_image","twitter_misc":{"Gesch\u00e4tzte Lesezeit":"1\u00a0Minute"},"schema":{"@context":"https:\/\/schema.org","@graph":[{"@type":"WebPage","@id":"https:\/\/meprolim.es\/producto\/quimicos-articulos-limpieza\/productos-quimicos-industriales\/amoniacales\/bidon-5kg-limpiador-ammon-meprolim\/","url":"https:\/\/meprolim.es\/producto\/quimicos-articulos-limpieza\/productos-quimicos-industriales\/amoniacales\/bidon-5kg-limpiador-ammon-meprolim\/","name":"BID\u00d3N 5KG LIMPIADOR AMMON MEPROLIM - C\u00d3DIGO: FR0015 - Meprolim","isPartOf":{"@id":"https:\/\/meprolim.es\/fr\/#website"},"primaryImageOfPage":{"@id":"https:\/\/meprolim.es\/producto\/quimicos-articulos-limpieza\/productos-quimicos-industriales\/amoniacales\/bidon-5kg-limpiador-ammon-meprolim\/#primaryimage"},"image":{"@id":"https:\/\/meprolim.es\/producto\/quimicos-articulos-limpieza\/productos-quimicos-industriales\/amoniacales\/bidon-5kg-limpiador-ammon-meprolim\/#primaryimage"},"thumbnailUrl":"https:\/\/meprolim.es\/wp-content\/uploads\/2019\/09\/FR0015.jpg","datePublished":"2019-09-09T22:19:59+00:00","dateModified":"2023-05-24T00:30:48+00:00","breadcrumb":{"@id":"https:\/\/meprolim.es\/producto\/quimicos-articulos-limpieza\/productos-quimicos-industriales\/amoniacales\/bidon-5kg-limpiador-ammon-meprolim\/#breadcrumb"},"inLanguage":"de","potentialAction":[{"@type":"ReadAction","target":["https:\/\/meprolim.es\/producto\/quimicos-articulos-limpieza\/productos-quimicos-industriales\/amoniacales\/bidon-5kg-limpiador-ammon-meprolim\/"]}]},{"@type":"ImageObject","inLanguage":"de","@id":"https:\/\/meprolim.es\/producto\/quimicos-articulos-limpieza\/productos-quimicos-industriales\/amoniacales\/bidon-5kg-limpiador-ammon-meprolim\/#primaryimage","url":"https:\/\/meprolim.es\/wp-content\/uploads\/2019\/09\/FR0015.jpg","contentUrl":"https:\/\/meprolim.es\/wp-content\/uploads\/2019\/09\/FR0015.jpg","width":768,"height":768},{"@type":"BreadcrumbList","@id":"https:\/\/meprolim.es\/producto\/quimicos-articulos-limpieza\/productos-quimicos-industriales\/amoniacales\/bidon-5kg-limpiador-ammon-meprolim\/#breadcrumb","itemListElement":[{"@type":"ListItem","position":1,"name":"Portada","item":"https:\/\/meprolim.es\/de\/"},{"@type":"ListItem","position":2,"name":"Cat\u00e1logo","item":"https:\/\/meprolim.es\/de\/catalogo\/"},{"@type":"ListItem","position":3,"name":"BID\u00d3N 5KG LIMPIADOR AMMON MEPROLIM &#8211; C\u00d3DIGO: FR0015"}]},{"@type":"WebSite","@id":"https:\/\/meprolim.es\/fr\/#website","url":"https:\/\/meprolim.es\/fr\/","name":"Meprolim","description":"Cavas Catalanas S.L.","publisher":{"@id":"https:\/\/meprolim.es\/fr\/#organization"},"potentialAction":[{"@type":"SearchAction","target":{"@type":"EntryPoint","urlTemplate":"https:\/\/meprolim.es\/fr\/?s={search_term_string}"},"query-input":{"@type":"PropertyValueSpecification","valueRequired":true,"valueName":"search_term_string"}}],"inLanguage":"de"},{"@type":"Organization","@id":"https:\/\/meprolim.es\/fr\/#organization","name":"Meprolim","url":"https:\/\/meprolim.es\/fr\/","logo":{"@type":"ImageObject","inLanguage":"de","@id":"https:\/\/meprolim.es\/fr\/#\/schema\/logo\/image\/","url":"https:\/\/meprolim.es\/wp-content\/uploads\/2019\/07\/cropped-logo2.png","contentUrl":"https:\/\/meprolim.es\/wp-content\/uploads\/2019\/07\/cropped-logo2.png","width":401,"height":162,"caption":"Meprolim"},"image":{"@id":"https:\/\/meprolim.es\/fr\/#\/schema\/logo\/image\/"}}]}},"_links":{"self":[{"href":"https:\/\/meprolim.es\/de\/wp-json\/wp\/v2\/product\/9894","targetHints":{"allow":["GET"]}}],"collection":[{"href":"https:\/\/meprolim.es\/de\/wp-json\/wp\/v2\/product"}],"about":[{"href":"https:\/\/meprolim.es\/de\/wp-json\/wp\/v2\/types\/product"}],"wp:featuredmedia":[{"embeddable":true,"href":"https:\/\/meprolim.es\/de\/wp-json\/wp\/v2\/media\/9896"}],"wp:attachment":[{"href":"https:\/\/meprolim.es\/de\/wp-json\/wp\/v2\/media?parent=9894"}],"wp:term":[{"taxonomy":"product_brand","embeddable":true,"href":"https:\/\/meprolim.es\/de\/wp-json\/wp\/v2\/product_brand?post=9894"},{"taxonomy":"product_cat","embeddable":true,"href":"https:\/\/meprolim.es\/de\/wp-json\/wp\/v2\/product_cat?post=9894"},{"taxonomy":"product_tag","embeddable":true,"href":"https:\/\/meprolim.es\/de\/wp-json\/wp\/v2\/product_tag?post=9894"}],"curies":[{"name":"wp","href":"https:\/\/api.w.org\/{rel}","templated":true}]}}