{"id":9972,"date":"2019-09-10T00:11:55","date_gmt":"2019-09-09T23:11:55","guid":{"rendered":"http:\/\/www.meprolim.es\/?post_type=product&#038;p=9972"},"modified":"2023-05-21T21:51:57","modified_gmt":"2023-05-21T20:51:57","slug":"bidon-5kg-aquagen-deskal","status":"publish","type":"product","link":"https:\/\/meprolim.es\/de\/producto\/quimicos-y-articulos-de-limpieza\/productos-quimicos-industriales-de-2\/limpieza-banos-de-2\/bidon-5kg-aquagen-deskal\/","title":{"rendered":"BID\u00d3N 5KG AQUAGEN DESKAL &#8211; C\u00d3DIGO: BX4087"},"content":{"rendered":"<div class=\"wpb-content-wrapper\"><p>[vc_row][vc_column][vc_column_text]<\/p>\n<p style=\"text-align: justify;\">Limpia, abrillanta y protege la superficie. Elimina incrustaciones de cal y \u00f3xido. Acci\u00f3n r\u00e1pida. Aplicaci\u00f3n en forma de espuma.\u00a0 M\u00e1xima eficacia limpiadora sin salpicaduras ni vapores. Restaura el aspecto original de la superficie.<\/p>\n<p>[\/vc_column_text][\/vc_column][\/vc_row]<\/p>\n<\/div>","protected":false},"excerpt":{"rendered":"<ul>\n<li>pH 3.<\/li>\n<li>Bid\u00f3n de 5 litros.<\/li>\n<li>Limpia, abrillanta y protege las superficies.<\/li>\n<li>Elimina incrustaciones de cal y \u00f3xido.<\/li>\n<li>M\u00e1xima eficacia limpiadora sin salpicaduras ni vapores.<\/li>\n<li>Aplicaci\u00f3n en forma de espuma.<\/li>\n<li>Acci\u00f3n r\u00e1pida.<\/li>\n<li>Restaura el aspecto original de las superficies.<\/li>\n<li>Producto l\u00edquido trasparente.<\/li>\n<li>Color: azul.<\/li>\n<li>Perfume: floral.<\/li>\n<li>Pulverizar el producto sobre la superficie.<\/li>\n<li>Frotar con una bayeta o pa\u00f1o h\u00famedo.<\/li>\n<li>Dejar actuar y aclarar con agua.<\/li>\n<li>El tiempo de contacto depende del nivel de incrustaci\u00f3n.<\/li>\n<li>No mezclar con lej\u00eda.<\/li>\n<li>No utilizar sobre m\u00e1rmol o superficies sensibles a \u00e1cidos.<\/li>\n<\/ul>\n<p><strong>SKU: BX4087<\/strong><\/p>\n","protected":false},"featured_media":9975,"template":"","meta":[],"product_brand":[],"product_cat":[888,652,94],"product_tag":[486,654],"class_list":{"0":"post-9972","1":"product","2":"type-product","3":"status-publish","4":"has-post-thumbnail","6":"product_cat-limpieza-banos","7":"product_cat-productos-quimicos-industriales","8":"product_cat-quimicos-articulos-limpieza","9":"product_tag-bano","10":"product_tag-productos-quimicos","12":"first","13":"instock","14":"shipping-taxable","15":"product-type-simple"},"yoast_head":"<!-- This site is optimized with the Yoast SEO plugin v27.3 - https:\/\/yoast.com\/product\/yoast-seo-wordpress\/ -->\n<title>BID\u00d3N 5KG AQUAGEN DESKAL - C\u00d3DIGO: BX4087 - Meprolim<\/title>\n<meta name=\"robots\" content=\"index, follow, max-snippet:-1, max-image-preview:large, max-video-preview:-1\" \/>\n<link rel=\"canonical\" href=\"https:\/\/meprolim.es\/producto\/quimicos-articulos-limpieza\/productos-quimicos-industriales\/limpieza-banos\/bidon-5kg-aquagen-deskal\/\" \/>\n<meta property=\"og:locale\" content=\"de_DE\" \/>\n<meta property=\"og:type\" content=\"article\" \/>\n<meta property=\"og:title\" content=\"BID\u00d3N 5KG AQUAGEN DESKAL - C\u00d3DIGO: BX4087 - Meprolim\" \/>\n<meta property=\"og:description\" content=\"pH 3.  Bid\u00f3n de 5 litros.  Limpia, abrillanta y protege las superficies.  Elimina incrustaciones de cal y \u00f3xido.  M\u00e1xima eficacia limpiadora sin salpicaduras ni vapores.  Aplicaci\u00f3n en forma de espuma.  Acci\u00f3n r\u00e1pida.  Restaura el aspecto original de las superficies.  Producto l\u00edquido trasparente.  Color: azul.  Perfume: floral.  Pulverizar el producto sobre la superficie.  Frotar con una bayeta o pa\u00f1o h\u00famedo.  Dejar actuar y aclarar con agua.  El tiempo de contacto depende del nivel de incrustaci\u00f3n.  No mezclar con lej\u00eda.  No utilizar sobre m\u00e1rmol o superficies sensibles a \u00e1cidos.  SKU: BX4087\" \/>\n<meta property=\"og:url\" content=\"https:\/\/meprolim.es\/producto\/quimicos-articulos-limpieza\/productos-quimicos-industriales\/limpieza-banos\/bidon-5kg-aquagen-deskal\/\" \/>\n<meta property=\"og:site_name\" content=\"Meprolim\" \/>\n<meta property=\"article:modified_time\" content=\"2023-05-21T20:51:57+00:00\" \/>\n<meta property=\"og:image\" content=\"https:\/\/meprolim.es\/wp-content\/uploads\/2019\/09\/BX4087C.jpg\" \/>\n\t<meta property=\"og:image:width\" content=\"1417\" \/>\n\t<meta property=\"og:image:height\" content=\"1417\" \/>\n\t<meta property=\"og:image:type\" content=\"image\/jpeg\" \/>\n<meta name=\"twitter:card\" content=\"summary_large_image\" \/>\n<meta name=\"twitter:label1\" content=\"Gesch\u00e4tzte Lesezeit\" \/>\n\t<meta name=\"twitter:data1\" content=\"1\u00a0Minute\" \/>\n<script type=\"application\/ld+json\" class=\"yoast-schema-graph\">{\"@context\":\"https:\\\/\\\/schema.org\",\"@graph\":[{\"@type\":\"WebPage\",\"@id\":\"https:\\\/\\\/meprolim.es\\\/producto\\\/quimicos-articulos-limpieza\\\/productos-quimicos-industriales\\\/limpieza-banos\\\/bidon-5kg-aquagen-deskal\\\/\",\"url\":\"https:\\\/\\\/meprolim.es\\\/producto\\\/quimicos-articulos-limpieza\\\/productos-quimicos-industriales\\\/limpieza-banos\\\/bidon-5kg-aquagen-deskal\\\/\",\"name\":\"BID\u00d3N 5KG AQUAGEN DESKAL - C\u00d3DIGO: BX4087 - Meprolim\",\"isPartOf\":{\"@id\":\"https:\\\/\\\/meprolim.es\\\/fr\\\/#website\"},\"primaryImageOfPage\":{\"@id\":\"https:\\\/\\\/meprolim.es\\\/producto\\\/quimicos-articulos-limpieza\\\/productos-quimicos-industriales\\\/limpieza-banos\\\/bidon-5kg-aquagen-deskal\\\/#primaryimage\"},\"image\":{\"@id\":\"https:\\\/\\\/meprolim.es\\\/producto\\\/quimicos-articulos-limpieza\\\/productos-quimicos-industriales\\\/limpieza-banos\\\/bidon-5kg-aquagen-deskal\\\/#primaryimage\"},\"thumbnailUrl\":\"https:\\\/\\\/meprolim.es\\\/wp-content\\\/uploads\\\/2019\\\/09\\\/BX4087C.jpg\",\"datePublished\":\"2019-09-09T23:11:55+00:00\",\"dateModified\":\"2023-05-21T20:51:57+00:00\",\"breadcrumb\":{\"@id\":\"https:\\\/\\\/meprolim.es\\\/producto\\\/quimicos-articulos-limpieza\\\/productos-quimicos-industriales\\\/limpieza-banos\\\/bidon-5kg-aquagen-deskal\\\/#breadcrumb\"},\"inLanguage\":\"de\",\"potentialAction\":[{\"@type\":\"ReadAction\",\"target\":[\"https:\\\/\\\/meprolim.es\\\/producto\\\/quimicos-articulos-limpieza\\\/productos-quimicos-industriales\\\/limpieza-banos\\\/bidon-5kg-aquagen-deskal\\\/\"]}]},{\"@type\":\"ImageObject\",\"inLanguage\":\"de\",\"@id\":\"https:\\\/\\\/meprolim.es\\\/producto\\\/quimicos-articulos-limpieza\\\/productos-quimicos-industriales\\\/limpieza-banos\\\/bidon-5kg-aquagen-deskal\\\/#primaryimage\",\"url\":\"https:\\\/\\\/meprolim.es\\\/wp-content\\\/uploads\\\/2019\\\/09\\\/BX4087C.jpg\",\"contentUrl\":\"https:\\\/\\\/meprolim.es\\\/wp-content\\\/uploads\\\/2019\\\/09\\\/BX4087C.jpg\",\"width\":1417,\"height\":1417},{\"@type\":\"BreadcrumbList\",\"@id\":\"https:\\\/\\\/meprolim.es\\\/producto\\\/quimicos-articulos-limpieza\\\/productos-quimicos-industriales\\\/limpieza-banos\\\/bidon-5kg-aquagen-deskal\\\/#breadcrumb\",\"itemListElement\":[{\"@type\":\"ListItem\",\"position\":1,\"name\":\"Portada\",\"item\":\"https:\\\/\\\/meprolim.es\\\/de\\\/\"},{\"@type\":\"ListItem\",\"position\":2,\"name\":\"Cat\u00e1logo\",\"item\":\"https:\\\/\\\/meprolim.es\\\/de\\\/catalogo\\\/\"},{\"@type\":\"ListItem\",\"position\":3,\"name\":\"BID\u00d3N 5KG AQUAGEN DESKAL &#8211; C\u00d3DIGO: BX4087\"}]},{\"@type\":\"WebSite\",\"@id\":\"https:\\\/\\\/meprolim.es\\\/fr\\\/#website\",\"url\":\"https:\\\/\\\/meprolim.es\\\/fr\\\/\",\"name\":\"Meprolim\",\"description\":\"Cavas Catalanas S.L.\",\"publisher\":{\"@id\":\"https:\\\/\\\/meprolim.es\\\/fr\\\/#organization\"},\"potentialAction\":[{\"@type\":\"SearchAction\",\"target\":{\"@type\":\"EntryPoint\",\"urlTemplate\":\"https:\\\/\\\/meprolim.es\\\/fr\\\/?s={search_term_string}\"},\"query-input\":{\"@type\":\"PropertyValueSpecification\",\"valueRequired\":true,\"valueName\":\"search_term_string\"}}],\"inLanguage\":\"de\"},{\"@type\":\"Organization\",\"@id\":\"https:\\\/\\\/meprolim.es\\\/fr\\\/#organization\",\"name\":\"Meprolim\",\"url\":\"https:\\\/\\\/meprolim.es\\\/fr\\\/\",\"logo\":{\"@type\":\"ImageObject\",\"inLanguage\":\"de\",\"@id\":\"https:\\\/\\\/meprolim.es\\\/fr\\\/#\\\/schema\\\/logo\\\/image\\\/\",\"url\":\"https:\\\/\\\/meprolim.es\\\/wp-content\\\/uploads\\\/2019\\\/07\\\/cropped-logo2.png\",\"contentUrl\":\"https:\\\/\\\/meprolim.es\\\/wp-content\\\/uploads\\\/2019\\\/07\\\/cropped-logo2.png\",\"width\":401,\"height\":162,\"caption\":\"Meprolim\"},\"image\":{\"@id\":\"https:\\\/\\\/meprolim.es\\\/fr\\\/#\\\/schema\\\/logo\\\/image\\\/\"}}]}<\/script>\n<!-- \/ Yoast SEO plugin. -->","yoast_head_json":{"title":"BID\u00d3N 5KG AQUAGEN DESKAL - C\u00d3DIGO: BX4087 - Meprolim","robots":{"index":"index","follow":"follow","max-snippet":"max-snippet:-1","max-image-preview":"max-image-preview:large","max-video-preview":"max-video-preview:-1"},"canonical":"https:\/\/meprolim.es\/producto\/quimicos-articulos-limpieza\/productos-quimicos-industriales\/limpieza-banos\/bidon-5kg-aquagen-deskal\/","og_locale":"de_DE","og_type":"article","og_title":"BID\u00d3N 5KG AQUAGEN DESKAL - C\u00d3DIGO: BX4087 - Meprolim","og_description":"pH 3.  Bid\u00f3n de 5 litros.  Limpia, abrillanta y protege las superficies.  Elimina incrustaciones de cal y \u00f3xido.  M\u00e1xima eficacia limpiadora sin salpicaduras ni vapores.  Aplicaci\u00f3n en forma de espuma.  Acci\u00f3n r\u00e1pida.  Restaura el aspecto original de las superficies.  Producto l\u00edquido trasparente.  Color: azul.  Perfume: floral.  Pulverizar el producto sobre la superficie.  Frotar con una bayeta o pa\u00f1o h\u00famedo.  Dejar actuar y aclarar con agua.  El tiempo de contacto depende del nivel de incrustaci\u00f3n.  No mezclar con lej\u00eda.  No utilizar sobre m\u00e1rmol o superficies sensibles a \u00e1cidos.  SKU: BX4087","og_url":"https:\/\/meprolim.es\/producto\/quimicos-articulos-limpieza\/productos-quimicos-industriales\/limpieza-banos\/bidon-5kg-aquagen-deskal\/","og_site_name":"Meprolim","article_modified_time":"2023-05-21T20:51:57+00:00","og_image":[{"width":1417,"height":1417,"url":"https:\/\/meprolim.es\/wp-content\/uploads\/2019\/09\/BX4087C.jpg","type":"image\/jpeg"}],"twitter_card":"summary_large_image","twitter_misc":{"Gesch\u00e4tzte Lesezeit":"1\u00a0Minute"},"schema":{"@context":"https:\/\/schema.org","@graph":[{"@type":"WebPage","@id":"https:\/\/meprolim.es\/producto\/quimicos-articulos-limpieza\/productos-quimicos-industriales\/limpieza-banos\/bidon-5kg-aquagen-deskal\/","url":"https:\/\/meprolim.es\/producto\/quimicos-articulos-limpieza\/productos-quimicos-industriales\/limpieza-banos\/bidon-5kg-aquagen-deskal\/","name":"BID\u00d3N 5KG AQUAGEN DESKAL - C\u00d3DIGO: BX4087 - Meprolim","isPartOf":{"@id":"https:\/\/meprolim.es\/fr\/#website"},"primaryImageOfPage":{"@id":"https:\/\/meprolim.es\/producto\/quimicos-articulos-limpieza\/productos-quimicos-industriales\/limpieza-banos\/bidon-5kg-aquagen-deskal\/#primaryimage"},"image":{"@id":"https:\/\/meprolim.es\/producto\/quimicos-articulos-limpieza\/productos-quimicos-industriales\/limpieza-banos\/bidon-5kg-aquagen-deskal\/#primaryimage"},"thumbnailUrl":"https:\/\/meprolim.es\/wp-content\/uploads\/2019\/09\/BX4087C.jpg","datePublished":"2019-09-09T23:11:55+00:00","dateModified":"2023-05-21T20:51:57+00:00","breadcrumb":{"@id":"https:\/\/meprolim.es\/producto\/quimicos-articulos-limpieza\/productos-quimicos-industriales\/limpieza-banos\/bidon-5kg-aquagen-deskal\/#breadcrumb"},"inLanguage":"de","potentialAction":[{"@type":"ReadAction","target":["https:\/\/meprolim.es\/producto\/quimicos-articulos-limpieza\/productos-quimicos-industriales\/limpieza-banos\/bidon-5kg-aquagen-deskal\/"]}]},{"@type":"ImageObject","inLanguage":"de","@id":"https:\/\/meprolim.es\/producto\/quimicos-articulos-limpieza\/productos-quimicos-industriales\/limpieza-banos\/bidon-5kg-aquagen-deskal\/#primaryimage","url":"https:\/\/meprolim.es\/wp-content\/uploads\/2019\/09\/BX4087C.jpg","contentUrl":"https:\/\/meprolim.es\/wp-content\/uploads\/2019\/09\/BX4087C.jpg","width":1417,"height":1417},{"@type":"BreadcrumbList","@id":"https:\/\/meprolim.es\/producto\/quimicos-articulos-limpieza\/productos-quimicos-industriales\/limpieza-banos\/bidon-5kg-aquagen-deskal\/#breadcrumb","itemListElement":[{"@type":"ListItem","position":1,"name":"Portada","item":"https:\/\/meprolim.es\/de\/"},{"@type":"ListItem","position":2,"name":"Cat\u00e1logo","item":"https:\/\/meprolim.es\/de\/catalogo\/"},{"@type":"ListItem","position":3,"name":"BID\u00d3N 5KG AQUAGEN DESKAL &#8211; C\u00d3DIGO: BX4087"}]},{"@type":"WebSite","@id":"https:\/\/meprolim.es\/fr\/#website","url":"https:\/\/meprolim.es\/fr\/","name":"Meprolim","description":"Cavas Catalanas S.L.","publisher":{"@id":"https:\/\/meprolim.es\/fr\/#organization"},"potentialAction":[{"@type":"SearchAction","target":{"@type":"EntryPoint","urlTemplate":"https:\/\/meprolim.es\/fr\/?s={search_term_string}"},"query-input":{"@type":"PropertyValueSpecification","valueRequired":true,"valueName":"search_term_string"}}],"inLanguage":"de"},{"@type":"Organization","@id":"https:\/\/meprolim.es\/fr\/#organization","name":"Meprolim","url":"https:\/\/meprolim.es\/fr\/","logo":{"@type":"ImageObject","inLanguage":"de","@id":"https:\/\/meprolim.es\/fr\/#\/schema\/logo\/image\/","url":"https:\/\/meprolim.es\/wp-content\/uploads\/2019\/07\/cropped-logo2.png","contentUrl":"https:\/\/meprolim.es\/wp-content\/uploads\/2019\/07\/cropped-logo2.png","width":401,"height":162,"caption":"Meprolim"},"image":{"@id":"https:\/\/meprolim.es\/fr\/#\/schema\/logo\/image\/"}}]}},"_links":{"self":[{"href":"https:\/\/meprolim.es\/de\/wp-json\/wp\/v2\/product\/9972","targetHints":{"allow":["GET"]}}],"collection":[{"href":"https:\/\/meprolim.es\/de\/wp-json\/wp\/v2\/product"}],"about":[{"href":"https:\/\/meprolim.es\/de\/wp-json\/wp\/v2\/types\/product"}],"wp:featuredmedia":[{"embeddable":true,"href":"https:\/\/meprolim.es\/de\/wp-json\/wp\/v2\/media\/9975"}],"wp:attachment":[{"href":"https:\/\/meprolim.es\/de\/wp-json\/wp\/v2\/media?parent=9972"}],"wp:term":[{"taxonomy":"product_brand","embeddable":true,"href":"https:\/\/meprolim.es\/de\/wp-json\/wp\/v2\/product_brand?post=9972"},{"taxonomy":"product_cat","embeddable":true,"href":"https:\/\/meprolim.es\/de\/wp-json\/wp\/v2\/product_cat?post=9972"},{"taxonomy":"product_tag","embeddable":true,"href":"https:\/\/meprolim.es\/de\/wp-json\/wp\/v2\/product_tag?post=9972"}],"curies":[{"name":"wp","href":"https:\/\/api.w.org\/{rel}","templated":true}]}}