{"id":10143,"date":"2019-09-10T12:58:10","date_gmt":"2019-09-10T11:58:10","guid":{"rendered":"http:\/\/www.meprolim.es\/?post_type=product&#038;p=10143"},"modified":"2023-05-24T19:53:55","modified_gmt":"2023-05-24T18:53:55","slug":"bidon-10kg-floormaq-dg-meprolim","status":"publish","type":"product","link":"https:\/\/meprolim.es\/en\/producto\/quimicos-y-articulos-de-limpieza\/productos-quimicos-industriales-en\/desengrasantes-productos-quimicos-industriales-en\/espuma-controlada-desengrasantes-productos-quimicos-industriales-en\/bidon-10kg-floormaq-dg-meprolim\/","title":{"rendered":"BID\u00d3N 10KG FLOORMAQ DG MEPROLIM &#8211; C\u00d3DIGO: FR0035"},"content":{"rendered":"<div class=\"wpb-content-wrapper\"><p>[vc_row][vc_column][vc_column_text]<\/p>\n<p style=\"text-align: justify;\">Producto en\u00e9rgico para la limpieza con m\u00e1quinas autom\u00e1ticas de suelos industriales. Incorpora componentes activos que eliminan cualquier tipo de suciedad, hasta la m\u00e1s incrustada. Su f\u00f3rmula con disolvente elimina la grasa sin esfuerzo. Respeta todo tipo de superficie. No produce espuma.<br \/>\nApto para uso alimentario.<\/p>\n<p>[\/vc_column_text][\/vc_column][\/vc_row]<\/p>\n<\/div>","protected":false},"excerpt":{"rendered":"<ul>\n<li>pH 8-9.<\/li>\n<li>Bid\u00f3n de 10 litros.<\/li>\n<li>Incorpora componentes activos que eliminan cualquier tipo de suciedad, hasta la mas incrustada.<\/li>\n<li>Respeta todo tipo de superficie.<\/li>\n<li>Elimina todo tipo de grasas.<\/li>\n<li>Destruye y saponifica la grasa.<\/li>\n<li>No ataca a las gomas ni a los pl\u00e1sticos.<\/li>\n<li>Disolventes no inflamables y at\u00f3xicos.<\/li>\n<li>Disuelve la grasa sin esfuerzo.<\/li>\n<li>Antiespumante.<\/li>\n<li>Evita la formaci\u00f3n de residuos calc\u00e1reos.<\/li>\n<li>APTO PARA USO ALIMENTARIO.<\/li>\n<li>Producto l\u00edquido.<\/li>\n<li>Color: amarillo.<\/li>\n<li>Perfume: caracter\u00edstico.<\/li>\n<li>Diluir del 5 al 10% en la cubeta del agua de la m\u00e1quina. Para suciedad incrustada pulverizar el producto directamente y pasar posteriormente la m\u00e1quina.<\/li>\n<\/ul>\n<p><strong>SKU: FR0035<\/strong><\/p>\n<p>&nbsp;<\/p>\n<p>&nbsp;<\/p>\n","protected":false},"featured_media":10145,"template":"","meta":[],"product_brand":[],"product_cat":[1061,904,652,94],"product_tag":[671,663,654],"class_list":{"0":"post-10143","1":"product","2":"type-product","3":"status-publish","4":"has-post-thumbnail","6":"product_cat-desengrasantes-productos-quimicos-industriales","7":"product_cat-espuma-controlada-desengrasantes-productos-quimicos-industriales","8":"product_cat-productos-quimicos-industriales","9":"product_cat-quimicos-articulos-limpieza","10":"product_tag-desengrasantes","11":"product_tag-espuma-controlada","12":"product_tag-productos-quimicos","14":"first","15":"instock","16":"shipping-taxable","17":"product-type-simple"},"yoast_head":"<!-- This site is optimized with the Yoast SEO plugin v27.3 - https:\/\/yoast.com\/product\/yoast-seo-wordpress\/ -->\n<title>BID\u00d3N 10KG FLOORMAQ DG MEPROLIM - C\u00d3DIGO: FR0035 - Meprolim<\/title>\n<meta name=\"robots\" content=\"index, follow, max-snippet:-1, max-image-preview:large, max-video-preview:-1\" \/>\n<link rel=\"canonical\" href=\"https:\/\/meprolim.es\/producto\/quimicos-articulos-limpieza\/productos-quimicos-industriales\/desengrasantes-productos-quimicos-industriales\/espuma-controlada-desengrasantes-productos-quimicos-industriales\/bidon-10kg-floormaq-dg-meprolim\/\" \/>\n<meta property=\"og:locale\" content=\"en_US\" \/>\n<meta property=\"og:type\" content=\"article\" \/>\n<meta property=\"og:title\" content=\"BID\u00d3N 10KG FLOORMAQ DG MEPROLIM - C\u00d3DIGO: FR0035 - Meprolim\" \/>\n<meta property=\"og:description\" content=\"pH 8-9.  Bid\u00f3n de 10 litros.  Incorpora componentes activos que eliminan cualquier tipo de suciedad, hasta la mas incrustada.  Respeta todo tipo de superficie.  Elimina todo tipo de grasas.  Destruye y saponifica la grasa.  No ataca a las gomas ni a los pl\u00e1sticos.  Disolventes no inflamables y at\u00f3xicos.  Disuelve la grasa sin esfuerzo.  Antiespumante.  Evita la formaci\u00f3n de residuos calc\u00e1reos.  APTO PARA USO ALIMENTARIO.  Producto l\u00edquido.  Color: amarillo.  Perfume: caracter\u00edstico.  Diluir del 5 al 10% en la cubeta del agua de la m\u00e1quina. Para suciedad incrustada pulverizar el producto directamente y pasar posteriormente la m\u00e1quina.  SKU: FR0035  &nbsp;  &nbsp;\" \/>\n<meta property=\"og:url\" content=\"https:\/\/meprolim.es\/producto\/quimicos-articulos-limpieza\/productos-quimicos-industriales\/desengrasantes-productos-quimicos-industriales\/espuma-controlada-desengrasantes-productos-quimicos-industriales\/bidon-10kg-floormaq-dg-meprolim\/\" \/>\n<meta property=\"og:site_name\" content=\"Meprolim\" \/>\n<meta property=\"article:modified_time\" content=\"2023-05-24T18:53:55+00:00\" \/>\n<meta property=\"og:image\" content=\"https:\/\/meprolim.es\/wp-content\/uploads\/2019\/09\/FR0035.jpg\" \/>\n\t<meta property=\"og:image:width\" content=\"768\" \/>\n\t<meta property=\"og:image:height\" content=\"768\" \/>\n\t<meta property=\"og:image:type\" content=\"image\/jpeg\" \/>\n<meta name=\"twitter:card\" content=\"summary_large_image\" \/>\n<meta name=\"twitter:label1\" content=\"Est. reading time\" \/>\n\t<meta name=\"twitter:data1\" content=\"1 minute\" \/>\n<script type=\"application\/ld+json\" class=\"yoast-schema-graph\">{\"@context\":\"https:\\\/\\\/schema.org\",\"@graph\":[{\"@type\":\"WebPage\",\"@id\":\"https:\\\/\\\/meprolim.es\\\/producto\\\/quimicos-articulos-limpieza\\\/productos-quimicos-industriales\\\/desengrasantes-productos-quimicos-industriales\\\/espuma-controlada-desengrasantes-productos-quimicos-industriales\\\/bidon-10kg-floormaq-dg-meprolim\\\/\",\"url\":\"https:\\\/\\\/meprolim.es\\\/producto\\\/quimicos-articulos-limpieza\\\/productos-quimicos-industriales\\\/desengrasantes-productos-quimicos-industriales\\\/espuma-controlada-desengrasantes-productos-quimicos-industriales\\\/bidon-10kg-floormaq-dg-meprolim\\\/\",\"name\":\"BID\u00d3N 10KG FLOORMAQ DG MEPROLIM - C\u00d3DIGO: FR0035 - Meprolim\",\"isPartOf\":{\"@id\":\"https:\\\/\\\/meprolim.es\\\/fr\\\/#website\"},\"primaryImageOfPage\":{\"@id\":\"https:\\\/\\\/meprolim.es\\\/producto\\\/quimicos-articulos-limpieza\\\/productos-quimicos-industriales\\\/desengrasantes-productos-quimicos-industriales\\\/espuma-controlada-desengrasantes-productos-quimicos-industriales\\\/bidon-10kg-floormaq-dg-meprolim\\\/#primaryimage\"},\"image\":{\"@id\":\"https:\\\/\\\/meprolim.es\\\/producto\\\/quimicos-articulos-limpieza\\\/productos-quimicos-industriales\\\/desengrasantes-productos-quimicos-industriales\\\/espuma-controlada-desengrasantes-productos-quimicos-industriales\\\/bidon-10kg-floormaq-dg-meprolim\\\/#primaryimage\"},\"thumbnailUrl\":\"https:\\\/\\\/meprolim.es\\\/wp-content\\\/uploads\\\/2019\\\/09\\\/FR0035.jpg\",\"datePublished\":\"2019-09-10T11:58:10+00:00\",\"dateModified\":\"2023-05-24T18:53:55+00:00\",\"breadcrumb\":{\"@id\":\"https:\\\/\\\/meprolim.es\\\/producto\\\/quimicos-articulos-limpieza\\\/productos-quimicos-industriales\\\/desengrasantes-productos-quimicos-industriales\\\/espuma-controlada-desengrasantes-productos-quimicos-industriales\\\/bidon-10kg-floormaq-dg-meprolim\\\/#breadcrumb\"},\"inLanguage\":\"en-US\",\"potentialAction\":[{\"@type\":\"ReadAction\",\"target\":[\"https:\\\/\\\/meprolim.es\\\/producto\\\/quimicos-articulos-limpieza\\\/productos-quimicos-industriales\\\/desengrasantes-productos-quimicos-industriales\\\/espuma-controlada-desengrasantes-productos-quimicos-industriales\\\/bidon-10kg-floormaq-dg-meprolim\\\/\"]}]},{\"@type\":\"ImageObject\",\"inLanguage\":\"en-US\",\"@id\":\"https:\\\/\\\/meprolim.es\\\/producto\\\/quimicos-articulos-limpieza\\\/productos-quimicos-industriales\\\/desengrasantes-productos-quimicos-industriales\\\/espuma-controlada-desengrasantes-productos-quimicos-industriales\\\/bidon-10kg-floormaq-dg-meprolim\\\/#primaryimage\",\"url\":\"https:\\\/\\\/meprolim.es\\\/wp-content\\\/uploads\\\/2019\\\/09\\\/FR0035.jpg\",\"contentUrl\":\"https:\\\/\\\/meprolim.es\\\/wp-content\\\/uploads\\\/2019\\\/09\\\/FR0035.jpg\",\"width\":768,\"height\":768},{\"@type\":\"BreadcrumbList\",\"@id\":\"https:\\\/\\\/meprolim.es\\\/producto\\\/quimicos-articulos-limpieza\\\/productos-quimicos-industriales\\\/desengrasantes-productos-quimicos-industriales\\\/espuma-controlada-desengrasantes-productos-quimicos-industriales\\\/bidon-10kg-floormaq-dg-meprolim\\\/#breadcrumb\",\"itemListElement\":[{\"@type\":\"ListItem\",\"position\":1,\"name\":\"Portada\",\"item\":\"https:\\\/\\\/meprolim.es\\\/en\\\/\"},{\"@type\":\"ListItem\",\"position\":2,\"name\":\"Catalogue\",\"item\":\"https:\\\/\\\/meprolim.es\\\/en\\\/catalogue\\\/\"},{\"@type\":\"ListItem\",\"position\":3,\"name\":\"BID\u00d3N 10KG FLOORMAQ DG MEPROLIM &#8211; C\u00d3DIGO: FR0035\"}]},{\"@type\":\"WebSite\",\"@id\":\"https:\\\/\\\/meprolim.es\\\/fr\\\/#website\",\"url\":\"https:\\\/\\\/meprolim.es\\\/fr\\\/\",\"name\":\"Meprolim\",\"description\":\"Cavas Catalanas S.L.\",\"publisher\":{\"@id\":\"https:\\\/\\\/meprolim.es\\\/fr\\\/#organization\"},\"potentialAction\":[{\"@type\":\"SearchAction\",\"target\":{\"@type\":\"EntryPoint\",\"urlTemplate\":\"https:\\\/\\\/meprolim.es\\\/fr\\\/?s={search_term_string}\"},\"query-input\":{\"@type\":\"PropertyValueSpecification\",\"valueRequired\":true,\"valueName\":\"search_term_string\"}}],\"inLanguage\":\"en-US\"},{\"@type\":\"Organization\",\"@id\":\"https:\\\/\\\/meprolim.es\\\/fr\\\/#organization\",\"name\":\"Meprolim\",\"url\":\"https:\\\/\\\/meprolim.es\\\/fr\\\/\",\"logo\":{\"@type\":\"ImageObject\",\"inLanguage\":\"en-US\",\"@id\":\"https:\\\/\\\/meprolim.es\\\/fr\\\/#\\\/schema\\\/logo\\\/image\\\/\",\"url\":\"https:\\\/\\\/meprolim.es\\\/wp-content\\\/uploads\\\/2019\\\/07\\\/cropped-logo2.png\",\"contentUrl\":\"https:\\\/\\\/meprolim.es\\\/wp-content\\\/uploads\\\/2019\\\/07\\\/cropped-logo2.png\",\"width\":401,\"height\":162,\"caption\":\"Meprolim\"},\"image\":{\"@id\":\"https:\\\/\\\/meprolim.es\\\/fr\\\/#\\\/schema\\\/logo\\\/image\\\/\"}}]}<\/script>\n<!-- \/ Yoast SEO plugin. -->","yoast_head_json":{"title":"BID\u00d3N 10KG FLOORMAQ DG MEPROLIM - C\u00d3DIGO: FR0035 - Meprolim","robots":{"index":"index","follow":"follow","max-snippet":"max-snippet:-1","max-image-preview":"max-image-preview:large","max-video-preview":"max-video-preview:-1"},"canonical":"https:\/\/meprolim.es\/producto\/quimicos-articulos-limpieza\/productos-quimicos-industriales\/desengrasantes-productos-quimicos-industriales\/espuma-controlada-desengrasantes-productos-quimicos-industriales\/bidon-10kg-floormaq-dg-meprolim\/","og_locale":"en_US","og_type":"article","og_title":"BID\u00d3N 10KG FLOORMAQ DG MEPROLIM - C\u00d3DIGO: FR0035 - Meprolim","og_description":"pH 8-9.  Bid\u00f3n de 10 litros.  Incorpora componentes activos que eliminan cualquier tipo de suciedad, hasta la mas incrustada.  Respeta todo tipo de superficie.  Elimina todo tipo de grasas.  Destruye y saponifica la grasa.  No ataca a las gomas ni a los pl\u00e1sticos.  Disolventes no inflamables y at\u00f3xicos.  Disuelve la grasa sin esfuerzo.  Antiespumante.  Evita la formaci\u00f3n de residuos calc\u00e1reos.  APTO PARA USO ALIMENTARIO.  Producto l\u00edquido.  Color: amarillo.  Perfume: caracter\u00edstico.  Diluir del 5 al 10% en la cubeta del agua de la m\u00e1quina. Para suciedad incrustada pulverizar el producto directamente y pasar posteriormente la m\u00e1quina.  SKU: FR0035  &nbsp;  &nbsp;","og_url":"https:\/\/meprolim.es\/producto\/quimicos-articulos-limpieza\/productos-quimicos-industriales\/desengrasantes-productos-quimicos-industriales\/espuma-controlada-desengrasantes-productos-quimicos-industriales\/bidon-10kg-floormaq-dg-meprolim\/","og_site_name":"Meprolim","article_modified_time":"2023-05-24T18:53:55+00:00","og_image":[{"width":768,"height":768,"url":"https:\/\/meprolim.es\/wp-content\/uploads\/2019\/09\/FR0035.jpg","type":"image\/jpeg"}],"twitter_card":"summary_large_image","twitter_misc":{"Est. reading time":"1 minute"},"schema":{"@context":"https:\/\/schema.org","@graph":[{"@type":"WebPage","@id":"https:\/\/meprolim.es\/producto\/quimicos-articulos-limpieza\/productos-quimicos-industriales\/desengrasantes-productos-quimicos-industriales\/espuma-controlada-desengrasantes-productos-quimicos-industriales\/bidon-10kg-floormaq-dg-meprolim\/","url":"https:\/\/meprolim.es\/producto\/quimicos-articulos-limpieza\/productos-quimicos-industriales\/desengrasantes-productos-quimicos-industriales\/espuma-controlada-desengrasantes-productos-quimicos-industriales\/bidon-10kg-floormaq-dg-meprolim\/","name":"BID\u00d3N 10KG FLOORMAQ DG MEPROLIM - C\u00d3DIGO: FR0035 - Meprolim","isPartOf":{"@id":"https:\/\/meprolim.es\/fr\/#website"},"primaryImageOfPage":{"@id":"https:\/\/meprolim.es\/producto\/quimicos-articulos-limpieza\/productos-quimicos-industriales\/desengrasantes-productos-quimicos-industriales\/espuma-controlada-desengrasantes-productos-quimicos-industriales\/bidon-10kg-floormaq-dg-meprolim\/#primaryimage"},"image":{"@id":"https:\/\/meprolim.es\/producto\/quimicos-articulos-limpieza\/productos-quimicos-industriales\/desengrasantes-productos-quimicos-industriales\/espuma-controlada-desengrasantes-productos-quimicos-industriales\/bidon-10kg-floormaq-dg-meprolim\/#primaryimage"},"thumbnailUrl":"https:\/\/meprolim.es\/wp-content\/uploads\/2019\/09\/FR0035.jpg","datePublished":"2019-09-10T11:58:10+00:00","dateModified":"2023-05-24T18:53:55+00:00","breadcrumb":{"@id":"https:\/\/meprolim.es\/producto\/quimicos-articulos-limpieza\/productos-quimicos-industriales\/desengrasantes-productos-quimicos-industriales\/espuma-controlada-desengrasantes-productos-quimicos-industriales\/bidon-10kg-floormaq-dg-meprolim\/#breadcrumb"},"inLanguage":"en-US","potentialAction":[{"@type":"ReadAction","target":["https:\/\/meprolim.es\/producto\/quimicos-articulos-limpieza\/productos-quimicos-industriales\/desengrasantes-productos-quimicos-industriales\/espuma-controlada-desengrasantes-productos-quimicos-industriales\/bidon-10kg-floormaq-dg-meprolim\/"]}]},{"@type":"ImageObject","inLanguage":"en-US","@id":"https:\/\/meprolim.es\/producto\/quimicos-articulos-limpieza\/productos-quimicos-industriales\/desengrasantes-productos-quimicos-industriales\/espuma-controlada-desengrasantes-productos-quimicos-industriales\/bidon-10kg-floormaq-dg-meprolim\/#primaryimage","url":"https:\/\/meprolim.es\/wp-content\/uploads\/2019\/09\/FR0035.jpg","contentUrl":"https:\/\/meprolim.es\/wp-content\/uploads\/2019\/09\/FR0035.jpg","width":768,"height":768},{"@type":"BreadcrumbList","@id":"https:\/\/meprolim.es\/producto\/quimicos-articulos-limpieza\/productos-quimicos-industriales\/desengrasantes-productos-quimicos-industriales\/espuma-controlada-desengrasantes-productos-quimicos-industriales\/bidon-10kg-floormaq-dg-meprolim\/#breadcrumb","itemListElement":[{"@type":"ListItem","position":1,"name":"Portada","item":"https:\/\/meprolim.es\/en\/"},{"@type":"ListItem","position":2,"name":"Catalogue","item":"https:\/\/meprolim.es\/en\/catalogue\/"},{"@type":"ListItem","position":3,"name":"BID\u00d3N 10KG FLOORMAQ DG MEPROLIM &#8211; C\u00d3DIGO: FR0035"}]},{"@type":"WebSite","@id":"https:\/\/meprolim.es\/fr\/#website","url":"https:\/\/meprolim.es\/fr\/","name":"Meprolim","description":"Cavas Catalanas S.L.","publisher":{"@id":"https:\/\/meprolim.es\/fr\/#organization"},"potentialAction":[{"@type":"SearchAction","target":{"@type":"EntryPoint","urlTemplate":"https:\/\/meprolim.es\/fr\/?s={search_term_string}"},"query-input":{"@type":"PropertyValueSpecification","valueRequired":true,"valueName":"search_term_string"}}],"inLanguage":"en-US"},{"@type":"Organization","@id":"https:\/\/meprolim.es\/fr\/#organization","name":"Meprolim","url":"https:\/\/meprolim.es\/fr\/","logo":{"@type":"ImageObject","inLanguage":"en-US","@id":"https:\/\/meprolim.es\/fr\/#\/schema\/logo\/image\/","url":"https:\/\/meprolim.es\/wp-content\/uploads\/2019\/07\/cropped-logo2.png","contentUrl":"https:\/\/meprolim.es\/wp-content\/uploads\/2019\/07\/cropped-logo2.png","width":401,"height":162,"caption":"Meprolim"},"image":{"@id":"https:\/\/meprolim.es\/fr\/#\/schema\/logo\/image\/"}}]}},"_links":{"self":[{"href":"https:\/\/meprolim.es\/en\/wp-json\/wp\/v2\/product\/10143","targetHints":{"allow":["GET"]}}],"collection":[{"href":"https:\/\/meprolim.es\/en\/wp-json\/wp\/v2\/product"}],"about":[{"href":"https:\/\/meprolim.es\/en\/wp-json\/wp\/v2\/types\/product"}],"wp:featuredmedia":[{"embeddable":true,"href":"https:\/\/meprolim.es\/en\/wp-json\/wp\/v2\/media\/10145"}],"wp:attachment":[{"href":"https:\/\/meprolim.es\/en\/wp-json\/wp\/v2\/media?parent=10143"}],"wp:term":[{"taxonomy":"product_brand","embeddable":true,"href":"https:\/\/meprolim.es\/en\/wp-json\/wp\/v2\/product_brand?post=10143"},{"taxonomy":"product_cat","embeddable":true,"href":"https:\/\/meprolim.es\/en\/wp-json\/wp\/v2\/product_cat?post=10143"},{"taxonomy":"product_tag","embeddable":true,"href":"https:\/\/meprolim.es\/en\/wp-json\/wp\/v2\/product_tag?post=10143"}],"curies":[{"name":"wp","href":"https:\/\/api.w.org\/{rel}","templated":true}]}}