{"id":10158,"date":"2019-09-10T13:32:33","date_gmt":"2019-09-10T12:32:33","guid":{"rendered":"http:\/\/www.meprolim.es\/?post_type=product&#038;p=10158"},"modified":"2023-05-24T20:20:07","modified_gmt":"2023-05-24T19:20:07","slug":"bidon-10kg-floormaq-hg-meprolim","status":"publish","type":"product","link":"https:\/\/meprolim.es\/en\/producto\/quimicos-y-articulos-de-limpieza\/productos-quimicos-industriales-en\/desinfectantes-higienizantes-en\/espuma-controlada-desinfectantes-higienizantes-en\/bidon-10kg-floormaq-hg-meprolim\/","title":{"rendered":"BID\u00d3N 10KG FLOORMAQ HG MEPROLIM &#8211; C\u00d3DIGO: FR0037"},"content":{"rendered":"<div class=\"wpb-content-wrapper\"><p>[vc_row][vc_column][vc_column_text]<\/p>\n<p style=\"text-align: justify;\">Producto formulado para la desinfecci\u00f3n con amplio espectro de aplicaciones para limpieza y desodorizaci\u00f3n de ambientes en locales p\u00fablicos. (Hoteles, Restaurante, Comedores, Colegios, Residencias etc.).Todos sus componentes est\u00e1n exentos de espuma por lo que lo hacen un producto ideal para la limpieza con maquinas fregadoras.controlada.<\/p>\n<p>[\/vc_column_text][\/vc_column][\/vc_row]<\/p>\n<\/div>","protected":false},"excerpt":{"rendered":"<ul>\n<li>pH 8-10.<\/li>\n<li>Bid\u00f3n de 10 litros.<\/li>\n<li>Producto formulado para la desinfecci\u00f3n con amplio espectro de aplicaciones para limpieza y desodorizaci\u00f3n de ambientes en locales p\u00fablicos (hoteles, restaurantes, comedores, colegios, residencias,&#8230;)<\/li>\n<li>Antiespumante, ideal para la limpieza con maquinas fregadoras.<\/li>\n<li>Disuelve la grasa sin esfuerzo.<\/li>\n<li>Evita la formaci\u00f3n de residuos calc\u00e1reos.<\/li>\n<li>Producto l\u00edquido.<\/li>\n<li>Color: amarillo.<\/li>\n<li>Perfume: pino mentolado.<\/li>\n<li>Para m\u00e1quinas fregadoras-secadoras con cepillo de nylon duro diluir el producto 1\/40 en agua, para conseguir una correcta higienizaci\u00f3n del suelo tratado.<\/li>\n<\/ul>\n<p><strong>SKU: FR0037<\/strong><\/p>\n<p>&nbsp;<\/p>\n<p>&nbsp;<\/p>\n","protected":false},"featured_media":10159,"template":"","meta":[],"product_brand":[],"product_cat":[1062,1063,652,94],"product_tag":[671,663,654],"class_list":{"0":"post-10158","1":"product","2":"type-product","3":"status-publish","4":"has-post-thumbnail","6":"product_cat-desinfectantes-higienizantes","7":"product_cat-espuma-controlada-desinfectantes-higienizantes","8":"product_cat-productos-quimicos-industriales","9":"product_cat-quimicos-articulos-limpieza","10":"product_tag-desengrasantes","11":"product_tag-espuma-controlada","12":"product_tag-productos-quimicos","14":"first","15":"instock","16":"shipping-taxable","17":"product-type-simple"},"yoast_head":"<!-- This site is optimized with the Yoast SEO plugin v27.4 - https:\/\/yoast.com\/product\/yoast-seo-wordpress\/ -->\n<title>BID\u00d3N 10KG FLOORMAQ HG MEPROLIM - C\u00d3DIGO: FR0037 - Meprolim<\/title>\n<meta name=\"robots\" content=\"index, follow, max-snippet:-1, max-image-preview:large, max-video-preview:-1\" \/>\n<link rel=\"canonical\" href=\"https:\/\/meprolim.es\/producto\/quimicos-articulos-limpieza\/productos-quimicos-industriales\/desinfectantes-higienizantes\/espuma-controlada-desinfectantes-higienizantes\/bidon-10kg-floormaq-hg-meprolim\/\" \/>\n<meta property=\"og:locale\" content=\"en_US\" \/>\n<meta property=\"og:type\" content=\"article\" \/>\n<meta property=\"og:title\" content=\"BID\u00d3N 10KG FLOORMAQ HG MEPROLIM - C\u00d3DIGO: FR0037 - Meprolim\" \/>\n<meta property=\"og:description\" content=\"pH 8-10.  Bid\u00f3n de 10 litros.  Producto formulado para la desinfecci\u00f3n con amplio espectro de aplicaciones para limpieza y desodorizaci\u00f3n de ambientes en locales p\u00fablicos (hoteles, restaurantes, comedores, colegios, residencias,...)  Antiespumante, ideal para la limpieza con maquinas fregadoras.  Disuelve la grasa sin esfuerzo.  Evita la formaci\u00f3n de residuos calc\u00e1reos.  Producto l\u00edquido.  Color: amarillo.  Perfume: pino mentolado.  Para m\u00e1quinas fregadoras-secadoras con cepillo de nylon duro diluir el producto 1\/40 en agua, para conseguir una correcta higienizaci\u00f3n del suelo tratado.  SKU: FR0037  &nbsp;  &nbsp;\" \/>\n<meta property=\"og:url\" content=\"https:\/\/meprolim.es\/producto\/quimicos-articulos-limpieza\/productos-quimicos-industriales\/desinfectantes-higienizantes\/espuma-controlada-desinfectantes-higienizantes\/bidon-10kg-floormaq-hg-meprolim\/\" \/>\n<meta property=\"og:site_name\" content=\"Meprolim\" \/>\n<meta property=\"article:modified_time\" content=\"2023-05-24T19:20:07+00:00\" \/>\n<meta property=\"og:image\" content=\"https:\/\/meprolim.es\/wp-content\/uploads\/2019\/09\/FR0037.jpg\" \/>\n\t<meta property=\"og:image:width\" content=\"768\" \/>\n\t<meta property=\"og:image:height\" content=\"768\" \/>\n\t<meta property=\"og:image:type\" content=\"image\/jpeg\" \/>\n<meta name=\"twitter:card\" content=\"summary_large_image\" \/>\n<meta name=\"twitter:label1\" content=\"Est. reading time\" \/>\n\t<meta name=\"twitter:data1\" content=\"1 minute\" \/>\n<script type=\"application\/ld+json\" class=\"yoast-schema-graph\">{\"@context\":\"https:\\\/\\\/schema.org\",\"@graph\":[{\"@type\":\"WebPage\",\"@id\":\"https:\\\/\\\/meprolim.es\\\/producto\\\/quimicos-articulos-limpieza\\\/productos-quimicos-industriales\\\/desinfectantes-higienizantes\\\/espuma-controlada-desinfectantes-higienizantes\\\/bidon-10kg-floormaq-hg-meprolim\\\/\",\"url\":\"https:\\\/\\\/meprolim.es\\\/producto\\\/quimicos-articulos-limpieza\\\/productos-quimicos-industriales\\\/desinfectantes-higienizantes\\\/espuma-controlada-desinfectantes-higienizantes\\\/bidon-10kg-floormaq-hg-meprolim\\\/\",\"name\":\"BID\u00d3N 10KG FLOORMAQ HG MEPROLIM - C\u00d3DIGO: FR0037 - Meprolim\",\"isPartOf\":{\"@id\":\"https:\\\/\\\/meprolim.es\\\/fr\\\/#website\"},\"primaryImageOfPage\":{\"@id\":\"https:\\\/\\\/meprolim.es\\\/producto\\\/quimicos-articulos-limpieza\\\/productos-quimicos-industriales\\\/desinfectantes-higienizantes\\\/espuma-controlada-desinfectantes-higienizantes\\\/bidon-10kg-floormaq-hg-meprolim\\\/#primaryimage\"},\"image\":{\"@id\":\"https:\\\/\\\/meprolim.es\\\/producto\\\/quimicos-articulos-limpieza\\\/productos-quimicos-industriales\\\/desinfectantes-higienizantes\\\/espuma-controlada-desinfectantes-higienizantes\\\/bidon-10kg-floormaq-hg-meprolim\\\/#primaryimage\"},\"thumbnailUrl\":\"https:\\\/\\\/meprolim.es\\\/wp-content\\\/uploads\\\/2019\\\/09\\\/FR0037.jpg\",\"datePublished\":\"2019-09-10T12:32:33+00:00\",\"dateModified\":\"2023-05-24T19:20:07+00:00\",\"breadcrumb\":{\"@id\":\"https:\\\/\\\/meprolim.es\\\/producto\\\/quimicos-articulos-limpieza\\\/productos-quimicos-industriales\\\/desinfectantes-higienizantes\\\/espuma-controlada-desinfectantes-higienizantes\\\/bidon-10kg-floormaq-hg-meprolim\\\/#breadcrumb\"},\"inLanguage\":\"en-US\",\"potentialAction\":[{\"@type\":\"ReadAction\",\"target\":[\"https:\\\/\\\/meprolim.es\\\/producto\\\/quimicos-articulos-limpieza\\\/productos-quimicos-industriales\\\/desinfectantes-higienizantes\\\/espuma-controlada-desinfectantes-higienizantes\\\/bidon-10kg-floormaq-hg-meprolim\\\/\"]}]},{\"@type\":\"ImageObject\",\"inLanguage\":\"en-US\",\"@id\":\"https:\\\/\\\/meprolim.es\\\/producto\\\/quimicos-articulos-limpieza\\\/productos-quimicos-industriales\\\/desinfectantes-higienizantes\\\/espuma-controlada-desinfectantes-higienizantes\\\/bidon-10kg-floormaq-hg-meprolim\\\/#primaryimage\",\"url\":\"https:\\\/\\\/meprolim.es\\\/wp-content\\\/uploads\\\/2019\\\/09\\\/FR0037.jpg\",\"contentUrl\":\"https:\\\/\\\/meprolim.es\\\/wp-content\\\/uploads\\\/2019\\\/09\\\/FR0037.jpg\",\"width\":768,\"height\":768},{\"@type\":\"BreadcrumbList\",\"@id\":\"https:\\\/\\\/meprolim.es\\\/producto\\\/quimicos-articulos-limpieza\\\/productos-quimicos-industriales\\\/desinfectantes-higienizantes\\\/espuma-controlada-desinfectantes-higienizantes\\\/bidon-10kg-floormaq-hg-meprolim\\\/#breadcrumb\",\"itemListElement\":[{\"@type\":\"ListItem\",\"position\":1,\"name\":\"Portada\",\"item\":\"https:\\\/\\\/meprolim.es\\\/en\\\/\"},{\"@type\":\"ListItem\",\"position\":2,\"name\":\"Catalogue\",\"item\":\"https:\\\/\\\/meprolim.es\\\/en\\\/catalogue\\\/\"},{\"@type\":\"ListItem\",\"position\":3,\"name\":\"BID\u00d3N 10KG FLOORMAQ HG MEPROLIM &#8211; C\u00d3DIGO: FR0037\"}]},{\"@type\":\"WebSite\",\"@id\":\"https:\\\/\\\/meprolim.es\\\/fr\\\/#website\",\"url\":\"https:\\\/\\\/meprolim.es\\\/fr\\\/\",\"name\":\"Meprolim\",\"description\":\"Cavas Catalanas S.L.\",\"publisher\":{\"@id\":\"https:\\\/\\\/meprolim.es\\\/fr\\\/#organization\"},\"potentialAction\":[{\"@type\":\"SearchAction\",\"target\":{\"@type\":\"EntryPoint\",\"urlTemplate\":\"https:\\\/\\\/meprolim.es\\\/fr\\\/?s={search_term_string}\"},\"query-input\":{\"@type\":\"PropertyValueSpecification\",\"valueRequired\":true,\"valueName\":\"search_term_string\"}}],\"inLanguage\":\"en-US\"},{\"@type\":\"Organization\",\"@id\":\"https:\\\/\\\/meprolim.es\\\/fr\\\/#organization\",\"name\":\"Meprolim\",\"url\":\"https:\\\/\\\/meprolim.es\\\/fr\\\/\",\"logo\":{\"@type\":\"ImageObject\",\"inLanguage\":\"en-US\",\"@id\":\"https:\\\/\\\/meprolim.es\\\/fr\\\/#\\\/schema\\\/logo\\\/image\\\/\",\"url\":\"https:\\\/\\\/meprolim.es\\\/wp-content\\\/uploads\\\/2019\\\/07\\\/cropped-logo2.png\",\"contentUrl\":\"https:\\\/\\\/meprolim.es\\\/wp-content\\\/uploads\\\/2019\\\/07\\\/cropped-logo2.png\",\"width\":401,\"height\":162,\"caption\":\"Meprolim\"},\"image\":{\"@id\":\"https:\\\/\\\/meprolim.es\\\/fr\\\/#\\\/schema\\\/logo\\\/image\\\/\"}}]}<\/script>\n<!-- \/ Yoast SEO plugin. -->","yoast_head_json":{"title":"BID\u00d3N 10KG FLOORMAQ HG MEPROLIM - C\u00d3DIGO: FR0037 - Meprolim","robots":{"index":"index","follow":"follow","max-snippet":"max-snippet:-1","max-image-preview":"max-image-preview:large","max-video-preview":"max-video-preview:-1"},"canonical":"https:\/\/meprolim.es\/producto\/quimicos-articulos-limpieza\/productos-quimicos-industriales\/desinfectantes-higienizantes\/espuma-controlada-desinfectantes-higienizantes\/bidon-10kg-floormaq-hg-meprolim\/","og_locale":"en_US","og_type":"article","og_title":"BID\u00d3N 10KG FLOORMAQ HG MEPROLIM - C\u00d3DIGO: FR0037 - Meprolim","og_description":"pH 8-10.  Bid\u00f3n de 10 litros.  Producto formulado para la desinfecci\u00f3n con amplio espectro de aplicaciones para limpieza y desodorizaci\u00f3n de ambientes en locales p\u00fablicos (hoteles, restaurantes, comedores, colegios, residencias,...)  Antiespumante, ideal para la limpieza con maquinas fregadoras.  Disuelve la grasa sin esfuerzo.  Evita la formaci\u00f3n de residuos calc\u00e1reos.  Producto l\u00edquido.  Color: amarillo.  Perfume: pino mentolado.  Para m\u00e1quinas fregadoras-secadoras con cepillo de nylon duro diluir el producto 1\/40 en agua, para conseguir una correcta higienizaci\u00f3n del suelo tratado.  SKU: FR0037  &nbsp;  &nbsp;","og_url":"https:\/\/meprolim.es\/producto\/quimicos-articulos-limpieza\/productos-quimicos-industriales\/desinfectantes-higienizantes\/espuma-controlada-desinfectantes-higienizantes\/bidon-10kg-floormaq-hg-meprolim\/","og_site_name":"Meprolim","article_modified_time":"2023-05-24T19:20:07+00:00","og_image":[{"width":768,"height":768,"url":"https:\/\/meprolim.es\/wp-content\/uploads\/2019\/09\/FR0037.jpg","type":"image\/jpeg"}],"twitter_card":"summary_large_image","twitter_misc":{"Est. reading time":"1 minute"},"schema":{"@context":"https:\/\/schema.org","@graph":[{"@type":"WebPage","@id":"https:\/\/meprolim.es\/producto\/quimicos-articulos-limpieza\/productos-quimicos-industriales\/desinfectantes-higienizantes\/espuma-controlada-desinfectantes-higienizantes\/bidon-10kg-floormaq-hg-meprolim\/","url":"https:\/\/meprolim.es\/producto\/quimicos-articulos-limpieza\/productos-quimicos-industriales\/desinfectantes-higienizantes\/espuma-controlada-desinfectantes-higienizantes\/bidon-10kg-floormaq-hg-meprolim\/","name":"BID\u00d3N 10KG FLOORMAQ HG MEPROLIM - C\u00d3DIGO: FR0037 - Meprolim","isPartOf":{"@id":"https:\/\/meprolim.es\/fr\/#website"},"primaryImageOfPage":{"@id":"https:\/\/meprolim.es\/producto\/quimicos-articulos-limpieza\/productos-quimicos-industriales\/desinfectantes-higienizantes\/espuma-controlada-desinfectantes-higienizantes\/bidon-10kg-floormaq-hg-meprolim\/#primaryimage"},"image":{"@id":"https:\/\/meprolim.es\/producto\/quimicos-articulos-limpieza\/productos-quimicos-industriales\/desinfectantes-higienizantes\/espuma-controlada-desinfectantes-higienizantes\/bidon-10kg-floormaq-hg-meprolim\/#primaryimage"},"thumbnailUrl":"https:\/\/meprolim.es\/wp-content\/uploads\/2019\/09\/FR0037.jpg","datePublished":"2019-09-10T12:32:33+00:00","dateModified":"2023-05-24T19:20:07+00:00","breadcrumb":{"@id":"https:\/\/meprolim.es\/producto\/quimicos-articulos-limpieza\/productos-quimicos-industriales\/desinfectantes-higienizantes\/espuma-controlada-desinfectantes-higienizantes\/bidon-10kg-floormaq-hg-meprolim\/#breadcrumb"},"inLanguage":"en-US","potentialAction":[{"@type":"ReadAction","target":["https:\/\/meprolim.es\/producto\/quimicos-articulos-limpieza\/productos-quimicos-industriales\/desinfectantes-higienizantes\/espuma-controlada-desinfectantes-higienizantes\/bidon-10kg-floormaq-hg-meprolim\/"]}]},{"@type":"ImageObject","inLanguage":"en-US","@id":"https:\/\/meprolim.es\/producto\/quimicos-articulos-limpieza\/productos-quimicos-industriales\/desinfectantes-higienizantes\/espuma-controlada-desinfectantes-higienizantes\/bidon-10kg-floormaq-hg-meprolim\/#primaryimage","url":"https:\/\/meprolim.es\/wp-content\/uploads\/2019\/09\/FR0037.jpg","contentUrl":"https:\/\/meprolim.es\/wp-content\/uploads\/2019\/09\/FR0037.jpg","width":768,"height":768},{"@type":"BreadcrumbList","@id":"https:\/\/meprolim.es\/producto\/quimicos-articulos-limpieza\/productos-quimicos-industriales\/desinfectantes-higienizantes\/espuma-controlada-desinfectantes-higienizantes\/bidon-10kg-floormaq-hg-meprolim\/#breadcrumb","itemListElement":[{"@type":"ListItem","position":1,"name":"Portada","item":"https:\/\/meprolim.es\/en\/"},{"@type":"ListItem","position":2,"name":"Catalogue","item":"https:\/\/meprolim.es\/en\/catalogue\/"},{"@type":"ListItem","position":3,"name":"BID\u00d3N 10KG FLOORMAQ HG MEPROLIM &#8211; C\u00d3DIGO: FR0037"}]},{"@type":"WebSite","@id":"https:\/\/meprolim.es\/fr\/#website","url":"https:\/\/meprolim.es\/fr\/","name":"Meprolim","description":"Cavas Catalanas S.L.","publisher":{"@id":"https:\/\/meprolim.es\/fr\/#organization"},"potentialAction":[{"@type":"SearchAction","target":{"@type":"EntryPoint","urlTemplate":"https:\/\/meprolim.es\/fr\/?s={search_term_string}"},"query-input":{"@type":"PropertyValueSpecification","valueRequired":true,"valueName":"search_term_string"}}],"inLanguage":"en-US"},{"@type":"Organization","@id":"https:\/\/meprolim.es\/fr\/#organization","name":"Meprolim","url":"https:\/\/meprolim.es\/fr\/","logo":{"@type":"ImageObject","inLanguage":"en-US","@id":"https:\/\/meprolim.es\/fr\/#\/schema\/logo\/image\/","url":"https:\/\/meprolim.es\/wp-content\/uploads\/2019\/07\/cropped-logo2.png","contentUrl":"https:\/\/meprolim.es\/wp-content\/uploads\/2019\/07\/cropped-logo2.png","width":401,"height":162,"caption":"Meprolim"},"image":{"@id":"https:\/\/meprolim.es\/fr\/#\/schema\/logo\/image\/"}}]}},"_links":{"self":[{"href":"https:\/\/meprolim.es\/en\/wp-json\/wp\/v2\/product\/10158","targetHints":{"allow":["GET"]}}],"collection":[{"href":"https:\/\/meprolim.es\/en\/wp-json\/wp\/v2\/product"}],"about":[{"href":"https:\/\/meprolim.es\/en\/wp-json\/wp\/v2\/types\/product"}],"wp:featuredmedia":[{"embeddable":true,"href":"https:\/\/meprolim.es\/en\/wp-json\/wp\/v2\/media\/10159"}],"wp:attachment":[{"href":"https:\/\/meprolim.es\/en\/wp-json\/wp\/v2\/media?parent=10158"}],"wp:term":[{"taxonomy":"product_brand","embeddable":true,"href":"https:\/\/meprolim.es\/en\/wp-json\/wp\/v2\/product_brand?post=10158"},{"taxonomy":"product_cat","embeddable":true,"href":"https:\/\/meprolim.es\/en\/wp-json\/wp\/v2\/product_cat?post=10158"},{"taxonomy":"product_tag","embeddable":true,"href":"https:\/\/meprolim.es\/en\/wp-json\/wp\/v2\/product_tag?post=10158"}],"curies":[{"name":"wp","href":"https:\/\/api.w.org\/{rel}","templated":true}]}}