{"id":10820,"date":"2019-10-10T14:13:15","date_gmt":"2019-10-10T13:13:15","guid":{"rendered":"http:\/\/www.meprolim.es\/?post_type=product&#038;p=10820"},"modified":"2023-05-22T19:58:39","modified_gmt":"2023-05-22T18:58:39","slug":"humectante-enzimatico-bidon-20l-codigo-bx5019","status":"publish","type":"product","link":"https:\/\/meprolim.es\/en\/producto\/quimicos-y-articulos-de-limpieza\/productos-quimicos-industriales-en\/lavanderia-en\/aditivos-en\/humectante-enzimatico-bidon-20l-codigo-bx5019\/","title":{"rendered":"HUMECTANTE ENZIM\u00c1TICO BID\u00d3N 20L &#8211; C\u00d3DIGO: BX5019"},"content":{"rendered":"<p style=\"text-align: justify;\">Facilita la eliminaci\u00f3n de manchas dif\u00edciles. Eficaz contra manchas de tipo prote\u00ednico como sangre, huevo, salsas y similares. Agua fr\u00eda-80oC. Nivel suciedad alto. Mejora la calidad del lavado.<\/p>\n","protected":false},"excerpt":{"rendered":"<p>Caracter\u00edsticas:<\/p>\n<ul>\n<li>Concentrado tensioactivo enzim\u00e1tico reforzante del lavado y prelavado.<\/li>\n<li>Facilita la eliminaci\u00f3n de manchas dif\u00edciles<\/li>\n<\/ul>\n<p>Datos t\u00e9cnicos:<\/p>\n<ul>\n<li>PH 9.<\/li>\n<li>Producto l\u00edquido opalescente.<\/li>\n<li>Color: amarillento.<\/li>\n<li>Perfume: caracter\u00edstico.<\/li>\n<li>Dosificar manualmente en las fases de lavado en funci\u00f3n del nivel de suciedad.<\/li>\n<li>Suciedad ligera (g\/kg ropa): 1-2 (prelavado) \/1-2 (lavado).<\/li>\n<li>Suciedad normal (g\/kg ropa): 1-2 (prelavado) \/ 2-3 (lavado).<\/li>\n<li>Suciedad alta (g\/kg ropa): 2-3 (prelavado) \/ 3-5 (lavado).<\/li>\n<li>Uso autom\u00e1tico en sistemas LAVAMATIC de dosificaci\u00f3n.<\/li>\n<\/ul>\n<p><strong>SKU: BX5019<\/strong><\/p>\n","protected":false},"featured_media":10821,"template":"","meta":[],"product_brand":[],"product_cat":[732,1049,94],"product_tag":[],"class_list":{"0":"post-10820","1":"product","2":"type-product","3":"status-publish","4":"has-post-thumbnail","6":"product_cat-aditivos","7":"product_cat-lavanderia","8":"product_cat-quimicos-articulos-limpieza","10":"first","11":"instock","12":"shipping-taxable","13":"product-type-simple"},"yoast_head":"<!-- This site is optimized with the Yoast SEO plugin v27.3 - https:\/\/yoast.com\/product\/yoast-seo-wordpress\/ -->\n<title>HUMECTANTE ENZIM\u00c1TICO BID\u00d3N 20L - C\u00d3DIGO: BX5019 - Meprolim<\/title>\n<meta name=\"robots\" content=\"index, follow, max-snippet:-1, max-image-preview:large, max-video-preview:-1\" \/>\n<link rel=\"canonical\" href=\"https:\/\/meprolim.es\/producto\/quimicos-articulos-limpieza\/productos-quimicos-industriales\/lavanderia\/aditivos\/humectante-enzimatico-bidon-20l-codigo-bx5019\/\" \/>\n<meta property=\"og:locale\" content=\"en_US\" \/>\n<meta property=\"og:type\" content=\"article\" \/>\n<meta property=\"og:title\" content=\"HUMECTANTE ENZIM\u00c1TICO BID\u00d3N 20L - C\u00d3DIGO: BX5019 - Meprolim\" \/>\n<meta property=\"og:description\" content=\"Caracter\u00edsticas:   Concentrado tensioactivo enzim\u00e1tico reforzante del lavado y prelavado.  Facilita la eliminaci\u00f3n de manchas dif\u00edciles  Datos t\u00e9cnicos:   PH 9.  Producto l\u00edquido opalescente.  Color: amarillento.  Perfume: caracter\u00edstico.  Dosificar manualmente en las fases de lavado en funci\u00f3n del nivel de suciedad.  Suciedad ligera (g\/kg ropa): 1-2 (prelavado) \/1-2 (lavado).  Suciedad normal (g\/kg ropa): 1-2 (prelavado) \/ 2-3 (lavado).  Suciedad alta (g\/kg ropa): 2-3 (prelavado) \/ 3-5 (lavado).  Uso autom\u00e1tico en sistemas LAVAMATIC de dosificaci\u00f3n.  SKU: BX5019\" \/>\n<meta property=\"og:url\" content=\"https:\/\/meprolim.es\/producto\/quimicos-articulos-limpieza\/productos-quimicos-industriales\/lavanderia\/aditivos\/humectante-enzimatico-bidon-20l-codigo-bx5019\/\" \/>\n<meta property=\"og:site_name\" content=\"Meprolim\" \/>\n<meta property=\"article:modified_time\" content=\"2023-05-22T18:58:39+00:00\" \/>\n<meta property=\"og:image\" content=\"https:\/\/meprolim.es\/wp-content\/uploads\/2019\/10\/BX5019.jpg\" \/>\n\t<meta property=\"og:image:width\" content=\"1417\" \/>\n\t<meta property=\"og:image:height\" content=\"1417\" \/>\n\t<meta property=\"og:image:type\" content=\"image\/jpeg\" \/>\n<meta name=\"twitter:card\" content=\"summary_large_image\" \/>\n<meta name=\"twitter:label1\" content=\"Est. reading time\" \/>\n\t<meta name=\"twitter:data1\" content=\"1 minute\" \/>\n<script type=\"application\/ld+json\" class=\"yoast-schema-graph\">{\"@context\":\"https:\\\/\\\/schema.org\",\"@graph\":[{\"@type\":\"WebPage\",\"@id\":\"https:\\\/\\\/meprolim.es\\\/producto\\\/quimicos-articulos-limpieza\\\/productos-quimicos-industriales\\\/lavanderia\\\/aditivos\\\/humectante-enzimatico-bidon-20l-codigo-bx5019\\\/\",\"url\":\"https:\\\/\\\/meprolim.es\\\/producto\\\/quimicos-articulos-limpieza\\\/productos-quimicos-industriales\\\/lavanderia\\\/aditivos\\\/humectante-enzimatico-bidon-20l-codigo-bx5019\\\/\",\"name\":\"HUMECTANTE ENZIM\u00c1TICO BID\u00d3N 20L - C\u00d3DIGO: BX5019 - Meprolim\",\"isPartOf\":{\"@id\":\"https:\\\/\\\/meprolim.es\\\/fr\\\/#website\"},\"primaryImageOfPage\":{\"@id\":\"https:\\\/\\\/meprolim.es\\\/producto\\\/quimicos-articulos-limpieza\\\/productos-quimicos-industriales\\\/lavanderia\\\/aditivos\\\/humectante-enzimatico-bidon-20l-codigo-bx5019\\\/#primaryimage\"},\"image\":{\"@id\":\"https:\\\/\\\/meprolim.es\\\/producto\\\/quimicos-articulos-limpieza\\\/productos-quimicos-industriales\\\/lavanderia\\\/aditivos\\\/humectante-enzimatico-bidon-20l-codigo-bx5019\\\/#primaryimage\"},\"thumbnailUrl\":\"https:\\\/\\\/meprolim.es\\\/wp-content\\\/uploads\\\/2019\\\/10\\\/BX5019.jpg\",\"datePublished\":\"2019-10-10T13:13:15+00:00\",\"dateModified\":\"2023-05-22T18:58:39+00:00\",\"breadcrumb\":{\"@id\":\"https:\\\/\\\/meprolim.es\\\/producto\\\/quimicos-articulos-limpieza\\\/productos-quimicos-industriales\\\/lavanderia\\\/aditivos\\\/humectante-enzimatico-bidon-20l-codigo-bx5019\\\/#breadcrumb\"},\"inLanguage\":\"en-US\",\"potentialAction\":[{\"@type\":\"ReadAction\",\"target\":[\"https:\\\/\\\/meprolim.es\\\/producto\\\/quimicos-articulos-limpieza\\\/productos-quimicos-industriales\\\/lavanderia\\\/aditivos\\\/humectante-enzimatico-bidon-20l-codigo-bx5019\\\/\"]}]},{\"@type\":\"ImageObject\",\"inLanguage\":\"en-US\",\"@id\":\"https:\\\/\\\/meprolim.es\\\/producto\\\/quimicos-articulos-limpieza\\\/productos-quimicos-industriales\\\/lavanderia\\\/aditivos\\\/humectante-enzimatico-bidon-20l-codigo-bx5019\\\/#primaryimage\",\"url\":\"https:\\\/\\\/meprolim.es\\\/wp-content\\\/uploads\\\/2019\\\/10\\\/BX5019.jpg\",\"contentUrl\":\"https:\\\/\\\/meprolim.es\\\/wp-content\\\/uploads\\\/2019\\\/10\\\/BX5019.jpg\",\"width\":1417,\"height\":1417},{\"@type\":\"BreadcrumbList\",\"@id\":\"https:\\\/\\\/meprolim.es\\\/producto\\\/quimicos-articulos-limpieza\\\/productos-quimicos-industriales\\\/lavanderia\\\/aditivos\\\/humectante-enzimatico-bidon-20l-codigo-bx5019\\\/#breadcrumb\",\"itemListElement\":[{\"@type\":\"ListItem\",\"position\":1,\"name\":\"Portada\",\"item\":\"https:\\\/\\\/meprolim.es\\\/en\\\/\"},{\"@type\":\"ListItem\",\"position\":2,\"name\":\"Catalogue\",\"item\":\"https:\\\/\\\/meprolim.es\\\/en\\\/catalogue\\\/\"},{\"@type\":\"ListItem\",\"position\":3,\"name\":\"HUMECTANTE ENZIM\u00c1TICO BID\u00d3N 20L &#8211; C\u00d3DIGO: BX5019\"}]},{\"@type\":\"WebSite\",\"@id\":\"https:\\\/\\\/meprolim.es\\\/fr\\\/#website\",\"url\":\"https:\\\/\\\/meprolim.es\\\/fr\\\/\",\"name\":\"Meprolim\",\"description\":\"Cavas Catalanas S.L.\",\"publisher\":{\"@id\":\"https:\\\/\\\/meprolim.es\\\/fr\\\/#organization\"},\"potentialAction\":[{\"@type\":\"SearchAction\",\"target\":{\"@type\":\"EntryPoint\",\"urlTemplate\":\"https:\\\/\\\/meprolim.es\\\/fr\\\/?s={search_term_string}\"},\"query-input\":{\"@type\":\"PropertyValueSpecification\",\"valueRequired\":true,\"valueName\":\"search_term_string\"}}],\"inLanguage\":\"en-US\"},{\"@type\":\"Organization\",\"@id\":\"https:\\\/\\\/meprolim.es\\\/fr\\\/#organization\",\"name\":\"Meprolim\",\"url\":\"https:\\\/\\\/meprolim.es\\\/fr\\\/\",\"logo\":{\"@type\":\"ImageObject\",\"inLanguage\":\"en-US\",\"@id\":\"https:\\\/\\\/meprolim.es\\\/fr\\\/#\\\/schema\\\/logo\\\/image\\\/\",\"url\":\"https:\\\/\\\/meprolim.es\\\/wp-content\\\/uploads\\\/2019\\\/07\\\/cropped-logo2.png\",\"contentUrl\":\"https:\\\/\\\/meprolim.es\\\/wp-content\\\/uploads\\\/2019\\\/07\\\/cropped-logo2.png\",\"width\":401,\"height\":162,\"caption\":\"Meprolim\"},\"image\":{\"@id\":\"https:\\\/\\\/meprolim.es\\\/fr\\\/#\\\/schema\\\/logo\\\/image\\\/\"}}]}<\/script>\n<!-- \/ Yoast SEO plugin. -->","yoast_head_json":{"title":"HUMECTANTE ENZIM\u00c1TICO BID\u00d3N 20L - C\u00d3DIGO: BX5019 - Meprolim","robots":{"index":"index","follow":"follow","max-snippet":"max-snippet:-1","max-image-preview":"max-image-preview:large","max-video-preview":"max-video-preview:-1"},"canonical":"https:\/\/meprolim.es\/producto\/quimicos-articulos-limpieza\/productos-quimicos-industriales\/lavanderia\/aditivos\/humectante-enzimatico-bidon-20l-codigo-bx5019\/","og_locale":"en_US","og_type":"article","og_title":"HUMECTANTE ENZIM\u00c1TICO BID\u00d3N 20L - C\u00d3DIGO: BX5019 - Meprolim","og_description":"Caracter\u00edsticas:   Concentrado tensioactivo enzim\u00e1tico reforzante del lavado y prelavado.  Facilita la eliminaci\u00f3n de manchas dif\u00edciles  Datos t\u00e9cnicos:   PH 9.  Producto l\u00edquido opalescente.  Color: amarillento.  Perfume: caracter\u00edstico.  Dosificar manualmente en las fases de lavado en funci\u00f3n del nivel de suciedad.  Suciedad ligera (g\/kg ropa): 1-2 (prelavado) \/1-2 (lavado).  Suciedad normal (g\/kg ropa): 1-2 (prelavado) \/ 2-3 (lavado).  Suciedad alta (g\/kg ropa): 2-3 (prelavado) \/ 3-5 (lavado).  Uso autom\u00e1tico en sistemas LAVAMATIC de dosificaci\u00f3n.  SKU: BX5019","og_url":"https:\/\/meprolim.es\/producto\/quimicos-articulos-limpieza\/productos-quimicos-industriales\/lavanderia\/aditivos\/humectante-enzimatico-bidon-20l-codigo-bx5019\/","og_site_name":"Meprolim","article_modified_time":"2023-05-22T18:58:39+00:00","og_image":[{"width":1417,"height":1417,"url":"https:\/\/meprolim.es\/wp-content\/uploads\/2019\/10\/BX5019.jpg","type":"image\/jpeg"}],"twitter_card":"summary_large_image","twitter_misc":{"Est. reading time":"1 minute"},"schema":{"@context":"https:\/\/schema.org","@graph":[{"@type":"WebPage","@id":"https:\/\/meprolim.es\/producto\/quimicos-articulos-limpieza\/productos-quimicos-industriales\/lavanderia\/aditivos\/humectante-enzimatico-bidon-20l-codigo-bx5019\/","url":"https:\/\/meprolim.es\/producto\/quimicos-articulos-limpieza\/productos-quimicos-industriales\/lavanderia\/aditivos\/humectante-enzimatico-bidon-20l-codigo-bx5019\/","name":"HUMECTANTE ENZIM\u00c1TICO BID\u00d3N 20L - C\u00d3DIGO: BX5019 - Meprolim","isPartOf":{"@id":"https:\/\/meprolim.es\/fr\/#website"},"primaryImageOfPage":{"@id":"https:\/\/meprolim.es\/producto\/quimicos-articulos-limpieza\/productos-quimicos-industriales\/lavanderia\/aditivos\/humectante-enzimatico-bidon-20l-codigo-bx5019\/#primaryimage"},"image":{"@id":"https:\/\/meprolim.es\/producto\/quimicos-articulos-limpieza\/productos-quimicos-industriales\/lavanderia\/aditivos\/humectante-enzimatico-bidon-20l-codigo-bx5019\/#primaryimage"},"thumbnailUrl":"https:\/\/meprolim.es\/wp-content\/uploads\/2019\/10\/BX5019.jpg","datePublished":"2019-10-10T13:13:15+00:00","dateModified":"2023-05-22T18:58:39+00:00","breadcrumb":{"@id":"https:\/\/meprolim.es\/producto\/quimicos-articulos-limpieza\/productos-quimicos-industriales\/lavanderia\/aditivos\/humectante-enzimatico-bidon-20l-codigo-bx5019\/#breadcrumb"},"inLanguage":"en-US","potentialAction":[{"@type":"ReadAction","target":["https:\/\/meprolim.es\/producto\/quimicos-articulos-limpieza\/productos-quimicos-industriales\/lavanderia\/aditivos\/humectante-enzimatico-bidon-20l-codigo-bx5019\/"]}]},{"@type":"ImageObject","inLanguage":"en-US","@id":"https:\/\/meprolim.es\/producto\/quimicos-articulos-limpieza\/productos-quimicos-industriales\/lavanderia\/aditivos\/humectante-enzimatico-bidon-20l-codigo-bx5019\/#primaryimage","url":"https:\/\/meprolim.es\/wp-content\/uploads\/2019\/10\/BX5019.jpg","contentUrl":"https:\/\/meprolim.es\/wp-content\/uploads\/2019\/10\/BX5019.jpg","width":1417,"height":1417},{"@type":"BreadcrumbList","@id":"https:\/\/meprolim.es\/producto\/quimicos-articulos-limpieza\/productos-quimicos-industriales\/lavanderia\/aditivos\/humectante-enzimatico-bidon-20l-codigo-bx5019\/#breadcrumb","itemListElement":[{"@type":"ListItem","position":1,"name":"Portada","item":"https:\/\/meprolim.es\/en\/"},{"@type":"ListItem","position":2,"name":"Catalogue","item":"https:\/\/meprolim.es\/en\/catalogue\/"},{"@type":"ListItem","position":3,"name":"HUMECTANTE ENZIM\u00c1TICO BID\u00d3N 20L &#8211; C\u00d3DIGO: BX5019"}]},{"@type":"WebSite","@id":"https:\/\/meprolim.es\/fr\/#website","url":"https:\/\/meprolim.es\/fr\/","name":"Meprolim","description":"Cavas Catalanas S.L.","publisher":{"@id":"https:\/\/meprolim.es\/fr\/#organization"},"potentialAction":[{"@type":"SearchAction","target":{"@type":"EntryPoint","urlTemplate":"https:\/\/meprolim.es\/fr\/?s={search_term_string}"},"query-input":{"@type":"PropertyValueSpecification","valueRequired":true,"valueName":"search_term_string"}}],"inLanguage":"en-US"},{"@type":"Organization","@id":"https:\/\/meprolim.es\/fr\/#organization","name":"Meprolim","url":"https:\/\/meprolim.es\/fr\/","logo":{"@type":"ImageObject","inLanguage":"en-US","@id":"https:\/\/meprolim.es\/fr\/#\/schema\/logo\/image\/","url":"https:\/\/meprolim.es\/wp-content\/uploads\/2019\/07\/cropped-logo2.png","contentUrl":"https:\/\/meprolim.es\/wp-content\/uploads\/2019\/07\/cropped-logo2.png","width":401,"height":162,"caption":"Meprolim"},"image":{"@id":"https:\/\/meprolim.es\/fr\/#\/schema\/logo\/image\/"}}]}},"_links":{"self":[{"href":"https:\/\/meprolim.es\/en\/wp-json\/wp\/v2\/product\/10820","targetHints":{"allow":["GET"]}}],"collection":[{"href":"https:\/\/meprolim.es\/en\/wp-json\/wp\/v2\/product"}],"about":[{"href":"https:\/\/meprolim.es\/en\/wp-json\/wp\/v2\/types\/product"}],"wp:featuredmedia":[{"embeddable":true,"href":"https:\/\/meprolim.es\/en\/wp-json\/wp\/v2\/media\/10821"}],"wp:attachment":[{"href":"https:\/\/meprolim.es\/en\/wp-json\/wp\/v2\/media?parent=10820"}],"wp:term":[{"taxonomy":"product_brand","embeddable":true,"href":"https:\/\/meprolim.es\/en\/wp-json\/wp\/v2\/product_brand?post=10820"},{"taxonomy":"product_cat","embeddable":true,"href":"https:\/\/meprolim.es\/en\/wp-json\/wp\/v2\/product_cat?post=10820"},{"taxonomy":"product_tag","embeddable":true,"href":"https:\/\/meprolim.es\/en\/wp-json\/wp\/v2\/product_tag?post=10820"}],"curies":[{"name":"wp","href":"https:\/\/api.w.org\/{rel}","templated":true}]}}