{"id":10828,"date":"2019-10-15T10:34:22","date_gmt":"2019-10-15T09:34:22","guid":{"rendered":"http:\/\/www.meprolim.es\/?post_type=product&#038;p=10828"},"modified":"2023-05-26T15:31:33","modified_gmt":"2023-05-26T14:31:33","slug":"bote-1lt-desengrasante-general-meprolim-codigo-fr2052","status":"publish","type":"product","link":"https:\/\/meprolim.es\/en\/producto\/quimicos-y-articulos-de-limpieza\/productos-quimicos-industriales-en\/desengrasantes-productos-quimicos-industriales-en\/comunes-en\/bote-1lt-desengrasante-general-meprolim-codigo-fr2052\/","title":{"rendered":"BOTE 1LT DESENGRASANTE GENERAL MEPROLIM &#8211; C\u00d3DIGO: FR2052"},"content":{"rendered":"<p>Detergente general.\u00a0<\/p>\n","protected":false},"excerpt":{"rendered":"<p style=\"text-align: justify;\">Caracter\u00edsticas:<\/p>\n<ul style=\"text-align: justify;\">\n<li>Producto alcalino con gran poder de eliminaci\u00f3n de grasa, alto poder de destrucci\u00f3n y saponificaci\u00f3n de todo tipo de grasas.<\/li>\n<li>Disuelve la grasa actuando en la porosidad de la superficie.<\/li>\n<li>Aumenta la eficacia del producto.<\/li>\n<li>Componentes de baja alcalinidad.<\/li>\n<li>Contiene disolventes, poder de penetraci\u00f3n en los poros de la superficie a limpiar.<\/li>\n<li>APTO PARA USO ALIMENTARIO.<\/li>\n<\/ul>\n<p style=\"text-align: justify;\">Datos t\u00e9cnicos:<\/p>\n<ul>\n<li style=\"text-align: justify;\">Producto l\u00edquido.<\/li>\n<li style=\"text-align: justify;\">Color: amarillo.<\/li>\n<li style=\"text-align: justify;\">Perfume: caracter\u00edstico.<\/li>\n<li style=\"text-align: justify;\">Aplicar el producto sobre la superficie a limpiar y dejar actuar.<\/li>\n<li>Pasar un trapo para limpiar la superficie.<\/li>\n<li>No necesita aclarado.<\/li>\n<\/ul>\n<p><strong>SKU: FR2052<\/strong><\/p>\n","protected":false},"featured_media":10829,"template":"","meta":[],"product_brand":[],"product_cat":[907,1061,652,94],"product_tag":[],"class_list":{"0":"post-10828","1":"product","2":"type-product","3":"status-publish","4":"has-post-thumbnail","6":"product_cat-comunes","7":"product_cat-desengrasantes-productos-quimicos-industriales","8":"product_cat-productos-quimicos-industriales","9":"product_cat-quimicos-articulos-limpieza","11":"first","12":"instock","13":"shipping-taxable","14":"product-type-simple"},"yoast_head":"<!-- This site is optimized with the Yoast SEO plugin v27.4 - https:\/\/yoast.com\/product\/yoast-seo-wordpress\/ -->\n<title>BOTE 1LT DESENGRASANTE GENERAL MEPROLIM - C\u00d3DIGO: FR2052 - Meprolim<\/title>\n<meta name=\"robots\" content=\"index, follow, max-snippet:-1, max-image-preview:large, max-video-preview:-1\" \/>\n<link rel=\"canonical\" href=\"https:\/\/meprolim.es\/producto\/quimicos-articulos-limpieza\/productos-quimicos-industriales\/desengrasantes-productos-quimicos-industriales\/comunes\/bote-1lt-desengrasante-general-meprolim-codigo-fr2052\/\" \/>\n<meta property=\"og:locale\" content=\"en_US\" \/>\n<meta property=\"og:type\" content=\"article\" \/>\n<meta property=\"og:title\" content=\"BOTE 1LT DESENGRASANTE GENERAL MEPROLIM - C\u00d3DIGO: FR2052 - Meprolim\" \/>\n<meta property=\"og:description\" content=\"Caracter\u00edsticas:   Producto alcalino con gran poder de eliminaci\u00f3n de grasa, alto poder de destrucci\u00f3n y saponificaci\u00f3n de todo tipo de grasas.  Disuelve la grasa actuando en la porosidad de la superficie.  Aumenta la eficacia del producto.  Componentes de baja alcalinidad.  Contiene disolventes, poder de penetraci\u00f3n en los poros de la superficie a limpiar.  APTO PARA USO ALIMENTARIO.  Datos t\u00e9cnicos:   Producto l\u00edquido.  Color: amarillo.  Perfume: caracter\u00edstico.  Aplicar el producto sobre la superficie a limpiar y dejar actuar.  Pasar un trapo para limpiar la superficie.  No necesita aclarado.  SKU: FR2052\" \/>\n<meta property=\"og:url\" content=\"https:\/\/meprolim.es\/producto\/quimicos-articulos-limpieza\/productos-quimicos-industriales\/desengrasantes-productos-quimicos-industriales\/comunes\/bote-1lt-desengrasante-general-meprolim-codigo-fr2052\/\" \/>\n<meta property=\"og:site_name\" content=\"Meprolim\" \/>\n<meta property=\"article:modified_time\" content=\"2023-05-26T14:31:33+00:00\" \/>\n<meta property=\"og:image\" content=\"https:\/\/meprolim.es\/wp-content\/uploads\/2019\/10\/FR2052.jpg\" \/>\n\t<meta property=\"og:image:width\" content=\"768\" \/>\n\t<meta property=\"og:image:height\" content=\"768\" \/>\n\t<meta property=\"og:image:type\" content=\"image\/jpeg\" \/>\n<meta name=\"twitter:card\" content=\"summary_large_image\" \/>\n<meta name=\"twitter:label1\" content=\"Est. reading time\" \/>\n\t<meta name=\"twitter:data1\" content=\"1 minute\" \/>\n<script type=\"application\/ld+json\" class=\"yoast-schema-graph\">{\"@context\":\"https:\\\/\\\/schema.org\",\"@graph\":[{\"@type\":\"WebPage\",\"@id\":\"https:\\\/\\\/meprolim.es\\\/producto\\\/quimicos-articulos-limpieza\\\/productos-quimicos-industriales\\\/desengrasantes-productos-quimicos-industriales\\\/comunes\\\/bote-1lt-desengrasante-general-meprolim-codigo-fr2052\\\/\",\"url\":\"https:\\\/\\\/meprolim.es\\\/producto\\\/quimicos-articulos-limpieza\\\/productos-quimicos-industriales\\\/desengrasantes-productos-quimicos-industriales\\\/comunes\\\/bote-1lt-desengrasante-general-meprolim-codigo-fr2052\\\/\",\"name\":\"BOTE 1LT DESENGRASANTE GENERAL MEPROLIM - C\u00d3DIGO: FR2052 - Meprolim\",\"isPartOf\":{\"@id\":\"https:\\\/\\\/meprolim.es\\\/fr\\\/#website\"},\"primaryImageOfPage\":{\"@id\":\"https:\\\/\\\/meprolim.es\\\/producto\\\/quimicos-articulos-limpieza\\\/productos-quimicos-industriales\\\/desengrasantes-productos-quimicos-industriales\\\/comunes\\\/bote-1lt-desengrasante-general-meprolim-codigo-fr2052\\\/#primaryimage\"},\"image\":{\"@id\":\"https:\\\/\\\/meprolim.es\\\/producto\\\/quimicos-articulos-limpieza\\\/productos-quimicos-industriales\\\/desengrasantes-productos-quimicos-industriales\\\/comunes\\\/bote-1lt-desengrasante-general-meprolim-codigo-fr2052\\\/#primaryimage\"},\"thumbnailUrl\":\"https:\\\/\\\/meprolim.es\\\/wp-content\\\/uploads\\\/2019\\\/10\\\/FR2052.jpg\",\"datePublished\":\"2019-10-15T09:34:22+00:00\",\"dateModified\":\"2023-05-26T14:31:33+00:00\",\"breadcrumb\":{\"@id\":\"https:\\\/\\\/meprolim.es\\\/producto\\\/quimicos-articulos-limpieza\\\/productos-quimicos-industriales\\\/desengrasantes-productos-quimicos-industriales\\\/comunes\\\/bote-1lt-desengrasante-general-meprolim-codigo-fr2052\\\/#breadcrumb\"},\"inLanguage\":\"en-US\",\"potentialAction\":[{\"@type\":\"ReadAction\",\"target\":[\"https:\\\/\\\/meprolim.es\\\/producto\\\/quimicos-articulos-limpieza\\\/productos-quimicos-industriales\\\/desengrasantes-productos-quimicos-industriales\\\/comunes\\\/bote-1lt-desengrasante-general-meprolim-codigo-fr2052\\\/\"]}]},{\"@type\":\"ImageObject\",\"inLanguage\":\"en-US\",\"@id\":\"https:\\\/\\\/meprolim.es\\\/producto\\\/quimicos-articulos-limpieza\\\/productos-quimicos-industriales\\\/desengrasantes-productos-quimicos-industriales\\\/comunes\\\/bote-1lt-desengrasante-general-meprolim-codigo-fr2052\\\/#primaryimage\",\"url\":\"https:\\\/\\\/meprolim.es\\\/wp-content\\\/uploads\\\/2019\\\/10\\\/FR2052.jpg\",\"contentUrl\":\"https:\\\/\\\/meprolim.es\\\/wp-content\\\/uploads\\\/2019\\\/10\\\/FR2052.jpg\",\"width\":768,\"height\":768},{\"@type\":\"BreadcrumbList\",\"@id\":\"https:\\\/\\\/meprolim.es\\\/producto\\\/quimicos-articulos-limpieza\\\/productos-quimicos-industriales\\\/desengrasantes-productos-quimicos-industriales\\\/comunes\\\/bote-1lt-desengrasante-general-meprolim-codigo-fr2052\\\/#breadcrumb\",\"itemListElement\":[{\"@type\":\"ListItem\",\"position\":1,\"name\":\"Portada\",\"item\":\"https:\\\/\\\/meprolim.es\\\/en\\\/\"},{\"@type\":\"ListItem\",\"position\":2,\"name\":\"Catalogue\",\"item\":\"https:\\\/\\\/meprolim.es\\\/en\\\/catalogue\\\/\"},{\"@type\":\"ListItem\",\"position\":3,\"name\":\"BOTE 1LT DESENGRASANTE GENERAL MEPROLIM &#8211; C\u00d3DIGO: FR2052\"}]},{\"@type\":\"WebSite\",\"@id\":\"https:\\\/\\\/meprolim.es\\\/fr\\\/#website\",\"url\":\"https:\\\/\\\/meprolim.es\\\/fr\\\/\",\"name\":\"Meprolim\",\"description\":\"Cavas Catalanas S.L.\",\"publisher\":{\"@id\":\"https:\\\/\\\/meprolim.es\\\/fr\\\/#organization\"},\"potentialAction\":[{\"@type\":\"SearchAction\",\"target\":{\"@type\":\"EntryPoint\",\"urlTemplate\":\"https:\\\/\\\/meprolim.es\\\/fr\\\/?s={search_term_string}\"},\"query-input\":{\"@type\":\"PropertyValueSpecification\",\"valueRequired\":true,\"valueName\":\"search_term_string\"}}],\"inLanguage\":\"en-US\"},{\"@type\":\"Organization\",\"@id\":\"https:\\\/\\\/meprolim.es\\\/fr\\\/#organization\",\"name\":\"Meprolim\",\"url\":\"https:\\\/\\\/meprolim.es\\\/fr\\\/\",\"logo\":{\"@type\":\"ImageObject\",\"inLanguage\":\"en-US\",\"@id\":\"https:\\\/\\\/meprolim.es\\\/fr\\\/#\\\/schema\\\/logo\\\/image\\\/\",\"url\":\"https:\\\/\\\/meprolim.es\\\/wp-content\\\/uploads\\\/2019\\\/07\\\/cropped-logo2.png\",\"contentUrl\":\"https:\\\/\\\/meprolim.es\\\/wp-content\\\/uploads\\\/2019\\\/07\\\/cropped-logo2.png\",\"width\":401,\"height\":162,\"caption\":\"Meprolim\"},\"image\":{\"@id\":\"https:\\\/\\\/meprolim.es\\\/fr\\\/#\\\/schema\\\/logo\\\/image\\\/\"}}]}<\/script>\n<!-- \/ Yoast SEO plugin. -->","yoast_head_json":{"title":"BOTE 1LT DESENGRASANTE GENERAL MEPROLIM - C\u00d3DIGO: FR2052 - Meprolim","robots":{"index":"index","follow":"follow","max-snippet":"max-snippet:-1","max-image-preview":"max-image-preview:large","max-video-preview":"max-video-preview:-1"},"canonical":"https:\/\/meprolim.es\/producto\/quimicos-articulos-limpieza\/productos-quimicos-industriales\/desengrasantes-productos-quimicos-industriales\/comunes\/bote-1lt-desengrasante-general-meprolim-codigo-fr2052\/","og_locale":"en_US","og_type":"article","og_title":"BOTE 1LT DESENGRASANTE GENERAL MEPROLIM - C\u00d3DIGO: FR2052 - Meprolim","og_description":"Caracter\u00edsticas:   Producto alcalino con gran poder de eliminaci\u00f3n de grasa, alto poder de destrucci\u00f3n y saponificaci\u00f3n de todo tipo de grasas.  Disuelve la grasa actuando en la porosidad de la superficie.  Aumenta la eficacia del producto.  Componentes de baja alcalinidad.  Contiene disolventes, poder de penetraci\u00f3n en los poros de la superficie a limpiar.  APTO PARA USO ALIMENTARIO.  Datos t\u00e9cnicos:   Producto l\u00edquido.  Color: amarillo.  Perfume: caracter\u00edstico.  Aplicar el producto sobre la superficie a limpiar y dejar actuar.  Pasar un trapo para limpiar la superficie.  No necesita aclarado.  SKU: FR2052","og_url":"https:\/\/meprolim.es\/producto\/quimicos-articulos-limpieza\/productos-quimicos-industriales\/desengrasantes-productos-quimicos-industriales\/comunes\/bote-1lt-desengrasante-general-meprolim-codigo-fr2052\/","og_site_name":"Meprolim","article_modified_time":"2023-05-26T14:31:33+00:00","og_image":[{"width":768,"height":768,"url":"https:\/\/meprolim.es\/wp-content\/uploads\/2019\/10\/FR2052.jpg","type":"image\/jpeg"}],"twitter_card":"summary_large_image","twitter_misc":{"Est. reading time":"1 minute"},"schema":{"@context":"https:\/\/schema.org","@graph":[{"@type":"WebPage","@id":"https:\/\/meprolim.es\/producto\/quimicos-articulos-limpieza\/productos-quimicos-industriales\/desengrasantes-productos-quimicos-industriales\/comunes\/bote-1lt-desengrasante-general-meprolim-codigo-fr2052\/","url":"https:\/\/meprolim.es\/producto\/quimicos-articulos-limpieza\/productos-quimicos-industriales\/desengrasantes-productos-quimicos-industriales\/comunes\/bote-1lt-desengrasante-general-meprolim-codigo-fr2052\/","name":"BOTE 1LT DESENGRASANTE GENERAL MEPROLIM - C\u00d3DIGO: FR2052 - Meprolim","isPartOf":{"@id":"https:\/\/meprolim.es\/fr\/#website"},"primaryImageOfPage":{"@id":"https:\/\/meprolim.es\/producto\/quimicos-articulos-limpieza\/productos-quimicos-industriales\/desengrasantes-productos-quimicos-industriales\/comunes\/bote-1lt-desengrasante-general-meprolim-codigo-fr2052\/#primaryimage"},"image":{"@id":"https:\/\/meprolim.es\/producto\/quimicos-articulos-limpieza\/productos-quimicos-industriales\/desengrasantes-productos-quimicos-industriales\/comunes\/bote-1lt-desengrasante-general-meprolim-codigo-fr2052\/#primaryimage"},"thumbnailUrl":"https:\/\/meprolim.es\/wp-content\/uploads\/2019\/10\/FR2052.jpg","datePublished":"2019-10-15T09:34:22+00:00","dateModified":"2023-05-26T14:31:33+00:00","breadcrumb":{"@id":"https:\/\/meprolim.es\/producto\/quimicos-articulos-limpieza\/productos-quimicos-industriales\/desengrasantes-productos-quimicos-industriales\/comunes\/bote-1lt-desengrasante-general-meprolim-codigo-fr2052\/#breadcrumb"},"inLanguage":"en-US","potentialAction":[{"@type":"ReadAction","target":["https:\/\/meprolim.es\/producto\/quimicos-articulos-limpieza\/productos-quimicos-industriales\/desengrasantes-productos-quimicos-industriales\/comunes\/bote-1lt-desengrasante-general-meprolim-codigo-fr2052\/"]}]},{"@type":"ImageObject","inLanguage":"en-US","@id":"https:\/\/meprolim.es\/producto\/quimicos-articulos-limpieza\/productos-quimicos-industriales\/desengrasantes-productos-quimicos-industriales\/comunes\/bote-1lt-desengrasante-general-meprolim-codigo-fr2052\/#primaryimage","url":"https:\/\/meprolim.es\/wp-content\/uploads\/2019\/10\/FR2052.jpg","contentUrl":"https:\/\/meprolim.es\/wp-content\/uploads\/2019\/10\/FR2052.jpg","width":768,"height":768},{"@type":"BreadcrumbList","@id":"https:\/\/meprolim.es\/producto\/quimicos-articulos-limpieza\/productos-quimicos-industriales\/desengrasantes-productos-quimicos-industriales\/comunes\/bote-1lt-desengrasante-general-meprolim-codigo-fr2052\/#breadcrumb","itemListElement":[{"@type":"ListItem","position":1,"name":"Portada","item":"https:\/\/meprolim.es\/en\/"},{"@type":"ListItem","position":2,"name":"Catalogue","item":"https:\/\/meprolim.es\/en\/catalogue\/"},{"@type":"ListItem","position":3,"name":"BOTE 1LT DESENGRASANTE GENERAL MEPROLIM &#8211; C\u00d3DIGO: FR2052"}]},{"@type":"WebSite","@id":"https:\/\/meprolim.es\/fr\/#website","url":"https:\/\/meprolim.es\/fr\/","name":"Meprolim","description":"Cavas Catalanas S.L.","publisher":{"@id":"https:\/\/meprolim.es\/fr\/#organization"},"potentialAction":[{"@type":"SearchAction","target":{"@type":"EntryPoint","urlTemplate":"https:\/\/meprolim.es\/fr\/?s={search_term_string}"},"query-input":{"@type":"PropertyValueSpecification","valueRequired":true,"valueName":"search_term_string"}}],"inLanguage":"en-US"},{"@type":"Organization","@id":"https:\/\/meprolim.es\/fr\/#organization","name":"Meprolim","url":"https:\/\/meprolim.es\/fr\/","logo":{"@type":"ImageObject","inLanguage":"en-US","@id":"https:\/\/meprolim.es\/fr\/#\/schema\/logo\/image\/","url":"https:\/\/meprolim.es\/wp-content\/uploads\/2019\/07\/cropped-logo2.png","contentUrl":"https:\/\/meprolim.es\/wp-content\/uploads\/2019\/07\/cropped-logo2.png","width":401,"height":162,"caption":"Meprolim"},"image":{"@id":"https:\/\/meprolim.es\/fr\/#\/schema\/logo\/image\/"}}]}},"_links":{"self":[{"href":"https:\/\/meprolim.es\/en\/wp-json\/wp\/v2\/product\/10828","targetHints":{"allow":["GET"]}}],"collection":[{"href":"https:\/\/meprolim.es\/en\/wp-json\/wp\/v2\/product"}],"about":[{"href":"https:\/\/meprolim.es\/en\/wp-json\/wp\/v2\/types\/product"}],"wp:featuredmedia":[{"embeddable":true,"href":"https:\/\/meprolim.es\/en\/wp-json\/wp\/v2\/media\/10829"}],"wp:attachment":[{"href":"https:\/\/meprolim.es\/en\/wp-json\/wp\/v2\/media?parent=10828"}],"wp:term":[{"taxonomy":"product_brand","embeddable":true,"href":"https:\/\/meprolim.es\/en\/wp-json\/wp\/v2\/product_brand?post=10828"},{"taxonomy":"product_cat","embeddable":true,"href":"https:\/\/meprolim.es\/en\/wp-json\/wp\/v2\/product_cat?post=10828"},{"taxonomy":"product_tag","embeddable":true,"href":"https:\/\/meprolim.es\/en\/wp-json\/wp\/v2\/product_tag?post=10828"}],"curies":[{"name":"wp","href":"https:\/\/api.w.org\/{rel}","templated":true}]}}