{"id":23466,"date":"2023-04-13T17:30:09","date_gmt":"2023-04-13T16:30:09","guid":{"rendered":"https:\/\/meprolim.es\/?post_type=product&#038;p=23466"},"modified":"2023-04-13T17:49:36","modified_gmt":"2023-04-13T16:49:36","slug":"pack-105-ud-tork-premium-530-azul","status":"publish","type":"product","link":"https:\/\/meprolim.es\/en\/producto\/carros-de-servicio-fregado-manual-y-articulos-de-limpieza\/panos-no-tejido-en\/pack-105-ud-tork-premium-530-azul\/","title":{"rendered":"PACK 105 UD. TORK PREMIUM 530 AZUL &#8211; C\u00d3DIGO: CR4040"},"content":{"rendered":"<div class=\"wpb-content-wrapper\"><p>[vc_row][vc_column][vc_column_text]<strong>W4 &#8211; sistema Top Pak <\/strong><\/p>\n<ul>\n<li>Nivel de calidad Premium<\/li>\n<li>Capa 1<\/li>\n<li>Longitud plegado 10,8 cm<\/li>\n<li>Ancho del rollo 19,4 cm<\/li>\n<li>\n<div class=\"product-attribute-item\">Anchura plegado 35,5 cm<\/div>\n<\/li>\n<li>\n<div class=\"product-attribute-item\"><\/div>\n<div class=\"product-attribute-item\">Longitud desplegado 41,5 cm<\/div>\n<\/li>\n<li>\n<div class=\"product-attribute-item\"><\/div>\n<div class=\"product-attribute-item\">Anchura desplegado 35,5 cm<\/div>\n<\/li>\n<li>Peso bruto del rollo 11,8 g<\/li>\n<\/ul>\n<p>[\/vc_column_text][\/vc_column][\/vc_row]<\/p>\n<\/div>","protected":false},"excerpt":{"rendered":"<p>Acaba f\u00e1cilmente con los derrames m\u00e1s dif\u00edciles con nuestro pa\u00f1o de limpieza grueso y absorbente. Gracias a su resistente dise\u00f1o, se puede utilizar con la mayor\u00eda de los disolventes y protege las manos para realizar las tareas de limpieza de forma segura y sin complicaciones. Est\u00e1 disponible en una caja Tork Easy Handling\u00ae que facilita el transporte, mejora la higiene con la dispensaci\u00f3n individual y minimiza los residuos. Adem\u00e1s, te permite reducir el impacto medioambiental de tu empresa: hemos reducido las emisiones de CO2 de los pa\u00f1os Tork exelCLEAN\u00ae en un 28\u00a0% desde 2011*, y el embalaje est\u00e1 fabricado con materiales reciclados. *\u00a0LCA (An\u00e1lisis del ciclo de vida, Life Cycle Analysis) realizado por Essity e IVL Svenska Milj\u00f6institutet en abril de 2021<\/p>\n<ul>\n<li style=\"list-style-type: none;\">\n<ul class=\"product-usp-list\">\n<li>El papel de color azul es m\u00e1s visible y ofrece trazabilidad en los materiales alimentarios, por lo que mejora la seguridad de la producci\u00f3n en el sector del procesamiento de alimentos<\/li>\n<li>Estos pa\u00f1os reducen el tiempo de limpieza hasta en un 35\u00a0% y requieren hasta un 31\u00a0% menos de esfuerzo que los trapos de alquiler, ya que son adecuados para un uso repetido.<\/li>\n<li>El dise\u00f1o resistente de estos pa\u00f1os protege las manos del calor y los desechos met\u00e1licos en entornos industriales.<\/li>\n<li>Mejora la sostenibilidad de tus operaciones: el embalaje de este producto est\u00e1 fabricado con fibras recicladas al 100\u00a0% y al menos un 30\u00a0% de pl\u00e1stico reciclado.<\/li>\n<\/ul>\n<\/li>\n<\/ul>\n<p><strong>SKU: CR4040<\/strong><\/p>\n","protected":false},"featured_media":23462,"template":"","meta":[],"product_brand":[],"product_cat":[1069,102,638],"product_tag":[486,570,565],"class_list":{"0":"post-23466","1":"product","2":"type-product","3":"status-publish","4":"has-post-thumbnail","6":"product_cat-bayetas","7":"product_cat-carros-de-servicio-fregado-manual-y-articulos-de-limpieza","8":"product_cat-panos-no-tejido","9":"product_tag-bano","10":"product_tag-papel-de-limpieza","11":"product_tag-papel-de-manos","13":"first","14":"instock","15":"shipping-taxable","16":"product-type-simple"},"yoast_head":"<!-- This site is optimized with the Yoast SEO plugin v27.3 - https:\/\/yoast.com\/product\/yoast-seo-wordpress\/ -->\n<title>PACK 105 UD. TORK PREMIUM 530 AZUL - C\u00d3DIGO: CR4040 - Meprolim<\/title>\n<meta name=\"robots\" content=\"index, follow, max-snippet:-1, max-image-preview:large, max-video-preview:-1\" \/>\n<link rel=\"canonical\" href=\"https:\/\/meprolim.es\/producto\/carros-de-servicio-fregado-manual-y-articulos-de-limpieza\/panos-no-tejido\/pack-105-ud-tork-premium-530-azul\/\" \/>\n<meta property=\"og:locale\" content=\"en_US\" \/>\n<meta property=\"og:type\" content=\"article\" \/>\n<meta property=\"og:title\" content=\"PACK 105 UD. TORK PREMIUM 530 AZUL - C\u00d3DIGO: CR4040 - Meprolim\" \/>\n<meta property=\"og:description\" content=\"Acaba f\u00e1cilmente con los derrames m\u00e1s dif\u00edciles con nuestro pa\u00f1o de limpieza grueso y absorbente. Gracias a su resistente dise\u00f1o, se puede utilizar con la mayor\u00eda de los disolventes y protege las manos para realizar las tareas de limpieza de forma segura y sin complicaciones. Est\u00e1 disponible en una caja Tork Easy Handling\u00ae que facilita el transporte, mejora la higiene con la dispensaci\u00f3n individual y minimiza los residuos. Adem\u00e1s, te permite reducir el impacto medioambiental de tu empresa: hemos reducido las emisiones de CO2 de los pa\u00f1os Tork exelCLEAN\u00ae en un 28\u00a0% desde 2011*, y el embalaje est\u00e1 fabricado con materiales reciclados. *\u00a0LCA (An\u00e1lisis del ciclo de vida, Life Cycle Analysis) realizado por Essity e IVL Svenska Milj\u00f6institutet en abril de 2021      El papel de color azul es m\u00e1s visible y ofrece trazabilidad en los materiales alimentarios, por lo que mejora la seguridad de la producci\u00f3n en el sector del procesamiento de alimentos  Estos pa\u00f1os reducen el tiempo de limpieza hasta en un 35\u00a0% y requieren hasta un 31\u00a0% menos de esfuerzo que los trapos de alquiler, ya que son adecuados para un uso repetido.  El dise\u00f1o resistente de estos pa\u00f1os protege las manos del calor y los desechos met\u00e1licos en entornos industriales.  Mejora la sostenibilidad de tus operaciones: el embalaje de este producto est\u00e1 fabricado con fibras recicladas al 100\u00a0% y al menos un 30\u00a0% de pl\u00e1stico reciclado.    SKU: CR4040\" \/>\n<meta property=\"og:url\" content=\"https:\/\/meprolim.es\/producto\/carros-de-servicio-fregado-manual-y-articulos-de-limpieza\/panos-no-tejido\/pack-105-ud-tork-premium-530-azul\/\" \/>\n<meta property=\"og:site_name\" content=\"Meprolim\" \/>\n<meta property=\"article:modified_time\" content=\"2023-04-13T16:49:36+00:00\" \/>\n<meta property=\"og:image\" content=\"https:\/\/meprolim.es\/wp-content\/uploads\/2023\/04\/CR4040.jpg\" \/>\n\t<meta property=\"og:image:width\" content=\"768\" \/>\n\t<meta property=\"og:image:height\" content=\"768\" \/>\n\t<meta property=\"og:image:type\" content=\"image\/jpeg\" \/>\n<meta name=\"twitter:card\" content=\"summary_large_image\" \/>\n<meta name=\"twitter:label1\" content=\"Est. reading time\" \/>\n\t<meta name=\"twitter:data1\" content=\"1 minute\" \/>\n<script type=\"application\/ld+json\" class=\"yoast-schema-graph\">{\"@context\":\"https:\\\/\\\/schema.org\",\"@graph\":[{\"@type\":\"WebPage\",\"@id\":\"https:\\\/\\\/meprolim.es\\\/producto\\\/carros-de-servicio-fregado-manual-y-articulos-de-limpieza\\\/panos-no-tejido\\\/pack-105-ud-tork-premium-530-azul\\\/\",\"url\":\"https:\\\/\\\/meprolim.es\\\/producto\\\/carros-de-servicio-fregado-manual-y-articulos-de-limpieza\\\/panos-no-tejido\\\/pack-105-ud-tork-premium-530-azul\\\/\",\"name\":\"PACK 105 UD. TORK PREMIUM 530 AZUL - C\u00d3DIGO: CR4040 - Meprolim\",\"isPartOf\":{\"@id\":\"https:\\\/\\\/meprolim.es\\\/fr\\\/#website\"},\"primaryImageOfPage\":{\"@id\":\"https:\\\/\\\/meprolim.es\\\/producto\\\/carros-de-servicio-fregado-manual-y-articulos-de-limpieza\\\/panos-no-tejido\\\/pack-105-ud-tork-premium-530-azul\\\/#primaryimage\"},\"image\":{\"@id\":\"https:\\\/\\\/meprolim.es\\\/producto\\\/carros-de-servicio-fregado-manual-y-articulos-de-limpieza\\\/panos-no-tejido\\\/pack-105-ud-tork-premium-530-azul\\\/#primaryimage\"},\"thumbnailUrl\":\"https:\\\/\\\/meprolim.es\\\/wp-content\\\/uploads\\\/2023\\\/04\\\/CR4040.jpg\",\"datePublished\":\"2023-04-13T16:30:09+00:00\",\"dateModified\":\"2023-04-13T16:49:36+00:00\",\"breadcrumb\":{\"@id\":\"https:\\\/\\\/meprolim.es\\\/producto\\\/carros-de-servicio-fregado-manual-y-articulos-de-limpieza\\\/panos-no-tejido\\\/pack-105-ud-tork-premium-530-azul\\\/#breadcrumb\"},\"inLanguage\":\"en-US\",\"potentialAction\":[{\"@type\":\"ReadAction\",\"target\":[\"https:\\\/\\\/meprolim.es\\\/producto\\\/carros-de-servicio-fregado-manual-y-articulos-de-limpieza\\\/panos-no-tejido\\\/pack-105-ud-tork-premium-530-azul\\\/\"]}]},{\"@type\":\"ImageObject\",\"inLanguage\":\"en-US\",\"@id\":\"https:\\\/\\\/meprolim.es\\\/producto\\\/carros-de-servicio-fregado-manual-y-articulos-de-limpieza\\\/panos-no-tejido\\\/pack-105-ud-tork-premium-530-azul\\\/#primaryimage\",\"url\":\"https:\\\/\\\/meprolim.es\\\/wp-content\\\/uploads\\\/2023\\\/04\\\/CR4040.jpg\",\"contentUrl\":\"https:\\\/\\\/meprolim.es\\\/wp-content\\\/uploads\\\/2023\\\/04\\\/CR4040.jpg\",\"width\":768,\"height\":768},{\"@type\":\"BreadcrumbList\",\"@id\":\"https:\\\/\\\/meprolim.es\\\/producto\\\/carros-de-servicio-fregado-manual-y-articulos-de-limpieza\\\/panos-no-tejido\\\/pack-105-ud-tork-premium-530-azul\\\/#breadcrumb\",\"itemListElement\":[{\"@type\":\"ListItem\",\"position\":1,\"name\":\"Portada\",\"item\":\"https:\\\/\\\/meprolim.es\\\/en\\\/\"},{\"@type\":\"ListItem\",\"position\":2,\"name\":\"Catalogue\",\"item\":\"https:\\\/\\\/meprolim.es\\\/en\\\/catalogue\\\/\"},{\"@type\":\"ListItem\",\"position\":3,\"name\":\"PACK 105 UD. TORK PREMIUM 530 AZUL &#8211; C\u00d3DIGO: CR4040\"}]},{\"@type\":\"WebSite\",\"@id\":\"https:\\\/\\\/meprolim.es\\\/fr\\\/#website\",\"url\":\"https:\\\/\\\/meprolim.es\\\/fr\\\/\",\"name\":\"Meprolim\",\"description\":\"Cavas Catalanas S.L.\",\"publisher\":{\"@id\":\"https:\\\/\\\/meprolim.es\\\/fr\\\/#organization\"},\"potentialAction\":[{\"@type\":\"SearchAction\",\"target\":{\"@type\":\"EntryPoint\",\"urlTemplate\":\"https:\\\/\\\/meprolim.es\\\/fr\\\/?s={search_term_string}\"},\"query-input\":{\"@type\":\"PropertyValueSpecification\",\"valueRequired\":true,\"valueName\":\"search_term_string\"}}],\"inLanguage\":\"en-US\"},{\"@type\":\"Organization\",\"@id\":\"https:\\\/\\\/meprolim.es\\\/fr\\\/#organization\",\"name\":\"Meprolim\",\"url\":\"https:\\\/\\\/meprolim.es\\\/fr\\\/\",\"logo\":{\"@type\":\"ImageObject\",\"inLanguage\":\"en-US\",\"@id\":\"https:\\\/\\\/meprolim.es\\\/fr\\\/#\\\/schema\\\/logo\\\/image\\\/\",\"url\":\"https:\\\/\\\/meprolim.es\\\/wp-content\\\/uploads\\\/2019\\\/07\\\/cropped-logo2.png\",\"contentUrl\":\"https:\\\/\\\/meprolim.es\\\/wp-content\\\/uploads\\\/2019\\\/07\\\/cropped-logo2.png\",\"width\":401,\"height\":162,\"caption\":\"Meprolim\"},\"image\":{\"@id\":\"https:\\\/\\\/meprolim.es\\\/fr\\\/#\\\/schema\\\/logo\\\/image\\\/\"}}]}<\/script>\n<!-- \/ Yoast SEO plugin. -->","yoast_head_json":{"title":"PACK 105 UD. TORK PREMIUM 530 AZUL - C\u00d3DIGO: CR4040 - Meprolim","robots":{"index":"index","follow":"follow","max-snippet":"max-snippet:-1","max-image-preview":"max-image-preview:large","max-video-preview":"max-video-preview:-1"},"canonical":"https:\/\/meprolim.es\/producto\/carros-de-servicio-fregado-manual-y-articulos-de-limpieza\/panos-no-tejido\/pack-105-ud-tork-premium-530-azul\/","og_locale":"en_US","og_type":"article","og_title":"PACK 105 UD. TORK PREMIUM 530 AZUL - C\u00d3DIGO: CR4040 - Meprolim","og_description":"Acaba f\u00e1cilmente con los derrames m\u00e1s dif\u00edciles con nuestro pa\u00f1o de limpieza grueso y absorbente. Gracias a su resistente dise\u00f1o, se puede utilizar con la mayor\u00eda de los disolventes y protege las manos para realizar las tareas de limpieza de forma segura y sin complicaciones. Est\u00e1 disponible en una caja Tork Easy Handling\u00ae que facilita el transporte, mejora la higiene con la dispensaci\u00f3n individual y minimiza los residuos. Adem\u00e1s, te permite reducir el impacto medioambiental de tu empresa: hemos reducido las emisiones de CO2 de los pa\u00f1os Tork exelCLEAN\u00ae en un 28\u00a0% desde 2011*, y el embalaje est\u00e1 fabricado con materiales reciclados. *\u00a0LCA (An\u00e1lisis del ciclo de vida, Life Cycle Analysis) realizado por Essity e IVL Svenska Milj\u00f6institutet en abril de 2021      El papel de color azul es m\u00e1s visible y ofrece trazabilidad en los materiales alimentarios, por lo que mejora la seguridad de la producci\u00f3n en el sector del procesamiento de alimentos  Estos pa\u00f1os reducen el tiempo de limpieza hasta en un 35\u00a0% y requieren hasta un 31\u00a0% menos de esfuerzo que los trapos de alquiler, ya que son adecuados para un uso repetido.  El dise\u00f1o resistente de estos pa\u00f1os protege las manos del calor y los desechos met\u00e1licos en entornos industriales.  Mejora la sostenibilidad de tus operaciones: el embalaje de este producto est\u00e1 fabricado con fibras recicladas al 100\u00a0% y al menos un 30\u00a0% de pl\u00e1stico reciclado.    SKU: CR4040","og_url":"https:\/\/meprolim.es\/producto\/carros-de-servicio-fregado-manual-y-articulos-de-limpieza\/panos-no-tejido\/pack-105-ud-tork-premium-530-azul\/","og_site_name":"Meprolim","article_modified_time":"2023-04-13T16:49:36+00:00","og_image":[{"width":768,"height":768,"url":"https:\/\/meprolim.es\/wp-content\/uploads\/2023\/04\/CR4040.jpg","type":"image\/jpeg"}],"twitter_card":"summary_large_image","twitter_misc":{"Est. reading time":"1 minute"},"schema":{"@context":"https:\/\/schema.org","@graph":[{"@type":"WebPage","@id":"https:\/\/meprolim.es\/producto\/carros-de-servicio-fregado-manual-y-articulos-de-limpieza\/panos-no-tejido\/pack-105-ud-tork-premium-530-azul\/","url":"https:\/\/meprolim.es\/producto\/carros-de-servicio-fregado-manual-y-articulos-de-limpieza\/panos-no-tejido\/pack-105-ud-tork-premium-530-azul\/","name":"PACK 105 UD. TORK PREMIUM 530 AZUL - C\u00d3DIGO: CR4040 - Meprolim","isPartOf":{"@id":"https:\/\/meprolim.es\/fr\/#website"},"primaryImageOfPage":{"@id":"https:\/\/meprolim.es\/producto\/carros-de-servicio-fregado-manual-y-articulos-de-limpieza\/panos-no-tejido\/pack-105-ud-tork-premium-530-azul\/#primaryimage"},"image":{"@id":"https:\/\/meprolim.es\/producto\/carros-de-servicio-fregado-manual-y-articulos-de-limpieza\/panos-no-tejido\/pack-105-ud-tork-premium-530-azul\/#primaryimage"},"thumbnailUrl":"https:\/\/meprolim.es\/wp-content\/uploads\/2023\/04\/CR4040.jpg","datePublished":"2023-04-13T16:30:09+00:00","dateModified":"2023-04-13T16:49:36+00:00","breadcrumb":{"@id":"https:\/\/meprolim.es\/producto\/carros-de-servicio-fregado-manual-y-articulos-de-limpieza\/panos-no-tejido\/pack-105-ud-tork-premium-530-azul\/#breadcrumb"},"inLanguage":"en-US","potentialAction":[{"@type":"ReadAction","target":["https:\/\/meprolim.es\/producto\/carros-de-servicio-fregado-manual-y-articulos-de-limpieza\/panos-no-tejido\/pack-105-ud-tork-premium-530-azul\/"]}]},{"@type":"ImageObject","inLanguage":"en-US","@id":"https:\/\/meprolim.es\/producto\/carros-de-servicio-fregado-manual-y-articulos-de-limpieza\/panos-no-tejido\/pack-105-ud-tork-premium-530-azul\/#primaryimage","url":"https:\/\/meprolim.es\/wp-content\/uploads\/2023\/04\/CR4040.jpg","contentUrl":"https:\/\/meprolim.es\/wp-content\/uploads\/2023\/04\/CR4040.jpg","width":768,"height":768},{"@type":"BreadcrumbList","@id":"https:\/\/meprolim.es\/producto\/carros-de-servicio-fregado-manual-y-articulos-de-limpieza\/panos-no-tejido\/pack-105-ud-tork-premium-530-azul\/#breadcrumb","itemListElement":[{"@type":"ListItem","position":1,"name":"Portada","item":"https:\/\/meprolim.es\/en\/"},{"@type":"ListItem","position":2,"name":"Catalogue","item":"https:\/\/meprolim.es\/en\/catalogue\/"},{"@type":"ListItem","position":3,"name":"PACK 105 UD. TORK PREMIUM 530 AZUL &#8211; C\u00d3DIGO: CR4040"}]},{"@type":"WebSite","@id":"https:\/\/meprolim.es\/fr\/#website","url":"https:\/\/meprolim.es\/fr\/","name":"Meprolim","description":"Cavas Catalanas S.L.","publisher":{"@id":"https:\/\/meprolim.es\/fr\/#organization"},"potentialAction":[{"@type":"SearchAction","target":{"@type":"EntryPoint","urlTemplate":"https:\/\/meprolim.es\/fr\/?s={search_term_string}"},"query-input":{"@type":"PropertyValueSpecification","valueRequired":true,"valueName":"search_term_string"}}],"inLanguage":"en-US"},{"@type":"Organization","@id":"https:\/\/meprolim.es\/fr\/#organization","name":"Meprolim","url":"https:\/\/meprolim.es\/fr\/","logo":{"@type":"ImageObject","inLanguage":"en-US","@id":"https:\/\/meprolim.es\/fr\/#\/schema\/logo\/image\/","url":"https:\/\/meprolim.es\/wp-content\/uploads\/2019\/07\/cropped-logo2.png","contentUrl":"https:\/\/meprolim.es\/wp-content\/uploads\/2019\/07\/cropped-logo2.png","width":401,"height":162,"caption":"Meprolim"},"image":{"@id":"https:\/\/meprolim.es\/fr\/#\/schema\/logo\/image\/"}}]}},"_links":{"self":[{"href":"https:\/\/meprolim.es\/en\/wp-json\/wp\/v2\/product\/23466","targetHints":{"allow":["GET"]}}],"collection":[{"href":"https:\/\/meprolim.es\/en\/wp-json\/wp\/v2\/product"}],"about":[{"href":"https:\/\/meprolim.es\/en\/wp-json\/wp\/v2\/types\/product"}],"wp:featuredmedia":[{"embeddable":true,"href":"https:\/\/meprolim.es\/en\/wp-json\/wp\/v2\/media\/23462"}],"wp:attachment":[{"href":"https:\/\/meprolim.es\/en\/wp-json\/wp\/v2\/media?parent=23466"}],"wp:term":[{"taxonomy":"product_brand","embeddable":true,"href":"https:\/\/meprolim.es\/en\/wp-json\/wp\/v2\/product_brand?post=23466"},{"taxonomy":"product_cat","embeddable":true,"href":"https:\/\/meprolim.es\/en\/wp-json\/wp\/v2\/product_cat?post=23466"},{"taxonomy":"product_tag","embeddable":true,"href":"https:\/\/meprolim.es\/en\/wp-json\/wp\/v2\/product_tag?post=23466"}],"curies":[{"name":"wp","href":"https:\/\/api.w.org\/{rel}","templated":true}]}}